{"id":11006,"date":"2009-05-06T11:43:24","date_gmt":"2009-05-06T16:43:24","guid":{"rendered":"https:\/\/nautilus.se\/contact\/"},"modified":"2023-08-28T11:48:21","modified_gmt":"2023-08-28T10:48:21","slug":"contact","status":"publish","type":"page","link":"https:\/\/nautilus.se\/eng\/contact\/","title":{"rendered":"Contact us"},"content":{"rendered":"\t\t<div data-elementor-type=\"wp-page\" data-elementor-id=\"11006\" class=\"elementor elementor-11006\" data-elementor-post-type=\"page\">\n\t\t\t\t\t\t<section class=\"elementor-section elementor-top-section elementor-element elementor-element-4cd6c750 elementor-section-boxed elementor-section-height-default elementor-section-height-default\" data-id=\"4cd6c750\" data-element_type=\"section\" data-e-type=\"section\">\n\t\t\t\t\t\t<div class=\"elementor-container elementor-column-gap-default\">\n\t\t\t\t\t\t<\/div>\n\t\t<\/section>\n\t\t\t\t<section class=\"elementor-section elementor-top-section elementor-element elementor-element-6996581f elementor-section-boxed elementor-section-height-default elementor-section-height-default\" data-id=\"6996581f\" data-element_type=\"section\" data-e-type=\"section\">\n\t\t\t\t\t\t<div class=\"elementor-container elementor-column-gap-wider\">\n\t\t\t\t\t<div class=\"elementor-column elementor-col-50 elementor-top-column elementor-element elementor-element-5bfeac10\" data-id=\"5bfeac10\" data-element_type=\"column\" data-e-type=\"column\">\n\t\t\t<div class=\"elementor-widget-wrap elementor-element-populated\">\n\t\t\t\t\t\t<div class=\"elementor-element elementor-element-64aa9db3 elementor-widget elementor-widget-google_maps\" data-id=\"64aa9db3\" data-element_type=\"widget\" data-e-type=\"widget\" data-widget_type=\"google_maps.default\">\n\t\t\t\t<div class=\"elementor-widget-container\">\n\t\t\t\t\t\t\t<div class=\"elementor-custom-embed\">\n\t\t\t<iframe loading=\"lazy\"\n\t\t\t\t\tsrc=\"https:\/\/maps.google.com\/maps?q=nautilus%20boat%20club&#038;t=m&#038;z=14&#038;output=embed&#038;iwloc=near\"\n\t\t\t\t\ttitle=\"nautilus boat club\"\n\t\t\t\t\taria-label=\"nautilus boat club\"\n\t\t\t><\/iframe>\n\t\t<\/div>\n\t\t\t\t\t\t<\/div>\n\t\t\t\t<\/div>\n\t\t\t\t<section class=\"elementor-section elementor-inner-section elementor-element elementor-element-47203ff6 elementor-section-boxed elementor-section-height-default elementor-section-height-default\" data-id=\"47203ff6\" data-element_type=\"section\" data-e-type=\"section\">\n\t\t\t\t\t\t<div class=\"elementor-container elementor-column-gap-no\">\n\t\t\t\t\t<div class=\"elementor-column elementor-col-50 elementor-inner-column elementor-element elementor-element-57fb56e8\" data-id=\"57fb56e8\" data-element_type=\"column\" data-e-type=\"column\">\n\t\t\t<div class=\"elementor-widget-wrap elementor-element-populated\">\n\t\t\t\t\t\t<div class=\"elementor-element elementor-element-45f2d34b elementor-widget elementor-widget-text-editor\" data-id=\"45f2d34b\" data-element_type=\"widget\" data-e-type=\"widget\" data-widget_type=\"text-editor.default\">\n\t\t\t\t<div class=\"elementor-widget-container\">\n\t\t\t\t\t\t\t\t\t<h4>Bes\u00f6ksadress<\/h4><p>G\u00e4sthamnen i Gustavsberg<br \/>Odelbergs v\u00e4g 4<br \/>134 40 Gustavsberg<\/p><p><span style=\"font-family: var( --e-global-typography-text-font-family ), Sans-serif; font-weight: var( --e-global-typography-text-font-weight );\"><br \/>Kontoret \u00e4r oregelbundet bemannat september-maj, s\u00e5 ring i f\u00f6rv\u00e4g!<br \/><\/span><span style=\"font-family: var( --e-global-typography-text-font-family ), Sans-serif; font-weight: var( --e-global-typography-text-font-weight );\">Telefontid vardagar kl9-18<br \/>08-120 577 90<br \/><\/span><span style=\"font-family: var( --e-global-typography-text-font-family ), Sans-serif; font-weight: var( --e-global-typography-text-font-weight );\">Email:\u00a0<\/span><a style=\"font-family: var( --e-global-typography-text-font-family ), Sans-serif; font-weight: var( --e-global-typography-text-font-weight ); background-color: #ffffff;\" href=\"mailto:info@nautilus.se\">info@nautilus.se<\/a><\/p>\t\t\t\t\t\t\t\t<\/div>\n\t\t\t\t<\/div>\n\t\t\t\t\t<\/div>\n\t\t<\/div>\n\t\t\t\t<div class=\"elementor-column elementor-col-50 elementor-inner-column elementor-element elementor-element-6480840f\" data-id=\"6480840f\" data-element_type=\"column\" data-e-type=\"column\">\n\t\t\t<div class=\"elementor-widget-wrap elementor-element-populated\">\n\t\t\t\t\t\t<div class=\"elementor-element elementor-element-6da1601 elementor-widget elementor-widget-text-editor\" data-id=\"6da1601\" data-element_type=\"widget\" data-e-type=\"widget\" data-widget_type=\"text-editor.default\">\n\t\t\t\t<div class=\"elementor-widget-container\">\n\t\t\t\t\t\t\t\t\t<h4>Postadress<\/h4><p>Nautilus Boat Club AB<br \/>\u00d6strandsv\u00e4gen 54<br \/>12243 Enskede<\/p>\t\t\t\t\t\t\t\t<\/div>\n\t\t\t\t<\/div>\n\t\t\t\t\t<\/div>\n\t\t<\/div>\n\t\t\t\t\t<\/div>\n\t\t<\/section>\n\t\t\t\t\t<\/div>\n\t\t<\/div>\n\t\t\t\t<div class=\"elementor-column elementor-col-50 elementor-top-column elementor-element elementor-element-503e42b8\" data-id=\"503e42b8\" data-element_type=\"column\" data-e-type=\"column\">\n\t\t\t<div class=\"elementor-widget-wrap elementor-element-populated\">\n\t\t\t\t\t\t<div class=\"elementor-element elementor-element-9655db3 elementor-button-align-center elementor-widget elementor-widget-form\" data-id=\"9655db3\" data-element_type=\"widget\" data-e-type=\"widget\" data-settings=\"{&quot;step_next_label&quot;:&quot;Next&quot;,&quot;step_previous_label&quot;:&quot;Previous&quot;,&quot;button_width&quot;:&quot;100&quot;,&quot;step_type&quot;:&quot;number_text&quot;,&quot;step_icon_shape&quot;:&quot;circle&quot;}\" data-widget_type=\"form.default\">\n\t\t\t\t<div class=\"elementor-widget-container\">\n\t\t\t\t\t\t\t<form class=\"elementor-form\" method=\"post\" name=\"New Form\" aria-label=\"New Form\">\n\t\t\t<input type=\"hidden\" name=\"post_id\" value=\"11006\"\/>\n\t\t\t<input type=\"hidden\" name=\"form_id\" value=\"9655db3\"\/>\n\t\t\t<input type=\"hidden\" name=\"referer_title\" value=\"Kontakta oss | Nautilus Boat Club\" \/>\n\n\t\t\t\t\t\t\t<input type=\"hidden\" name=\"queried_id\" value=\"11006\"\/>\n\t\t\t\n\t\t\t<div class=\"elementor-form-fields-wrapper elementor-labels-\">\n\t\t\t\t\t\t\t\t<div class=\"elementor-field-type-text elementor-field-group elementor-column elementor-field-group-name elementor-col-100\">\n\t\t\t\t\t\t\t\t\t\t\t\t<label for=\"form-field-name\" class=\"elementor-field-label elementor-screen-only\">\n\t\t\t\t\t\t\t\tNamn\t\t\t\t\t\t\t<\/label>\n\t\t\t\t\t\t\t\t\t\t\t\t\t\t<input size=\"1\" type=\"text\" name=\"form_fields[name]\" id=\"form-field-name\" class=\"elementor-field elementor-size-sm  elementor-field-textual\" placeholder=\"Ditt namn\">\n\t\t\t\t\t\t\t\t\t\t\t<\/div>\n\t\t\t\t\t\t\t\t<div class=\"elementor-field-type-email elementor-field-group elementor-column elementor-field-group-email elementor-col-100 elementor-field-required\">\n\t\t\t\t\t\t\t\t\t\t\t\t<label for=\"form-field-email\" class=\"elementor-field-label elementor-screen-only\">\n\t\t\t\t\t\t\t\tEmail\t\t\t\t\t\t\t<\/label>\n\t\t\t\t\t\t\t\t\t\t\t\t\t\t<input size=\"1\" type=\"email\" name=\"form_fields[email]\" id=\"form-field-email\" class=\"elementor-field elementor-size-sm  elementor-field-textual\" placeholder=\"Din email\" required=\"required\">\n\t\t\t\t\t\t\t\t\t\t\t<\/div>\n\t\t\t\t\t\t\t\t<div class=\"elementor-field-type-tel elementor-field-group elementor-column elementor-field-group-field_1d156ed elementor-col-100\">\n\t\t\t\t\t\t\t\t\t\t\t\t<label for=\"form-field-field_1d156ed\" class=\"elementor-field-label elementor-screen-only\">\n\t\t\t\t\t\t\t\tTelefonnummer\t\t\t\t\t\t\t<\/label>\n\t\t\t\t\t\t\t\t<input size=\"1\" type=\"tel\" name=\"form_fields[field_1d156ed]\" id=\"form-field-field_1d156ed\" class=\"elementor-field elementor-size-sm  elementor-field-textual\" placeholder=\"Ditt telefonnummer\" pattern=\"[0-9()#&amp;+*-=.]+\" title=\"Endast siffror och telefontecken (#, -, *, etc) accepteras.\">\n\n\t\t\t\t\t\t<\/div>\n\t\t\t\t\t\t\t\t<div class=\"elementor-field-type-textarea elementor-field-group elementor-column elementor-field-group-message elementor-col-100\">\n\t\t\t\t\t\t\t\t\t\t\t\t<label for=\"form-field-message\" class=\"elementor-field-label elementor-screen-only\">\n\t\t\t\t\t\t\t\tMeddelande\t\t\t\t\t\t\t<\/label>\n\t\t\t\t\t\t<textarea class=\"elementor-field-textual elementor-field  elementor-size-sm\" name=\"form_fields[message]\" id=\"form-field-message\" rows=\"4\" placeholder=\"Hej Nautilus,\"><\/textarea>\t\t\t\t<\/div>\n\t\t\t\t\t\t\t\t<div class=\"elementor-field-group elementor-column elementor-field-type-submit elementor-col-100 e-form__buttons\">\n\t\t\t\t\t<button class=\"elementor-button elementor-size-sm\" type=\"submit\">\n\t\t\t\t\t\t<span class=\"elementor-button-content-wrapper\">\n\t\t\t\t\t\t\t\t\t\t\t\t\t\t\t\t\t\t\t\t\t\t<span class=\"elementor-button-text\">Skicka<\/span>\n\t\t\t\t\t\t\t\t\t\t\t\t\t<\/span>\n\t\t\t\t\t<\/button>\n\t\t\t\t<\/div>\n\t\t\t<\/div>\n\t\t<\/form>\n\t\t\t\t\t\t<\/div>\n\t\t\t\t<\/div>\n\t\t\t\t\t<\/div>\n\t\t<\/div>\n\t\t\t\t\t<\/div>\n\t\t<\/section>\n\t\t\t\t<section class=\"elementor-section elementor-top-section elementor-element elementor-element-1db23261 elementor-section-boxed elementor-section-height-default elementor-section-height-default\" data-id=\"1db23261\" data-element_type=\"section\" data-e-type=\"section\">\n\t\t\t\t\t\t<div class=\"elementor-container elementor-column-gap-default\">\n\t\t\t\t\t\t<\/div>\n\t\t<\/section>\n\t\t\t\t<section class=\"elementor-section elementor-top-section elementor-element elementor-element-7eb6e2f4 elementor-section-full_width elementor-section-height-default elementor-section-height-default\" data-id=\"7eb6e2f4\" data-element_type=\"section\" data-e-type=\"section\" data-settings=\"{&quot;background_background&quot;:&quot;classic&quot;}\">\n\t\t\t\t\t\t<div class=\"elementor-container elementor-column-gap-default\">\n\t\t\t\t\t<div class=\"elementor-column elementor-col-100 elementor-top-column elementor-element elementor-element-7db5bc72\" data-id=\"7db5bc72\" data-element_type=\"column\" data-e-type=\"column\" data-settings=\"{&quot;background_background&quot;:&quot;classic&quot;}\">\n\t\t\t<div class=\"elementor-widget-wrap elementor-element-populated\">\n\t\t\t\t\t\t<div class=\"elementor-element elementor-element-58cd7f8e elementor-widget elementor-widget-heading\" data-id=\"58cd7f8e\" data-element_type=\"widget\" data-e-type=\"widget\" data-widget_type=\"heading.default\">\n\t\t\t\t<div class=\"elementor-widget-container\">\n\t\t\t\t\t<h2 class=\"elementor-heading-title elementor-size-default\">Navigera till oss<\/h2>\t\t\t\t<\/div>\n\t\t\t\t<\/div>\n\t\t\t\t<div class=\"elementor-element elementor-element-79431993 elementor-widget-tablet__width-inherit elementor-widget-mobile__width-inherit elementor-widget elementor-widget-text-editor\" data-id=\"79431993\" data-element_type=\"widget\" data-e-type=\"widget\" data-widget_type=\"text-editor.default\">\n\t\t\t\t<div class=\"elementor-widget-container\">\n\t\t\t\t\t\t\t\t\t<p><em>Odelbergs v\u00e4g 4, 134 40 Gustavsberg, V\u00e4rmd\u00f6<\/em><\/p>\t\t\t\t\t\t\t\t<\/div>\n\t\t\t\t<\/div>\n\t\t\t\t<div class=\"elementor-element elementor-element-393ff694 elementor-widget elementor-widget-google_maps\" data-id=\"393ff694\" data-element_type=\"widget\" data-e-type=\"widget\" data-widget_type=\"google_maps.default\">\n\t\t\t\t<div class=\"elementor-widget-container\">\n\t\t\t\t\t\t\t<div class=\"elementor-custom-embed\">\n\t\t\t<iframe loading=\"lazy\"\n\t\t\t\t\tsrc=\"https:\/\/maps.google.com\/maps?q=Nautilus%20Boat%20Club&#038;t=m&#038;z=14&#038;output=embed&#038;iwloc=near\"\n\t\t\t\t\ttitle=\"Nautilus Boat Club\"\n\t\t\t\t\taria-label=\"Nautilus Boat Club\"\n\t\t\t><\/iframe>\n\t\t<\/div>\n\t\t\t\t\t\t<\/div>\n\t\t\t\t<\/div>\n\t\t\t\t\t<\/div>\n\t\t<\/div>\n\t\t\t\t\t<\/div>\n\t\t<\/section>\n\t\t\t\t<section class=\"elementor-section elementor-top-section elementor-element elementor-element-eeb0d8a elementor-section-full_width elementor-section-height-default elementor-section-height-default\" data-id=\"eeb0d8a\" data-element_type=\"section\" data-e-type=\"section\" data-settings=\"{&quot;background_background&quot;:&quot;classic&quot;}\">\n\t\t\t\t\t\t\t<div class=\"elementor-background-overlay\"><\/div>\n\t\t\t\t\t\t\t<div class=\"elementor-container elementor-column-gap-no\">\n\t\t\t\t\t<div class=\"elementor-column elementor-col-100 elementor-top-column elementor-element elementor-element-27dcf49\" data-id=\"27dcf49\" data-element_type=\"column\" data-e-type=\"column\">\n\t\t\t<div class=\"elementor-widget-wrap elementor-element-populated\">\n\t\t\t\t\t\t<div class=\"elementor-element elementor-element-05863f9 elementor-cta--layout-image-right elementor-cta--valign-middle elementor-cta--mobile-layout-image-above elementor-cta--skin-classic elementor-bg-transform elementor-bg-transform-zoom-in elementor-widget elementor-widget-call-to-action\" data-id=\"05863f9\" data-element_type=\"widget\" data-e-type=\"widget\" data-widget_type=\"call-to-action.default\">\n\t\t\t\t<div class=\"elementor-widget-container\">\n\t\t\t\t\t\t\t<a class=\"elementor-cta\" href=\"https:\/\/nautilus.se\/boat-club-partner\/\">\n\t\t\t\t\t<div class=\"elementor-cta__bg-wrapper\">\n\t\t\t\t<div class=\"elementor-cta__bg elementor-bg\" style=\"background-image: url(https:\/\/nautilus.se\/wp-content\/uploads\/2022\/02\/Mobiltelefon-pa-bat.jpg);\" role=\"img\" aria-label=\"Min b\u00e5tsida\"><\/div>\n\t\t\t\t<div class=\"elementor-cta__bg-overlay\"><\/div>\n\t\t\t<\/div>\n\t\t\t\t\t\t\t<div class=\"elementor-cta__content\">\n\t\t\t\t\n\t\t\t\t\t\t\t\t\t<span class=\"elementor-cta__title elementor-cta__content-item elementor-content-item\">\n\t\t\t\t\t\tBoat Club Partner\t\t\t\t\t<\/span>\n\t\t\t\t\n\t\t\t\t\t\t\t\t\t<div class=\"elementor-cta__description elementor-cta__content-item elementor-content-item\">\n\t\t\t\t\t\tVi samarbetar med flera akt\u00f6rer inom b\u00e5tlivet och p\u00e5 andra omr\u00e5den f\u00f6r att erbjuda v\u00e5ra kunder en s\u00e5 bra tj\u00e4nst som m\u00f6jligt.\nVill du ocks\u00e5 bli v\u00e5r samarbetspartner s\u00e5 kontakta oss g\u00e4rna!\t\t\t\t\t<\/div>\n\t\t\t\t\n\t\t\t\t\t\t\t\t\t<div class=\"elementor-cta__button-wrapper elementor-cta__content-item elementor-content-item \">\n\t\t\t\t\t<span class=\"elementor-cta__button elementor-button elementor-size-\">\n\t\t\t\t\t\tL\u00c4S MERA\t\t\t\t\t<\/span>\n\t\t\t\t\t<\/div>\n\t\t\t\t\t\t\t<\/div>\n\t\t\t\t\t\t<\/a>\n\t\t\t\t\t\t<\/div>\n\t\t\t\t<\/div>\n\t\t\t\t\t<\/div>\n\t\t<\/div>\n\t\t\t\t\t<\/div>\n\t\t<\/section>\n\t\t\t\t<\/div>\n\t\t","protected":false},"excerpt":{"rendered":"<p>Bes\u00f6ksadress G\u00e4sthamnen i GustavsbergOdelbergs v\u00e4g 4134 40 Gustavsberg Kontoret \u00e4r oregelbundet bemannat september-maj, s\u00e5 ring i f\u00f6rv\u00e4g!Telefontid vardagar kl9-1808-120 577 90Email:\u00a0info@nautilus.se Postadress Nautilus Boat Club AB\u00d6strandsv\u00e4gen 5412243 Enskede Navigera till oss Odelbergs v\u00e4g 4, 134 40 Gustavsberg, V\u00e4rmd\u00f6 Boat Club Partner Vi samarbetar med flera akt\u00f6rer inom b\u00e5tlivet och p\u00e5 [&hellip;]<\/p>\n","protected":false},"author":21,"featured_media":13663,"parent":0,"menu_order":0,"comment_status":"closed","ping_status":"closed","template":"page-templates\/full-width-builder-bb.php","meta":{"inspiro_page_layout":"narrow","inspiro_hide_title":false,"footnotes":""},"class_list":["post-11006","page","type-page","status-publish","has-post-thumbnail","hentry"],"yoast_head":"<!-- This site is optimized with the Yoast SEO Premium plugin v27.4 (Yoast SEO v27.5) - https:\/\/yoast.com\/product\/yoast-seo-premium-wordpress\/ -->\n<title>Kontakta oss | Nautilus Boat Club<\/title>\n<meta name=\"description\" content=\"Ring, emaila eller bes\u00f6k oss p\u00e5 v\u00e5rt kontor i Gustavsbergs g\u00e4sthamn. V\u00e4lj Nautilus Boat Club f\u00f6r ett enkelt, m\u00e5ngsidigt och roligt b\u00e5tliv!\" \/>\n<meta name=\"robots\" content=\"index, follow, max-snippet:-1, max-image-preview:large, max-video-preview:-1\" \/>\n<link rel=\"canonical\" href=\"https:\/\/nautilus.se\/eng\/contact\/\" \/>\n<meta property=\"og:locale\" content=\"en_US\" \/>\n<meta property=\"og:type\" content=\"article\" \/>\n<meta property=\"og:title\" content=\"Kontakta oss\" \/>\n<meta property=\"og:description\" content=\"Ring, emaila eller bes\u00f6k oss p\u00e5 v\u00e5rt kontor i Gustavsbergs g\u00e4sthamn. V\u00e4lj Nautilus Boat Club f\u00f6r ett enkelt, m\u00e5ngsidigt och roligt b\u00e5tliv!\" \/>\n<meta property=\"og:url\" content=\"https:\/\/nautilus.se\/eng\/contact\/\" \/>\n<meta property=\"og:site_name\" content=\"Nautilus Boat Club\" \/>\n<meta property=\"article:publisher\" content=\"https:\/\/www.facebook.com\/nautilusboatclub\/\" \/>\n<meta property=\"article:modified_time\" content=\"2023-08-28T10:48:21+00:00\" \/>\n<meta property=\"og:image\" content=\"https:\/\/nautilus.se\/wp-content\/uploads\/2022\/02\/Nautilus-kontor.jpg\" \/>\n\t<meta property=\"og:image:width\" content=\"2016\" \/>\n\t<meta property=\"og:image:height\" content=\"1134\" \/>\n\t<meta property=\"og:image:type\" content=\"image\/jpeg\" \/>\n<meta name=\"twitter:card\" content=\"summary_large_image\" \/>\n<meta name=\"twitter:label1\" content=\"Est. reading time\" \/>\n\t<meta name=\"twitter:data1\" content=\"1 minute\" \/>\n<script type=\"application\/ld+json\" class=\"yoast-schema-graph\">{\"@context\":\"https:\\\/\\\/schema.org\",\"@graph\":[{\"@type\":\"WebPage\",\"@id\":\"https:\\\/\\\/nautilus.se\\\/contact\\\/\",\"url\":\"https:\\\/\\\/nautilus.se\\\/contact\\\/\",\"name\":\"Kontakta oss | Nautilus Boat Club\",\"isPartOf\":{\"@id\":\"https:\\\/\\\/nautilus.se\\\/#website\"},\"primaryImageOfPage\":{\"@id\":\"https:\\\/\\\/nautilus.se\\\/contact\\\/#primaryimage\"},\"image\":{\"@id\":\"https:\\\/\\\/nautilus.se\\\/contact\\\/#primaryimage\"},\"thumbnailUrl\":\"https:\\\/\\\/nautilus.se\\\/wp-content\\\/uploads\\\/2022\\\/02\\\/Nautilus-kontor.jpg\",\"datePublished\":\"2009-05-06T16:43:24+00:00\",\"dateModified\":\"2023-08-28T10:48:21+00:00\",\"description\":\"Ring, emaila eller bes\u00f6k oss p\u00e5 v\u00e5rt kontor i Gustavsbergs g\u00e4sthamn. V\u00e4lj Nautilus Boat Club f\u00f6r ett enkelt, m\u00e5ngsidigt och roligt b\u00e5tliv!\",\"breadcrumb\":{\"@id\":\"https:\\\/\\\/nautilus.se\\\/contact\\\/#breadcrumb\"},\"inLanguage\":\"en-US\",\"potentialAction\":[{\"@type\":\"ReadAction\",\"target\":[\"https:\\\/\\\/nautilus.se\\\/contact\\\/\"]}]},{\"@type\":\"ImageObject\",\"inLanguage\":\"en-US\",\"@id\":\"https:\\\/\\\/nautilus.se\\\/contact\\\/#primaryimage\",\"url\":\"https:\\\/\\\/nautilus.se\\\/wp-content\\\/uploads\\\/2022\\\/02\\\/Nautilus-kontor.jpg\",\"contentUrl\":\"https:\\\/\\\/nautilus.se\\\/wp-content\\\/uploads\\\/2022\\\/02\\\/Nautilus-kontor.jpg\",\"width\":2016,\"height\":1134,\"caption\":\"Nautilus Boat Club kontor\"},{\"@type\":\"BreadcrumbList\",\"@id\":\"https:\\\/\\\/nautilus.se\\\/contact\\\/#breadcrumb\",\"itemListElement\":[{\"@type\":\"ListItem\",\"position\":1,\"name\":\"Home\",\"item\":\"https:\\\/\\\/nautilus.se\\\/\"},{\"@type\":\"ListItem\",\"position\":2,\"name\":\"Kontakta oss\"}]},{\"@type\":\"WebSite\",\"@id\":\"https:\\\/\\\/nautilus.se\\\/#website\",\"url\":\"https:\\\/\\\/nautilus.se\\\/\",\"name\":\"Nautilus Boat Club\",\"description\":\"H\u00e4r kan du hyra b\u00e5t, dela b\u00e5t, del\u00e4ga b\u00e5t och vara med i b\u00e5tpool.\",\"publisher\":{\"@id\":\"https:\\\/\\\/nautilus.se\\\/#organization\"},\"potentialAction\":[{\"@type\":\"SearchAction\",\"target\":{\"@type\":\"EntryPoint\",\"urlTemplate\":\"https:\\\/\\\/nautilus.se\\\/?s={search_term_string}\"},\"query-input\":{\"@type\":\"PropertyValueSpecification\",\"valueRequired\":true,\"valueName\":\"search_term_string\"}}],\"inLanguage\":\"en-US\"},{\"@type\":\"Organization\",\"@id\":\"https:\\\/\\\/nautilus.se\\\/#organization\",\"name\":\"Nautilus Boat Club AB\",\"alternateName\":\"Nautilus Boat Club\",\"url\":\"https:\\\/\\\/nautilus.se\\\/\",\"logo\":{\"@type\":\"ImageObject\",\"inLanguage\":\"en-US\",\"@id\":\"https:\\\/\\\/nautilus.se\\\/#\\\/schema\\\/logo\\\/image\\\/\",\"url\":\"https:\\\/\\\/nautilus.se\\\/wp-content\\\/uploads\\\/2022\\\/10\\\/Nautilus-shell-blue-back-w-logo.png\",\"contentUrl\":\"https:\\\/\\\/nautilus.se\\\/wp-content\\\/uploads\\\/2022\\\/10\\\/Nautilus-shell-blue-back-w-logo.png\",\"width\":1755,\"height\":1130,\"caption\":\"Nautilus Boat Club AB\"},\"image\":{\"@id\":\"https:\\\/\\\/nautilus.se\\\/#\\\/schema\\\/logo\\\/image\\\/\"},\"sameAs\":[\"https:\\\/\\\/www.facebook.com\\\/nautilusboatclub\\\/\",\"https:\\\/\\\/www.instagram.com\\\/nautilusboatclub\\\/\",\"https:\\\/\\\/www.linkedin.com\\\/company\\\/4998214\\\/admin\\\/\",\"https:\\\/\\\/www.youtube.com\\\/channel\\\/UCrhrs3yv-t72B5igMm2keKQ\\\/videos?app=desktop\"]}]}<\/script>\n<!-- \/ Yoast SEO Premium plugin. -->","yoast_head_json":{"title":"Kontakta oss | Nautilus Boat Club","description":"Ring, emaila eller bes\u00f6k oss p\u00e5 v\u00e5rt kontor i Gustavsbergs g\u00e4sthamn. V\u00e4lj Nautilus Boat Club f\u00f6r ett enkelt, m\u00e5ngsidigt och roligt b\u00e5tliv!","robots":{"index":"index","follow":"follow","max-snippet":"max-snippet:-1","max-image-preview":"max-image-preview:large","max-video-preview":"max-video-preview:-1"},"canonical":"https:\/\/nautilus.se\/eng\/contact\/","og_locale":"en_US","og_type":"article","og_title":"Kontakta oss","og_description":"Ring, emaila eller bes\u00f6k oss p\u00e5 v\u00e5rt kontor i Gustavsbergs g\u00e4sthamn. V\u00e4lj Nautilus Boat Club f\u00f6r ett enkelt, m\u00e5ngsidigt och roligt b\u00e5tliv!","og_url":"https:\/\/nautilus.se\/eng\/contact\/","og_site_name":"Nautilus Boat Club","article_publisher":"https:\/\/www.facebook.com\/nautilusboatclub\/","article_modified_time":"2023-08-28T10:48:21+00:00","og_image":[{"width":2016,"height":1134,"url":"https:\/\/nautilus.se\/wp-content\/uploads\/2022\/02\/Nautilus-kontor.jpg","type":"image\/jpeg"}],"twitter_card":"summary_large_image","twitter_misc":{"Est. reading time":"1 minute"},"schema":{"@context":"https:\/\/schema.org","@graph":[{"@type":"WebPage","@id":"https:\/\/nautilus.se\/contact\/","url":"https:\/\/nautilus.se\/contact\/","name":"Kontakta oss | Nautilus Boat Club","isPartOf":{"@id":"https:\/\/nautilus.se\/#website"},"primaryImageOfPage":{"@id":"https:\/\/nautilus.se\/contact\/#primaryimage"},"image":{"@id":"https:\/\/nautilus.se\/contact\/#primaryimage"},"thumbnailUrl":"https:\/\/nautilus.se\/wp-content\/uploads\/2022\/02\/Nautilus-kontor.jpg","datePublished":"2009-05-06T16:43:24+00:00","dateModified":"2023-08-28T10:48:21+00:00","description":"Ring, emaila eller bes\u00f6k oss p\u00e5 v\u00e5rt kontor i Gustavsbergs g\u00e4sthamn. V\u00e4lj Nautilus Boat Club f\u00f6r ett enkelt, m\u00e5ngsidigt och roligt b\u00e5tliv!","breadcrumb":{"@id":"https:\/\/nautilus.se\/contact\/#breadcrumb"},"inLanguage":"en-US","potentialAction":[{"@type":"ReadAction","target":["https:\/\/nautilus.se\/contact\/"]}]},{"@type":"ImageObject","inLanguage":"en-US","@id":"https:\/\/nautilus.se\/contact\/#primaryimage","url":"https:\/\/nautilus.se\/wp-content\/uploads\/2022\/02\/Nautilus-kontor.jpg","contentUrl":"https:\/\/nautilus.se\/wp-content\/uploads\/2022\/02\/Nautilus-kontor.jpg","width":2016,"height":1134,"caption":"Nautilus Boat Club kontor"},{"@type":"BreadcrumbList","@id":"https:\/\/nautilus.se\/contact\/#breadcrumb","itemListElement":[{"@type":"ListItem","position":1,"name":"Home","item":"https:\/\/nautilus.se\/"},{"@type":"ListItem","position":2,"name":"Kontakta oss"}]},{"@type":"WebSite","@id":"https:\/\/nautilus.se\/#website","url":"https:\/\/nautilus.se\/","name":"Nautilus Boat Club","description":"H\u00e4r kan du hyra b\u00e5t, dela b\u00e5t, del\u00e4ga b\u00e5t och vara med i b\u00e5tpool.","publisher":{"@id":"https:\/\/nautilus.se\/#organization"},"potentialAction":[{"@type":"SearchAction","target":{"@type":"EntryPoint","urlTemplate":"https:\/\/nautilus.se\/?s={search_term_string}"},"query-input":{"@type":"PropertyValueSpecification","valueRequired":true,"valueName":"search_term_string"}}],"inLanguage":"en-US"},{"@type":"Organization","@id":"https:\/\/nautilus.se\/#organization","name":"Nautilus Boat Club AB","alternateName":"Nautilus Boat Club","url":"https:\/\/nautilus.se\/","logo":{"@type":"ImageObject","inLanguage":"en-US","@id":"https:\/\/nautilus.se\/#\/schema\/logo\/image\/","url":"https:\/\/nautilus.se\/wp-content\/uploads\/2022\/10\/Nautilus-shell-blue-back-w-logo.png","contentUrl":"https:\/\/nautilus.se\/wp-content\/uploads\/2022\/10\/Nautilus-shell-blue-back-w-logo.png","width":1755,"height":1130,"caption":"Nautilus Boat Club AB"},"image":{"@id":"https:\/\/nautilus.se\/#\/schema\/logo\/image\/"},"sameAs":["https:\/\/www.facebook.com\/nautilusboatclub\/","https:\/\/www.instagram.com\/nautilusboatclub\/","https:\/\/www.linkedin.com\/company\/4998214\/admin\/","https:\/\/www.youtube.com\/channel\/UCrhrs3yv-t72B5igMm2keKQ\/videos?app=desktop"]}]}},"_links":{"self":[{"href":"https:\/\/nautilus.se\/eng\/wp-json\/wp\/v2\/pages\/11006","targetHints":{"allow":["GET"]}}],"collection":[{"href":"https:\/\/nautilus.se\/eng\/wp-json\/wp\/v2\/pages"}],"about":[{"href":"https:\/\/nautilus.se\/eng\/wp-json\/wp\/v2\/types\/page"}],"author":[{"embeddable":true,"href":"https:\/\/nautilus.se\/eng\/wp-json\/wp\/v2\/users\/21"}],"replies":[{"embeddable":true,"href":"https:\/\/nautilus.se\/eng\/wp-json\/wp\/v2\/comments?post=11006"}],"version-history":[{"count":20,"href":"https:\/\/nautilus.se\/eng\/wp-json\/wp\/v2\/pages\/11006\/revisions"}],"predecessor-version":[{"id":26424,"href":"https:\/\/nautilus.se\/eng\/wp-json\/wp\/v2\/pages\/11006\/revisions\/26424"}],"wp:featuredmedia":[{"embeddable":true,"href":"https:\/\/nautilus.se\/eng\/wp-json\/wp\/v2\/media\/13663"}],"wp:attachment":[{"href":"https:\/\/nautilus.se\/eng\/wp-json\/wp\/v2\/media?parent=11006"}],"curies":[{"name":"wp","href":"https:\/\/api.w.org\/{rel}","templated":true}]}}