{"id":13167,"date":"2022-02-15T18:49:49","date_gmt":"2022-02-15T18:49:49","guid":{"rendered":"https:\/\/nautilus.se\/boka-bastu-annat\/"},"modified":"2023-12-10T13:35:46","modified_gmt":"2023-12-10T12:35:46","slug":"boka-bastu-annat","status":"publish","type":"page","link":"https:\/\/nautilus.se\/eng\/boka-bastu-annat\/","title":{"rendered":"Book sauna, jetski &amp; other equipment"},"content":{"rendered":"<div data-elementor-type=\"wp-page\" data-elementor-id=\"13167\" class=\"elementor elementor-13167\" data-elementor-post-type=\"page\">\n\t\t\t\t\t\t<section class=\"elementor-section elementor-top-section elementor-element elementor-element-9984be4 elementor-section-boxed elementor-section-height-default elementor-section-height-default\" data-id=\"9984be4\" data-element_type=\"section\" data-e-type=\"section\">\n\t\t\t\t\t\t<div class=\"elementor-container elementor-column-gap-default\">\n\t\t\t\t\t<div class=\"elementor-column elementor-col-100 elementor-top-column elementor-element elementor-element-0893b3a\" data-id=\"0893b3a\" data-element_type=\"column\" data-e-type=\"column\">\n\t\t\t<div class=\"elementor-widget-wrap elementor-element-populated\">\n\t\t\t\t\t\t<div class=\"elementor-element elementor-element-c7bba84 elementor-widget elementor-widget-wpzoom-elementor-addons-woo-products\" data-id=\"c7bba84\" data-element_type=\"widget\" data-e-type=\"widget\" data-widget_type=\"wpzoom-elementor-addons-woo-products.default\">\n\t\t\t\t<div class=\"elementor-widget-container\">\n\t\t\t\t\t<div class=\"wpzoom-elementor-addons-woo-products woocommerce columns-4\"><ul class=\"products columns-4\">\n<li class=\"product type-product post-1307 status-publish first instock product_cat-bastu product_tag-gustavsberg has-post-thumbnail virtual sold-individually taxable purchasable product-type-booking wpz-card-layout-left wpz-label-right wpz-price-regular wpz-atc-desktop-under wpz-atc-mobile-under\">\n\t<a href=\"https:\/\/nautilus.se\/eng\/hyra-bat\/hyr-bastuflotte\/\" class=\"woocommerce-LoopProduct-link woocommerce-loop-product__link\"><img fetchpriority=\"high\" decoding=\"async\" width=\"600\" height=\"600\" src=\"https:\/\/nautilus.se\/wp-content\/uploads\/2021\/05\/shutterstock_bastu-600x600.jpg\" class=\"attachment-woocommerce_thumbnail size-woocommerce_thumbnail\" alt=\"Hyra bastuflotte Gustavsberg\" srcset=\"https:\/\/nautilus.se\/wp-content\/uploads\/2021\/05\/shutterstock_bastu-600x600.jpg 600w, https:\/\/nautilus.se\/wp-content\/uploads\/2021\/05\/shutterstock_bastu-e1621792796121-200x200.jpg 200w, https:\/\/nautilus.se\/wp-content\/uploads\/2021\/05\/shutterstock_bastu-150x150.jpg 150w, https:\/\/nautilus.se\/wp-content\/uploads\/2021\/05\/shutterstock_bastu-100x100.jpg 100w, https:\/\/nautilus.se\/wp-content\/uploads\/2021\/05\/shutterstock_bastu-e1621792796121.jpg 500w\" sizes=\"(max-width: 600px) 100vw, 600px\" \/><h2 class=\"woocommerce-loop-product__title\">Book our archipelago sauna raft<\/h2>\n\t<span class=\"price\">From: <span class=\"woocommerce-Price-amount amount\"><bdi>500&nbsp;<span class=\"woocommerce-Price-currencySymbol\">&#107;&#114;<\/span><\/bdi><\/span><\/span>\n<\/a><a href=\"https:\/\/nautilus.se\/eng\/hyra-bat\/hyr-bastuflotte\/\" aria-describedby=\"woocommerce_loop_add_to_cart_link_describedby_1307\" data-quantity=\"1\" class=\"button product_type_booking add_to_cart_button\" data-product_id=\"1307\" data-product_sku=\"\" aria-label=\"Read more!\" rel=\"nofollow\" data-no-translation=\"\" data-trp-gettext=\"\" data-no-translation-aria-label=\"\">See more &amp; book<\/a>\t<span id=\"woocommerce_loop_add_to_cart_link_describedby_1307\" class=\"screen-reader-text\">\n\t\t\t<\/span>\n<\/li>\n<li class=\"product type-product post-31633 status-publish instock product_cat-bastu product_tag-gustavsberg has-post-thumbnail virtual sold-individually taxable purchasable product-type-booking wpz-card-layout-left wpz-label-right wpz-price-regular wpz-atc-desktop-under wpz-atc-mobile-under\">\n\t<a href=\"https:\/\/nautilus.se\/eng\/hyra-bat\/hyr-bastuflotte-till-event-i-stockholm\/\" class=\"woocommerce-LoopProduct-link woocommerce-loop-product__link\"><img decoding=\"async\" width=\"600\" height=\"600\" src=\"https:\/\/nautilus.se\/wp-content\/uploads\/2020\/11\/Bastu-bryggan-600x600.jpeg\" class=\"attachment-woocommerce_thumbnail size-woocommerce_thumbnail\" alt=\"Bastuflotte f\u00f6r event i Stockholms sk\u00e4rg\u00e5rd\" srcset=\"https:\/\/nautilus.se\/wp-content\/uploads\/2020\/11\/Bastu-bryggan-600x600.jpeg 600w, https:\/\/nautilus.se\/wp-content\/uploads\/2020\/11\/Bastu-bryggan-200x200.jpeg 200w, https:\/\/nautilus.se\/wp-content\/uploads\/2020\/11\/Bastu-bryggan-150x150.jpeg 150w, https:\/\/nautilus.se\/wp-content\/uploads\/2020\/11\/Bastu-bryggan-280x280.jpeg 280w, https:\/\/nautilus.se\/wp-content\/uploads\/2020\/11\/Bastu-bryggan-800x800.jpeg 800w\" sizes=\"(max-width: 600px) 100vw, 600px\" \/><h2 class=\"woocommerce-loop-product__title\">Bastuflotte f\u00f6r event i Stockholms sk\u00e4rg\u00e5rd<\/h2>\n\t<span class=\"price\"><span class=\"woocommerce-Price-amount amount\"><bdi>15.000&nbsp;<span class=\"woocommerce-Price-currencySymbol\">&#107;&#114;<\/span><\/bdi><\/span><\/span>\n<\/a><a href=\"https:\/\/nautilus.se\/eng\/hyra-bat\/hyr-bastuflotte-till-event-i-stockholm\/\" aria-describedby=\"woocommerce_loop_add_to_cart_link_describedby_31633\" data-quantity=\"1\" class=\"button product_type_booking add_to_cart_button\" data-product_id=\"31633\" data-product_sku=\"\" aria-label=\"Read more!\" rel=\"nofollow\" data-no-translation=\"\" data-trp-gettext=\"\" data-no-translation-aria-label=\"\">See more &amp; book<\/a>\t<span id=\"woocommerce_loop_add_to_cart_link_describedby_31633\" class=\"screen-reader-text\">\n\t\t\t<\/span>\n<\/li>\n<li class=\"product type-product post-1723 status-publish instock product_cat-bastu product_tag-gustavsberg has-post-thumbnail sold-individually taxable shipping-taxable purchasable product-type-variable wpz-card-layout-left wpz-label-right wpz-price-regular wpz-atc-desktop-under wpz-atc-mobile-under\">\n\t<a href=\"https:\/\/nautilus.se\/eng\/hyra-bat\/klippkort-bastuflotte\/\" class=\"woocommerce-LoopProduct-link woocommerce-loop-product__link\"><img decoding=\"async\" width=\"600\" height=\"600\" src=\"https:\/\/nautilus.se\/wp-content\/uploads\/2020\/12\/shutterstock_1107495542-scaled-600x600.jpg\" class=\"attachment-woocommerce_thumbnail size-woocommerce_thumbnail\" alt=\"Boka bastuflotte klippkort\" srcset=\"https:\/\/nautilus.se\/wp-content\/uploads\/2020\/12\/shutterstock_1107495542-scaled-600x600.jpg 600w, https:\/\/nautilus.se\/wp-content\/uploads\/2020\/12\/shutterstock_1107495542-scaled-200x200.jpg 200w, https:\/\/nautilus.se\/wp-content\/uploads\/2020\/12\/shutterstock_1107495542-150x150.jpg 150w, https:\/\/nautilus.se\/wp-content\/uploads\/2020\/12\/shutterstock_1107495542-280x280.jpg 280w, https:\/\/nautilus.se\/wp-content\/uploads\/2020\/12\/shutterstock_1107495542-800x800.jpg 800w\" sizes=\"(max-width: 600px) 100vw, 600px\" \/><h2 class=\"woocommerce-loop-product__title\">&#8221;Klippkort&#8221; bastuflotte<\/h2>\n\t<span class=\"price\"><span class=\"woocommerce-Price-amount amount\" aria-hidden=\"true\"><bdi>2.000&nbsp;<span class=\"woocommerce-Price-currencySymbol\">&#107;&#114;<\/span><\/bdi><\/span> <span aria-hidden=\"true\">&ndash;<\/span> <span class=\"woocommerce-Price-amount amount\" aria-hidden=\"true\"><bdi>8.000&nbsp;<span class=\"woocommerce-Price-currencySymbol\">&#107;&#114;<\/span><\/bdi><\/span><span class=\"screen-reader-text\" data-no-translation=\"\" data-trp-gettext=\"\">Price range: 2.000&nbsp;&#107;&#114; through 8.000&nbsp;&#107;&#114;<\/span><\/span>\n<\/a><a href=\"https:\/\/nautilus.se\/eng\/hyra-bat\/klippkort-bastuflotte\/\" aria-describedby=\"woocommerce_loop_add_to_cart_link_describedby_1723\" data-quantity=\"1\" class=\"button product_type_variable add_to_cart_button\" data-product_id=\"1723\" data-product_sku=\"1000\" aria-label=\"Select options for \u201c&quot;Klippkort&quot; bastuflotte\u201d\" rel=\"nofollow\" data-no-translation=\"\" data-trp-gettext=\"\" data-no-translation-aria-label=\"\">Select options<\/a>\t<span id=\"woocommerce_loop_add_to_cart_link_describedby_1723\" class=\"screen-reader-text\">\n\t\tThis product has multiple variants. The options may be chosen on the product page\t<\/span>\n<\/li>\n<\/ul>\n<\/div>\t\t\t\t<\/div>\n\t\t\t\t<\/div>\n\t\t\t\t\t<\/div>\n\t\t<\/div>\n\t\t\t\t\t<\/div>\n\t\t<\/section>\n\t\t\t\t<\/div>","protected":false},"excerpt":{"rendered":"<p>Bastuflotte From: 400&nbsp;&#107;&#114; Read more Testa att bo p\u00e5 b\u00e5t From: 1.800&nbsp;&#107;&#114; Read more Hyr Kajak K1 From: 300&nbsp;&#107;&#114; Read more Hyr SUP From: 250&nbsp;&#107;&#114; Read more Presentkort Bastuflotte 320&nbsp;&#107;&#114; &ndash; 720&nbsp;&#107;&#114; Select options &#8220;Klippkort&#8221; bastuflotte 1.400&nbsp;&#107;&#114; &ndash; 5.100&nbsp;&#107;&#114; Select options Hyr JetKart From: 950&nbsp;&#107;&#114; Read more JetKart Event From: [&hellip;]<\/p>\n","protected":false},"author":21,"featured_media":6125,"parent":0,"menu_order":0,"comment_status":"closed","ping_status":"closed","template":"page-templates\/full-width-builder-bb.php","meta":{"inspiro_page_layout":"narrow","inspiro_hide_title":false,"footnotes":""},"class_list":["post-13167","page","type-page","status-publish","has-post-thumbnail","hentry"],"yoast_head":"<!-- This site is optimized with the Yoast SEO Premium plugin v27.4 (Yoast SEO v27.5) - https:\/\/yoast.com\/product\/yoast-seo-premium-wordpress\/ -->\n<title>Boka bastu &amp; annat |<\/title>\n<meta name=\"robots\" content=\"index, follow, max-snippet:-1, max-image-preview:large, max-video-preview:-1\" \/>\n<link rel=\"canonical\" href=\"https:\/\/nautilus.se\/eng\/boka-bastu-annat\/\" \/>\n<meta property=\"og:locale\" content=\"en_US\" \/>\n<meta property=\"og:type\" content=\"article\" \/>\n<meta property=\"og:title\" content=\"Boka bastu &amp; annat\" \/>\n<meta property=\"og:description\" content=\"Bastuflotte From: 400&nbsp;&#107;&#114; Read more Testa att bo p\u00e5 b\u00e5t From: 1.800&nbsp;&#107;&#114; Read more Hyr Kajak K1 From: 300&nbsp;&#107;&#114; Read more Hyr SUP From: 250&nbsp;&#107;&#114; Read more Presentkort Bastuflotte 320&nbsp;&#107;&#114; &ndash; 720&nbsp;&#107;&#114; Select options &#8220;Klippkort&#8221; bastuflotte 1.400&nbsp;&#107;&#114; &ndash; 5.100&nbsp;&#107;&#114; Select options Hyr JetKart From: 950&nbsp;&#107;&#114; Read more JetKart Event From: [&hellip;]\" \/>\n<meta property=\"og:url\" content=\"https:\/\/nautilus.se\/eng\/boka-bastu-annat\/\" \/>\n<meta property=\"og:site_name\" content=\"Nautilus Boat Club\" \/>\n<meta property=\"article:publisher\" content=\"https:\/\/www.facebook.com\/nautilusboatclub\/\" \/>\n<meta property=\"article:modified_time\" content=\"2023-12-10T12:35:46+00:00\" \/>\n<meta property=\"og:image\" content=\"https:\/\/nautilus.se\/wp-content\/uploads\/2021\/05\/shutterstock_bastu-e1621792796121.jpg\" \/>\n\t<meta property=\"og:image:width\" content=\"2000\" \/>\n\t<meta property=\"og:image:height\" content=\"1333\" \/>\n\t<meta property=\"og:image:type\" content=\"image\/jpeg\" \/>\n<meta name=\"twitter:card\" content=\"summary_large_image\" \/>\n<meta name=\"twitter:label1\" content=\"Est. reading time\" \/>\n\t<meta name=\"twitter:data1\" content=\"2 minutes\" \/>\n<script type=\"application\/ld+json\" class=\"yoast-schema-graph\">{\"@context\":\"https:\\\/\\\/schema.org\",\"@graph\":[{\"@type\":\"WebPage\",\"@id\":\"https:\\\/\\\/nautilus.se\\\/boka-bastu-annat\\\/\",\"url\":\"https:\\\/\\\/nautilus.se\\\/boka-bastu-annat\\\/\",\"name\":\"Boka bastu & annat |\",\"isPartOf\":{\"@id\":\"https:\\\/\\\/nautilus.se\\\/#website\"},\"primaryImageOfPage\":{\"@id\":\"https:\\\/\\\/nautilus.se\\\/boka-bastu-annat\\\/#primaryimage\"},\"image\":{\"@id\":\"https:\\\/\\\/nautilus.se\\\/boka-bastu-annat\\\/#primaryimage\"},\"thumbnailUrl\":\"https:\\\/\\\/nautilus.se\\\/wp-content\\\/uploads\\\/2021\\\/05\\\/shutterstock_bastu-e1621792796121.jpg\",\"datePublished\":\"2022-02-15T18:49:49+00:00\",\"dateModified\":\"2023-12-10T12:35:46+00:00\",\"breadcrumb\":{\"@id\":\"https:\\\/\\\/nautilus.se\\\/boka-bastu-annat\\\/#breadcrumb\"},\"inLanguage\":\"en-US\",\"potentialAction\":[{\"@type\":\"ReadAction\",\"target\":[\"https:\\\/\\\/nautilus.se\\\/boka-bastu-annat\\\/\"]}]},{\"@type\":\"ImageObject\",\"inLanguage\":\"en-US\",\"@id\":\"https:\\\/\\\/nautilus.se\\\/boka-bastu-annat\\\/#primaryimage\",\"url\":\"https:\\\/\\\/nautilus.se\\\/wp-content\\\/uploads\\\/2021\\\/05\\\/shutterstock_bastu-e1621792796121.jpg\",\"contentUrl\":\"https:\\\/\\\/nautilus.se\\\/wp-content\\\/uploads\\\/2021\\\/05\\\/shutterstock_bastu-e1621792796121.jpg\",\"width\":500,\"height\":500,\"caption\":\"Hyra bastuflotte Gustavsberg\"},{\"@type\":\"BreadcrumbList\",\"@id\":\"https:\\\/\\\/nautilus.se\\\/boka-bastu-annat\\\/#breadcrumb\",\"itemListElement\":[{\"@type\":\"ListItem\",\"position\":1,\"name\":\"Home\",\"item\":\"https:\\\/\\\/nautilus.se\\\/\"},{\"@type\":\"ListItem\",\"position\":2,\"name\":\"Boka bastu &#038; annat\"}]},{\"@type\":\"WebSite\",\"@id\":\"https:\\\/\\\/nautilus.se\\\/#website\",\"url\":\"https:\\\/\\\/nautilus.se\\\/\",\"name\":\"Nautilus Boat Club\",\"description\":\"H\u00e4r kan du hyra b\u00e5t, dela b\u00e5t, del\u00e4ga b\u00e5t och vara med i b\u00e5tpool.\",\"publisher\":{\"@id\":\"https:\\\/\\\/nautilus.se\\\/#organization\"},\"potentialAction\":[{\"@type\":\"SearchAction\",\"target\":{\"@type\":\"EntryPoint\",\"urlTemplate\":\"https:\\\/\\\/nautilus.se\\\/?s={search_term_string}\"},\"query-input\":{\"@type\":\"PropertyValueSpecification\",\"valueRequired\":true,\"valueName\":\"search_term_string\"}}],\"inLanguage\":\"en-US\"},{\"@type\":\"Organization\",\"@id\":\"https:\\\/\\\/nautilus.se\\\/#organization\",\"name\":\"Nautilus Boat Club AB\",\"alternateName\":\"Nautilus Boat Club\",\"url\":\"https:\\\/\\\/nautilus.se\\\/\",\"logo\":{\"@type\":\"ImageObject\",\"inLanguage\":\"en-US\",\"@id\":\"https:\\\/\\\/nautilus.se\\\/#\\\/schema\\\/logo\\\/image\\\/\",\"url\":\"https:\\\/\\\/nautilus.se\\\/wp-content\\\/uploads\\\/2022\\\/10\\\/Nautilus-shell-blue-back-w-logo.png\",\"contentUrl\":\"https:\\\/\\\/nautilus.se\\\/wp-content\\\/uploads\\\/2022\\\/10\\\/Nautilus-shell-blue-back-w-logo.png\",\"width\":1755,\"height\":1130,\"caption\":\"Nautilus Boat Club AB\"},\"image\":{\"@id\":\"https:\\\/\\\/nautilus.se\\\/#\\\/schema\\\/logo\\\/image\\\/\"},\"sameAs\":[\"https:\\\/\\\/www.facebook.com\\\/nautilusboatclub\\\/\",\"https:\\\/\\\/www.instagram.com\\\/nautilusboatclub\\\/\",\"https:\\\/\\\/www.linkedin.com\\\/company\\\/4998214\\\/admin\\\/\",\"https:\\\/\\\/www.youtube.com\\\/channel\\\/UCrhrs3yv-t72B5igMm2keKQ\\\/videos?app=desktop\"]}]}<\/script>\n<!-- \/ Yoast SEO Premium plugin. -->","yoast_head_json":{"title":"Boka bastu & annat |","robots":{"index":"index","follow":"follow","max-snippet":"max-snippet:-1","max-image-preview":"max-image-preview:large","max-video-preview":"max-video-preview:-1"},"canonical":"https:\/\/nautilus.se\/eng\/boka-bastu-annat\/","og_locale":"en_US","og_type":"article","og_title":"Boka bastu & annat","og_description":"Bastuflotte From: 400&nbsp;&#107;&#114; Read more Testa att bo p\u00e5 b\u00e5t From: 1.800&nbsp;&#107;&#114; Read more Hyr Kajak K1 From: 300&nbsp;&#107;&#114; Read more Hyr SUP From: 250&nbsp;&#107;&#114; Read more Presentkort Bastuflotte 320&nbsp;&#107;&#114; &ndash; 720&nbsp;&#107;&#114; Select options &#8220;Klippkort&#8221; bastuflotte 1.400&nbsp;&#107;&#114; &ndash; 5.100&nbsp;&#107;&#114; Select options Hyr JetKart From: 950&nbsp;&#107;&#114; Read more JetKart Event From: [&hellip;]","og_url":"https:\/\/nautilus.se\/eng\/boka-bastu-annat\/","og_site_name":"Nautilus Boat Club","article_publisher":"https:\/\/www.facebook.com\/nautilusboatclub\/","article_modified_time":"2023-12-10T12:35:46+00:00","og_image":[{"width":2000,"height":1333,"url":"https:\/\/nautilus.se\/wp-content\/uploads\/2021\/05\/shutterstock_bastu-e1621792796121.jpg","type":"image\/jpeg"}],"twitter_card":"summary_large_image","twitter_misc":{"Est. reading time":"2 minutes"},"schema":{"@context":"https:\/\/schema.org","@graph":[{"@type":"WebPage","@id":"https:\/\/nautilus.se\/boka-bastu-annat\/","url":"https:\/\/nautilus.se\/boka-bastu-annat\/","name":"Boka bastu & annat |","isPartOf":{"@id":"https:\/\/nautilus.se\/#website"},"primaryImageOfPage":{"@id":"https:\/\/nautilus.se\/boka-bastu-annat\/#primaryimage"},"image":{"@id":"https:\/\/nautilus.se\/boka-bastu-annat\/#primaryimage"},"thumbnailUrl":"https:\/\/nautilus.se\/wp-content\/uploads\/2021\/05\/shutterstock_bastu-e1621792796121.jpg","datePublished":"2022-02-15T18:49:49+00:00","dateModified":"2023-12-10T12:35:46+00:00","breadcrumb":{"@id":"https:\/\/nautilus.se\/boka-bastu-annat\/#breadcrumb"},"inLanguage":"en-US","potentialAction":[{"@type":"ReadAction","target":["https:\/\/nautilus.se\/boka-bastu-annat\/"]}]},{"@type":"ImageObject","inLanguage":"en-US","@id":"https:\/\/nautilus.se\/boka-bastu-annat\/#primaryimage","url":"https:\/\/nautilus.se\/wp-content\/uploads\/2021\/05\/shutterstock_bastu-e1621792796121.jpg","contentUrl":"https:\/\/nautilus.se\/wp-content\/uploads\/2021\/05\/shutterstock_bastu-e1621792796121.jpg","width":500,"height":500,"caption":"Hyra bastuflotte Gustavsberg"},{"@type":"BreadcrumbList","@id":"https:\/\/nautilus.se\/boka-bastu-annat\/#breadcrumb","itemListElement":[{"@type":"ListItem","position":1,"name":"Home","item":"https:\/\/nautilus.se\/"},{"@type":"ListItem","position":2,"name":"Boka bastu &#038; annat"}]},{"@type":"WebSite","@id":"https:\/\/nautilus.se\/#website","url":"https:\/\/nautilus.se\/","name":"Nautilus Boat Club","description":"H\u00e4r kan du hyra b\u00e5t, dela b\u00e5t, del\u00e4ga b\u00e5t och vara med i b\u00e5tpool.","publisher":{"@id":"https:\/\/nautilus.se\/#organization"},"potentialAction":[{"@type":"SearchAction","target":{"@type":"EntryPoint","urlTemplate":"https:\/\/nautilus.se\/?s={search_term_string}"},"query-input":{"@type":"PropertyValueSpecification","valueRequired":true,"valueName":"search_term_string"}}],"inLanguage":"en-US"},{"@type":"Organization","@id":"https:\/\/nautilus.se\/#organization","name":"Nautilus Boat Club AB","alternateName":"Nautilus Boat Club","url":"https:\/\/nautilus.se\/","logo":{"@type":"ImageObject","inLanguage":"en-US","@id":"https:\/\/nautilus.se\/#\/schema\/logo\/image\/","url":"https:\/\/nautilus.se\/wp-content\/uploads\/2022\/10\/Nautilus-shell-blue-back-w-logo.png","contentUrl":"https:\/\/nautilus.se\/wp-content\/uploads\/2022\/10\/Nautilus-shell-blue-back-w-logo.png","width":1755,"height":1130,"caption":"Nautilus Boat Club AB"},"image":{"@id":"https:\/\/nautilus.se\/#\/schema\/logo\/image\/"},"sameAs":["https:\/\/www.facebook.com\/nautilusboatclub\/","https:\/\/www.instagram.com\/nautilusboatclub\/","https:\/\/www.linkedin.com\/company\/4998214\/admin\/","https:\/\/www.youtube.com\/channel\/UCrhrs3yv-t72B5igMm2keKQ\/videos?app=desktop"]}]}},"_links":{"self":[{"href":"https:\/\/nautilus.se\/eng\/wp-json\/wp\/v2\/pages\/13167","targetHints":{"allow":["GET"]}}],"collection":[{"href":"https:\/\/nautilus.se\/eng\/wp-json\/wp\/v2\/pages"}],"about":[{"href":"https:\/\/nautilus.se\/eng\/wp-json\/wp\/v2\/types\/page"}],"author":[{"embeddable":true,"href":"https:\/\/nautilus.se\/eng\/wp-json\/wp\/v2\/users\/21"}],"replies":[{"embeddable":true,"href":"https:\/\/nautilus.se\/eng\/wp-json\/wp\/v2\/comments?post=13167"}],"version-history":[{"count":10,"href":"https:\/\/nautilus.se\/eng\/wp-json\/wp\/v2\/pages\/13167\/revisions"}],"predecessor-version":[{"id":23924,"href":"https:\/\/nautilus.se\/eng\/wp-json\/wp\/v2\/pages\/13167\/revisions\/23924"}],"wp:featuredmedia":[{"embeddable":true,"href":"https:\/\/nautilus.se\/eng\/wp-json\/wp\/v2\/media\/6125"}],"wp:attachment":[{"href":"https:\/\/nautilus.se\/eng\/wp-json\/wp\/v2\/media?parent=13167"}],"curies":[{"name":"wp","href":"https:\/\/api.w.org\/{rel}","templated":true}]}}