{"id":18100,"date":"2022-09-26T13:30:32","date_gmt":"2022-09-26T12:30:32","guid":{"rendered":"https:\/\/nautilus.se\/?page_id=18100"},"modified":"2023-02-14T14:16:57","modified_gmt":"2023-02-14T13:16:57","slug":"executive-plan","status":"publish","type":"page","link":"https:\/\/nautilus.se\/eng\/executive-plan\/","title":{"rendered":"Executive Plan"},"content":{"rendered":"\t\t<div data-elementor-type=\"wp-page\" data-elementor-id=\"18100\" class=\"elementor elementor-18100\" data-elementor-post-type=\"page\">\n\t\t\t\t\t\t<section class=\"elementor-section elementor-top-section elementor-element elementor-element-8fad0b4 elementor-section-boxed elementor-section-height-default elementor-section-height-default\" data-id=\"8fad0b4\" data-element_type=\"section\" data-e-type=\"section\">\n\t\t\t\t\t\t<div class=\"elementor-container elementor-column-gap-default\">\n\t\t\t\t\t<div class=\"elementor-column elementor-col-100 elementor-top-column elementor-element elementor-element-08d4658\" data-id=\"08d4658\" data-element_type=\"column\" data-e-type=\"column\">\n\t\t\t<div class=\"elementor-widget-wrap elementor-element-populated\">\n\t\t\t\t\t\t<div class=\"elementor-element elementor-element-f8dbb90 elementor-widget elementor-widget-text-editor\" data-id=\"f8dbb90\" data-element_type=\"widget\" data-e-type=\"widget\" data-widget_type=\"text-editor.default\">\n\t\t\t\t<div class=\"elementor-widget-container\">\n\t\t\t\t\t\t\t\t\t<div class=\"wpz-pricing-table-extra\"><p>Detta \u00e4r ett helhetspaket f\u00f6r f\u00f6retaget. Exempelvis \u00e4r tv\u00e5 event\/charters per \u00e5r inkluderade. Ta tex kick-offen eller f\u00f6retagsfesten p\u00e5 sj\u00f6n!<\/p><p>Du har \u00e4ven fri tillg\u00e5ng att boka \u201dm\u00f6tesrum p\u00e5 sj\u00f6n\u201d. Dvs anv\u00e4nd n\u00e5n av v\u00e5ra yachter f\u00f6r era m\u00f6ten, workshops eller liknande. F\u00f6rh\u00f6j upplevelsen av era m\u00f6ten och ta dem i en f\u00f6rstklassig maritim milj\u00f6.<br \/>B\u00e5ten ligger kvar vid kajen men mot extra avgift kan vi flytta b\u00e5ten dit du vill ha m\u00f6tet. Eller v\u00e4lj till catering av m\u00f6tet.<\/p><p>Som f\u00f6retagsledare f\u00e5r du \u00e4ven tillg\u00e5ng till alla b\u00e5tar i flottan. P\u00e5 s\u00e5 s\u00e4tt kan du ta ut dem sj\u00e4lv utan skeppare, n\u00e4r det passar dig. Bokningskrediten p\u00e5 100.000kr r\u00e4cker till mycket b\u00e5tande!<\/p><p>Bindningstid \u00e4r en s\u00e4song\/ett kalender\u00e5r i taget.<br \/>Sj\u00f6assistens och Premium Assistans ing\u00e5r. Tryggt att veta om n\u00e5nting skulle h\u00e4nda n\u00e4r du \u00e4r ute med en b\u00e5t.<\/p><ul><li>Inkluderat<ul><li>tv\u00e5 f\u00f6retagscharters per \u00e5r med v\u00e5ra b\u00e5tar<\/li><li>tillg\u00e5ng till \u201dm\u00f6tesrum p\u00e5 sj\u00f6n\u201d vid Kattholmen<\/li><li>st\u00e4dning inkluderat<\/li><li>Upp till 50% billigare mot att hyra<\/li><li>F\u00f6r f\u00f6retag<\/li><li>Segel- och motorb\u00e5tar<\/li><li>Vattenskoter, kajak, SUP, mm<\/li><li>Fritt antal bokningar \/\u00e5r<\/li><li>100.000kr bokningspo\u00e4ngkredits<\/li><li>Sj\u00f6assistens och Premuim Assistans Plus<\/li><\/ul><\/li><\/ul><\/div><p>L\u00e4ngden p\u00e5 respektive bokning framg\u00e5r per b\u00e5t. Sm\u00e5 b\u00e5tar kan bokas tex 1 dag i taget och st\u00f6rre b\u00e5tar upp till 14 dagar per bokning som l\u00e4ngst.<\/p><p>Abonnemangskostnad <strong>152.000kr<\/strong> exkl moms.<br \/>Faktureras kvartalsvis.<\/p>\t\t\t\t\t\t\t\t<\/div>\n\t\t\t\t<\/div>\n\t\t\t\t\t<\/div>\n\t\t<\/div>\n\t\t\t\t\t<\/div>\n\t\t<\/section>\n\t\t\t\t<section class=\"elementor-section elementor-top-section elementor-element elementor-element-a9a49f8 elementor-section-boxed elementor-section-height-default elementor-section-height-default\" data-id=\"a9a49f8\" data-element_type=\"section\" data-e-type=\"section\">\n\t\t\t\t\t\t<div class=\"elementor-container elementor-column-gap-default\">\n\t\t\t\t\t<div class=\"elementor-column elementor-col-100 elementor-top-column elementor-element elementor-element-6e484a3\" data-id=\"6e484a3\" data-element_type=\"column\" data-e-type=\"column\">\n\t\t\t<div class=\"elementor-widget-wrap elementor-element-populated\">\n\t\t\t\t\t\t<div class=\"elementor-element elementor-element-8b47d34 elementor-widget-divider--view-line elementor-widget elementor-widget-divider\" data-id=\"8b47d34\" data-element_type=\"widget\" data-e-type=\"widget\" data-widget_type=\"divider.default\">\n\t\t\t\t<div class=\"elementor-widget-container\">\n\t\t\t\t\t\t\t<div class=\"elementor-divider\">\n\t\t\t<span class=\"elementor-divider-separator\">\n\t\t\t\t\t\t<\/span>\n\t\t<\/div>\n\t\t\t\t\t\t<\/div>\n\t\t\t\t<\/div>\n\t\t\t\t\t<\/div>\n\t\t<\/div>\n\t\t\t\t\t<\/div>\n\t\t<\/section>\n\t\t\t\t<section class=\"elementor-section elementor-top-section elementor-element elementor-element-039f4be elementor-section-boxed elementor-section-height-default elementor-section-height-default\" data-id=\"039f4be\" data-element_type=\"section\" data-e-type=\"section\">\n\t\t\t\t\t\t<div class=\"elementor-container elementor-column-gap-default\">\n\t\t\t\t\t<div class=\"elementor-column elementor-col-100 elementor-top-column elementor-element elementor-element-71d0b86\" data-id=\"71d0b86\" data-element_type=\"column\" data-e-type=\"column\">\n\t\t\t<div class=\"elementor-widget-wrap elementor-element-populated\">\n\t\t\t\t\t\t<div class=\"elementor-element elementor-element-07ea284 elementor-widget elementor-widget-heading\" data-id=\"07ea284\" data-element_type=\"widget\" data-e-type=\"widget\" data-widget_type=\"heading.default\">\n\t\t\t\t<div class=\"elementor-widget-container\">\n\t\t\t\t\t<h2 class=\"elementor-heading-title elementor-size-default\">Intresseanm\u00e4lan<\/h2>\t\t\t\t<\/div>\n\t\t\t\t<\/div>\n\t\t\t\t<div class=\"elementor-element elementor-element-6397c1b elementor-widget elementor-widget-text-editor\" data-id=\"6397c1b\" data-element_type=\"widget\" data-e-type=\"widget\" data-widget_type=\"text-editor.default\">\n\t\t\t\t<div class=\"elementor-widget-container\">\n\t\t\t\t\t\t\t\t\t<p>G\u00f6r g\u00e4rna en intresseanm\u00e4lan s\u00e5 kontaktar vi dig och hj\u00e4lper till!<\/p>\t\t\t\t\t\t\t\t<\/div>\n\t\t\t\t<\/div>\n\t\t\t\t<div class=\"elementor-element elementor-element-edf2722 elementor-button-align-stretch elementor-widget elementor-widget-form\" data-id=\"edf2722\" data-element_type=\"widget\" data-e-type=\"widget\" data-settings=\"{&quot;step_next_label&quot;:&quot;N\\u00e4sta&quot;,&quot;step_previous_label&quot;:&quot;F\\u00f6reg\\u00e5ende&quot;,&quot;button_width&quot;:&quot;100&quot;,&quot;step_type&quot;:&quot;number_text&quot;,&quot;step_icon_shape&quot;:&quot;circle&quot;}\" data-widget_type=\"form.default\">\n\t\t\t\t<div class=\"elementor-widget-container\">\n\t\t\t\t\t\t\t<form class=\"elementor-form\" method=\"post\" name=\"Nytt formul\u00e4r\" aria-label=\"Nytt formul\u00e4r\">\n\t\t\t<input type=\"hidden\" name=\"post_id\" value=\"18100\"\/>\n\t\t\t<input type=\"hidden\" name=\"form_id\" value=\"edf2722\"\/>\n\t\t\t<input type=\"hidden\" name=\"referer_title\" value=\"Executive Plan |\" \/>\n\n\t\t\t\t\t\t\t<input type=\"hidden\" name=\"queried_id\" value=\"18100\"\/>\n\t\t\t\n\t\t\t<div class=\"elementor-form-fields-wrapper elementor-labels-\">\n\t\t\t\t\t\t\t\t<div class=\"elementor-field-type-text elementor-field-group elementor-column elementor-field-group-name elementor-col-100\">\n\t\t\t\t\t\t\t\t\t\t\t\t<label for=\"form-field-name\" class=\"elementor-field-label elementor-screen-only\">\n\t\t\t\t\t\t\t\tNamn\t\t\t\t\t\t\t<\/label>\n\t\t\t\t\t\t\t\t\t\t\t\t\t\t<input size=\"1\" type=\"text\" name=\"form_fields[name]\" id=\"form-field-name\" class=\"elementor-field elementor-size-sm  elementor-field-textual\" placeholder=\"Namn\">\n\t\t\t\t\t\t\t\t\t\t\t<\/div>\n\t\t\t\t\t\t\t\t<div class=\"elementor-field-type-email elementor-field-group elementor-column elementor-field-group-email elementor-col-100 elementor-field-required\">\n\t\t\t\t\t\t\t\t\t\t\t\t<label for=\"form-field-email\" class=\"elementor-field-label elementor-screen-only\">\n\t\t\t\t\t\t\t\tE-post\t\t\t\t\t\t\t<\/label>\n\t\t\t\t\t\t\t\t\t\t\t\t\t\t<input size=\"1\" type=\"email\" name=\"form_fields[email]\" id=\"form-field-email\" class=\"elementor-field elementor-size-sm  elementor-field-textual\" placeholder=\"E-post\" required=\"required\">\n\t\t\t\t\t\t\t\t\t\t\t<\/div>\n\t\t\t\t\t\t\t\t<div class=\"elementor-field-type-tel elementor-field-group elementor-column elementor-field-group-field_2058233 elementor-col-100 elementor-field-required\">\n\t\t\t\t\t\t\t\t\t\t\t\t<label for=\"form-field-field_2058233\" class=\"elementor-field-label elementor-screen-only\">\n\t\t\t\t\t\t\t\tTelefonnummer\t\t\t\t\t\t\t<\/label>\n\t\t\t\t\t\t\t\t<input size=\"1\" type=\"tel\" name=\"form_fields[field_2058233]\" id=\"form-field-field_2058233\" class=\"elementor-field elementor-size-sm  elementor-field-textual\" placeholder=\"Telefonnummer\" required=\"required\" pattern=\"[0-9()#&amp;+*-=.]+\" title=\"Endast siffror och telefontecken (#, -, *, etc) accepteras.\">\n\n\t\t\t\t\t\t<\/div>\n\t\t\t\t\t\t\t\t<div class=\"elementor-field-type-textarea elementor-field-group elementor-column elementor-field-group-message elementor-col-100\">\n\t\t\t\t\t\t\t\t\t\t\t\t<label for=\"form-field-message\" class=\"elementor-field-label elementor-screen-only\">\n\t\t\t\t\t\t\t\tMeddelande\t\t\t\t\t\t\t<\/label>\n\t\t\t\t\t\t<textarea class=\"elementor-field-textual elementor-field  elementor-size-sm\" name=\"form_fields[message]\" id=\"form-field-message\" rows=\"4\" placeholder=\"Meddelande\"><\/textarea>\t\t\t\t<\/div>\n\t\t\t\t\t\t\t\t<div class=\"elementor-field-group elementor-column elementor-field-type-submit elementor-col-100 e-form__buttons\">\n\t\t\t\t\t<button class=\"elementor-button elementor-size-sm\" type=\"submit\">\n\t\t\t\t\t\t<span class=\"elementor-button-content-wrapper\">\n\t\t\t\t\t\t\t\t\t\t\t\t\t\t\t\t\t\t\t\t\t\t<span class=\"elementor-button-text\">Skicka<\/span>\n\t\t\t\t\t\t\t\t\t\t\t\t\t<\/span>\n\t\t\t\t\t<\/button>\n\t\t\t\t<\/div>\n\t\t\t<\/div>\n\t\t<\/form>\n\t\t\t\t\t\t<\/div>\n\t\t\t\t<\/div>\n\t\t\t\t\t<\/div>\n\t\t<\/div>\n\t\t\t\t\t<\/div>\n\t\t<\/section>\n\t\t\t\t<\/div>\n\t\t","protected":false},"excerpt":{"rendered":"<p>Detta \u00e4r ett helhetspaket f\u00f6r f\u00f6retaget. Exempelvis \u00e4r tv\u00e5 event\/charters per \u00e5r inkluderade. Ta tex kick-offen eller f\u00f6retagsfesten p\u00e5 sj\u00f6n! Du har \u00e4ven fri tillg\u00e5ng att boka \u201dm\u00f6tesrum p\u00e5 sj\u00f6n\u201d. Dvs anv\u00e4nd n\u00e5n av v\u00e5ra yachter f\u00f6r era m\u00f6ten, workshops eller liknande. F\u00f6rh\u00f6j upplevelsen av era m\u00f6ten och ta dem [&hellip;]<\/p>\n","protected":false},"author":21,"featured_media":15611,"parent":0,"menu_order":0,"comment_status":"closed","ping_status":"closed","template":"","meta":{"inspiro_page_layout":"narrow","inspiro_hide_title":false,"footnotes":""},"class_list":["post-18100","page","type-page","status-publish","has-post-thumbnail","hentry"],"yoast_head":"<!-- This site is optimized with the Yoast SEO Premium plugin v27.3 (Yoast SEO v27.4) - https:\/\/yoast.com\/product\/yoast-seo-premium-wordpress\/ -->\n<title>Executive Plan |<\/title>\n<meta name=\"robots\" content=\"index, follow, max-snippet:-1, max-image-preview:large, max-video-preview:-1\" \/>\n<link rel=\"canonical\" href=\"https:\/\/nautilus.se\/eng\/executive-plan\/\" \/>\n<meta property=\"og:locale\" content=\"en_US\" \/>\n<meta property=\"og:type\" content=\"article\" \/>\n<meta property=\"og:title\" content=\"Executive Plan\" \/>\n<meta property=\"og:description\" content=\"Detta \u00e4r ett helhetspaket f\u00f6r f\u00f6retaget. Exempelvis \u00e4r tv\u00e5 event\/charters per \u00e5r inkluderade. Ta tex kick-offen eller f\u00f6retagsfesten p\u00e5 sj\u00f6n! Du har \u00e4ven fri tillg\u00e5ng att boka \u201dm\u00f6tesrum p\u00e5 sj\u00f6n\u201d. Dvs anv\u00e4nd n\u00e5n av v\u00e5ra yachter f\u00f6r era m\u00f6ten, workshops eller liknande. F\u00f6rh\u00f6j upplevelsen av era m\u00f6ten och ta dem [&hellip;]\" \/>\n<meta property=\"og:url\" content=\"https:\/\/nautilus.se\/eng\/executive-plan\/\" \/>\n<meta property=\"og:site_name\" content=\"Nautilus Boat Club\" \/>\n<meta property=\"article:publisher\" content=\"https:\/\/www.facebook.com\/nautilusboatclub\/\" \/>\n<meta property=\"article:modified_time\" content=\"2023-02-14T13:16:57+00:00\" \/>\n<meta property=\"og:image\" content=\"https:\/\/nautilus.se\/wp-content\/uploads\/2022\/06\/Beneteau-Swift-Trawler-50.jpg\" \/>\n\t<meta property=\"og:image:width\" content=\"1126\" \/>\n\t<meta property=\"og:image:height\" content=\"750\" \/>\n\t<meta property=\"og:image:type\" content=\"image\/jpeg\" \/>\n<meta name=\"twitter:card\" content=\"summary_large_image\" \/>\n<meta name=\"twitter:label1\" content=\"Est. reading time\" \/>\n\t<meta name=\"twitter:data1\" content=\"2 minutes\" \/>\n<script type=\"application\/ld+json\" class=\"yoast-schema-graph\">{\"@context\":\"https:\\\/\\\/schema.org\",\"@graph\":[{\"@type\":\"WebPage\",\"@id\":\"https:\\\/\\\/nautilus.se\\\/executive-plan\\\/\",\"url\":\"https:\\\/\\\/nautilus.se\\\/executive-plan\\\/\",\"name\":\"Executive Plan |\",\"isPartOf\":{\"@id\":\"https:\\\/\\\/nautilus.se\\\/#website\"},\"primaryImageOfPage\":{\"@id\":\"https:\\\/\\\/nautilus.se\\\/executive-plan\\\/#primaryimage\"},\"image\":{\"@id\":\"https:\\\/\\\/nautilus.se\\\/executive-plan\\\/#primaryimage\"},\"thumbnailUrl\":\"https:\\\/\\\/nautilus.se\\\/wp-content\\\/uploads\\\/2022\\\/06\\\/Beneteau-Swift-Trawler-50.jpg\",\"datePublished\":\"2022-09-26T12:30:32+00:00\",\"dateModified\":\"2023-02-14T13:16:57+00:00\",\"breadcrumb\":{\"@id\":\"https:\\\/\\\/nautilus.se\\\/executive-plan\\\/#breadcrumb\"},\"inLanguage\":\"en-US\",\"potentialAction\":[{\"@type\":\"ReadAction\",\"target\":[\"https:\\\/\\\/nautilus.se\\\/executive-plan\\\/\"]}]},{\"@type\":\"ImageObject\",\"inLanguage\":\"en-US\",\"@id\":\"https:\\\/\\\/nautilus.se\\\/executive-plan\\\/#primaryimage\",\"url\":\"https:\\\/\\\/nautilus.se\\\/wp-content\\\/uploads\\\/2022\\\/06\\\/Beneteau-Swift-Trawler-50.jpg\",\"contentUrl\":\"https:\\\/\\\/nautilus.se\\\/wp-content\\\/uploads\\\/2022\\\/06\\\/Beneteau-Swift-Trawler-50.jpg\",\"width\":1126,\"height\":750,\"caption\":\"Boka Beneteau Swift Trawler 50\"},{\"@type\":\"BreadcrumbList\",\"@id\":\"https:\\\/\\\/nautilus.se\\\/executive-plan\\\/#breadcrumb\",\"itemListElement\":[{\"@type\":\"ListItem\",\"position\":1,\"name\":\"Home\",\"item\":\"https:\\\/\\\/nautilus.se\\\/\"},{\"@type\":\"ListItem\",\"position\":2,\"name\":\"Executive Plan\"}]},{\"@type\":\"WebSite\",\"@id\":\"https:\\\/\\\/nautilus.se\\\/#website\",\"url\":\"https:\\\/\\\/nautilus.se\\\/\",\"name\":\"Nautilus Boat Club\",\"description\":\"H\u00e4r kan du hyra b\u00e5t, dela b\u00e5t, del\u00e4ga b\u00e5t och vara med i b\u00e5tpool.\",\"publisher\":{\"@id\":\"https:\\\/\\\/nautilus.se\\\/#organization\"},\"potentialAction\":[{\"@type\":\"SearchAction\",\"target\":{\"@type\":\"EntryPoint\",\"urlTemplate\":\"https:\\\/\\\/nautilus.se\\\/?s={search_term_string}\"},\"query-input\":{\"@type\":\"PropertyValueSpecification\",\"valueRequired\":true,\"valueName\":\"search_term_string\"}}],\"inLanguage\":\"en-US\"},{\"@type\":\"Organization\",\"@id\":\"https:\\\/\\\/nautilus.se\\\/#organization\",\"name\":\"Nautilus Boat Club AB\",\"alternateName\":\"Nautilus Boat Club\",\"url\":\"https:\\\/\\\/nautilus.se\\\/\",\"logo\":{\"@type\":\"ImageObject\",\"inLanguage\":\"en-US\",\"@id\":\"https:\\\/\\\/nautilus.se\\\/#\\\/schema\\\/logo\\\/image\\\/\",\"url\":\"https:\\\/\\\/nautilus.se\\\/wp-content\\\/uploads\\\/2022\\\/10\\\/Nautilus-shell-blue-back-w-logo.png\",\"contentUrl\":\"https:\\\/\\\/nautilus.se\\\/wp-content\\\/uploads\\\/2022\\\/10\\\/Nautilus-shell-blue-back-w-logo.png\",\"width\":1755,\"height\":1130,\"caption\":\"Nautilus Boat Club AB\"},\"image\":{\"@id\":\"https:\\\/\\\/nautilus.se\\\/#\\\/schema\\\/logo\\\/image\\\/\"},\"sameAs\":[\"https:\\\/\\\/www.facebook.com\\\/nautilusboatclub\\\/\",\"https:\\\/\\\/www.instagram.com\\\/nautilusboatclub\\\/\",\"https:\\\/\\\/www.linkedin.com\\\/company\\\/4998214\\\/admin\\\/\",\"https:\\\/\\\/www.youtube.com\\\/channel\\\/UCrhrs3yv-t72B5igMm2keKQ\\\/videos?app=desktop\"]}]}<\/script>\n<!-- \/ Yoast SEO Premium plugin. -->","yoast_head_json":{"title":"Executive Plan |","robots":{"index":"index","follow":"follow","max-snippet":"max-snippet:-1","max-image-preview":"max-image-preview:large","max-video-preview":"max-video-preview:-1"},"canonical":"https:\/\/nautilus.se\/eng\/executive-plan\/","og_locale":"en_US","og_type":"article","og_title":"Executive Plan","og_description":"Detta \u00e4r ett helhetspaket f\u00f6r f\u00f6retaget. Exempelvis \u00e4r tv\u00e5 event\/charters per \u00e5r inkluderade. Ta tex kick-offen eller f\u00f6retagsfesten p\u00e5 sj\u00f6n! Du har \u00e4ven fri tillg\u00e5ng att boka \u201dm\u00f6tesrum p\u00e5 sj\u00f6n\u201d. Dvs anv\u00e4nd n\u00e5n av v\u00e5ra yachter f\u00f6r era m\u00f6ten, workshops eller liknande. F\u00f6rh\u00f6j upplevelsen av era m\u00f6ten och ta dem [&hellip;]","og_url":"https:\/\/nautilus.se\/eng\/executive-plan\/","og_site_name":"Nautilus Boat Club","article_publisher":"https:\/\/www.facebook.com\/nautilusboatclub\/","article_modified_time":"2023-02-14T13:16:57+00:00","og_image":[{"width":1126,"height":750,"url":"https:\/\/nautilus.se\/wp-content\/uploads\/2022\/06\/Beneteau-Swift-Trawler-50.jpg","type":"image\/jpeg"}],"twitter_card":"summary_large_image","twitter_misc":{"Est. reading time":"2 minutes"},"schema":{"@context":"https:\/\/schema.org","@graph":[{"@type":"WebPage","@id":"https:\/\/nautilus.se\/executive-plan\/","url":"https:\/\/nautilus.se\/executive-plan\/","name":"Executive Plan |","isPartOf":{"@id":"https:\/\/nautilus.se\/#website"},"primaryImageOfPage":{"@id":"https:\/\/nautilus.se\/executive-plan\/#primaryimage"},"image":{"@id":"https:\/\/nautilus.se\/executive-plan\/#primaryimage"},"thumbnailUrl":"https:\/\/nautilus.se\/wp-content\/uploads\/2022\/06\/Beneteau-Swift-Trawler-50.jpg","datePublished":"2022-09-26T12:30:32+00:00","dateModified":"2023-02-14T13:16:57+00:00","breadcrumb":{"@id":"https:\/\/nautilus.se\/executive-plan\/#breadcrumb"},"inLanguage":"en-US","potentialAction":[{"@type":"ReadAction","target":["https:\/\/nautilus.se\/executive-plan\/"]}]},{"@type":"ImageObject","inLanguage":"en-US","@id":"https:\/\/nautilus.se\/executive-plan\/#primaryimage","url":"https:\/\/nautilus.se\/wp-content\/uploads\/2022\/06\/Beneteau-Swift-Trawler-50.jpg","contentUrl":"https:\/\/nautilus.se\/wp-content\/uploads\/2022\/06\/Beneteau-Swift-Trawler-50.jpg","width":1126,"height":750,"caption":"Boka Beneteau Swift Trawler 50"},{"@type":"BreadcrumbList","@id":"https:\/\/nautilus.se\/executive-plan\/#breadcrumb","itemListElement":[{"@type":"ListItem","position":1,"name":"Home","item":"https:\/\/nautilus.se\/"},{"@type":"ListItem","position":2,"name":"Executive Plan"}]},{"@type":"WebSite","@id":"https:\/\/nautilus.se\/#website","url":"https:\/\/nautilus.se\/","name":"Nautilus Boat Club","description":"H\u00e4r kan du hyra b\u00e5t, dela b\u00e5t, del\u00e4ga b\u00e5t och vara med i b\u00e5tpool.","publisher":{"@id":"https:\/\/nautilus.se\/#organization"},"potentialAction":[{"@type":"SearchAction","target":{"@type":"EntryPoint","urlTemplate":"https:\/\/nautilus.se\/?s={search_term_string}"},"query-input":{"@type":"PropertyValueSpecification","valueRequired":true,"valueName":"search_term_string"}}],"inLanguage":"en-US"},{"@type":"Organization","@id":"https:\/\/nautilus.se\/#organization","name":"Nautilus Boat Club AB","alternateName":"Nautilus Boat Club","url":"https:\/\/nautilus.se\/","logo":{"@type":"ImageObject","inLanguage":"en-US","@id":"https:\/\/nautilus.se\/#\/schema\/logo\/image\/","url":"https:\/\/nautilus.se\/wp-content\/uploads\/2022\/10\/Nautilus-shell-blue-back-w-logo.png","contentUrl":"https:\/\/nautilus.se\/wp-content\/uploads\/2022\/10\/Nautilus-shell-blue-back-w-logo.png","width":1755,"height":1130,"caption":"Nautilus Boat Club AB"},"image":{"@id":"https:\/\/nautilus.se\/#\/schema\/logo\/image\/"},"sameAs":["https:\/\/www.facebook.com\/nautilusboatclub\/","https:\/\/www.instagram.com\/nautilusboatclub\/","https:\/\/www.linkedin.com\/company\/4998214\/admin\/","https:\/\/www.youtube.com\/channel\/UCrhrs3yv-t72B5igMm2keKQ\/videos?app=desktop"]}]}},"_links":{"self":[{"href":"https:\/\/nautilus.se\/eng\/wp-json\/wp\/v2\/pages\/18100","targetHints":{"allow":["GET"]}}],"collection":[{"href":"https:\/\/nautilus.se\/eng\/wp-json\/wp\/v2\/pages"}],"about":[{"href":"https:\/\/nautilus.se\/eng\/wp-json\/wp\/v2\/types\/page"}],"author":[{"embeddable":true,"href":"https:\/\/nautilus.se\/eng\/wp-json\/wp\/v2\/users\/21"}],"replies":[{"embeddable":true,"href":"https:\/\/nautilus.se\/eng\/wp-json\/wp\/v2\/comments?post=18100"}],"version-history":[{"count":16,"href":"https:\/\/nautilus.se\/eng\/wp-json\/wp\/v2\/pages\/18100\/revisions"}],"predecessor-version":[{"id":20671,"href":"https:\/\/nautilus.se\/eng\/wp-json\/wp\/v2\/pages\/18100\/revisions\/20671"}],"wp:featuredmedia":[{"embeddable":true,"href":"https:\/\/nautilus.se\/eng\/wp-json\/wp\/v2\/media\/15611"}],"wp:attachment":[{"href":"https:\/\/nautilus.se\/eng\/wp-json\/wp\/v2\/media?parent=18100"}],"curies":[{"name":"wp","href":"https:\/\/api.w.org\/{rel}","templated":true}]}}