{"id":18279,"date":"2022-10-18T09:27:33","date_gmt":"2022-10-18T08:27:33","guid":{"rendered":"https:\/\/nautilus.se\/?page_id=18279"},"modified":"2022-10-18T13:57:11","modified_gmt":"2022-10-18T12:57:11","slug":"boat-club-partner","status":"publish","type":"page","link":"https:\/\/nautilus.se\/eng\/boat-club-partner\/","title":{"rendered":"Boat Club Partners"},"content":{"rendered":"\t\t<div data-elementor-type=\"wp-page\" data-elementor-id=\"18279\" class=\"elementor elementor-18279\" data-elementor-post-type=\"page\">\n\t\t\t\t\t\t<section class=\"elementor-section elementor-top-section elementor-element elementor-element-1e0365c elementor-section-boxed elementor-section-height-default elementor-section-height-default\" data-id=\"1e0365c\" data-element_type=\"section\" data-e-type=\"section\">\n\t\t\t\t\t\t<div class=\"elementor-container elementor-column-gap-default\">\n\t\t\t\t\t<div class=\"elementor-column elementor-col-100 elementor-top-column elementor-element elementor-element-8aac6ea\" data-id=\"8aac6ea\" data-element_type=\"column\" data-e-type=\"column\">\n\t\t\t<div class=\"elementor-widget-wrap elementor-element-populated\">\n\t\t\t\t\t\t<div class=\"elementor-element elementor-element-1cd84d1 elementor-widget elementor-widget-text-editor\" data-id=\"1cd84d1\" data-element_type=\"widget\" data-e-type=\"widget\" data-widget_type=\"text-editor.default\">\n\t\t\t\t<div class=\"elementor-widget-container\">\n\t\t\t\t\t\t\t\t\t<p>Nautilus Boat Club bedriver idag b\u00e5tuthyrning och erbjuder b\u00e5tdelningstj\u00e4nster I b\u00f6rjan av 2023 lanserar vi en ny tj\u00e4nst som riktar sig till b\u00e5t\u00e4gare runtom hela Sverige. Tj\u00e4nsten innefattar ett medlemskap som ska underl\u00e4tta och f\u00f6renkla b\u00e5tlivet. Det kommer bland annat att ing\u00e5 f\u00f6rm\u00e5ner och erbjudanden och till dessa s\u00f6ker vi samarbetspartners, d\u00e4r ni \u00e4r en av dessa som vi skulle vilja samarbeta med.\u00a0<\/p><p>Vi marknadsf\u00f6r er kostnadsfritt p\u00e5 v\u00e5r hemsida d\u00e4r det kommer att finnas en kort beskrivning av er verksamhet samt en l\u00e4nk till er hemsida. Vi skickar regelbundet ut nyhetsbrev\u00a0 och g\u00f6r inl\u00e4gg p\u00e5 v\u00e5ra sociala medier, d\u00e4r vi d\u00e5 kan pusha ut era nyheter och erbjudanden. Det vi vill ha i utbyte \u00e4r n\u00e5gon typ av f\u00f6rm\u00e5n eller erbjudande till v\u00e5ra medlemmar.<br \/>Vi f\u00f6rv\u00e4ntar oss ett medlemsantal f\u00f6rsta \u00e5ret p\u00e5 ca 20 000.<\/p><p>\u00a0<\/p><p><strong>Anslutna Boat Club Partners<\/strong>\u00a0<\/p><ul><li>CPN padel. 20% rabatt\u00a0<\/li><li>Kattholmen restaurang. 10% rabatt p\u00e5 notan<\/li><li>Orangeriet restaurang. 10% rabatt p\u00e5 notan<\/li><li>Hamnkrogen Vaxholm. 20% p\u00e5 notan<\/li><li>Baltic Lifejackets. Erbjuder utbildningar p\u00e5 sina produkter och f\u00f6rm\u00e5nliga priser p\u00e5 utvalda produkter<\/li><li>Villa Soludden. Fri catering ombord och 10% rabatt p\u00e5 b\u00e5tcharter vid bokning av b\u00e5ttur i kombination med konferens eller br\u00f6llop.<\/li><li>Gransegel.<\/li><li>Pantaenius b\u00e5tf\u00f6rs\u00e4kring.<\/li><\/ul>\t\t\t\t\t\t\t\t<\/div>\n\t\t\t\t<\/div>\n\t\t\t\t\t<\/div>\n\t\t<\/div>\n\t\t\t\t\t<\/div>\n\t\t<\/section>\n\t\t\t\t<section class=\"elementor-section elementor-top-section elementor-element elementor-element-4ccfe2b elementor-section-boxed elementor-section-height-default elementor-section-height-default\" data-id=\"4ccfe2b\" data-element_type=\"section\" data-e-type=\"section\">\n\t\t\t\t\t\t<div class=\"elementor-container elementor-column-gap-default\">\n\t\t\t\t\t<div class=\"elementor-column elementor-col-100 elementor-top-column elementor-element elementor-element-830f65e\" data-id=\"830f65e\" data-element_type=\"column\" data-e-type=\"column\">\n\t\t\t<div class=\"elementor-widget-wrap elementor-element-populated\">\n\t\t\t\t\t\t<div class=\"elementor-element elementor-element-4d0f4c1 elementor-widget elementor-widget-heading\" data-id=\"4d0f4c1\" data-element_type=\"widget\" data-e-type=\"widget\" data-widget_type=\"heading.default\">\n\t\t\t\t<div class=\"elementor-widget-container\">\n\t\t\t\t\t<h2 class=\"elementor-heading-title elementor-size-default\">Vill du ocks\u00e5 bli v\u00e5r partner?<\/h2>\t\t\t\t<\/div>\n\t\t\t\t<\/div>\n\t\t\t\t<div class=\"elementor-element elementor-element-a063765 elementor-widget elementor-widget-text-editor\" data-id=\"a063765\" data-element_type=\"widget\" data-e-type=\"widget\" data-widget_type=\"text-editor.default\">\n\t\t\t\t<div class=\"elementor-widget-container\">\n\t\t\t\t\t\t\t\t\t<p>Vi s\u00f6ker alltid nya sp\u00e4nnande samarbeten. Skicka oss g\u00e4rna ett meddelande s\u00e5 h\u00f6r vi av oss!<\/p>\t\t\t\t\t\t\t\t<\/div>\n\t\t\t\t<\/div>\n\t\t\t\t<div class=\"elementor-element elementor-element-b379e0b elementor-button-align-stretch elementor-widget elementor-widget-form\" data-id=\"b379e0b\" data-element_type=\"widget\" data-e-type=\"widget\" data-settings=\"{&quot;step_next_label&quot;:&quot;N\\u00e4sta&quot;,&quot;step_previous_label&quot;:&quot;F\\u00f6reg\\u00e5ende&quot;,&quot;button_width&quot;:&quot;100&quot;,&quot;step_type&quot;:&quot;number_text&quot;,&quot;step_icon_shape&quot;:&quot;circle&quot;}\" data-widget_type=\"form.default\">\n\t\t\t\t<div class=\"elementor-widget-container\">\n\t\t\t\t\t\t\t<form class=\"elementor-form\" method=\"post\" name=\"Formul\u00e4r partners\" aria-label=\"Formul\u00e4r partners\">\n\t\t\t<input type=\"hidden\" name=\"post_id\" value=\"18279\"\/>\n\t\t\t<input type=\"hidden\" name=\"form_id\" value=\"b379e0b\"\/>\n\t\t\t<input type=\"hidden\" name=\"referer_title\" value=\"Boat Club Partners |\" \/>\n\n\t\t\t\t\t\t\t<input type=\"hidden\" name=\"queried_id\" value=\"18279\"\/>\n\t\t\t\n\t\t\t<div class=\"elementor-form-fields-wrapper elementor-labels-\">\n\t\t\t\t\t\t\t\t<div class=\"elementor-field-type-text elementor-field-group elementor-column elementor-field-group-name elementor-col-100\">\n\t\t\t\t\t\t\t\t\t\t\t\t<label for=\"form-field-name\" class=\"elementor-field-label elementor-screen-only\">\n\t\t\t\t\t\t\t\tNamn\t\t\t\t\t\t\t<\/label>\n\t\t\t\t\t\t\t\t\t\t\t\t\t\t<input size=\"1\" type=\"text\" name=\"form_fields[name]\" id=\"form-field-name\" class=\"elementor-field elementor-size-sm  elementor-field-textual\" placeholder=\"Namn\">\n\t\t\t\t\t\t\t\t\t\t\t<\/div>\n\t\t\t\t\t\t\t\t<div class=\"elementor-field-type-number elementor-field-group elementor-column elementor-field-group-field_206b34b elementor-col-100\">\n\t\t\t\t\t\t\t\t\t\t\t\t<label for=\"form-field-field_206b34b\" class=\"elementor-field-label elementor-screen-only\">\n\t\t\t\t\t\t\t\tTelefon\t\t\t\t\t\t\t<\/label>\n\t\t\t\t\t\t\t\t\t<input type=\"number\" name=\"form_fields[field_206b34b]\" id=\"form-field-field_206b34b\" class=\"elementor-field elementor-size-sm  elementor-field-textual\" placeholder=\"Telefon\" min=\"\" max=\"\" >\n\t\t\t\t\t\t<\/div>\n\t\t\t\t\t\t\t\t<div class=\"elementor-field-type-email elementor-field-group elementor-column elementor-field-group-email elementor-col-100 elementor-field-required\">\n\t\t\t\t\t\t\t\t\t\t\t\t<label for=\"form-field-email\" class=\"elementor-field-label elementor-screen-only\">\n\t\t\t\t\t\t\t\tE-post\t\t\t\t\t\t\t<\/label>\n\t\t\t\t\t\t\t\t\t\t\t\t\t\t<input size=\"1\" type=\"email\" name=\"form_fields[email]\" id=\"form-field-email\" class=\"elementor-field elementor-size-sm  elementor-field-textual\" placeholder=\"E-post\" required=\"required\">\n\t\t\t\t\t\t\t\t\t\t\t<\/div>\n\t\t\t\t\t\t\t\t<div class=\"elementor-field-type-textarea elementor-field-group elementor-column elementor-field-group-message elementor-col-100\">\n\t\t\t\t\t\t\t\t\t\t\t\t<label for=\"form-field-message\" class=\"elementor-field-label elementor-screen-only\">\n\t\t\t\t\t\t\t\tMeddelande\t\t\t\t\t\t\t<\/label>\n\t\t\t\t\t\t<textarea class=\"elementor-field-textual elementor-field  elementor-size-sm\" name=\"form_fields[message]\" id=\"form-field-message\" rows=\"4\" placeholder=\"Meddelande\"><\/textarea>\t\t\t\t<\/div>\n\t\t\t\t\t\t\t\t<div class=\"elementor-field-group elementor-column elementor-field-type-submit elementor-col-100 e-form__buttons\">\n\t\t\t\t\t<button class=\"elementor-button elementor-size-sm\" type=\"submit\">\n\t\t\t\t\t\t<span class=\"elementor-button-content-wrapper\">\n\t\t\t\t\t\t\t\t\t\t\t\t\t\t\t\t\t\t\t\t\t\t<span class=\"elementor-button-text\">Skicka<\/span>\n\t\t\t\t\t\t\t\t\t\t\t\t\t<\/span>\n\t\t\t\t\t<\/button>\n\t\t\t\t<\/div>\n\t\t\t<\/div>\n\t\t<\/form>\n\t\t\t\t\t\t<\/div>\n\t\t\t\t<\/div>\n\t\t\t\t\t<\/div>\n\t\t<\/div>\n\t\t\t\t\t<\/div>\n\t\t<\/section>\n\t\t\t\t<\/div>\n\t\t","protected":false},"excerpt":{"rendered":"<p>Nautilus Boat Club bedriver idag b\u00e5tuthyrning och erbjuder b\u00e5tdelningstj\u00e4nster I b\u00f6rjan av 2023 lanserar vi en ny tj\u00e4nst som riktar sig till b\u00e5t\u00e4gare runtom hela Sverige. Tj\u00e4nsten innefattar ett medlemskap som ska underl\u00e4tta och f\u00f6renkla b\u00e5tlivet. Det kommer bland annat att ing\u00e5 f\u00f6rm\u00e5ner och erbjudanden och till dessa s\u00f6ker vi [&hellip;]<\/p>\n","protected":false},"author":21,"featured_media":13307,"parent":0,"menu_order":0,"comment_status":"closed","ping_status":"closed","template":"","meta":{"inspiro_page_layout":"narrow","inspiro_hide_title":false,"footnotes":""},"class_list":["post-18279","page","type-page","status-publish","has-post-thumbnail","hentry"],"yoast_head":"<!-- This site is optimized with the Yoast SEO Premium plugin v27.3 (Yoast SEO v27.4) - https:\/\/yoast.com\/product\/yoast-seo-premium-wordpress\/ -->\n<title>Boat Club Partners |<\/title>\n<meta name=\"robots\" content=\"index, follow, max-snippet:-1, max-image-preview:large, max-video-preview:-1\" \/>\n<link rel=\"canonical\" href=\"https:\/\/nautilus.se\/eng\/boat-club-partner\/\" \/>\n<meta property=\"og:locale\" content=\"en_US\" \/>\n<meta property=\"og:type\" content=\"article\" \/>\n<meta property=\"og:title\" content=\"Boat Club Partners\" \/>\n<meta property=\"og:description\" content=\"Nautilus Boat Club bedriver idag b\u00e5tuthyrning och erbjuder b\u00e5tdelningstj\u00e4nster I b\u00f6rjan av 2023 lanserar vi en ny tj\u00e4nst som riktar sig till b\u00e5t\u00e4gare runtom hela Sverige. Tj\u00e4nsten innefattar ett medlemskap som ska underl\u00e4tta och f\u00f6renkla b\u00e5tlivet. Det kommer bland annat att ing\u00e5 f\u00f6rm\u00e5ner och erbjudanden och till dessa s\u00f6ker vi [&hellip;]\" \/>\n<meta property=\"og:url\" content=\"https:\/\/nautilus.se\/eng\/boat-club-partner\/\" \/>\n<meta property=\"og:site_name\" content=\"Nautilus Boat Club\" \/>\n<meta property=\"article:publisher\" content=\"https:\/\/www.facebook.com\/nautilusboatclub\/\" \/>\n<meta property=\"article:modified_time\" content=\"2022-10-18T12:57:11+00:00\" \/>\n<meta property=\"og:image\" content=\"https:\/\/nautilus.se\/wp-content\/uploads\/2022\/02\/Enkelt-batande-fotter.jpg\" \/>\n\t<meta property=\"og:image:width\" content=\"1816\" \/>\n\t<meta property=\"og:image:height\" content=\"1213\" \/>\n\t<meta property=\"og:image:type\" content=\"image\/jpeg\" \/>\n<meta name=\"twitter:card\" content=\"summary_large_image\" \/>\n<meta name=\"twitter:label1\" content=\"Est. reading time\" \/>\n\t<meta name=\"twitter:data1\" content=\"2 minutes\" \/>\n<script type=\"application\/ld+json\" class=\"yoast-schema-graph\">{\"@context\":\"https:\\\/\\\/schema.org\",\"@graph\":[{\"@type\":\"WebPage\",\"@id\":\"https:\\\/\\\/nautilus.se\\\/boat-club-partner\\\/\",\"url\":\"https:\\\/\\\/nautilus.se\\\/boat-club-partner\\\/\",\"name\":\"Boat Club Partners |\",\"isPartOf\":{\"@id\":\"https:\\\/\\\/nautilus.se\\\/#website\"},\"primaryImageOfPage\":{\"@id\":\"https:\\\/\\\/nautilus.se\\\/boat-club-partner\\\/#primaryimage\"},\"image\":{\"@id\":\"https:\\\/\\\/nautilus.se\\\/boat-club-partner\\\/#primaryimage\"},\"thumbnailUrl\":\"https:\\\/\\\/nautilus.se\\\/wp-content\\\/uploads\\\/2022\\\/02\\\/Enkelt-batande-fotter.jpg\",\"datePublished\":\"2022-10-18T08:27:33+00:00\",\"dateModified\":\"2022-10-18T12:57:11+00:00\",\"breadcrumb\":{\"@id\":\"https:\\\/\\\/nautilus.se\\\/boat-club-partner\\\/#breadcrumb\"},\"inLanguage\":\"en-US\",\"potentialAction\":[{\"@type\":\"ReadAction\",\"target\":[\"https:\\\/\\\/nautilus.se\\\/boat-club-partner\\\/\"]}]},{\"@type\":\"ImageObject\",\"inLanguage\":\"en-US\",\"@id\":\"https:\\\/\\\/nautilus.se\\\/boat-club-partner\\\/#primaryimage\",\"url\":\"https:\\\/\\\/nautilus.se\\\/wp-content\\\/uploads\\\/2022\\\/02\\\/Enkelt-batande-fotter.jpg\",\"contentUrl\":\"https:\\\/\\\/nautilus.se\\\/wp-content\\\/uploads\\\/2022\\\/02\\\/Enkelt-batande-fotter.jpg\",\"width\":1816,\"height\":1213,\"caption\":\"Enkelt b\u00e5tande f\u00f6tter\"},{\"@type\":\"BreadcrumbList\",\"@id\":\"https:\\\/\\\/nautilus.se\\\/boat-club-partner\\\/#breadcrumb\",\"itemListElement\":[{\"@type\":\"ListItem\",\"position\":1,\"name\":\"Home\",\"item\":\"https:\\\/\\\/nautilus.se\\\/\"},{\"@type\":\"ListItem\",\"position\":2,\"name\":\"Boat Club Partners\"}]},{\"@type\":\"WebSite\",\"@id\":\"https:\\\/\\\/nautilus.se\\\/#website\",\"url\":\"https:\\\/\\\/nautilus.se\\\/\",\"name\":\"Nautilus Boat Club\",\"description\":\"H\u00e4r kan du hyra b\u00e5t, dela b\u00e5t, del\u00e4ga b\u00e5t och vara med i b\u00e5tpool.\",\"publisher\":{\"@id\":\"https:\\\/\\\/nautilus.se\\\/#organization\"},\"potentialAction\":[{\"@type\":\"SearchAction\",\"target\":{\"@type\":\"EntryPoint\",\"urlTemplate\":\"https:\\\/\\\/nautilus.se\\\/?s={search_term_string}\"},\"query-input\":{\"@type\":\"PropertyValueSpecification\",\"valueRequired\":true,\"valueName\":\"search_term_string\"}}],\"inLanguage\":\"en-US\"},{\"@type\":\"Organization\",\"@id\":\"https:\\\/\\\/nautilus.se\\\/#organization\",\"name\":\"Nautilus Boat Club AB\",\"alternateName\":\"Nautilus Boat Club\",\"url\":\"https:\\\/\\\/nautilus.se\\\/\",\"logo\":{\"@type\":\"ImageObject\",\"inLanguage\":\"en-US\",\"@id\":\"https:\\\/\\\/nautilus.se\\\/#\\\/schema\\\/logo\\\/image\\\/\",\"url\":\"https:\\\/\\\/nautilus.se\\\/wp-content\\\/uploads\\\/2022\\\/10\\\/Nautilus-shell-blue-back-w-logo.png\",\"contentUrl\":\"https:\\\/\\\/nautilus.se\\\/wp-content\\\/uploads\\\/2022\\\/10\\\/Nautilus-shell-blue-back-w-logo.png\",\"width\":1755,\"height\":1130,\"caption\":\"Nautilus Boat Club AB\"},\"image\":{\"@id\":\"https:\\\/\\\/nautilus.se\\\/#\\\/schema\\\/logo\\\/image\\\/\"},\"sameAs\":[\"https:\\\/\\\/www.facebook.com\\\/nautilusboatclub\\\/\",\"https:\\\/\\\/www.instagram.com\\\/nautilusboatclub\\\/\",\"https:\\\/\\\/www.linkedin.com\\\/company\\\/4998214\\\/admin\\\/\",\"https:\\\/\\\/www.youtube.com\\\/channel\\\/UCrhrs3yv-t72B5igMm2keKQ\\\/videos?app=desktop\"]}]}<\/script>\n<!-- \/ Yoast SEO Premium plugin. -->","yoast_head_json":{"title":"Boat Club Partners |","robots":{"index":"index","follow":"follow","max-snippet":"max-snippet:-1","max-image-preview":"max-image-preview:large","max-video-preview":"max-video-preview:-1"},"canonical":"https:\/\/nautilus.se\/eng\/boat-club-partner\/","og_locale":"en_US","og_type":"article","og_title":"Boat Club Partners","og_description":"Nautilus Boat Club bedriver idag b\u00e5tuthyrning och erbjuder b\u00e5tdelningstj\u00e4nster I b\u00f6rjan av 2023 lanserar vi en ny tj\u00e4nst som riktar sig till b\u00e5t\u00e4gare runtom hela Sverige. Tj\u00e4nsten innefattar ett medlemskap som ska underl\u00e4tta och f\u00f6renkla b\u00e5tlivet. Det kommer bland annat att ing\u00e5 f\u00f6rm\u00e5ner och erbjudanden och till dessa s\u00f6ker vi [&hellip;]","og_url":"https:\/\/nautilus.se\/eng\/boat-club-partner\/","og_site_name":"Nautilus Boat Club","article_publisher":"https:\/\/www.facebook.com\/nautilusboatclub\/","article_modified_time":"2022-10-18T12:57:11+00:00","og_image":[{"width":1816,"height":1213,"url":"https:\/\/nautilus.se\/wp-content\/uploads\/2022\/02\/Enkelt-batande-fotter.jpg","type":"image\/jpeg"}],"twitter_card":"summary_large_image","twitter_misc":{"Est. reading time":"2 minutes"},"schema":{"@context":"https:\/\/schema.org","@graph":[{"@type":"WebPage","@id":"https:\/\/nautilus.se\/boat-club-partner\/","url":"https:\/\/nautilus.se\/boat-club-partner\/","name":"Boat Club Partners |","isPartOf":{"@id":"https:\/\/nautilus.se\/#website"},"primaryImageOfPage":{"@id":"https:\/\/nautilus.se\/boat-club-partner\/#primaryimage"},"image":{"@id":"https:\/\/nautilus.se\/boat-club-partner\/#primaryimage"},"thumbnailUrl":"https:\/\/nautilus.se\/wp-content\/uploads\/2022\/02\/Enkelt-batande-fotter.jpg","datePublished":"2022-10-18T08:27:33+00:00","dateModified":"2022-10-18T12:57:11+00:00","breadcrumb":{"@id":"https:\/\/nautilus.se\/boat-club-partner\/#breadcrumb"},"inLanguage":"en-US","potentialAction":[{"@type":"ReadAction","target":["https:\/\/nautilus.se\/boat-club-partner\/"]}]},{"@type":"ImageObject","inLanguage":"en-US","@id":"https:\/\/nautilus.se\/boat-club-partner\/#primaryimage","url":"https:\/\/nautilus.se\/wp-content\/uploads\/2022\/02\/Enkelt-batande-fotter.jpg","contentUrl":"https:\/\/nautilus.se\/wp-content\/uploads\/2022\/02\/Enkelt-batande-fotter.jpg","width":1816,"height":1213,"caption":"Enkelt b\u00e5tande f\u00f6tter"},{"@type":"BreadcrumbList","@id":"https:\/\/nautilus.se\/boat-club-partner\/#breadcrumb","itemListElement":[{"@type":"ListItem","position":1,"name":"Home","item":"https:\/\/nautilus.se\/"},{"@type":"ListItem","position":2,"name":"Boat Club Partners"}]},{"@type":"WebSite","@id":"https:\/\/nautilus.se\/#website","url":"https:\/\/nautilus.se\/","name":"Nautilus Boat Club","description":"H\u00e4r kan du hyra b\u00e5t, dela b\u00e5t, del\u00e4ga b\u00e5t och vara med i b\u00e5tpool.","publisher":{"@id":"https:\/\/nautilus.se\/#organization"},"potentialAction":[{"@type":"SearchAction","target":{"@type":"EntryPoint","urlTemplate":"https:\/\/nautilus.se\/?s={search_term_string}"},"query-input":{"@type":"PropertyValueSpecification","valueRequired":true,"valueName":"search_term_string"}}],"inLanguage":"en-US"},{"@type":"Organization","@id":"https:\/\/nautilus.se\/#organization","name":"Nautilus Boat Club AB","alternateName":"Nautilus Boat Club","url":"https:\/\/nautilus.se\/","logo":{"@type":"ImageObject","inLanguage":"en-US","@id":"https:\/\/nautilus.se\/#\/schema\/logo\/image\/","url":"https:\/\/nautilus.se\/wp-content\/uploads\/2022\/10\/Nautilus-shell-blue-back-w-logo.png","contentUrl":"https:\/\/nautilus.se\/wp-content\/uploads\/2022\/10\/Nautilus-shell-blue-back-w-logo.png","width":1755,"height":1130,"caption":"Nautilus Boat Club AB"},"image":{"@id":"https:\/\/nautilus.se\/#\/schema\/logo\/image\/"},"sameAs":["https:\/\/www.facebook.com\/nautilusboatclub\/","https:\/\/www.instagram.com\/nautilusboatclub\/","https:\/\/www.linkedin.com\/company\/4998214\/admin\/","https:\/\/www.youtube.com\/channel\/UCrhrs3yv-t72B5igMm2keKQ\/videos?app=desktop"]}]}},"_links":{"self":[{"href":"https:\/\/nautilus.se\/eng\/wp-json\/wp\/v2\/pages\/18279","targetHints":{"allow":["GET"]}}],"collection":[{"href":"https:\/\/nautilus.se\/eng\/wp-json\/wp\/v2\/pages"}],"about":[{"href":"https:\/\/nautilus.se\/eng\/wp-json\/wp\/v2\/types\/page"}],"author":[{"embeddable":true,"href":"https:\/\/nautilus.se\/eng\/wp-json\/wp\/v2\/users\/21"}],"replies":[{"embeddable":true,"href":"https:\/\/nautilus.se\/eng\/wp-json\/wp\/v2\/comments?post=18279"}],"version-history":[{"count":21,"href":"https:\/\/nautilus.se\/eng\/wp-json\/wp\/v2\/pages\/18279\/revisions"}],"predecessor-version":[{"id":18330,"href":"https:\/\/nautilus.se\/eng\/wp-json\/wp\/v2\/pages\/18279\/revisions\/18330"}],"wp:featuredmedia":[{"embeddable":true,"href":"https:\/\/nautilus.se\/eng\/wp-json\/wp\/v2\/media\/13307"}],"wp:attachment":[{"href":"https:\/\/nautilus.se\/eng\/wp-json\/wp\/v2\/media?parent=18279"}],"curies":[{"name":"wp","href":"https:\/\/api.w.org\/{rel}","templated":true}]}}