{"id":19433,"date":"2022-12-07T14:02:48","date_gmt":"2022-12-07T13:02:48","guid":{"rendered":"https:\/\/nautilus.se\/?page_id=19433"},"modified":"2023-02-14T14:18:27","modified_gmt":"2023-02-14T13:18:27","slug":"premiumplus_batabonnemang","status":"publish","type":"page","link":"https:\/\/nautilus.se\/eng\/premiumplus_batabonnemang\/","title":{"rendered":"Premium + B\u00e5tabonnemang"},"content":{"rendered":"\t\t<div data-elementor-type=\"wp-page\" data-elementor-id=\"19433\" class=\"elementor elementor-19433\" data-elementor-post-type=\"page\">\n\t\t\t\t\t\t<section class=\"elementor-section elementor-top-section elementor-element elementor-element-ac86ed5 elementor-section-boxed elementor-section-height-default elementor-section-height-default\" data-id=\"ac86ed5\" data-element_type=\"section\" data-e-type=\"section\">\n\t\t\t\t\t\t<div class=\"elementor-container elementor-column-gap-default\">\n\t\t\t\t\t<div class=\"elementor-column elementor-col-100 elementor-top-column elementor-element elementor-element-6311bdc\" data-id=\"6311bdc\" data-element_type=\"column\" data-e-type=\"column\">\n\t\t\t<div class=\"elementor-widget-wrap elementor-element-populated\">\n\t\t\t\t\t\t<div class=\"elementor-element elementor-element-74c9517 elementor-widget elementor-widget-text-editor\" data-id=\"74c9517\" data-element_type=\"widget\" data-e-type=\"widget\" data-widget_type=\"text-editor.default\">\n\t\t\t\t<div class=\"elementor-widget-container\">\n\t\t\t\t\t\t\t\t\t<p style=\"text-align: center;\">Detta abonnemang passar dig som vill k\u00f6ra v\u00e5ra st\u00f6rsta b\u00e5tar och njuta av ett riktigt premiumb\u00e5tliv. Tex \u00e4r st\u00e4dning alltid inkluderad.<\/p><p style=\"text-align: center;\">Bokningskrediten r\u00e4cker till ca 20 dagar med de st\u00f6rsta b\u00e5tarna.<br \/>Bindningstid p\u00e5 en s\u00e4song i taget.<br \/>Sj\u00f6assistens och Premium Assistens ing\u00e5r. Tryggt, och skulle n\u00e5nting fela s\u00e5 kommer vi ut och l\u00f6ser vi det p\u00e5 plats. Vi vet hur dyrbar tiden p\u00e5 sj\u00f6n \u00e4r.\u00a0<\/p><p style=\"text-align: center;\">L\u00e4ngden p\u00e5 respektive bokning framg\u00e5r per b\u00e5t. Sm\u00e5 b\u00e5tar kan bokas tex 1 dag i taget och st\u00f6rre b\u00e5tar upp till 14 dagar per bokning som l\u00e4ngst.<\/p>\t\t\t\t\t\t\t\t<\/div>\n\t\t\t\t<\/div>\n\t\t\t\t\t<\/div>\n\t\t<\/div>\n\t\t\t\t\t<\/div>\n\t\t<\/section>\n\t\t\t\t<section class=\"elementor-section elementor-top-section elementor-element elementor-element-34da51a elementor-section-boxed elementor-section-height-default elementor-section-height-default\" data-id=\"34da51a\" data-element_type=\"section\" data-e-type=\"section\">\n\t\t\t\t\t\t<div class=\"elementor-container elementor-column-gap-default\">\n\t\t\t\t\t<div class=\"elementor-column elementor-col-100 elementor-top-column elementor-element elementor-element-3f74d8a\" data-id=\"3f74d8a\" data-element_type=\"column\" data-e-type=\"column\">\n\t\t\t<div class=\"elementor-widget-wrap elementor-element-populated\">\n\t\t\t\t\t\t<div class=\"elementor-element elementor-element-143b1e3 elementor-widget elementor-widget-text-editor\" data-id=\"143b1e3\" data-element_type=\"widget\" data-e-type=\"widget\" data-widget_type=\"text-editor.default\">\n\t\t\t\t<div class=\"elementor-widget-container\">\n\t\t\t\t\t\t\t\t\t<p>Inkluderat<\/p><ul><li>75.000kr bokningskredit<\/li><li>St\u00e4dning efter varje bokning<\/li><li>Segel- och motorb\u00e5tar<\/li><li>Vattenskoter, kajak, SUP, mm<\/li><li>Fritt antal bokningar \/\u00e5r<\/li><li>1-4 anv\u00e4ndare f\u00f6r f\u00f6retag<\/li><li>Sj\u00f6assistens och Premium Assistens<\/li><\/ul><p>F\u00f6rdelar mot att hyra b\u00e5t<\/p><ul><li>tillg\u00e5ng till alla b\u00e5tar i flottan<\/li><li>flexiblare bokningsregler<\/li><li>h\u00e4mta och l\u00e4mna b\u00e5t sj\u00e4lv n\u00e4r du vill<\/li><li>upp till 50% billigare<\/li><li>b\u00e4ttre avbokningsregler<\/li><\/ul><p>F\u00f6r att teckna abonnemang g\u00e4ller<\/p><ul><li>kan tecknas privat eller p\u00e5 f\u00f6retag<\/li><li>svenskt person-\/organisationsnummer<\/li><li>anv\u00e4ndare ska vara minst 25 \u00e5r<\/li><li>anv\u00e4ndare ska ha l\u00e4gst F\u00f6rarintyg<\/li><li>god praktisk b\u00e5terfarenhet<\/li><li>Saknas intyg och\/eller erfarenhet kan du g\u00e5 v\u00e5r introduktionsutbildning<\/li><\/ul><div>Abonnemangskostnad <strong>72.000kr<\/strong>.<br \/>Inklusive moms privat, exklusive moms f\u00f6retag.<br \/>Faktureras kvartalsvis.<\/div>\t\t\t\t\t\t\t\t<\/div>\n\t\t\t\t<\/div>\n\t\t\t\t\t<\/div>\n\t\t<\/div>\n\t\t\t\t\t<\/div>\n\t\t<\/section>\n\t\t\t\t<section class=\"elementor-section elementor-top-section elementor-element elementor-element-8ea20a5 elementor-section-boxed elementor-section-height-default elementor-section-height-default\" data-id=\"8ea20a5\" data-element_type=\"section\" data-e-type=\"section\">\n\t\t\t\t\t\t<div class=\"elementor-container elementor-column-gap-default\">\n\t\t\t\t\t<div class=\"elementor-column elementor-col-100 elementor-top-column elementor-element elementor-element-3ad0540\" data-id=\"3ad0540\" data-element_type=\"column\" data-e-type=\"column\">\n\t\t\t<div class=\"elementor-widget-wrap elementor-element-populated\">\n\t\t\t\t\t\t<div class=\"elementor-element elementor-element-324fd30 elementor-widget-divider--view-line elementor-widget elementor-widget-divider\" data-id=\"324fd30\" data-element_type=\"widget\" data-e-type=\"widget\" data-widget_type=\"divider.default\">\n\t\t\t\t<div class=\"elementor-widget-container\">\n\t\t\t\t\t\t\t<div class=\"elementor-divider\">\n\t\t\t<span class=\"elementor-divider-separator\">\n\t\t\t\t\t\t<\/span>\n\t\t<\/div>\n\t\t\t\t\t\t<\/div>\n\t\t\t\t<\/div>\n\t\t\t\t\t<\/div>\n\t\t<\/div>\n\t\t\t\t\t<\/div>\n\t\t<\/section>\n\t\t\t\t<section class=\"elementor-section elementor-top-section elementor-element elementor-element-e6c28a1 elementor-section-boxed elementor-section-height-default elementor-section-height-default\" data-id=\"e6c28a1\" data-element_type=\"section\" data-e-type=\"section\">\n\t\t\t\t\t\t<div class=\"elementor-container elementor-column-gap-default\">\n\t\t\t\t\t<div class=\"elementor-column elementor-col-100 elementor-top-column elementor-element elementor-element-c59ebdf\" data-id=\"c59ebdf\" data-element_type=\"column\" data-e-type=\"column\">\n\t\t\t<div class=\"elementor-widget-wrap elementor-element-populated\">\n\t\t\t\t\t\t<div class=\"elementor-element elementor-element-8293294 elementor-widget elementor-widget-heading\" data-id=\"8293294\" data-element_type=\"widget\" data-e-type=\"widget\" data-widget_type=\"heading.default\">\n\t\t\t\t<div class=\"elementor-widget-container\">\n\t\t\t\t\t<h2 class=\"elementor-heading-title elementor-size-default\">Intresseanm\u00e4lan<\/h2>\t\t\t\t<\/div>\n\t\t\t\t<\/div>\n\t\t\t\t<div class=\"elementor-element elementor-element-232e22c elementor-widget elementor-widget-text-editor\" data-id=\"232e22c\" data-element_type=\"widget\" data-e-type=\"widget\" data-widget_type=\"text-editor.default\">\n\t\t\t\t<div class=\"elementor-widget-container\">\n\t\t\t\t\t\t\t\t\t<p>G\u00f6r g\u00e4rna en intresseanm\u00e4lan s\u00e5 kontaktar vi dig och hj\u00e4lper till!<\/p>\t\t\t\t\t\t\t\t<\/div>\n\t\t\t\t<\/div>\n\t\t\t\t<div class=\"elementor-element elementor-element-e5c6d28 elementor-button-align-stretch elementor-widget elementor-widget-form\" data-id=\"e5c6d28\" data-element_type=\"widget\" data-e-type=\"widget\" data-settings=\"{&quot;step_next_label&quot;:&quot;N\\u00e4sta&quot;,&quot;step_previous_label&quot;:&quot;F\\u00f6reg\\u00e5ende&quot;,&quot;button_width&quot;:&quot;100&quot;,&quot;step_type&quot;:&quot;number_text&quot;,&quot;step_icon_shape&quot;:&quot;circle&quot;}\" data-widget_type=\"form.default\">\n\t\t\t\t<div class=\"elementor-widget-container\">\n\t\t\t\t\t\t\t<form class=\"elementor-form\" method=\"post\" name=\"Nytt formul\u00e4r\" aria-label=\"Nytt formul\u00e4r\">\n\t\t\t<input type=\"hidden\" name=\"post_id\" value=\"19433\"\/>\n\t\t\t<input type=\"hidden\" name=\"form_id\" value=\"e5c6d28\"\/>\n\t\t\t<input type=\"hidden\" name=\"referer_title\" value=\"Premium + B\u00e5tabonnemang |\" \/>\n\n\t\t\t\t\t\t\t<input type=\"hidden\" name=\"queried_id\" value=\"19433\"\/>\n\t\t\t\n\t\t\t<div class=\"elementor-form-fields-wrapper elementor-labels-\">\n\t\t\t\t\t\t\t\t<div class=\"elementor-field-type-text elementor-field-group elementor-column elementor-field-group-name elementor-col-100\">\n\t\t\t\t\t\t\t\t\t\t\t\t<label for=\"form-field-name\" class=\"elementor-field-label elementor-screen-only\">\n\t\t\t\t\t\t\t\tNamn\t\t\t\t\t\t\t<\/label>\n\t\t\t\t\t\t\t\t\t\t\t\t\t\t<input size=\"1\" type=\"text\" name=\"form_fields[name]\" id=\"form-field-name\" class=\"elementor-field elementor-size-sm  elementor-field-textual\" placeholder=\"Namn\">\n\t\t\t\t\t\t\t\t\t\t\t<\/div>\n\t\t\t\t\t\t\t\t<div class=\"elementor-field-type-email elementor-field-group elementor-column elementor-field-group-email elementor-col-100 elementor-field-required\">\n\t\t\t\t\t\t\t\t\t\t\t\t<label for=\"form-field-email\" class=\"elementor-field-label elementor-screen-only\">\n\t\t\t\t\t\t\t\tE-post\t\t\t\t\t\t\t<\/label>\n\t\t\t\t\t\t\t\t\t\t\t\t\t\t<input size=\"1\" type=\"email\" name=\"form_fields[email]\" id=\"form-field-email\" class=\"elementor-field elementor-size-sm  elementor-field-textual\" placeholder=\"E-post\" required=\"required\">\n\t\t\t\t\t\t\t\t\t\t\t<\/div>\n\t\t\t\t\t\t\t\t<div class=\"elementor-field-type-tel elementor-field-group elementor-column elementor-field-group-field_2058233 elementor-col-100 elementor-field-required\">\n\t\t\t\t\t\t\t\t\t\t\t\t<label for=\"form-field-field_2058233\" class=\"elementor-field-label elementor-screen-only\">\n\t\t\t\t\t\t\t\tTelefonnummer\t\t\t\t\t\t\t<\/label>\n\t\t\t\t\t\t\t\t<input size=\"1\" type=\"tel\" name=\"form_fields[field_2058233]\" id=\"form-field-field_2058233\" class=\"elementor-field elementor-size-sm  elementor-field-textual\" placeholder=\"Telefonnummer\" required=\"required\" pattern=\"[0-9()#&amp;+*-=.]+\" title=\"Only numbers and phone characters (#, -, *, etc) are accepted.\">\n\n\t\t\t\t\t\t<\/div>\n\t\t\t\t\t\t\t\t<div class=\"elementor-field-type-textarea elementor-field-group elementor-column elementor-field-group-message elementor-col-100\">\n\t\t\t\t\t\t\t\t\t\t\t\t<label for=\"form-field-message\" class=\"elementor-field-label elementor-screen-only\">\n\t\t\t\t\t\t\t\tMeddelande\t\t\t\t\t\t\t<\/label>\n\t\t\t\t\t\t<textarea class=\"elementor-field-textual elementor-field  elementor-size-sm\" name=\"form_fields[message]\" id=\"form-field-message\" rows=\"4\" placeholder=\"Meddelande\"><\/textarea>\t\t\t\t<\/div>\n\t\t\t\t\t\t\t\t<div class=\"elementor-field-group elementor-column elementor-field-type-submit elementor-col-100 e-form__buttons\">\n\t\t\t\t\t<button class=\"elementor-button elementor-size-sm\" type=\"submit\">\n\t\t\t\t\t\t<span class=\"elementor-button-content-wrapper\">\n\t\t\t\t\t\t\t\t\t\t\t\t\t\t\t\t\t\t\t\t\t\t<span class=\"elementor-button-text\">Skicka<\/span>\n\t\t\t\t\t\t\t\t\t\t\t\t\t<\/span>\n\t\t\t\t\t<\/button>\n\t\t\t\t<\/div>\n\t\t\t<\/div>\n\t\t<\/form>\n\t\t\t\t\t\t<\/div>\n\t\t\t\t<\/div>\n\t\t\t\t\t<\/div>\n\t\t<\/div>\n\t\t\t\t\t<\/div>\n\t\t<\/section>\n\t\t\t\t<\/div>\n\t\t","protected":false},"excerpt":{"rendered":"<p>Detta abonnemang passar dig som vill k\u00f6ra v\u00e5ra st\u00f6rsta b\u00e5tar och njuta av ett riktigt premiumb\u00e5tliv. Tex \u00e4r st\u00e4dning alltid inkluderad. Bokningskrediten r\u00e4cker till ca 20 dagar med de st\u00f6rsta b\u00e5tarna.Bindningstid p\u00e5 en s\u00e4song i taget.Sj\u00f6assistens och Premium Assistens ing\u00e5r. Tryggt, och skulle n\u00e5nting fela s\u00e5 kommer vi ut och [&hellip;]<\/p>\n","protected":false},"author":21,"featured_media":13324,"parent":0,"menu_order":0,"comment_status":"closed","ping_status":"closed","template":"page-templates\/full-width-builder-bb.php","meta":{"inspiro_page_layout":"narrow","inspiro_hide_title":false,"footnotes":""},"class_list":["post-19433","page","type-page","status-publish","has-post-thumbnail","hentry"],"yoast_head":"<!-- This site is optimized with the Yoast SEO Premium plugin v27.4 (Yoast SEO v27.5) - https:\/\/yoast.com\/product\/yoast-seo-premium-wordpress\/ -->\n<title>Premium + B\u00e5tabonnemang |<\/title>\n<meta name=\"robots\" content=\"index, follow, max-snippet:-1, max-image-preview:large, max-video-preview:-1\" \/>\n<link rel=\"canonical\" href=\"https:\/\/nautilus.se\/eng\/premiumplus_batabonnemang\/\" \/>\n<meta property=\"og:locale\" content=\"en_US\" \/>\n<meta property=\"og:type\" content=\"article\" \/>\n<meta property=\"og:title\" content=\"Premium + B\u00e5tabonnemang\" \/>\n<meta property=\"og:description\" content=\"Detta abonnemang passar dig som vill k\u00f6ra v\u00e5ra st\u00f6rsta b\u00e5tar och njuta av ett riktigt premiumb\u00e5tliv. Tex \u00e4r st\u00e4dning alltid inkluderad. Bokningskrediten r\u00e4cker till ca 20 dagar med de st\u00f6rsta b\u00e5tarna.Bindningstid p\u00e5 en s\u00e4song i taget.Sj\u00f6assistens och Premium Assistens ing\u00e5r. Tryggt, och skulle n\u00e5nting fela s\u00e5 kommer vi ut och [&hellip;]\" \/>\n<meta property=\"og:url\" content=\"https:\/\/nautilus.se\/eng\/premiumplus_batabonnemang\/\" \/>\n<meta property=\"og:site_name\" content=\"Nautilus Boat Club\" \/>\n<meta property=\"article:publisher\" content=\"https:\/\/www.facebook.com\/nautilusboatclub\/\" \/>\n<meta property=\"article:modified_time\" content=\"2023-02-14T13:18:27+00:00\" \/>\n<meta property=\"og:image\" content=\"https:\/\/nautilus.se\/wp-content\/uploads\/2020\/06\/IMG_1483-scaled.jpg\" \/>\n\t<meta property=\"og:image:width\" content=\"2560\" \/>\n\t<meta property=\"og:image:height\" content=\"1920\" \/>\n\t<meta property=\"og:image:type\" content=\"image\/jpeg\" \/>\n<meta name=\"twitter:card\" content=\"summary_large_image\" \/>\n<meta name=\"twitter:label1\" content=\"Est. reading time\" \/>\n\t<meta name=\"twitter:data1\" content=\"2 minutes\" \/>\n<script type=\"application\/ld+json\" class=\"yoast-schema-graph\">{\"@context\":\"https:\\\/\\\/schema.org\",\"@graph\":[{\"@type\":\"WebPage\",\"@id\":\"https:\\\/\\\/nautilus.se\\\/premiumplus_batabonnemang\\\/\",\"url\":\"https:\\\/\\\/nautilus.se\\\/premiumplus_batabonnemang\\\/\",\"name\":\"Premium + B\u00e5tabonnemang |\",\"isPartOf\":{\"@id\":\"https:\\\/\\\/nautilus.se\\\/#website\"},\"primaryImageOfPage\":{\"@id\":\"https:\\\/\\\/nautilus.se\\\/premiumplus_batabonnemang\\\/#primaryimage\"},\"image\":{\"@id\":\"https:\\\/\\\/nautilus.se\\\/premiumplus_batabonnemang\\\/#primaryimage\"},\"thumbnailUrl\":\"https:\\\/\\\/nautilus.se\\\/wp-content\\\/uploads\\\/2020\\\/06\\\/IMG_1483-scaled.jpg\",\"datePublished\":\"2022-12-07T13:02:48+00:00\",\"dateModified\":\"2023-02-14T13:18:27+00:00\",\"breadcrumb\":{\"@id\":\"https:\\\/\\\/nautilus.se\\\/premiumplus_batabonnemang\\\/#breadcrumb\"},\"inLanguage\":\"en-US\",\"potentialAction\":[{\"@type\":\"ReadAction\",\"target\":[\"https:\\\/\\\/nautilus.se\\\/premiumplus_batabonnemang\\\/\"]}]},{\"@type\":\"ImageObject\",\"inLanguage\":\"en-US\",\"@id\":\"https:\\\/\\\/nautilus.se\\\/premiumplus_batabonnemang\\\/#primaryimage\",\"url\":\"https:\\\/\\\/nautilus.se\\\/wp-content\\\/uploads\\\/2020\\\/06\\\/IMG_1483-scaled.jpg\",\"contentUrl\":\"https:\\\/\\\/nautilus.se\\\/wp-content\\\/uploads\\\/2020\\\/06\\\/IMG_1483-scaled.jpg\",\"width\":2560,\"height\":1920},{\"@type\":\"BreadcrumbList\",\"@id\":\"https:\\\/\\\/nautilus.se\\\/premiumplus_batabonnemang\\\/#breadcrumb\",\"itemListElement\":[{\"@type\":\"ListItem\",\"position\":1,\"name\":\"Home\",\"item\":\"https:\\\/\\\/nautilus.se\\\/\"},{\"@type\":\"ListItem\",\"position\":2,\"name\":\"Premium + B\u00e5tabonnemang\"}]},{\"@type\":\"WebSite\",\"@id\":\"https:\\\/\\\/nautilus.se\\\/#website\",\"url\":\"https:\\\/\\\/nautilus.se\\\/\",\"name\":\"Nautilus Boat Club\",\"description\":\"H\u00e4r kan du hyra b\u00e5t, dela b\u00e5t, del\u00e4ga b\u00e5t och vara med i b\u00e5tpool.\",\"publisher\":{\"@id\":\"https:\\\/\\\/nautilus.se\\\/#organization\"},\"potentialAction\":[{\"@type\":\"SearchAction\",\"target\":{\"@type\":\"EntryPoint\",\"urlTemplate\":\"https:\\\/\\\/nautilus.se\\\/?s={search_term_string}\"},\"query-input\":{\"@type\":\"PropertyValueSpecification\",\"valueRequired\":true,\"valueName\":\"search_term_string\"}}],\"inLanguage\":\"en-US\"},{\"@type\":\"Organization\",\"@id\":\"https:\\\/\\\/nautilus.se\\\/#organization\",\"name\":\"Nautilus Boat Club AB\",\"alternateName\":\"Nautilus Boat Club\",\"url\":\"https:\\\/\\\/nautilus.se\\\/\",\"logo\":{\"@type\":\"ImageObject\",\"inLanguage\":\"en-US\",\"@id\":\"https:\\\/\\\/nautilus.se\\\/#\\\/schema\\\/logo\\\/image\\\/\",\"url\":\"https:\\\/\\\/nautilus.se\\\/wp-content\\\/uploads\\\/2022\\\/10\\\/Nautilus-shell-blue-back-w-logo.png\",\"contentUrl\":\"https:\\\/\\\/nautilus.se\\\/wp-content\\\/uploads\\\/2022\\\/10\\\/Nautilus-shell-blue-back-w-logo.png\",\"width\":1755,\"height\":1130,\"caption\":\"Nautilus Boat Club AB\"},\"image\":{\"@id\":\"https:\\\/\\\/nautilus.se\\\/#\\\/schema\\\/logo\\\/image\\\/\"},\"sameAs\":[\"https:\\\/\\\/www.facebook.com\\\/nautilusboatclub\\\/\",\"https:\\\/\\\/www.instagram.com\\\/nautilusboatclub\\\/\",\"https:\\\/\\\/www.linkedin.com\\\/company\\\/4998214\\\/admin\\\/\",\"https:\\\/\\\/www.youtube.com\\\/channel\\\/UCrhrs3yv-t72B5igMm2keKQ\\\/videos?app=desktop\"]}]}<\/script>\n<!-- \/ Yoast SEO Premium plugin. -->","yoast_head_json":{"title":"Premium + B\u00e5tabonnemang |","robots":{"index":"index","follow":"follow","max-snippet":"max-snippet:-1","max-image-preview":"max-image-preview:large","max-video-preview":"max-video-preview:-1"},"canonical":"https:\/\/nautilus.se\/eng\/premiumplus_batabonnemang\/","og_locale":"en_US","og_type":"article","og_title":"Premium + B\u00e5tabonnemang","og_description":"Detta abonnemang passar dig som vill k\u00f6ra v\u00e5ra st\u00f6rsta b\u00e5tar och njuta av ett riktigt premiumb\u00e5tliv. Tex \u00e4r st\u00e4dning alltid inkluderad. Bokningskrediten r\u00e4cker till ca 20 dagar med de st\u00f6rsta b\u00e5tarna.Bindningstid p\u00e5 en s\u00e4song i taget.Sj\u00f6assistens och Premium Assistens ing\u00e5r. Tryggt, och skulle n\u00e5nting fela s\u00e5 kommer vi ut och [&hellip;]","og_url":"https:\/\/nautilus.se\/eng\/premiumplus_batabonnemang\/","og_site_name":"Nautilus Boat Club","article_publisher":"https:\/\/www.facebook.com\/nautilusboatclub\/","article_modified_time":"2023-02-14T13:18:27+00:00","og_image":[{"width":2560,"height":1920,"url":"https:\/\/nautilus.se\/wp-content\/uploads\/2020\/06\/IMG_1483-scaled.jpg","type":"image\/jpeg"}],"twitter_card":"summary_large_image","twitter_misc":{"Est. reading time":"2 minutes"},"schema":{"@context":"https:\/\/schema.org","@graph":[{"@type":"WebPage","@id":"https:\/\/nautilus.se\/premiumplus_batabonnemang\/","url":"https:\/\/nautilus.se\/premiumplus_batabonnemang\/","name":"Premium + B\u00e5tabonnemang |","isPartOf":{"@id":"https:\/\/nautilus.se\/#website"},"primaryImageOfPage":{"@id":"https:\/\/nautilus.se\/premiumplus_batabonnemang\/#primaryimage"},"image":{"@id":"https:\/\/nautilus.se\/premiumplus_batabonnemang\/#primaryimage"},"thumbnailUrl":"https:\/\/nautilus.se\/wp-content\/uploads\/2020\/06\/IMG_1483-scaled.jpg","datePublished":"2022-12-07T13:02:48+00:00","dateModified":"2023-02-14T13:18:27+00:00","breadcrumb":{"@id":"https:\/\/nautilus.se\/premiumplus_batabonnemang\/#breadcrumb"},"inLanguage":"en-US","potentialAction":[{"@type":"ReadAction","target":["https:\/\/nautilus.se\/premiumplus_batabonnemang\/"]}]},{"@type":"ImageObject","inLanguage":"en-US","@id":"https:\/\/nautilus.se\/premiumplus_batabonnemang\/#primaryimage","url":"https:\/\/nautilus.se\/wp-content\/uploads\/2020\/06\/IMG_1483-scaled.jpg","contentUrl":"https:\/\/nautilus.se\/wp-content\/uploads\/2020\/06\/IMG_1483-scaled.jpg","width":2560,"height":1920},{"@type":"BreadcrumbList","@id":"https:\/\/nautilus.se\/premiumplus_batabonnemang\/#breadcrumb","itemListElement":[{"@type":"ListItem","position":1,"name":"Home","item":"https:\/\/nautilus.se\/"},{"@type":"ListItem","position":2,"name":"Premium + B\u00e5tabonnemang"}]},{"@type":"WebSite","@id":"https:\/\/nautilus.se\/#website","url":"https:\/\/nautilus.se\/","name":"Nautilus Boat Club","description":"H\u00e4r kan du hyra b\u00e5t, dela b\u00e5t, del\u00e4ga b\u00e5t och vara med i b\u00e5tpool.","publisher":{"@id":"https:\/\/nautilus.se\/#organization"},"potentialAction":[{"@type":"SearchAction","target":{"@type":"EntryPoint","urlTemplate":"https:\/\/nautilus.se\/?s={search_term_string}"},"query-input":{"@type":"PropertyValueSpecification","valueRequired":true,"valueName":"search_term_string"}}],"inLanguage":"en-US"},{"@type":"Organization","@id":"https:\/\/nautilus.se\/#organization","name":"Nautilus Boat Club AB","alternateName":"Nautilus Boat Club","url":"https:\/\/nautilus.se\/","logo":{"@type":"ImageObject","inLanguage":"en-US","@id":"https:\/\/nautilus.se\/#\/schema\/logo\/image\/","url":"https:\/\/nautilus.se\/wp-content\/uploads\/2022\/10\/Nautilus-shell-blue-back-w-logo.png","contentUrl":"https:\/\/nautilus.se\/wp-content\/uploads\/2022\/10\/Nautilus-shell-blue-back-w-logo.png","width":1755,"height":1130,"caption":"Nautilus Boat Club AB"},"image":{"@id":"https:\/\/nautilus.se\/#\/schema\/logo\/image\/"},"sameAs":["https:\/\/www.facebook.com\/nautilusboatclub\/","https:\/\/www.instagram.com\/nautilusboatclub\/","https:\/\/www.linkedin.com\/company\/4998214\/admin\/","https:\/\/www.youtube.com\/channel\/UCrhrs3yv-t72B5igMm2keKQ\/videos?app=desktop"]}]}},"_links":{"self":[{"href":"https:\/\/nautilus.se\/eng\/wp-json\/wp\/v2\/pages\/19433","targetHints":{"allow":["GET"]}}],"collection":[{"href":"https:\/\/nautilus.se\/eng\/wp-json\/wp\/v2\/pages"}],"about":[{"href":"https:\/\/nautilus.se\/eng\/wp-json\/wp\/v2\/types\/page"}],"author":[{"embeddable":true,"href":"https:\/\/nautilus.se\/eng\/wp-json\/wp\/v2\/users\/21"}],"replies":[{"embeddable":true,"href":"https:\/\/nautilus.se\/eng\/wp-json\/wp\/v2\/comments?post=19433"}],"version-history":[{"count":14,"href":"https:\/\/nautilus.se\/eng\/wp-json\/wp\/v2\/pages\/19433\/revisions"}],"predecessor-version":[{"id":20674,"href":"https:\/\/nautilus.se\/eng\/wp-json\/wp\/v2\/pages\/19433\/revisions\/20674"}],"wp:featuredmedia":[{"embeddable":true,"href":"https:\/\/nautilus.se\/eng\/wp-json\/wp\/v2\/media\/13324"}],"wp:attachment":[{"href":"https:\/\/nautilus.se\/eng\/wp-json\/wp\/v2\/media?parent=19433"}],"curies":[{"name":"wp","href":"https:\/\/api.w.org\/{rel}","templated":true}]}}