{"id":19857,"date":"2023-01-09T14:27:55","date_gmt":"2023-01-09T13:27:55","guid":{"rendered":"https:\/\/nautilus.se\/?page_id=19857"},"modified":"2023-02-27T16:19:10","modified_gmt":"2023-02-27T15:19:10","slug":"allmanna-villkor-nautilus-boat-club","status":"publish","type":"page","link":"https:\/\/nautilus.se\/eng\/allmanna-villkor-nautilus-boat-club\/","title":{"rendered":"Allm\u00e4nna villkor Nautilus Boat Club"},"content":{"rendered":"<div data-elementor-type=\"wp-page\" data-elementor-id=\"19857\" class=\"elementor elementor-19857\" data-elementor-post-type=\"page\">\n\t\t\t\t\t\t<section class=\"elementor-section elementor-top-section elementor-element elementor-element-3b29a81 elementor-section-boxed elementor-section-height-default elementor-section-height-default\" data-id=\"3b29a81\" data-element_type=\"section\" data-e-type=\"section\">\n\t\t\t\t\t\t<div class=\"elementor-container elementor-column-gap-default\">\n\t\t\t\t\t<div class=\"elementor-column elementor-col-100 elementor-top-column elementor-element elementor-element-bc448c0\" data-id=\"bc448c0\" data-element_type=\"column\" data-e-type=\"column\">\n\t\t\t<div class=\"elementor-widget-wrap elementor-element-populated\">\n\t\t\t\t\t\t<div class=\"elementor-element elementor-element-1481d8c elementor-widget elementor-widget-text-editor\" data-id=\"1481d8c\" data-element_type=\"widget\" data-e-type=\"widget\" data-widget_type=\"text-editor.default\">\n\t\t\t\t<div class=\"elementor-widget-container\">\n\t\t\t\t\t\t\t\t\t<p><strong>Nautilus Boat Club AB Allm\u00e4nna villkor<\/strong><\/p><p>senast uppdaterat 2023-01-01<\/p>\t\t\t\t\t\t\t\t<\/div>\n\t\t\t\t<\/div>\n\t\t\t\t\t<\/div>\n\t\t<\/div>\n\t\t\t\t\t<\/div>\n\t\t<\/section>\n\t\t\t\t<section class=\"elementor-section elementor-top-section elementor-element elementor-element-a62ece1 elementor-section-boxed elementor-section-height-default elementor-section-height-default\" data-id=\"a62ece1\" data-element_type=\"section\" data-e-type=\"section\">\n\t\t\t\t\t\t<div class=\"elementor-container elementor-column-gap-default\">\n\t\t\t\t\t<div class=\"elementor-column elementor-col-100 elementor-top-column elementor-element elementor-element-83fe9a8\" data-id=\"83fe9a8\" data-element_type=\"column\" data-e-type=\"column\">\n\t\t\t<div class=\"elementor-widget-wrap elementor-element-populated\">\n\t\t\t\t\t\t<div class=\"elementor-element elementor-element-10e1072 elementor-widget elementor-widget-text-editor\" data-id=\"10e1072\" data-element_type=\"widget\" data-e-type=\"widget\" data-widget_type=\"text-editor.default\">\n\t\t\t\t<div class=\"elementor-widget-container\">\n\t\t\t\t\t\t\t\t\t<p>F\u00f6ljande tj\u00e4nster produceras av Nautilus Boat Club AB (organisationsnummer: 556887-2732). Ett svenskt aktiebolag med huvudkontor p\u00e5 adressen Odelbergs v\u00e4g 4, 134 40 Gustavsberg (h\u00e4danefter\u00a0<strong>\u201dNautilus\u201d<\/strong>). Nautilus tj\u00e4nster (h\u00e4danefter\u00a0<strong>\u201dTj\u00e4nsten\u201d<\/strong>\u00a0eller\u00a0<strong>\u201dTj\u00e4nsterna\u201d<\/strong>) best\u00e5r av f\u00f6ljande Tj\u00e4nster:<\/p><p><strong>Hyrestj\u00e4nst<\/strong>: I Hyrestj\u00e4nsten kan b\u00e5t\u00e4gare (h\u00e4danefter\u00a0<strong>\u201d\u00c4gare\u201d<\/strong>) erbjuda sina b\u00e5tar f\u00f6r uthyrning, och b\u00e5thyrare (h\u00e4danefter\u00a0<strong>\u201dHyrestagare\u201d<\/strong>) kan hyra \u00c4garnas b\u00e5tar.<\/p><p><strong>Boat subscription<\/strong>: B\u00e5tabonnemangstj\u00e4nsten omfattar b\u00e5de Nautilus egna och \u00c4gares b\u00e5tar som s\u00e5 valt att erbjuda dem. B\u00e5tabonnemangstj\u00e4nsten kan anv\u00e4ndas av alla som registrerat sig i Tj\u00e4nsten (h\u00e4danefter\u00a0<strong>\u201dB\u00e5tabonnent\u201d<\/strong>) i enlighet med den tj\u00e4nstniv\u00e5\/B\u00e5tabonnemang som de har valt.<\/p><p>\u00c4gare, Hyrestagare eller B\u00e5tabonnent kan h\u00e4danefter tillsammans kallas\u00a0<strong>\u201dAnv\u00e4ndare\u201d<\/strong>,\u00a0<strong>\u201dAnv\u00e4ndarna\u201d<\/strong>\u00a0eller\u00a0<strong>\u201dDu\u201d<\/strong>.<\/p><p>Innan Anv\u00e4ndaren kan bruka Tj\u00e4nsten eller skapa ett anv\u00e4ndarkonto i Tj\u00e4nsten (h\u00e4danefter\u00a0<strong>\u201dAnv\u00e4ndarkonto\u201d<\/strong>) ska Anv\u00e4ndaren godk\u00e4nna dessa anv\u00e4ndarvillkor samt f\u00f6rbinda sig till att godk\u00e4nna \u00f6vriga anv\u00e4ndarvillkor innan brukandet av Nautilus olika Tj\u00e4nster (h\u00e4danefter\u00a0<strong>\u201dF\u00f6rbindelse\u201d<\/strong>).<\/p><p>Genom att godk\u00e4nna anv\u00e4ndarvillkoren eller bruka Tj\u00e4nsten godk\u00e4nner Anv\u00e4ndaren F\u00f6rbindelsen som juridiskt bindande.<\/p><p><strong>\u00a0<\/strong><\/p><p><strong>ALLM\u00c4NT<\/strong><\/p><p>Nautilus fungerar som tj\u00e4nsteleverant\u00f6r endast i den omfattning att bolaget f\u00f6rmedlar information och betalningar mellan Anv\u00e4ndarna samt svarar f\u00f6r Tj\u00e4nstens kundservice. Ut\u00f6ver det svarar Nautilus f\u00f6r Stadsb\u00e5tstj\u00e4nstens operativa verksamhet.<\/p><p>Denna F\u00f6rbindelse kompletteras av Hyrestj\u00e4nstens anv\u00e4ndarvillkor (h\u00e4danefter\u00a0<strong>\u201dHyresvillkor\u201d<\/strong>) och\/eller anv\u00e4ndaravtalet som ing\u00e5s mellan Nautilus och B\u00e5tabonnenten (h\u00e4danefter\u00a0<strong>\u201dAnv\u00e4ndaravtal\u201d<\/strong>). Dessa villkor och\/eller avtal ska godk\u00e4nnas av Anv\u00e4ndaren i det skede, d\u00e5 han eller hon brukar\/k\u00f6per ifr\u00e5gavarande Tj\u00e4nster. Ifall dessa anv\u00e4ndarvillkor och Hyresvillkoren eller Anv\u00e4ndaravtalet \u00e4r inb\u00f6rdes oeniga, ges Hyresvillkoren och Anv\u00e4ndaravtalet f\u00f6retr\u00e4de.<\/p><p>Nautilus f\u00f6rbeh\u00e5ller sig ensidig r\u00e4tt att \u00e4ndra denna F\u00f6rbindelse. Nautilus informerar Anv\u00e4ndarna om \u00e4ndringar i F\u00f6rbindelsen per mejl eller genom Tj\u00e4nsten. \u00c4ndringarna tr\u00e4der i kraft fjorton (14) dagar efter att information har getts. Genom att anv\u00e4nda Tj\u00e4nsten efter gjorda \u00e4ndringar godk\u00e4nner Anv\u00e4ndaren \u00e4ndringarna som juridiskt bindande.<\/p><p>Ifall Anv\u00e4ndaren inte f\u00f6ljer denna F\u00f6rbindelse kan Nautilus radera Anv\u00e4ndarkontot.<\/p><p>Nautilus kan avsluta (best\u00e5ende eller tillf\u00e4lligt) erbjudandet av Tj\u00e4nsten (eller vilken som helst del av den) antingen till Anv\u00e4ndaren eller till Anv\u00e4ndarna \u00f6verlag, i enlighet med Nautilus eget omd\u00f6me och utan f\u00f6rhandsvarning.<\/p><p>Tj\u00e4nsten f\u00e5r inte anv\u00e4ndas och F\u00f6rbindelsen f\u00e5r inte godk\u00e4nnas, ifall (a) Anv\u00e4ndaren \u00e4r omyndig och\/eller (b) Anv\u00e4ndaren eller en part som f\u00f6retr\u00e4der Anv\u00e4ndaren har f\u00f6rbjudits anv\u00e4ndandet av Tj\u00e4nsten p\u00e5 basis av vilken som helst g\u00e4llande lag.<\/p><p><strong>\u00a0<\/strong><\/p><p><strong>SKAPANDE AV ANV\u00c4NDARKONTO<\/strong><\/p><p>Anv\u00e4ndandet av Tj\u00e4nsterna f\u00f6ruts\u00e4tter skapande av Anv\u00e4ndarkonto. Anv\u00e4ndaren skapar Anv\u00e4ndarkontot genom att f\u00f6lja registreringsl\u00e4nken och ange beh\u00f6vlig information.<\/p><p>Det \u00e4r avgiftsfritt att registrera sig som Anv\u00e4ndare i Tj\u00e4nsten.<\/p><p>Anv\u00e4ndarna \u00e4r ensamt ansvariga f\u00f6r all verksamhet som sker via Anv\u00e4ndarkontot samt f\u00f6r ett tryggt f\u00f6rvarande, uppeh\u00e5ll och hemligh\u00e5llande av sitt l\u00f6senord samt allt \u00f6vrigt liknande. Ifall Anv\u00e4ndaren m\u00e4rker att n\u00e5gon annan har anv\u00e4nt hans eller hennes Anv\u00e4ndarkonto utan Anv\u00e4ndarens godk\u00e4nnande, ska Anv\u00e4ndaren meddela Nautilus om detta p\u00e5 mejladressen info@Nautilus.se.<\/p><p><strong>\u00a0<\/strong><\/p><p><strong>ANV\u00c4NDARENS ALLM\u00c4NNA SKYLDIGHETER<\/strong><\/p><p>Anv\u00e4ndaren f\u00f6rbinder sig till att anv\u00e4nda Tj\u00e4nsten endast till de \u00e4ndam\u00e5l som \u00e4r till\u00e5tna i denna F\u00f6rbindelse, i vilken som helst till\u00e4mplig lag eller f\u00f6rfattning eller i ett allm\u00e4nt godk\u00e4nt regelverk.<\/p><p>Det \u00e4r f\u00f6rbjudet att registrera anv\u00e4ndarnamn som strider mot god sed eller kr\u00e4nker andras r\u00e4ttigheter. Nautilus har r\u00e4tt att st\u00e4nga Anv\u00e4ndarkontot ifall Anv\u00e4ndarens verksamhet strider mot denna F\u00f6rbindelse, lag eller god sed eller ifall Anv\u00e4ndaren inte har loggat in i Tj\u00e4nsten p\u00e5 \u00f6ver tolv (12) m\u00e5nader.<\/p><p>Anv\u00e4ndaren f\u00f6rbinder sig till att inte verksamma p\u00e5 ett s\u00e4tt som st\u00f6r eller p\u00e5 n\u00e5got annat \u00e4r till skada f\u00f6r Tj\u00e4nsten eller dess servrar eller n\u00e4tverk som \u00e4r kopplade till Tj\u00e4nsten.<\/p><p>Anv\u00e4ndarna \u00e4r ensamt ansvariga f\u00f6r all informering till myndigheter samt skatter och liknande avgifter som orsakas av g\u00e4llande och till\u00e4mplig lag.<\/p><p>Tj\u00e4nsten kan inneh\u00e5lla l\u00e4nkar till andra hemsidor. D\u00e5 du bes\u00f6ker tredje parters hemsidor g\u00f6r du det p\u00e5 egen risk.<\/p><p>Anv\u00e4ndaren f\u00f6rbinder sig till att inte i Tj\u00e4nsten skicka, vidarebefordra eller spara material som \u00e4r emot god sed eller lagen och att \u00c4garen inte uppmuntrar n\u00e5gon annan att agera p\u00e5 det ovan beskrivna s\u00e4ttet. Anv\u00e4ndaren f\u00f6rbinder sig \u00e4ven till att inte i Tj\u00e4nsten skicka, vidarebefordra eller spara material som \u00e4r upphovs-, varum\u00e4rkes- eller immaterialr\u00e4ttsligt skyddat, om inte Anv\u00e4ndaren uttryckligen f\u00e5tt tillst\u00e5nd f\u00f6r detta av r\u00e4ttsinnehavaren av den immateriella r\u00e4ttigheten.<\/p><p>Anv\u00e4ndarna kan skicka meddelanden till varandra i Tj\u00e4nsten, exempelvis g\u00e4llande B\u00e5tarnas detaljer eller b\u00e5tkunskaper. All kommunikation ska vara saklig.<\/p><p>R\u00e4ttigheterna som ber\u00f6r Tj\u00e4nsten, inklusive de immateriella r\u00e4ttigheterna, tillh\u00f6r uteslutande Nautilus. Tj\u00e4nsten \u00e4r upphovsr\u00e4ttsligt skyddad enligt g\u00e4llande lag. Tj\u00e4nsten kan inneh\u00e5lla material som \u00e4r upphovs-, varum\u00e4rkes- eller immaterialr\u00e4ttsligt skyddat. Anv\u00e4ndaren f\u00e5r inte utan Nautilus eller n\u00e5gon annan r\u00e4ttsinnehavares skriftliga tillst\u00e5nd sprida, offentligg\u00f6ra, kopiera, g\u00f6ra tillg\u00e4ngligt f\u00f6r allm\u00e4nheten eller p\u00e5 annat s\u00e4tt ekonomiskt utnyttja materialet, om inte annat f\u00f6ljer av g\u00e4llande lag.<\/p><p>Anv\u00e4ndaren \u00f6verl\u00e5ter alla sina nuvarande och kommande ekonomiska r\u00e4ttigheter till det material som \u00f6verf\u00f6rts till Tj\u00e4nsten. Nautilus kan \u00f6verl\u00e5ta de ovan n\u00e4mnda r\u00e4ttigheterna vidare samt \u00e4ndra och modifiera inneh\u00e5llet i Tj\u00e4nsten enligt eget tycke. Anv\u00e4ndaren beh\u00e5ller oberoende anv\u00e4ndarr\u00e4ttigheter till det material som \u00f6verf\u00f6rts till Tj\u00e4nsten.<\/p><p>\u00a0<\/p><p><strong>F\u00d6RBINDELSENS IKRAFTVARANDE, AVSLUT OCH \u00d6VERF\u00d6RANDE<\/strong><\/p><p>F\u00f6rbindelsen tr\u00e4der i kraft d\u00e5 Anv\u00e4ndaren godk\u00e4nner F\u00f6rbindelsen eller anv\u00e4nder Tj\u00e4nsten. F\u00f6rbindelsen \u00e4r i kraft tillsvidare. Anv\u00e4ndaren kan s\u00e4ga upp F\u00f6rbindelsen utan upps\u00e4gningstid per mejl eller genom Tj\u00e4nsten utan att beh\u00f6va motivera upps\u00e4gandet. F\u00f6r klarhetens skull anges, att d\u00e5 Anv\u00e4ndaren brukar Hyrestj\u00e4nsten och\/eller Stadsb\u00e5tstj\u00e4nsten, f\u00f6ljer man antingen Hyresvillkorens eller Anv\u00e4ndaravtalets villkor g\u00e4llande upps\u00e4gningen.<\/p><p>Nautilus har ensidig r\u00e4tt till att \u00f6verf\u00f6ra F\u00f6rbindelsen till tredje part. Anv\u00e4ndaren har inte r\u00e4tt att \u00f6verf\u00f6ra denna F\u00f6rbindelse till tredje part utan Nautiluss skriftliga f\u00f6rhandsgodk\u00e4nnande.<\/p><p><strong>\u00a0<\/strong><\/p><p><strong>TVISTL\u00d6SNING OCH TILL\u00c4MPLIG LAG<\/strong><\/p><p>P\u00e5 F\u00f6rbindelsen samt f\u00f6rh\u00e5llandet mellan Anv\u00e4ndaren och Nautilus till\u00e4mpas svensk lag bortsett fr\u00e5n lagvalsregler.<\/p><p>I tvistl\u00f6sning f\u00f6ljs Hyresvillkorens samt Anv\u00e4ndaravtalets villkor.<\/p><p><strong>\u00a0<\/strong><\/p><p><strong>\u00d6VRIGT<\/strong><\/p><p>Ifall det existerar oenighet mellan den svensk-, och engelskspr\u00e5kiga versionen av denna F\u00f6rbindelse har den svenskpr\u00e5kiga versionen f\u00f6retr\u00e4de. Ifall det existerar oenighet mellan dessa anv\u00e4ndarvillkor och Hyresvillkoren eller Anv\u00e4ndaravtalet, har Hyresvillkoren och Anv\u00e4ndaravtalet f\u00f6retr\u00e4de.<\/p><p>\u00a0<\/p>\t\t\t\t\t\t\t\t<\/div>\n\t\t\t\t<\/div>\n\t\t\t\t\t<\/div>\n\t\t<\/div>\n\t\t\t\t\t<\/div>\n\t\t<\/section>\n\t\t\t\t<\/div>","protected":false},"excerpt":{"rendered":"<p>Nautilus Boat Club AB Allm\u00e4nna villkor senast uppdaterat 2023-01-01 F\u00f6ljande tj\u00e4nster produceras av Nautilus Boat Club AB (organisationsnummer: 556887-2732). Ett svenskt aktiebolag med huvudkontor p\u00e5 adressen Odelbergs v\u00e4g 4, 134 40 Gustavsberg (h\u00e4danefter\u00a0\u201dNautilus\u201d). Nautilus tj\u00e4nster (h\u00e4danefter\u00a0\u201dTj\u00e4nsten\u201d\u00a0eller\u00a0\u201dTj\u00e4nsterna\u201d) best\u00e5r av f\u00f6ljande Tj\u00e4nster: Hyrestj\u00e4nst: I Hyrestj\u00e4nsten kan b\u00e5t\u00e4gare (h\u00e4danefter\u00a0\u201d\u00c4gare\u201d) erbjuda sina b\u00e5tar f\u00f6r [&hellip;]<\/p>\n","protected":false},"author":21,"featured_media":0,"parent":0,"menu_order":0,"comment_status":"closed","ping_status":"closed","template":"","meta":{"inspiro_page_layout":"narrow","inspiro_hide_title":false,"footnotes":""},"class_list":["post-19857","page","type-page","status-publish","hentry"],"yoast_head":"<!-- This site is optimized with the Yoast SEO Premium plugin v27.4 (Yoast SEO v27.5) - https:\/\/yoast.com\/product\/yoast-seo-premium-wordpress\/ -->\n<title>Allm\u00e4nna villkor Nautilus Boat Club |<\/title>\n<meta name=\"robots\" content=\"index, follow, max-snippet:-1, max-image-preview:large, max-video-preview:-1\" \/>\n<link rel=\"canonical\" href=\"https:\/\/nautilus.se\/eng\/allmanna-villkor-nautilus-boat-club\/\" \/>\n<meta property=\"og:locale\" content=\"en_US\" \/>\n<meta property=\"og:type\" content=\"article\" \/>\n<meta property=\"og:title\" content=\"Allm\u00e4nna villkor Nautilus Boat Club\" \/>\n<meta property=\"og:description\" content=\"Nautilus Boat Club AB Allm\u00e4nna villkor senast uppdaterat 2023-01-01 F\u00f6ljande tj\u00e4nster produceras av Nautilus Boat Club AB (organisationsnummer: 556887-2732). Ett svenskt aktiebolag med huvudkontor p\u00e5 adressen Odelbergs v\u00e4g 4, 134 40 Gustavsberg (h\u00e4danefter\u00a0\u201dNautilus\u201d). Nautilus tj\u00e4nster (h\u00e4danefter\u00a0\u201dTj\u00e4nsten\u201d\u00a0eller\u00a0\u201dTj\u00e4nsterna\u201d) best\u00e5r av f\u00f6ljande Tj\u00e4nster: Hyrestj\u00e4nst: I Hyrestj\u00e4nsten kan b\u00e5t\u00e4gare (h\u00e4danefter\u00a0\u201d\u00c4gare\u201d) erbjuda sina b\u00e5tar f\u00f6r [&hellip;]\" \/>\n<meta property=\"og:url\" content=\"https:\/\/nautilus.se\/eng\/allmanna-villkor-nautilus-boat-club\/\" \/>\n<meta property=\"og:site_name\" content=\"Nautilus Boat Club\" \/>\n<meta property=\"article:publisher\" content=\"https:\/\/www.facebook.com\/nautilusboatclub\/\" \/>\n<meta property=\"article:modified_time\" content=\"2023-02-27T15:19:10+00:00\" \/>\n<meta property=\"og:image\" content=\"https:\/\/nautilus.se\/wp-content\/uploads\/2023\/05\/askeladden-c80b.jpg\" \/>\n\t<meta property=\"og:image:width\" content=\"2560\" \/>\n\t<meta property=\"og:image:height\" content=\"1440\" \/>\n\t<meta property=\"og:image:type\" content=\"image\/jpeg\" \/>\n<meta name=\"twitter:card\" content=\"summary_large_image\" \/>\n<meta name=\"twitter:label1\" content=\"Est. reading time\" \/>\n\t<meta name=\"twitter:data1\" content=\"5 minutes\" \/>\n<script type=\"application\/ld+json\" class=\"yoast-schema-graph\">{\"@context\":\"https:\\\/\\\/schema.org\",\"@graph\":[{\"@type\":\"WebPage\",\"@id\":\"https:\\\/\\\/nautilus.se\\\/allmanna-villkor-nautilus-boat-club\\\/\",\"url\":\"https:\\\/\\\/nautilus.se\\\/allmanna-villkor-nautilus-boat-club\\\/\",\"name\":\"Allm\u00e4nna villkor Nautilus Boat Club |\",\"isPartOf\":{\"@id\":\"https:\\\/\\\/nautilus.se\\\/#website\"},\"datePublished\":\"2023-01-09T13:27:55+00:00\",\"dateModified\":\"2023-02-27T15:19:10+00:00\",\"breadcrumb\":{\"@id\":\"https:\\\/\\\/nautilus.se\\\/allmanna-villkor-nautilus-boat-club\\\/#breadcrumb\"},\"inLanguage\":\"en-US\",\"potentialAction\":[{\"@type\":\"ReadAction\",\"target\":[\"https:\\\/\\\/nautilus.se\\\/allmanna-villkor-nautilus-boat-club\\\/\"]}]},{\"@type\":\"BreadcrumbList\",\"@id\":\"https:\\\/\\\/nautilus.se\\\/allmanna-villkor-nautilus-boat-club\\\/#breadcrumb\",\"itemListElement\":[{\"@type\":\"ListItem\",\"position\":1,\"name\":\"Home\",\"item\":\"https:\\\/\\\/nautilus.se\\\/\"},{\"@type\":\"ListItem\",\"position\":2,\"name\":\"Allm\u00e4nna villkor Nautilus Boat Club\"}]},{\"@type\":\"WebSite\",\"@id\":\"https:\\\/\\\/nautilus.se\\\/#website\",\"url\":\"https:\\\/\\\/nautilus.se\\\/\",\"name\":\"Nautilus Boat Club\",\"description\":\"H\u00e4r kan du hyra b\u00e5t, dela b\u00e5t, del\u00e4ga b\u00e5t och vara med i b\u00e5tpool.\",\"publisher\":{\"@id\":\"https:\\\/\\\/nautilus.se\\\/#organization\"},\"potentialAction\":[{\"@type\":\"SearchAction\",\"target\":{\"@type\":\"EntryPoint\",\"urlTemplate\":\"https:\\\/\\\/nautilus.se\\\/?s={search_term_string}\"},\"query-input\":{\"@type\":\"PropertyValueSpecification\",\"valueRequired\":true,\"valueName\":\"search_term_string\"}}],\"inLanguage\":\"en-US\"},{\"@type\":\"Organization\",\"@id\":\"https:\\\/\\\/nautilus.se\\\/#organization\",\"name\":\"Nautilus Boat Club AB\",\"alternateName\":\"Nautilus Boat Club\",\"url\":\"https:\\\/\\\/nautilus.se\\\/\",\"logo\":{\"@type\":\"ImageObject\",\"inLanguage\":\"en-US\",\"@id\":\"https:\\\/\\\/nautilus.se\\\/#\\\/schema\\\/logo\\\/image\\\/\",\"url\":\"https:\\\/\\\/nautilus.se\\\/wp-content\\\/uploads\\\/2022\\\/10\\\/Nautilus-shell-blue-back-w-logo.png\",\"contentUrl\":\"https:\\\/\\\/nautilus.se\\\/wp-content\\\/uploads\\\/2022\\\/10\\\/Nautilus-shell-blue-back-w-logo.png\",\"width\":1755,\"height\":1130,\"caption\":\"Nautilus Boat Club AB\"},\"image\":{\"@id\":\"https:\\\/\\\/nautilus.se\\\/#\\\/schema\\\/logo\\\/image\\\/\"},\"sameAs\":[\"https:\\\/\\\/www.facebook.com\\\/nautilusboatclub\\\/\",\"https:\\\/\\\/www.instagram.com\\\/nautilusboatclub\\\/\",\"https:\\\/\\\/www.linkedin.com\\\/company\\\/4998214\\\/admin\\\/\",\"https:\\\/\\\/www.youtube.com\\\/channel\\\/UCrhrs3yv-t72B5igMm2keKQ\\\/videos?app=desktop\"]}]}<\/script>\n<!-- \/ Yoast SEO Premium plugin. -->","yoast_head_json":{"title":"Allm\u00e4nna villkor Nautilus Boat Club |","robots":{"index":"index","follow":"follow","max-snippet":"max-snippet:-1","max-image-preview":"max-image-preview:large","max-video-preview":"max-video-preview:-1"},"canonical":"https:\/\/nautilus.se\/eng\/allmanna-villkor-nautilus-boat-club\/","og_locale":"en_US","og_type":"article","og_title":"Allm\u00e4nna villkor Nautilus Boat Club","og_description":"Nautilus Boat Club AB Allm\u00e4nna villkor senast uppdaterat 2023-01-01 F\u00f6ljande tj\u00e4nster produceras av Nautilus Boat Club AB (organisationsnummer: 556887-2732). Ett svenskt aktiebolag med huvudkontor p\u00e5 adressen Odelbergs v\u00e4g 4, 134 40 Gustavsberg (h\u00e4danefter\u00a0\u201dNautilus\u201d). Nautilus tj\u00e4nster (h\u00e4danefter\u00a0\u201dTj\u00e4nsten\u201d\u00a0eller\u00a0\u201dTj\u00e4nsterna\u201d) best\u00e5r av f\u00f6ljande Tj\u00e4nster: Hyrestj\u00e4nst: I Hyrestj\u00e4nsten kan b\u00e5t\u00e4gare (h\u00e4danefter\u00a0\u201d\u00c4gare\u201d) erbjuda sina b\u00e5tar f\u00f6r [&hellip;]","og_url":"https:\/\/nautilus.se\/eng\/allmanna-villkor-nautilus-boat-club\/","og_site_name":"Nautilus Boat Club","article_publisher":"https:\/\/www.facebook.com\/nautilusboatclub\/","article_modified_time":"2023-02-27T15:19:10+00:00","og_image":[{"width":2560,"height":1440,"url":"https:\/\/nautilus.se\/wp-content\/uploads\/2023\/05\/askeladden-c80b.jpg","type":"image\/jpeg"}],"twitter_card":"summary_large_image","twitter_misc":{"Est. reading time":"5 minutes"},"schema":{"@context":"https:\/\/schema.org","@graph":[{"@type":"WebPage","@id":"https:\/\/nautilus.se\/allmanna-villkor-nautilus-boat-club\/","url":"https:\/\/nautilus.se\/allmanna-villkor-nautilus-boat-club\/","name":"Allm\u00e4nna villkor Nautilus Boat Club |","isPartOf":{"@id":"https:\/\/nautilus.se\/#website"},"datePublished":"2023-01-09T13:27:55+00:00","dateModified":"2023-02-27T15:19:10+00:00","breadcrumb":{"@id":"https:\/\/nautilus.se\/allmanna-villkor-nautilus-boat-club\/#breadcrumb"},"inLanguage":"en-US","potentialAction":[{"@type":"ReadAction","target":["https:\/\/nautilus.se\/allmanna-villkor-nautilus-boat-club\/"]}]},{"@type":"BreadcrumbList","@id":"https:\/\/nautilus.se\/allmanna-villkor-nautilus-boat-club\/#breadcrumb","itemListElement":[{"@type":"ListItem","position":1,"name":"Home","item":"https:\/\/nautilus.se\/"},{"@type":"ListItem","position":2,"name":"Allm\u00e4nna villkor Nautilus Boat Club"}]},{"@type":"WebSite","@id":"https:\/\/nautilus.se\/#website","url":"https:\/\/nautilus.se\/","name":"Nautilus Boat Club","description":"H\u00e4r kan du hyra b\u00e5t, dela b\u00e5t, del\u00e4ga b\u00e5t och vara med i b\u00e5tpool.","publisher":{"@id":"https:\/\/nautilus.se\/#organization"},"potentialAction":[{"@type":"SearchAction","target":{"@type":"EntryPoint","urlTemplate":"https:\/\/nautilus.se\/?s={search_term_string}"},"query-input":{"@type":"PropertyValueSpecification","valueRequired":true,"valueName":"search_term_string"}}],"inLanguage":"en-US"},{"@type":"Organization","@id":"https:\/\/nautilus.se\/#organization","name":"Nautilus Boat Club AB","alternateName":"Nautilus Boat Club","url":"https:\/\/nautilus.se\/","logo":{"@type":"ImageObject","inLanguage":"en-US","@id":"https:\/\/nautilus.se\/#\/schema\/logo\/image\/","url":"https:\/\/nautilus.se\/wp-content\/uploads\/2022\/10\/Nautilus-shell-blue-back-w-logo.png","contentUrl":"https:\/\/nautilus.se\/wp-content\/uploads\/2022\/10\/Nautilus-shell-blue-back-w-logo.png","width":1755,"height":1130,"caption":"Nautilus Boat Club AB"},"image":{"@id":"https:\/\/nautilus.se\/#\/schema\/logo\/image\/"},"sameAs":["https:\/\/www.facebook.com\/nautilusboatclub\/","https:\/\/www.instagram.com\/nautilusboatclub\/","https:\/\/www.linkedin.com\/company\/4998214\/admin\/","https:\/\/www.youtube.com\/channel\/UCrhrs3yv-t72B5igMm2keKQ\/videos?app=desktop"]}]}},"_links":{"self":[{"href":"https:\/\/nautilus.se\/eng\/wp-json\/wp\/v2\/pages\/19857","targetHints":{"allow":["GET"]}}],"collection":[{"href":"https:\/\/nautilus.se\/eng\/wp-json\/wp\/v2\/pages"}],"about":[{"href":"https:\/\/nautilus.se\/eng\/wp-json\/wp\/v2\/types\/page"}],"author":[{"embeddable":true,"href":"https:\/\/nautilus.se\/eng\/wp-json\/wp\/v2\/users\/21"}],"replies":[{"embeddable":true,"href":"https:\/\/nautilus.se\/eng\/wp-json\/wp\/v2\/comments?post=19857"}],"version-history":[{"count":5,"href":"https:\/\/nautilus.se\/eng\/wp-json\/wp\/v2\/pages\/19857\/revisions"}],"predecessor-version":[{"id":19868,"href":"https:\/\/nautilus.se\/eng\/wp-json\/wp\/v2\/pages\/19857\/revisions\/19868"}],"wp:attachment":[{"href":"https:\/\/nautilus.se\/eng\/wp-json\/wp\/v2\/media?parent=19857"}],"curies":[{"name":"wp","href":"https:\/\/api.w.org\/{rel}","templated":true}]}}