{"id":20121,"date":"2023-01-31T13:49:36","date_gmt":"2023-01-31T12:49:36","guid":{"rendered":"https:\/\/nautilus.se\/?page_id=20121"},"modified":"2026-05-16T09:42:38","modified_gmt":"2026-05-16T07:42:38","slug":"boka-bat-med-abonnemang","status":"publish","type":"page","link":"https:\/\/nautilus.se\/eng\/boka-bat-med-abonnemang\/","title":{"rendered":"Boka b\u00e5t med abonnemang"},"content":{"rendered":"<div data-elementor-type=\"wp-page\" data-elementor-id=\"20121\" class=\"elementor elementor-20121\" data-elementor-post-type=\"page\">\n\t\t\t\t\t\t<section class=\"elementor-section elementor-top-section elementor-element elementor-element-7e58ec1 elementor-section-boxed elementor-section-height-default elementor-section-height-default\" data-id=\"7e58ec1\" data-element_type=\"section\" data-e-type=\"section\">\n\t\t\t\t\t\t<div class=\"elementor-container elementor-column-gap-default\">\n\t\t\t\t\t<div class=\"elementor-column elementor-col-100 elementor-top-column elementor-element elementor-element-49850f4\" data-id=\"49850f4\" data-element_type=\"column\" data-e-type=\"column\">\n\t\t\t<div class=\"elementor-widget-wrap elementor-element-populated\">\n\t\t\t\t\t\t<div class=\"elementor-element elementor-element-07445b3 elementor-widget elementor-widget-text-editor\" data-id=\"07445b3\" data-element_type=\"widget\" data-e-type=\"widget\" data-widget_type=\"text-editor.default\">\n\t\t\t\t<div class=\"elementor-widget-container\">\n\t\t\t\t\t\t\t\t\t<p style=\"text-align: center;\">Inloggad med B\u00e5tabonnemang s\u00e5 visas klubb-b\u00e5tarna h\u00e4r.<\/p>\t\t\t\t\t\t\t\t<\/div>\n\t\t\t\t<\/div>\n\t\t\t\t\t<\/div>\n\t\t<\/div>\n\t\t\t\t\t<\/div>\n\t\t<\/section>\n\t\t\t\t<section class=\"elementor-section elementor-top-section elementor-element elementor-element-140e88a elementor-section-boxed elementor-section-height-default elementor-section-height-default\" data-id=\"140e88a\" data-element_type=\"section\" data-e-type=\"section\">\n\t\t\t\t\t\t<div class=\"elementor-container elementor-column-gap-default\">\n\t\t\t\t\t<div class=\"elementor-column elementor-col-100 elementor-top-column elementor-element elementor-element-7e9ec7c\" data-id=\"7e9ec7c\" data-element_type=\"column\" data-e-type=\"column\">\n\t\t\t<div class=\"elementor-widget-wrap elementor-element-populated\">\n\t\t\t\t\t\t<div class=\"elementor-element elementor-element-3ffd3c8 elementor-widget elementor-widget-text-editor\" data-id=\"3ffd3c8\" data-element_type=\"widget\" data-e-type=\"widget\" data-widget_type=\"text-editor.default\">\n\t\t\t\t<div class=\"elementor-widget-container\">\n\t\t\t\t\t\t\t\t\t<p>Dessa b\u00e5tar bokar du till rabatterat pris med Medlemskap. \u00d6vriga b\u00e5tar bokas enligt ordinarie villkor <a href=\"https:\/\/nautilus.se\/hyra-bat\/\"><strong>H\u00c4R<\/strong><\/a>.<\/p>\t\t\t\t\t\t\t\t<\/div>\n\t\t\t\t<\/div>\n\t\t\t\t\t<\/div>\n\t\t<\/div>\n\t\t\t\t\t<\/div>\n\t\t<\/section>\n\t\t\t\t<section class=\"elementor-section elementor-top-section elementor-element elementor-element-9c13d21 elementor-section-boxed elementor-section-height-default elementor-section-height-default\" data-id=\"9c13d21\" data-element_type=\"section\" data-e-type=\"section\">\n\t\t\t\t\t\t<div class=\"elementor-container elementor-column-gap-default\">\n\t\t\t\t\t<div class=\"elementor-column elementor-col-100 elementor-top-column elementor-element elementor-element-b776620\" data-id=\"b776620\" data-element_type=\"column\" data-e-type=\"column\">\n\t\t\t<div class=\"elementor-widget-wrap elementor-element-populated\">\n\t\t\t\t\t\t<div class=\"elementor-element elementor-element-bb355a1 elementor-widget elementor-widget-spacer\" data-id=\"bb355a1\" data-element_type=\"widget\" data-e-type=\"widget\" data-widget_type=\"spacer.default\">\n\t\t\t\t<div class=\"elementor-widget-container\">\n\t\t\t\t\t\t\t<div class=\"elementor-spacer\">\n\t\t\t<div class=\"elementor-spacer-inner\"><\/div>\n\t\t<\/div>\n\t\t\t\t\t\t<\/div>\n\t\t\t\t<\/div>\n\t\t\t\t\t<\/div>\n\t\t<\/div>\n\t\t\t\t\t<\/div>\n\t\t<\/section>\n\t\t\t\t<\/div>","protected":false},"excerpt":{"rendered":"<p>Inloggad med B\u00e5tabonnemang s\u00e5 visas klubb-b\u00e5tarna h\u00e4r. Axopar 28 From: 9.700&nbsp;&#107;&#114; Read more Seafaring 34 From: 17.100&nbsp;&#107;&#114; Read more Testa att bo p\u00e5 b\u00e5t From: 1.800&nbsp;&#107;&#114; Read more Aquador 24 HT From: 7.000&nbsp;&#107;&#114; Read more Aquador 28 HT From: 26.500&nbsp;&#107;&#114; Read more Askeladden C80 From: 19.197&nbsp;&#107;&#114; Read more Bavaria 32 [&hellip;]<\/p>\n","protected":false},"author":21,"featured_media":13506,"parent":0,"menu_order":0,"comment_status":"closed","ping_status":"closed","template":"","meta":{"inspiro_page_layout":"narrow","inspiro_hide_title":false,"footnotes":""},"class_list":["post-20121","page","type-page","status-publish","has-post-thumbnail","hentry"],"yoast_head":"<!-- This site is optimized with the Yoast SEO Premium plugin v27.5 (Yoast SEO v27.6) - https:\/\/yoast.com\/product\/yoast-seo-premium-wordpress\/ -->\n<title>Boka b\u00e5t med abonnemang |<\/title>\n<meta name=\"robots\" content=\"index, follow, max-snippet:-1, max-image-preview:large, max-video-preview:-1\" \/>\n<link rel=\"canonical\" href=\"https:\/\/nautilus.se\/eng\/boka-bat-med-abonnemang\/\" \/>\n<meta property=\"og:locale\" content=\"en_US\" \/>\n<meta property=\"og:type\" content=\"article\" \/>\n<meta property=\"og:title\" content=\"Boka b\u00e5t med abonnemang\" \/>\n<meta property=\"og:description\" content=\"Inloggad med B\u00e5tabonnemang s\u00e5 visas klubb-b\u00e5tarna h\u00e4r. Axopar 28 From: 9.700&nbsp;&#107;&#114; Read more Seafaring 34 From: 17.100&nbsp;&#107;&#114; Read more Testa att bo p\u00e5 b\u00e5t From: 1.800&nbsp;&#107;&#114; Read more Aquador 24 HT From: 7.000&nbsp;&#107;&#114; Read more Aquador 28 HT From: 26.500&nbsp;&#107;&#114; Read more Askeladden C80 From: 19.197&nbsp;&#107;&#114; Read more Bavaria 32 [&hellip;]\" \/>\n<meta property=\"og:url\" content=\"https:\/\/nautilus.se\/eng\/boka-bat-med-abonnemang\/\" \/>\n<meta property=\"og:site_name\" content=\"Nautilus Boat Club\" \/>\n<meta property=\"article:publisher\" content=\"https:\/\/www.facebook.com\/nautilusboatclub\/\" \/>\n<meta property=\"article:modified_time\" content=\"2026-05-16T07:42:38+00:00\" \/>\n<meta property=\"og:image\" content=\"https:\/\/nautilus.se\/wp-content\/uploads\/2022\/02\/89739872_202941007466972_6366443942849806336_n.jpg\" \/>\n\t<meta property=\"og:image:width\" content=\"2016\" \/>\n\t<meta property=\"og:image:height\" content=\"1512\" \/>\n\t<meta property=\"og:image:type\" content=\"image\/jpeg\" \/>\n<meta name=\"twitter:card\" content=\"summary_large_image\" \/>\n<meta name=\"twitter:label1\" content=\"Est. reading time\" \/>\n\t<meta name=\"twitter:data1\" content=\"8 minutes\" \/>\n<script type=\"application\/ld+json\" class=\"yoast-schema-graph\">{\"@context\":\"https:\\\/\\\/schema.org\",\"@graph\":[{\"@type\":\"WebPage\",\"@id\":\"https:\\\/\\\/nautilus.se\\\/boka-bat-med-abonnemang\\\/\",\"url\":\"https:\\\/\\\/nautilus.se\\\/boka-bat-med-abonnemang\\\/\",\"name\":\"Boka b\u00e5t med abonnemang |\",\"isPartOf\":{\"@id\":\"https:\\\/\\\/nautilus.se\\\/#website\"},\"primaryImageOfPage\":{\"@id\":\"https:\\\/\\\/nautilus.se\\\/boka-bat-med-abonnemang\\\/#primaryimage\"},\"image\":{\"@id\":\"https:\\\/\\\/nautilus.se\\\/boka-bat-med-abonnemang\\\/#primaryimage\"},\"thumbnailUrl\":\"https:\\\/\\\/nautilus.se\\\/wp-content\\\/uploads\\\/2022\\\/02\\\/89739872_202941007466972_6366443942849806336_n.jpg\",\"datePublished\":\"2023-01-31T12:49:36+00:00\",\"dateModified\":\"2026-05-16T07:42:38+00:00\",\"breadcrumb\":{\"@id\":\"https:\\\/\\\/nautilus.se\\\/boka-bat-med-abonnemang\\\/#breadcrumb\"},\"inLanguage\":\"en-US\",\"potentialAction\":[{\"@type\":\"ReadAction\",\"target\":[\"https:\\\/\\\/nautilus.se\\\/boka-bat-med-abonnemang\\\/\"]}]},{\"@type\":\"ImageObject\",\"inLanguage\":\"en-US\",\"@id\":\"https:\\\/\\\/nautilus.se\\\/boka-bat-med-abonnemang\\\/#primaryimage\",\"url\":\"https:\\\/\\\/nautilus.se\\\/wp-content\\\/uploads\\\/2022\\\/02\\\/89739872_202941007466972_6366443942849806336_n.jpg\",\"contentUrl\":\"https:\\\/\\\/nautilus.se\\\/wp-content\\\/uploads\\\/2022\\\/02\\\/89739872_202941007466972_6366443942849806336_n.jpg\",\"width\":2016,\"height\":1512,\"caption\":\"Hyra b\u00e5t i Stockholm\"},{\"@type\":\"BreadcrumbList\",\"@id\":\"https:\\\/\\\/nautilus.se\\\/boka-bat-med-abonnemang\\\/#breadcrumb\",\"itemListElement\":[{\"@type\":\"ListItem\",\"position\":1,\"name\":\"Home\",\"item\":\"https:\\\/\\\/nautilus.se\\\/\"},{\"@type\":\"ListItem\",\"position\":2,\"name\":\"Boka b\u00e5t med abonnemang\"}]},{\"@type\":\"WebSite\",\"@id\":\"https:\\\/\\\/nautilus.se\\\/#website\",\"url\":\"https:\\\/\\\/nautilus.se\\\/\",\"name\":\"Nautilus Boat Club\",\"description\":\"H\u00e4r kan du hyra b\u00e5t, dela b\u00e5t, del\u00e4ga b\u00e5t och vara med i b\u00e5tpool.\",\"publisher\":{\"@id\":\"https:\\\/\\\/nautilus.se\\\/#organization\"},\"potentialAction\":[{\"@type\":\"SearchAction\",\"target\":{\"@type\":\"EntryPoint\",\"urlTemplate\":\"https:\\\/\\\/nautilus.se\\\/?s={search_term_string}\"},\"query-input\":{\"@type\":\"PropertyValueSpecification\",\"valueRequired\":true,\"valueName\":\"search_term_string\"}}],\"inLanguage\":\"en-US\"},{\"@type\":\"Organization\",\"@id\":\"https:\\\/\\\/nautilus.se\\\/#organization\",\"name\":\"Nautilus Boat Club AB\",\"alternateName\":\"Nautilus Boat Club\",\"url\":\"https:\\\/\\\/nautilus.se\\\/\",\"logo\":{\"@type\":\"ImageObject\",\"inLanguage\":\"en-US\",\"@id\":\"https:\\\/\\\/nautilus.se\\\/#\\\/schema\\\/logo\\\/image\\\/\",\"url\":\"https:\\\/\\\/nautilus.se\\\/wp-content\\\/uploads\\\/2022\\\/10\\\/Nautilus-shell-blue-back-w-logo.png\",\"contentUrl\":\"https:\\\/\\\/nautilus.se\\\/wp-content\\\/uploads\\\/2022\\\/10\\\/Nautilus-shell-blue-back-w-logo.png\",\"width\":1755,\"height\":1130,\"caption\":\"Nautilus Boat Club AB\"},\"image\":{\"@id\":\"https:\\\/\\\/nautilus.se\\\/#\\\/schema\\\/logo\\\/image\\\/\"},\"sameAs\":[\"https:\\\/\\\/www.facebook.com\\\/nautilusboatclub\\\/\",\"https:\\\/\\\/www.instagram.com\\\/nautilusboatclub\\\/\",\"https:\\\/\\\/www.linkedin.com\\\/company\\\/4998214\\\/admin\\\/\",\"https:\\\/\\\/www.youtube.com\\\/channel\\\/UCrhrs3yv-t72B5igMm2keKQ\\\/videos?app=desktop\"]}]}<\/script>\n<!-- \/ Yoast SEO Premium plugin. -->","yoast_head_json":{"title":"Boka b\u00e5t med abonnemang |","robots":{"index":"index","follow":"follow","max-snippet":"max-snippet:-1","max-image-preview":"max-image-preview:large","max-video-preview":"max-video-preview:-1"},"canonical":"https:\/\/nautilus.se\/eng\/boka-bat-med-abonnemang\/","og_locale":"en_US","og_type":"article","og_title":"Boka b\u00e5t med abonnemang","og_description":"Inloggad med B\u00e5tabonnemang s\u00e5 visas klubb-b\u00e5tarna h\u00e4r. Axopar 28 From: 9.700&nbsp;&#107;&#114; Read more Seafaring 34 From: 17.100&nbsp;&#107;&#114; Read more Testa att bo p\u00e5 b\u00e5t From: 1.800&nbsp;&#107;&#114; Read more Aquador 24 HT From: 7.000&nbsp;&#107;&#114; Read more Aquador 28 HT From: 26.500&nbsp;&#107;&#114; Read more Askeladden C80 From: 19.197&nbsp;&#107;&#114; Read more Bavaria 32 [&hellip;]","og_url":"https:\/\/nautilus.se\/eng\/boka-bat-med-abonnemang\/","og_site_name":"Nautilus Boat Club","article_publisher":"https:\/\/www.facebook.com\/nautilusboatclub\/","article_modified_time":"2026-05-16T07:42:38+00:00","og_image":[{"width":2016,"height":1512,"url":"https:\/\/nautilus.se\/wp-content\/uploads\/2022\/02\/89739872_202941007466972_6366443942849806336_n.jpg","type":"image\/jpeg"}],"twitter_card":"summary_large_image","twitter_misc":{"Est. reading time":"8 minutes"},"schema":{"@context":"https:\/\/schema.org","@graph":[{"@type":"WebPage","@id":"https:\/\/nautilus.se\/boka-bat-med-abonnemang\/","url":"https:\/\/nautilus.se\/boka-bat-med-abonnemang\/","name":"Boka b\u00e5t med abonnemang |","isPartOf":{"@id":"https:\/\/nautilus.se\/#website"},"primaryImageOfPage":{"@id":"https:\/\/nautilus.se\/boka-bat-med-abonnemang\/#primaryimage"},"image":{"@id":"https:\/\/nautilus.se\/boka-bat-med-abonnemang\/#primaryimage"},"thumbnailUrl":"https:\/\/nautilus.se\/wp-content\/uploads\/2022\/02\/89739872_202941007466972_6366443942849806336_n.jpg","datePublished":"2023-01-31T12:49:36+00:00","dateModified":"2026-05-16T07:42:38+00:00","breadcrumb":{"@id":"https:\/\/nautilus.se\/boka-bat-med-abonnemang\/#breadcrumb"},"inLanguage":"en-US","potentialAction":[{"@type":"ReadAction","target":["https:\/\/nautilus.se\/boka-bat-med-abonnemang\/"]}]},{"@type":"ImageObject","inLanguage":"en-US","@id":"https:\/\/nautilus.se\/boka-bat-med-abonnemang\/#primaryimage","url":"https:\/\/nautilus.se\/wp-content\/uploads\/2022\/02\/89739872_202941007466972_6366443942849806336_n.jpg","contentUrl":"https:\/\/nautilus.se\/wp-content\/uploads\/2022\/02\/89739872_202941007466972_6366443942849806336_n.jpg","width":2016,"height":1512,"caption":"Hyra b\u00e5t i Stockholm"},{"@type":"BreadcrumbList","@id":"https:\/\/nautilus.se\/boka-bat-med-abonnemang\/#breadcrumb","itemListElement":[{"@type":"ListItem","position":1,"name":"Home","item":"https:\/\/nautilus.se\/"},{"@type":"ListItem","position":2,"name":"Boka b\u00e5t med abonnemang"}]},{"@type":"WebSite","@id":"https:\/\/nautilus.se\/#website","url":"https:\/\/nautilus.se\/","name":"Nautilus Boat Club","description":"H\u00e4r kan du hyra b\u00e5t, dela b\u00e5t, del\u00e4ga b\u00e5t och vara med i b\u00e5tpool.","publisher":{"@id":"https:\/\/nautilus.se\/#organization"},"potentialAction":[{"@type":"SearchAction","target":{"@type":"EntryPoint","urlTemplate":"https:\/\/nautilus.se\/?s={search_term_string}"},"query-input":{"@type":"PropertyValueSpecification","valueRequired":true,"valueName":"search_term_string"}}],"inLanguage":"en-US"},{"@type":"Organization","@id":"https:\/\/nautilus.se\/#organization","name":"Nautilus Boat Club AB","alternateName":"Nautilus Boat Club","url":"https:\/\/nautilus.se\/","logo":{"@type":"ImageObject","inLanguage":"en-US","@id":"https:\/\/nautilus.se\/#\/schema\/logo\/image\/","url":"https:\/\/nautilus.se\/wp-content\/uploads\/2022\/10\/Nautilus-shell-blue-back-w-logo.png","contentUrl":"https:\/\/nautilus.se\/wp-content\/uploads\/2022\/10\/Nautilus-shell-blue-back-w-logo.png","width":1755,"height":1130,"caption":"Nautilus Boat Club AB"},"image":{"@id":"https:\/\/nautilus.se\/#\/schema\/logo\/image\/"},"sameAs":["https:\/\/www.facebook.com\/nautilusboatclub\/","https:\/\/www.instagram.com\/nautilusboatclub\/","https:\/\/www.linkedin.com\/company\/4998214\/admin\/","https:\/\/www.youtube.com\/channel\/UCrhrs3yv-t72B5igMm2keKQ\/videos?app=desktop"]}]}},"_links":{"self":[{"href":"https:\/\/nautilus.se\/eng\/wp-json\/wp\/v2\/pages\/20121","targetHints":{"allow":["GET"]}}],"collection":[{"href":"https:\/\/nautilus.se\/eng\/wp-json\/wp\/v2\/pages"}],"about":[{"href":"https:\/\/nautilus.se\/eng\/wp-json\/wp\/v2\/types\/page"}],"author":[{"embeddable":true,"href":"https:\/\/nautilus.se\/eng\/wp-json\/wp\/v2\/users\/21"}],"replies":[{"embeddable":true,"href":"https:\/\/nautilus.se\/eng\/wp-json\/wp\/v2\/comments?post=20121"}],"version-history":[{"count":32,"href":"https:\/\/nautilus.se\/eng\/wp-json\/wp\/v2\/pages\/20121\/revisions"}],"predecessor-version":[{"id":33338,"href":"https:\/\/nautilus.se\/eng\/wp-json\/wp\/v2\/pages\/20121\/revisions\/33338"}],"wp:featuredmedia":[{"embeddable":true,"href":"https:\/\/nautilus.se\/eng\/wp-json\/wp\/v2\/media\/13506"}],"wp:attachment":[{"href":"https:\/\/nautilus.se\/eng\/wp-json\/wp\/v2\/media?parent=20121"}],"curies":[{"name":"wp","href":"https:\/\/api.w.org\/{rel}","templated":true}]}}