{"id":20812,"date":"2023-02-27T16:04:06","date_gmt":"2023-02-27T15:04:06","guid":{"rendered":"https:\/\/nautilus.se\/?page_id=20812"},"modified":"2023-03-16T11:06:39","modified_gmt":"2023-03-16T10:06:39","slug":"allmanna-kontroller-infor-sjosattningen","status":"publish","type":"page","link":"https:\/\/nautilus.se\/eng\/allmanna-kontroller-infor-sjosattningen\/","title":{"rendered":"Allm\u00e4nna kontroller inf\u00f6r sj\u00f6s\u00e4ttningen"},"content":{"rendered":"<div data-elementor-type=\"wp-page\" data-elementor-id=\"20812\" class=\"elementor elementor-20812\" data-elementor-post-type=\"page\">\n\t\t\t\t\t\t<section class=\"elementor-section elementor-top-section elementor-element elementor-element-a605a20 elementor-section-boxed elementor-section-height-default elementor-section-height-default\" data-id=\"a605a20\" data-element_type=\"section\" data-e-type=\"section\">\n\t\t\t\t\t\t<div class=\"elementor-container elementor-column-gap-default\">\n\t\t\t\t\t<div class=\"elementor-column elementor-col-100 elementor-top-column elementor-element elementor-element-d14b8be\" data-id=\"d14b8be\" data-element_type=\"column\" data-e-type=\"column\">\n\t\t\t<div class=\"elementor-widget-wrap elementor-element-populated\">\n\t\t\t\t\t\t<div class=\"elementor-element elementor-element-c917fa1 elementor-widget elementor-widget-text-editor\" data-id=\"c917fa1\" data-element_type=\"widget\" data-e-type=\"widget\" data-widget_type=\"text-editor.default\">\n\t\t\t\t<div class=\"elementor-widget-container\">\n\t\t\t\t\t\t\t\t\t<p><strong>Nedan har vi listat nyttiga kontroller du b\u00f6r g\u00f6ra p\u00e5 din b\u00e5t inf\u00f6r sj\u00f6s\u00e4ttningen.<\/strong><\/p><h2>Ankarspel<\/h2><p>\u00c4r du helt s\u00e4ker att ankark\u00e4ttingen eller -linan \u00e4r ordentligt f\u00e4st ombord? Om du inte kan svara ett s\u00e4kert ja p\u00e5 fr\u00e5gan b\u00f6r du dra k\u00e4ttingen\/linan i dess fulla l\u00e4ngd och f\u00f6rs\u00e4kra dig om den saken. Det ger ocks\u00e5 ett utm\u00e4rkt tillf\u00e4lle att reng\u00f6ra.<\/p><h2>Fire extinguisher<\/h2><p>Pulversl\u00e4ckare skall kontrolleras kontinuerligt. Ta till vana att ocks\u00e5 ta loss den ibland, v\u00e4nda upp och ned och st\u00f6ta till s\u00e5 att pulvret finf\u00f6rdelas. Annars kan det fastna som en klump p\u00e5 botten.<\/p><h2>Flytv\u00e4star och plagg<\/h2><p>Om flytv\u00e4sten \u00e4r en sk automatflytv\u00e4st och har en gaspatron som bl\u00e5ser upp vid en n\u00f6dsituation m\u00e5ste man antingen sj\u00e4lv byta patronen eller l\u00e4mna in f\u00f6r genomg\u00e5ng och nyladdning. <br \/>Kontrollera utg\u00e5ngsdatum som st\u00e5r st\u00e4mplat p\u00e5 utl\u00f6saren\/patronen.<\/p><h2>Gasol<\/h2><p>Gasolen \u00e4r tyngre \u00e4n luft, det \u00e4r det som g\u00f6r den s\u00e5\u00a0l\u00f6msk eftersom gasen vid l\u00e4ckage tr\u00e4nger ned\u00e5t och blir liggande d\u00e4r tills den endera uppt\u00e4cks och pumpas ut eller ant\u00e4nds med explosion som f\u00f6ljd. Tuben ska f\u00f6rvaras i separat utrymme med l\u00e5gt placerat evakueringsh\u00e5l som l\u00e5ter eventuell gas rinna ut ur b\u00e5ten.<\/p><p>Gasolslangar och kopplingar ska ha pressade slangf\u00f6rslutningar. Slangen b\u00f6r vara orange till f\u00e4rgen och ska vara m\u00e4rkt med ett nummer som anger kvaliteten.<\/p><p>Inspektera slangen noggrant och byt ut den med j\u00e4mna mellanrum. En fastmonterad l\u00e4ckindikator g\u00f6r det m\u00f6jligt att kontrollera t\u00e4theten varje g\u00e5ng som ventilen p\u00e5 beh\u00e5llaren \u00f6ppnas. Saknas l\u00e4ckindikator b\u00f6r man kontrollera t\u00e4theten varje g\u00e5ng beh\u00e5llaren byts eller minst en g\u00e5ng per s\u00e4song.<\/p><p>Det g\u00f6r man genom att \u00f6ppna alla ventiler men l\u00e5ta\u00a0f\u00f6rbrukningsapparaterna vara avst\u00e4ngda. D\u00e4refter penslar man alla ledningar och skarvar med s\u00e5pvatten eller sprayar med l\u00e4ckagespray. Bubblar det s\u00e5 l\u00e4cker systemet.<\/p><h2>Givare till logg och ekolod<\/h2><p>N\u00e4r b\u00e5ten ligger p\u00e5 land \u00e4r det l\u00e4tt att besiktiga givarna f\u00f6r att se att de inte har n\u00e5gra skador. G\u00f6r samtidigt en noggrann kontroll av alla bordgenomf\u00f6ringar. Se efter s\u00e5 att alla slangar \u00e4r hela. Det ska sitta dubbla rostfria slangkl\u00e4mmor vid varje bordgenomf\u00f6ring.<\/p><h2>Diverse funktioner<\/h2><p>Kontrollera att alla elinstallationer \u00e4r intakta och v\u00e4l isolerade. Prova l\u00e4nspumpen s\u00e5 att den fungerar som den ska samt kontrollera alla lanternor.<\/p><h2>St\u00f6ld &amp; St\u00f6ldskydd<\/h2><p>Tiden mellan sj\u00f6s\u00e4ttning och sommaren brukar vara b\u00e5t- och motortjuvarnas h\u00f6gs\u00e4song. Dess b\u00e4ttre finns det mycket man kan g\u00f6ra f\u00f6r att minska riskerna. Och det v\u00e5ra kunder g\u00f6r f\u00f6r att stoppa st\u00f6lderna st\u00f6djer vi p\u00e5 olika s\u00e4tt.<\/p><p>M\u00e5nga b\u00e5t\u00e4gare har installerat ett f\u00f6rb\u00e4ttrat st\u00f6ldskydd, exempelvis\u00a0startsp\u00e4rr,\u00a0st\u00f6ldskyddsm\u00e4rkt b\u00e5t och motor\u00a0samt\u00a0s\u00f6ksystemen\u00a0har i ett antal fall spelat en avg\u00f6rande roll n\u00e4r det g\u00e4ller att stoppa st\u00f6ldf\u00f6rs\u00f6ken.<\/p><p>L\u00e4s mer om\u00a0st\u00f6ldf\u00f6rebyggande \u00e5tg\u00e4rder f\u00f6r din b\u00e5t!<\/p>\t\t\t\t\t\t\t\t<\/div>\n\t\t\t\t<\/div>\n\t\t\t\t\t<\/div>\n\t\t<\/div>\n\t\t\t\t\t<\/div>\n\t\t<\/section>\n\t\t\t\t<\/div>","protected":false},"excerpt":{"rendered":"<p>Nedan har vi listat nyttiga kontroller du b\u00f6r g\u00f6ra p\u00e5 din b\u00e5t inf\u00f6r sj\u00f6s\u00e4ttningen. Ankarspel \u00c4r du helt s\u00e4ker att ankark\u00e4ttingen eller -linan \u00e4r ordentligt f\u00e4st ombord? Om du inte kan svara ett s\u00e4kert ja p\u00e5 fr\u00e5gan b\u00f6r du dra k\u00e4ttingen\/linan i dess fulla l\u00e4ngd och f\u00f6rs\u00e4kra dig om den [&hellip;]<\/p>\n","protected":false},"author":21,"featured_media":0,"parent":0,"menu_order":0,"comment_status":"closed","ping_status":"closed","template":"","meta":{"inspiro_page_layout":"narrow","inspiro_hide_title":false,"footnotes":""},"class_list":["post-20812","page","type-page","status-publish","hentry"],"yoast_head":"<!-- This site is optimized with the Yoast SEO Premium plugin v27.4 (Yoast SEO v27.5) - https:\/\/yoast.com\/product\/yoast-seo-premium-wordpress\/ -->\n<title>Allm\u00e4nna kontroller inf\u00f6r sj\u00f6s\u00e4ttningen |<\/title>\n<meta name=\"robots\" content=\"index, follow, max-snippet:-1, max-image-preview:large, max-video-preview:-1\" \/>\n<link rel=\"canonical\" href=\"https:\/\/nautilus.se\/eng\/allmanna-kontroller-infor-sjosattningen\/\" \/>\n<meta property=\"og:locale\" content=\"en_US\" \/>\n<meta property=\"og:type\" content=\"article\" \/>\n<meta property=\"og:title\" content=\"Allm\u00e4nna kontroller inf\u00f6r sj\u00f6s\u00e4ttningen\" \/>\n<meta property=\"og:description\" content=\"Nedan har vi listat nyttiga kontroller du b\u00f6r g\u00f6ra p\u00e5 din b\u00e5t inf\u00f6r sj\u00f6s\u00e4ttningen. Ankarspel \u00c4r du helt s\u00e4ker att ankark\u00e4ttingen eller -linan \u00e4r ordentligt f\u00e4st ombord? Om du inte kan svara ett s\u00e4kert ja p\u00e5 fr\u00e5gan b\u00f6r du dra k\u00e4ttingen\/linan i dess fulla l\u00e4ngd och f\u00f6rs\u00e4kra dig om den [&hellip;]\" \/>\n<meta property=\"og:url\" content=\"https:\/\/nautilus.se\/eng\/allmanna-kontroller-infor-sjosattningen\/\" \/>\n<meta property=\"og:site_name\" content=\"Nautilus Boat Club\" \/>\n<meta property=\"article:publisher\" content=\"https:\/\/www.facebook.com\/nautilusboatclub\/\" \/>\n<meta property=\"article:modified_time\" content=\"2023-03-16T10:06:39+00:00\" \/>\n<meta property=\"og:image\" content=\"https:\/\/nautilus.se\/wp-content\/uploads\/2023\/05\/askeladden-c80b.jpg\" \/>\n\t<meta property=\"og:image:width\" content=\"2560\" \/>\n\t<meta property=\"og:image:height\" content=\"1440\" \/>\n\t<meta property=\"og:image:type\" content=\"image\/jpeg\" \/>\n<meta name=\"twitter:card\" content=\"summary_large_image\" \/>\n<meta name=\"twitter:label1\" content=\"Est. reading time\" \/>\n\t<meta name=\"twitter:data1\" content=\"3 minutes\" \/>\n<script type=\"application\/ld+json\" class=\"yoast-schema-graph\">{\"@context\":\"https:\\\/\\\/schema.org\",\"@graph\":[{\"@type\":\"WebPage\",\"@id\":\"https:\\\/\\\/nautilus.se\\\/allmanna-kontroller-infor-sjosattningen\\\/\",\"url\":\"https:\\\/\\\/nautilus.se\\\/allmanna-kontroller-infor-sjosattningen\\\/\",\"name\":\"Allm\u00e4nna kontroller inf\u00f6r sj\u00f6s\u00e4ttningen |\",\"isPartOf\":{\"@id\":\"https:\\\/\\\/nautilus.se\\\/#website\"},\"datePublished\":\"2023-02-27T15:04:06+00:00\",\"dateModified\":\"2023-03-16T10:06:39+00:00\",\"breadcrumb\":{\"@id\":\"https:\\\/\\\/nautilus.se\\\/allmanna-kontroller-infor-sjosattningen\\\/#breadcrumb\"},\"inLanguage\":\"en-US\",\"potentialAction\":[{\"@type\":\"ReadAction\",\"target\":[\"https:\\\/\\\/nautilus.se\\\/allmanna-kontroller-infor-sjosattningen\\\/\"]}]},{\"@type\":\"BreadcrumbList\",\"@id\":\"https:\\\/\\\/nautilus.se\\\/allmanna-kontroller-infor-sjosattningen\\\/#breadcrumb\",\"itemListElement\":[{\"@type\":\"ListItem\",\"position\":1,\"name\":\"Home\",\"item\":\"https:\\\/\\\/nautilus.se\\\/\"},{\"@type\":\"ListItem\",\"position\":2,\"name\":\"Allm\u00e4nna kontroller inf\u00f6r sj\u00f6s\u00e4ttningen\"}]},{\"@type\":\"WebSite\",\"@id\":\"https:\\\/\\\/nautilus.se\\\/#website\",\"url\":\"https:\\\/\\\/nautilus.se\\\/\",\"name\":\"Nautilus Boat Club\",\"description\":\"H\u00e4r kan du hyra b\u00e5t, dela b\u00e5t, del\u00e4ga b\u00e5t och vara med i b\u00e5tpool.\",\"publisher\":{\"@id\":\"https:\\\/\\\/nautilus.se\\\/#organization\"},\"potentialAction\":[{\"@type\":\"SearchAction\",\"target\":{\"@type\":\"EntryPoint\",\"urlTemplate\":\"https:\\\/\\\/nautilus.se\\\/?s={search_term_string}\"},\"query-input\":{\"@type\":\"PropertyValueSpecification\",\"valueRequired\":true,\"valueName\":\"search_term_string\"}}],\"inLanguage\":\"en-US\"},{\"@type\":\"Organization\",\"@id\":\"https:\\\/\\\/nautilus.se\\\/#organization\",\"name\":\"Nautilus Boat Club AB\",\"alternateName\":\"Nautilus Boat Club\",\"url\":\"https:\\\/\\\/nautilus.se\\\/\",\"logo\":{\"@type\":\"ImageObject\",\"inLanguage\":\"en-US\",\"@id\":\"https:\\\/\\\/nautilus.se\\\/#\\\/schema\\\/logo\\\/image\\\/\",\"url\":\"https:\\\/\\\/nautilus.se\\\/wp-content\\\/uploads\\\/2022\\\/10\\\/Nautilus-shell-blue-back-w-logo.png\",\"contentUrl\":\"https:\\\/\\\/nautilus.se\\\/wp-content\\\/uploads\\\/2022\\\/10\\\/Nautilus-shell-blue-back-w-logo.png\",\"width\":1755,\"height\":1130,\"caption\":\"Nautilus Boat Club AB\"},\"image\":{\"@id\":\"https:\\\/\\\/nautilus.se\\\/#\\\/schema\\\/logo\\\/image\\\/\"},\"sameAs\":[\"https:\\\/\\\/www.facebook.com\\\/nautilusboatclub\\\/\",\"https:\\\/\\\/www.instagram.com\\\/nautilusboatclub\\\/\",\"https:\\\/\\\/www.linkedin.com\\\/company\\\/4998214\\\/admin\\\/\",\"https:\\\/\\\/www.youtube.com\\\/channel\\\/UCrhrs3yv-t72B5igMm2keKQ\\\/videos?app=desktop\"]}]}<\/script>\n<!-- \/ Yoast SEO Premium plugin. -->","yoast_head_json":{"title":"Allm\u00e4nna kontroller inf\u00f6r sj\u00f6s\u00e4ttningen |","robots":{"index":"index","follow":"follow","max-snippet":"max-snippet:-1","max-image-preview":"max-image-preview:large","max-video-preview":"max-video-preview:-1"},"canonical":"https:\/\/nautilus.se\/eng\/allmanna-kontroller-infor-sjosattningen\/","og_locale":"en_US","og_type":"article","og_title":"Allm\u00e4nna kontroller inf\u00f6r sj\u00f6s\u00e4ttningen","og_description":"Nedan har vi listat nyttiga kontroller du b\u00f6r g\u00f6ra p\u00e5 din b\u00e5t inf\u00f6r sj\u00f6s\u00e4ttningen. Ankarspel \u00c4r du helt s\u00e4ker att ankark\u00e4ttingen eller -linan \u00e4r ordentligt f\u00e4st ombord? Om du inte kan svara ett s\u00e4kert ja p\u00e5 fr\u00e5gan b\u00f6r du dra k\u00e4ttingen\/linan i dess fulla l\u00e4ngd och f\u00f6rs\u00e4kra dig om den [&hellip;]","og_url":"https:\/\/nautilus.se\/eng\/allmanna-kontroller-infor-sjosattningen\/","og_site_name":"Nautilus Boat Club","article_publisher":"https:\/\/www.facebook.com\/nautilusboatclub\/","article_modified_time":"2023-03-16T10:06:39+00:00","og_image":[{"width":2560,"height":1440,"url":"https:\/\/nautilus.se\/wp-content\/uploads\/2023\/05\/askeladden-c80b.jpg","type":"image\/jpeg"}],"twitter_card":"summary_large_image","twitter_misc":{"Est. reading time":"3 minutes"},"schema":{"@context":"https:\/\/schema.org","@graph":[{"@type":"WebPage","@id":"https:\/\/nautilus.se\/allmanna-kontroller-infor-sjosattningen\/","url":"https:\/\/nautilus.se\/allmanna-kontroller-infor-sjosattningen\/","name":"Allm\u00e4nna kontroller inf\u00f6r sj\u00f6s\u00e4ttningen |","isPartOf":{"@id":"https:\/\/nautilus.se\/#website"},"datePublished":"2023-02-27T15:04:06+00:00","dateModified":"2023-03-16T10:06:39+00:00","breadcrumb":{"@id":"https:\/\/nautilus.se\/allmanna-kontroller-infor-sjosattningen\/#breadcrumb"},"inLanguage":"en-US","potentialAction":[{"@type":"ReadAction","target":["https:\/\/nautilus.se\/allmanna-kontroller-infor-sjosattningen\/"]}]},{"@type":"BreadcrumbList","@id":"https:\/\/nautilus.se\/allmanna-kontroller-infor-sjosattningen\/#breadcrumb","itemListElement":[{"@type":"ListItem","position":1,"name":"Home","item":"https:\/\/nautilus.se\/"},{"@type":"ListItem","position":2,"name":"Allm\u00e4nna kontroller inf\u00f6r sj\u00f6s\u00e4ttningen"}]},{"@type":"WebSite","@id":"https:\/\/nautilus.se\/#website","url":"https:\/\/nautilus.se\/","name":"Nautilus Boat Club","description":"H\u00e4r kan du hyra b\u00e5t, dela b\u00e5t, del\u00e4ga b\u00e5t och vara med i b\u00e5tpool.","publisher":{"@id":"https:\/\/nautilus.se\/#organization"},"potentialAction":[{"@type":"SearchAction","target":{"@type":"EntryPoint","urlTemplate":"https:\/\/nautilus.se\/?s={search_term_string}"},"query-input":{"@type":"PropertyValueSpecification","valueRequired":true,"valueName":"search_term_string"}}],"inLanguage":"en-US"},{"@type":"Organization","@id":"https:\/\/nautilus.se\/#organization","name":"Nautilus Boat Club AB","alternateName":"Nautilus Boat Club","url":"https:\/\/nautilus.se\/","logo":{"@type":"ImageObject","inLanguage":"en-US","@id":"https:\/\/nautilus.se\/#\/schema\/logo\/image\/","url":"https:\/\/nautilus.se\/wp-content\/uploads\/2022\/10\/Nautilus-shell-blue-back-w-logo.png","contentUrl":"https:\/\/nautilus.se\/wp-content\/uploads\/2022\/10\/Nautilus-shell-blue-back-w-logo.png","width":1755,"height":1130,"caption":"Nautilus Boat Club AB"},"image":{"@id":"https:\/\/nautilus.se\/#\/schema\/logo\/image\/"},"sameAs":["https:\/\/www.facebook.com\/nautilusboatclub\/","https:\/\/www.instagram.com\/nautilusboatclub\/","https:\/\/www.linkedin.com\/company\/4998214\/admin\/","https:\/\/www.youtube.com\/channel\/UCrhrs3yv-t72B5igMm2keKQ\/videos?app=desktop"]}]}},"_links":{"self":[{"href":"https:\/\/nautilus.se\/eng\/wp-json\/wp\/v2\/pages\/20812","targetHints":{"allow":["GET"]}}],"collection":[{"href":"https:\/\/nautilus.se\/eng\/wp-json\/wp\/v2\/pages"}],"about":[{"href":"https:\/\/nautilus.se\/eng\/wp-json\/wp\/v2\/types\/page"}],"author":[{"embeddable":true,"href":"https:\/\/nautilus.se\/eng\/wp-json\/wp\/v2\/users\/21"}],"replies":[{"embeddable":true,"href":"https:\/\/nautilus.se\/eng\/wp-json\/wp\/v2\/comments?post=20812"}],"version-history":[{"count":7,"href":"https:\/\/nautilus.se\/eng\/wp-json\/wp\/v2\/pages\/20812\/revisions"}],"predecessor-version":[{"id":21265,"href":"https:\/\/nautilus.se\/eng\/wp-json\/wp\/v2\/pages\/20812\/revisions\/21265"}],"wp:attachment":[{"href":"https:\/\/nautilus.se\/eng\/wp-json\/wp\/v2\/media?parent=20812"}],"curies":[{"name":"wp","href":"https:\/\/api.w.org\/{rel}","templated":true}]}}