{"id":20850,"date":"2023-02-27T16:37:46","date_gmt":"2023-02-27T15:37:46","guid":{"rendered":"https:\/\/nautilus.se\/?page_id=20850"},"modified":"2023-03-16T10:51:52","modified_gmt":"2023-03-16T09:51:52","slug":"oskrivna-regler-pa-sjon","status":"publish","type":"page","link":"https:\/\/nautilus.se\/eng\/oskrivna-regler-pa-sjon\/","title":{"rendered":"Oskrivna regler p\u00e5 sj\u00f6n"},"content":{"rendered":"<div data-elementor-type=\"wp-page\" data-elementor-id=\"20850\" class=\"elementor elementor-20850\" data-elementor-post-type=\"page\">\n\t\t\t\t\t\t<section class=\"elementor-section elementor-top-section elementor-element elementor-element-8fb30ac elementor-section-boxed elementor-section-height-default elementor-section-height-default\" data-id=\"8fb30ac\" data-element_type=\"section\" data-e-type=\"section\">\n\t\t\t\t\t\t<div class=\"elementor-container elementor-column-gap-default\">\n\t\t\t\t\t<div class=\"elementor-column elementor-col-100 elementor-top-column elementor-element elementor-element-b50b7b7\" data-id=\"b50b7b7\" data-element_type=\"column\" data-e-type=\"column\">\n\t\t\t<div class=\"elementor-widget-wrap elementor-element-populated\">\n\t\t\t\t\t\t<div class=\"elementor-element elementor-element-8202c1d elementor-widget elementor-widget-text-editor\" data-id=\"8202c1d\" data-element_type=\"widget\" data-e-type=\"widget\" data-widget_type=\"text-editor.default\">\n\t\t\t\t<div class=\"elementor-widget-container\">\n\t\t\t\t\t\t\t\t\t<h2>Oskrivna regler till sj\u00f6ss<\/h2><p>F\u00f6r de som \u00e4r ovana att vistas till sj\u00f6ss kan mycket som kretsar kring b\u00e5tlivet verka kr\u00e5ngligt eller rent av obegripligt. Att det anses osnyggt att \u00e5ka med fendrarna ute till exempel. Eller att man inte pratar om rep, h\u00f6ger och v\u00e4nster eller fram och bak. H\u00e4r\u00a0tar vi dig igenom n\u00e5gra av de viktigaste oskrivna reglerna.<\/p><ul><li>Sladd eller tamp \u00e4r egentligen \u00e4ndan av en lina eller ett rep, men i folkmun anv\u00e4nds \u00e4ven ordet f\u00f6r en kortare lina i sin helhet.<\/li><li>Man g\u00f6r inte en knut p\u00e5 linan, man g\u00f6r en knop.<\/li><li>Sj\u00f6folk hj\u00e4lps \u00e5t. Erbjud dig att ta emot f\u00f6rtampen om en b\u00e5t \u00e4r p\u00e5 v\u00e4g in mot bryggan f\u00f6r att l\u00e4gga till.<\/li><li>Ser du en b\u00e5t som ser ut att ligga och driva tar du dig dit och kollar om de beh\u00f6ver hj\u00e4lp.<\/li><li>Fendrar g\u00f6r stor nytta n\u00e4r man ligger vid en brygga. Men att k\u00f6ra eller segla med dem ute anses som osnyggt. Dessutom kan de lossna om b\u00e5ten kr\u00e4nger.<\/li><li>T\u00e4nk p\u00e5 att visa h\u00e4nsyn n\u00e4r du ska l\u00e4gga till i en g\u00e4st- eller naturhamn. St\u00e4ng av h\u00f6g musik och d\u00e4mpa tonl\u00e4get. Gl\u00f6m inte att fendra av (s\u00e4tta ut fendrarna p\u00e5 b\u00e5tens sidor) innan du b\u00f6rjar l\u00e4gga till.<\/li><li>Om du l\u00e4gger dig utanf\u00f6r l\u00e4ngs med en annan b\u00e5t och ska g\u00e5 iland g\u00f6r du det \u00f6ver grannb\u00e5tens f\u00f6rd\u00e4ck.<\/li><li>Flaggning till sj\u00f6ss \u00e4r ett kapitel f\u00f6r sig. \u00c5ker du utomlands med b\u00e5ten ska klubbflaggor p\u00e5 styrbords sida flyttas till babord.\u00a0Ist\u00e4llet s\u00e4tter du flaggan f\u00f6r landet du bes\u00f6ker som artighetsflagg p\u00e5 styrbords sida. Felaktig flaggning kan faktiskt vara straffbart i vissa l\u00e4nder!\u00a0<a href=\"https:\/\/www.sxk.se\/batliv\/flaggreglemente\">L\u00e4s mer p\u00e5 Svenska Kryssarklubben.\u00a0<\/a><\/li><li>Att ha\u00a0sprayhooden uppe vid g\u00e5ng anses i vissa kretsar som amat\u00f6rm\u00e4ssigt. Men n\u00e4r det \u00f6sregnar ute eller solen steker \u00e4r det sk\u00f6nt att g\u00f6mma sig bakom ett kapell, amat\u00f6rm\u00e4ssigt eller ej.<\/li><li>Undvik skor med f\u00e4rgade sulor p\u00e5 d\u00e4ck.<\/li><li>L\u00e5t aldrig tampar ligga l\u00f6sa ombord som n\u00e5gon kan snubbla p\u00e5. Linda upp dem mot repets slagning i j\u00e4mna varv.\u00a0<\/li><li>N\u00e4r du k\u00f6r segelb\u00e5t f\u00f6r motor ska alltid f\u00f6rseglet tas ner.\u00a0<\/li><li>Avslutningsvis p\u00e5minner vi g\u00e4rna om att vi b\u00e5tfolk g\u00e4rna h\u00e4lsar p\u00e5 varandra till sj\u00f6ss, testa du med!<\/li><\/ul><h2>Sj\u00f6s\u00e4kerhetsr\u00e5dets tio sj\u00f6vettsregler<\/h2><p>Det finns f\u00f6rst\u00e5s en hel del regler i skrift ocks\u00e5. Sj\u00f6s\u00e4kerhetsr\u00e5dets tio sj\u00f6vettsregler togs fram f\u00f6r att \u00f6ka s\u00e4kerheten p\u00e5 sj\u00f6n. De har visserligen n\u00e5gra \u00e5r p\u00e5 nacken, men \u00e4r lika g\u00e5ngbara idag.<\/p><ol><li>Se till att b\u00e5ten \u00e4r sj\u00f6duglig och att ha god ordning ombord.<\/li><li>Ha alltid n\u00f6dv\u00e4ndig s\u00e4kerhetsutrustning med ombord! Kom ih\u00e5g: Flytv\u00e4star \u00e5t alla ombord och de ska vara p\u00e5!<\/li><li>Ge dig inte ut p\u00e5 st\u00f6rre vatten \u00e4n b\u00e5ten \u00e4r l\u00e4mpad f\u00f6r!<\/li><li>Tala alltid om ditt f\u00e4rdm\u00e5l och studera noga f\u00e4rdv\u00e4gen. Om du \u00e4ndrar f\u00e4rdm\u00e5l, meddela hem!<\/li><li>Det \u00e4r din plikt att k\u00e4nna till de regler som g\u00e4ller p\u00e5 sj\u00f6n. Alkohol och b\u00e5tliv h\u00f6r inte ihop!<\/li><li>\u00d6verlasta inte b\u00e5ten, och sitt i b\u00e5ten!<\/li><li>H\u00e5ll alltid god utkik! Var f\u00f6rsiktig med farten!<\/li><li>Lyssna p\u00e5 v\u00e4derleksutsikterna. \u00c4r de d\u00e5liga, stanna hemma! \u00c4r du redan till sj\u00f6ss, s\u00f6k l\u00e4 eller n\u00e4rmaste hamn!<\/li><li>Om b\u00e5ten kantrar men flyter, stanna kvar vid den! Du \u00e4r s\u00e4krare d\u00e4r \u00e4n om du simmar mot land!<\/li><li>Skr\u00e4pa inte ner, varken p\u00e5 land eller i sj\u00f6n. Tag med skr\u00e4pet hem eller l\u00e4mna det i en sopmaja!<\/li><\/ol>\t\t\t\t\t\t\t\t<\/div>\n\t\t\t\t<\/div>\n\t\t\t\t\t<\/div>\n\t\t<\/div>\n\t\t\t\t\t<\/div>\n\t\t<\/section>\n\t\t\t\t<\/div>","protected":false},"excerpt":{"rendered":"<p>Oskrivna regler till sj\u00f6ss F\u00f6r de som \u00e4r ovana att vistas till sj\u00f6ss kan mycket som kretsar kring b\u00e5tlivet verka kr\u00e5ngligt eller rent av obegripligt. Att det anses osnyggt att \u00e5ka med fendrarna ute till exempel. Eller att man inte pratar om rep, h\u00f6ger och v\u00e4nster eller fram och bak. [&hellip;]<\/p>\n","protected":false},"author":21,"featured_media":0,"parent":0,"menu_order":0,"comment_status":"closed","ping_status":"closed","template":"","meta":{"inspiro_page_layout":"narrow","inspiro_hide_title":false,"footnotes":""},"class_list":["post-20850","page","type-page","status-publish","hentry"],"yoast_head":"<!-- This site is optimized with the Yoast SEO Premium plugin v27.4 (Yoast SEO v27.5) - https:\/\/yoast.com\/product\/yoast-seo-premium-wordpress\/ -->\n<title>Oskrivna regler p\u00e5 sj\u00f6n |<\/title>\n<meta name=\"robots\" content=\"index, follow, max-snippet:-1, max-image-preview:large, max-video-preview:-1\" \/>\n<link rel=\"canonical\" href=\"https:\/\/nautilus.se\/eng\/oskrivna-regler-pa-sjon\/\" \/>\n<meta property=\"og:locale\" content=\"en_US\" \/>\n<meta property=\"og:type\" content=\"article\" \/>\n<meta property=\"og:title\" content=\"Oskrivna regler p\u00e5 sj\u00f6n\" \/>\n<meta property=\"og:description\" content=\"Oskrivna regler till sj\u00f6ss F\u00f6r de som \u00e4r ovana att vistas till sj\u00f6ss kan mycket som kretsar kring b\u00e5tlivet verka kr\u00e5ngligt eller rent av obegripligt. Att det anses osnyggt att \u00e5ka med fendrarna ute till exempel. Eller att man inte pratar om rep, h\u00f6ger och v\u00e4nster eller fram och bak. [&hellip;]\" \/>\n<meta property=\"og:url\" content=\"https:\/\/nautilus.se\/eng\/oskrivna-regler-pa-sjon\/\" \/>\n<meta property=\"og:site_name\" content=\"Nautilus Boat Club\" \/>\n<meta property=\"article:publisher\" content=\"https:\/\/www.facebook.com\/nautilusboatclub\/\" \/>\n<meta property=\"article:modified_time\" content=\"2023-03-16T09:51:52+00:00\" \/>\n<meta property=\"og:image\" content=\"https:\/\/nautilus.se\/wp-content\/uploads\/2023\/05\/askeladden-c80b.jpg\" \/>\n\t<meta property=\"og:image:width\" content=\"2560\" \/>\n\t<meta property=\"og:image:height\" content=\"1440\" \/>\n\t<meta property=\"og:image:type\" content=\"image\/jpeg\" \/>\n<meta name=\"twitter:card\" content=\"summary_large_image\" \/>\n<meta name=\"twitter:label1\" content=\"Est. reading time\" \/>\n\t<meta name=\"twitter:data1\" content=\"3 minutes\" \/>\n<script type=\"application\/ld+json\" class=\"yoast-schema-graph\">{\"@context\":\"https:\\\/\\\/schema.org\",\"@graph\":[{\"@type\":\"WebPage\",\"@id\":\"https:\\\/\\\/nautilus.se\\\/oskrivna-regler-pa-sjon\\\/\",\"url\":\"https:\\\/\\\/nautilus.se\\\/oskrivna-regler-pa-sjon\\\/\",\"name\":\"Oskrivna regler p\u00e5 sj\u00f6n |\",\"isPartOf\":{\"@id\":\"https:\\\/\\\/nautilus.se\\\/#website\"},\"datePublished\":\"2023-02-27T15:37:46+00:00\",\"dateModified\":\"2023-03-16T09:51:52+00:00\",\"breadcrumb\":{\"@id\":\"https:\\\/\\\/nautilus.se\\\/oskrivna-regler-pa-sjon\\\/#breadcrumb\"},\"inLanguage\":\"en-US\",\"potentialAction\":[{\"@type\":\"ReadAction\",\"target\":[\"https:\\\/\\\/nautilus.se\\\/oskrivna-regler-pa-sjon\\\/\"]}]},{\"@type\":\"BreadcrumbList\",\"@id\":\"https:\\\/\\\/nautilus.se\\\/oskrivna-regler-pa-sjon\\\/#breadcrumb\",\"itemListElement\":[{\"@type\":\"ListItem\",\"position\":1,\"name\":\"Home\",\"item\":\"https:\\\/\\\/nautilus.se\\\/\"},{\"@type\":\"ListItem\",\"position\":2,\"name\":\"Oskrivna regler p\u00e5 sj\u00f6n\"}]},{\"@type\":\"WebSite\",\"@id\":\"https:\\\/\\\/nautilus.se\\\/#website\",\"url\":\"https:\\\/\\\/nautilus.se\\\/\",\"name\":\"Nautilus Boat Club\",\"description\":\"H\u00e4r kan du hyra b\u00e5t, dela b\u00e5t, del\u00e4ga b\u00e5t och vara med i b\u00e5tpool.\",\"publisher\":{\"@id\":\"https:\\\/\\\/nautilus.se\\\/#organization\"},\"potentialAction\":[{\"@type\":\"SearchAction\",\"target\":{\"@type\":\"EntryPoint\",\"urlTemplate\":\"https:\\\/\\\/nautilus.se\\\/?s={search_term_string}\"},\"query-input\":{\"@type\":\"PropertyValueSpecification\",\"valueRequired\":true,\"valueName\":\"search_term_string\"}}],\"inLanguage\":\"en-US\"},{\"@type\":\"Organization\",\"@id\":\"https:\\\/\\\/nautilus.se\\\/#organization\",\"name\":\"Nautilus Boat Club AB\",\"alternateName\":\"Nautilus Boat Club\",\"url\":\"https:\\\/\\\/nautilus.se\\\/\",\"logo\":{\"@type\":\"ImageObject\",\"inLanguage\":\"en-US\",\"@id\":\"https:\\\/\\\/nautilus.se\\\/#\\\/schema\\\/logo\\\/image\\\/\",\"url\":\"https:\\\/\\\/nautilus.se\\\/wp-content\\\/uploads\\\/2022\\\/10\\\/Nautilus-shell-blue-back-w-logo.png\",\"contentUrl\":\"https:\\\/\\\/nautilus.se\\\/wp-content\\\/uploads\\\/2022\\\/10\\\/Nautilus-shell-blue-back-w-logo.png\",\"width\":1755,\"height\":1130,\"caption\":\"Nautilus Boat Club AB\"},\"image\":{\"@id\":\"https:\\\/\\\/nautilus.se\\\/#\\\/schema\\\/logo\\\/image\\\/\"},\"sameAs\":[\"https:\\\/\\\/www.facebook.com\\\/nautilusboatclub\\\/\",\"https:\\\/\\\/www.instagram.com\\\/nautilusboatclub\\\/\",\"https:\\\/\\\/www.linkedin.com\\\/company\\\/4998214\\\/admin\\\/\",\"https:\\\/\\\/www.youtube.com\\\/channel\\\/UCrhrs3yv-t72B5igMm2keKQ\\\/videos?app=desktop\"]}]}<\/script>\n<!-- \/ Yoast SEO Premium plugin. -->","yoast_head_json":{"title":"Oskrivna regler p\u00e5 sj\u00f6n |","robots":{"index":"index","follow":"follow","max-snippet":"max-snippet:-1","max-image-preview":"max-image-preview:large","max-video-preview":"max-video-preview:-1"},"canonical":"https:\/\/nautilus.se\/eng\/oskrivna-regler-pa-sjon\/","og_locale":"en_US","og_type":"article","og_title":"Oskrivna regler p\u00e5 sj\u00f6n","og_description":"Oskrivna regler till sj\u00f6ss F\u00f6r de som \u00e4r ovana att vistas till sj\u00f6ss kan mycket som kretsar kring b\u00e5tlivet verka kr\u00e5ngligt eller rent av obegripligt. Att det anses osnyggt att \u00e5ka med fendrarna ute till exempel. Eller att man inte pratar om rep, h\u00f6ger och v\u00e4nster eller fram och bak. [&hellip;]","og_url":"https:\/\/nautilus.se\/eng\/oskrivna-regler-pa-sjon\/","og_site_name":"Nautilus Boat Club","article_publisher":"https:\/\/www.facebook.com\/nautilusboatclub\/","article_modified_time":"2023-03-16T09:51:52+00:00","og_image":[{"width":2560,"height":1440,"url":"https:\/\/nautilus.se\/wp-content\/uploads\/2023\/05\/askeladden-c80b.jpg","type":"image\/jpeg"}],"twitter_card":"summary_large_image","twitter_misc":{"Est. reading time":"3 minutes"},"schema":{"@context":"https:\/\/schema.org","@graph":[{"@type":"WebPage","@id":"https:\/\/nautilus.se\/oskrivna-regler-pa-sjon\/","url":"https:\/\/nautilus.se\/oskrivna-regler-pa-sjon\/","name":"Oskrivna regler p\u00e5 sj\u00f6n |","isPartOf":{"@id":"https:\/\/nautilus.se\/#website"},"datePublished":"2023-02-27T15:37:46+00:00","dateModified":"2023-03-16T09:51:52+00:00","breadcrumb":{"@id":"https:\/\/nautilus.se\/oskrivna-regler-pa-sjon\/#breadcrumb"},"inLanguage":"en-US","potentialAction":[{"@type":"ReadAction","target":["https:\/\/nautilus.se\/oskrivna-regler-pa-sjon\/"]}]},{"@type":"BreadcrumbList","@id":"https:\/\/nautilus.se\/oskrivna-regler-pa-sjon\/#breadcrumb","itemListElement":[{"@type":"ListItem","position":1,"name":"Home","item":"https:\/\/nautilus.se\/"},{"@type":"ListItem","position":2,"name":"Oskrivna regler p\u00e5 sj\u00f6n"}]},{"@type":"WebSite","@id":"https:\/\/nautilus.se\/#website","url":"https:\/\/nautilus.se\/","name":"Nautilus Boat Club","description":"H\u00e4r kan du hyra b\u00e5t, dela b\u00e5t, del\u00e4ga b\u00e5t och vara med i b\u00e5tpool.","publisher":{"@id":"https:\/\/nautilus.se\/#organization"},"potentialAction":[{"@type":"SearchAction","target":{"@type":"EntryPoint","urlTemplate":"https:\/\/nautilus.se\/?s={search_term_string}"},"query-input":{"@type":"PropertyValueSpecification","valueRequired":true,"valueName":"search_term_string"}}],"inLanguage":"en-US"},{"@type":"Organization","@id":"https:\/\/nautilus.se\/#organization","name":"Nautilus Boat Club AB","alternateName":"Nautilus Boat Club","url":"https:\/\/nautilus.se\/","logo":{"@type":"ImageObject","inLanguage":"en-US","@id":"https:\/\/nautilus.se\/#\/schema\/logo\/image\/","url":"https:\/\/nautilus.se\/wp-content\/uploads\/2022\/10\/Nautilus-shell-blue-back-w-logo.png","contentUrl":"https:\/\/nautilus.se\/wp-content\/uploads\/2022\/10\/Nautilus-shell-blue-back-w-logo.png","width":1755,"height":1130,"caption":"Nautilus Boat Club AB"},"image":{"@id":"https:\/\/nautilus.se\/#\/schema\/logo\/image\/"},"sameAs":["https:\/\/www.facebook.com\/nautilusboatclub\/","https:\/\/www.instagram.com\/nautilusboatclub\/","https:\/\/www.linkedin.com\/company\/4998214\/admin\/","https:\/\/www.youtube.com\/channel\/UCrhrs3yv-t72B5igMm2keKQ\/videos?app=desktop"]}]}},"_links":{"self":[{"href":"https:\/\/nautilus.se\/eng\/wp-json\/wp\/v2\/pages\/20850","targetHints":{"allow":["GET"]}}],"collection":[{"href":"https:\/\/nautilus.se\/eng\/wp-json\/wp\/v2\/pages"}],"about":[{"href":"https:\/\/nautilus.se\/eng\/wp-json\/wp\/v2\/types\/page"}],"author":[{"embeddable":true,"href":"https:\/\/nautilus.se\/eng\/wp-json\/wp\/v2\/users\/21"}],"replies":[{"embeddable":true,"href":"https:\/\/nautilus.se\/eng\/wp-json\/wp\/v2\/comments?post=20850"}],"version-history":[{"count":4,"href":"https:\/\/nautilus.se\/eng\/wp-json\/wp\/v2\/pages\/20850\/revisions"}],"predecessor-version":[{"id":20854,"href":"https:\/\/nautilus.se\/eng\/wp-json\/wp\/v2\/pages\/20850\/revisions\/20854"}],"wp:attachment":[{"href":"https:\/\/nautilus.se\/eng\/wp-json\/wp\/v2\/media?parent=20850"}],"curies":[{"name":"wp","href":"https:\/\/api.w.org\/{rel}","templated":true}]}}