{"id":20860,"date":"2023-02-27T16:44:27","date_gmt":"2023-02-27T15:44:27","guid":{"rendered":"https:\/\/nautilus.se\/?page_id=20860"},"modified":"2023-03-16T10:51:24","modified_gmt":"2023-03-16T09:51:24","slug":"kora-bat-pa-trailer","status":"publish","type":"page","link":"https:\/\/nautilus.se\/eng\/kora-bat-pa-trailer\/","title":{"rendered":"K\u00f6ra b\u00e5t p\u00e5 trailer"},"content":{"rendered":"<div data-elementor-type=\"wp-page\" data-elementor-id=\"20860\" class=\"elementor elementor-20860\" data-elementor-post-type=\"page\">\n\t\t\t\t\t\t<section class=\"elementor-section elementor-top-section elementor-element elementor-element-0fca001 elementor-section-boxed elementor-section-height-default elementor-section-height-default\" data-id=\"0fca001\" data-element_type=\"section\" data-e-type=\"section\">\n\t\t\t\t\t\t<div class=\"elementor-container elementor-column-gap-default\">\n\t\t\t\t\t<div class=\"elementor-column elementor-col-100 elementor-top-column elementor-element elementor-element-2ab0988\" data-id=\"2ab0988\" data-element_type=\"column\" data-e-type=\"column\">\n\t\t\t<div class=\"elementor-widget-wrap elementor-element-populated\">\n\t\t\t\t\t\t<div class=\"elementor-element elementor-element-d8c311a elementor-widget elementor-widget-text-editor\" data-id=\"d8c311a\" data-element_type=\"widget\" data-e-type=\"widget\" data-widget_type=\"text-editor.default\">\n\t\t\t\t<div class=\"elementor-widget-container\">\n\t\t\t\t\t\t\t\t\t<div class=\"row-headline\"><div class=\"container\"><div class=\"row clearfix headline\"><div class=\"col-md-12 col-sm-12 column\"><div><h1>S\u00e5 k\u00f6r du b\u00e5ten p\u00e5 trailer<\/h1><\/div><\/div><\/div><\/div><\/div><div class=\"row-lead\"><div class=\"container\"><div class=\"row clearfix lead\"><div class=\"col-md-12 col-sm-12 column\"><div><p class=\"lead\">Ska du transportera b\u00e5ten p\u00e5 trailer? D\u00e5 finns det vissa saker du m\u00e5ste f\u00f6rh\u00e5lla dig till, oavsett om du \u00e4ger eller hyr en b\u00e5ttrailer. H\u00e4r har vi tagit upp vad som \u00e4r bra att t\u00e4nka p\u00e5 f\u00f6r en stabil och s\u00e4ker f\u00e4rd.<\/p><\/div><\/div><\/div><\/div><\/div><div class=\"row-content\"><div class=\"container\"><div class=\"row clearfix content\"><div class=\"col-md-12 col-sm-12 column\"><p>\u00a0<\/p><h2>Surra fast b\u00e5ten p\u00e5 trailern<\/h2><p>B\u00e5ten m\u00e5ste sitta stumt mot trailern s\u00e5 anv\u00e4nd rej\u00e4la sp\u00e4nnband. Det \u00e4r viktigt att du surrar fast b\u00e5ten b\u00e5de i f\u00f6ren och aktern, \u00e4ven om det g\u00e4ller en kort str\u00e4cka.<\/p><p><a name=\"baten-ska-vila-mot-klykan\"><\/a><\/p><h2>B\u00e5ten ska vila direkt mot klykan i f\u00f6ren<\/h2><p>Sl\u00e4pet r\u00f6r sig l\u00e4tt under g\u00e5ng s\u00e5 det \u00e4r viktigt att b\u00e5ten sitter fast s\u00e5 den inte kan r\u00f6ra sig fram\u00e5t eller bak\u00e5t.<\/p><p><a name=\"ratt-kultryck\"><\/a><\/p><h2>R\u00e4tt kultryck<\/h2><p>Det \u00e4r viktigt att lasta b\u00e5ten s\u00e5 j\u00e4mnt som m\u00f6jligt s\u00e5 kultrycket inte \u00f6verskrider den vikt som st\u00e5r p\u00e5 kulhandsken. Hur mycket du kan lasta p\u00e5 beror p\u00e5 vilken b\u00e5t och bil du har, men normalt brukar det ligga p\u00e5 50-80 kg.<\/p><ul><li>Ett f\u00f6r l\u00e5gt kultryck g\u00f6r fordonet baktungt och instabilt. Risken \u00f6kar d\u00e5 att trailern b\u00f6rjar wobbla och att du f\u00f6rlorar kontroll \u00f6ver bilen.<\/li><li>Ett f\u00f6r h\u00f6gt kultryck g\u00f6r b\u00e5ttrailern framtung. Det g\u00f6r att bilens halvljus bl\u00e4ndar andra f\u00f6rare och bilens dragf\u00f6rm\u00e5ga blir s\u00e4mre.<\/li><\/ul><p>\u00c4r du os\u00e4ker p\u00e5 om du har f\u00f6r l\u00e5gt eller h\u00f6gt kultryck? St\u00e4ll en badrumsv\u00e5g under sl\u00e4pvagnens st\u00f6dhjul.<\/p><p><a name=\"lyset-pa-trailern\"><\/a><\/p><h2>Lyset p\u00e5 trailern<\/h2><p>Koppla p\u00e5 elen och se att \u00e4ven lyset fungerar. Samma krav p\u00e5 trailerns ljus g\u00e4ller som f\u00f6r din bil.<\/p><p><a name=\"veven-pa-vinschen\"><\/a><\/p><h2>Veven p\u00e5 vinschen<\/h2><p>G\u00e5r oftast att ta av. G\u00f6r det s\u00e5 slipper du tappa den under f\u00e4rd. Skulle du gl\u00f6mma den och den f\u00f6rsvinner, s\u00e5 finns det nya att k\u00f6pa hos b\u00e5thandlarna.<\/p><p><a name=\"installera-soksystem\"><\/a><\/p><h2>Installera s\u00f6ksystem p\u00e5 b\u00e5ten<\/h2><p>Sj\u00f6s\u00e4tter du b\u00e5ten f\u00f6r s\u00e4songen s\u00e5 \u00e4r det en bra id\u00e9 att installera ett godk\u00e4nt s\u00f6ksystem s\u00e5 larmar det om din b\u00e5t skulle bli stulen.\u00a0<a name=\"las-in-motorn\"><\/a><\/p><h2>Ta bort utombordsmotorn och l\u00e5s in den<\/h2><p>Tar du upp b\u00e5ten f\u00f6r s\u00e4songen? Gl\u00f6m inte att l\u00e5sa in utombordsmotorn och annan st\u00f6ldbeg\u00e4rlig utrustning.\u00a0<\/p><h2><a id=\"avlasta-akterspegeln\"><\/a>Avlasta akterspegeln<\/h2><p>N\u00e4r du trailar b\u00e5ten ofta \u00e4r det v\u00e4ldigt viktigt att du avlastar akterspegeln. I m\u00e5nga fall \u00e4r den n\u00e4mligen inte konstruerad f\u00f6r den typen av belastning. I detta fall b\u00f6r du allts\u00e5\u00a0investera i ett riggst\u00f6d, eller akterspegelskydd, som absorberar tyngden fr\u00e5n motorn. G\u00f6r du inte det \u00e4r risken stor att akterspegeln f\u00e5r skador, vilket kan kosta betydligt mer \u00e4n riggst\u00f6det.<br \/><br \/>\u00c4r det dags f\u00f6r sj\u00f6s\u00e4ttning?\u00a0L\u00e4s mer om hur du s\u00e4krast\u00a0sj\u00f6s\u00e4tter b\u00e5ten med trailer h\u00e4r!<\/p><\/div><\/div><\/div><\/div>\t\t\t\t\t\t\t\t<\/div>\n\t\t\t\t<\/div>\n\t\t\t\t\t<\/div>\n\t\t<\/div>\n\t\t\t\t\t<\/div>\n\t\t<\/section>\n\t\t\t\t<\/div>","protected":false},"excerpt":{"rendered":"<p>S\u00e5 k\u00f6r du b\u00e5ten p\u00e5 trailer Ska du transportera b\u00e5ten p\u00e5 trailer? D\u00e5 finns det vissa saker du m\u00e5ste f\u00f6rh\u00e5lla dig till, oavsett om du \u00e4ger eller hyr en b\u00e5ttrailer. H\u00e4r har vi tagit upp vad som \u00e4r bra att t\u00e4nka p\u00e5 f\u00f6r en stabil och s\u00e4ker f\u00e4rd. \u00a0 Surra [&hellip;]<\/p>\n","protected":false},"author":21,"featured_media":0,"parent":0,"menu_order":0,"comment_status":"closed","ping_status":"closed","template":"","meta":{"inspiro_page_layout":"narrow","inspiro_hide_title":false,"footnotes":""},"class_list":["post-20860","page","type-page","status-publish","hentry"],"yoast_head":"<!-- This site is optimized with the Yoast SEO Premium plugin v27.3 (Yoast SEO v27.4) - https:\/\/yoast.com\/product\/yoast-seo-premium-wordpress\/ -->\n<title>K\u00f6ra b\u00e5t p\u00e5 trailer |<\/title>\n<meta name=\"robots\" content=\"index, follow, max-snippet:-1, max-image-preview:large, max-video-preview:-1\" \/>\n<link rel=\"canonical\" href=\"https:\/\/nautilus.se\/eng\/kora-bat-pa-trailer\/\" \/>\n<meta property=\"og:locale\" content=\"en_US\" \/>\n<meta property=\"og:type\" content=\"article\" \/>\n<meta property=\"og:title\" content=\"K\u00f6ra b\u00e5t p\u00e5 trailer\" \/>\n<meta property=\"og:description\" content=\"S\u00e5 k\u00f6r du b\u00e5ten p\u00e5 trailer Ska du transportera b\u00e5ten p\u00e5 trailer? D\u00e5 finns det vissa saker du m\u00e5ste f\u00f6rh\u00e5lla dig till, oavsett om du \u00e4ger eller hyr en b\u00e5ttrailer. H\u00e4r har vi tagit upp vad som \u00e4r bra att t\u00e4nka p\u00e5 f\u00f6r en stabil och s\u00e4ker f\u00e4rd. \u00a0 Surra [&hellip;]\" \/>\n<meta property=\"og:url\" content=\"https:\/\/nautilus.se\/eng\/kora-bat-pa-trailer\/\" \/>\n<meta property=\"og:site_name\" content=\"Nautilus Boat Club\" \/>\n<meta property=\"article:publisher\" content=\"https:\/\/www.facebook.com\/nautilusboatclub\/\" \/>\n<meta property=\"article:modified_time\" content=\"2023-03-16T09:51:24+00:00\" \/>\n<meta property=\"og:image\" content=\"https:\/\/nautilus.se\/wp-content\/uploads\/2023\/05\/askeladden-c80b.jpg\" \/>\n\t<meta property=\"og:image:width\" content=\"2560\" \/>\n\t<meta property=\"og:image:height\" content=\"1440\" \/>\n\t<meta property=\"og:image:type\" content=\"image\/jpeg\" \/>\n<meta name=\"twitter:card\" content=\"summary_large_image\" \/>\n<meta name=\"twitter:label1\" content=\"Est. reading time\" \/>\n\t<meta name=\"twitter:data1\" content=\"3 minutes\" \/>\n<script type=\"application\/ld+json\" class=\"yoast-schema-graph\">{\"@context\":\"https:\\\/\\\/schema.org\",\"@graph\":[{\"@type\":\"WebPage\",\"@id\":\"https:\\\/\\\/nautilus.se\\\/kora-bat-pa-trailer\\\/\",\"url\":\"https:\\\/\\\/nautilus.se\\\/kora-bat-pa-trailer\\\/\",\"name\":\"K\u00f6ra b\u00e5t p\u00e5 trailer |\",\"isPartOf\":{\"@id\":\"https:\\\/\\\/nautilus.se\\\/#website\"},\"datePublished\":\"2023-02-27T15:44:27+00:00\",\"dateModified\":\"2023-03-16T09:51:24+00:00\",\"breadcrumb\":{\"@id\":\"https:\\\/\\\/nautilus.se\\\/kora-bat-pa-trailer\\\/#breadcrumb\"},\"inLanguage\":\"en-US\",\"potentialAction\":[{\"@type\":\"ReadAction\",\"target\":[\"https:\\\/\\\/nautilus.se\\\/kora-bat-pa-trailer\\\/\"]}]},{\"@type\":\"BreadcrumbList\",\"@id\":\"https:\\\/\\\/nautilus.se\\\/kora-bat-pa-trailer\\\/#breadcrumb\",\"itemListElement\":[{\"@type\":\"ListItem\",\"position\":1,\"name\":\"Home\",\"item\":\"https:\\\/\\\/nautilus.se\\\/\"},{\"@type\":\"ListItem\",\"position\":2,\"name\":\"K\u00f6ra b\u00e5t p\u00e5 trailer\"}]},{\"@type\":\"WebSite\",\"@id\":\"https:\\\/\\\/nautilus.se\\\/#website\",\"url\":\"https:\\\/\\\/nautilus.se\\\/\",\"name\":\"Nautilus Boat Club\",\"description\":\"H\u00e4r kan du hyra b\u00e5t, dela b\u00e5t, del\u00e4ga b\u00e5t och vara med i b\u00e5tpool.\",\"publisher\":{\"@id\":\"https:\\\/\\\/nautilus.se\\\/#organization\"},\"potentialAction\":[{\"@type\":\"SearchAction\",\"target\":{\"@type\":\"EntryPoint\",\"urlTemplate\":\"https:\\\/\\\/nautilus.se\\\/?s={search_term_string}\"},\"query-input\":{\"@type\":\"PropertyValueSpecification\",\"valueRequired\":true,\"valueName\":\"search_term_string\"}}],\"inLanguage\":\"en-US\"},{\"@type\":\"Organization\",\"@id\":\"https:\\\/\\\/nautilus.se\\\/#organization\",\"name\":\"Nautilus Boat Club AB\",\"alternateName\":\"Nautilus Boat Club\",\"url\":\"https:\\\/\\\/nautilus.se\\\/\",\"logo\":{\"@type\":\"ImageObject\",\"inLanguage\":\"en-US\",\"@id\":\"https:\\\/\\\/nautilus.se\\\/#\\\/schema\\\/logo\\\/image\\\/\",\"url\":\"https:\\\/\\\/nautilus.se\\\/wp-content\\\/uploads\\\/2022\\\/10\\\/Nautilus-shell-blue-back-w-logo.png\",\"contentUrl\":\"https:\\\/\\\/nautilus.se\\\/wp-content\\\/uploads\\\/2022\\\/10\\\/Nautilus-shell-blue-back-w-logo.png\",\"width\":1755,\"height\":1130,\"caption\":\"Nautilus Boat Club AB\"},\"image\":{\"@id\":\"https:\\\/\\\/nautilus.se\\\/#\\\/schema\\\/logo\\\/image\\\/\"},\"sameAs\":[\"https:\\\/\\\/www.facebook.com\\\/nautilusboatclub\\\/\",\"https:\\\/\\\/www.instagram.com\\\/nautilusboatclub\\\/\",\"https:\\\/\\\/www.linkedin.com\\\/company\\\/4998214\\\/admin\\\/\",\"https:\\\/\\\/www.youtube.com\\\/channel\\\/UCrhrs3yv-t72B5igMm2keKQ\\\/videos?app=desktop\"]}]}<\/script>\n<!-- \/ Yoast SEO Premium plugin. -->","yoast_head_json":{"title":"K\u00f6ra b\u00e5t p\u00e5 trailer |","robots":{"index":"index","follow":"follow","max-snippet":"max-snippet:-1","max-image-preview":"max-image-preview:large","max-video-preview":"max-video-preview:-1"},"canonical":"https:\/\/nautilus.se\/eng\/kora-bat-pa-trailer\/","og_locale":"en_US","og_type":"article","og_title":"K\u00f6ra b\u00e5t p\u00e5 trailer","og_description":"S\u00e5 k\u00f6r du b\u00e5ten p\u00e5 trailer Ska du transportera b\u00e5ten p\u00e5 trailer? D\u00e5 finns det vissa saker du m\u00e5ste f\u00f6rh\u00e5lla dig till, oavsett om du \u00e4ger eller hyr en b\u00e5ttrailer. H\u00e4r har vi tagit upp vad som \u00e4r bra att t\u00e4nka p\u00e5 f\u00f6r en stabil och s\u00e4ker f\u00e4rd. \u00a0 Surra [&hellip;]","og_url":"https:\/\/nautilus.se\/eng\/kora-bat-pa-trailer\/","og_site_name":"Nautilus Boat Club","article_publisher":"https:\/\/www.facebook.com\/nautilusboatclub\/","article_modified_time":"2023-03-16T09:51:24+00:00","og_image":[{"width":2560,"height":1440,"url":"https:\/\/nautilus.se\/wp-content\/uploads\/2023\/05\/askeladden-c80b.jpg","type":"image\/jpeg"}],"twitter_card":"summary_large_image","twitter_misc":{"Est. reading time":"3 minutes"},"schema":{"@context":"https:\/\/schema.org","@graph":[{"@type":"WebPage","@id":"https:\/\/nautilus.se\/kora-bat-pa-trailer\/","url":"https:\/\/nautilus.se\/kora-bat-pa-trailer\/","name":"K\u00f6ra b\u00e5t p\u00e5 trailer |","isPartOf":{"@id":"https:\/\/nautilus.se\/#website"},"datePublished":"2023-02-27T15:44:27+00:00","dateModified":"2023-03-16T09:51:24+00:00","breadcrumb":{"@id":"https:\/\/nautilus.se\/kora-bat-pa-trailer\/#breadcrumb"},"inLanguage":"en-US","potentialAction":[{"@type":"ReadAction","target":["https:\/\/nautilus.se\/kora-bat-pa-trailer\/"]}]},{"@type":"BreadcrumbList","@id":"https:\/\/nautilus.se\/kora-bat-pa-trailer\/#breadcrumb","itemListElement":[{"@type":"ListItem","position":1,"name":"Home","item":"https:\/\/nautilus.se\/"},{"@type":"ListItem","position":2,"name":"K\u00f6ra b\u00e5t p\u00e5 trailer"}]},{"@type":"WebSite","@id":"https:\/\/nautilus.se\/#website","url":"https:\/\/nautilus.se\/","name":"Nautilus Boat Club","description":"H\u00e4r kan du hyra b\u00e5t, dela b\u00e5t, del\u00e4ga b\u00e5t och vara med i b\u00e5tpool.","publisher":{"@id":"https:\/\/nautilus.se\/#organization"},"potentialAction":[{"@type":"SearchAction","target":{"@type":"EntryPoint","urlTemplate":"https:\/\/nautilus.se\/?s={search_term_string}"},"query-input":{"@type":"PropertyValueSpecification","valueRequired":true,"valueName":"search_term_string"}}],"inLanguage":"en-US"},{"@type":"Organization","@id":"https:\/\/nautilus.se\/#organization","name":"Nautilus Boat Club AB","alternateName":"Nautilus Boat Club","url":"https:\/\/nautilus.se\/","logo":{"@type":"ImageObject","inLanguage":"en-US","@id":"https:\/\/nautilus.se\/#\/schema\/logo\/image\/","url":"https:\/\/nautilus.se\/wp-content\/uploads\/2022\/10\/Nautilus-shell-blue-back-w-logo.png","contentUrl":"https:\/\/nautilus.se\/wp-content\/uploads\/2022\/10\/Nautilus-shell-blue-back-w-logo.png","width":1755,"height":1130,"caption":"Nautilus Boat Club AB"},"image":{"@id":"https:\/\/nautilus.se\/#\/schema\/logo\/image\/"},"sameAs":["https:\/\/www.facebook.com\/nautilusboatclub\/","https:\/\/www.instagram.com\/nautilusboatclub\/","https:\/\/www.linkedin.com\/company\/4998214\/admin\/","https:\/\/www.youtube.com\/channel\/UCrhrs3yv-t72B5igMm2keKQ\/videos?app=desktop"]}]}},"_links":{"self":[{"href":"https:\/\/nautilus.se\/eng\/wp-json\/wp\/v2\/pages\/20860","targetHints":{"allow":["GET"]}}],"collection":[{"href":"https:\/\/nautilus.se\/eng\/wp-json\/wp\/v2\/pages"}],"about":[{"href":"https:\/\/nautilus.se\/eng\/wp-json\/wp\/v2\/types\/page"}],"author":[{"embeddable":true,"href":"https:\/\/nautilus.se\/eng\/wp-json\/wp\/v2\/users\/21"}],"replies":[{"embeddable":true,"href":"https:\/\/nautilus.se\/eng\/wp-json\/wp\/v2\/comments?post=20860"}],"version-history":[{"count":7,"href":"https:\/\/nautilus.se\/eng\/wp-json\/wp\/v2\/pages\/20860\/revisions"}],"predecessor-version":[{"id":20870,"href":"https:\/\/nautilus.se\/eng\/wp-json\/wp\/v2\/pages\/20860\/revisions\/20870"}],"wp:attachment":[{"href":"https:\/\/nautilus.se\/eng\/wp-json\/wp\/v2\/media?parent=20860"}],"curies":[{"name":"wp","href":"https:\/\/api.w.org\/{rel}","templated":true}]}}