{"id":32671,"date":"2026-03-22T12:33:59","date_gmt":"2026-03-22T10:33:59","guid":{"rendered":"https:\/\/nautilus.se\/?page_id=32671"},"modified":"2026-03-22T12:46:09","modified_gmt":"2026-03-22T10:46:09","slug":"napoleonviken","status":"publish","type":"page","link":"https:\/\/nautilus.se\/eng\/were-to-go-stockholm-archipelago\/napoleonviken\/","title":{"rendered":"Napoleonviken"},"content":{"rendered":"<div data-elementor-type=\"wp-post\" data-elementor-id=\"32671\" class=\"elementor elementor-32671\" data-elementor-post-type=\"page\">\n\t\t\t\t\t\t<section class=\"elementor-section elementor-top-section elementor-element elementor-element-64cf8f40 elementor-section-boxed elementor-section-height-default elementor-section-height-default\" data-id=\"64cf8f40\" data-element_type=\"section\" data-e-type=\"section\">\n\t\t\t\t\t\t<div class=\"elementor-container elementor-column-gap-default\">\n\t\t\t\t\t<div class=\"elementor-column elementor-col-100 elementor-top-column elementor-element elementor-element-36fbccd3\" data-id=\"36fbccd3\" data-element_type=\"column\" data-e-type=\"column\">\n\t\t\t<div class=\"elementor-widget-wrap elementor-element-populated\">\n\t\t\t\t\t\t<div class=\"elementor-element elementor-element-6248077d elementor-widget elementor-widget-gallery\" data-id=\"6248077d\" data-element_type=\"widget\" data-e-type=\"widget\" data-settings=\"{&quot;lazyload&quot;:&quot;yes&quot;,&quot;gallery_layout&quot;:&quot;grid&quot;,&quot;columns&quot;:4,&quot;columns_tablet&quot;:2,&quot;columns_mobile&quot;:1,&quot;gap&quot;:{&quot;unit&quot;:&quot;px&quot;,&quot;size&quot;:10,&quot;sizes&quot;:[]},&quot;gap_tablet&quot;:{&quot;unit&quot;:&quot;px&quot;,&quot;size&quot;:10,&quot;sizes&quot;:[]},&quot;gap_mobile&quot;:{&quot;unit&quot;:&quot;px&quot;,&quot;size&quot;:10,&quot;sizes&quot;:[]},&quot;link_to&quot;:&quot;file&quot;,&quot;aspect_ratio&quot;:&quot;3:2&quot;,&quot;overlay_background&quot;:&quot;yes&quot;,&quot;content_hover_animation&quot;:&quot;fade-in&quot;}\" data-widget_type=\"gallery.default\">\n\t\t\t\t<div class=\"elementor-widget-container\">\n\t\t\t\t\t\t\t<div class=\"elementor-gallery__container\">\n\t\t\t\t\t\t\t<a class=\"e-gallery-item elementor-gallery-item elementor-animated-content\" href=\"https:\/\/nautilus.se\/wp-content\/uploads\/2026\/03\/dsc_1660-1.jpg\" data-elementor-open-lightbox=\"yes\" data-elementor-lightbox-slideshow=\"6248077d\" data-e-action-hash=\"#elementor-action%3Aaction%3Dlightbox%26settings%3DeyJpZCI6MzI2NzcsInVybCI6Imh0dHBzOlwvXC9uYXV0aWx1cy5zZVwvd3AtY29udGVudFwvdXBsb2Fkc1wvMjAyNlwvMDNcL2RzY18xNjYwLTEuanBnIiwic2xpZGVzaG93IjoiNjI0ODA3N2QifQ%3D%3D\">\n\t\t\t\t\t<div class=\"e-gallery-image elementor-gallery-item__image\" data-thumbnail=\"https:\/\/nautilus.se\/wp-content\/uploads\/2026\/03\/dsc_1660-1-300x201.jpg\" data-width=\"300\" data-height=\"201\" aria-label=\"\" role=\"img\" ><\/div>\n\t\t\t\t\t\t\t\t\t\t\t<div class=\"elementor-gallery-item__overlay\"><\/div>\n\t\t\t\t\t\t\t\t\t\t\t\t\t\t<\/a>\n\t\t\t\t\t\t\t<a class=\"e-gallery-item elementor-gallery-item elementor-animated-content\" href=\"https:\/\/nautilus.se\/wp-content\/uploads\/2026\/03\/napoleonviken-qj5r1q-1200-1.webp\" data-elementor-open-lightbox=\"yes\" data-elementor-lightbox-slideshow=\"6248077d\" data-e-action-hash=\"#elementor-action%3Aaction%3Dlightbox%26settings%3DeyJpZCI6MzI2NzgsInVybCI6Imh0dHBzOlwvXC9uYXV0aWx1cy5zZVwvd3AtY29udGVudFwvdXBsb2Fkc1wvMjAyNlwvMDNcL25hcG9sZW9udmlrZW4tcWo1cjFxLTEyMDAtMS53ZWJwIiwic2xpZGVzaG93IjoiNjI0ODA3N2QifQ%3D%3D\">\n\t\t\t\t\t<div class=\"e-gallery-image elementor-gallery-item__image\" data-thumbnail=\"https:\/\/nautilus.se\/wp-content\/uploads\/2026\/03\/napoleonviken-qj5r1q-1200-1-300x180.webp\" data-width=\"300\" data-height=\"180\" aria-label=\"\" role=\"img\" ><\/div>\n\t\t\t\t\t\t\t\t\t\t\t<div class=\"elementor-gallery-item__overlay\"><\/div>\n\t\t\t\t\t\t\t\t\t\t\t\t\t\t<\/a>\n\t\t\t\t\t\t\t<a class=\"e-gallery-item elementor-gallery-item elementor-animated-content\" href=\"https:\/\/nautilus.se\/wp-content\/uploads\/2026\/03\/napoleonviken-23aug2021-35-1.jpg\" data-elementor-open-lightbox=\"yes\" data-elementor-lightbox-slideshow=\"6248077d\" data-e-action-hash=\"#elementor-action%3Aaction%3Dlightbox%26settings%3DeyJpZCI6MzI2NzksInVybCI6Imh0dHBzOlwvXC9uYXV0aWx1cy5zZVwvd3AtY29udGVudFwvdXBsb2Fkc1wvMjAyNlwvMDNcL25hcG9sZW9udmlrZW4tMjNhdWcyMDIxLTM1LTEuanBnIiwic2xpZGVzaG93IjoiNjI0ODA3N2QifQ%3D%3D\">\n\t\t\t\t\t<div class=\"e-gallery-image elementor-gallery-item__image\" data-thumbnail=\"https:\/\/nautilus.se\/wp-content\/uploads\/2026\/03\/napoleonviken-23aug2021-35-1-300x169.jpg\" data-width=\"300\" data-height=\"169\" aria-label=\"\" role=\"img\" ><\/div>\n\t\t\t\t\t\t\t\t\t\t\t<div class=\"elementor-gallery-item__overlay\"><\/div>\n\t\t\t\t\t\t\t\t\t\t\t\t\t\t<\/a>\n\t\t\t\t\t\t\t<a class=\"e-gallery-item elementor-gallery-item elementor-animated-content\" href=\"https:\/\/nautilus.se\/wp-content\/uploads\/2026\/03\/Napoleonviken1-1.webp\" data-elementor-open-lightbox=\"yes\" data-elementor-lightbox-slideshow=\"6248077d\" data-e-action-hash=\"#elementor-action%3Aaction%3Dlightbox%26settings%3DeyJpZCI6MzI2ODAsInVybCI6Imh0dHBzOlwvXC9uYXV0aWx1cy5zZVwvd3AtY29udGVudFwvdXBsb2Fkc1wvMjAyNlwvMDNcL05hcG9sZW9udmlrZW4xLTEud2VicCIsInNsaWRlc2hvdyI6IjYyNDgwNzdkIn0%3D\">\n\t\t\t\t\t<div class=\"e-gallery-image elementor-gallery-item__image\" data-thumbnail=\"https:\/\/nautilus.se\/wp-content\/uploads\/2026\/03\/Napoleonviken1-1-300x180.webp\" data-width=\"300\" data-height=\"180\" aria-label=\"\" role=\"img\" ><\/div>\n\t\t\t\t\t\t\t\t\t\t\t<div class=\"elementor-gallery-item__overlay\"><\/div>\n\t\t\t\t\t\t\t\t\t\t\t\t\t\t<\/a>\n\t\t\t\t\t<\/div>\n\t\t\t\t\t<\/div>\n\t\t\t\t<\/div>\n\t\t\t\t\t<\/div>\n\t\t<\/div>\n\t\t\t\t\t<\/div>\n\t\t<\/section>\n\t\t\t\t<section class=\"elementor-section elementor-top-section elementor-element elementor-element-1ee7c0c3 elementor-section-boxed elementor-section-height-default elementor-section-height-default\" data-id=\"1ee7c0c3\" data-element_type=\"section\" data-e-type=\"section\">\n\t\t\t\t\t\t<div class=\"elementor-container elementor-column-gap-default\">\n\t\t\t\t\t<div class=\"elementor-column elementor-col-100 elementor-top-column elementor-element elementor-element-32bf41be\" data-id=\"32bf41be\" data-element_type=\"column\" data-e-type=\"column\">\n\t\t\t<div class=\"elementor-widget-wrap elementor-element-populated\">\n\t\t\t\t\t\t<div class=\"elementor-element elementor-element-71d558de elementor-widget elementor-widget-text-editor\" data-id=\"71d558de\" data-element_type=\"widget\" data-e-type=\"widget\" data-widget_type=\"text-editor.default\">\n\t\t\t\t<div class=\"elementor-widget-container\">\n\t\t\t\t\t\t\t\t\t<p>Napoleonviken (Napoleon cove) is one of the archipelago&#8217;s most popular natural harbors, located on the island of \u00c4gn\u00f6, about 4 miles southeast of Saltsj\u00f6baden.<\/p><p>The island is accessible and easy to add at. The high cliffs and surrounding forest make the bay extra sheltered and pleasant to stay in any weather. You reach the archipelago&#8217;s atmosphere quickly, short distance from the city limits. The wonderful environment is then supplemented with possibilities for bathing. You can also go fishing for a night, pick a berry, barbecue or take a walk on the island, which is also a nature reserve. The Napoleonic cove is truly the perfect destination for the day trip as well as the start or finish mooring of the week!<\/p>\t\t\t\t\t\t\t\t<\/div>\n\t\t\t\t<\/div>\n\t\t\t\t\t<\/div>\n\t\t<\/div>\n\t\t\t\t\t<\/div>\n\t\t<\/section>\n\t\t\t\t<section class=\"elementor-section elementor-top-section elementor-element elementor-element-3fdb1ca7 elementor-section-boxed elementor-section-height-default elementor-section-height-default\" data-id=\"3fdb1ca7\" data-element_type=\"section\" data-e-type=\"section\">\n\t\t\t\t\t\t<div class=\"elementor-container elementor-column-gap-default\">\n\t\t\t\t\t<div class=\"elementor-column elementor-col-50 elementor-top-column elementor-element elementor-element-5db7e5a5\" data-id=\"5db7e5a5\" data-element_type=\"column\" data-e-type=\"column\">\n\t\t\t<div class=\"elementor-widget-wrap elementor-element-populated\">\n\t\t\t\t\t\t<div class=\"elementor-element elementor-element-24cdbed elementor-widget elementor-widget-text-editor\" data-id=\"24cdbed\" data-element_type=\"widget\" data-e-type=\"widget\" data-widget_type=\"text-editor.default\">\n\t\t\t\t<div class=\"elementor-widget-container\">\n\t\t\t\t\t\t\t\t\t<p><strong>Services<\/strong><\/p>\t\t\t\t\t\t\t\t<\/div>\n\t\t\t\t<\/div>\n\t\t\t\t<div class=\"elementor-element elementor-element-4cd3d61d elementor-icon-list--layout-traditional elementor-list-item-link-full_width elementor-widget elementor-widget-icon-list\" data-id=\"4cd3d61d\" data-element_type=\"widget\" data-e-type=\"widget\" data-widget_type=\"icon-list.default\">\n\t\t\t\t<div class=\"elementor-widget-container\">\n\t\t\t\t\t\t\t<ul class=\"elementor-icon-list-items\">\n\t\t\t\t\t\t\t<li class=\"elementor-icon-list-item\">\n\t\t\t\t\t\t\t\t\t\t\t<span class=\"elementor-icon-list-icon\">\n\t\t\t\t\t\t\t<i aria-hidden=\"true\" class=\"fas fa-umbrella-beach\"><\/i>\t\t\t\t\t\t<\/span>\n\t\t\t\t\t\t\t\t\t\t<span class=\"elementor-icon-list-text\">Cliff bathing<\/span>\n\t\t\t\t\t\t\t\t\t<\/li>\n\t\t\t\t\t\t\t\t<li class=\"elementor-icon-list-item\">\n\t\t\t\t\t\t\t\t\t\t\t<span class=\"elementor-icon-list-icon\">\n\t\t\t\t\t\t\t<i aria-hidden=\"true\" class=\"fas fa-wind\"><\/i>\t\t\t\t\t\t<\/span>\n\t\t\t\t\t\t\t\t\t\t<span class=\"elementor-icon-list-text\">Good shelter<\/span>\n\t\t\t\t\t\t\t\t\t<\/li>\n\t\t\t\t\t\t<\/ul>\n\t\t\t\t\t\t<\/div>\n\t\t\t\t<\/div>\n\t\t\t\t\t<\/div>\n\t\t<\/div>\n\t\t\t\t<div class=\"elementor-column elementor-col-50 elementor-top-column elementor-element elementor-element-27ef039a\" data-id=\"27ef039a\" data-element_type=\"column\" data-e-type=\"column\">\n\t\t\t<div class=\"elementor-widget-wrap elementor-element-populated\">\n\t\t\t\t\t\t<div class=\"elementor-element elementor-element-7f7c223b elementor-widget elementor-widget-text-editor\" data-id=\"7f7c223b\" data-element_type=\"widget\" data-e-type=\"widget\" data-widget_type=\"text-editor.default\">\n\t\t\t\t<div class=\"elementor-widget-container\">\n\t\t\t\t\t\t\t\t\t<p><strong>Getting here<\/strong><\/p>\t\t\t\t\t\t\t\t<\/div>\n\t\t\t\t<\/div>\n\t\t\t\t<div class=\"elementor-element elementor-element-1e38c0ee elementor-icon-list--layout-traditional elementor-list-item-link-full_width elementor-widget elementor-widget-icon-list\" data-id=\"1e38c0ee\" data-element_type=\"widget\" data-e-type=\"widget\" data-widget_type=\"icon-list.default\">\n\t\t\t\t<div class=\"elementor-widget-container\">\n\t\t\t\t\t\t\t<ul class=\"elementor-icon-list-items\">\n\t\t\t\t\t\t\t<li class=\"elementor-icon-list-item\">\n\t\t\t\t\t\t\t\t\t\t\t<span class=\"elementor-icon-list-icon\">\n\t\t\t\t\t\t\t<i aria-hidden=\"true\" class=\"fas fa-ruler\"><\/i>\t\t\t\t\t\t<\/span>\n\t\t\t\t\t\t\t\t\t\t<span class=\"elementor-icon-list-text\">16 Nm from Bulland\u00f6<\/span>\n\t\t\t\t\t\t\t\t\t<\/li>\n\t\t\t\t\t\t\t\t<li class=\"elementor-icon-list-item\">\n\t\t\t\t\t\t\t\t\t\t\t<span class=\"elementor-icon-list-icon\">\n\t\t\t\t\t\t\t<i aria-hidden=\"true\" class=\"fas fa-ruler\"><\/i>\t\t\t\t\t\t<\/span>\n\t\t\t\t\t\t\t\t\t\t<span class=\"elementor-icon-list-text\">6 Nm from Gustavsberg<\/span>\n\t\t\t\t\t\t\t\t\t<\/li>\n\t\t\t\t\t\t\t\t<li class=\"elementor-icon-list-item\">\n\t\t\t\t\t\t\t\t\t\t\t<span class=\"elementor-icon-list-icon\">\n\t\t\t\t\t\t\t<i aria-hidden=\"true\" class=\"fas fa-ship\"><\/i>\t\t\t\t\t\t<\/span>\n\t\t\t\t\t\t\t\t\t\t<span class=\"elementor-icon-list-text\">Natural mooring<\/span>\n\t\t\t\t\t\t\t\t\t<\/li>\n\t\t\t\t\t\t<\/ul>\n\t\t\t\t\t\t<\/div>\n\t\t\t\t<\/div>\n\t\t\t\t\t<\/div>\n\t\t<\/div>\n\t\t\t\t\t<\/div>\n\t\t<\/section>\n\t\t\t\t<section class=\"elementor-section elementor-top-section elementor-element elementor-element-3e7ae444 elementor-section-boxed elementor-section-height-default elementor-section-height-default\" data-id=\"3e7ae444\" data-element_type=\"section\" data-e-type=\"section\">\n\t\t\t\t\t\t<div class=\"elementor-container elementor-column-gap-default\">\n\t\t\t\t\t<div class=\"elementor-column elementor-col-100 elementor-top-column elementor-element elementor-element-5ef9832b\" data-id=\"5ef9832b\" data-element_type=\"column\" data-e-type=\"column\">\n\t\t\t<div class=\"elementor-widget-wrap elementor-element-populated\">\n\t\t\t\t\t\t<div class=\"elementor-element elementor-element-15456e4f elementor-widget elementor-widget-google_maps\" data-id=\"15456e4f\" data-element_type=\"widget\" data-e-type=\"widget\" data-widget_type=\"google_maps.default\">\n\t\t\t\t<div class=\"elementor-widget-container\">\n\t\t\t\t\t\t\t<div class=\"elementor-custom-embed\">\n\t\t\t<iframe loading=\"lazy\"\n\t\t\t\t\tsrc=\"https:\/\/maps.google.com\/maps?q=napoleonviken&#038;t=m&#038;z=10&#038;output=embed&#038;iwloc=near\"\n\t\t\t\t\ttitle=\"napoleonviken\"\n\t\t\t\t\taria-label=\"napoleonviken\"\n\t\t\t><\/iframe>\n\t\t<\/div>\n\t\t\t\t\t\t<\/div>\n\t\t\t\t<\/div>\n\t\t\t\t\t<\/div>\n\t\t<\/div>\n\t\t\t\t\t<\/div>\n\t\t<\/section>\n\t\t\t\t<\/div>","protected":false},"excerpt":{"rendered":"<p>Napeoleonviken \u00e4r en popul\u00e4r destination. En fantastisk kyddad vik.<\/p>","protected":false},"author":21,"featured_media":32673,"parent":32425,"menu_order":0,"comment_status":"closed","ping_status":"closed","template":"","meta":{"inspiro_page_layout":"narrow","inspiro_hide_title":false,"footnotes":""},"class_list":["post-32671","page","type-page","status-publish","has-post-thumbnail","hentry"],"yoast_head":"<!-- This site is optimized with the Yoast SEO Premium plugin v27.3 (Yoast SEO v27.4) - https:\/\/yoast.com\/product\/yoast-seo-premium-wordpress\/ -->\n<title>Visit Napoleonviken | rental boat from Nautilus Boat Club<\/title>\n<meta name=\"description\" content=\"Visit Napoleonviken with a rental boat from Nautilus Boat Club. This cove is easy to reach and well protected for all winds.\" \/>\n<meta name=\"robots\" content=\"index, follow, max-snippet:-1, max-image-preview:large, max-video-preview:-1\" \/>\n<link rel=\"canonical\" href=\"https:\/\/nautilus.se\/eng\/were-to-go-stockholm-archipelago\/napoleonviken\/\" \/>\n<meta property=\"og:locale\" content=\"en_US\" \/>\n<meta property=\"og:type\" content=\"article\" \/>\n<meta property=\"og:title\" content=\"Napoleonviken\" \/>\n<meta property=\"og:description\" content=\"Visit Napoleonviken with a rental boat from Nautilus Boat Club. This cove is easy to reach and well protected for all winds.\" \/>\n<meta property=\"og:url\" content=\"https:\/\/nautilus.se\/eng\/were-to-go-stockholm-archipelago\/napoleonviken\/\" \/>\n<meta property=\"og:site_name\" content=\"Nautilus Boat Club\" \/>\n<meta property=\"article:publisher\" content=\"https:\/\/www.facebook.com\/nautilusboatclub\/\" \/>\n<meta property=\"article:modified_time\" content=\"2026-03-22T10:46:09+00:00\" \/>\n<meta property=\"og:image\" content=\"https:\/\/nautilus.se\/wp-content\/uploads\/2026\/03\/dsc_1660.jpg\" \/>\n\t<meta property=\"og:image:width\" content=\"1024\" \/>\n\t<meta property=\"og:image:height\" content=\"685\" \/>\n\t<meta property=\"og:image:type\" content=\"image\/jpeg\" \/>\n<meta name=\"twitter:card\" content=\"summary_large_image\" \/>\n<meta name=\"twitter:label1\" content=\"Est. reading time\" \/>\n\t<meta name=\"twitter:data1\" content=\"1 minute\" \/>\n<script type=\"application\/ld+json\" class=\"yoast-schema-graph\">{\"@context\":\"https:\\\/\\\/schema.org\",\"@graph\":[{\"@type\":\"WebPage\",\"@id\":\"https:\\\/\\\/nautilus.se\\\/were-to-go-stockholm-archipelago\\\/napoleonviken\\\/\",\"url\":\"https:\\\/\\\/nautilus.se\\\/were-to-go-stockholm-archipelago\\\/napoleonviken\\\/\",\"name\":\"Visit Napoleonviken | rental boat from Nautilus Boat Club\",\"isPartOf\":{\"@id\":\"https:\\\/\\\/nautilus.se\\\/#website\"},\"primaryImageOfPage\":{\"@id\":\"https:\\\/\\\/nautilus.se\\\/were-to-go-stockholm-archipelago\\\/napoleonviken\\\/#primaryimage\"},\"image\":{\"@id\":\"https:\\\/\\\/nautilus.se\\\/were-to-go-stockholm-archipelago\\\/napoleonviken\\\/#primaryimage\"},\"thumbnailUrl\":\"https:\\\/\\\/nautilus.se\\\/wp-content\\\/uploads\\\/2026\\\/03\\\/dsc_1660.jpg\",\"datePublished\":\"2026-03-22T10:33:59+00:00\",\"dateModified\":\"2026-03-22T10:46:09+00:00\",\"description\":\"Visit Napoleonviken with a rental boat from Nautilus Boat Club. This cove is easy to reach and well protected for all winds.\",\"breadcrumb\":{\"@id\":\"https:\\\/\\\/nautilus.se\\\/were-to-go-stockholm-archipelago\\\/napoleonviken\\\/#breadcrumb\"},\"inLanguage\":\"en-US\",\"potentialAction\":[{\"@type\":\"ReadAction\",\"target\":[\"https:\\\/\\\/nautilus.se\\\/were-to-go-stockholm-archipelago\\\/napoleonviken\\\/\"]}]},{\"@type\":\"ImageObject\",\"inLanguage\":\"en-US\",\"@id\":\"https:\\\/\\\/nautilus.se\\\/were-to-go-stockholm-archipelago\\\/napoleonviken\\\/#primaryimage\",\"url\":\"https:\\\/\\\/nautilus.se\\\/wp-content\\\/uploads\\\/2026\\\/03\\\/dsc_1660.jpg\",\"contentUrl\":\"https:\\\/\\\/nautilus.se\\\/wp-content\\\/uploads\\\/2026\\\/03\\\/dsc_1660.jpg\",\"width\":1024,\"height\":685},{\"@type\":\"BreadcrumbList\",\"@id\":\"https:\\\/\\\/nautilus.se\\\/were-to-go-stockholm-archipelago\\\/napoleonviken\\\/#breadcrumb\",\"itemListElement\":[{\"@type\":\"ListItem\",\"position\":1,\"name\":\"Home\",\"item\":\"https:\\\/\\\/nautilus.se\\\/\"},{\"@type\":\"ListItem\",\"position\":2,\"name\":\"Were to go &#8211; Stockholm Archipelago\",\"item\":\"https:\\\/\\\/nautilus.se\\\/were-to-go-stockholm-archipelago\\\/\"},{\"@type\":\"ListItem\",\"position\":3,\"name\":\"Napoleonviken\"}]},{\"@type\":\"WebSite\",\"@id\":\"https:\\\/\\\/nautilus.se\\\/#website\",\"url\":\"https:\\\/\\\/nautilus.se\\\/\",\"name\":\"Nautilus Boat Club\",\"description\":\"H\u00e4r kan du hyra b\u00e5t, dela b\u00e5t, del\u00e4ga b\u00e5t och vara med i b\u00e5tpool.\",\"publisher\":{\"@id\":\"https:\\\/\\\/nautilus.se\\\/#organization\"},\"potentialAction\":[{\"@type\":\"SearchAction\",\"target\":{\"@type\":\"EntryPoint\",\"urlTemplate\":\"https:\\\/\\\/nautilus.se\\\/?s={search_term_string}\"},\"query-input\":{\"@type\":\"PropertyValueSpecification\",\"valueRequired\":true,\"valueName\":\"search_term_string\"}}],\"inLanguage\":\"en-US\"},{\"@type\":\"Organization\",\"@id\":\"https:\\\/\\\/nautilus.se\\\/#organization\",\"name\":\"Nautilus Boat Club AB\",\"alternateName\":\"Nautilus Boat Club\",\"url\":\"https:\\\/\\\/nautilus.se\\\/\",\"logo\":{\"@type\":\"ImageObject\",\"inLanguage\":\"en-US\",\"@id\":\"https:\\\/\\\/nautilus.se\\\/#\\\/schema\\\/logo\\\/image\\\/\",\"url\":\"https:\\\/\\\/nautilus.se\\\/wp-content\\\/uploads\\\/2022\\\/10\\\/Nautilus-shell-blue-back-w-logo.png\",\"contentUrl\":\"https:\\\/\\\/nautilus.se\\\/wp-content\\\/uploads\\\/2022\\\/10\\\/Nautilus-shell-blue-back-w-logo.png\",\"width\":1755,\"height\":1130,\"caption\":\"Nautilus Boat Club AB\"},\"image\":{\"@id\":\"https:\\\/\\\/nautilus.se\\\/#\\\/schema\\\/logo\\\/image\\\/\"},\"sameAs\":[\"https:\\\/\\\/www.facebook.com\\\/nautilusboatclub\\\/\",\"https:\\\/\\\/www.instagram.com\\\/nautilusboatclub\\\/\",\"https:\\\/\\\/www.linkedin.com\\\/company\\\/4998214\\\/admin\\\/\",\"https:\\\/\\\/www.youtube.com\\\/channel\\\/UCrhrs3yv-t72B5igMm2keKQ\\\/videos?app=desktop\"]}]}<\/script>\n<!-- \/ Yoast SEO Premium plugin. -->","yoast_head_json":{"title":"Visit Napoleonviken | rental boat from Nautilus Boat Club","description":"Visit Napoleonviken with a rental boat from Nautilus Boat Club. This cove is easy to reach and well protected for all winds.","robots":{"index":"index","follow":"follow","max-snippet":"max-snippet:-1","max-image-preview":"max-image-preview:large","max-video-preview":"max-video-preview:-1"},"canonical":"https:\/\/nautilus.se\/eng\/were-to-go-stockholm-archipelago\/napoleonviken\/","og_locale":"en_US","og_type":"article","og_title":"Napoleonviken","og_description":"Visit Napoleonviken with a rental boat from Nautilus Boat Club. This cove is easy to reach and well protected for all winds.","og_url":"https:\/\/nautilus.se\/eng\/were-to-go-stockholm-archipelago\/napoleonviken\/","og_site_name":"Nautilus Boat Club","article_publisher":"https:\/\/www.facebook.com\/nautilusboatclub\/","article_modified_time":"2026-03-22T10:46:09+00:00","og_image":[{"width":1024,"height":685,"url":"https:\/\/nautilus.se\/wp-content\/uploads\/2026\/03\/dsc_1660.jpg","type":"image\/jpeg"}],"twitter_card":"summary_large_image","twitter_misc":{"Est. reading time":"1 minute"},"schema":{"@context":"https:\/\/schema.org","@graph":[{"@type":"WebPage","@id":"https:\/\/nautilus.se\/were-to-go-stockholm-archipelago\/napoleonviken\/","url":"https:\/\/nautilus.se\/were-to-go-stockholm-archipelago\/napoleonviken\/","name":"Visit Napoleonviken | rental boat from Nautilus Boat Club","isPartOf":{"@id":"https:\/\/nautilus.se\/#website"},"primaryImageOfPage":{"@id":"https:\/\/nautilus.se\/were-to-go-stockholm-archipelago\/napoleonviken\/#primaryimage"},"image":{"@id":"https:\/\/nautilus.se\/were-to-go-stockholm-archipelago\/napoleonviken\/#primaryimage"},"thumbnailUrl":"https:\/\/nautilus.se\/wp-content\/uploads\/2026\/03\/dsc_1660.jpg","datePublished":"2026-03-22T10:33:59+00:00","dateModified":"2026-03-22T10:46:09+00:00","description":"Visit Napoleonviken with a rental boat from Nautilus Boat Club. This cove is easy to reach and well protected for all winds.","breadcrumb":{"@id":"https:\/\/nautilus.se\/were-to-go-stockholm-archipelago\/napoleonviken\/#breadcrumb"},"inLanguage":"en-US","potentialAction":[{"@type":"ReadAction","target":["https:\/\/nautilus.se\/were-to-go-stockholm-archipelago\/napoleonviken\/"]}]},{"@type":"ImageObject","inLanguage":"en-US","@id":"https:\/\/nautilus.se\/were-to-go-stockholm-archipelago\/napoleonviken\/#primaryimage","url":"https:\/\/nautilus.se\/wp-content\/uploads\/2026\/03\/dsc_1660.jpg","contentUrl":"https:\/\/nautilus.se\/wp-content\/uploads\/2026\/03\/dsc_1660.jpg","width":1024,"height":685},{"@type":"BreadcrumbList","@id":"https:\/\/nautilus.se\/were-to-go-stockholm-archipelago\/napoleonviken\/#breadcrumb","itemListElement":[{"@type":"ListItem","position":1,"name":"Home","item":"https:\/\/nautilus.se\/"},{"@type":"ListItem","position":2,"name":"Were to go &#8211; Stockholm Archipelago","item":"https:\/\/nautilus.se\/were-to-go-stockholm-archipelago\/"},{"@type":"ListItem","position":3,"name":"Napoleonviken"}]},{"@type":"WebSite","@id":"https:\/\/nautilus.se\/#website","url":"https:\/\/nautilus.se\/","name":"Nautilus Boat Club","description":"H\u00e4r kan du hyra b\u00e5t, dela b\u00e5t, del\u00e4ga b\u00e5t och vara med i b\u00e5tpool.","publisher":{"@id":"https:\/\/nautilus.se\/#organization"},"potentialAction":[{"@type":"SearchAction","target":{"@type":"EntryPoint","urlTemplate":"https:\/\/nautilus.se\/?s={search_term_string}"},"query-input":{"@type":"PropertyValueSpecification","valueRequired":true,"valueName":"search_term_string"}}],"inLanguage":"en-US"},{"@type":"Organization","@id":"https:\/\/nautilus.se\/#organization","name":"Nautilus Boat Club AB","alternateName":"Nautilus Boat Club","url":"https:\/\/nautilus.se\/","logo":{"@type":"ImageObject","inLanguage":"en-US","@id":"https:\/\/nautilus.se\/#\/schema\/logo\/image\/","url":"https:\/\/nautilus.se\/wp-content\/uploads\/2022\/10\/Nautilus-shell-blue-back-w-logo.png","contentUrl":"https:\/\/nautilus.se\/wp-content\/uploads\/2022\/10\/Nautilus-shell-blue-back-w-logo.png","width":1755,"height":1130,"caption":"Nautilus Boat Club AB"},"image":{"@id":"https:\/\/nautilus.se\/#\/schema\/logo\/image\/"},"sameAs":["https:\/\/www.facebook.com\/nautilusboatclub\/","https:\/\/www.instagram.com\/nautilusboatclub\/","https:\/\/www.linkedin.com\/company\/4998214\/admin\/","https:\/\/www.youtube.com\/channel\/UCrhrs3yv-t72B5igMm2keKQ\/videos?app=desktop"]}]}},"_links":{"self":[{"href":"https:\/\/nautilus.se\/eng\/wp-json\/wp\/v2\/pages\/32671","targetHints":{"allow":["GET"]}}],"collection":[{"href":"https:\/\/nautilus.se\/eng\/wp-json\/wp\/v2\/pages"}],"about":[{"href":"https:\/\/nautilus.se\/eng\/wp-json\/wp\/v2\/types\/page"}],"author":[{"embeddable":true,"href":"https:\/\/nautilus.se\/eng\/wp-json\/wp\/v2\/users\/21"}],"replies":[{"embeddable":true,"href":"https:\/\/nautilus.se\/eng\/wp-json\/wp\/v2\/comments?post=32671"}],"version-history":[{"count":7,"href":"https:\/\/nautilus.se\/eng\/wp-json\/wp\/v2\/pages\/32671\/revisions"}],"predecessor-version":[{"id":32686,"href":"https:\/\/nautilus.se\/eng\/wp-json\/wp\/v2\/pages\/32671\/revisions\/32686"}],"up":[{"embeddable":true,"href":"https:\/\/nautilus.se\/eng\/wp-json\/wp\/v2\/pages\/32425"}],"wp:featuredmedia":[{"embeddable":true,"href":"https:\/\/nautilus.se\/eng\/wp-json\/wp\/v2\/media\/32673"}],"wp:attachment":[{"href":"https:\/\/nautilus.se\/eng\/wp-json\/wp\/v2\/media?parent=32671"}],"curies":[{"name":"wp","href":"https:\/\/api.w.org\/{rel}","templated":true}]}}