{"id":32728,"date":"2026-03-22T16:49:52","date_gmt":"2026-03-22T14:49:52","guid":{"rendered":"https:\/\/nautilus.se\/?page_id=32728"},"modified":"2026-03-22T16:57:29","modified_gmt":"2026-03-22T14:57:29","slug":"finnhamn","status":"publish","type":"page","link":"https:\/\/nautilus.se\/eng\/were-to-go-stockholm-archipelago\/finnhamn\/","title":{"rendered":"Finnhamn"},"content":{"rendered":"<div data-elementor-type=\"wp-page\" data-elementor-id=\"32728\" class=\"elementor elementor-32728\" data-elementor-post-type=\"page\">\n\t\t\t\t\t\t<section class=\"elementor-section elementor-top-section elementor-element elementor-element-4f020b84 elementor-section-boxed elementor-section-height-default elementor-section-height-default\" data-id=\"4f020b84\" data-element_type=\"section\" data-e-type=\"section\">\n\t\t\t\t\t\t<div class=\"elementor-container elementor-column-gap-default\">\n\t\t\t\t\t<div class=\"elementor-column elementor-col-100 elementor-top-column elementor-element elementor-element-4ed2ab7a\" data-id=\"4ed2ab7a\" data-element_type=\"column\" data-e-type=\"column\">\n\t\t\t<div class=\"elementor-widget-wrap elementor-element-populated\">\n\t\t\t\t\t\t<div class=\"elementor-element elementor-element-2bf3d613 elementor-widget elementor-widget-gallery\" data-id=\"2bf3d613\" data-element_type=\"widget\" data-e-type=\"widget\" data-settings=\"{&quot;columns&quot;:3,&quot;columns_mobile&quot;:2,&quot;lazyload&quot;:&quot;yes&quot;,&quot;gallery_layout&quot;:&quot;grid&quot;,&quot;columns_tablet&quot;:2,&quot;gap&quot;:{&quot;unit&quot;:&quot;px&quot;,&quot;size&quot;:10,&quot;sizes&quot;:[]},&quot;gap_tablet&quot;:{&quot;unit&quot;:&quot;px&quot;,&quot;size&quot;:10,&quot;sizes&quot;:[]},&quot;gap_mobile&quot;:{&quot;unit&quot;:&quot;px&quot;,&quot;size&quot;:10,&quot;sizes&quot;:[]},&quot;link_to&quot;:&quot;file&quot;,&quot;aspect_ratio&quot;:&quot;3:2&quot;,&quot;overlay_background&quot;:&quot;yes&quot;,&quot;content_hover_animation&quot;:&quot;fade-in&quot;}\" data-widget_type=\"gallery.default\">\n\t\t\t\t<div class=\"elementor-widget-container\">\n\t\t\t\t\t\t\t<div class=\"elementor-gallery__container\">\n\t\t\t\t\t\t\t<a class=\"e-gallery-item elementor-gallery-item elementor-animated-content\" href=\"https:\/\/nautilus.se\/wp-content\/uploads\/2026\/03\/Finnhamn-Paradiset2-1.jpg\" data-elementor-open-lightbox=\"yes\" data-elementor-lightbox-slideshow=\"2bf3d613\" data-e-action-hash=\"#elementor-action%3Aaction%3Dlightbox%26settings%3DeyJpZCI6MzI3MzYsInVybCI6Imh0dHBzOlwvXC9uYXV0aWx1cy5zZVwvd3AtY29udGVudFwvdXBsb2Fkc1wvMjAyNlwvMDNcL0Zpbm5oYW1uLVBhcmFkaXNldDItMS5qcGciLCJzbGlkZXNob3ciOiIyYmYzZDYxMyJ9\">\n\t\t\t\t\t<div class=\"e-gallery-image elementor-gallery-item__image\" data-thumbnail=\"https:\/\/nautilus.se\/wp-content\/uploads\/2026\/03\/Finnhamn-Paradiset2-1-300x169.jpg\" data-width=\"300\" data-height=\"169\" aria-label=\"\" role=\"img\" ><\/div>\n\t\t\t\t\t\t\t\t\t\t\t<div class=\"elementor-gallery-item__overlay\"><\/div>\n\t\t\t\t\t\t\t\t\t\t\t\t\t\t<\/a>\n\t\t\t\t\t\t\t<a class=\"e-gallery-item elementor-gallery-item elementor-animated-content\" href=\"https:\/\/nautilus.se\/wp-content\/uploads\/2026\/03\/Finnhamn3-1.webp\" data-elementor-open-lightbox=\"yes\" data-elementor-lightbox-slideshow=\"2bf3d613\" data-e-action-hash=\"#elementor-action%3Aaction%3Dlightbox%26settings%3DeyJpZCI6MzI3MzcsInVybCI6Imh0dHBzOlwvXC9uYXV0aWx1cy5zZVwvd3AtY29udGVudFwvdXBsb2Fkc1wvMjAyNlwvMDNcL0Zpbm5oYW1uMy0xLndlYnAiLCJzbGlkZXNob3ciOiIyYmYzZDYxMyJ9\">\n\t\t\t\t\t<div class=\"e-gallery-image elementor-gallery-item__image\" data-thumbnail=\"https:\/\/nautilus.se\/wp-content\/uploads\/2026\/03\/Finnhamn3-1-300x169.webp\" data-width=\"300\" data-height=\"169\" aria-label=\"\" role=\"img\" ><\/div>\n\t\t\t\t\t\t\t\t\t\t\t<div class=\"elementor-gallery-item__overlay\"><\/div>\n\t\t\t\t\t\t\t\t\t\t\t\t\t\t<\/a>\n\t\t\t\t\t\t\t<a class=\"e-gallery-item elementor-gallery-item elementor-animated-content\" href=\"https:\/\/nautilus.se\/wp-content\/uploads\/2026\/03\/Finnhamn2-1.jpeg\" data-elementor-open-lightbox=\"yes\" data-elementor-lightbox-slideshow=\"2bf3d613\" data-e-action-hash=\"#elementor-action%3Aaction%3Dlightbox%26settings%3DeyJpZCI6MzI3MzgsInVybCI6Imh0dHBzOlwvXC9uYXV0aWx1cy5zZVwvd3AtY29udGVudFwvdXBsb2Fkc1wvMjAyNlwvMDNcL0Zpbm5oYW1uMi0xLmpwZWciLCJzbGlkZXNob3ciOiIyYmYzZDYxMyJ9\">\n\t\t\t\t\t<div class=\"e-gallery-image elementor-gallery-item__image\" data-thumbnail=\"https:\/\/nautilus.se\/wp-content\/uploads\/2026\/03\/Finnhamn2-1-300x200.jpeg\" data-width=\"300\" data-height=\"200\" aria-label=\"\" role=\"img\" ><\/div>\n\t\t\t\t\t\t\t\t\t\t\t<div class=\"elementor-gallery-item__overlay\"><\/div>\n\t\t\t\t\t\t\t\t\t\t\t\t\t\t<\/a>\n\t\t\t\t\t\t\t<a class=\"e-gallery-item elementor-gallery-item elementor-animated-content\" href=\"https:\/\/nautilus.se\/wp-content\/uploads\/2026\/03\/Finnhamn-krog-1.jpg\" data-elementor-open-lightbox=\"yes\" data-elementor-lightbox-slideshow=\"2bf3d613\" data-e-action-hash=\"#elementor-action%3Aaction%3Dlightbox%26settings%3DeyJpZCI6MzI3MzksInVybCI6Imh0dHBzOlwvXC9uYXV0aWx1cy5zZVwvd3AtY29udGVudFwvdXBsb2Fkc1wvMjAyNlwvMDNcL0Zpbm5oYW1uLWtyb2ctMS5qcGciLCJzbGlkZXNob3ciOiIyYmYzZDYxMyJ9\">\n\t\t\t\t\t<div class=\"e-gallery-image elementor-gallery-item__image\" data-thumbnail=\"https:\/\/nautilus.se\/wp-content\/uploads\/2026\/03\/Finnhamn-krog-1-300x200.jpg\" data-width=\"300\" data-height=\"200\" aria-label=\"\" role=\"img\" ><\/div>\n\t\t\t\t\t\t\t\t\t\t\t<div class=\"elementor-gallery-item__overlay\"><\/div>\n\t\t\t\t\t\t\t\t\t\t\t\t\t\t<\/a>\n\t\t\t\t\t\t\t<a class=\"e-gallery-item elementor-gallery-item elementor-animated-content\" href=\"https:\/\/nautilus.se\/wp-content\/uploads\/2026\/03\/Finnhamn-Paradiset-1.jpg\" data-elementor-open-lightbox=\"yes\" data-elementor-lightbox-slideshow=\"2bf3d613\" data-e-action-hash=\"#elementor-action%3Aaction%3Dlightbox%26settings%3DeyJpZCI6MzI3NDAsInVybCI6Imh0dHBzOlwvXC9uYXV0aWx1cy5zZVwvd3AtY29udGVudFwvdXBsb2Fkc1wvMjAyNlwvMDNcL0Zpbm5oYW1uLVBhcmFkaXNldC0xLmpwZyIsInNsaWRlc2hvdyI6IjJiZjNkNjEzIn0%3D\">\n\t\t\t\t\t<div class=\"e-gallery-image elementor-gallery-item__image\" data-thumbnail=\"https:\/\/nautilus.se\/wp-content\/uploads\/2026\/03\/Finnhamn-Paradiset-1-300x198.jpg\" data-width=\"300\" data-height=\"198\" aria-label=\"\" role=\"img\" ><\/div>\n\t\t\t\t\t\t\t\t\t\t\t<div class=\"elementor-gallery-item__overlay\"><\/div>\n\t\t\t\t\t\t\t\t\t\t\t\t\t\t<\/a>\n\t\t\t\t\t\t\t<a class=\"e-gallery-item elementor-gallery-item elementor-animated-content\" href=\"https:\/\/nautilus.se\/wp-content\/uploads\/2026\/03\/Finnhamn-1.jpeg\" data-elementor-open-lightbox=\"yes\" data-elementor-lightbox-slideshow=\"2bf3d613\" data-e-action-hash=\"#elementor-action%3Aaction%3Dlightbox%26settings%3DeyJpZCI6MzI3NDEsInVybCI6Imh0dHBzOlwvXC9uYXV0aWx1cy5zZVwvd3AtY29udGVudFwvdXBsb2Fkc1wvMjAyNlwvMDNcL0Zpbm5oYW1uLTEuanBlZyIsInNsaWRlc2hvdyI6IjJiZjNkNjEzIn0%3D\">\n\t\t\t\t\t<div class=\"e-gallery-image elementor-gallery-item__image\" data-thumbnail=\"https:\/\/nautilus.se\/wp-content\/uploads\/2026\/03\/Finnhamn-1-300x200.jpeg\" data-width=\"300\" data-height=\"200\" aria-label=\"\" role=\"img\" ><\/div>\n\t\t\t\t\t\t\t\t\t\t\t<div class=\"elementor-gallery-item__overlay\"><\/div>\n\t\t\t\t\t\t\t\t\t\t\t\t\t\t<\/a>\n\t\t\t\t\t<\/div>\n\t\t\t\t\t<\/div>\n\t\t\t\t<\/div>\n\t\t\t\t\t<\/div>\n\t\t<\/div>\n\t\t\t\t\t<\/div>\n\t\t<\/section>\n\t\t\t\t<section class=\"elementor-section elementor-top-section elementor-element elementor-element-302cc6d9 elementor-section-boxed elementor-section-height-default elementor-section-height-default\" data-id=\"302cc6d9\" data-element_type=\"section\" data-e-type=\"section\">\n\t\t\t\t\t\t<div class=\"elementor-container elementor-column-gap-default\">\n\t\t\t\t\t<div class=\"elementor-column elementor-col-100 elementor-top-column elementor-element elementor-element-1b0bebdd\" data-id=\"1b0bebdd\" data-element_type=\"column\" data-e-type=\"column\">\n\t\t\t<div class=\"elementor-widget-wrap elementor-element-populated\">\n\t\t\t\t\t\t<div class=\"elementor-element elementor-element-453b7bef elementor-widget elementor-widget-text-editor\" data-id=\"453b7bef\" data-element_type=\"widget\" data-e-type=\"widget\" data-widget_type=\"text-editor.default\">\n\t\t\t\t<div class=\"elementor-widget-container\">\n\t\t\t\t\t\t\t\t\t<p>Finnhamn was one of the Stockholm archipelago&#8217;s first holiday havens and the islands are still among the archipelago&#8217;s most visited. Today the island is owned and managed by The Archipelago Foundation, and large parts are classified as nature reserves thanks to the island&#8217;s unique scenery and numerous flora. You can wander through deciduous forests, meadows and vibrant farming communities in the west, and primeval forests and barren archipelago landscapes in the east.<\/p><p>The Finnhamn Trail is a 2 km long, self-guided hike where you can learn more about Finnhamn&#8217;s unique nature. If you&#8217;re observant, you can also see many different bird species, deer, badgers and foxes.<\/p><p>The island&#8217;s character and attractions change over the seasons. In early summer, nature is at its most beautiful and biodiversity can be observed at its best. In peak summer months, there are plenty of visitors, the shop and restaurant are open, and you have a number of different leisure activities and types of accommodation to choose from. Rather than eating at the restaurant, take a packed lunch or cook your own food in the hostel&#8217;s kitchen.<\/p>\t\t\t\t\t\t\t\t<\/div>\n\t\t\t\t<\/div>\n\t\t\t\t\t<\/div>\n\t\t<\/div>\n\t\t\t\t\t<\/div>\n\t\t<\/section>\n\t\t\t\t<section class=\"elementor-section elementor-top-section elementor-element elementor-element-3614a268 elementor-section-boxed elementor-section-height-default elementor-section-height-default\" data-id=\"3614a268\" data-element_type=\"section\" data-e-type=\"section\">\n\t\t\t\t\t\t<div class=\"elementor-container elementor-column-gap-default\">\n\t\t\t\t\t<div class=\"elementor-column elementor-col-50 elementor-top-column elementor-element elementor-element-49459102\" data-id=\"49459102\" data-element_type=\"column\" data-e-type=\"column\">\n\t\t\t<div class=\"elementor-widget-wrap elementor-element-populated\">\n\t\t\t\t\t\t<div class=\"elementor-element elementor-element-24c297e1 elementor-widget elementor-widget-text-editor\" data-id=\"24c297e1\" data-element_type=\"widget\" data-e-type=\"widget\" data-widget_type=\"text-editor.default\">\n\t\t\t\t<div class=\"elementor-widget-container\">\n\t\t\t\t\t\t\t\t\t<p><strong>Services<\/strong><\/p>\t\t\t\t\t\t\t\t<\/div>\n\t\t\t\t<\/div>\n\t\t\t\t<div class=\"elementor-element elementor-element-676f3d3c elementor-icon-list--layout-traditional elementor-list-item-link-full_width elementor-widget elementor-widget-icon-list\" data-id=\"676f3d3c\" data-element_type=\"widget\" data-e-type=\"widget\" data-widget_type=\"icon-list.default\">\n\t\t\t\t<div class=\"elementor-widget-container\">\n\t\t\t\t\t\t\t<ul class=\"elementor-icon-list-items\">\n\t\t\t\t\t\t\t<li class=\"elementor-icon-list-item\">\n\t\t\t\t\t\t\t\t\t\t\t<span class=\"elementor-icon-list-icon\">\n\t\t\t\t\t\t\t<i aria-hidden=\"true\" class=\"fas fa-glass-cheers\"><\/i>\t\t\t\t\t\t<\/span>\n\t\t\t\t\t\t\t\t\t\t<span class=\"elementor-icon-list-text\">Restaurant<\/span>\n\t\t\t\t\t\t\t\t\t<\/li>\n\t\t\t\t\t\t\t\t<li class=\"elementor-icon-list-item\">\n\t\t\t\t\t\t\t\t\t\t\t<span class=\"elementor-icon-list-icon\">\n\t\t\t\t\t\t\t<i aria-hidden=\"true\" class=\"fas fa-coffee\"><\/i>\t\t\t\t\t\t<\/span>\n\t\t\t\t\t\t\t\t\t\t<span class=\"elementor-icon-list-text\">Cafe<\/span>\n\t\t\t\t\t\t\t\t\t<\/li>\n\t\t\t\t\t\t\t\t<li class=\"elementor-icon-list-item\">\n\t\t\t\t\t\t\t\t\t\t\t<span class=\"elementor-icon-list-icon\">\n\t\t\t\t\t\t\t<i aria-hidden=\"true\" class=\"fas fa-ice-cream\"><\/i>\t\t\t\t\t\t<\/span>\n\t\t\t\t\t\t\t\t\t\t<span class=\"elementor-icon-list-text\">Kiosk<\/span>\n\t\t\t\t\t\t\t\t\t<\/li>\n\t\t\t\t\t\t\t\t<li class=\"elementor-icon-list-item\">\n\t\t\t\t\t\t\t\t\t\t\t<span class=\"elementor-icon-list-icon\">\n\t\t\t\t\t\t\t<i aria-hidden=\"true\" class=\"fas fa-umbrella-beach\"><\/i>\t\t\t\t\t\t<\/span>\n\t\t\t\t\t\t\t\t\t\t<span class=\"elementor-icon-list-text\">Beach<\/span>\n\t\t\t\t\t\t\t\t\t<\/li>\n\t\t\t\t\t\t<\/ul>\n\t\t\t\t\t\t<\/div>\n\t\t\t\t<\/div>\n\t\t\t\t\t<\/div>\n\t\t<\/div>\n\t\t\t\t<div class=\"elementor-column elementor-col-50 elementor-top-column elementor-element elementor-element-59b1644e\" data-id=\"59b1644e\" data-element_type=\"column\" data-e-type=\"column\">\n\t\t\t<div class=\"elementor-widget-wrap elementor-element-populated\">\n\t\t\t\t\t\t<div class=\"elementor-element elementor-element-475d4744 elementor-widget elementor-widget-text-editor\" data-id=\"475d4744\" data-element_type=\"widget\" data-e-type=\"widget\" data-widget_type=\"text-editor.default\">\n\t\t\t\t<div class=\"elementor-widget-container\">\n\t\t\t\t\t\t\t\t\t<p><strong>Getting here<\/strong><\/p>\t\t\t\t\t\t\t\t<\/div>\n\t\t\t\t<\/div>\n\t\t\t\t<div class=\"elementor-element elementor-element-7d8020a elementor-icon-list--layout-traditional elementor-list-item-link-full_width elementor-widget elementor-widget-icon-list\" data-id=\"7d8020a\" data-element_type=\"widget\" data-e-type=\"widget\" data-widget_type=\"icon-list.default\">\n\t\t\t\t<div class=\"elementor-widget-container\">\n\t\t\t\t\t\t\t<ul class=\"elementor-icon-list-items\">\n\t\t\t\t\t\t\t<li class=\"elementor-icon-list-item\">\n\t\t\t\t\t\t\t\t\t\t\t<span class=\"elementor-icon-list-icon\">\n\t\t\t\t\t\t\t<i aria-hidden=\"true\" class=\"fas fa-ruler\"><\/i>\t\t\t\t\t\t<\/span>\n\t\t\t\t\t\t\t\t\t\t<span class=\"elementor-icon-list-text\">15 Nm from Bulland\u00f6<\/span>\n\t\t\t\t\t\t\t\t\t<\/li>\n\t\t\t\t\t\t\t\t<li class=\"elementor-icon-list-item\">\n\t\t\t\t\t\t\t\t\t\t\t<span class=\"elementor-icon-list-icon\">\n\t\t\t\t\t\t\t<i aria-hidden=\"true\" class=\"fas fa-ruler\"><\/i>\t\t\t\t\t\t<\/span>\n\t\t\t\t\t\t\t\t\t\t<span class=\"elementor-icon-list-text\">33 Nm from Gustavsberg<\/span>\n\t\t\t\t\t\t\t\t\t<\/li>\n\t\t\t\t\t\t\t\t<li class=\"elementor-icon-list-item\">\n\t\t\t\t\t\t\t\t\t\t\t<span class=\"elementor-icon-list-icon\">\n\t\t\t\t\t\t\t<i aria-hidden=\"true\" class=\"fas fa-ship\"><\/i>\t\t\t\t\t\t<\/span>\n\t\t\t\t\t\t\t\t\t\t<span class=\"elementor-icon-list-text\">Nature mooring<\/span>\n\t\t\t\t\t\t\t\t\t<\/li>\n\t\t\t\t\t\t\t\t<li class=\"elementor-icon-list-item\">\n\t\t\t\t\t\t\t\t\t\t\t<span class=\"elementor-icon-list-icon\">\n\t\t\t\t\t\t\t<i aria-hidden=\"true\" class=\"fas fa-ship\"><\/i>\t\t\t\t\t\t<\/span>\n\t\t\t\t\t\t\t\t\t\t<span class=\"elementor-icon-list-text\">Fee at dock<\/span>\n\t\t\t\t\t\t\t\t\t<\/li>\n\t\t\t\t\t\t<\/ul>\n\t\t\t\t\t\t<\/div>\n\t\t\t\t<\/div>\n\t\t\t\t\t<\/div>\n\t\t<\/div>\n\t\t\t\t\t<\/div>\n\t\t<\/section>\n\t\t\t\t<section class=\"elementor-section elementor-top-section elementor-element elementor-element-4b06b621 elementor-section-boxed elementor-section-height-default elementor-section-height-default\" data-id=\"4b06b621\" data-element_type=\"section\" data-e-type=\"section\">\n\t\t\t\t\t\t<div class=\"elementor-container elementor-column-gap-default\">\n\t\t\t\t\t<div class=\"elementor-column elementor-col-100 elementor-top-column elementor-element elementor-element-37cc3e9b\" data-id=\"37cc3e9b\" data-element_type=\"column\" data-e-type=\"column\">\n\t\t\t<div class=\"elementor-widget-wrap elementor-element-populated\">\n\t\t\t\t\t\t<div class=\"elementor-element elementor-element-2eade282 elementor-widget elementor-widget-google_maps\" data-id=\"2eade282\" data-element_type=\"widget\" data-e-type=\"widget\" data-widget_type=\"google_maps.default\">\n\t\t\t\t<div class=\"elementor-widget-container\">\n\t\t\t\t\t\t\t<div class=\"elementor-custom-embed\">\n\t\t\t<iframe loading=\"lazy\"\n\t\t\t\t\tsrc=\"https:\/\/maps.google.com\/maps?q=finnhamn&#038;t=m&#038;z=10&#038;output=embed&#038;iwloc=near\"\n\t\t\t\t\ttitle=\"finnhamn\"\n\t\t\t\t\taria-label=\"finnhamn\"\n\t\t\t><\/iframe>\n\t\t<\/div>\n\t\t\t\t\t\t<\/div>\n\t\t\t\t<\/div>\n\t\t\t\t\t<\/div>\n\t\t<\/div>\n\t\t\t\t\t<\/div>\n\t\t<\/section>\n\t\t\t\t<\/div>","protected":false},"excerpt":{"rendered":"<p>Finnhamn was one of the Stockholm archipelago&#8217;s first holiday havens and the islands are still among the archipelago&#8217;s most visited. Today the island is owned and managed by The Archipelago Foundation, and large parts are classified as nature reserves thanks to the island&#8217;s unique scenery and numerous flora. You can [&hellip;]<\/p>\n","protected":false},"author":21,"featured_media":32730,"parent":32425,"menu_order":0,"comment_status":"closed","ping_status":"closed","template":"","meta":{"inspiro_page_layout":"narrow","inspiro_hide_title":false,"footnotes":""},"class_list":["post-32728","page","type-page","status-publish","has-post-thumbnail","hentry"],"yoast_head":"<!-- This site is optimized with the Yoast SEO Premium plugin v27.3 (Yoast SEO v27.4) - https:\/\/yoast.com\/product\/yoast-seo-premium-wordpress\/ -->\n<title>Finnhamn |<\/title>\n<meta name=\"robots\" content=\"index, follow, max-snippet:-1, max-image-preview:large, max-video-preview:-1\" \/>\n<link rel=\"canonical\" href=\"https:\/\/nautilus.se\/eng\/were-to-go-stockholm-archipelago\/finnhamn\/\" \/>\n<meta property=\"og:locale\" content=\"en_US\" \/>\n<meta property=\"og:type\" content=\"article\" \/>\n<meta property=\"og:title\" content=\"Finnhamn\" \/>\n<meta property=\"og:description\" content=\"Finnhamn was one of the Stockholm archipelago&#8217;s first holiday havens and the islands are still among the archipelago&#8217;s most visited. Today the island is owned and managed by The Archipelago Foundation, and large parts are classified as nature reserves thanks to the island&#8217;s unique scenery and numerous flora. You can [&hellip;]\" \/>\n<meta property=\"og:url\" content=\"https:\/\/nautilus.se\/eng\/were-to-go-stockholm-archipelago\/finnhamn\/\" \/>\n<meta property=\"og:site_name\" content=\"Nautilus Boat Club\" \/>\n<meta property=\"article:publisher\" content=\"https:\/\/www.facebook.com\/nautilusboatclub\/\" \/>\n<meta property=\"article:modified_time\" content=\"2026-03-22T14:57:29+00:00\" \/>\n<meta property=\"og:image\" content=\"https:\/\/nautilus.se\/wp-content\/uploads\/2026\/03\/Finnhamn-Paradiset2.jpg\" \/>\n\t<meta property=\"og:image:width\" content=\"686\" \/>\n\t<meta property=\"og:image:height\" content=\"386\" \/>\n\t<meta property=\"og:image:type\" content=\"image\/jpeg\" \/>\n<meta name=\"twitter:card\" content=\"summary_large_image\" \/>\n<meta name=\"twitter:label1\" content=\"Est. reading time\" \/>\n\t<meta name=\"twitter:data1\" content=\"1 minute\" \/>\n<script type=\"application\/ld+json\" class=\"yoast-schema-graph\">{\"@context\":\"https:\\\/\\\/schema.org\",\"@graph\":[{\"@type\":\"WebPage\",\"@id\":\"https:\\\/\\\/nautilus.se\\\/were-to-go-stockholm-archipelago\\\/finnhamn\\\/\",\"url\":\"https:\\\/\\\/nautilus.se\\\/were-to-go-stockholm-archipelago\\\/finnhamn\\\/\",\"name\":\"Finnhamn |\",\"isPartOf\":{\"@id\":\"https:\\\/\\\/nautilus.se\\\/#website\"},\"primaryImageOfPage\":{\"@id\":\"https:\\\/\\\/nautilus.se\\\/were-to-go-stockholm-archipelago\\\/finnhamn\\\/#primaryimage\"},\"image\":{\"@id\":\"https:\\\/\\\/nautilus.se\\\/were-to-go-stockholm-archipelago\\\/finnhamn\\\/#primaryimage\"},\"thumbnailUrl\":\"https:\\\/\\\/nautilus.se\\\/wp-content\\\/uploads\\\/2026\\\/03\\\/Finnhamn-Paradiset2.jpg\",\"datePublished\":\"2026-03-22T14:49:52+00:00\",\"dateModified\":\"2026-03-22T14:57:29+00:00\",\"breadcrumb\":{\"@id\":\"https:\\\/\\\/nautilus.se\\\/were-to-go-stockholm-archipelago\\\/finnhamn\\\/#breadcrumb\"},\"inLanguage\":\"en-US\",\"potentialAction\":[{\"@type\":\"ReadAction\",\"target\":[\"https:\\\/\\\/nautilus.se\\\/were-to-go-stockholm-archipelago\\\/finnhamn\\\/\"]}]},{\"@type\":\"ImageObject\",\"inLanguage\":\"en-US\",\"@id\":\"https:\\\/\\\/nautilus.se\\\/were-to-go-stockholm-archipelago\\\/finnhamn\\\/#primaryimage\",\"url\":\"https:\\\/\\\/nautilus.se\\\/wp-content\\\/uploads\\\/2026\\\/03\\\/Finnhamn-Paradiset2.jpg\",\"contentUrl\":\"https:\\\/\\\/nautilus.se\\\/wp-content\\\/uploads\\\/2026\\\/03\\\/Finnhamn-Paradiset2.jpg\",\"width\":686,\"height\":386},{\"@type\":\"BreadcrumbList\",\"@id\":\"https:\\\/\\\/nautilus.se\\\/were-to-go-stockholm-archipelago\\\/finnhamn\\\/#breadcrumb\",\"itemListElement\":[{\"@type\":\"ListItem\",\"position\":1,\"name\":\"Home\",\"item\":\"https:\\\/\\\/nautilus.se\\\/\"},{\"@type\":\"ListItem\",\"position\":2,\"name\":\"Were to go &#8211; Stockholm Archipelago\",\"item\":\"https:\\\/\\\/nautilus.se\\\/were-to-go-stockholm-archipelago\\\/\"},{\"@type\":\"ListItem\",\"position\":3,\"name\":\"Finnhamn\"}]},{\"@type\":\"WebSite\",\"@id\":\"https:\\\/\\\/nautilus.se\\\/#website\",\"url\":\"https:\\\/\\\/nautilus.se\\\/\",\"name\":\"Nautilus Boat Club\",\"description\":\"H\u00e4r kan du hyra b\u00e5t, dela b\u00e5t, del\u00e4ga b\u00e5t och vara med i b\u00e5tpool.\",\"publisher\":{\"@id\":\"https:\\\/\\\/nautilus.se\\\/#organization\"},\"potentialAction\":[{\"@type\":\"SearchAction\",\"target\":{\"@type\":\"EntryPoint\",\"urlTemplate\":\"https:\\\/\\\/nautilus.se\\\/?s={search_term_string}\"},\"query-input\":{\"@type\":\"PropertyValueSpecification\",\"valueRequired\":true,\"valueName\":\"search_term_string\"}}],\"inLanguage\":\"en-US\"},{\"@type\":\"Organization\",\"@id\":\"https:\\\/\\\/nautilus.se\\\/#organization\",\"name\":\"Nautilus Boat Club AB\",\"alternateName\":\"Nautilus Boat Club\",\"url\":\"https:\\\/\\\/nautilus.se\\\/\",\"logo\":{\"@type\":\"ImageObject\",\"inLanguage\":\"en-US\",\"@id\":\"https:\\\/\\\/nautilus.se\\\/#\\\/schema\\\/logo\\\/image\\\/\",\"url\":\"https:\\\/\\\/nautilus.se\\\/wp-content\\\/uploads\\\/2022\\\/10\\\/Nautilus-shell-blue-back-w-logo.png\",\"contentUrl\":\"https:\\\/\\\/nautilus.se\\\/wp-content\\\/uploads\\\/2022\\\/10\\\/Nautilus-shell-blue-back-w-logo.png\",\"width\":1755,\"height\":1130,\"caption\":\"Nautilus Boat Club AB\"},\"image\":{\"@id\":\"https:\\\/\\\/nautilus.se\\\/#\\\/schema\\\/logo\\\/image\\\/\"},\"sameAs\":[\"https:\\\/\\\/www.facebook.com\\\/nautilusboatclub\\\/\",\"https:\\\/\\\/www.instagram.com\\\/nautilusboatclub\\\/\",\"https:\\\/\\\/www.linkedin.com\\\/company\\\/4998214\\\/admin\\\/\",\"https:\\\/\\\/www.youtube.com\\\/channel\\\/UCrhrs3yv-t72B5igMm2keKQ\\\/videos?app=desktop\"]}]}<\/script>\n<!-- \/ Yoast SEO Premium plugin. -->","yoast_head_json":{"title":"Finnhamn |","robots":{"index":"index","follow":"follow","max-snippet":"max-snippet:-1","max-image-preview":"max-image-preview:large","max-video-preview":"max-video-preview:-1"},"canonical":"https:\/\/nautilus.se\/eng\/were-to-go-stockholm-archipelago\/finnhamn\/","og_locale":"en_US","og_type":"article","og_title":"Finnhamn","og_description":"Finnhamn was one of the Stockholm archipelago&#8217;s first holiday havens and the islands are still among the archipelago&#8217;s most visited. Today the island is owned and managed by The Archipelago Foundation, and large parts are classified as nature reserves thanks to the island&#8217;s unique scenery and numerous flora. You can [&hellip;]","og_url":"https:\/\/nautilus.se\/eng\/were-to-go-stockholm-archipelago\/finnhamn\/","og_site_name":"Nautilus Boat Club","article_publisher":"https:\/\/www.facebook.com\/nautilusboatclub\/","article_modified_time":"2026-03-22T14:57:29+00:00","og_image":[{"width":686,"height":386,"url":"https:\/\/nautilus.se\/wp-content\/uploads\/2026\/03\/Finnhamn-Paradiset2.jpg","type":"image\/jpeg"}],"twitter_card":"summary_large_image","twitter_misc":{"Est. reading time":"1 minute"},"schema":{"@context":"https:\/\/schema.org","@graph":[{"@type":"WebPage","@id":"https:\/\/nautilus.se\/were-to-go-stockholm-archipelago\/finnhamn\/","url":"https:\/\/nautilus.se\/were-to-go-stockholm-archipelago\/finnhamn\/","name":"Finnhamn |","isPartOf":{"@id":"https:\/\/nautilus.se\/#website"},"primaryImageOfPage":{"@id":"https:\/\/nautilus.se\/were-to-go-stockholm-archipelago\/finnhamn\/#primaryimage"},"image":{"@id":"https:\/\/nautilus.se\/were-to-go-stockholm-archipelago\/finnhamn\/#primaryimage"},"thumbnailUrl":"https:\/\/nautilus.se\/wp-content\/uploads\/2026\/03\/Finnhamn-Paradiset2.jpg","datePublished":"2026-03-22T14:49:52+00:00","dateModified":"2026-03-22T14:57:29+00:00","breadcrumb":{"@id":"https:\/\/nautilus.se\/were-to-go-stockholm-archipelago\/finnhamn\/#breadcrumb"},"inLanguage":"en-US","potentialAction":[{"@type":"ReadAction","target":["https:\/\/nautilus.se\/were-to-go-stockholm-archipelago\/finnhamn\/"]}]},{"@type":"ImageObject","inLanguage":"en-US","@id":"https:\/\/nautilus.se\/were-to-go-stockholm-archipelago\/finnhamn\/#primaryimage","url":"https:\/\/nautilus.se\/wp-content\/uploads\/2026\/03\/Finnhamn-Paradiset2.jpg","contentUrl":"https:\/\/nautilus.se\/wp-content\/uploads\/2026\/03\/Finnhamn-Paradiset2.jpg","width":686,"height":386},{"@type":"BreadcrumbList","@id":"https:\/\/nautilus.se\/were-to-go-stockholm-archipelago\/finnhamn\/#breadcrumb","itemListElement":[{"@type":"ListItem","position":1,"name":"Home","item":"https:\/\/nautilus.se\/"},{"@type":"ListItem","position":2,"name":"Were to go &#8211; Stockholm Archipelago","item":"https:\/\/nautilus.se\/were-to-go-stockholm-archipelago\/"},{"@type":"ListItem","position":3,"name":"Finnhamn"}]},{"@type":"WebSite","@id":"https:\/\/nautilus.se\/#website","url":"https:\/\/nautilus.se\/","name":"Nautilus Boat Club","description":"H\u00e4r kan du hyra b\u00e5t, dela b\u00e5t, del\u00e4ga b\u00e5t och vara med i b\u00e5tpool.","publisher":{"@id":"https:\/\/nautilus.se\/#organization"},"potentialAction":[{"@type":"SearchAction","target":{"@type":"EntryPoint","urlTemplate":"https:\/\/nautilus.se\/?s={search_term_string}"},"query-input":{"@type":"PropertyValueSpecification","valueRequired":true,"valueName":"search_term_string"}}],"inLanguage":"en-US"},{"@type":"Organization","@id":"https:\/\/nautilus.se\/#organization","name":"Nautilus Boat Club AB","alternateName":"Nautilus Boat Club","url":"https:\/\/nautilus.se\/","logo":{"@type":"ImageObject","inLanguage":"en-US","@id":"https:\/\/nautilus.se\/#\/schema\/logo\/image\/","url":"https:\/\/nautilus.se\/wp-content\/uploads\/2022\/10\/Nautilus-shell-blue-back-w-logo.png","contentUrl":"https:\/\/nautilus.se\/wp-content\/uploads\/2022\/10\/Nautilus-shell-blue-back-w-logo.png","width":1755,"height":1130,"caption":"Nautilus Boat Club AB"},"image":{"@id":"https:\/\/nautilus.se\/#\/schema\/logo\/image\/"},"sameAs":["https:\/\/www.facebook.com\/nautilusboatclub\/","https:\/\/www.instagram.com\/nautilusboatclub\/","https:\/\/www.linkedin.com\/company\/4998214\/admin\/","https:\/\/www.youtube.com\/channel\/UCrhrs3yv-t72B5igMm2keKQ\/videos?app=desktop"]}]}},"_links":{"self":[{"href":"https:\/\/nautilus.se\/eng\/wp-json\/wp\/v2\/pages\/32728","targetHints":{"allow":["GET"]}}],"collection":[{"href":"https:\/\/nautilus.se\/eng\/wp-json\/wp\/v2\/pages"}],"about":[{"href":"https:\/\/nautilus.se\/eng\/wp-json\/wp\/v2\/types\/page"}],"author":[{"embeddable":true,"href":"https:\/\/nautilus.se\/eng\/wp-json\/wp\/v2\/users\/21"}],"replies":[{"embeddable":true,"href":"https:\/\/nautilus.se\/eng\/wp-json\/wp\/v2\/comments?post=32728"}],"version-history":[{"count":7,"href":"https:\/\/nautilus.se\/eng\/wp-json\/wp\/v2\/pages\/32728\/revisions"}],"predecessor-version":[{"id":32747,"href":"https:\/\/nautilus.se\/eng\/wp-json\/wp\/v2\/pages\/32728\/revisions\/32747"}],"up":[{"embeddable":true,"href":"https:\/\/nautilus.se\/eng\/wp-json\/wp\/v2\/pages\/32425"}],"wp:featuredmedia":[{"embeddable":true,"href":"https:\/\/nautilus.se\/eng\/wp-json\/wp\/v2\/media\/32730"}],"wp:attachment":[{"href":"https:\/\/nautilus.se\/eng\/wp-json\/wp\/v2\/media?parent=32728"}],"curies":[{"name":"wp","href":"https:\/\/api.w.org\/{rel}","templated":true}]}}