{"id":9360,"date":"2021-08-26T10:56:40","date_gmt":"2021-08-26T09:56:40","guid":{"rendered":"https:\/\/nautilus.se\/?page_id=9360"},"modified":"2024-08-11T11:55:55","modified_gmt":"2024-08-11T10:55:55","slug":"vinterforvaring-vattenskoter","status":"publish","type":"page","link":"https:\/\/nautilus.se\/eng\/vinterforvaring-vattenskoter\/","title":{"rendered":"Vinterf\u00f6rvaring vattenskoter"},"content":{"rendered":"\t\t<div data-elementor-type=\"wp-page\" data-elementor-id=\"9360\" class=\"elementor elementor-9360\" data-elementor-post-type=\"page\">\n\t\t\t\t\t\t<section class=\"elementor-section elementor-top-section elementor-element elementor-element-538e371b elementor-section-boxed elementor-section-height-default elementor-section-height-default\" data-id=\"538e371b\" data-element_type=\"section\" data-e-type=\"section\">\n\t\t\t\t\t\t<div class=\"elementor-container elementor-column-gap-default\">\n\t\t\t\t\t<div class=\"elementor-column elementor-col-100 elementor-top-column elementor-element elementor-element-2d7a8d75\" data-id=\"2d7a8d75\" data-element_type=\"column\" data-e-type=\"column\">\n\t\t\t<div class=\"elementor-widget-wrap elementor-element-populated\">\n\t\t\t\t\t\t<div class=\"elementor-element elementor-element-6f6ac170 elementor-widget elementor-widget-text-editor\" data-id=\"6f6ac170\" data-element_type=\"widget\" data-e-type=\"widget\" data-widget_type=\"text-editor.default\">\n\t\t\t\t<div class=\"elementor-widget-container\">\n\t\t\t\t\t\t\t\t\t<p><\/p>\n<p><\/p>\n<p><\/p>\n<p><\/p>\n<p class=\"has-text-align-center\">Vi vinterf\u00f6rvarar din vattenskoter i stallage inomhus i varmhall.<br \/><span style=\"font-family: var( --e-global-typography-text-font-family ), Sans-serif; font-weight: var( --e-global-typography-text-font-weight );\">V\u00e4lj till service, polering eller andra tj\u00e4nster efter behov.<br \/><\/span><\/p>\n<p class=\"has-text-align-center\"><span style=\"font-family: var( --e-global-typography-text-font-family ), Sans-serif; font-weight: var( --e-global-typography-text-font-weight );\">Du kan l\u00e4mna\/h\u00e4mta skotern n\u00e4r det passar dig. Kom med den p\u00e5 trailer till <\/span><span style=\"font-family: var( --e-global-typography-text-font-family ), Sans-serif; font-weight: var( --e-global-typography-text-font-weight );\">v\u00e5r verkstad utanf\u00f6r Hemmesta eller i n\u00e5n av v\u00e5ra hamnar i Gustavsbergs eller Bulland\u00f6.<br \/><\/span><\/p>\n<p>\u00a0<\/p>\n<p style=\"text-align: center;\"><a href=\"https:\/\/nautilus.se\/wp-content\/uploads\/2022\/09\/Vattenskoter-fo\u0308rvaring-2022.pdf\" target=\"_blank\" rel=\"noopener\">PRISLISTA 2023<\/a><\/p>\n<p><\/p>\n<p><\/p>\t\t\t\t\t\t\t\t<\/div>\n\t\t\t\t<\/div>\n\t\t\t\t\t<\/div>\n\t\t<\/div>\n\t\t\t\t\t<\/div>\n\t\t<\/section>\n\t\t\t\t<section class=\"elementor-section elementor-top-section elementor-element elementor-element-d90205a elementor-section-boxed elementor-section-height-default elementor-section-height-default\" data-id=\"d90205a\" data-element_type=\"section\" data-e-type=\"section\">\n\t\t\t\t\t\t<div class=\"elementor-container elementor-column-gap-default\">\n\t\t\t\t\t<div class=\"elementor-column elementor-col-100 elementor-top-column elementor-element elementor-element-7a15fd6\" data-id=\"7a15fd6\" data-element_type=\"column\" data-e-type=\"column\">\n\t\t\t<div class=\"elementor-widget-wrap elementor-element-populated\">\n\t\t\t\t\t\t<div class=\"elementor-element elementor-element-66a9e1d elementor-widget elementor-widget-heading\" data-id=\"66a9e1d\" data-element_type=\"widget\" data-e-type=\"widget\" data-widget_type=\"heading.default\">\n\t\t\t\t<div class=\"elementor-widget-container\">\n\t\t\t\t\t<h2 class=\"elementor-heading-title elementor-size-default\">Boka f\u00f6rvaring av din vattenskoter<\/h2>\t\t\t\t<\/div>\n\t\t\t\t<\/div>\n\t\t\t\t<div class=\"elementor-element elementor-element-2ed54d9 elementor-button-align-stretch elementor-widget elementor-widget-form\" data-id=\"2ed54d9\" data-element_type=\"widget\" data-e-type=\"widget\" data-settings=\"{&quot;step_next_label&quot;:&quot;N\\u00e4sta&quot;,&quot;step_previous_label&quot;:&quot;F\\u00f6reg\\u00e5ende&quot;,&quot;button_width&quot;:&quot;100&quot;,&quot;step_type&quot;:&quot;number_text&quot;,&quot;step_icon_shape&quot;:&quot;circle&quot;}\" data-widget_type=\"form.default\">\n\t\t\t\t<div class=\"elementor-widget-container\">\n\t\t\t\t\t\t\t<form class=\"elementor-form\" method=\"post\" name=\"Vattenskoter formul\u00e4r\" aria-label=\"Vattenskoter formul\u00e4r\">\n\t\t\t<input type=\"hidden\" name=\"post_id\" value=\"9360\"\/>\n\t\t\t<input type=\"hidden\" name=\"form_id\" value=\"2ed54d9\"\/>\n\t\t\t<input type=\"hidden\" name=\"referer_title\" value=\"Vinterf\u00f6rvaring vattenskoter\" \/>\n\n\t\t\t\t\t\t\t<input type=\"hidden\" name=\"queried_id\" value=\"9360\"\/>\n\t\t\t\n\t\t\t<div class=\"elementor-form-fields-wrapper elementor-labels-above\">\n\t\t\t\t\t\t\t\t<div class=\"elementor-field-type-text elementor-field-group elementor-column elementor-field-group-name elementor-col-100\">\n\t\t\t\t\t\t\t\t\t\t\t\t<label for=\"form-field-name\" class=\"elementor-field-label\">\n\t\t\t\t\t\t\t\tNamn\t\t\t\t\t\t\t<\/label>\n\t\t\t\t\t\t\t\t\t\t\t\t\t\t<input size=\"1\" type=\"text\" name=\"form_fields[name]\" id=\"form-field-name\" class=\"elementor-field elementor-size-sm  elementor-field-textual\" placeholder=\"F\u00f6r- och efternamn\">\n\t\t\t\t\t\t\t\t\t\t\t<\/div>\n\t\t\t\t\t\t\t\t<div class=\"elementor-field-type-email elementor-field-group elementor-column elementor-field-group-email elementor-col-100 elementor-field-required\">\n\t\t\t\t\t\t\t\t\t\t\t\t<label for=\"form-field-email\" class=\"elementor-field-label\">\n\t\t\t\t\t\t\t\tE-post\t\t\t\t\t\t\t<\/label>\n\t\t\t\t\t\t\t\t\t\t\t\t\t\t<input size=\"1\" type=\"email\" name=\"form_fields[email]\" id=\"form-field-email\" class=\"elementor-field elementor-size-sm  elementor-field-textual\" placeholder=\"Din e-post\" required=\"required\">\n\t\t\t\t\t\t\t\t\t\t\t<\/div>\n\t\t\t\t\t\t\t\t<div class=\"elementor-field-type-tel elementor-field-group elementor-column elementor-field-group-field_e3728e5 elementor-col-100 elementor-field-required\">\n\t\t\t\t\t\t\t\t\t\t\t\t<label for=\"form-field-field_e3728e5\" class=\"elementor-field-label\">\n\t\t\t\t\t\t\t\tMobilnummer\t\t\t\t\t\t\t<\/label>\n\t\t\t\t\t\t\t\t<input size=\"1\" type=\"tel\" name=\"form_fields[field_e3728e5]\" id=\"form-field-field_e3728e5\" class=\"elementor-field elementor-size-sm  elementor-field-textual\" placeholder=\"Ditt mobilnummer\" required=\"required\" pattern=\"[0-9()#&amp;+*-=.]+\" title=\"Endast siffror och telefontecken (#, -, *, etc) accepteras.\">\n\n\t\t\t\t\t\t<\/div>\n\t\t\t\t\t\t\t\t<div class=\"elementor-field-type-textarea elementor-field-group elementor-column elementor-field-group-message elementor-col-100\">\n\t\t\t\t\t\t\t\t\t\t\t\t<label for=\"form-field-message\" class=\"elementor-field-label\">\n\t\t\t\t\t\t\t\tMeddelande\t\t\t\t\t\t\t<\/label>\n\t\t\t\t\t\t<textarea class=\"elementor-field-textual elementor-field  elementor-size-sm\" name=\"form_fields[message]\" id=\"form-field-message\" rows=\"4\" placeholder=\"V\u00e4nligen ange modell och \u00e5rtal f\u00f6r din vattenskoter\"><\/textarea>\t\t\t\t<\/div>\n\t\t\t\t\t\t\t\t<div class=\"elementor-field-group elementor-column elementor-field-type-submit elementor-col-100 e-form__buttons\">\n\t\t\t\t\t<button class=\"elementor-button elementor-size-sm\" type=\"submit\">\n\t\t\t\t\t\t<span class=\"elementor-button-content-wrapper\">\n\t\t\t\t\t\t\t\t\t\t\t\t\t\t\t\t\t\t\t\t\t\t<span class=\"elementor-button-text\">Skicka<\/span>\n\t\t\t\t\t\t\t\t\t\t\t\t\t<\/span>\n\t\t\t\t\t<\/button>\n\t\t\t\t<\/div>\n\t\t\t<\/div>\n\t\t<\/form>\n\t\t\t\t\t\t<\/div>\n\t\t\t\t<\/div>\n\t\t\t\t\t<\/div>\n\t\t<\/div>\n\t\t\t\t\t<\/div>\n\t\t<\/section>\n\t\t\t\t<\/div>\n\t\t","protected":false},"excerpt":{"rendered":"<p>Vi vinterf\u00f6rvarar din vattenskoter i stallage inomhus i varmhall.V\u00e4lj till service, polering eller andra tj\u00e4nster efter behov. Du kan l\u00e4mna\/h\u00e4mta skotern n\u00e4r det passar dig. Kom med den p\u00e5 trailer till v\u00e5r verkstad utanf\u00f6r Hemmesta eller i n\u00e5n av v\u00e5ra hamnar i Gustavsbergs eller Bulland\u00f6. \u00a0 PRISLISTA 2023 Boka f\u00f6rvaring [&hellip;]<\/p>\n","protected":false},"author":21,"featured_media":9392,"parent":0,"menu_order":0,"comment_status":"closed","ping_status":"closed","template":"","meta":{"inspiro_page_layout":"narrow","inspiro_hide_title":false,"footnotes":""},"class_list":["post-9360","page","type-page","status-publish","has-post-thumbnail","hentry"],"yoast_head":"<!-- This site is optimized with the Yoast SEO Premium plugin v27.4 (Yoast SEO v27.5) - https:\/\/yoast.com\/product\/yoast-seo-premium-wordpress\/ -->\n<title>Vinterf\u00f6rvaring vattenskoter<\/title>\n<meta name=\"description\" content=\"Vi erbjuder vinterf\u00f6rvaring vattenskoter i varmgarage p\u00e5 V\u00e4rmd\u00f6. Nautilus Boat Club ger dig ett enkelt b\u00e5tliv.\" \/>\n<meta name=\"robots\" content=\"index, follow, max-snippet:-1, max-image-preview:large, max-video-preview:-1\" \/>\n<link rel=\"canonical\" href=\"https:\/\/nautilus.se\/eng\/vinterforvaring-vattenskoter\/\" \/>\n<meta property=\"og:locale\" content=\"en_US\" \/>\n<meta property=\"og:type\" content=\"article\" \/>\n<meta property=\"og:title\" content=\"Vinterf\u00f6rvaring vattenskoter\" \/>\n<meta property=\"og:description\" content=\"Vi erbjuder vinterf\u00f6rvaring vattenskoter i varmgarage p\u00e5 V\u00e4rmd\u00f6. Nautilus Boat Club ger dig ett enkelt b\u00e5tliv.\" \/>\n<meta property=\"og:url\" content=\"https:\/\/nautilus.se\/eng\/vinterforvaring-vattenskoter\/\" \/>\n<meta property=\"og:site_name\" content=\"Nautilus Boat Club\" \/>\n<meta property=\"article:publisher\" content=\"https:\/\/www.facebook.com\/nautilusboatclub\/\" \/>\n<meta property=\"article:modified_time\" content=\"2024-08-11T10:55:55+00:00\" \/>\n<meta property=\"og:image\" content=\"https:\/\/nautilus.se\/wp-content\/uploads\/2021\/08\/jetskihylla3.jpg\" \/>\n\t<meta property=\"og:image:width\" content=\"1151\" \/>\n\t<meta property=\"og:image:height\" content=\"645\" \/>\n\t<meta property=\"og:image:type\" content=\"image\/jpeg\" \/>\n<meta name=\"twitter:card\" content=\"summary_large_image\" \/>\n<meta name=\"twitter:label1\" content=\"Est. reading time\" \/>\n\t<meta name=\"twitter:data1\" content=\"1 minute\" \/>\n<script type=\"application\/ld+json\" class=\"yoast-schema-graph\">{\"@context\":\"https:\\\/\\\/schema.org\",\"@graph\":[{\"@type\":\"WebPage\",\"@id\":\"https:\\\/\\\/nautilus.se\\\/vinterforvaring-vattenskoter\\\/\",\"url\":\"https:\\\/\\\/nautilus.se\\\/vinterforvaring-vattenskoter\\\/\",\"name\":\"Vinterf\u00f6rvaring vattenskoter\",\"isPartOf\":{\"@id\":\"https:\\\/\\\/nautilus.se\\\/#website\"},\"primaryImageOfPage\":{\"@id\":\"https:\\\/\\\/nautilus.se\\\/vinterforvaring-vattenskoter\\\/#primaryimage\"},\"image\":{\"@id\":\"https:\\\/\\\/nautilus.se\\\/vinterforvaring-vattenskoter\\\/#primaryimage\"},\"thumbnailUrl\":\"https:\\\/\\\/nautilus.se\\\/wp-content\\\/uploads\\\/2021\\\/08\\\/jetskihylla3.jpg\",\"datePublished\":\"2021-08-26T09:56:40+00:00\",\"dateModified\":\"2024-08-11T10:55:55+00:00\",\"description\":\"Vi erbjuder vinterf\u00f6rvaring vattenskoter i varmgarage p\u00e5 V\u00e4rmd\u00f6. Nautilus Boat Club ger dig ett enkelt b\u00e5tliv.\",\"breadcrumb\":{\"@id\":\"https:\\\/\\\/nautilus.se\\\/vinterforvaring-vattenskoter\\\/#breadcrumb\"},\"inLanguage\":\"en-US\",\"potentialAction\":[{\"@type\":\"ReadAction\",\"target\":[\"https:\\\/\\\/nautilus.se\\\/vinterforvaring-vattenskoter\\\/\"]}]},{\"@type\":\"ImageObject\",\"inLanguage\":\"en-US\",\"@id\":\"https:\\\/\\\/nautilus.se\\\/vinterforvaring-vattenskoter\\\/#primaryimage\",\"url\":\"https:\\\/\\\/nautilus.se\\\/wp-content\\\/uploads\\\/2021\\\/08\\\/jetskihylla3.jpg\",\"contentUrl\":\"https:\\\/\\\/nautilus.se\\\/wp-content\\\/uploads\\\/2021\\\/08\\\/jetskihylla3.jpg\",\"width\":1151,\"height\":645},{\"@type\":\"BreadcrumbList\",\"@id\":\"https:\\\/\\\/nautilus.se\\\/vinterforvaring-vattenskoter\\\/#breadcrumb\",\"itemListElement\":[{\"@type\":\"ListItem\",\"position\":1,\"name\":\"Home\",\"item\":\"https:\\\/\\\/nautilus.se\\\/\"},{\"@type\":\"ListItem\",\"position\":2,\"name\":\"Vinterf\u00f6rvaring vattenskoter\"}]},{\"@type\":\"WebSite\",\"@id\":\"https:\\\/\\\/nautilus.se\\\/#website\",\"url\":\"https:\\\/\\\/nautilus.se\\\/\",\"name\":\"Nautilus Boat Club\",\"description\":\"H\u00e4r kan du hyra b\u00e5t, dela b\u00e5t, del\u00e4ga b\u00e5t och vara med i b\u00e5tpool.\",\"publisher\":{\"@id\":\"https:\\\/\\\/nautilus.se\\\/#organization\"},\"potentialAction\":[{\"@type\":\"SearchAction\",\"target\":{\"@type\":\"EntryPoint\",\"urlTemplate\":\"https:\\\/\\\/nautilus.se\\\/?s={search_term_string}\"},\"query-input\":{\"@type\":\"PropertyValueSpecification\",\"valueRequired\":true,\"valueName\":\"search_term_string\"}}],\"inLanguage\":\"en-US\"},{\"@type\":\"Organization\",\"@id\":\"https:\\\/\\\/nautilus.se\\\/#organization\",\"name\":\"Nautilus Boat Club AB\",\"alternateName\":\"Nautilus Boat Club\",\"url\":\"https:\\\/\\\/nautilus.se\\\/\",\"logo\":{\"@type\":\"ImageObject\",\"inLanguage\":\"en-US\",\"@id\":\"https:\\\/\\\/nautilus.se\\\/#\\\/schema\\\/logo\\\/image\\\/\",\"url\":\"https:\\\/\\\/nautilus.se\\\/wp-content\\\/uploads\\\/2022\\\/10\\\/Nautilus-shell-blue-back-w-logo.png\",\"contentUrl\":\"https:\\\/\\\/nautilus.se\\\/wp-content\\\/uploads\\\/2022\\\/10\\\/Nautilus-shell-blue-back-w-logo.png\",\"width\":1755,\"height\":1130,\"caption\":\"Nautilus Boat Club AB\"},\"image\":{\"@id\":\"https:\\\/\\\/nautilus.se\\\/#\\\/schema\\\/logo\\\/image\\\/\"},\"sameAs\":[\"https:\\\/\\\/www.facebook.com\\\/nautilusboatclub\\\/\",\"https:\\\/\\\/www.instagram.com\\\/nautilusboatclub\\\/\",\"https:\\\/\\\/www.linkedin.com\\\/company\\\/4998214\\\/admin\\\/\",\"https:\\\/\\\/www.youtube.com\\\/channel\\\/UCrhrs3yv-t72B5igMm2keKQ\\\/videos?app=desktop\"]}]}<\/script>\n<!-- \/ Yoast SEO Premium plugin. -->","yoast_head_json":{"title":"Vinterf\u00f6rvaring vattenskoter","description":"Vi erbjuder vinterf\u00f6rvaring vattenskoter i varmgarage p\u00e5 V\u00e4rmd\u00f6. Nautilus Boat Club ger dig ett enkelt b\u00e5tliv.","robots":{"index":"index","follow":"follow","max-snippet":"max-snippet:-1","max-image-preview":"max-image-preview:large","max-video-preview":"max-video-preview:-1"},"canonical":"https:\/\/nautilus.se\/eng\/vinterforvaring-vattenskoter\/","og_locale":"en_US","og_type":"article","og_title":"Vinterf\u00f6rvaring vattenskoter","og_description":"Vi erbjuder vinterf\u00f6rvaring vattenskoter i varmgarage p\u00e5 V\u00e4rmd\u00f6. Nautilus Boat Club ger dig ett enkelt b\u00e5tliv.","og_url":"https:\/\/nautilus.se\/eng\/vinterforvaring-vattenskoter\/","og_site_name":"Nautilus Boat Club","article_publisher":"https:\/\/www.facebook.com\/nautilusboatclub\/","article_modified_time":"2024-08-11T10:55:55+00:00","og_image":[{"width":1151,"height":645,"url":"https:\/\/nautilus.se\/wp-content\/uploads\/2021\/08\/jetskihylla3.jpg","type":"image\/jpeg"}],"twitter_card":"summary_large_image","twitter_misc":{"Est. reading time":"1 minute"},"schema":{"@context":"https:\/\/schema.org","@graph":[{"@type":"WebPage","@id":"https:\/\/nautilus.se\/vinterforvaring-vattenskoter\/","url":"https:\/\/nautilus.se\/vinterforvaring-vattenskoter\/","name":"Vinterf\u00f6rvaring vattenskoter","isPartOf":{"@id":"https:\/\/nautilus.se\/#website"},"primaryImageOfPage":{"@id":"https:\/\/nautilus.se\/vinterforvaring-vattenskoter\/#primaryimage"},"image":{"@id":"https:\/\/nautilus.se\/vinterforvaring-vattenskoter\/#primaryimage"},"thumbnailUrl":"https:\/\/nautilus.se\/wp-content\/uploads\/2021\/08\/jetskihylla3.jpg","datePublished":"2021-08-26T09:56:40+00:00","dateModified":"2024-08-11T10:55:55+00:00","description":"Vi erbjuder vinterf\u00f6rvaring vattenskoter i varmgarage p\u00e5 V\u00e4rmd\u00f6. Nautilus Boat Club ger dig ett enkelt b\u00e5tliv.","breadcrumb":{"@id":"https:\/\/nautilus.se\/vinterforvaring-vattenskoter\/#breadcrumb"},"inLanguage":"en-US","potentialAction":[{"@type":"ReadAction","target":["https:\/\/nautilus.se\/vinterforvaring-vattenskoter\/"]}]},{"@type":"ImageObject","inLanguage":"en-US","@id":"https:\/\/nautilus.se\/vinterforvaring-vattenskoter\/#primaryimage","url":"https:\/\/nautilus.se\/wp-content\/uploads\/2021\/08\/jetskihylla3.jpg","contentUrl":"https:\/\/nautilus.se\/wp-content\/uploads\/2021\/08\/jetskihylla3.jpg","width":1151,"height":645},{"@type":"BreadcrumbList","@id":"https:\/\/nautilus.se\/vinterforvaring-vattenskoter\/#breadcrumb","itemListElement":[{"@type":"ListItem","position":1,"name":"Home","item":"https:\/\/nautilus.se\/"},{"@type":"ListItem","position":2,"name":"Vinterf\u00f6rvaring vattenskoter"}]},{"@type":"WebSite","@id":"https:\/\/nautilus.se\/#website","url":"https:\/\/nautilus.se\/","name":"Nautilus Boat Club","description":"H\u00e4r kan du hyra b\u00e5t, dela b\u00e5t, del\u00e4ga b\u00e5t och vara med i b\u00e5tpool.","publisher":{"@id":"https:\/\/nautilus.se\/#organization"},"potentialAction":[{"@type":"SearchAction","target":{"@type":"EntryPoint","urlTemplate":"https:\/\/nautilus.se\/?s={search_term_string}"},"query-input":{"@type":"PropertyValueSpecification","valueRequired":true,"valueName":"search_term_string"}}],"inLanguage":"en-US"},{"@type":"Organization","@id":"https:\/\/nautilus.se\/#organization","name":"Nautilus Boat Club AB","alternateName":"Nautilus Boat Club","url":"https:\/\/nautilus.se\/","logo":{"@type":"ImageObject","inLanguage":"en-US","@id":"https:\/\/nautilus.se\/#\/schema\/logo\/image\/","url":"https:\/\/nautilus.se\/wp-content\/uploads\/2022\/10\/Nautilus-shell-blue-back-w-logo.png","contentUrl":"https:\/\/nautilus.se\/wp-content\/uploads\/2022\/10\/Nautilus-shell-blue-back-w-logo.png","width":1755,"height":1130,"caption":"Nautilus Boat Club AB"},"image":{"@id":"https:\/\/nautilus.se\/#\/schema\/logo\/image\/"},"sameAs":["https:\/\/www.facebook.com\/nautilusboatclub\/","https:\/\/www.instagram.com\/nautilusboatclub\/","https:\/\/www.linkedin.com\/company\/4998214\/admin\/","https:\/\/www.youtube.com\/channel\/UCrhrs3yv-t72B5igMm2keKQ\/videos?app=desktop"]}]}},"_links":{"self":[{"href":"https:\/\/nautilus.se\/eng\/wp-json\/wp\/v2\/pages\/9360","targetHints":{"allow":["GET"]}}],"collection":[{"href":"https:\/\/nautilus.se\/eng\/wp-json\/wp\/v2\/pages"}],"about":[{"href":"https:\/\/nautilus.se\/eng\/wp-json\/wp\/v2\/types\/page"}],"author":[{"embeddable":true,"href":"https:\/\/nautilus.se\/eng\/wp-json\/wp\/v2\/users\/21"}],"replies":[{"embeddable":true,"href":"https:\/\/nautilus.se\/eng\/wp-json\/wp\/v2\/comments?post=9360"}],"version-history":[{"count":35,"href":"https:\/\/nautilus.se\/eng\/wp-json\/wp\/v2\/pages\/9360\/revisions"}],"predecessor-version":[{"id":26374,"href":"https:\/\/nautilus.se\/eng\/wp-json\/wp\/v2\/pages\/9360\/revisions\/26374"}],"wp:featuredmedia":[{"embeddable":true,"href":"https:\/\/nautilus.se\/eng\/wp-json\/wp\/v2\/media\/9392"}],"wp:attachment":[{"href":"https:\/\/nautilus.se\/eng\/wp-json\/wp\/v2\/media?parent=9360"}],"curies":[{"name":"wp","href":"https:\/\/api.w.org\/{rel}","templated":true}]}}