{"id":1307,"date":"2020-11-19T14:05:21","date_gmt":"2020-11-19T13:05:21","guid":{"rendered":"https:\/\/nautilus.se\/?post_type=product&#038;p=1307"},"modified":"2026-02-03T15:11:06","modified_gmt":"2026-02-03T13:11:06","slug":"hyr-bastuflotte","status":"publish","type":"product","link":"https:\/\/nautilus.se\/eng\/hyra-bat\/hyr-bastuflotte\/","title":{"rendered":"Book our archipelago sauna raft"},"content":{"rendered":"<div class=\"container\">\n<div class=\"left\">\n<p>Rent our sauna on the water in Gustavsberg! A sauna in the archipelago for relaxation and enjoyment.<\/p>\n<p>The sauna is bright, spacious and specially built for easy enjoyment of the combination of sauna and bathing. With large windows, an open layout for socializing and a separate area outside the sauna with a lunch group for cooling off and relaxation. The bathing deck in the middle of the raft is under a roof and niched, making it very private and weather-protected.<\/p>\n<p>Bring your family, friends or company for an extraordinary sauna experience!<\/p>\n<p class=\" translation-block\">Max antal bes\u00f6kare \u00e4r 8 personer.<br>\r\nBokningsbar kl 06.00 \u2013 22:00, 7 dagar i veckan.<br>\r\nBokas i pass om 2 timmar.<\/p>\n<\/div>\n<div class=\"left\">\n<p>Omkl\u00e4dningsrum med dusch och WC 50 meter fr\u00e5n bastun.<\/p>\n<p>Please note!<\/p>\n<ul>\n<li>You have to leave the sauna at least 5 minutes before the end time.<\/li>\n<li>You clean yourself before the next guest.<\/li>\n<li>Sit on a towal in the sauna<\/li>\n<li>Sauna ash\/birch ash is NOT allowed<\/li>\n<li>No food allowed on the raft<\/li>\n<li>Maximum of 8 people on the raft<\/li>\n<li>Sauna is preset to 80 degrees<\/li>\n<li>There's a smaller fridge for drinks<\/li>\n<li>Using the sauna and bathing takes place at your own risk<\/li>\n<li>All must be 18 or accompanied by a guardian<\/li>\n<li><strong>The code for the sauna and changing rooms is sent the day before your appointment.<\/strong><\/li>\n<li>Cancellation with full refund more than 24h before<\/li>\n<\/ul>\n<p>&nbsp;<\/p>\n<p>The changing rooms are public places!<\/p>\n<ul>\n<li>they may NOT be used for serving food or drinks<\/li>\n<li>they can be used MAX 30 minutes after your booked sauna time<\/li>\n<li>They are public and shared with other port guests, so please do not leave things unattended there!<\/li>\n<li>locks at 10:00 PM! After that you can get out, but not in<\/li>\n<\/ul>\n<\/div>\n<div class=\"right\">\n<p>&nbsp;<\/p>\n<p class=\" translation-block\">Prices<br>\nMonday-Thursday 6am-4pm: 500kr<br>\nMonday-Thursday 4pm-10pm: 900kr<\/p>\n<p style=\"text-align: left;\" class=\" translation-block\">Friday - Sunday 6am-12pm: 800kr<br>\nFriday - Sunday 12pm-8pm: 1200kr<br>\nFriday &amp; Saturday 8pm-10pm: 2000kr<br>\nSpecial prices for e.g. midday and public holidays.<\/p>\n<\/div>\n<\/div>\n<p>&nbsp;<\/p>\n<p>Sauna bathing both increases your well-being and makes you relaxed.<\/p>\n<p>Several studies, worldwide, show that regular sauna bathing brings several different health benefits. Saunas and cold baths have gained a lot of popularity around the world and in Sweden in recent years.<\/p>\n<p>The heat of the sauna improves blood circulation and the immune system, relieves stress and pain in the muscles, and has a relaxing effect both physically and mentally.<\/p>\n<div class=\"container\">\n<div class=\"right\">\n<p>Warmly welcome!<\/p>\n<p>&nbsp;<\/p>\n<\/div>\n<\/div>","protected":false},"excerpt":{"rendered":"<p><strong>First choose the date and then the time. Booked in 2 hour sessions.<br \/>\n<\/strong><\/p>","protected":false},"featured_media":6125,"template":"","meta":[],"product_brand":[],"product_cat":[88],"product_tag":[85],"class_list":{"0":"post-1307","1":"product","2":"type-product","3":"status-publish","4":"has-post-thumbnail","6":"product_cat-bastu","7":"product_tag-gustavsberg","9":"first","10":"instock","11":"virtual","12":"sold-individually","13":"taxable","14":"purchasable","15":"product-type-booking"},"booking_location":"","booking_location_type":"","booking_duration":2,"booking_duration_unit":"hour","booking_buffer":0,"booking_cost":500,"booking_resources":[1314],"exclude_global_add_ons":[],"addons":[],"yoast_head":"<!-- This site is optimized with the Yoast SEO Premium plugin v27.4 (Yoast SEO v27.5) - https:\/\/yoast.com\/product\/yoast-seo-premium-wordpress\/ -->\n<title>Hyra Bastuflotte i Gustavsberg \u2013 Unik Bastuupplevelse p\u00e5 Vattnet<\/title>\n<meta name=\"description\" content=\"Upplev bastubad p\u00e5 vattnet i Gustavsberg! Boka din bastuflotte f\u00f6r v\u00e4nner, familj eller f\u00f6retag. Enkel onlinebokning \u2013 s\u00e4kra din tid idag!\" \/>\n<meta name=\"robots\" content=\"index, follow, max-snippet:-1, max-image-preview:large, max-video-preview:-1\" \/>\n<link rel=\"canonical\" href=\"https:\/\/nautilus.se\/eng\/hyra-bat\/hyr-bastuflotte\/\" \/>\n<meta property=\"og:locale\" content=\"en_US\" \/>\n<meta property=\"og:type\" content=\"article\" \/>\n<meta property=\"og:title\" content=\"Hyr bastuflotte i Gustavsberg\" \/>\n<meta property=\"og:description\" content=\"Upplev bastubad p\u00e5 vattnet i Gustavsberg! Boka din bastuflotte f\u00f6r v\u00e4nner, familj eller f\u00f6retag. Enkel onlinebokning \u2013 s\u00e4kra din tid idag!\" \/>\n<meta property=\"og:url\" content=\"https:\/\/nautilus.se\/eng\/hyra-bat\/hyr-bastuflotte\/\" \/>\n<meta property=\"og:site_name\" content=\"Nautilus Boat Club\" \/>\n<meta property=\"article:publisher\" content=\"https:\/\/www.facebook.com\/nautilusboatclub\/\" \/>\n<meta property=\"article:modified_time\" content=\"2026-02-03T13:11:06+00:00\" \/>\n<meta property=\"og:image\" content=\"https:\/\/nautilus.se\/wp-content\/uploads\/2021\/05\/shutterstock_bastu-e1621792796121.jpg\" \/>\n\t<meta property=\"og:image:width\" content=\"500\" \/>\n\t<meta property=\"og:image:height\" content=\"500\" \/>\n\t<meta property=\"og:image:type\" content=\"image\/jpeg\" \/>\n<meta name=\"twitter:card\" content=\"summary_large_image\" \/>\n<meta name=\"twitter:label1\" content=\"Est. reading time\" \/>\n\t<meta name=\"twitter:data1\" content=\"2 minutes\" \/>\n<script type=\"application\/ld+json\" class=\"yoast-schema-graph\">{\"@context\":\"https:\\\/\\\/schema.org\",\"@graph\":[{\"@type\":\"WebPage\",\"@id\":\"https:\\\/\\\/nautilus.se\\\/hyra-bat\\\/hyr-bastuflotte\\\/\",\"url\":\"https:\\\/\\\/nautilus.se\\\/hyra-bat\\\/hyr-bastuflotte\\\/\",\"name\":\"Hyra Bastuflotte i Gustavsberg \u2013 Unik Bastuupplevelse p\u00e5 Vattnet\",\"isPartOf\":{\"@id\":\"https:\\\/\\\/nautilus.se\\\/#website\"},\"primaryImageOfPage\":{\"@id\":\"https:\\\/\\\/nautilus.se\\\/hyra-bat\\\/hyr-bastuflotte\\\/#primaryimage\"},\"image\":{\"@id\":\"https:\\\/\\\/nautilus.se\\\/hyra-bat\\\/hyr-bastuflotte\\\/#primaryimage\"},\"thumbnailUrl\":\"https:\\\/\\\/nautilus.se\\\/wp-content\\\/uploads\\\/2021\\\/05\\\/shutterstock_bastu-e1621792796121.jpg\",\"datePublished\":\"2020-11-19T13:05:21+00:00\",\"dateModified\":\"2026-02-03T13:11:06+00:00\",\"description\":\"Upplev bastubad p\u00e5 vattnet i Gustavsberg! Boka din bastuflotte f\u00f6r v\u00e4nner, familj eller f\u00f6retag. Enkel onlinebokning \u2013 s\u00e4kra din tid idag!\",\"breadcrumb\":{\"@id\":\"https:\\\/\\\/nautilus.se\\\/hyra-bat\\\/hyr-bastuflotte\\\/#breadcrumb\"},\"inLanguage\":\"en-US\",\"potentialAction\":[{\"@type\":\"ReadAction\",\"target\":[\"https:\\\/\\\/nautilus.se\\\/hyra-bat\\\/hyr-bastuflotte\\\/\"]}]},{\"@type\":\"ImageObject\",\"inLanguage\":\"en-US\",\"@id\":\"https:\\\/\\\/nautilus.se\\\/hyra-bat\\\/hyr-bastuflotte\\\/#primaryimage\",\"url\":\"https:\\\/\\\/nautilus.se\\\/wp-content\\\/uploads\\\/2021\\\/05\\\/shutterstock_bastu-e1621792796121.jpg\",\"contentUrl\":\"https:\\\/\\\/nautilus.se\\\/wp-content\\\/uploads\\\/2021\\\/05\\\/shutterstock_bastu-e1621792796121.jpg\",\"width\":500,\"height\":500,\"caption\":\"Hyra bastuflotte Gustavsberg\"},{\"@type\":\"BreadcrumbList\",\"@id\":\"https:\\\/\\\/nautilus.se\\\/hyra-bat\\\/hyr-bastuflotte\\\/#breadcrumb\",\"itemListElement\":[{\"@type\":\"ListItem\",\"position\":1,\"name\":\"Home\",\"item\":\"https:\\\/\\\/nautilus.se\\\/\"},{\"@type\":\"ListItem\",\"position\":2,\"name\":\"Hyr b\u00e5t enkelt och tryggt\",\"item\":\"https:\\\/\\\/nautilus.se\\\/hyra-bat-old\\\/\"},{\"@type\":\"ListItem\",\"position\":3,\"name\":\"Hyr bastuflotte i Gustavsberg\"}]},{\"@type\":\"WebSite\",\"@id\":\"https:\\\/\\\/nautilus.se\\\/#website\",\"url\":\"https:\\\/\\\/nautilus.se\\\/\",\"name\":\"Nautilus Boat Club\",\"description\":\"H\u00e4r kan du hyra b\u00e5t, dela b\u00e5t, del\u00e4ga b\u00e5t och vara med i b\u00e5tpool.\",\"publisher\":{\"@id\":\"https:\\\/\\\/nautilus.se\\\/#organization\"},\"potentialAction\":[{\"@type\":\"SearchAction\",\"target\":{\"@type\":\"EntryPoint\",\"urlTemplate\":\"https:\\\/\\\/nautilus.se\\\/?s={search_term_string}\"},\"query-input\":{\"@type\":\"PropertyValueSpecification\",\"valueRequired\":true,\"valueName\":\"search_term_string\"}}],\"inLanguage\":\"en-US\"},{\"@type\":\"Organization\",\"@id\":\"https:\\\/\\\/nautilus.se\\\/#organization\",\"name\":\"Nautilus Boat Club AB\",\"alternateName\":\"Nautilus Boat Club\",\"url\":\"https:\\\/\\\/nautilus.se\\\/\",\"logo\":{\"@type\":\"ImageObject\",\"inLanguage\":\"en-US\",\"@id\":\"https:\\\/\\\/nautilus.se\\\/#\\\/schema\\\/logo\\\/image\\\/\",\"url\":\"https:\\\/\\\/nautilus.se\\\/wp-content\\\/uploads\\\/2022\\\/10\\\/Nautilus-shell-blue-back-w-logo.png\",\"contentUrl\":\"https:\\\/\\\/nautilus.se\\\/wp-content\\\/uploads\\\/2022\\\/10\\\/Nautilus-shell-blue-back-w-logo.png\",\"width\":1755,\"height\":1130,\"caption\":\"Nautilus Boat Club AB\"},\"image\":{\"@id\":\"https:\\\/\\\/nautilus.se\\\/#\\\/schema\\\/logo\\\/image\\\/\"},\"sameAs\":[\"https:\\\/\\\/www.facebook.com\\\/nautilusboatclub\\\/\",\"https:\\\/\\\/www.instagram.com\\\/nautilusboatclub\\\/\",\"https:\\\/\\\/www.linkedin.com\\\/company\\\/4998214\\\/admin\\\/\",\"https:\\\/\\\/www.youtube.com\\\/channel\\\/UCrhrs3yv-t72B5igMm2keKQ\\\/videos?app=desktop\"]}]}<\/script>\n<!-- \/ Yoast SEO Premium plugin. -->","yoast_head_json":{"title":"Hyra Bastuflotte i Gustavsberg \u2013 Unik Bastuupplevelse p\u00e5 Vattnet","description":"Upplev bastubad p\u00e5 vattnet i Gustavsberg! Boka din bastuflotte f\u00f6r v\u00e4nner, familj eller f\u00f6retag. Enkel onlinebokning \u2013 s\u00e4kra din tid idag!","robots":{"index":"index","follow":"follow","max-snippet":"max-snippet:-1","max-image-preview":"max-image-preview:large","max-video-preview":"max-video-preview:-1"},"canonical":"https:\/\/nautilus.se\/eng\/hyra-bat\/hyr-bastuflotte\/","og_locale":"en_US","og_type":"article","og_title":"Hyr bastuflotte i Gustavsberg","og_description":"Upplev bastubad p\u00e5 vattnet i Gustavsberg! Boka din bastuflotte f\u00f6r v\u00e4nner, familj eller f\u00f6retag. Enkel onlinebokning \u2013 s\u00e4kra din tid idag!","og_url":"https:\/\/nautilus.se\/eng\/hyra-bat\/hyr-bastuflotte\/","og_site_name":"Nautilus Boat Club","article_publisher":"https:\/\/www.facebook.com\/nautilusboatclub\/","article_modified_time":"2026-02-03T13:11:06+00:00","og_image":[{"width":500,"height":500,"url":"https:\/\/nautilus.se\/wp-content\/uploads\/2021\/05\/shutterstock_bastu-e1621792796121.jpg","type":"image\/jpeg"}],"twitter_card":"summary_large_image","twitter_misc":{"Est. reading time":"2 minutes"},"schema":{"@context":"https:\/\/schema.org","@graph":[{"@type":"WebPage","@id":"https:\/\/nautilus.se\/hyra-bat\/hyr-bastuflotte\/","url":"https:\/\/nautilus.se\/hyra-bat\/hyr-bastuflotte\/","name":"Hyra Bastuflotte i Gustavsberg \u2013 Unik Bastuupplevelse p\u00e5 Vattnet","isPartOf":{"@id":"https:\/\/nautilus.se\/#website"},"primaryImageOfPage":{"@id":"https:\/\/nautilus.se\/hyra-bat\/hyr-bastuflotte\/#primaryimage"},"image":{"@id":"https:\/\/nautilus.se\/hyra-bat\/hyr-bastuflotte\/#primaryimage"},"thumbnailUrl":"https:\/\/nautilus.se\/wp-content\/uploads\/2021\/05\/shutterstock_bastu-e1621792796121.jpg","datePublished":"2020-11-19T13:05:21+00:00","dateModified":"2026-02-03T13:11:06+00:00","description":"Upplev bastubad p\u00e5 vattnet i Gustavsberg! Boka din bastuflotte f\u00f6r v\u00e4nner, familj eller f\u00f6retag. Enkel onlinebokning \u2013 s\u00e4kra din tid idag!","breadcrumb":{"@id":"https:\/\/nautilus.se\/hyra-bat\/hyr-bastuflotte\/#breadcrumb"},"inLanguage":"en-US","potentialAction":[{"@type":"ReadAction","target":["https:\/\/nautilus.se\/hyra-bat\/hyr-bastuflotte\/"]}]},{"@type":"ImageObject","inLanguage":"en-US","@id":"https:\/\/nautilus.se\/hyra-bat\/hyr-bastuflotte\/#primaryimage","url":"https:\/\/nautilus.se\/wp-content\/uploads\/2021\/05\/shutterstock_bastu-e1621792796121.jpg","contentUrl":"https:\/\/nautilus.se\/wp-content\/uploads\/2021\/05\/shutterstock_bastu-e1621792796121.jpg","width":500,"height":500,"caption":"Hyra bastuflotte Gustavsberg"},{"@type":"BreadcrumbList","@id":"https:\/\/nautilus.se\/hyra-bat\/hyr-bastuflotte\/#breadcrumb","itemListElement":[{"@type":"ListItem","position":1,"name":"Home","item":"https:\/\/nautilus.se\/"},{"@type":"ListItem","position":2,"name":"Hyr b\u00e5t enkelt och tryggt","item":"https:\/\/nautilus.se\/hyra-bat-old\/"},{"@type":"ListItem","position":3,"name":"Hyr bastuflotte i Gustavsberg"}]},{"@type":"WebSite","@id":"https:\/\/nautilus.se\/#website","url":"https:\/\/nautilus.se\/","name":"Nautilus Boat Club","description":"H\u00e4r kan du hyra b\u00e5t, dela b\u00e5t, del\u00e4ga b\u00e5t och vara med i b\u00e5tpool.","publisher":{"@id":"https:\/\/nautilus.se\/#organization"},"potentialAction":[{"@type":"SearchAction","target":{"@type":"EntryPoint","urlTemplate":"https:\/\/nautilus.se\/?s={search_term_string}"},"query-input":{"@type":"PropertyValueSpecification","valueRequired":true,"valueName":"search_term_string"}}],"inLanguage":"en-US"},{"@type":"Organization","@id":"https:\/\/nautilus.se\/#organization","name":"Nautilus Boat Club AB","alternateName":"Nautilus Boat Club","url":"https:\/\/nautilus.se\/","logo":{"@type":"ImageObject","inLanguage":"en-US","@id":"https:\/\/nautilus.se\/#\/schema\/logo\/image\/","url":"https:\/\/nautilus.se\/wp-content\/uploads\/2022\/10\/Nautilus-shell-blue-back-w-logo.png","contentUrl":"https:\/\/nautilus.se\/wp-content\/uploads\/2022\/10\/Nautilus-shell-blue-back-w-logo.png","width":1755,"height":1130,"caption":"Nautilus Boat Club AB"},"image":{"@id":"https:\/\/nautilus.se\/#\/schema\/logo\/image\/"},"sameAs":["https:\/\/www.facebook.com\/nautilusboatclub\/","https:\/\/www.instagram.com\/nautilusboatclub\/","https:\/\/www.linkedin.com\/company\/4998214\/admin\/","https:\/\/www.youtube.com\/channel\/UCrhrs3yv-t72B5igMm2keKQ\/videos?app=desktop"]}]}},"_links":{"self":[{"href":"https:\/\/nautilus.se\/eng\/wp-json\/wp\/v2\/product\/1307","targetHints":{"allow":["GET"]}}],"collection":[{"href":"https:\/\/nautilus.se\/eng\/wp-json\/wp\/v2\/product"}],"about":[{"href":"https:\/\/nautilus.se\/eng\/wp-json\/wp\/v2\/types\/product"}],"version-history":[{"count":22,"href":"https:\/\/nautilus.se\/eng\/wp-json\/wp\/v2\/product\/1307\/revisions"}],"predecessor-version":[{"id":31921,"href":"https:\/\/nautilus.se\/eng\/wp-json\/wp\/v2\/product\/1307\/revisions\/31921"}],"wp:featuredmedia":[{"embeddable":true,"href":"https:\/\/nautilus.se\/eng\/wp-json\/wp\/v2\/media\/6125"}],"wp:attachment":[{"href":"https:\/\/nautilus.se\/eng\/wp-json\/wp\/v2\/media?parent=1307"}],"wp:term":[{"taxonomy":"product_brand","embeddable":true,"href":"https:\/\/nautilus.se\/eng\/wp-json\/wp\/v2\/product_brand?post=1307"},{"taxonomy":"product_cat","embeddable":true,"href":"https:\/\/nautilus.se\/eng\/wp-json\/wp\/v2\/product_cat?post=1307"},{"taxonomy":"product_tag","embeddable":true,"href":"https:\/\/nautilus.se\/eng\/wp-json\/wp\/v2\/product_tag?post=1307"}],"curies":[{"name":"wp","href":"https:\/\/api.w.org\/{rel}","templated":true}]}}