{"id":13390,"date":"2022-02-17T14:09:27","date_gmt":"2022-02-17T13:09:27","guid":{"rendered":"https:\/\/nautilus.se\/?post_type=product&#038;p=13390"},"modified":"2024-04-22T19:42:14","modified_gmt":"2024-04-22T18:42:14","slug":"flex-abonnemang","status":"publish","type":"product","link":"https:\/\/nautilus.se\/eng\/hyra-bat\/flex-abonnemang\/","title":{"rendered":"FLEX-B\u00e5tabonnemang"},"content":{"rendered":"<p>Ett v\u00e4ldigt enkelt flexibelt och prisv\u00e4rt alternativ f\u00f6r dig som vill ha enkel tillg\u00e5ng till b\u00e5t, men \u00e4r os\u00e4ker p\u00e5 hur mycket du kommer kunna boka. Du binder dig bara p\u00e5 en s\u00e4song i taget.<\/p>\n<p>Ut\u00f6ver \u00e5rsavgiften p\u00e5 5000kr betalar du en bokningsavgift n\u00e4r du bokar b\u00e5t. Denna \u00e4r 5-50% billigare \u00e4n om du hyr utan abonnemang.<\/p>\n<p>&nbsp;<\/p>\n<p>Includes<\/p>\n<ul>\n<li>Pay and Go booking<\/li>\n<li>One booking at a time<\/li>\n<li>Segel- och motorb\u00e5tar<\/li>\n<li>Jet ski, kayak, SUP, etc<\/li>\n<li>Sj\u00f6assistens och Premium Assistens<\/li>\n<\/ul>\n<p>&nbsp;<\/p>\n<p>F\u00f6rdelar med abonnemang j\u00e4mf\u00f6rt att hyra b\u00e5t<\/p>\n<ul>\n<li>access to all the bots in the fleet<\/li>\n<li>h\u00e4mta och l\u00e4mna b\u00e5t sj\u00e4lv, den tid du vill<\/li>\n<li>ingen administration vid h\u00e4mtning\/l\u00e4mning av b\u00e5t<\/li>\n<li>&gt;50% billigare \u00e4n att hyra utan abonnemang<\/li>\n<\/ul>\n<p>&nbsp;<\/p>\n<p>F\u00f6r att teckna abonnemang g\u00e4ller<\/p>\n<ul>\n<li>you must be a private person<\/li>\n<li>have a Swedish social security number<\/li>\n<li>minst 25 \u00e5r gammal<\/li>\n<li>ha l\u00e4gst F\u00f6rarintyg och god erfarenhet av b\u00e5tar motsvarande de du kommer boka<\/li>\n<li>eller anm\u00e4la dig till v\u00e5r introduktionsutbildning<\/li>\n<\/ul>\n<p>&nbsp;<\/p>\n<p>L\u00e4ngden p\u00e5 respektive bokning framg\u00e5r per b\u00e5t. Sm\u00e5 b\u00e5tar kan bokas tex 1 dag i taget och st\u00f6rre b\u00e5tar upp till 14 dagar per bokning som l\u00e4ngst.<\/p>","protected":false},"excerpt":{"rendered":"<p>Eng\u00e5ngsbetalning \u00c5rsavgift.<\/p>","protected":false},"featured_media":13238,"template":"","meta":[],"product_brand":[],"product_cat":[143],"product_tag":[],"class_list":{"0":"post-13390","1":"product","2":"type-product","3":"status-publish","4":"has-post-thumbnail","6":"product_cat-medlemskap","8":"first","9":"instock","10":"virtual","11":"taxable","12":"purchasable","13":"product-type-simple"},"booking_location":null,"booking_location_type":null,"booking_duration":null,"booking_duration_unit":null,"booking_buffer":null,"booking_cost":null,"booking_resources":null,"exclude_global_add_ons":false,"addons":[{"name":"\u00c5lder","type":"checkbox","position":0,"required":true,"title_format":"label","default":"","description_enable":false,"description":"","placeholder_enable":false,"placeholder":"","display":"select","restrictions_type":"any_text","adjust_price":false,"price":"","price_type":"flat_fee","restrictions":false,"min":"0","max":"0","options":[{"label":"Jag \u00e4r 25\u00e5r eller \u00e4ldre","price":"","price_type":"flat_fee","image":0,"visibility":true}]},{"name":"B\u00e5terfarnehet","type":"multiple_choice","position":1,"required":true,"title_format":"label","default":"","description_enable":false,"description":"","placeholder_enable":false,"placeholder":"","display":"select","restrictions_type":"any_text","adjust_price":false,"price":"","price_type":"flat_fee","restrictions":false,"min":"0","max":"0","options":[{"label":"Jag har god b\u00e5tvana och F\u00f6rarintyg eller motsvarande","price":"","price_type":"flat_fee","image":0,"visibility":true},{"label":"Jag har god b\u00e5tvana men inget intyg","price":"","price_type":"flat_fee","image":0,"visibility":true},{"label":"Jag har lite\/ingen erfarenhet men F\u00f6rarintyg eller motsvarande","price":"","price_type":"flat_fee","image":0,"visibility":true},{"label":"Jag har varken b\u00e5tvana eller intyg","price":"","price_type":"flat_fee","image":0,"visibility":true}]}],"yoast_head":"<!-- This site is optimized with the Yoast SEO Premium plugin v27.4 (Yoast SEO v27.5) - https:\/\/yoast.com\/product\/yoast-seo-premium-wordpress\/ -->\n<title>FLEX-B\u00e5tabonnemang | Nautilus Boat Club<\/title>\n<meta name=\"robots\" content=\"index, follow, max-snippet:-1, max-image-preview:large, max-video-preview:-1\" \/>\n<link rel=\"canonical\" href=\"https:\/\/nautilus.se\/eng\/hyra-bat\/flex-abonnemang\/\" \/>\n<meta property=\"og:locale\" content=\"en_US\" \/>\n<meta property=\"og:type\" content=\"article\" \/>\n<meta property=\"og:title\" content=\"FLEX-B\u00e5tabonnemang\" \/>\n<meta property=\"og:description\" content=\"Eng\u00e5ngsbetalning \u00c5rsavgift.\" \/>\n<meta property=\"og:url\" content=\"https:\/\/nautilus.se\/eng\/hyra-bat\/flex-abonnemang\/\" \/>\n<meta property=\"og:site_name\" content=\"Nautilus Boat Club\" \/>\n<meta property=\"article:publisher\" content=\"https:\/\/www.facebook.com\/nautilusboatclub\/\" \/>\n<meta property=\"article:modified_time\" content=\"2024-04-22T18:42:14+00:00\" \/>\n<meta property=\"og:image\" content=\"https:\/\/nautilus.se\/wp-content\/uploads\/2022\/02\/Uttern-T53f.jpg\" \/>\n\t<meta property=\"og:image:width\" content=\"1280\" \/>\n\t<meta property=\"og:image:height\" content=\"720\" \/>\n\t<meta property=\"og:image:type\" content=\"image\/jpeg\" \/>\n<meta name=\"twitter:card\" content=\"summary_large_image\" \/>\n<meta name=\"twitter:label1\" content=\"Est. reading time\" \/>\n\t<meta name=\"twitter:data1\" content=\"1 minute\" \/>\n<script type=\"application\/ld+json\" class=\"yoast-schema-graph\">{\"@context\":\"https:\\\/\\\/schema.org\",\"@graph\":[{\"@type\":\"WebPage\",\"@id\":\"https:\\\/\\\/nautilus.se\\\/hyra-bat\\\/flex-abonnemang\\\/\",\"url\":\"https:\\\/\\\/nautilus.se\\\/hyra-bat\\\/flex-abonnemang\\\/\",\"name\":\"FLEX-B\u00e5tabonnemang | Nautilus Boat Club\",\"isPartOf\":{\"@id\":\"https:\\\/\\\/nautilus.se\\\/#website\"},\"primaryImageOfPage\":{\"@id\":\"https:\\\/\\\/nautilus.se\\\/hyra-bat\\\/flex-abonnemang\\\/#primaryimage\"},\"image\":{\"@id\":\"https:\\\/\\\/nautilus.se\\\/hyra-bat\\\/flex-abonnemang\\\/#primaryimage\"},\"thumbnailUrl\":\"https:\\\/\\\/nautilus.se\\\/wp-content\\\/uploads\\\/2022\\\/02\\\/Uttern-T53f.jpg\",\"datePublished\":\"2022-02-17T13:09:27+00:00\",\"dateModified\":\"2024-04-22T18:42:14+00:00\",\"breadcrumb\":{\"@id\":\"https:\\\/\\\/nautilus.se\\\/hyra-bat\\\/flex-abonnemang\\\/#breadcrumb\"},\"inLanguage\":\"en-US\",\"potentialAction\":[{\"@type\":\"ReadAction\",\"target\":[\"https:\\\/\\\/nautilus.se\\\/hyra-bat\\\/flex-abonnemang\\\/\"]}]},{\"@type\":\"ImageObject\",\"inLanguage\":\"en-US\",\"@id\":\"https:\\\/\\\/nautilus.se\\\/hyra-bat\\\/flex-abonnemang\\\/#primaryimage\",\"url\":\"https:\\\/\\\/nautilus.se\\\/wp-content\\\/uploads\\\/2022\\\/02\\\/Uttern-T53f.jpg\",\"contentUrl\":\"https:\\\/\\\/nautilus.se\\\/wp-content\\\/uploads\\\/2022\\\/02\\\/Uttern-T53f.jpg\",\"width\":1280,\"height\":720,\"caption\":\"Uttern T53f\"},{\"@type\":\"BreadcrumbList\",\"@id\":\"https:\\\/\\\/nautilus.se\\\/hyra-bat\\\/flex-abonnemang\\\/#breadcrumb\",\"itemListElement\":[{\"@type\":\"ListItem\",\"position\":1,\"name\":\"Home\",\"item\":\"https:\\\/\\\/nautilus.se\\\/\"},{\"@type\":\"ListItem\",\"position\":2,\"name\":\"Hyr b\u00e5t enkelt och tryggt\",\"item\":\"https:\\\/\\\/nautilus.se\\\/hyra-bat-old\\\/\"},{\"@type\":\"ListItem\",\"position\":3,\"name\":\"FLEX-B\u00e5tabonnemang\"}]},{\"@type\":\"WebSite\",\"@id\":\"https:\\\/\\\/nautilus.se\\\/#website\",\"url\":\"https:\\\/\\\/nautilus.se\\\/\",\"name\":\"Nautilus Boat Club\",\"description\":\"H\u00e4r kan du hyra b\u00e5t, dela b\u00e5t, del\u00e4ga b\u00e5t och vara med i b\u00e5tpool.\",\"publisher\":{\"@id\":\"https:\\\/\\\/nautilus.se\\\/#organization\"},\"potentialAction\":[{\"@type\":\"SearchAction\",\"target\":{\"@type\":\"EntryPoint\",\"urlTemplate\":\"https:\\\/\\\/nautilus.se\\\/?s={search_term_string}\"},\"query-input\":{\"@type\":\"PropertyValueSpecification\",\"valueRequired\":true,\"valueName\":\"search_term_string\"}}],\"inLanguage\":\"en-US\"},{\"@type\":\"Organization\",\"@id\":\"https:\\\/\\\/nautilus.se\\\/#organization\",\"name\":\"Nautilus Boat Club AB\",\"alternateName\":\"Nautilus Boat Club\",\"url\":\"https:\\\/\\\/nautilus.se\\\/\",\"logo\":{\"@type\":\"ImageObject\",\"inLanguage\":\"en-US\",\"@id\":\"https:\\\/\\\/nautilus.se\\\/#\\\/schema\\\/logo\\\/image\\\/\",\"url\":\"https:\\\/\\\/nautilus.se\\\/wp-content\\\/uploads\\\/2022\\\/10\\\/Nautilus-shell-blue-back-w-logo.png\",\"contentUrl\":\"https:\\\/\\\/nautilus.se\\\/wp-content\\\/uploads\\\/2022\\\/10\\\/Nautilus-shell-blue-back-w-logo.png\",\"width\":1755,\"height\":1130,\"caption\":\"Nautilus Boat Club AB\"},\"image\":{\"@id\":\"https:\\\/\\\/nautilus.se\\\/#\\\/schema\\\/logo\\\/image\\\/\"},\"sameAs\":[\"https:\\\/\\\/www.facebook.com\\\/nautilusboatclub\\\/\",\"https:\\\/\\\/www.instagram.com\\\/nautilusboatclub\\\/\",\"https:\\\/\\\/www.linkedin.com\\\/company\\\/4998214\\\/admin\\\/\",\"https:\\\/\\\/www.youtube.com\\\/channel\\\/UCrhrs3yv-t72B5igMm2keKQ\\\/videos?app=desktop\"]}]}<\/script>\n<!-- \/ Yoast SEO Premium plugin. -->","yoast_head_json":{"title":"FLEX-B\u00e5tabonnemang | Nautilus Boat Club","robots":{"index":"index","follow":"follow","max-snippet":"max-snippet:-1","max-image-preview":"max-image-preview:large","max-video-preview":"max-video-preview:-1"},"canonical":"https:\/\/nautilus.se\/eng\/hyra-bat\/flex-abonnemang\/","og_locale":"en_US","og_type":"article","og_title":"FLEX-B\u00e5tabonnemang","og_description":"Eng\u00e5ngsbetalning \u00c5rsavgift.","og_url":"https:\/\/nautilus.se\/eng\/hyra-bat\/flex-abonnemang\/","og_site_name":"Nautilus Boat Club","article_publisher":"https:\/\/www.facebook.com\/nautilusboatclub\/","article_modified_time":"2024-04-22T18:42:14+00:00","og_image":[{"width":1280,"height":720,"url":"https:\/\/nautilus.se\/wp-content\/uploads\/2022\/02\/Uttern-T53f.jpg","type":"image\/jpeg"}],"twitter_card":"summary_large_image","twitter_misc":{"Est. reading time":"1 minute"},"schema":{"@context":"https:\/\/schema.org","@graph":[{"@type":"WebPage","@id":"https:\/\/nautilus.se\/hyra-bat\/flex-abonnemang\/","url":"https:\/\/nautilus.se\/hyra-bat\/flex-abonnemang\/","name":"FLEX-B\u00e5tabonnemang | Nautilus Boat Club","isPartOf":{"@id":"https:\/\/nautilus.se\/#website"},"primaryImageOfPage":{"@id":"https:\/\/nautilus.se\/hyra-bat\/flex-abonnemang\/#primaryimage"},"image":{"@id":"https:\/\/nautilus.se\/hyra-bat\/flex-abonnemang\/#primaryimage"},"thumbnailUrl":"https:\/\/nautilus.se\/wp-content\/uploads\/2022\/02\/Uttern-T53f.jpg","datePublished":"2022-02-17T13:09:27+00:00","dateModified":"2024-04-22T18:42:14+00:00","breadcrumb":{"@id":"https:\/\/nautilus.se\/hyra-bat\/flex-abonnemang\/#breadcrumb"},"inLanguage":"en-US","potentialAction":[{"@type":"ReadAction","target":["https:\/\/nautilus.se\/hyra-bat\/flex-abonnemang\/"]}]},{"@type":"ImageObject","inLanguage":"en-US","@id":"https:\/\/nautilus.se\/hyra-bat\/flex-abonnemang\/#primaryimage","url":"https:\/\/nautilus.se\/wp-content\/uploads\/2022\/02\/Uttern-T53f.jpg","contentUrl":"https:\/\/nautilus.se\/wp-content\/uploads\/2022\/02\/Uttern-T53f.jpg","width":1280,"height":720,"caption":"Uttern T53f"},{"@type":"BreadcrumbList","@id":"https:\/\/nautilus.se\/hyra-bat\/flex-abonnemang\/#breadcrumb","itemListElement":[{"@type":"ListItem","position":1,"name":"Home","item":"https:\/\/nautilus.se\/"},{"@type":"ListItem","position":2,"name":"Hyr b\u00e5t enkelt och tryggt","item":"https:\/\/nautilus.se\/hyra-bat-old\/"},{"@type":"ListItem","position":3,"name":"FLEX-B\u00e5tabonnemang"}]},{"@type":"WebSite","@id":"https:\/\/nautilus.se\/#website","url":"https:\/\/nautilus.se\/","name":"Nautilus Boat Club","description":"H\u00e4r kan du hyra b\u00e5t, dela b\u00e5t, del\u00e4ga b\u00e5t och vara med i b\u00e5tpool.","publisher":{"@id":"https:\/\/nautilus.se\/#organization"},"potentialAction":[{"@type":"SearchAction","target":{"@type":"EntryPoint","urlTemplate":"https:\/\/nautilus.se\/?s={search_term_string}"},"query-input":{"@type":"PropertyValueSpecification","valueRequired":true,"valueName":"search_term_string"}}],"inLanguage":"en-US"},{"@type":"Organization","@id":"https:\/\/nautilus.se\/#organization","name":"Nautilus Boat Club AB","alternateName":"Nautilus Boat Club","url":"https:\/\/nautilus.se\/","logo":{"@type":"ImageObject","inLanguage":"en-US","@id":"https:\/\/nautilus.se\/#\/schema\/logo\/image\/","url":"https:\/\/nautilus.se\/wp-content\/uploads\/2022\/10\/Nautilus-shell-blue-back-w-logo.png","contentUrl":"https:\/\/nautilus.se\/wp-content\/uploads\/2022\/10\/Nautilus-shell-blue-back-w-logo.png","width":1755,"height":1130,"caption":"Nautilus Boat Club AB"},"image":{"@id":"https:\/\/nautilus.se\/#\/schema\/logo\/image\/"},"sameAs":["https:\/\/www.facebook.com\/nautilusboatclub\/","https:\/\/www.instagram.com\/nautilusboatclub\/","https:\/\/www.linkedin.com\/company\/4998214\/admin\/","https:\/\/www.youtube.com\/channel\/UCrhrs3yv-t72B5igMm2keKQ\/videos?app=desktop"]}]}},"_links":{"self":[{"href":"https:\/\/nautilus.se\/eng\/wp-json\/wp\/v2\/product\/13390","targetHints":{"allow":["GET"]}}],"collection":[{"href":"https:\/\/nautilus.se\/eng\/wp-json\/wp\/v2\/product"}],"about":[{"href":"https:\/\/nautilus.se\/eng\/wp-json\/wp\/v2\/types\/product"}],"version-history":[{"count":2,"href":"https:\/\/nautilus.se\/eng\/wp-json\/wp\/v2\/product\/13390\/revisions"}],"predecessor-version":[{"id":13777,"href":"https:\/\/nautilus.se\/eng\/wp-json\/wp\/v2\/product\/13390\/revisions\/13777"}],"wp:featuredmedia":[{"embeddable":true,"href":"https:\/\/nautilus.se\/eng\/wp-json\/wp\/v2\/media\/13238"}],"wp:attachment":[{"href":"https:\/\/nautilus.se\/eng\/wp-json\/wp\/v2\/media?parent=13390"}],"wp:term":[{"taxonomy":"product_brand","embeddable":true,"href":"https:\/\/nautilus.se\/eng\/wp-json\/wp\/v2\/product_brand?post=13390"},{"taxonomy":"product_cat","embeddable":true,"href":"https:\/\/nautilus.se\/eng\/wp-json\/wp\/v2\/product_cat?post=13390"},{"taxonomy":"product_tag","embeddable":true,"href":"https:\/\/nautilus.se\/eng\/wp-json\/wp\/v2\/product_tag?post=13390"}],"curies":[{"name":"wp","href":"https:\/\/api.w.org\/{rel}","templated":true}]}}