{"id":14378,"date":"2022-04-26T23:35:29","date_gmt":"2022-04-26T22:35:29","guid":{"rendered":"https:\/\/nautilus.se\/?post_type=product&#038;p=14378"},"modified":"2026-04-03T10:19:52","modified_gmt":"2026-04-03T08:19:52","slug":"hyr-vattenskoter","status":"publish","type":"product","link":"https:\/\/nautilus.se\/eng\/hyra-bat\/hyr-vattenskoter\/","title":{"rendered":"Hyr vattenskoter SeaDoo GTX"},"content":{"rendered":"<p>Krav: 25\u00e5r, simkunnig och vattenskoterk\u00f6rkort!<br \/>\nFlytv\u00e4st, br\u00e4nsle(max 30 liter), f\u00f6rs\u00e4kring och GPS ing\u00e5r.<\/p>\n<p>Vi har 1st vattenskoter f\u00f6r uthyrning. Ni kan vara 1 vuxen och 2 barn alternativt 2 vuxna p\u00e5 denna.<br \/>\nDu som hyr ska vara 25\u00e5r gammal och har vattenskoterk\u00f6rkort (enligt lag!). Du kan l\u00e5ta en passagerare k\u00f6ra\/styra n\u00e4r du \u00e4r med ombord men du kan ej \u00f6verl\u00e5ta skotern \u00e5t n\u00e5gon annan utan att du sj\u00e4lv \u00e4r med ombord.<\/p>\n<p>Vattenskotern \u00e4r en Seadoo GTX 155S &#8211; en trygg och bekv\u00e4m cruiser. Med sitt d\u00e4mpade skrov, stora sadel och smidiga kontroller \u00e4r den b\u00e5de sk\u00f6n att \u00e5ka och l\u00e4tt att man\u00f6vrera. Motorn p\u00e5 155 h\u00e4star ger bra med kraft men inga hissnande accelerationer. En perfekt maskin f\u00f6r utflykter i sk\u00e4rg\u00e5rden.<\/p>\n<p>&nbsp;<\/p>\n<ul>\n<li>Bokas 1-8 timmar.<\/li>\n<li>Maila f\u00f6r offert f\u00f6r l\u00e4ngre hyra<\/li>\n<li>Tillg\u00e4nglig kl 10-18.<\/li>\n<li>Deposition 9000kr<\/li>\n<li>Avbokning 1 dag innan<\/li>\n<li>Gustavsbergs hamn<\/li>\n<\/ul>\n<h3><\/h3>\n<h3>Om vattenskotern<\/h3>\n<ul>\n<li>Sea Doo GTX 155S<\/li>\n<li>155hk<\/li>\n<li>Max antal passagerare: 3<\/li>\n<li>Badstege<\/li>\n<li>D\u00e4mpat skrov<\/li>\n<li>65l br\u00e4nsletank<\/li>\n<li>stuvfack p\u00e5 60l<\/li>\n<li>fack f\u00f6r mobiltelefon<\/li>\n<li>Tampar, fendrar<\/li>\n<\/ul>","protected":false},"excerpt":{"rendered":"<p>V\u00e4lj datum och tider f\u00f6r aktuellt pris. Bokas 1-8 timmar.<\/p>","protected":false},"featured_media":32873,"template":"","meta":[],"product_brand":[314],"product_cat":[217,294,18,20],"product_tag":[85],"class_list":{"0":"post-14378","1":"product","2":"type-product","3":"status-publish","4":"has-post-thumbnail","6":"product_brand-seadoo","7":"product_cat-charter-event","8":"product_cat-korttidshyra","9":"product_cat-motorbatar","10":"product_cat-vattenskoter","11":"product_tag-gustavsberg","13":"first","14":"instock","15":"virtual","16":"sold-individually","17":"taxable","18":"purchasable","19":"product-type-booking"},"booking_location":"","booking_location_type":"","booking_duration":1,"booking_duration_unit":"hour","booking_buffer":0,"booking_cost":2000,"booking_resources":[32874],"exclude_global_add_ons":true,"addons":[{"name":"V\u00e5tdr\u00e4kt","type":"checkbox","position":0,"required":false,"title_format":"hide","default":"","description_enable":false,"description":"","placeholder_enable":false,"placeholder":"","display":"select","restrictions_type":"any_text","adjust_price":false,"price":"","price_type":"flat_fee","restrictions":false,"min":"0","max":"0","options":[{"label":"V\u00e5tdr\u00e4kt","price":"200","price_type":"quantity_based","image":0,"visibility":true}],"id":1775210051},{"name":"Skoterkort","type":"checkbox","position":1,"required":true,"title_format":"hide","default":"","description_enable":false,"description":"","placeholder_enable":false,"placeholder":"","display":"select","restrictions_type":"any_text","adjust_price":false,"price":"","price_type":"flat_fee","restrictions":false,"min":"0","max":"0","options":[{"label":"Jag har vattenskoterk\u00f6rkort","price":"","price_type":"flat_fee","image":0,"visibility":true}],"id":1775210474},{"name":"\u00c5lder","type":"checkbox","position":2,"required":true,"title_format":"hide","default":"","description_enable":false,"description":"","placeholder_enable":false,"placeholder":"","display":"select","restrictions_type":"any_text","adjust_price":false,"price":"","price_type":"flat_fee","restrictions":false,"min":"0","max":"0","options":[{"label":"Jag \u00e4r \u00f6ver 25\u00e5r","price":"","price_type":"flat_fee","image":0,"visibility":true}],"id":1775210475}],"yoast_head":"<!-- This site is optimized with the Yoast SEO Premium plugin v27.3 (Yoast SEO v27.4) - https:\/\/yoast.com\/product\/yoast-seo-premium-wordpress\/ -->\n<title>Hyr vattenskoter Seadoo- Nautilus Boat Club<\/title>\n<meta name=\"description\" content=\"Hyr vattenskoter Seadoo GTX i Stockholms sk\u00e4rg\u00e5rd f\u00f6r en upplevelse med familjen | Nautilus Boat Club\" \/>\n<meta name=\"robots\" content=\"index, follow, max-snippet:-1, max-image-preview:large, max-video-preview:-1\" \/>\n<link rel=\"canonical\" href=\"https:\/\/nautilus.se\/eng\/hyra-bat\/hyr-vattenskoter\/\" \/>\n<meta property=\"og:locale\" content=\"en_US\" \/>\n<meta property=\"og:type\" content=\"article\" \/>\n<meta property=\"og:title\" content=\"Hyr vattenskoter SeaDoo GTX\" \/>\n<meta property=\"og:description\" content=\"Hyr vattenskoter Seadoo GTX i Stockholms sk\u00e4rg\u00e5rd f\u00f6r en upplevelse med familjen | Nautilus Boat Club\" \/>\n<meta property=\"og:url\" content=\"https:\/\/nautilus.se\/eng\/hyra-bat\/hyr-vattenskoter\/\" \/>\n<meta property=\"og:site_name\" content=\"Nautilus Boat Club\" \/>\n<meta property=\"article:publisher\" content=\"https:\/\/www.facebook.com\/nautilusboatclub\/\" \/>\n<meta property=\"article:modified_time\" content=\"2026-04-03T08:19:52+00:00\" \/>\n<meta property=\"og:image\" content=\"https:\/\/nautilus.se\/wp-content\/uploads\/2022\/04\/Hyr-vattenskoter-sea-doo.jpg\" \/>\n\t<meta property=\"og:image:width\" content=\"560\" \/>\n\t<meta property=\"og:image:height\" content=\"315\" \/>\n\t<meta property=\"og:image:type\" content=\"image\/jpeg\" \/>\n<meta name=\"twitter:card\" content=\"summary_large_image\" \/>\n<meta name=\"twitter:label1\" content=\"Est. reading time\" \/>\n\t<meta name=\"twitter:data1\" content=\"2 minutes\" \/>\n<script type=\"application\/ld+json\" class=\"yoast-schema-graph\">{\"@context\":\"https:\\\/\\\/schema.org\",\"@graph\":[{\"@type\":\"WebPage\",\"@id\":\"https:\\\/\\\/nautilus.se\\\/hyra-bat\\\/hyr-vattenskoter\\\/\",\"url\":\"https:\\\/\\\/nautilus.se\\\/hyra-bat\\\/hyr-vattenskoter\\\/\",\"name\":\"Hyr vattenskoter Seadoo- Nautilus Boat Club\",\"isPartOf\":{\"@id\":\"https:\\\/\\\/nautilus.se\\\/#website\"},\"primaryImageOfPage\":{\"@id\":\"https:\\\/\\\/nautilus.se\\\/hyra-bat\\\/hyr-vattenskoter\\\/#primaryimage\"},\"image\":{\"@id\":\"https:\\\/\\\/nautilus.se\\\/hyra-bat\\\/hyr-vattenskoter\\\/#primaryimage\"},\"thumbnailUrl\":\"https:\\\/\\\/nautilus.se\\\/wp-content\\\/uploads\\\/2022\\\/04\\\/Hyr-vattenskoter-sea-doo.jpg\",\"datePublished\":\"2022-04-26T22:35:29+00:00\",\"dateModified\":\"2026-04-03T08:19:52+00:00\",\"description\":\"Hyr vattenskoter Seadoo GTX i Stockholms sk\u00e4rg\u00e5rd f\u00f6r en upplevelse med familjen | Nautilus Boat Club\",\"breadcrumb\":{\"@id\":\"https:\\\/\\\/nautilus.se\\\/hyra-bat\\\/hyr-vattenskoter\\\/#breadcrumb\"},\"inLanguage\":\"en-US\",\"potentialAction\":[{\"@type\":\"ReadAction\",\"target\":[\"https:\\\/\\\/nautilus.se\\\/hyra-bat\\\/hyr-vattenskoter\\\/\"]}]},{\"@type\":\"ImageObject\",\"inLanguage\":\"en-US\",\"@id\":\"https:\\\/\\\/nautilus.se\\\/hyra-bat\\\/hyr-vattenskoter\\\/#primaryimage\",\"url\":\"https:\\\/\\\/nautilus.se\\\/wp-content\\\/uploads\\\/2022\\\/04\\\/Hyr-vattenskoter-sea-doo.jpg\",\"contentUrl\":\"https:\\\/\\\/nautilus.se\\\/wp-content\\\/uploads\\\/2022\\\/04\\\/Hyr-vattenskoter-sea-doo.jpg\",\"width\":560,\"height\":315,\"caption\":\"Hyr vattenskoter\"},{\"@type\":\"BreadcrumbList\",\"@id\":\"https:\\\/\\\/nautilus.se\\\/hyra-bat\\\/hyr-vattenskoter\\\/#breadcrumb\",\"itemListElement\":[{\"@type\":\"ListItem\",\"position\":1,\"name\":\"Home\",\"item\":\"https:\\\/\\\/nautilus.se\\\/\"},{\"@type\":\"ListItem\",\"position\":2,\"name\":\"Hyr b\u00e5t enkelt och tryggt\",\"item\":\"https:\\\/\\\/nautilus.se\\\/hyra-bat-old\\\/\"},{\"@type\":\"ListItem\",\"position\":3,\"name\":\"Hyr vattenskoter SeaDoo GTX\"}]},{\"@type\":\"WebSite\",\"@id\":\"https:\\\/\\\/nautilus.se\\\/#website\",\"url\":\"https:\\\/\\\/nautilus.se\\\/\",\"name\":\"Nautilus Boat Club\",\"description\":\"H\u00e4r kan du hyra b\u00e5t, dela b\u00e5t, del\u00e4ga b\u00e5t och vara med i b\u00e5tpool.\",\"publisher\":{\"@id\":\"https:\\\/\\\/nautilus.se\\\/#organization\"},\"potentialAction\":[{\"@type\":\"SearchAction\",\"target\":{\"@type\":\"EntryPoint\",\"urlTemplate\":\"https:\\\/\\\/nautilus.se\\\/?s={search_term_string}\"},\"query-input\":{\"@type\":\"PropertyValueSpecification\",\"valueRequired\":true,\"valueName\":\"search_term_string\"}}],\"inLanguage\":\"en-US\"},{\"@type\":\"Organization\",\"@id\":\"https:\\\/\\\/nautilus.se\\\/#organization\",\"name\":\"Nautilus Boat Club AB\",\"alternateName\":\"Nautilus Boat Club\",\"url\":\"https:\\\/\\\/nautilus.se\\\/\",\"logo\":{\"@type\":\"ImageObject\",\"inLanguage\":\"en-US\",\"@id\":\"https:\\\/\\\/nautilus.se\\\/#\\\/schema\\\/logo\\\/image\\\/\",\"url\":\"https:\\\/\\\/nautilus.se\\\/wp-content\\\/uploads\\\/2022\\\/10\\\/Nautilus-shell-blue-back-w-logo.png\",\"contentUrl\":\"https:\\\/\\\/nautilus.se\\\/wp-content\\\/uploads\\\/2022\\\/10\\\/Nautilus-shell-blue-back-w-logo.png\",\"width\":1755,\"height\":1130,\"caption\":\"Nautilus Boat Club AB\"},\"image\":{\"@id\":\"https:\\\/\\\/nautilus.se\\\/#\\\/schema\\\/logo\\\/image\\\/\"},\"sameAs\":[\"https:\\\/\\\/www.facebook.com\\\/nautilusboatclub\\\/\",\"https:\\\/\\\/www.instagram.com\\\/nautilusboatclub\\\/\",\"https:\\\/\\\/www.linkedin.com\\\/company\\\/4998214\\\/admin\\\/\",\"https:\\\/\\\/www.youtube.com\\\/channel\\\/UCrhrs3yv-t72B5igMm2keKQ\\\/videos?app=desktop\"]}]}<\/script>\n<!-- \/ Yoast SEO Premium plugin. -->","yoast_head_json":{"title":"Hyr vattenskoter Seadoo- Nautilus Boat Club","description":"Hyr vattenskoter Seadoo GTX i Stockholms sk\u00e4rg\u00e5rd f\u00f6r en upplevelse med familjen | Nautilus Boat Club","robots":{"index":"index","follow":"follow","max-snippet":"max-snippet:-1","max-image-preview":"max-image-preview:large","max-video-preview":"max-video-preview:-1"},"canonical":"https:\/\/nautilus.se\/eng\/hyra-bat\/hyr-vattenskoter\/","og_locale":"en_US","og_type":"article","og_title":"Hyr vattenskoter SeaDoo GTX","og_description":"Hyr vattenskoter Seadoo GTX i Stockholms sk\u00e4rg\u00e5rd f\u00f6r en upplevelse med familjen | Nautilus Boat Club","og_url":"https:\/\/nautilus.se\/eng\/hyra-bat\/hyr-vattenskoter\/","og_site_name":"Nautilus Boat Club","article_publisher":"https:\/\/www.facebook.com\/nautilusboatclub\/","article_modified_time":"2026-04-03T08:19:52+00:00","og_image":[{"width":560,"height":315,"url":"https:\/\/nautilus.se\/wp-content\/uploads\/2022\/04\/Hyr-vattenskoter-sea-doo.jpg","type":"image\/jpeg"}],"twitter_card":"summary_large_image","twitter_misc":{"Est. reading time":"2 minutes"},"schema":{"@context":"https:\/\/schema.org","@graph":[{"@type":"WebPage","@id":"https:\/\/nautilus.se\/hyra-bat\/hyr-vattenskoter\/","url":"https:\/\/nautilus.se\/hyra-bat\/hyr-vattenskoter\/","name":"Hyr vattenskoter Seadoo- Nautilus Boat Club","isPartOf":{"@id":"https:\/\/nautilus.se\/#website"},"primaryImageOfPage":{"@id":"https:\/\/nautilus.se\/hyra-bat\/hyr-vattenskoter\/#primaryimage"},"image":{"@id":"https:\/\/nautilus.se\/hyra-bat\/hyr-vattenskoter\/#primaryimage"},"thumbnailUrl":"https:\/\/nautilus.se\/wp-content\/uploads\/2022\/04\/Hyr-vattenskoter-sea-doo.jpg","datePublished":"2022-04-26T22:35:29+00:00","dateModified":"2026-04-03T08:19:52+00:00","description":"Hyr vattenskoter Seadoo GTX i Stockholms sk\u00e4rg\u00e5rd f\u00f6r en upplevelse med familjen | Nautilus Boat Club","breadcrumb":{"@id":"https:\/\/nautilus.se\/hyra-bat\/hyr-vattenskoter\/#breadcrumb"},"inLanguage":"en-US","potentialAction":[{"@type":"ReadAction","target":["https:\/\/nautilus.se\/hyra-bat\/hyr-vattenskoter\/"]}]},{"@type":"ImageObject","inLanguage":"en-US","@id":"https:\/\/nautilus.se\/hyra-bat\/hyr-vattenskoter\/#primaryimage","url":"https:\/\/nautilus.se\/wp-content\/uploads\/2022\/04\/Hyr-vattenskoter-sea-doo.jpg","contentUrl":"https:\/\/nautilus.se\/wp-content\/uploads\/2022\/04\/Hyr-vattenskoter-sea-doo.jpg","width":560,"height":315,"caption":"Hyr vattenskoter"},{"@type":"BreadcrumbList","@id":"https:\/\/nautilus.se\/hyra-bat\/hyr-vattenskoter\/#breadcrumb","itemListElement":[{"@type":"ListItem","position":1,"name":"Home","item":"https:\/\/nautilus.se\/"},{"@type":"ListItem","position":2,"name":"Hyr b\u00e5t enkelt och tryggt","item":"https:\/\/nautilus.se\/hyra-bat-old\/"},{"@type":"ListItem","position":3,"name":"Hyr vattenskoter SeaDoo GTX"}]},{"@type":"WebSite","@id":"https:\/\/nautilus.se\/#website","url":"https:\/\/nautilus.se\/","name":"Nautilus Boat Club","description":"H\u00e4r kan du hyra b\u00e5t, dela b\u00e5t, del\u00e4ga b\u00e5t och vara med i b\u00e5tpool.","publisher":{"@id":"https:\/\/nautilus.se\/#organization"},"potentialAction":[{"@type":"SearchAction","target":{"@type":"EntryPoint","urlTemplate":"https:\/\/nautilus.se\/?s={search_term_string}"},"query-input":{"@type":"PropertyValueSpecification","valueRequired":true,"valueName":"search_term_string"}}],"inLanguage":"en-US"},{"@type":"Organization","@id":"https:\/\/nautilus.se\/#organization","name":"Nautilus Boat Club AB","alternateName":"Nautilus Boat Club","url":"https:\/\/nautilus.se\/","logo":{"@type":"ImageObject","inLanguage":"en-US","@id":"https:\/\/nautilus.se\/#\/schema\/logo\/image\/","url":"https:\/\/nautilus.se\/wp-content\/uploads\/2022\/10\/Nautilus-shell-blue-back-w-logo.png","contentUrl":"https:\/\/nautilus.se\/wp-content\/uploads\/2022\/10\/Nautilus-shell-blue-back-w-logo.png","width":1755,"height":1130,"caption":"Nautilus Boat Club AB"},"image":{"@id":"https:\/\/nautilus.se\/#\/schema\/logo\/image\/"},"sameAs":["https:\/\/www.facebook.com\/nautilusboatclub\/","https:\/\/www.instagram.com\/nautilusboatclub\/","https:\/\/www.linkedin.com\/company\/4998214\/admin\/","https:\/\/www.youtube.com\/channel\/UCrhrs3yv-t72B5igMm2keKQ\/videos?app=desktop"]}]}},"_links":{"self":[{"href":"https:\/\/nautilus.se\/eng\/wp-json\/wp\/v2\/product\/14378","targetHints":{"allow":["GET"]}}],"collection":[{"href":"https:\/\/nautilus.se\/eng\/wp-json\/wp\/v2\/product"}],"about":[{"href":"https:\/\/nautilus.se\/eng\/wp-json\/wp\/v2\/types\/product"}],"version-history":[{"count":6,"href":"https:\/\/nautilus.se\/eng\/wp-json\/wp\/v2\/product\/14378\/revisions"}],"predecessor-version":[{"id":32880,"href":"https:\/\/nautilus.se\/eng\/wp-json\/wp\/v2\/product\/14378\/revisions\/32880"}],"wp:featuredmedia":[{"embeddable":true,"href":"https:\/\/nautilus.se\/eng\/wp-json\/wp\/v2\/media\/32873"}],"wp:attachment":[{"href":"https:\/\/nautilus.se\/eng\/wp-json\/wp\/v2\/media?parent=14378"}],"wp:term":[{"taxonomy":"product_brand","embeddable":true,"href":"https:\/\/nautilus.se\/eng\/wp-json\/wp\/v2\/product_brand?post=14378"},{"taxonomy":"product_cat","embeddable":true,"href":"https:\/\/nautilus.se\/eng\/wp-json\/wp\/v2\/product_cat?post=14378"},{"taxonomy":"product_tag","embeddable":true,"href":"https:\/\/nautilus.se\/eng\/wp-json\/wp\/v2\/product_tag?post=14378"}],"curies":[{"name":"wp","href":"https:\/\/api.w.org\/{rel}","templated":true}]}}