{"id":14636,"date":"2022-05-02T15:20:41","date_gmt":"2022-05-02T14:20:41","guid":{"rendered":"https:\/\/nautilus.se\/?post_type=product&#038;p=14636"},"modified":"2026-03-06T12:22:09","modified_gmt":"2026-03-06T10:22:09","slug":"aquador-21-wa","status":"publish","type":"product","link":"https:\/\/nautilus.se\/eng\/hyra-bat\/aquador-21-wa\/","title":{"rendered":"Aquador 21 WA"},"content":{"rendered":"<p class=\" translation-block\">Aquador 21 WA is a 6.4 meter walkaround boat perfectly designed for summer day trips on the lake!<br>\nThe boat is approved for 6 people, which makes it comfortable to sail. It also has a cozy forepeak for luggage, children or that can easily be converted into a large double bed.<\/p>\n<p>Aquador is a boat manufacturer known for its ability to construct safe, high-quality boats offering maximum driving pleasure. This has made them one of the leading manufacturers in Scandinavia. Don't miss out on the chance to enjoy this comfortable high-quality boat!<\/p>\n<p>This boat is available for rent at Bulland\u00f6 marina. The marina is perfectly located, in the middle of the archipelago, close to all the beautiful islands regardless of direction.<\/p>\n<p>&nbsp;<\/p>\n<div class=\"left\">\n<h3>Safe rentals<\/h3>\n<p>When you rent a boat from Nautilus Boat Club, fast assistance is always included.<br \/>\nIf issues occur during your rental, we are always quick to arrive and correct this on the spot.<\/p>\n<p>&nbsp;<\/p>\n<p>Check-in: from 9:00 AM<br \/>\nUtcheckning: senast kl 18.00<br \/>\nDjur till\u00e5tet<br \/>\nParkering finns mot mindre dagavgift<br \/>\nAvbokning senast 5 dagar innan<br \/>\n\u00c5ldersgr\u00e4ns 22 \u00e5r<br \/>\nDeposition\/sj\u00e4lvrisk: 10.000kr<br \/>\nHamn: Bulland\u00f6 Marina<\/p>\n<p>&nbsp;<\/p>\n<\/div>\n<div class=\"right\">\n<h3>Equipment:<\/h3>\n<ul>\n<li>Suzuki 200hk<\/li>\n<li>Simrad Cruise 7 plotter<\/li>\n<li>Cover around the driver's seats<\/li>\n<li>Bluetooth stereo and radio<\/li>\n<li>Cockpit table<\/li>\n<li>Charts for Stockholm archipelago<\/li>\n<li>6 live jackets<\/li>\n<li>USB and 12V outlets in cockpit<\/li>\n<li>Fenders, boat hook, lines, anchor and rock wedges<\/li>\n<\/ul>\n<p>&nbsp;<\/p>\n<\/div>","protected":false},"excerpt":{"rendered":"<p class=\" translation-block\">Pick up from 9am. Drop off before 6pm.<br>\nClick on desired days for current price.<\/p>","protected":false},"featured_media":14628,"template":"","meta":[],"product_brand":[300],"product_cat":[294,18],"product_tag":[90],"class_list":{"0":"post-14636","1":"product","2":"type-product","3":"status-publish","4":"has-post-thumbnail","6":"product_brand-aquador","7":"product_cat-korttidshyra","8":"product_cat-motorbatar","9":"product_tag-bullando","11":"first","12":"instock","13":"virtual","14":"sold-individually","15":"taxable","16":"purchasable","17":"product-type-booking"},"booking_location":"","booking_location_type":"","booking_duration":1,"booking_duration_unit":"day","booking_buffer":0,"booking_cost":1800,"booking_resources":[14635],"exclude_global_add_ons":[],"addons":[],"yoast_head":"<!-- This site is optimized with the Yoast SEO Premium plugin v27.4 (Yoast SEO v27.5) - https:\/\/yoast.com\/product\/yoast-seo-premium-wordpress\/ -->\n<title>Hyr motorb\u00e5t Aquador 21 WA | Nautilus Boat Club<\/title>\n<meta name=\"description\" content=\"Hyr motorb\u00e5t Aquador 21 WA hos Nautilus Boat Club p\u00e5 Bulland\u00f6 marina. Enkelt, tryggt och modernt b\u00e5tliv. Alltid med full assistans p\u00e5 sj\u00f6n.\" \/>\n<meta name=\"robots\" content=\"index, follow, max-snippet:-1, max-image-preview:large, max-video-preview:-1\" \/>\n<link rel=\"canonical\" href=\"https:\/\/nautilus.se\/eng\/hyra-bat\/aquador-21-wa\/\" \/>\n<meta property=\"og:locale\" content=\"en_US\" \/>\n<meta property=\"og:type\" content=\"article\" \/>\n<meta property=\"og:title\" content=\"Aquador 21 WA\" \/>\n<meta property=\"og:description\" content=\"Hyr motorb\u00e5t Aquador 21 WA hos Nautilus Boat Club p\u00e5 Bulland\u00f6 marina. Enkelt, tryggt och modernt b\u00e5tliv. Alltid med full assistans p\u00e5 sj\u00f6n.\" \/>\n<meta property=\"og:url\" content=\"https:\/\/nautilus.se\/eng\/hyra-bat\/aquador-21-wa\/\" \/>\n<meta property=\"og:site_name\" content=\"Nautilus Boat Club\" \/>\n<meta property=\"article:publisher\" content=\"https:\/\/www.facebook.com\/nautilusboatclub\/\" \/>\n<meta property=\"article:modified_time\" content=\"2026-03-06T10:22:09+00:00\" \/>\n<meta property=\"og:image\" content=\"https:\/\/nautilus.se\/wp-content\/uploads\/2022\/05\/Aquador-21-WA.jpg\" \/>\n\t<meta property=\"og:image:width\" content=\"2560\" \/>\n\t<meta property=\"og:image:height\" content=\"1707\" \/>\n\t<meta property=\"og:image:type\" content=\"image\/jpeg\" \/>\n<meta name=\"twitter:card\" content=\"summary_large_image\" \/>\n<meta name=\"twitter:label1\" content=\"Est. reading time\" \/>\n\t<meta name=\"twitter:data1\" content=\"2 minutes\" \/>\n<script type=\"application\/ld+json\" class=\"yoast-schema-graph\">{\"@context\":\"https:\\\/\\\/schema.org\",\"@graph\":[{\"@type\":\"WebPage\",\"@id\":\"https:\\\/\\\/nautilus.se\\\/hyra-bat\\\/aquador-21-wa\\\/\",\"url\":\"https:\\\/\\\/nautilus.se\\\/hyra-bat\\\/aquador-21-wa\\\/\",\"name\":\"Hyr motorb\u00e5t Aquador 21 WA | Nautilus Boat Club\",\"isPartOf\":{\"@id\":\"https:\\\/\\\/nautilus.se\\\/#website\"},\"primaryImageOfPage\":{\"@id\":\"https:\\\/\\\/nautilus.se\\\/hyra-bat\\\/aquador-21-wa\\\/#primaryimage\"},\"image\":{\"@id\":\"https:\\\/\\\/nautilus.se\\\/hyra-bat\\\/aquador-21-wa\\\/#primaryimage\"},\"thumbnailUrl\":\"https:\\\/\\\/nautilus.se\\\/wp-content\\\/uploads\\\/2022\\\/05\\\/Aquador-21-WA.jpg\",\"datePublished\":\"2022-05-02T14:20:41+00:00\",\"dateModified\":\"2026-03-06T10:22:09+00:00\",\"description\":\"Hyr motorb\u00e5t Aquador 21 WA hos Nautilus Boat Club p\u00e5 Bulland\u00f6 marina. Enkelt, tryggt och modernt b\u00e5tliv. Alltid med full assistans p\u00e5 sj\u00f6n.\",\"breadcrumb\":{\"@id\":\"https:\\\/\\\/nautilus.se\\\/hyra-bat\\\/aquador-21-wa\\\/#breadcrumb\"},\"inLanguage\":\"en-US\",\"potentialAction\":[{\"@type\":\"ReadAction\",\"target\":[\"https:\\\/\\\/nautilus.se\\\/hyra-bat\\\/aquador-21-wa\\\/\"]}]},{\"@type\":\"ImageObject\",\"inLanguage\":\"en-US\",\"@id\":\"https:\\\/\\\/nautilus.se\\\/hyra-bat\\\/aquador-21-wa\\\/#primaryimage\",\"url\":\"https:\\\/\\\/nautilus.se\\\/wp-content\\\/uploads\\\/2022\\\/05\\\/Aquador-21-WA.jpg\",\"contentUrl\":\"https:\\\/\\\/nautilus.se\\\/wp-content\\\/uploads\\\/2022\\\/05\\\/Aquador-21-WA.jpg\",\"width\":2560,\"height\":1707,\"caption\":\"Aquador 21 WA\"},{\"@type\":\"BreadcrumbList\",\"@id\":\"https:\\\/\\\/nautilus.se\\\/hyra-bat\\\/aquador-21-wa\\\/#breadcrumb\",\"itemListElement\":[{\"@type\":\"ListItem\",\"position\":1,\"name\":\"Home\",\"item\":\"https:\\\/\\\/nautilus.se\\\/\"},{\"@type\":\"ListItem\",\"position\":2,\"name\":\"Hyr b\u00e5t enkelt och tryggt\",\"item\":\"https:\\\/\\\/nautilus.se\\\/hyra-bat-old\\\/\"},{\"@type\":\"ListItem\",\"position\":3,\"name\":\"Aquador 21 WA\"}]},{\"@type\":\"WebSite\",\"@id\":\"https:\\\/\\\/nautilus.se\\\/#website\",\"url\":\"https:\\\/\\\/nautilus.se\\\/\",\"name\":\"Nautilus Boat Club\",\"description\":\"H\u00e4r kan du hyra b\u00e5t, dela b\u00e5t, del\u00e4ga b\u00e5t och vara med i b\u00e5tpool.\",\"publisher\":{\"@id\":\"https:\\\/\\\/nautilus.se\\\/#organization\"},\"potentialAction\":[{\"@type\":\"SearchAction\",\"target\":{\"@type\":\"EntryPoint\",\"urlTemplate\":\"https:\\\/\\\/nautilus.se\\\/?s={search_term_string}\"},\"query-input\":{\"@type\":\"PropertyValueSpecification\",\"valueRequired\":true,\"valueName\":\"search_term_string\"}}],\"inLanguage\":\"en-US\"},{\"@type\":\"Organization\",\"@id\":\"https:\\\/\\\/nautilus.se\\\/#organization\",\"name\":\"Nautilus Boat Club AB\",\"alternateName\":\"Nautilus Boat Club\",\"url\":\"https:\\\/\\\/nautilus.se\\\/\",\"logo\":{\"@type\":\"ImageObject\",\"inLanguage\":\"en-US\",\"@id\":\"https:\\\/\\\/nautilus.se\\\/#\\\/schema\\\/logo\\\/image\\\/\",\"url\":\"https:\\\/\\\/nautilus.se\\\/wp-content\\\/uploads\\\/2022\\\/10\\\/Nautilus-shell-blue-back-w-logo.png\",\"contentUrl\":\"https:\\\/\\\/nautilus.se\\\/wp-content\\\/uploads\\\/2022\\\/10\\\/Nautilus-shell-blue-back-w-logo.png\",\"width\":1755,\"height\":1130,\"caption\":\"Nautilus Boat Club AB\"},\"image\":{\"@id\":\"https:\\\/\\\/nautilus.se\\\/#\\\/schema\\\/logo\\\/image\\\/\"},\"sameAs\":[\"https:\\\/\\\/www.facebook.com\\\/nautilusboatclub\\\/\",\"https:\\\/\\\/www.instagram.com\\\/nautilusboatclub\\\/\",\"https:\\\/\\\/www.linkedin.com\\\/company\\\/4998214\\\/admin\\\/\",\"https:\\\/\\\/www.youtube.com\\\/channel\\\/UCrhrs3yv-t72B5igMm2keKQ\\\/videos?app=desktop\"]}]}<\/script>\n<!-- \/ Yoast SEO Premium plugin. -->","yoast_head_json":{"title":"Rent motorboat Aquador 21 WA | Nautilus Boat Club","description":"Hyr motorb\u00e5t Aquador 21 WA hos Nautilus Boat Club p\u00e5 Bulland\u00f6 marina. Enkelt, tryggt och modernt b\u00e5tliv. Alltid med full assistans p\u00e5 sj\u00f6n.","robots":{"index":"index","follow":"follow","max-snippet":"max-snippet:-1","max-image-preview":"max-image-preview:large","max-video-preview":"max-video-preview:-1"},"canonical":"https:\/\/nautilus.se\/eng\/hyra-bat\/aquador-21-wa\/","og_locale":"en_US","og_type":"article","og_title":"Aquador 21 WA","og_description":"Hyr motorb\u00e5t Aquador 21 WA hos Nautilus Boat Club p\u00e5 Bulland\u00f6 marina. Enkelt, tryggt och modernt b\u00e5tliv. Alltid med full assistans p\u00e5 sj\u00f6n.","og_url":"https:\/\/nautilus.se\/eng\/hyra-bat\/aquador-21-wa\/","og_site_name":"Nautilus Boat Club","article_publisher":"https:\/\/www.facebook.com\/nautilusboatclub\/","article_modified_time":"2026-03-06T10:22:09+00:00","og_image":[{"width":2560,"height":1707,"url":"https:\/\/nautilus.se\/wp-content\/uploads\/2022\/05\/Aquador-21-WA.jpg","type":"image\/jpeg"}],"twitter_card":"summary_large_image","twitter_misc":{"Est. reading time":"2 minutes"},"schema":{"@context":"https:\/\/schema.org","@graph":[{"@type":"WebPage","@id":"https:\/\/nautilus.se\/hyra-bat\/aquador-21-wa\/","url":"https:\/\/nautilus.se\/hyra-bat\/aquador-21-wa\/","name":"Rent motorboat Aquador 21 WA | Nautilus Boat Club","isPartOf":{"@id":"https:\/\/nautilus.se\/#website"},"primaryImageOfPage":{"@id":"https:\/\/nautilus.se\/hyra-bat\/aquador-21-wa\/#primaryimage"},"image":{"@id":"https:\/\/nautilus.se\/hyra-bat\/aquador-21-wa\/#primaryimage"},"thumbnailUrl":"https:\/\/nautilus.se\/wp-content\/uploads\/2022\/05\/Aquador-21-WA.jpg","datePublished":"2022-05-02T14:20:41+00:00","dateModified":"2026-03-06T10:22:09+00:00","description":"Hyr motorb\u00e5t Aquador 21 WA hos Nautilus Boat Club p\u00e5 Bulland\u00f6 marina. Enkelt, tryggt och modernt b\u00e5tliv. Alltid med full assistans p\u00e5 sj\u00f6n.","breadcrumb":{"@id":"https:\/\/nautilus.se\/hyra-bat\/aquador-21-wa\/#breadcrumb"},"inLanguage":"en-US","potentialAction":[{"@type":"ReadAction","target":["https:\/\/nautilus.se\/hyra-bat\/aquador-21-wa\/"]}]},{"@type":"ImageObject","inLanguage":"en-US","@id":"https:\/\/nautilus.se\/hyra-bat\/aquador-21-wa\/#primaryimage","url":"https:\/\/nautilus.se\/wp-content\/uploads\/2022\/05\/Aquador-21-WA.jpg","contentUrl":"https:\/\/nautilus.se\/wp-content\/uploads\/2022\/05\/Aquador-21-WA.jpg","width":2560,"height":1707,"caption":"Aquador 21 WA"},{"@type":"BreadcrumbList","@id":"https:\/\/nautilus.se\/hyra-bat\/aquador-21-wa\/#breadcrumb","itemListElement":[{"@type":"ListItem","position":1,"name":"Home","item":"https:\/\/nautilus.se\/"},{"@type":"ListItem","position":2,"name":"Hyr b\u00e5t enkelt och tryggt","item":"https:\/\/nautilus.se\/hyra-bat-old\/"},{"@type":"ListItem","position":3,"name":"Aquador 21 WA"}]},{"@type":"WebSite","@id":"https:\/\/nautilus.se\/#website","url":"https:\/\/nautilus.se\/","name":"Nautilus Boat Club","description":"H\u00e4r kan du hyra b\u00e5t, dela b\u00e5t, del\u00e4ga b\u00e5t och vara med i b\u00e5tpool.","publisher":{"@id":"https:\/\/nautilus.se\/#organization"},"potentialAction":[{"@type":"SearchAction","target":{"@type":"EntryPoint","urlTemplate":"https:\/\/nautilus.se\/?s={search_term_string}"},"query-input":{"@type":"PropertyValueSpecification","valueRequired":true,"valueName":"search_term_string"}}],"inLanguage":"en-US"},{"@type":"Organization","@id":"https:\/\/nautilus.se\/#organization","name":"Nautilus Boat Club AB","alternateName":"Nautilus Boat Club","url":"https:\/\/nautilus.se\/","logo":{"@type":"ImageObject","inLanguage":"en-US","@id":"https:\/\/nautilus.se\/#\/schema\/logo\/image\/","url":"https:\/\/nautilus.se\/wp-content\/uploads\/2022\/10\/Nautilus-shell-blue-back-w-logo.png","contentUrl":"https:\/\/nautilus.se\/wp-content\/uploads\/2022\/10\/Nautilus-shell-blue-back-w-logo.png","width":1755,"height":1130,"caption":"Nautilus Boat Club AB"},"image":{"@id":"https:\/\/nautilus.se\/#\/schema\/logo\/image\/"},"sameAs":["https:\/\/www.facebook.com\/nautilusboatclub\/","https:\/\/www.instagram.com\/nautilusboatclub\/","https:\/\/www.linkedin.com\/company\/4998214\/admin\/","https:\/\/www.youtube.com\/channel\/UCrhrs3yv-t72B5igMm2keKQ\/videos?app=desktop"]}]}},"_links":{"self":[{"href":"https:\/\/nautilus.se\/eng\/wp-json\/wp\/v2\/product\/14636","targetHints":{"allow":["GET"]}}],"collection":[{"href":"https:\/\/nautilus.se\/eng\/wp-json\/wp\/v2\/product"}],"about":[{"href":"https:\/\/nautilus.se\/eng\/wp-json\/wp\/v2\/types\/product"}],"version-history":[{"count":4,"href":"https:\/\/nautilus.se\/eng\/wp-json\/wp\/v2\/product\/14636\/revisions"}],"predecessor-version":[{"id":32262,"href":"https:\/\/nautilus.se\/eng\/wp-json\/wp\/v2\/product\/14636\/revisions\/32262"}],"wp:featuredmedia":[{"embeddable":true,"href":"https:\/\/nautilus.se\/eng\/wp-json\/wp\/v2\/media\/14628"}],"wp:attachment":[{"href":"https:\/\/nautilus.se\/eng\/wp-json\/wp\/v2\/media?parent=14636"}],"wp:term":[{"taxonomy":"product_brand","embeddable":true,"href":"https:\/\/nautilus.se\/eng\/wp-json\/wp\/v2\/product_brand?post=14636"},{"taxonomy":"product_cat","embeddable":true,"href":"https:\/\/nautilus.se\/eng\/wp-json\/wp\/v2\/product_cat?post=14636"},{"taxonomy":"product_tag","embeddable":true,"href":"https:\/\/nautilus.se\/eng\/wp-json\/wp\/v2\/product_tag?post=14636"}],"curies":[{"name":"wp","href":"https:\/\/api.w.org\/{rel}","templated":true}]}}