{"id":15187,"date":"2022-05-07T08:51:17","date_gmt":"2022-05-07T07:51:17","guid":{"rendered":"https:\/\/nautilus.se\/?post_type=product&#038;p=15187"},"modified":"2026-03-03T10:22:13","modified_gmt":"2026-03-03T08:22:13","slug":"batchater-princess-v52","status":"publish","type":"product","link":"https:\/\/nautilus.se\/eng\/hyra-bat\/batchater-princess-v52\/","title":{"rendered":"B\u00e5tcharter med Princess V52"},"content":{"rendered":"<p>Boka denna engelska yacht fr\u00e5n anrika Princess Yachts! Princess V52 bjuder p\u00e5 stora sociala ytor f\u00f6r avslappnat h\u00e4ng och soldyrkan &#8211; eller klackarna i taket och galej.<br \/>\nTa med v\u00e4nner eller f\u00f6retaget p\u00e5 en f\u00f6rstklassig dag p\u00e5 sj\u00f6n!<br \/>\nVi k\u00f6r s\u00e4llskap upp till 12 personer p\u00e5 denna b\u00e5t.<\/p>\n<p>Boka en dag med denna yacht och vi tar er p\u00e5 en elegant f\u00e4rd i Stockholms inre vatten eller till n\u00e5gon av de m\u00e5nga fina sj\u00f6krogarna i sk\u00e4rg\u00e5rden.<br \/>\nKontakta oss f\u00f6r offert p\u00e5 skr\u00e4ddarsydd tur f\u00f6r just er!<\/p>\n<p>Princess V52 \u00e4r en minst sagt rymlig b\u00e5t med stora sociala ytor och gott om plats, \u00e4ven f\u00f6r st\u00f6rre s\u00e4llskap. Den perfekta b\u00e5ten f\u00f6r f\u00f6retagsevent och charter. Den erbjuder \u00e4ven goda boutrymmen och kan \u00e4ven hyras f\u00f6r en h\u00e4rlig semester med familj och v\u00e4nner!<\/p>\n<p>Nere i salongen sitter ni bekv\u00e4mt tio personer i soffan och ser p\u00e5 TV och k\u00f6ket \u00e4r komplett med k\u00f6ksutrustning f\u00f6r 10 personer samt hela tre kylsk\u00e5p. Lyxkryssaren tillhandah\u00e5ller sex b\u00e4ddar f\u00f6rdelat p\u00e5 tre hytter med tv\u00e5 dubbels\u00e4ngar i tv\u00e5 av dessa och tv\u00e5 enkels\u00e4ngar i den tredje, samt tv\u00e5 badrum med varsin WC och dusch. Det stora pentryt har elektrisk spish\u00e4ll med tv\u00e5 plattor, mikrov\u00e5gsugn i och tv\u00e5 stora\u00a0 diskhoar.<\/p>\n<p>Uppe i sittbrunnen finns det plats f\u00f6r uppemot 20 personer att vistas. Soffgrupper har plats f\u00f6r 10 sittande. Den enorma solb\u00e4dden i aktern rymmer minst 4. Wetbaren i sittbrunnen bjuder p\u00e5 en diskho, ett kylsk\u00e5p och en gasolh\u00e4ll med tv\u00e5 br\u00e4nnare som du \u00e4ven kan gruilla p\u00e5. H\u00e4r ges m\u00f6jlighet till en trivsam och social f\u00e4rd d\u00e4r alla passagerare kan sitta bekv\u00e4mt och slappna av under solen. P\u00e5 f\u00f6rd\u00e4ck\u00a0 avnjuts solen ocks\u00e5 p\u00e5 den v\u00e4l tilltagna solb\u00e4dden med dryckesh\u00e5llare.<\/p>\n<p>&nbsp;<\/p>\n<p><strong>Vanliga turer<\/strong><\/p>\n<p>Sthlm City- Kattholmen (ToR): 18.000kr<br \/>\nSthlm City- Villa Soludden (ToR): 18.000kr<br \/>\nSthlm City- Sandhamn (ToR): 35.000kr<br \/>\nPriser inklusive skeppare, drivmedel, f\u00f6rs\u00e4kring och 6% moms.<\/p>\n<p>&nbsp;<\/p>\n<p><strong>Exempel p\u00e5 tillval<\/strong><\/p>\n<ul>\n<li>extra v\u00e4rd\/v\u00e4rdinna<\/li>\n<li>catering<\/li>\n<li>dryck och tilltugg<\/li>\n<li>vattenleksaker<\/li>\n<\/ul>\n<p>&nbsp;<\/p>\n<p><strong>Eller boka b\u00e5ten som m\u00f6tesrum<\/strong><\/p>\n<p>Bildsk\u00e4rm och WiFi finns. Vatten och kaffe inkluderat. V\u00e4lj till catering.<\/p>\n<p>P\u00e5 Kattholmen: 4.500kr\/timme<br \/>\nP\u00e5 Djurg\u00e5rden\/Sthlm City: 4.500kr\/timme + 6.000kr framk\u00f6rningsavgift<\/p>\n<p>Minimidebitering 2 timmar.<\/p>\n<p>&nbsp;<\/p>\n<p>&nbsp;<\/p>\n<div class=\"right\">\n<h3>Equipment:<\/h3>\n<ul>\n<li>Sittgrupp f\u00f6r 12 personer ute<\/li>\n<li>Sittgrupp f\u00f6r 8 personer inne i salongen<\/li>\n<li>Solb\u00e4dd p\u00e5 aktern f\u00f6r 4<\/li>\n<li>Solb\u00e4dd p\u00e5 f\u00f6rd\u00e4ck f\u00f6r 3<\/li>\n<li>Tender garage<\/li>\n<li>Stereo outside and inside<\/li>\n<li>Undervattensbelysning<\/li>\n<li>3 kylsk\u00e5p<\/li>\n<li>2 toilets<\/li>\n<li>3 cabins<\/li>\n<li>6 berths<\/li>\n<li>Kitchen-ware for 12 people<\/li>\n<\/ul>\n<p>&nbsp;<\/p>\n<p>B\u00e5ten utg\u00e5r fr\u00e5n Gustavsberg p\u00e5 V\u00e4rmd\u00f6<\/p>\n<\/div>","protected":false},"excerpt":{"rendered":"<p>Ta med v\u00e4nner eller f\u00f6retaget p\u00e5 en f\u00f6rstklassig dag p\u00e5 sj\u00f6n!<\/p>","protected":false},"featured_media":28287,"template":"","meta":[],"product_brand":[],"product_cat":[217],"product_tag":[],"class_list":{"0":"post-15187","1":"product","2":"type-product","3":"status-publish","4":"has-post-thumbnail","6":"product_cat-charter-event","8":"first","9":"instock","10":"virtual","11":"sold-individually","12":"taxable","13":"purchasable","14":"product-type-booking"},"booking_location":"","booking_location_type":"","booking_duration":1,"booking_duration_unit":"day","booking_buffer":0,"booking_cost":25000,"booking_resources":[1363],"exclude_global_add_ons":[],"addons":[],"yoast_head":"<!-- This site is optimized with the Yoast SEO Premium plugin v27.3 (Yoast SEO v27.4) - https:\/\/yoast.com\/product\/yoast-seo-premium-wordpress\/ -->\n<title>B\u00e5tcharter Stockholm Princess V52 - Nautilus Boat Club<\/title>\n<meta name=\"description\" content=\"B\u00e5tcharter i Stockholm med Princess V52. Boka charterb\u00e5t hos Nautilus Boat Club. B\u00e5tevent och charter f\u00f6r f\u00f6retag, event och m\u00f6ten p\u00e5 sj\u00f6n.\" \/>\n<meta name=\"robots\" content=\"index, follow, max-snippet:-1, max-image-preview:large, max-video-preview:-1\" \/>\n<link rel=\"canonical\" href=\"https:\/\/nautilus.se\/eng\/hyra-bat\/batchater-princess-v52\/\" \/>\n<meta property=\"og:locale\" content=\"en_US\" \/>\n<meta property=\"og:type\" content=\"article\" \/>\n<meta property=\"og:title\" content=\"B\u00e5tcharter med Princess V52\" \/>\n<meta property=\"og:description\" content=\"B\u00e5tcharter i Stockholm med Princess V52. Boka charterb\u00e5t hos Nautilus Boat Club. B\u00e5tevent och charter f\u00f6r f\u00f6retag, event och m\u00f6ten p\u00e5 sj\u00f6n.\" \/>\n<meta property=\"og:url\" content=\"https:\/\/nautilus.se\/eng\/hyra-bat\/batchater-princess-v52\/\" \/>\n<meta property=\"og:site_name\" content=\"Nautilus Boat Club\" \/>\n<meta property=\"article:publisher\" content=\"https:\/\/www.facebook.com\/nautilusboatclub\/\" \/>\n<meta property=\"article:modified_time\" content=\"2026-03-03T08:22:13+00:00\" \/>\n<meta property=\"og:image\" content=\"https:\/\/nautilus.se\/wp-content\/uploads\/2022\/05\/Princess-V52-Strandvagen3-1.jpg\" \/>\n\t<meta property=\"og:image:width\" content=\"2048\" \/>\n\t<meta property=\"og:image:height\" content=\"1604\" \/>\n\t<meta property=\"og:image:type\" content=\"image\/jpeg\" \/>\n<meta name=\"twitter:card\" content=\"summary_large_image\" \/>\n<meta name=\"twitter:label1\" content=\"Est. reading time\" \/>\n\t<meta name=\"twitter:data1\" content=\"3 minutes\" \/>\n<script type=\"application\/ld+json\" class=\"yoast-schema-graph\">{\"@context\":\"https:\\\/\\\/schema.org\",\"@graph\":[{\"@type\":\"WebPage\",\"@id\":\"https:\\\/\\\/nautilus.se\\\/hyra-bat\\\/batchater-princess-v52\\\/\",\"url\":\"https:\\\/\\\/nautilus.se\\\/hyra-bat\\\/batchater-princess-v52\\\/\",\"name\":\"B\u00e5tcharter Stockholm Princess V52 - Nautilus Boat Club\",\"isPartOf\":{\"@id\":\"https:\\\/\\\/nautilus.se\\\/#website\"},\"primaryImageOfPage\":{\"@id\":\"https:\\\/\\\/nautilus.se\\\/hyra-bat\\\/batchater-princess-v52\\\/#primaryimage\"},\"image\":{\"@id\":\"https:\\\/\\\/nautilus.se\\\/hyra-bat\\\/batchater-princess-v52\\\/#primaryimage\"},\"thumbnailUrl\":\"https:\\\/\\\/nautilus.se\\\/wp-content\\\/uploads\\\/2022\\\/05\\\/Princess-V52-Strandvagen3-1.jpg\",\"datePublished\":\"2022-05-07T07:51:17+00:00\",\"dateModified\":\"2026-03-03T08:22:13+00:00\",\"description\":\"B\u00e5tcharter i Stockholm med Princess V52. Boka charterb\u00e5t hos Nautilus Boat Club. B\u00e5tevent och charter f\u00f6r f\u00f6retag, event och m\u00f6ten p\u00e5 sj\u00f6n.\",\"breadcrumb\":{\"@id\":\"https:\\\/\\\/nautilus.se\\\/hyra-bat\\\/batchater-princess-v52\\\/#breadcrumb\"},\"inLanguage\":\"en-US\",\"potentialAction\":[{\"@type\":\"ReadAction\",\"target\":[\"https:\\\/\\\/nautilus.se\\\/hyra-bat\\\/batchater-princess-v52\\\/\"]}]},{\"@type\":\"ImageObject\",\"inLanguage\":\"en-US\",\"@id\":\"https:\\\/\\\/nautilus.se\\\/hyra-bat\\\/batchater-princess-v52\\\/#primaryimage\",\"url\":\"https:\\\/\\\/nautilus.se\\\/wp-content\\\/uploads\\\/2022\\\/05\\\/Princess-V52-Strandvagen3-1.jpg\",\"contentUrl\":\"https:\\\/\\\/nautilus.se\\\/wp-content\\\/uploads\\\/2022\\\/05\\\/Princess-V52-Strandvagen3-1.jpg\",\"width\":2048,\"height\":1604},{\"@type\":\"BreadcrumbList\",\"@id\":\"https:\\\/\\\/nautilus.se\\\/hyra-bat\\\/batchater-princess-v52\\\/#breadcrumb\",\"itemListElement\":[{\"@type\":\"ListItem\",\"position\":1,\"name\":\"Home\",\"item\":\"https:\\\/\\\/nautilus.se\\\/\"},{\"@type\":\"ListItem\",\"position\":2,\"name\":\"Hyr b\u00e5t enkelt och tryggt\",\"item\":\"https:\\\/\\\/nautilus.se\\\/hyra-bat-old\\\/\"},{\"@type\":\"ListItem\",\"position\":3,\"name\":\"B\u00e5tcharter med Princess V52\"}]},{\"@type\":\"WebSite\",\"@id\":\"https:\\\/\\\/nautilus.se\\\/#website\",\"url\":\"https:\\\/\\\/nautilus.se\\\/\",\"name\":\"Nautilus Boat Club\",\"description\":\"H\u00e4r kan du hyra b\u00e5t, dela b\u00e5t, del\u00e4ga b\u00e5t och vara med i b\u00e5tpool.\",\"publisher\":{\"@id\":\"https:\\\/\\\/nautilus.se\\\/#organization\"},\"potentialAction\":[{\"@type\":\"SearchAction\",\"target\":{\"@type\":\"EntryPoint\",\"urlTemplate\":\"https:\\\/\\\/nautilus.se\\\/?s={search_term_string}\"},\"query-input\":{\"@type\":\"PropertyValueSpecification\",\"valueRequired\":true,\"valueName\":\"search_term_string\"}}],\"inLanguage\":\"en-US\"},{\"@type\":\"Organization\",\"@id\":\"https:\\\/\\\/nautilus.se\\\/#organization\",\"name\":\"Nautilus Boat Club AB\",\"alternateName\":\"Nautilus Boat Club\",\"url\":\"https:\\\/\\\/nautilus.se\\\/\",\"logo\":{\"@type\":\"ImageObject\",\"inLanguage\":\"en-US\",\"@id\":\"https:\\\/\\\/nautilus.se\\\/#\\\/schema\\\/logo\\\/image\\\/\",\"url\":\"https:\\\/\\\/nautilus.se\\\/wp-content\\\/uploads\\\/2022\\\/10\\\/Nautilus-shell-blue-back-w-logo.png\",\"contentUrl\":\"https:\\\/\\\/nautilus.se\\\/wp-content\\\/uploads\\\/2022\\\/10\\\/Nautilus-shell-blue-back-w-logo.png\",\"width\":1755,\"height\":1130,\"caption\":\"Nautilus Boat Club AB\"},\"image\":{\"@id\":\"https:\\\/\\\/nautilus.se\\\/#\\\/schema\\\/logo\\\/image\\\/\"},\"sameAs\":[\"https:\\\/\\\/www.facebook.com\\\/nautilusboatclub\\\/\",\"https:\\\/\\\/www.instagram.com\\\/nautilusboatclub\\\/\",\"https:\\\/\\\/www.linkedin.com\\\/company\\\/4998214\\\/admin\\\/\",\"https:\\\/\\\/www.youtube.com\\\/channel\\\/UCrhrs3yv-t72B5igMm2keKQ\\\/videos?app=desktop\"]}]}<\/script>\n<!-- \/ Yoast SEO Premium plugin. -->","yoast_head_json":{"title":"B\u00e5tcharter Stockholm Princess V52 - Nautilus Boat Club","description":"B\u00e5tcharter i Stockholm med Princess V52. Boka charterb\u00e5t hos Nautilus Boat Club. B\u00e5tevent och charter f\u00f6r f\u00f6retag, event och m\u00f6ten p\u00e5 sj\u00f6n.","robots":{"index":"index","follow":"follow","max-snippet":"max-snippet:-1","max-image-preview":"max-image-preview:large","max-video-preview":"max-video-preview:-1"},"canonical":"https:\/\/nautilus.se\/eng\/hyra-bat\/batchater-princess-v52\/","og_locale":"en_US","og_type":"article","og_title":"B\u00e5tcharter med Princess V52","og_description":"B\u00e5tcharter i Stockholm med Princess V52. Boka charterb\u00e5t hos Nautilus Boat Club. B\u00e5tevent och charter f\u00f6r f\u00f6retag, event och m\u00f6ten p\u00e5 sj\u00f6n.","og_url":"https:\/\/nautilus.se\/eng\/hyra-bat\/batchater-princess-v52\/","og_site_name":"Nautilus Boat Club","article_publisher":"https:\/\/www.facebook.com\/nautilusboatclub\/","article_modified_time":"2026-03-03T08:22:13+00:00","og_image":[{"width":2048,"height":1604,"url":"https:\/\/nautilus.se\/wp-content\/uploads\/2022\/05\/Princess-V52-Strandvagen3-1.jpg","type":"image\/jpeg"}],"twitter_card":"summary_large_image","twitter_misc":{"Est. reading time":"3 minutes"},"schema":{"@context":"https:\/\/schema.org","@graph":[{"@type":"WebPage","@id":"https:\/\/nautilus.se\/hyra-bat\/batchater-princess-v52\/","url":"https:\/\/nautilus.se\/hyra-bat\/batchater-princess-v52\/","name":"B\u00e5tcharter Stockholm Princess V52 - Nautilus Boat Club","isPartOf":{"@id":"https:\/\/nautilus.se\/#website"},"primaryImageOfPage":{"@id":"https:\/\/nautilus.se\/hyra-bat\/batchater-princess-v52\/#primaryimage"},"image":{"@id":"https:\/\/nautilus.se\/hyra-bat\/batchater-princess-v52\/#primaryimage"},"thumbnailUrl":"https:\/\/nautilus.se\/wp-content\/uploads\/2022\/05\/Princess-V52-Strandvagen3-1.jpg","datePublished":"2022-05-07T07:51:17+00:00","dateModified":"2026-03-03T08:22:13+00:00","description":"B\u00e5tcharter i Stockholm med Princess V52. Boka charterb\u00e5t hos Nautilus Boat Club. B\u00e5tevent och charter f\u00f6r f\u00f6retag, event och m\u00f6ten p\u00e5 sj\u00f6n.","breadcrumb":{"@id":"https:\/\/nautilus.se\/hyra-bat\/batchater-princess-v52\/#breadcrumb"},"inLanguage":"en-US","potentialAction":[{"@type":"ReadAction","target":["https:\/\/nautilus.se\/hyra-bat\/batchater-princess-v52\/"]}]},{"@type":"ImageObject","inLanguage":"en-US","@id":"https:\/\/nautilus.se\/hyra-bat\/batchater-princess-v52\/#primaryimage","url":"https:\/\/nautilus.se\/wp-content\/uploads\/2022\/05\/Princess-V52-Strandvagen3-1.jpg","contentUrl":"https:\/\/nautilus.se\/wp-content\/uploads\/2022\/05\/Princess-V52-Strandvagen3-1.jpg","width":2048,"height":1604},{"@type":"BreadcrumbList","@id":"https:\/\/nautilus.se\/hyra-bat\/batchater-princess-v52\/#breadcrumb","itemListElement":[{"@type":"ListItem","position":1,"name":"Home","item":"https:\/\/nautilus.se\/"},{"@type":"ListItem","position":2,"name":"Hyr b\u00e5t enkelt och tryggt","item":"https:\/\/nautilus.se\/hyra-bat-old\/"},{"@type":"ListItem","position":3,"name":"B\u00e5tcharter med Princess V52"}]},{"@type":"WebSite","@id":"https:\/\/nautilus.se\/#website","url":"https:\/\/nautilus.se\/","name":"Nautilus Boat Club","description":"H\u00e4r kan du hyra b\u00e5t, dela b\u00e5t, del\u00e4ga b\u00e5t och vara med i b\u00e5tpool.","publisher":{"@id":"https:\/\/nautilus.se\/#organization"},"potentialAction":[{"@type":"SearchAction","target":{"@type":"EntryPoint","urlTemplate":"https:\/\/nautilus.se\/?s={search_term_string}"},"query-input":{"@type":"PropertyValueSpecification","valueRequired":true,"valueName":"search_term_string"}}],"inLanguage":"en-US"},{"@type":"Organization","@id":"https:\/\/nautilus.se\/#organization","name":"Nautilus Boat Club AB","alternateName":"Nautilus Boat Club","url":"https:\/\/nautilus.se\/","logo":{"@type":"ImageObject","inLanguage":"en-US","@id":"https:\/\/nautilus.se\/#\/schema\/logo\/image\/","url":"https:\/\/nautilus.se\/wp-content\/uploads\/2022\/10\/Nautilus-shell-blue-back-w-logo.png","contentUrl":"https:\/\/nautilus.se\/wp-content\/uploads\/2022\/10\/Nautilus-shell-blue-back-w-logo.png","width":1755,"height":1130,"caption":"Nautilus Boat Club AB"},"image":{"@id":"https:\/\/nautilus.se\/#\/schema\/logo\/image\/"},"sameAs":["https:\/\/www.facebook.com\/nautilusboatclub\/","https:\/\/www.instagram.com\/nautilusboatclub\/","https:\/\/www.linkedin.com\/company\/4998214\/admin\/","https:\/\/www.youtube.com\/channel\/UCrhrs3yv-t72B5igMm2keKQ\/videos?app=desktop"]}]}},"_links":{"self":[{"href":"https:\/\/nautilus.se\/eng\/wp-json\/wp\/v2\/product\/15187","targetHints":{"allow":["GET"]}}],"collection":[{"href":"https:\/\/nautilus.se\/eng\/wp-json\/wp\/v2\/product"}],"about":[{"href":"https:\/\/nautilus.se\/eng\/wp-json\/wp\/v2\/types\/product"}],"version-history":[{"count":4,"href":"https:\/\/nautilus.se\/eng\/wp-json\/wp\/v2\/product\/15187\/revisions"}],"predecessor-version":[{"id":28174,"href":"https:\/\/nautilus.se\/eng\/wp-json\/wp\/v2\/product\/15187\/revisions\/28174"}],"wp:featuredmedia":[{"embeddable":true,"href":"https:\/\/nautilus.se\/eng\/wp-json\/wp\/v2\/media\/28287"}],"wp:attachment":[{"href":"https:\/\/nautilus.se\/eng\/wp-json\/wp\/v2\/media?parent=15187"}],"wp:term":[{"taxonomy":"product_brand","embeddable":true,"href":"https:\/\/nautilus.se\/eng\/wp-json\/wp\/v2\/product_brand?post=15187"},{"taxonomy":"product_cat","embeddable":true,"href":"https:\/\/nautilus.se\/eng\/wp-json\/wp\/v2\/product_cat?post=15187"},{"taxonomy":"product_tag","embeddable":true,"href":"https:\/\/nautilus.se\/eng\/wp-json\/wp\/v2\/product_tag?post=15187"}],"curies":[{"name":"wp","href":"https:\/\/api.w.org\/{rel}","templated":true}]}}