{"id":15465,"date":"2022-05-30T12:27:55","date_gmt":"2022-05-30T11:27:55","guid":{"rendered":"https:\/\/nautilus.se\/?post_type=product&#038;p=15465"},"modified":"2026-03-20T17:44:27","modified_gmt":"2026-03-20T15:44:27","slug":"aquador-28-ht","status":"publish","type":"product","link":"https:\/\/nautilus.se\/eng\/hyra-bat\/aquador-28-ht\/","title":{"rendered":"Aquador 28 HT"},"content":{"rendered":"<div class=\"container\">\n<div class=\"left\">\n<p>Rent the sought-after Aquador 28 HT!<\/p>\n<p>A perfect, well-planned family boat for 4-5 people who want to be able to go on longer cruises in the archipelago during the warm, but also colder days of the year. Due to its hardtop that is well designed to suit the commuting Scandinavian climate, the boat offers an extended boating season. Aquador 28 HT corresponds in terms of size to what is today called the Aquador 30 HT, where the primary difference is the size of the bathing platform.<\/p>\n<p>The boat has an excellent layout with large social areas. In the stern there is a U-shaped sofa that can easily be converted into a sunbed for sunny summer days or a sleeping space for 1-2 people. Indoors, there is room for an additional 4 people to sleep, distributed in the foredeck or in the larger cabin with its own door for privacy. There is also a separate bathroom with WC and shower. Outdoors in the cockpit is an outdoor shower on the stern deck and here is also the galley, which is provided with a stove with two plates (diesel), refrigerator, sink with hot and cold water (fresh water), plenty of storage space, compartments, and drawers. There are plenty of additional storage areas throughout the boat where luggage and groceries can be stowed. \nOn board there is also heating with an exhaust in all spaces that drives away cold and moisture.<\/p>\n<p>The 370-horsepower diesel engine provides a cruising speed of 22\u201325 knots and is both effective and fuel-efficient. The maximum speed is over 30 knots, but if you don't want to miss out on all the beautiful views of the excursion, cruising comfortably at 7-9 knots works just as well.<\/p>\n<p>&nbsp;<\/p>\n<div class=\"left\">\n<p class=\" translation-block\"><strong>Safe to rent a boat!<\/strong><br>\nWe know that your boat days are valuable! When you rent a boat through Nautilus, fast support is always included.<br>\nIf there is a problem with the boat during your rental, we will come out and fix it on site.<\/p>\n<p>&nbsp;<\/p>\n<\/div>\n<p>Privately owned and chartered by Nautilus<br \/>\nDown payment\/deposit at 30%. Residue 30 days before check-in.<br \/>\nBoater certificate and experience are required.<br \/>\nIncheckning fr\u00e5n kl 15.00<br \/>\nUtcheckning kl 10.00<br \/>\nDjur och r\u00f6kning ej till\u00e5tet<br \/>\nParkering mot mindre kostnad<br \/>\nBokningsbar: 7-28 dagar<br \/>\nCancellation: 30 days in advance<br \/>\n\u00c5ldersgr\u00e4ns: 30 \u00e5r<br \/>\nDeposition\/sj\u00e4lvrisk: 15.000kr<br \/>\nHamn: Bulland\u00f6 marina, V\u00e4rmd\u00f6<\/p>\n<\/div>\n<p>&nbsp;<\/p>\n<p>&nbsp;<\/p>\n<div class=\"right\">\n<h3>Utrustad med<\/h3>\n<ul>\n<li>Stove with two plates (diesel)<\/li>\n<li>Refrigerator (electric)<\/li>\n<li>Large extra cooler<\/li>\n<li>Defroster<\/li>\n<li>Land current<\/li>\n<li>Solceller 2x75W<\/li>\n<li>Bow thruster<\/li>\n<li>Fresh water and hot water system<\/li>\n<li>Shower on the stern deck<\/li>\n<li>Hot\/cold water<\/li>\n<li>Trim plan<\/li>\n<li>Dusch i WC<\/li>\n<li>Elektrisk WC med septitank<\/li>\n<li>Garmin Plotter med nyk\u00f6pt sj\u00f6kort f\u00f6r bl. a Stockholms sk\u00e4rg\u00e5rd och M\u00e4laren<\/li>\n<li>Fj\u00e4rrstyrd str\u00e5lkastare<\/li>\n<li>Ankarspel i aktern med fj\u00e4rrstyrning<\/li>\n<li>V\u00e4rmare Wallas diesel<\/li>\n<\/ul>\n<p>B\u00e5ten hyrs endast ut till dig som \u00e4r minst 30 \u00e5r och har dokumenterat bevis p\u00e5 minst F\u00f6rarintyg samt dokumenterad vana av att ha framf\u00f6rt liknande snabbg\u00e5ende b\u00e5t de senaste fem \u00e5ren. Detta g\u00e4ller den av er som ska framf\u00f6ra b\u00e5ten. Husdjur och r\u00f6kning \u00e4r ej till\u00e5tet ombord.<\/p>\n<\/div>\n<\/div>","protected":false},"excerpt":{"rendered":"<div class=\"left\">\n<p>Booked weekly. Changeover day Sundays.<\/p>\n<\/div>","protected":false},"featured_media":22165,"template":"","meta":[],"product_brand":[300],"product_cat":[18,293],"product_tag":[90],"class_list":{"0":"post-15465","1":"product","2":"type-product","3":"status-publish","4":"has-post-thumbnail","6":"product_brand-aquador","7":"product_cat-motorbatar","8":"product_cat-veckohyra","9":"product_tag-bullando","11":"first","12":"instock","13":"virtual","14":"sold-individually","15":"purchasable","16":"product-type-accommodation-booking"},"booking_location":"","booking_location_type":"","booking_duration":1,"booking_duration_unit":"night","booking_buffer":0,"booking_cost":0,"booking_resources":[15502],"exclude_global_add_ons":false,"addons":[{"name":"Final cleaning","type":"checkbox","position":0,"required":false,"title_format":"heading","default":"","description_enable":false,"description":"","placeholder_enable":false,"placeholder":"","display":"select","restrictions_type":"any_text","adjust_price":false,"price":"","price_type":"flat_fee","restrictions":false,"min":"0","max":"0","options":[{"label":"Pris","price":"1500","price_type":"quantity_based","image":0,"visibility":true}],"id":1773501177},{"name":"Rubber dinghy","type":"checkbox","position":1,"required":false,"title_format":"heading","default":"","description_enable":false,"description":"","placeholder_enable":false,"placeholder":"","display":"select","restrictions_type":"any_text","adjust_price":false,"price":"","price_type":"flat_fee","restrictions":false,"min":"0","max":"0","options":[{"label":"Per tillf\u00e4lle","price":"600","price_type":"quantity_based","image":0,"visibility":true}],"id":1773501178},{"name":"Engine to the dinghy","type":"checkbox","position":2,"required":false,"title_format":"heading","default":"","description_enable":false,"description":"","placeholder_enable":false,"placeholder":"","display":"select","restrictions_type":"any_text","adjust_price":false,"price":"","price_type":"flat_fee","restrictions":false,"min":"0","max":"0","options":[{"label":"Per tillf\u00e4lle","price":"500","price_type":"quantity_based","image":0,"visibility":true}],"id":1773501179},{"name":"SUP board, inflatable","type":"checkbox","position":3,"required":false,"title_format":"heading","default":"","description_enable":false,"description":"","placeholder_enable":false,"placeholder":"","display":"select","restrictions_type":"any_text","adjust_price":false,"price":"","price_type":"flat_fee","restrictions":false,"min":"0","max":"0","options":[{"label":"Per tillf\u00e4lle","price":"450","price_type":"quantity_based","image":0,"visibility":true}],"id":1773501180},{"name":"4G Wi-Fi, unlimited","type":"checkbox","position":4,"required":false,"title_format":"heading","default":"","description_enable":false,"description":"","placeholder_enable":false,"placeholder":"","display":"select","restrictions_type":"any_text","adjust_price":false,"price":"","price_type":"flat_fee","restrictions":false,"min":"0","max":"0","options":[{"label":"Per tillf\u00e4lle","price":"450","price_type":"quantity_based","image":0,"visibility":true}],"id":1773501181},{"name":"Linnens","type":"input_multiplier","position":5,"required":false,"title_format":"heading","default":"","description_enable":false,"description":"Lakanset &amp; badhandduk","placeholder_enable":false,"placeholder":"","display":"select","restrictions_type":"any_text","adjust_price":true,"price":"250","price_type":"quantity_based","restrictions":true,"min":"0","max":"8","options":[],"id":1773501182},{"name":"Nautic ability","type":"custom_text","position":6,"required":true,"title_format":"heading","default":"","description_enable":false,"description":"","placeholder_enable":false,"placeholder":"","display":"select","restrictions_type":"any_text","adjust_price":false,"price":"","price_type":"flat_fee","restrictions":false,"min":"0","max":"0","options":[],"id":1773501183}],"yoast_head":"<!-- This site is optimized with the Yoast SEO Premium plugin v27.3 (Yoast SEO v27.4) - https:\/\/yoast.com\/product\/yoast-seo-premium-wordpress\/ -->\n<title>Hyr Aquador 28 HT i Stockholm - Nautilus Boat Club<\/title>\n<meta name=\"description\" content=\"Hyr Aquador 28 HT i Stockholm - Nautilus Boat Club. Hyr eller dela b\u00e5t f\u00f6r ett enkelt och m\u00e5ngsidigt b\u00e5tliv.\" \/>\n<meta name=\"robots\" content=\"index, follow, max-snippet:-1, max-image-preview:large, max-video-preview:-1\" \/>\n<link rel=\"canonical\" href=\"https:\/\/nautilus.se\/eng\/hyra-bat\/aquador-28-ht\/\" \/>\n<meta property=\"og:locale\" content=\"en_US\" \/>\n<meta property=\"og:type\" content=\"article\" \/>\n<meta property=\"og:title\" content=\"Aquador 28 HT\" \/>\n<meta property=\"og:description\" content=\"Hyr Aquador 28 HT i Stockholm - Nautilus Boat Club. Hyr eller dela b\u00e5t f\u00f6r ett enkelt och m\u00e5ngsidigt b\u00e5tliv.\" \/>\n<meta property=\"og:url\" content=\"https:\/\/nautilus.se\/eng\/hyra-bat\/aquador-28-ht\/\" \/>\n<meta property=\"og:site_name\" content=\"Nautilus Boat Club\" \/>\n<meta property=\"article:publisher\" content=\"https:\/\/www.facebook.com\/nautilusboatclub\/\" \/>\n<meta property=\"article:modified_time\" content=\"2026-03-20T15:44:27+00:00\" \/>\n<meta property=\"og:image\" content=\"https:\/\/nautilus.se\/wp-content\/uploads\/2022\/05\/received_783810879998858.jpeg\" \/>\n\t<meta property=\"og:image:width\" content=\"2047\" \/>\n\t<meta property=\"og:image:height\" content=\"1155\" \/>\n\t<meta property=\"og:image:type\" content=\"image\/jpeg\" \/>\n<meta name=\"twitter:card\" content=\"summary_large_image\" \/>\n<meta name=\"twitter:label1\" content=\"Est. reading time\" \/>\n\t<meta name=\"twitter:data1\" content=\"3 minutes\" \/>\n<script type=\"application\/ld+json\" class=\"yoast-schema-graph\">{\"@context\":\"https:\\\/\\\/schema.org\",\"@graph\":[{\"@type\":\"WebPage\",\"@id\":\"https:\\\/\\\/nautilus.se\\\/hyra-bat\\\/aquador-28-ht\\\/\",\"url\":\"https:\\\/\\\/nautilus.se\\\/hyra-bat\\\/aquador-28-ht\\\/\",\"name\":\"Hyr Aquador 28 HT i Stockholm - Nautilus Boat Club\",\"isPartOf\":{\"@id\":\"https:\\\/\\\/nautilus.se\\\/#website\"},\"primaryImageOfPage\":{\"@id\":\"https:\\\/\\\/nautilus.se\\\/hyra-bat\\\/aquador-28-ht\\\/#primaryimage\"},\"image\":{\"@id\":\"https:\\\/\\\/nautilus.se\\\/hyra-bat\\\/aquador-28-ht\\\/#primaryimage\"},\"thumbnailUrl\":\"https:\\\/\\\/nautilus.se\\\/wp-content\\\/uploads\\\/2022\\\/05\\\/received_783810879998858.jpeg\",\"datePublished\":\"2022-05-30T11:27:55+00:00\",\"dateModified\":\"2026-03-20T15:44:27+00:00\",\"description\":\"Hyr Aquador 28 HT i Stockholm - Nautilus Boat Club. Hyr eller dela b\u00e5t f\u00f6r ett enkelt och m\u00e5ngsidigt b\u00e5tliv.\",\"breadcrumb\":{\"@id\":\"https:\\\/\\\/nautilus.se\\\/hyra-bat\\\/aquador-28-ht\\\/#breadcrumb\"},\"inLanguage\":\"en-US\",\"potentialAction\":[{\"@type\":\"ReadAction\",\"target\":[\"https:\\\/\\\/nautilus.se\\\/hyra-bat\\\/aquador-28-ht\\\/\"]}]},{\"@type\":\"ImageObject\",\"inLanguage\":\"en-US\",\"@id\":\"https:\\\/\\\/nautilus.se\\\/hyra-bat\\\/aquador-28-ht\\\/#primaryimage\",\"url\":\"https:\\\/\\\/nautilus.se\\\/wp-content\\\/uploads\\\/2022\\\/05\\\/received_783810879998858.jpeg\",\"contentUrl\":\"https:\\\/\\\/nautilus.se\\\/wp-content\\\/uploads\\\/2022\\\/05\\\/received_783810879998858.jpeg\",\"width\":2047,\"height\":1155},{\"@type\":\"BreadcrumbList\",\"@id\":\"https:\\\/\\\/nautilus.se\\\/hyra-bat\\\/aquador-28-ht\\\/#breadcrumb\",\"itemListElement\":[{\"@type\":\"ListItem\",\"position\":1,\"name\":\"Home\",\"item\":\"https:\\\/\\\/nautilus.se\\\/\"},{\"@type\":\"ListItem\",\"position\":2,\"name\":\"Hyr b\u00e5t enkelt och tryggt\",\"item\":\"https:\\\/\\\/nautilus.se\\\/hyra-bat-old\\\/\"},{\"@type\":\"ListItem\",\"position\":3,\"name\":\"Aquador 28 HT\"}]},{\"@type\":\"WebSite\",\"@id\":\"https:\\\/\\\/nautilus.se\\\/#website\",\"url\":\"https:\\\/\\\/nautilus.se\\\/\",\"name\":\"Nautilus Boat Club\",\"description\":\"H\u00e4r kan du hyra b\u00e5t, dela b\u00e5t, del\u00e4ga b\u00e5t och vara med i b\u00e5tpool.\",\"publisher\":{\"@id\":\"https:\\\/\\\/nautilus.se\\\/#organization\"},\"potentialAction\":[{\"@type\":\"SearchAction\",\"target\":{\"@type\":\"EntryPoint\",\"urlTemplate\":\"https:\\\/\\\/nautilus.se\\\/?s={search_term_string}\"},\"query-input\":{\"@type\":\"PropertyValueSpecification\",\"valueRequired\":true,\"valueName\":\"search_term_string\"}}],\"inLanguage\":\"en-US\"},{\"@type\":\"Organization\",\"@id\":\"https:\\\/\\\/nautilus.se\\\/#organization\",\"name\":\"Nautilus Boat Club AB\",\"alternateName\":\"Nautilus Boat Club\",\"url\":\"https:\\\/\\\/nautilus.se\\\/\",\"logo\":{\"@type\":\"ImageObject\",\"inLanguage\":\"en-US\",\"@id\":\"https:\\\/\\\/nautilus.se\\\/#\\\/schema\\\/logo\\\/image\\\/\",\"url\":\"https:\\\/\\\/nautilus.se\\\/wp-content\\\/uploads\\\/2022\\\/10\\\/Nautilus-shell-blue-back-w-logo.png\",\"contentUrl\":\"https:\\\/\\\/nautilus.se\\\/wp-content\\\/uploads\\\/2022\\\/10\\\/Nautilus-shell-blue-back-w-logo.png\",\"width\":1755,\"height\":1130,\"caption\":\"Nautilus Boat Club AB\"},\"image\":{\"@id\":\"https:\\\/\\\/nautilus.se\\\/#\\\/schema\\\/logo\\\/image\\\/\"},\"sameAs\":[\"https:\\\/\\\/www.facebook.com\\\/nautilusboatclub\\\/\",\"https:\\\/\\\/www.instagram.com\\\/nautilusboatclub\\\/\",\"https:\\\/\\\/www.linkedin.com\\\/company\\\/4998214\\\/admin\\\/\",\"https:\\\/\\\/www.youtube.com\\\/channel\\\/UCrhrs3yv-t72B5igMm2keKQ\\\/videos?app=desktop\"]}]}<\/script>\n<!-- \/ Yoast SEO Premium plugin. -->","yoast_head_json":{"title":"Rent Aquador 28 HT in Stockholm - Nautilus Boat Club","description":"Hyr Aquador 28 HT i Stockholm - Nautilus Boat Club. Hyr eller dela b\u00e5t f\u00f6r ett enkelt och m\u00e5ngsidigt b\u00e5tliv.","robots":{"index":"index","follow":"follow","max-snippet":"max-snippet:-1","max-image-preview":"max-image-preview:large","max-video-preview":"max-video-preview:-1"},"canonical":"https:\/\/nautilus.se\/eng\/hyra-bat\/aquador-28-ht\/","og_locale":"en_US","og_type":"article","og_title":"Aquador 28 HT","og_description":"Hyr Aquador 28 HT i Stockholm - Nautilus Boat Club. Hyr eller dela b\u00e5t f\u00f6r ett enkelt och m\u00e5ngsidigt b\u00e5tliv.","og_url":"https:\/\/nautilus.se\/eng\/hyra-bat\/aquador-28-ht\/","og_site_name":"Nautilus Boat Club","article_publisher":"https:\/\/www.facebook.com\/nautilusboatclub\/","article_modified_time":"2026-03-20T15:44:27+00:00","og_image":[{"width":2047,"height":1155,"url":"https:\/\/nautilus.se\/wp-content\/uploads\/2022\/05\/received_783810879998858.jpeg","type":"image\/jpeg"}],"twitter_card":"summary_large_image","twitter_misc":{"Est. reading time":"3 minutes"},"schema":{"@context":"https:\/\/schema.org","@graph":[{"@type":"WebPage","@id":"https:\/\/nautilus.se\/hyra-bat\/aquador-28-ht\/","url":"https:\/\/nautilus.se\/hyra-bat\/aquador-28-ht\/","name":"Rent Aquador 28 HT in Stockholm - Nautilus Boat Club","isPartOf":{"@id":"https:\/\/nautilus.se\/#website"},"primaryImageOfPage":{"@id":"https:\/\/nautilus.se\/hyra-bat\/aquador-28-ht\/#primaryimage"},"image":{"@id":"https:\/\/nautilus.se\/hyra-bat\/aquador-28-ht\/#primaryimage"},"thumbnailUrl":"https:\/\/nautilus.se\/wp-content\/uploads\/2022\/05\/received_783810879998858.jpeg","datePublished":"2022-05-30T11:27:55+00:00","dateModified":"2026-03-20T15:44:27+00:00","description":"Hyr Aquador 28 HT i Stockholm - Nautilus Boat Club. Hyr eller dela b\u00e5t f\u00f6r ett enkelt och m\u00e5ngsidigt b\u00e5tliv.","breadcrumb":{"@id":"https:\/\/nautilus.se\/hyra-bat\/aquador-28-ht\/#breadcrumb"},"inLanguage":"en-US","potentialAction":[{"@type":"ReadAction","target":["https:\/\/nautilus.se\/hyra-bat\/aquador-28-ht\/"]}]},{"@type":"ImageObject","inLanguage":"en-US","@id":"https:\/\/nautilus.se\/hyra-bat\/aquador-28-ht\/#primaryimage","url":"https:\/\/nautilus.se\/wp-content\/uploads\/2022\/05\/received_783810879998858.jpeg","contentUrl":"https:\/\/nautilus.se\/wp-content\/uploads\/2022\/05\/received_783810879998858.jpeg","width":2047,"height":1155},{"@type":"BreadcrumbList","@id":"https:\/\/nautilus.se\/hyra-bat\/aquador-28-ht\/#breadcrumb","itemListElement":[{"@type":"ListItem","position":1,"name":"Home","item":"https:\/\/nautilus.se\/"},{"@type":"ListItem","position":2,"name":"Hyr b\u00e5t enkelt och tryggt","item":"https:\/\/nautilus.se\/hyra-bat-old\/"},{"@type":"ListItem","position":3,"name":"Aquador 28 HT"}]},{"@type":"WebSite","@id":"https:\/\/nautilus.se\/#website","url":"https:\/\/nautilus.se\/","name":"Nautilus Boat Club","description":"H\u00e4r kan du hyra b\u00e5t, dela b\u00e5t, del\u00e4ga b\u00e5t och vara med i b\u00e5tpool.","publisher":{"@id":"https:\/\/nautilus.se\/#organization"},"potentialAction":[{"@type":"SearchAction","target":{"@type":"EntryPoint","urlTemplate":"https:\/\/nautilus.se\/?s={search_term_string}"},"query-input":{"@type":"PropertyValueSpecification","valueRequired":true,"valueName":"search_term_string"}}],"inLanguage":"en-US"},{"@type":"Organization","@id":"https:\/\/nautilus.se\/#organization","name":"Nautilus Boat Club AB","alternateName":"Nautilus Boat Club","url":"https:\/\/nautilus.se\/","logo":{"@type":"ImageObject","inLanguage":"en-US","@id":"https:\/\/nautilus.se\/#\/schema\/logo\/image\/","url":"https:\/\/nautilus.se\/wp-content\/uploads\/2022\/10\/Nautilus-shell-blue-back-w-logo.png","contentUrl":"https:\/\/nautilus.se\/wp-content\/uploads\/2022\/10\/Nautilus-shell-blue-back-w-logo.png","width":1755,"height":1130,"caption":"Nautilus Boat Club AB"},"image":{"@id":"https:\/\/nautilus.se\/#\/schema\/logo\/image\/"},"sameAs":["https:\/\/www.facebook.com\/nautilusboatclub\/","https:\/\/www.instagram.com\/nautilusboatclub\/","https:\/\/www.linkedin.com\/company\/4998214\/admin\/","https:\/\/www.youtube.com\/channel\/UCrhrs3yv-t72B5igMm2keKQ\/videos?app=desktop"]}]}},"_links":{"self":[{"href":"https:\/\/nautilus.se\/eng\/wp-json\/wp\/v2\/product\/15465","targetHints":{"allow":["GET"]}}],"collection":[{"href":"https:\/\/nautilus.se\/eng\/wp-json\/wp\/v2\/product"}],"about":[{"href":"https:\/\/nautilus.se\/eng\/wp-json\/wp\/v2\/types\/product"}],"version-history":[{"count":11,"href":"https:\/\/nautilus.se\/eng\/wp-json\/wp\/v2\/product\/15465\/revisions"}],"predecessor-version":[{"id":32614,"href":"https:\/\/nautilus.se\/eng\/wp-json\/wp\/v2\/product\/15465\/revisions\/32614"}],"wp:featuredmedia":[{"embeddable":true,"href":"https:\/\/nautilus.se\/eng\/wp-json\/wp\/v2\/media\/22165"}],"wp:attachment":[{"href":"https:\/\/nautilus.se\/eng\/wp-json\/wp\/v2\/media?parent=15465"}],"wp:term":[{"taxonomy":"product_brand","embeddable":true,"href":"https:\/\/nautilus.se\/eng\/wp-json\/wp\/v2\/product_brand?post=15465"},{"taxonomy":"product_cat","embeddable":true,"href":"https:\/\/nautilus.se\/eng\/wp-json\/wp\/v2\/product_cat?post=15465"},{"taxonomy":"product_tag","embeddable":true,"href":"https:\/\/nautilus.se\/eng\/wp-json\/wp\/v2\/product_tag?post=15465"}],"curies":[{"name":"wp","href":"https:\/\/api.w.org\/{rel}","templated":true}]}}