{"id":15568,"date":"2022-06-05T19:48:23","date_gmt":"2022-06-05T18:48:23","guid":{"rendered":"https:\/\/nautilus.se\/?post_type=product&#038;p=15568"},"modified":"2023-03-17T10:09:10","modified_gmt":"2023-03-17T09:09:10","slug":"premium-batabonnemang","status":"publish","type":"product","link":"https:\/\/nautilus.se\/eng\/hyra-bat\/premium-batabonnemang\/","title":{"rendered":"Premium B\u00e5tabonnemang"},"content":{"rendered":"<p style=\"text-align: center;\">Detta abonnemang passar bra n\u00e4r du vill anv\u00e4nda de mellanstora b\u00e5tarna. Bokningskrediten r\u00e4cker till ca 20 dagar med dessa.<br \/>\nBindningstid p\u00e5 bara en s\u00e4song i taget.<br \/>\nPremium Assistens ing\u00e5r. Tryggt att veta om n\u00e5nting skulle h\u00e4nda n\u00e4r du \u00e4r ute med en b\u00e5t.<\/p>\n<p style=\"text-align: center;\">L\u00e4ngden p\u00e5 respektive bokning framg\u00e5r per b\u00e5t. Sm\u00e5 b\u00e5tar kan bokas tex 1 dag i taget och st\u00f6rre b\u00e5tar upp till 14 dagar per bokning som l\u00e4ngst.<\/p>\n<p>&nbsp;<\/p>\n<p>Included<\/p>\n<ul>\n<li>48.000kr bokningskredit<\/li>\n<li>Premium Assistens<\/li>\n<li>Segel- och motorb\u00e5tar<\/li>\n<li>Jet ski, kayak, SUP, etc<\/li>\n<li>Unlimited number of bookings<\/li>\n<li>&lt;4 anv\u00e4ndare f\u00f6r f\u00f6retag<\/li>\n<\/ul>\n<p>F\u00f6rdelar mot att hyra b\u00e5t<\/p>\n<ul>\n<li>access to all the bots in the fleet<\/li>\n<li>more flexible booking rules<\/li>\n<li>h\u00e4mta och l\u00e4mna b\u00e5t sj\u00e4lv n\u00e4r du vill<\/li>\n<li>up to 50% cheaper<\/li>\n<li>b\u00e4ttre avbokningsregler<\/li>\n<\/ul>\n<p>F\u00f6r att teckna abonnemang g\u00e4ller<\/p>\n<ul>\n<li>kan tecknas privat eller p\u00e5 f\u00f6retag<\/li>\n<li>Swedish personal\/organization number<\/li>\n<li>anv\u00e4ndare ska vara minst 25 \u00e5r<\/li>\n<li>anv\u00e4ndare ska ha l\u00e4gst F\u00f6rarintyg<\/li>\n<li>god praktisk b\u00e5terfarenhet<\/li>\n<li>Saknas intyg och\/eller erfarenhet kan du g\u00e5 v\u00e5r introduktionsutbildning<\/li>\n<\/ul>\n<div>Abonnemangskostnad 46.200kr. 3.850kr dras m\u00e5nadsvis.<br \/>\nInklusive moms privat, exklusive moms f\u00f6retag.<\/div>\n<p>&nbsp;<\/p>","protected":false},"excerpt":{"rendered":"<p><strong>3.850kr per m\u00e5nad<\/strong><\/p>","protected":false},"featured_media":20101,"template":"","meta":[],"product_brand":[],"product_cat":[143],"product_tag":[],"class_list":{"0":"post-15568","1":"product","2":"type-product","3":"status-publish","4":"has-post-thumbnail","6":"product_cat-medlemskap","8":"first","9":"instock","10":"virtual","11":"taxable","12":"purchasable","13":"product-type-simple"},"booking_location":null,"booking_location_type":null,"booking_duration":null,"booking_duration_unit":null,"booking_buffer":null,"booking_cost":null,"booking_resources":null,"exclude_global_add_ons":false,"addons":[{"name":"\u00c5lder","type":"checkbox","position":0,"required":true,"title_format":"label","default":"","description_enable":false,"description":"","placeholder_enable":false,"placeholder":"","display":"select","restrictions_type":"any_text","adjust_price":false,"price":"","price_type":"flat_fee","restrictions":false,"min":"0","max":"0","options":[{"label":"Jag \u00e4r 25\u00e5r eller \u00e4ldre","price":"","price_type":"flat_fee","image":0,"visibility":true}],"id":1679046469},{"name":"B\u00e5terfarnehet","type":"multiple_choice","position":1,"required":true,"title_format":"label","default":"","description_enable":false,"description":"","placeholder_enable":false,"placeholder":"","display":"radiobutton","restrictions_type":"any_text","adjust_price":false,"price":"","price_type":"flat_fee","restrictions":false,"min":"0","max":"0","options":[{"label":"Jag har god b\u00e5tvana och F\u00f6rarintyg eller motsvarande","price":"","price_type":"flat_fee","image":0,"visibility":true},{"label":"Jag har god b\u00e5tvana men inget intyg","price":"","price_type":"flat_fee","image":0,"visibility":true},{"label":"Jag beh\u00f6ver l\u00e4ra mig mera","price":"","price_type":"flat_fee","image":0,"visibility":true}],"id":1679046470}],"yoast_head":"<!-- This site is optimized with the Yoast SEO Premium plugin v27.4 (Yoast SEO v27.5) - https:\/\/yoast.com\/product\/yoast-seo-premium-wordpress\/ -->\n<title>Premium b\u00e5tabonnemang | Nautilus Boat Club<\/title>\n<meta name=\"robots\" content=\"index, follow, max-snippet:-1, max-image-preview:large, max-video-preview:-1\" \/>\n<link rel=\"canonical\" href=\"https:\/\/nautilus.se\/eng\/hyra-bat\/premium-batabonnemang\/\" \/>\n<meta property=\"og:locale\" content=\"en_US\" \/>\n<meta property=\"og:type\" content=\"article\" \/>\n<meta property=\"og:title\" content=\"Premium B\u00e5tabonnemang\" \/>\n<meta property=\"og:description\" content=\"3.850kr per m\u00e5nad\" \/>\n<meta property=\"og:url\" content=\"https:\/\/nautilus.se\/eng\/hyra-bat\/premium-batabonnemang\/\" \/>\n<meta property=\"og:site_name\" content=\"Nautilus Boat Club\" \/>\n<meta property=\"article:publisher\" content=\"https:\/\/www.facebook.com\/nautilusboatclub\/\" \/>\n<meta property=\"article:modified_time\" content=\"2023-03-17T09:09:10+00:00\" \/>\n<meta property=\"og:image\" content=\"https:\/\/nautilus.se\/wp-content\/uploads\/2023\/01\/X-Shore-1-scaled.jpg\" \/>\n\t<meta property=\"og:image:width\" content=\"2560\" \/>\n\t<meta property=\"og:image:height\" content=\"1708\" \/>\n\t<meta property=\"og:image:type\" content=\"image\/jpeg\" \/>\n<meta name=\"twitter:card\" content=\"summary_large_image\" \/>\n<meta name=\"twitter:label1\" content=\"Est. reading time\" \/>\n\t<meta name=\"twitter:data1\" content=\"1 minute\" \/>\n<script type=\"application\/ld+json\" class=\"yoast-schema-graph\">{\"@context\":\"https:\\\/\\\/schema.org\",\"@graph\":[{\"@type\":\"WebPage\",\"@id\":\"https:\\\/\\\/nautilus.se\\\/hyra-bat\\\/premium-batabonnemang\\\/\",\"url\":\"https:\\\/\\\/nautilus.se\\\/hyra-bat\\\/premium-batabonnemang\\\/\",\"name\":\"Premium b\u00e5tabonnemang | Nautilus Boat Club\",\"isPartOf\":{\"@id\":\"https:\\\/\\\/nautilus.se\\\/#website\"},\"primaryImageOfPage\":{\"@id\":\"https:\\\/\\\/nautilus.se\\\/hyra-bat\\\/premium-batabonnemang\\\/#primaryimage\"},\"image\":{\"@id\":\"https:\\\/\\\/nautilus.se\\\/hyra-bat\\\/premium-batabonnemang\\\/#primaryimage\"},\"thumbnailUrl\":\"https:\\\/\\\/nautilus.se\\\/wp-content\\\/uploads\\\/2023\\\/01\\\/X-Shore-1-scaled.jpg\",\"datePublished\":\"2022-06-05T18:48:23+00:00\",\"dateModified\":\"2023-03-17T09:09:10+00:00\",\"breadcrumb\":{\"@id\":\"https:\\\/\\\/nautilus.se\\\/hyra-bat\\\/premium-batabonnemang\\\/#breadcrumb\"},\"inLanguage\":\"en-US\",\"potentialAction\":[{\"@type\":\"ReadAction\",\"target\":[\"https:\\\/\\\/nautilus.se\\\/hyra-bat\\\/premium-batabonnemang\\\/\"]}]},{\"@type\":\"ImageObject\",\"inLanguage\":\"en-US\",\"@id\":\"https:\\\/\\\/nautilus.se\\\/hyra-bat\\\/premium-batabonnemang\\\/#primaryimage\",\"url\":\"https:\\\/\\\/nautilus.se\\\/wp-content\\\/uploads\\\/2023\\\/01\\\/X-Shore-1-scaled.jpg\",\"contentUrl\":\"https:\\\/\\\/nautilus.se\\\/wp-content\\\/uploads\\\/2023\\\/01\\\/X-Shore-1-scaled.jpg\",\"width\":2560,\"height\":1708},{\"@type\":\"BreadcrumbList\",\"@id\":\"https:\\\/\\\/nautilus.se\\\/hyra-bat\\\/premium-batabonnemang\\\/#breadcrumb\",\"itemListElement\":[{\"@type\":\"ListItem\",\"position\":1,\"name\":\"Home\",\"item\":\"https:\\\/\\\/nautilus.se\\\/\"},{\"@type\":\"ListItem\",\"position\":2,\"name\":\"Hyr b\u00e5t enkelt och tryggt\",\"item\":\"https:\\\/\\\/nautilus.se\\\/hyra-bat-old\\\/\"},{\"@type\":\"ListItem\",\"position\":3,\"name\":\"Premium B\u00e5tabonnemang\"}]},{\"@type\":\"WebSite\",\"@id\":\"https:\\\/\\\/nautilus.se\\\/#website\",\"url\":\"https:\\\/\\\/nautilus.se\\\/\",\"name\":\"Nautilus Boat Club\",\"description\":\"H\u00e4r kan du hyra b\u00e5t, dela b\u00e5t, del\u00e4ga b\u00e5t och vara med i b\u00e5tpool.\",\"publisher\":{\"@id\":\"https:\\\/\\\/nautilus.se\\\/#organization\"},\"potentialAction\":[{\"@type\":\"SearchAction\",\"target\":{\"@type\":\"EntryPoint\",\"urlTemplate\":\"https:\\\/\\\/nautilus.se\\\/?s={search_term_string}\"},\"query-input\":{\"@type\":\"PropertyValueSpecification\",\"valueRequired\":true,\"valueName\":\"search_term_string\"}}],\"inLanguage\":\"en-US\"},{\"@type\":\"Organization\",\"@id\":\"https:\\\/\\\/nautilus.se\\\/#organization\",\"name\":\"Nautilus Boat Club AB\",\"alternateName\":\"Nautilus Boat Club\",\"url\":\"https:\\\/\\\/nautilus.se\\\/\",\"logo\":{\"@type\":\"ImageObject\",\"inLanguage\":\"en-US\",\"@id\":\"https:\\\/\\\/nautilus.se\\\/#\\\/schema\\\/logo\\\/image\\\/\",\"url\":\"https:\\\/\\\/nautilus.se\\\/wp-content\\\/uploads\\\/2022\\\/10\\\/Nautilus-shell-blue-back-w-logo.png\",\"contentUrl\":\"https:\\\/\\\/nautilus.se\\\/wp-content\\\/uploads\\\/2022\\\/10\\\/Nautilus-shell-blue-back-w-logo.png\",\"width\":1755,\"height\":1130,\"caption\":\"Nautilus Boat Club AB\"},\"image\":{\"@id\":\"https:\\\/\\\/nautilus.se\\\/#\\\/schema\\\/logo\\\/image\\\/\"},\"sameAs\":[\"https:\\\/\\\/www.facebook.com\\\/nautilusboatclub\\\/\",\"https:\\\/\\\/www.instagram.com\\\/nautilusboatclub\\\/\",\"https:\\\/\\\/www.linkedin.com\\\/company\\\/4998214\\\/admin\\\/\",\"https:\\\/\\\/www.youtube.com\\\/channel\\\/UCrhrs3yv-t72B5igMm2keKQ\\\/videos?app=desktop\"]}]}<\/script>\n<!-- \/ Yoast SEO Premium plugin. -->","yoast_head_json":{"title":"Premium b\u00e5tabonnemang | Nautilus Boat Club","robots":{"index":"index","follow":"follow","max-snippet":"max-snippet:-1","max-image-preview":"max-image-preview:large","max-video-preview":"max-video-preview:-1"},"canonical":"https:\/\/nautilus.se\/eng\/hyra-bat\/premium-batabonnemang\/","og_locale":"en_US","og_type":"article","og_title":"Premium B\u00e5tabonnemang","og_description":"3.850kr per m\u00e5nad","og_url":"https:\/\/nautilus.se\/eng\/hyra-bat\/premium-batabonnemang\/","og_site_name":"Nautilus Boat Club","article_publisher":"https:\/\/www.facebook.com\/nautilusboatclub\/","article_modified_time":"2023-03-17T09:09:10+00:00","og_image":[{"width":2560,"height":1708,"url":"https:\/\/nautilus.se\/wp-content\/uploads\/2023\/01\/X-Shore-1-scaled.jpg","type":"image\/jpeg"}],"twitter_card":"summary_large_image","twitter_misc":{"Est. reading time":"1 minute"},"schema":{"@context":"https:\/\/schema.org","@graph":[{"@type":"WebPage","@id":"https:\/\/nautilus.se\/hyra-bat\/premium-batabonnemang\/","url":"https:\/\/nautilus.se\/hyra-bat\/premium-batabonnemang\/","name":"Premium b\u00e5tabonnemang | Nautilus Boat Club","isPartOf":{"@id":"https:\/\/nautilus.se\/#website"},"primaryImageOfPage":{"@id":"https:\/\/nautilus.se\/hyra-bat\/premium-batabonnemang\/#primaryimage"},"image":{"@id":"https:\/\/nautilus.se\/hyra-bat\/premium-batabonnemang\/#primaryimage"},"thumbnailUrl":"https:\/\/nautilus.se\/wp-content\/uploads\/2023\/01\/X-Shore-1-scaled.jpg","datePublished":"2022-06-05T18:48:23+00:00","dateModified":"2023-03-17T09:09:10+00:00","breadcrumb":{"@id":"https:\/\/nautilus.se\/hyra-bat\/premium-batabonnemang\/#breadcrumb"},"inLanguage":"en-US","potentialAction":[{"@type":"ReadAction","target":["https:\/\/nautilus.se\/hyra-bat\/premium-batabonnemang\/"]}]},{"@type":"ImageObject","inLanguage":"en-US","@id":"https:\/\/nautilus.se\/hyra-bat\/premium-batabonnemang\/#primaryimage","url":"https:\/\/nautilus.se\/wp-content\/uploads\/2023\/01\/X-Shore-1-scaled.jpg","contentUrl":"https:\/\/nautilus.se\/wp-content\/uploads\/2023\/01\/X-Shore-1-scaled.jpg","width":2560,"height":1708},{"@type":"BreadcrumbList","@id":"https:\/\/nautilus.se\/hyra-bat\/premium-batabonnemang\/#breadcrumb","itemListElement":[{"@type":"ListItem","position":1,"name":"Home","item":"https:\/\/nautilus.se\/"},{"@type":"ListItem","position":2,"name":"Hyr b\u00e5t enkelt och tryggt","item":"https:\/\/nautilus.se\/hyra-bat-old\/"},{"@type":"ListItem","position":3,"name":"Premium B\u00e5tabonnemang"}]},{"@type":"WebSite","@id":"https:\/\/nautilus.se\/#website","url":"https:\/\/nautilus.se\/","name":"Nautilus Boat Club","description":"H\u00e4r kan du hyra b\u00e5t, dela b\u00e5t, del\u00e4ga b\u00e5t och vara med i b\u00e5tpool.","publisher":{"@id":"https:\/\/nautilus.se\/#organization"},"potentialAction":[{"@type":"SearchAction","target":{"@type":"EntryPoint","urlTemplate":"https:\/\/nautilus.se\/?s={search_term_string}"},"query-input":{"@type":"PropertyValueSpecification","valueRequired":true,"valueName":"search_term_string"}}],"inLanguage":"en-US"},{"@type":"Organization","@id":"https:\/\/nautilus.se\/#organization","name":"Nautilus Boat Club AB","alternateName":"Nautilus Boat Club","url":"https:\/\/nautilus.se\/","logo":{"@type":"ImageObject","inLanguage":"en-US","@id":"https:\/\/nautilus.se\/#\/schema\/logo\/image\/","url":"https:\/\/nautilus.se\/wp-content\/uploads\/2022\/10\/Nautilus-shell-blue-back-w-logo.png","contentUrl":"https:\/\/nautilus.se\/wp-content\/uploads\/2022\/10\/Nautilus-shell-blue-back-w-logo.png","width":1755,"height":1130,"caption":"Nautilus Boat Club AB"},"image":{"@id":"https:\/\/nautilus.se\/#\/schema\/logo\/image\/"},"sameAs":["https:\/\/www.facebook.com\/nautilusboatclub\/","https:\/\/www.instagram.com\/nautilusboatclub\/","https:\/\/www.linkedin.com\/company\/4998214\/admin\/","https:\/\/www.youtube.com\/channel\/UCrhrs3yv-t72B5igMm2keKQ\/videos?app=desktop"]}]}},"_links":{"self":[{"href":"https:\/\/nautilus.se\/eng\/wp-json\/wp\/v2\/product\/15568","targetHints":{"allow":["GET"]}}],"collection":[{"href":"https:\/\/nautilus.se\/eng\/wp-json\/wp\/v2\/product"}],"about":[{"href":"https:\/\/nautilus.se\/eng\/wp-json\/wp\/v2\/types\/product"}],"version-history":[{"count":1,"href":"https:\/\/nautilus.se\/eng\/wp-json\/wp\/v2\/product\/15568\/revisions"}],"predecessor-version":[{"id":18114,"href":"https:\/\/nautilus.se\/eng\/wp-json\/wp\/v2\/product\/15568\/revisions\/18114"}],"wp:featuredmedia":[{"embeddable":true,"href":"https:\/\/nautilus.se\/eng\/wp-json\/wp\/v2\/media\/20101"}],"wp:attachment":[{"href":"https:\/\/nautilus.se\/eng\/wp-json\/wp\/v2\/media?parent=15568"}],"wp:term":[{"taxonomy":"product_brand","embeddable":true,"href":"https:\/\/nautilus.se\/eng\/wp-json\/wp\/v2\/product_brand?post=15568"},{"taxonomy":"product_cat","embeddable":true,"href":"https:\/\/nautilus.se\/eng\/wp-json\/wp\/v2\/product_cat?post=15568"},{"taxonomy":"product_tag","embeddable":true,"href":"https:\/\/nautilus.se\/eng\/wp-json\/wp\/v2\/product_tag?post=15568"}],"curies":[{"name":"wp","href":"https:\/\/api.w.org\/{rel}","templated":true}]}}