{"id":1602,"date":"2020-12-03T23:30:14","date_gmt":"2020-12-03T22:30:14","guid":{"rendered":"https:\/\/nautilus.se\/?post_type=product&#038;p=1602"},"modified":"2026-04-10T09:55:43","modified_gmt":"2026-04-10T07:55:43","slug":"bavaria-32-cruiser-agua-viva","status":"publish","type":"product","link":"https:\/\/nautilus.se\/eng\/hyra-bat\/bavaria-32-cruiser-agua-viva\/","title":{"rendered":"Bavaria 32 \"Agua Viva\""},"content":{"rendered":"<div class=\"container\">\n<div class=\"left\">\n<p>This fantastically spacious and family-friendly sailboat has everything needed for a successful vacation!<\/p>\n<p>There are 4 fixed berths distributed over two spacious cabins with additional sleeping spaces for two people in the saloon. In the saloon there is also plenty of practical storage space and a 24-inch TV. Electric toilet and shower with hot water is located across from the galley which is equipped with complete kitchen-ware. Also, enjoy additional amenities such as a cockpit cover, windlass, and furling jib.<\/p>\n<p>Welcome to Agua Viva!<\/p>\n<p>&nbsp;<\/p>\n<p class=\" translation-block\"><strong>Safe to rent a boat!<\/strong><br>\nWe know that your boat days are valuable! When you rent a boat through Nautilus, fast support is always included.<br>\nIf there is a problem with the boat during your rental, we will come out and fix it on site.<\/p>\n<p>&nbsp;<\/p>\n<\/div>\n<p>Down payment\/deposit at 30%. Residue 30 days before check-in.<br \/>\nBoater certificate and experience are required.<br \/>\nIncheckning fr\u00e5n kl 15.00<br \/>\nUtcheckning kl 10.00<br \/>\nDjur och r\u00f6kning ej till\u00e5tet<br \/>\nParkering mot mindre taxa<br \/>\nBokningsbar: veckovis i h\u00f6gs\u00e4song. \u00d6vrig tid minst 3 dagar, Maila f\u00f6r offert.<br \/>\nCancellation: 30 days in advance<br \/>\n\u00c5ldersgr\u00e4ns: 20 \u00e5r<br \/>\nDeposition\/sj\u00e4lvrisk: 12.000kr<br \/>\nHamn: Bulland\u00f6 marina<\/p>\n<\/div>\n<div class=\"container\">\n<p>&nbsp;<\/p>\n<\/div>\n<div class=\"container\">\n<div class=\"right\">\n<h3>Equipment:<\/h3>\n<ul>\n<li>Furling jib<\/li>\n<li>Rullstor med st\u00e5ende lattor<\/li>\n<li>Spray hood<\/li>\n<li>Cockpit tent<\/li>\n<li>Water heater 22 liters<\/li>\n<li>B&amp;G Vulcan 7 GPS-plotter<\/li>\n<li>Raymarine Logg och lod<\/li>\n<li>2x100W solceller<\/li>\n<li>Landstr\u00f6m med batteriladdning<\/li>\n<li>12V, USB and 220 V socket<\/li>\n<li>Windlass with chain the bow<\/li>\n<li>Bruce-anchor with 50m anchor line in the stern<\/li>\n<li>Webasto heater with exhaust in all cabins<\/li>\n<li>24\" smart TV<\/li>\n<li>Gas cooker with oven<\/li>\n<li>Cooler box<\/li>\n<li>Electric toilet with septic tank<\/li>\n<li>Shower in the toilet (with hot water)<\/li>\n<li>Shower in the cockpit (with hot water)<\/li>\n<li>4 fixed berths + 2 in the salon<\/li>\n<li>B\u00e5tsportkort f\u00f6r Stockholm<\/li>\n<li>Life jackets<\/li>\n<li>Fenders, boat hook, lines, anchor and rock wedges<\/li>\n<li>Complete kitchen-ware<\/li>\n<li>Blankets and pillows for 4 people<\/li>\n<\/ul>\n<p>&nbsp;<\/p>\n<\/div>\n<\/div>","protected":false},"excerpt":{"rendered":"<p class=\" translation-block\">Bookable weekly. Changeover day Saturdays.<br>\nSelect start and end dates for current price.<\/p>","protected":false},"featured_media":19655,"template":"","meta":[],"product_brand":[298],"product_cat":[19,293],"product_tag":[90],"class_list":{"0":"post-1602","1":"product","2":"type-product","3":"status-publish","4":"has-post-thumbnail","6":"product_brand-bavaria","7":"product_cat-segelbatar","8":"product_cat-veckohyra","9":"product_tag-bullando","11":"first","12":"instock","13":"virtual","14":"sold-individually","15":"taxable","16":"purchasable","17":"product-type-accommodation-booking"},"booking_location":"","booking_location_type":"","booking_duration":1,"booking_duration_unit":"night","booking_buffer":0,"booking_cost":0,"booking_resources":[1603],"exclude_global_add_ons":false,"addons":[{"name":"Final cleaning","type":"checkbox","position":0,"required":false,"title_format":"heading","default":"","description_enable":false,"description":"","placeholder_enable":false,"placeholder":"","display":"select","restrictions_type":"any_text","adjust_price":false,"price":"","price_type":"flat_fee","restrictions":false,"min":"0","max":"0","options":[{"label":"Pris","price":"1500","price_type":"quantity_based","image":0,"visibility":true}],"id":1773501177},{"name":"Rubber dinghy","type":"checkbox","position":1,"required":false,"title_format":"heading","default":"","description_enable":false,"description":"","placeholder_enable":false,"placeholder":"","display":"select","restrictions_type":"any_text","adjust_price":false,"price":"","price_type":"flat_fee","restrictions":false,"min":"0","max":"0","options":[{"label":"Per tillf\u00e4lle","price":"600","price_type":"quantity_based","image":0,"visibility":true}],"id":1773501178},{"name":"Engine to the dinghy","type":"checkbox","position":2,"required":false,"title_format":"heading","default":"","description_enable":false,"description":"","placeholder_enable":false,"placeholder":"","display":"select","restrictions_type":"any_text","adjust_price":false,"price":"","price_type":"flat_fee","restrictions":false,"min":"0","max":"0","options":[{"label":"Per tillf\u00e4lle","price":"500","price_type":"quantity_based","image":0,"visibility":true}],"id":1773501179},{"name":"SUP board, inflatable","type":"checkbox","position":3,"required":false,"title_format":"heading","default":"","description_enable":false,"description":"","placeholder_enable":false,"placeholder":"","display":"select","restrictions_type":"any_text","adjust_price":false,"price":"","price_type":"flat_fee","restrictions":false,"min":"0","max":"0","options":[{"label":"Per tillf\u00e4lle","price":"450","price_type":"quantity_based","image":0,"visibility":true}],"id":1773501180},{"name":"4G Wi-Fi, unlimited","type":"checkbox","position":4,"required":false,"title_format":"heading","default":"","description_enable":false,"description":"","placeholder_enable":false,"placeholder":"","display":"select","restrictions_type":"any_text","adjust_price":false,"price":"","price_type":"flat_fee","restrictions":false,"min":"0","max":"0","options":[{"label":"Per tillf\u00e4lle","price":"450","price_type":"quantity_based","image":0,"visibility":true}],"id":1773501181},{"name":"Linnens","type":"input_multiplier","position":5,"required":false,"title_format":"heading","default":"","description_enable":false,"description":"Lakanset &amp; badhandduk","placeholder_enable":false,"placeholder":"","display":"select","restrictions_type":"any_text","adjust_price":true,"price":"250","price_type":"quantity_based","restrictions":true,"min":"0","max":"8","options":[],"id":1773501182},{"name":"Nautic ability","type":"custom_text","position":6,"required":true,"title_format":"heading","default":"","description_enable":false,"description":"","placeholder_enable":false,"placeholder":"","display":"select","restrictions_type":"any_text","adjust_price":false,"price":"","price_type":"flat_fee","restrictions":false,"min":"0","max":"0","options":[],"id":1773501183}],"yoast_head":"<!-- This site is optimized with the Yoast SEO Premium plugin v27.3 (Yoast SEO v27.4) - https:\/\/yoast.com\/product\/yoast-seo-premium-wordpress\/ -->\n<title>Hyr Bavaria 32 Cruiser &quot;Aqua Viva&quot;- Nautilus Boat Club<\/title>\n<meta name=\"description\" content=\"Hyr Bavaria 32 Cruiser f\u00f6r en bekv\u00e4m och uppleveserik semestervecka! Nautilus Boat Club erbjuder ett m\u00e5ngsidigt och modern b\u00e5tliv.\" \/>\n<meta name=\"robots\" content=\"index, follow, max-snippet:-1, max-image-preview:large, max-video-preview:-1\" \/>\n<link rel=\"canonical\" href=\"https:\/\/nautilus.se\/eng\/hyra-bat\/bavaria-32-cruiser-agua-viva\/\" \/>\n<meta property=\"og:locale\" content=\"en_US\" \/>\n<meta property=\"og:type\" content=\"article\" \/>\n<meta property=\"og:title\" content=\"Bavaria 32 &quot;Agua Viva&quot;\" \/>\n<meta property=\"og:description\" content=\"Hyr Bavaria 32 Cruiser f\u00f6r en bekv\u00e4m och uppleveserik semestervecka! Nautilus Boat Club erbjuder ett m\u00e5ngsidigt och modern b\u00e5tliv.\" \/>\n<meta property=\"og:url\" content=\"https:\/\/nautilus.se\/eng\/hyra-bat\/bavaria-32-cruiser-agua-viva\/\" \/>\n<meta property=\"og:site_name\" content=\"Nautilus Boat Club\" \/>\n<meta property=\"article:publisher\" content=\"https:\/\/www.facebook.com\/nautilusboatclub\/\" \/>\n<meta property=\"article:modified_time\" content=\"2026-04-10T07:55:43+00:00\" \/>\n<meta property=\"og:image\" content=\"https:\/\/nautilus.se\/wp-content\/uploads\/2020\/12\/Bavaria-32-Cruiser-Aqua-Viva.jpg\" \/>\n\t<meta property=\"og:image:width\" content=\"2016\" \/>\n\t<meta property=\"og:image:height\" content=\"1134\" \/>\n\t<meta property=\"og:image:type\" content=\"image\/jpeg\" \/>\n<meta name=\"twitter:card\" content=\"summary_large_image\" \/>\n<meta name=\"twitter:label1\" content=\"Est. reading time\" \/>\n\t<meta name=\"twitter:data1\" content=\"2 minutes\" \/>\n<script type=\"application\/ld+json\" class=\"yoast-schema-graph\">{\"@context\":\"https:\\\/\\\/schema.org\",\"@graph\":[{\"@type\":\"WebPage\",\"@id\":\"https:\\\/\\\/nautilus.se\\\/hyra-bat\\\/bavaria-32-cruiser-agua-viva\\\/\",\"url\":\"https:\\\/\\\/nautilus.se\\\/hyra-bat\\\/bavaria-32-cruiser-agua-viva\\\/\",\"name\":\"Hyr Bavaria 32 Cruiser \\\"Aqua Viva\\\"- Nautilus Boat Club\",\"isPartOf\":{\"@id\":\"https:\\\/\\\/nautilus.se\\\/#website\"},\"primaryImageOfPage\":{\"@id\":\"https:\\\/\\\/nautilus.se\\\/hyra-bat\\\/bavaria-32-cruiser-agua-viva\\\/#primaryimage\"},\"image\":{\"@id\":\"https:\\\/\\\/nautilus.se\\\/hyra-bat\\\/bavaria-32-cruiser-agua-viva\\\/#primaryimage\"},\"thumbnailUrl\":\"https:\\\/\\\/nautilus.se\\\/wp-content\\\/uploads\\\/2020\\\/12\\\/Bavaria-32-Cruiser-Aqua-Viva.jpg\",\"datePublished\":\"2020-12-03T22:30:14+00:00\",\"dateModified\":\"2026-04-10T07:55:43+00:00\",\"description\":\"Hyr Bavaria 32 Cruiser f\u00f6r en bekv\u00e4m och uppleveserik semestervecka! Nautilus Boat Club erbjuder ett m\u00e5ngsidigt och modern b\u00e5tliv.\",\"breadcrumb\":{\"@id\":\"https:\\\/\\\/nautilus.se\\\/hyra-bat\\\/bavaria-32-cruiser-agua-viva\\\/#breadcrumb\"},\"inLanguage\":\"en-US\",\"potentialAction\":[{\"@type\":\"ReadAction\",\"target\":[\"https:\\\/\\\/nautilus.se\\\/hyra-bat\\\/bavaria-32-cruiser-agua-viva\\\/\"]}]},{\"@type\":\"ImageObject\",\"inLanguage\":\"en-US\",\"@id\":\"https:\\\/\\\/nautilus.se\\\/hyra-bat\\\/bavaria-32-cruiser-agua-viva\\\/#primaryimage\",\"url\":\"https:\\\/\\\/nautilus.se\\\/wp-content\\\/uploads\\\/2020\\\/12\\\/Bavaria-32-Cruiser-Aqua-Viva.jpg\",\"contentUrl\":\"https:\\\/\\\/nautilus.se\\\/wp-content\\\/uploads\\\/2020\\\/12\\\/Bavaria-32-Cruiser-Aqua-Viva.jpg\",\"width\":2016,\"height\":1134,\"caption\":\"Boka Bavaria 32 Cruiser Aqua Viva\"},{\"@type\":\"BreadcrumbList\",\"@id\":\"https:\\\/\\\/nautilus.se\\\/hyra-bat\\\/bavaria-32-cruiser-agua-viva\\\/#breadcrumb\",\"itemListElement\":[{\"@type\":\"ListItem\",\"position\":1,\"name\":\"Home\",\"item\":\"https:\\\/\\\/nautilus.se\\\/\"},{\"@type\":\"ListItem\",\"position\":2,\"name\":\"Hyr b\u00e5t enkelt och tryggt\",\"item\":\"https:\\\/\\\/nautilus.se\\\/hyra-bat-old\\\/\"},{\"@type\":\"ListItem\",\"position\":3,\"name\":\"Bavaria 32 &#8220;Agua Viva&#8221;\"}]},{\"@type\":\"WebSite\",\"@id\":\"https:\\\/\\\/nautilus.se\\\/#website\",\"url\":\"https:\\\/\\\/nautilus.se\\\/\",\"name\":\"Nautilus Boat Club\",\"description\":\"H\u00e4r kan du hyra b\u00e5t, dela b\u00e5t, del\u00e4ga b\u00e5t och vara med i b\u00e5tpool.\",\"publisher\":{\"@id\":\"https:\\\/\\\/nautilus.se\\\/#organization\"},\"potentialAction\":[{\"@type\":\"SearchAction\",\"target\":{\"@type\":\"EntryPoint\",\"urlTemplate\":\"https:\\\/\\\/nautilus.se\\\/?s={search_term_string}\"},\"query-input\":{\"@type\":\"PropertyValueSpecification\",\"valueRequired\":true,\"valueName\":\"search_term_string\"}}],\"inLanguage\":\"en-US\"},{\"@type\":\"Organization\",\"@id\":\"https:\\\/\\\/nautilus.se\\\/#organization\",\"name\":\"Nautilus Boat Club AB\",\"alternateName\":\"Nautilus Boat Club\",\"url\":\"https:\\\/\\\/nautilus.se\\\/\",\"logo\":{\"@type\":\"ImageObject\",\"inLanguage\":\"en-US\",\"@id\":\"https:\\\/\\\/nautilus.se\\\/#\\\/schema\\\/logo\\\/image\\\/\",\"url\":\"https:\\\/\\\/nautilus.se\\\/wp-content\\\/uploads\\\/2022\\\/10\\\/Nautilus-shell-blue-back-w-logo.png\",\"contentUrl\":\"https:\\\/\\\/nautilus.se\\\/wp-content\\\/uploads\\\/2022\\\/10\\\/Nautilus-shell-blue-back-w-logo.png\",\"width\":1755,\"height\":1130,\"caption\":\"Nautilus Boat Club AB\"},\"image\":{\"@id\":\"https:\\\/\\\/nautilus.se\\\/#\\\/schema\\\/logo\\\/image\\\/\"},\"sameAs\":[\"https:\\\/\\\/www.facebook.com\\\/nautilusboatclub\\\/\",\"https:\\\/\\\/www.instagram.com\\\/nautilusboatclub\\\/\",\"https:\\\/\\\/www.linkedin.com\\\/company\\\/4998214\\\/admin\\\/\",\"https:\\\/\\\/www.youtube.com\\\/channel\\\/UCrhrs3yv-t72B5igMm2keKQ\\\/videos?app=desktop\"]}]}<\/script>\n<!-- \/ Yoast SEO Premium plugin. -->","yoast_head_json":{"title":"Rent Bavaria 32 Cruiser \"Aqua Viva\" in Stockholm Sweden - Nautilus Boat Club","description":"Hyr Bavaria 32 Cruiser f\u00f6r en bekv\u00e4m och uppleveserik semestervecka! Nautilus Boat Club erbjuder ett m\u00e5ngsidigt och modern b\u00e5tliv.","robots":{"index":"index","follow":"follow","max-snippet":"max-snippet:-1","max-image-preview":"max-image-preview:large","max-video-preview":"max-video-preview:-1"},"canonical":"https:\/\/nautilus.se\/eng\/hyra-bat\/bavaria-32-cruiser-agua-viva\/","og_locale":"en_US","og_type":"article","og_title":"Bavaria 32 \"Agua Viva\"","og_description":"Hyr Bavaria 32 Cruiser f\u00f6r en bekv\u00e4m och uppleveserik semestervecka! Nautilus Boat Club erbjuder ett m\u00e5ngsidigt och modern b\u00e5tliv.","og_url":"https:\/\/nautilus.se\/eng\/hyra-bat\/bavaria-32-cruiser-agua-viva\/","og_site_name":"Nautilus Boat Club","article_publisher":"https:\/\/www.facebook.com\/nautilusboatclub\/","article_modified_time":"2026-04-10T07:55:43+00:00","og_image":[{"width":2016,"height":1134,"url":"https:\/\/nautilus.se\/wp-content\/uploads\/2020\/12\/Bavaria-32-Cruiser-Aqua-Viva.jpg","type":"image\/jpeg"}],"twitter_card":"summary_large_image","twitter_misc":{"Est. reading time":"2 minutes"},"schema":{"@context":"https:\/\/schema.org","@graph":[{"@type":"WebPage","@id":"https:\/\/nautilus.se\/hyra-bat\/bavaria-32-cruiser-agua-viva\/","url":"https:\/\/nautilus.se\/hyra-bat\/bavaria-32-cruiser-agua-viva\/","name":"Rent Bavaria 32 Cruiser \"Aqua Viva\" in Stockholm Sweden - Nautilus Boat Club","isPartOf":{"@id":"https:\/\/nautilus.se\/#website"},"primaryImageOfPage":{"@id":"https:\/\/nautilus.se\/hyra-bat\/bavaria-32-cruiser-agua-viva\/#primaryimage"},"image":{"@id":"https:\/\/nautilus.se\/hyra-bat\/bavaria-32-cruiser-agua-viva\/#primaryimage"},"thumbnailUrl":"https:\/\/nautilus.se\/wp-content\/uploads\/2020\/12\/Bavaria-32-Cruiser-Aqua-Viva.jpg","datePublished":"2020-12-03T22:30:14+00:00","dateModified":"2026-04-10T07:55:43+00:00","description":"Hyr Bavaria 32 Cruiser f\u00f6r en bekv\u00e4m och uppleveserik semestervecka! Nautilus Boat Club erbjuder ett m\u00e5ngsidigt och modern b\u00e5tliv.","breadcrumb":{"@id":"https:\/\/nautilus.se\/hyra-bat\/bavaria-32-cruiser-agua-viva\/#breadcrumb"},"inLanguage":"en-US","potentialAction":[{"@type":"ReadAction","target":["https:\/\/nautilus.se\/hyra-bat\/bavaria-32-cruiser-agua-viva\/"]}]},{"@type":"ImageObject","inLanguage":"en-US","@id":"https:\/\/nautilus.se\/hyra-bat\/bavaria-32-cruiser-agua-viva\/#primaryimage","url":"https:\/\/nautilus.se\/wp-content\/uploads\/2020\/12\/Bavaria-32-Cruiser-Aqua-Viva.jpg","contentUrl":"https:\/\/nautilus.se\/wp-content\/uploads\/2020\/12\/Bavaria-32-Cruiser-Aqua-Viva.jpg","width":2016,"height":1134,"caption":"Boka Bavaria 32 Cruiser Aqua Viva"},{"@type":"BreadcrumbList","@id":"https:\/\/nautilus.se\/hyra-bat\/bavaria-32-cruiser-agua-viva\/#breadcrumb","itemListElement":[{"@type":"ListItem","position":1,"name":"Home","item":"https:\/\/nautilus.se\/"},{"@type":"ListItem","position":2,"name":"Hyr b\u00e5t enkelt och tryggt","item":"https:\/\/nautilus.se\/hyra-bat-old\/"},{"@type":"ListItem","position":3,"name":"Bavaria 32 &#8220;Agua Viva&#8221;"}]},{"@type":"WebSite","@id":"https:\/\/nautilus.se\/#website","url":"https:\/\/nautilus.se\/","name":"Nautilus Boat Club","description":"H\u00e4r kan du hyra b\u00e5t, dela b\u00e5t, del\u00e4ga b\u00e5t och vara med i b\u00e5tpool.","publisher":{"@id":"https:\/\/nautilus.se\/#organization"},"potentialAction":[{"@type":"SearchAction","target":{"@type":"EntryPoint","urlTemplate":"https:\/\/nautilus.se\/?s={search_term_string}"},"query-input":{"@type":"PropertyValueSpecification","valueRequired":true,"valueName":"search_term_string"}}],"inLanguage":"en-US"},{"@type":"Organization","@id":"https:\/\/nautilus.se\/#organization","name":"Nautilus Boat Club AB","alternateName":"Nautilus Boat Club","url":"https:\/\/nautilus.se\/","logo":{"@type":"ImageObject","inLanguage":"en-US","@id":"https:\/\/nautilus.se\/#\/schema\/logo\/image\/","url":"https:\/\/nautilus.se\/wp-content\/uploads\/2022\/10\/Nautilus-shell-blue-back-w-logo.png","contentUrl":"https:\/\/nautilus.se\/wp-content\/uploads\/2022\/10\/Nautilus-shell-blue-back-w-logo.png","width":1755,"height":1130,"caption":"Nautilus Boat Club AB"},"image":{"@id":"https:\/\/nautilus.se\/#\/schema\/logo\/image\/"},"sameAs":["https:\/\/www.facebook.com\/nautilusboatclub\/","https:\/\/www.instagram.com\/nautilusboatclub\/","https:\/\/www.linkedin.com\/company\/4998214\/admin\/","https:\/\/www.youtube.com\/channel\/UCrhrs3yv-t72B5igMm2keKQ\/videos?app=desktop"]}]}},"_links":{"self":[{"href":"https:\/\/nautilus.se\/eng\/wp-json\/wp\/v2\/product\/1602","targetHints":{"allow":["GET"]}}],"collection":[{"href":"https:\/\/nautilus.se\/eng\/wp-json\/wp\/v2\/product"}],"about":[{"href":"https:\/\/nautilus.se\/eng\/wp-json\/wp\/v2\/types\/product"}],"version-history":[{"count":9,"href":"https:\/\/nautilus.se\/eng\/wp-json\/wp\/v2\/product\/1602\/revisions"}],"predecessor-version":[{"id":32133,"href":"https:\/\/nautilus.se\/eng\/wp-json\/wp\/v2\/product\/1602\/revisions\/32133"}],"wp:featuredmedia":[{"embeddable":true,"href":"https:\/\/nautilus.se\/eng\/wp-json\/wp\/v2\/media\/19655"}],"wp:attachment":[{"href":"https:\/\/nautilus.se\/eng\/wp-json\/wp\/v2\/media?parent=1602"}],"wp:term":[{"taxonomy":"product_brand","embeddable":true,"href":"https:\/\/nautilus.se\/eng\/wp-json\/wp\/v2\/product_brand?post=1602"},{"taxonomy":"product_cat","embeddable":true,"href":"https:\/\/nautilus.se\/eng\/wp-json\/wp\/v2\/product_cat?post=1602"},{"taxonomy":"product_tag","embeddable":true,"href":"https:\/\/nautilus.se\/eng\/wp-json\/wp\/v2\/product_tag?post=1602"}],"curies":[{"name":"wp","href":"https:\/\/api.w.org\/{rel}","templated":true}]}}