{"id":17977,"date":"2022-09-13T10:17:47","date_gmt":"2022-09-13T09:17:47","guid":{"rendered":"https:\/\/nautilus.se\/?post_type=product&#038;p=17977"},"modified":"2024-10-16T20:01:31","modified_gmt":"2024-10-16T19:01:31","slug":"vinterforvaring-i-sjon","status":"publish","type":"product","link":"https:\/\/nautilus.se\/eng\/hyra-bat\/vinterforvaring-i-sjon\/","title":{"rendered":"Vinterf\u00f6rvaring i sj\u00f6n"},"content":{"rendered":"<p>Underl\u00e4tta vinterf\u00f6rvaringen av b\u00e5ten och l\u00e5t den ligga kvar i sj\u00f6n!<br \/>\nBoka en isfri vinterplats vid v\u00e5r brygga i Gustavsberg, f\u00f6r perioden <strong>15a september till 30e april<\/strong>.<\/p>\n<p>Vi hj\u00e4lper dig \u00e4ven med konservering, service och t\u00e4ckning av b\u00e5ten ocks\u00e5 om du \u00f6nskar.<\/p>\n<p>Priser f\u00f6r b\u00e5t<br \/>\n0-32 fot: 9.000kr<br \/>\n33-38 fot: 12.000kr<br \/>\n39-45 fot: 15.000kr<br \/>\n&gt;45 fot: 25.000kr<\/p>\n<p>&nbsp;<\/p>\n<p>I priset ing\u00e5r<\/p>\n<ul>\n<li>isfri bryggplats<\/li>\n<li>el f\u00f6r underh\u00e5llsladdning, extra el mot elm\u00e4tare<\/li>\n<li>tillg\u00e5ng till toaletter, soprum och \u00f6vriga faciliteter<\/li>\n<\/ul>\n<p>&nbsp;<\/p>\n<p>F\u00f6r att boka plats<br \/>\n&#8211; m\u00e5ste b\u00e5ten kunna k\u00f6ras f\u00f6r egen maskin<br \/>\n&#8211; ha f\u00f6rs\u00e4kring giltig f\u00f6r att b\u00e5ten \u00e4r sj\u00f6satt hela \u00e5ret<br \/>\n&#8211; boende p\u00e5 b\u00e5t f\u00e5r ej f\u00f6rekomma<\/p>\n<p>&nbsp;<\/p>","protected":false},"excerpt":{"rendered":"<p>Isfri vinterf\u00f6rvaring b\u00e5t<\/p>","protected":false},"featured_media":17982,"template":"","meta":[],"product_brand":[],"product_cat":[255],"product_tag":[],"class_list":{"0":"post-17977","1":"product","2":"type-product","3":"status-publish","4":"has-post-thumbnail","6":"product_cat-gasthamn","8":"first","9":"instock","10":"taxable","11":"shipping-taxable","12":"purchasable","13":"product-type-variable"},"booking_location":null,"booking_location_type":null,"booking_duration":null,"booking_duration_unit":null,"booking_buffer":null,"booking_cost":null,"booking_resources":null,"exclude_global_add_ons":true,"addons":[{"name":"Boat model","type":"custom_text","position":0,"required":true,"title_format":"label","default":"","description_enable":false,"description":"","placeholder_enable":false,"placeholder":"","display":"select","restrictions_type":"any_text","adjust_price":false,"price":"","price_type":"flat_fee","restrictions":false,"min":"0","max":"0","options":[],"id":1713818920}],"yoast_head":"<!-- This site is optimized with the Yoast SEO Premium plugin v27.4 (Yoast SEO v27.5) - https:\/\/yoast.com\/product\/yoast-seo-premium-wordpress\/ -->\n<title>Isfri vinterf\u00f6rvaring b\u00e5t | Nautilus Boat Club<\/title>\n<meta name=\"description\" content=\"isfri vinterf\u00f6rvaring b\u00e5t\" \/>\n<meta name=\"robots\" content=\"index, follow, max-snippet:-1, max-image-preview:large, max-video-preview:-1\" \/>\n<link rel=\"canonical\" href=\"https:\/\/nautilus.se\/eng\/hyra-bat\/vinterforvaring-i-sjon\/\" \/>\n<meta property=\"og:locale\" content=\"en_US\" \/>\n<meta property=\"og:type\" content=\"article\" \/>\n<meta property=\"og:title\" content=\"Vinterf\u00f6rvaring i sj\u00f6n\" \/>\n<meta property=\"og:description\" content=\"isfri vinterf\u00f6rvaring b\u00e5t\" \/>\n<meta property=\"og:url\" content=\"https:\/\/nautilus.se\/eng\/hyra-bat\/vinterforvaring-i-sjon\/\" \/>\n<meta property=\"og:site_name\" content=\"Nautilus Boat Club\" \/>\n<meta property=\"article:publisher\" content=\"https:\/\/www.facebook.com\/nautilusboatclub\/\" \/>\n<meta property=\"article:modified_time\" content=\"2024-10-16T19:01:31+00:00\" \/>\n<meta property=\"og:image\" content=\"https:\/\/nautilus.se\/wp-content\/uploads\/2022\/09\/vinterhamn-scaled.jpg\" \/>\n\t<meta property=\"og:image:width\" content=\"2560\" \/>\n\t<meta property=\"og:image:height\" content=\"1707\" \/>\n\t<meta property=\"og:image:type\" content=\"image\/jpeg\" \/>\n<meta name=\"twitter:card\" content=\"summary_large_image\" \/>\n<meta name=\"twitter:label1\" content=\"Est. reading time\" \/>\n\t<meta name=\"twitter:data1\" content=\"1 minute\" \/>\n<script type=\"application\/ld+json\" class=\"yoast-schema-graph\">{\"@context\":\"https:\\\/\\\/schema.org\",\"@graph\":[{\"@type\":\"WebPage\",\"@id\":\"https:\\\/\\\/nautilus.se\\\/hyra-bat\\\/vinterforvaring-i-sjon\\\/\",\"url\":\"https:\\\/\\\/nautilus.se\\\/hyra-bat\\\/vinterforvaring-i-sjon\\\/\",\"name\":\"Isfri vinterf\u00f6rvaring b\u00e5t | Nautilus Boat Club\",\"isPartOf\":{\"@id\":\"https:\\\/\\\/nautilus.se\\\/#website\"},\"primaryImageOfPage\":{\"@id\":\"https:\\\/\\\/nautilus.se\\\/hyra-bat\\\/vinterforvaring-i-sjon\\\/#primaryimage\"},\"image\":{\"@id\":\"https:\\\/\\\/nautilus.se\\\/hyra-bat\\\/vinterforvaring-i-sjon\\\/#primaryimage\"},\"thumbnailUrl\":\"https:\\\/\\\/nautilus.se\\\/wp-content\\\/uploads\\\/2022\\\/09\\\/vinterhamn-scaled.jpg\",\"datePublished\":\"2022-09-13T09:17:47+00:00\",\"dateModified\":\"2024-10-16T19:01:31+00:00\",\"description\":\"isfri vinterf\u00f6rvaring b\u00e5t\",\"breadcrumb\":{\"@id\":\"https:\\\/\\\/nautilus.se\\\/hyra-bat\\\/vinterforvaring-i-sjon\\\/#breadcrumb\"},\"inLanguage\":\"en-US\",\"potentialAction\":[{\"@type\":\"ReadAction\",\"target\":[\"https:\\\/\\\/nautilus.se\\\/hyra-bat\\\/vinterforvaring-i-sjon\\\/\"]}]},{\"@type\":\"ImageObject\",\"inLanguage\":\"en-US\",\"@id\":\"https:\\\/\\\/nautilus.se\\\/hyra-bat\\\/vinterforvaring-i-sjon\\\/#primaryimage\",\"url\":\"https:\\\/\\\/nautilus.se\\\/wp-content\\\/uploads\\\/2022\\\/09\\\/vinterhamn-scaled.jpg\",\"contentUrl\":\"https:\\\/\\\/nautilus.se\\\/wp-content\\\/uploads\\\/2022\\\/09\\\/vinterhamn-scaled.jpg\",\"width\":2560,\"height\":1707,\"caption\":\"default\"},{\"@type\":\"BreadcrumbList\",\"@id\":\"https:\\\/\\\/nautilus.se\\\/hyra-bat\\\/vinterforvaring-i-sjon\\\/#breadcrumb\",\"itemListElement\":[{\"@type\":\"ListItem\",\"position\":1,\"name\":\"Home\",\"item\":\"https:\\\/\\\/nautilus.se\\\/\"},{\"@type\":\"ListItem\",\"position\":2,\"name\":\"Hyr b\u00e5t enkelt och tryggt\",\"item\":\"https:\\\/\\\/nautilus.se\\\/hyra-bat-old\\\/\"},{\"@type\":\"ListItem\",\"position\":3,\"name\":\"Vinterf\u00f6rvaring i sj\u00f6n\"}]},{\"@type\":\"WebSite\",\"@id\":\"https:\\\/\\\/nautilus.se\\\/#website\",\"url\":\"https:\\\/\\\/nautilus.se\\\/\",\"name\":\"Nautilus Boat Club\",\"description\":\"H\u00e4r kan du hyra b\u00e5t, dela b\u00e5t, del\u00e4ga b\u00e5t och vara med i b\u00e5tpool.\",\"publisher\":{\"@id\":\"https:\\\/\\\/nautilus.se\\\/#organization\"},\"potentialAction\":[{\"@type\":\"SearchAction\",\"target\":{\"@type\":\"EntryPoint\",\"urlTemplate\":\"https:\\\/\\\/nautilus.se\\\/?s={search_term_string}\"},\"query-input\":{\"@type\":\"PropertyValueSpecification\",\"valueRequired\":true,\"valueName\":\"search_term_string\"}}],\"inLanguage\":\"en-US\"},{\"@type\":\"Organization\",\"@id\":\"https:\\\/\\\/nautilus.se\\\/#organization\",\"name\":\"Nautilus Boat Club AB\",\"alternateName\":\"Nautilus Boat Club\",\"url\":\"https:\\\/\\\/nautilus.se\\\/\",\"logo\":{\"@type\":\"ImageObject\",\"inLanguage\":\"en-US\",\"@id\":\"https:\\\/\\\/nautilus.se\\\/#\\\/schema\\\/logo\\\/image\\\/\",\"url\":\"https:\\\/\\\/nautilus.se\\\/wp-content\\\/uploads\\\/2022\\\/10\\\/Nautilus-shell-blue-back-w-logo.png\",\"contentUrl\":\"https:\\\/\\\/nautilus.se\\\/wp-content\\\/uploads\\\/2022\\\/10\\\/Nautilus-shell-blue-back-w-logo.png\",\"width\":1755,\"height\":1130,\"caption\":\"Nautilus Boat Club AB\"},\"image\":{\"@id\":\"https:\\\/\\\/nautilus.se\\\/#\\\/schema\\\/logo\\\/image\\\/\"},\"sameAs\":[\"https:\\\/\\\/www.facebook.com\\\/nautilusboatclub\\\/\",\"https:\\\/\\\/www.instagram.com\\\/nautilusboatclub\\\/\",\"https:\\\/\\\/www.linkedin.com\\\/company\\\/4998214\\\/admin\\\/\",\"https:\\\/\\\/www.youtube.com\\\/channel\\\/UCrhrs3yv-t72B5igMm2keKQ\\\/videos?app=desktop\"]}]}<\/script>\n<!-- \/ Yoast SEO Premium plugin. -->","yoast_head_json":{"title":"Isfri vinterf\u00f6rvaring b\u00e5t | Nautilus Boat Club","description":"isfri vinterf\u00f6rvaring b\u00e5t","robots":{"index":"index","follow":"follow","max-snippet":"max-snippet:-1","max-image-preview":"max-image-preview:large","max-video-preview":"max-video-preview:-1"},"canonical":"https:\/\/nautilus.se\/eng\/hyra-bat\/vinterforvaring-i-sjon\/","og_locale":"en_US","og_type":"article","og_title":"Vinterf\u00f6rvaring i sj\u00f6n","og_description":"isfri vinterf\u00f6rvaring b\u00e5t","og_url":"https:\/\/nautilus.se\/eng\/hyra-bat\/vinterforvaring-i-sjon\/","og_site_name":"Nautilus Boat Club","article_publisher":"https:\/\/www.facebook.com\/nautilusboatclub\/","article_modified_time":"2024-10-16T19:01:31+00:00","og_image":[{"width":2560,"height":1707,"url":"https:\/\/nautilus.se\/wp-content\/uploads\/2022\/09\/vinterhamn-scaled.jpg","type":"image\/jpeg"}],"twitter_card":"summary_large_image","twitter_misc":{"Est. reading time":"1 minute"},"schema":{"@context":"https:\/\/schema.org","@graph":[{"@type":"WebPage","@id":"https:\/\/nautilus.se\/hyra-bat\/vinterforvaring-i-sjon\/","url":"https:\/\/nautilus.se\/hyra-bat\/vinterforvaring-i-sjon\/","name":"Isfri vinterf\u00f6rvaring b\u00e5t | Nautilus Boat Club","isPartOf":{"@id":"https:\/\/nautilus.se\/#website"},"primaryImageOfPage":{"@id":"https:\/\/nautilus.se\/hyra-bat\/vinterforvaring-i-sjon\/#primaryimage"},"image":{"@id":"https:\/\/nautilus.se\/hyra-bat\/vinterforvaring-i-sjon\/#primaryimage"},"thumbnailUrl":"https:\/\/nautilus.se\/wp-content\/uploads\/2022\/09\/vinterhamn-scaled.jpg","datePublished":"2022-09-13T09:17:47+00:00","dateModified":"2024-10-16T19:01:31+00:00","description":"isfri vinterf\u00f6rvaring b\u00e5t","breadcrumb":{"@id":"https:\/\/nautilus.se\/hyra-bat\/vinterforvaring-i-sjon\/#breadcrumb"},"inLanguage":"en-US","potentialAction":[{"@type":"ReadAction","target":["https:\/\/nautilus.se\/hyra-bat\/vinterforvaring-i-sjon\/"]}]},{"@type":"ImageObject","inLanguage":"en-US","@id":"https:\/\/nautilus.se\/hyra-bat\/vinterforvaring-i-sjon\/#primaryimage","url":"https:\/\/nautilus.se\/wp-content\/uploads\/2022\/09\/vinterhamn-scaled.jpg","contentUrl":"https:\/\/nautilus.se\/wp-content\/uploads\/2022\/09\/vinterhamn-scaled.jpg","width":2560,"height":1707,"caption":"default"},{"@type":"BreadcrumbList","@id":"https:\/\/nautilus.se\/hyra-bat\/vinterforvaring-i-sjon\/#breadcrumb","itemListElement":[{"@type":"ListItem","position":1,"name":"Home","item":"https:\/\/nautilus.se\/"},{"@type":"ListItem","position":2,"name":"Hyr b\u00e5t enkelt och tryggt","item":"https:\/\/nautilus.se\/hyra-bat-old\/"},{"@type":"ListItem","position":3,"name":"Vinterf\u00f6rvaring i sj\u00f6n"}]},{"@type":"WebSite","@id":"https:\/\/nautilus.se\/#website","url":"https:\/\/nautilus.se\/","name":"Nautilus Boat Club","description":"H\u00e4r kan du hyra b\u00e5t, dela b\u00e5t, del\u00e4ga b\u00e5t och vara med i b\u00e5tpool.","publisher":{"@id":"https:\/\/nautilus.se\/#organization"},"potentialAction":[{"@type":"SearchAction","target":{"@type":"EntryPoint","urlTemplate":"https:\/\/nautilus.se\/?s={search_term_string}"},"query-input":{"@type":"PropertyValueSpecification","valueRequired":true,"valueName":"search_term_string"}}],"inLanguage":"en-US"},{"@type":"Organization","@id":"https:\/\/nautilus.se\/#organization","name":"Nautilus Boat Club AB","alternateName":"Nautilus Boat Club","url":"https:\/\/nautilus.se\/","logo":{"@type":"ImageObject","inLanguage":"en-US","@id":"https:\/\/nautilus.se\/#\/schema\/logo\/image\/","url":"https:\/\/nautilus.se\/wp-content\/uploads\/2022\/10\/Nautilus-shell-blue-back-w-logo.png","contentUrl":"https:\/\/nautilus.se\/wp-content\/uploads\/2022\/10\/Nautilus-shell-blue-back-w-logo.png","width":1755,"height":1130,"caption":"Nautilus Boat Club AB"},"image":{"@id":"https:\/\/nautilus.se\/#\/schema\/logo\/image\/"},"sameAs":["https:\/\/www.facebook.com\/nautilusboatclub\/","https:\/\/www.instagram.com\/nautilusboatclub\/","https:\/\/www.linkedin.com\/company\/4998214\/admin\/","https:\/\/www.youtube.com\/channel\/UCrhrs3yv-t72B5igMm2keKQ\/videos?app=desktop"]}]}},"_links":{"self":[{"href":"https:\/\/nautilus.se\/eng\/wp-json\/wp\/v2\/product\/17977","targetHints":{"allow":["GET"]}}],"collection":[{"href":"https:\/\/nautilus.se\/eng\/wp-json\/wp\/v2\/product"}],"about":[{"href":"https:\/\/nautilus.se\/eng\/wp-json\/wp\/v2\/types\/product"}],"version-history":[{"count":1,"href":"https:\/\/nautilus.se\/eng\/wp-json\/wp\/v2\/product\/17977\/revisions"}],"predecessor-version":[{"id":23175,"href":"https:\/\/nautilus.se\/eng\/wp-json\/wp\/v2\/product\/17977\/revisions\/23175"}],"wp:featuredmedia":[{"embeddable":true,"href":"https:\/\/nautilus.se\/eng\/wp-json\/wp\/v2\/media\/17982"}],"wp:attachment":[{"href":"https:\/\/nautilus.se\/eng\/wp-json\/wp\/v2\/media?parent=17977"}],"wp:term":[{"taxonomy":"product_brand","embeddable":true,"href":"https:\/\/nautilus.se\/eng\/wp-json\/wp\/v2\/product_brand?post=17977"},{"taxonomy":"product_cat","embeddable":true,"href":"https:\/\/nautilus.se\/eng\/wp-json\/wp\/v2\/product_cat?post=17977"},{"taxonomy":"product_tag","embeddable":true,"href":"https:\/\/nautilus.se\/eng\/wp-json\/wp\/v2\/product_tag?post=17977"}],"curies":[{"name":"wp","href":"https:\/\/api.w.org\/{rel}","templated":true}]}}