{"id":18962,"date":"2022-11-04T13:35:56","date_gmt":"2022-11-04T12:35:56","guid":{"rendered":"https:\/\/nautilus.se\/?post_type=product&#038;p=18962"},"modified":"2023-05-09T17:54:45","modified_gmt":"2023-05-09T16:54:45","slug":"boatmember-brons","status":"publish","type":"product","link":"https:\/\/nautilus.se\/eng\/hyra-bat\/boatmember-brons\/","title":{"rendered":"Brons Medlemskap"},"content":{"rendered":"<p>Med detta medlemskap f\u00e5r du en egen sida d\u00e4r du kan registrera din b\u00e5t, samla information, bilder och dokument.<br \/>\nDetta g\u00f6r det enkelt att h\u00e5lla ordning p\u00e5 din b\u00e5t!<\/p>\n<p>Du hittar \u00e4ven tips, r\u00e5d och checklistor i B\u00e5t\u00e4garguiden p\u00e5 hur du tar hand om och lever med din b\u00e5t.<\/p>\n<p>&nbsp;<\/p>\n<p>Du kan f\u00e5r ocks\u00e5 tillg\u00e5ng till alla v\u00e5ra servicetj\u00e4nster om du beh\u00f6ver hj\u00e4lp med en installation, service eller liknande.<\/p>\n<p>&nbsp;<\/p>\n<p>Om du uppgraderar till Silver f\u00e5r du \u00e4ven personlig telefonsupport och PremiumAssistans. Med premiumAssistans kommer vi ut till dig d\u00e4r du ligger med b\u00e5ten och fels\u00f6ker eller hj\u00e4lper dig byta utrustning som strular.<\/p>\n<p>Med Guldmedlemskap f\u00e5r du \u00e4ven full koll p\u00e5 b\u00e5ten i realtid. D\u00e5 installerar vi eller du sj\u00e4lv sensorer i b\u00e5ten som g\u00f6r att du i appen kan se bland annat batterisp\u00e4nning, vattenniv\u00e5 och position dygnet runt. S\u00e5 slipper du \u00f6verraskningar n\u00e4r du ska ut med b\u00e5ten. Appen varnar d\u00e5 om tex batterisp\u00e4nningen sjunker eller att vattenniv\u00e5n i k\u00f6lsvinet stiger. Kan du inte sj\u00e4lv \u00e5ka till b\u00e5ten f\u00f6r att kontrollera s\u00e5 g\u00f6r vi det \u00e5t dig.<\/p>\n<p>&nbsp;<\/p>\n<h3 class=\"wpz-pricing-table-features-title\">Brons Inkluderar<\/h3>\n<ul>\n<li>Digital servicejournal<\/li>\n<li>Digital loggbok<\/li>\n<li>Rabatter och f\u00f6rm\u00e5ner<\/li>\n<li>B\u00e5t\u00e4gareguiden<\/li>\n<li>Checklistor f\u00f6r att ta hand om din b\u00e5t<\/li>\n<li>Best\u00e4ll kvalitetss\u00e4krade b\u00e5ttj\u00e4nster<\/li>\n<\/ul>\n<p>&nbsp;<\/p>","protected":false},"excerpt":{"rendered":"<p>Med detta medlemskap f\u00e5r du en egen sida d\u00e4r du kan registrera din b\u00e5t, samla information, bilder och dokument. Detta g\u00f6r det enkelt att h\u00e5lla ordning p\u00e5 din b\u00e5t! Du hittar \u00e4ven tips, r\u00e5d och checklistor i B\u00e5t\u00e4garguiden p\u00e5 hur du tar hand om och lever med din b\u00e5t. &nbsp; [&hellip;]<\/p>\n","protected":false},"featured_media":13654,"template":"","meta":[],"product_brand":[],"product_cat":[143],"product_tag":[],"class_list":{"0":"post-18962","1":"product","2":"type-product","3":"status-publish","4":"has-post-thumbnail","6":"product_cat-medlemskap","8":"first","9":"instock","10":"virtual","11":"taxable","12":"purchasable","13":"product-type-simple"},"booking_location":null,"booking_location_type":null,"booking_duration":null,"booking_duration_unit":null,"booking_buffer":null,"booking_cost":null,"booking_resources":null,"exclude_global_add_ons":[],"addons":[],"yoast_head":"<!-- This site is optimized with the Yoast SEO Premium plugin v27.4 (Yoast SEO v27.5) - https:\/\/yoast.com\/product\/yoast-seo-premium-wordpress\/ -->\n<title>Brons Medlemskap | Nautilus Boat Club<\/title>\n<meta name=\"description\" content=\"Medlemskap Brons i Sveriges f\u00f6rsta digitala b\u00e5tklubb. Tips &amp; r\u00e5d f\u00f6r din b\u00e5t, premium b\u00e5tassistans med Nautilus Boat Club.\" \/>\n<meta name=\"robots\" content=\"index, follow, max-snippet:-1, max-image-preview:large, max-video-preview:-1\" \/>\n<link rel=\"canonical\" href=\"https:\/\/nautilus.se\/eng\/hyra-bat\/boatmember-brons\/\" \/>\n<meta property=\"og:locale\" content=\"en_US\" \/>\n<meta property=\"og:type\" content=\"article\" \/>\n<meta property=\"og:title\" content=\"Brons Medlemskap\" \/>\n<meta property=\"og:description\" content=\"Medlemskap Brons i Sveriges f\u00f6rsta digitala b\u00e5tklubb. Tips &amp; r\u00e5d f\u00f6r din b\u00e5t, premium b\u00e5tassistans med Nautilus Boat Club.\" \/>\n<meta property=\"og:url\" content=\"https:\/\/nautilus.se\/eng\/hyra-bat\/boatmember-brons\/\" \/>\n<meta property=\"og:site_name\" content=\"Nautilus Boat Club\" \/>\n<meta property=\"article:publisher\" content=\"https:\/\/www.facebook.com\/nautilusboatclub\/\" \/>\n<meta property=\"article:modified_time\" content=\"2023-05-09T16:54:45+00:00\" \/>\n<meta property=\"og:image\" content=\"https:\/\/nautilus.se\/wp-content\/uploads\/2022\/02\/Mobiltelefon-pa-bat.jpg\" \/>\n\t<meta property=\"og:image:width\" content=\"1000\" \/>\n\t<meta property=\"og:image:height\" content=\"668\" \/>\n\t<meta property=\"og:image:type\" content=\"image\/jpeg\" \/>\n<meta name=\"twitter:card\" content=\"summary_large_image\" \/>\n<meta name=\"twitter:label1\" content=\"Est. reading time\" \/>\n\t<meta name=\"twitter:data1\" content=\"1 minute\" \/>\n<script type=\"application\/ld+json\" class=\"yoast-schema-graph\">{\"@context\":\"https:\\\/\\\/schema.org\",\"@graph\":[{\"@type\":\"WebPage\",\"@id\":\"https:\\\/\\\/nautilus.se\\\/hyra-bat\\\/boatmember-brons\\\/\",\"url\":\"https:\\\/\\\/nautilus.se\\\/hyra-bat\\\/boatmember-brons\\\/\",\"name\":\"Brons Medlemskap | Nautilus Boat Club\",\"isPartOf\":{\"@id\":\"https:\\\/\\\/nautilus.se\\\/#website\"},\"primaryImageOfPage\":{\"@id\":\"https:\\\/\\\/nautilus.se\\\/hyra-bat\\\/boatmember-brons\\\/#primaryimage\"},\"image\":{\"@id\":\"https:\\\/\\\/nautilus.se\\\/hyra-bat\\\/boatmember-brons\\\/#primaryimage\"},\"thumbnailUrl\":\"https:\\\/\\\/nautilus.se\\\/wp-content\\\/uploads\\\/2022\\\/02\\\/Mobiltelefon-pa-bat.jpg\",\"datePublished\":\"2022-11-04T12:35:56+00:00\",\"dateModified\":\"2023-05-09T16:54:45+00:00\",\"description\":\"Medlemskap Brons i Sveriges f\u00f6rsta digitala b\u00e5tklubb. Tips & r\u00e5d f\u00f6r din b\u00e5t, premium b\u00e5tassistans med Nautilus Boat Club.\",\"breadcrumb\":{\"@id\":\"https:\\\/\\\/nautilus.se\\\/hyra-bat\\\/boatmember-brons\\\/#breadcrumb\"},\"inLanguage\":\"en-US\",\"potentialAction\":[{\"@type\":\"ReadAction\",\"target\":[\"https:\\\/\\\/nautilus.se\\\/hyra-bat\\\/boatmember-brons\\\/\"]}]},{\"@type\":\"ImageObject\",\"inLanguage\":\"en-US\",\"@id\":\"https:\\\/\\\/nautilus.se\\\/hyra-bat\\\/boatmember-brons\\\/#primaryimage\",\"url\":\"https:\\\/\\\/nautilus.se\\\/wp-content\\\/uploads\\\/2022\\\/02\\\/Mobiltelefon-pa-bat.jpg\",\"contentUrl\":\"https:\\\/\\\/nautilus.se\\\/wp-content\\\/uploads\\\/2022\\\/02\\\/Mobiltelefon-pa-bat.jpg\",\"width\":1000,\"height\":668,\"caption\":\"Min b\u00e5tsida\"},{\"@type\":\"BreadcrumbList\",\"@id\":\"https:\\\/\\\/nautilus.se\\\/hyra-bat\\\/boatmember-brons\\\/#breadcrumb\",\"itemListElement\":[{\"@type\":\"ListItem\",\"position\":1,\"name\":\"Home\",\"item\":\"https:\\\/\\\/nautilus.se\\\/\"},{\"@type\":\"ListItem\",\"position\":2,\"name\":\"Hyr b\u00e5t enkelt och tryggt\",\"item\":\"https:\\\/\\\/nautilus.se\\\/hyra-bat-old\\\/\"},{\"@type\":\"ListItem\",\"position\":3,\"name\":\"Brons Medlemskap\"}]},{\"@type\":\"WebSite\",\"@id\":\"https:\\\/\\\/nautilus.se\\\/#website\",\"url\":\"https:\\\/\\\/nautilus.se\\\/\",\"name\":\"Nautilus Boat Club\",\"description\":\"H\u00e4r kan du hyra b\u00e5t, dela b\u00e5t, del\u00e4ga b\u00e5t och vara med i b\u00e5tpool.\",\"publisher\":{\"@id\":\"https:\\\/\\\/nautilus.se\\\/#organization\"},\"potentialAction\":[{\"@type\":\"SearchAction\",\"target\":{\"@type\":\"EntryPoint\",\"urlTemplate\":\"https:\\\/\\\/nautilus.se\\\/?s={search_term_string}\"},\"query-input\":{\"@type\":\"PropertyValueSpecification\",\"valueRequired\":true,\"valueName\":\"search_term_string\"}}],\"inLanguage\":\"en-US\"},{\"@type\":\"Organization\",\"@id\":\"https:\\\/\\\/nautilus.se\\\/#organization\",\"name\":\"Nautilus Boat Club AB\",\"alternateName\":\"Nautilus Boat Club\",\"url\":\"https:\\\/\\\/nautilus.se\\\/\",\"logo\":{\"@type\":\"ImageObject\",\"inLanguage\":\"en-US\",\"@id\":\"https:\\\/\\\/nautilus.se\\\/#\\\/schema\\\/logo\\\/image\\\/\",\"url\":\"https:\\\/\\\/nautilus.se\\\/wp-content\\\/uploads\\\/2022\\\/10\\\/Nautilus-shell-blue-back-w-logo.png\",\"contentUrl\":\"https:\\\/\\\/nautilus.se\\\/wp-content\\\/uploads\\\/2022\\\/10\\\/Nautilus-shell-blue-back-w-logo.png\",\"width\":1755,\"height\":1130,\"caption\":\"Nautilus Boat Club AB\"},\"image\":{\"@id\":\"https:\\\/\\\/nautilus.se\\\/#\\\/schema\\\/logo\\\/image\\\/\"},\"sameAs\":[\"https:\\\/\\\/www.facebook.com\\\/nautilusboatclub\\\/\",\"https:\\\/\\\/www.instagram.com\\\/nautilusboatclub\\\/\",\"https:\\\/\\\/www.linkedin.com\\\/company\\\/4998214\\\/admin\\\/\",\"https:\\\/\\\/www.youtube.com\\\/channel\\\/UCrhrs3yv-t72B5igMm2keKQ\\\/videos?app=desktop\"]}]}<\/script>\n<!-- \/ Yoast SEO Premium plugin. -->","yoast_head_json":{"title":"Brons Medlemskap | Nautilus Boat Club","description":"Medlemskap Brons i Sveriges f\u00f6rsta digitala b\u00e5tklubb. Tips & r\u00e5d f\u00f6r din b\u00e5t, premium b\u00e5tassistans med Nautilus Boat Club.","robots":{"index":"index","follow":"follow","max-snippet":"max-snippet:-1","max-image-preview":"max-image-preview:large","max-video-preview":"max-video-preview:-1"},"canonical":"https:\/\/nautilus.se\/eng\/hyra-bat\/boatmember-brons\/","og_locale":"en_US","og_type":"article","og_title":"Brons Medlemskap","og_description":"Medlemskap Brons i Sveriges f\u00f6rsta digitala b\u00e5tklubb. Tips & r\u00e5d f\u00f6r din b\u00e5t, premium b\u00e5tassistans med Nautilus Boat Club.","og_url":"https:\/\/nautilus.se\/eng\/hyra-bat\/boatmember-brons\/","og_site_name":"Nautilus Boat Club","article_publisher":"https:\/\/www.facebook.com\/nautilusboatclub\/","article_modified_time":"2023-05-09T16:54:45+00:00","og_image":[{"width":1000,"height":668,"url":"https:\/\/nautilus.se\/wp-content\/uploads\/2022\/02\/Mobiltelefon-pa-bat.jpg","type":"image\/jpeg"}],"twitter_card":"summary_large_image","twitter_misc":{"Est. reading time":"1 minute"},"schema":{"@context":"https:\/\/schema.org","@graph":[{"@type":"WebPage","@id":"https:\/\/nautilus.se\/hyra-bat\/boatmember-brons\/","url":"https:\/\/nautilus.se\/hyra-bat\/boatmember-brons\/","name":"Brons Medlemskap | Nautilus Boat Club","isPartOf":{"@id":"https:\/\/nautilus.se\/#website"},"primaryImageOfPage":{"@id":"https:\/\/nautilus.se\/hyra-bat\/boatmember-brons\/#primaryimage"},"image":{"@id":"https:\/\/nautilus.se\/hyra-bat\/boatmember-brons\/#primaryimage"},"thumbnailUrl":"https:\/\/nautilus.se\/wp-content\/uploads\/2022\/02\/Mobiltelefon-pa-bat.jpg","datePublished":"2022-11-04T12:35:56+00:00","dateModified":"2023-05-09T16:54:45+00:00","description":"Medlemskap Brons i Sveriges f\u00f6rsta digitala b\u00e5tklubb. Tips & r\u00e5d f\u00f6r din b\u00e5t, premium b\u00e5tassistans med Nautilus Boat Club.","breadcrumb":{"@id":"https:\/\/nautilus.se\/hyra-bat\/boatmember-brons\/#breadcrumb"},"inLanguage":"en-US","potentialAction":[{"@type":"ReadAction","target":["https:\/\/nautilus.se\/hyra-bat\/boatmember-brons\/"]}]},{"@type":"ImageObject","inLanguage":"en-US","@id":"https:\/\/nautilus.se\/hyra-bat\/boatmember-brons\/#primaryimage","url":"https:\/\/nautilus.se\/wp-content\/uploads\/2022\/02\/Mobiltelefon-pa-bat.jpg","contentUrl":"https:\/\/nautilus.se\/wp-content\/uploads\/2022\/02\/Mobiltelefon-pa-bat.jpg","width":1000,"height":668,"caption":"Min b\u00e5tsida"},{"@type":"BreadcrumbList","@id":"https:\/\/nautilus.se\/hyra-bat\/boatmember-brons\/#breadcrumb","itemListElement":[{"@type":"ListItem","position":1,"name":"Home","item":"https:\/\/nautilus.se\/"},{"@type":"ListItem","position":2,"name":"Hyr b\u00e5t enkelt och tryggt","item":"https:\/\/nautilus.se\/hyra-bat-old\/"},{"@type":"ListItem","position":3,"name":"Brons Medlemskap"}]},{"@type":"WebSite","@id":"https:\/\/nautilus.se\/#website","url":"https:\/\/nautilus.se\/","name":"Nautilus Boat Club","description":"H\u00e4r kan du hyra b\u00e5t, dela b\u00e5t, del\u00e4ga b\u00e5t och vara med i b\u00e5tpool.","publisher":{"@id":"https:\/\/nautilus.se\/#organization"},"potentialAction":[{"@type":"SearchAction","target":{"@type":"EntryPoint","urlTemplate":"https:\/\/nautilus.se\/?s={search_term_string}"},"query-input":{"@type":"PropertyValueSpecification","valueRequired":true,"valueName":"search_term_string"}}],"inLanguage":"en-US"},{"@type":"Organization","@id":"https:\/\/nautilus.se\/#organization","name":"Nautilus Boat Club AB","alternateName":"Nautilus Boat Club","url":"https:\/\/nautilus.se\/","logo":{"@type":"ImageObject","inLanguage":"en-US","@id":"https:\/\/nautilus.se\/#\/schema\/logo\/image\/","url":"https:\/\/nautilus.se\/wp-content\/uploads\/2022\/10\/Nautilus-shell-blue-back-w-logo.png","contentUrl":"https:\/\/nautilus.se\/wp-content\/uploads\/2022\/10\/Nautilus-shell-blue-back-w-logo.png","width":1755,"height":1130,"caption":"Nautilus Boat Club AB"},"image":{"@id":"https:\/\/nautilus.se\/#\/schema\/logo\/image\/"},"sameAs":["https:\/\/www.facebook.com\/nautilusboatclub\/","https:\/\/www.instagram.com\/nautilusboatclub\/","https:\/\/www.linkedin.com\/company\/4998214\/admin\/","https:\/\/www.youtube.com\/channel\/UCrhrs3yv-t72B5igMm2keKQ\/videos?app=desktop"]}]}},"_links":{"self":[{"href":"https:\/\/nautilus.se\/eng\/wp-json\/wp\/v2\/product\/18962","targetHints":{"allow":["GET"]}}],"collection":[{"href":"https:\/\/nautilus.se\/eng\/wp-json\/wp\/v2\/product"}],"about":[{"href":"https:\/\/nautilus.se\/eng\/wp-json\/wp\/v2\/types\/product"}],"version-history":[{"count":1,"href":"https:\/\/nautilus.se\/eng\/wp-json\/wp\/v2\/product\/18962\/revisions"}],"predecessor-version":[{"id":18964,"href":"https:\/\/nautilus.se\/eng\/wp-json\/wp\/v2\/product\/18962\/revisions\/18964"}],"wp:featuredmedia":[{"embeddable":true,"href":"https:\/\/nautilus.se\/eng\/wp-json\/wp\/v2\/media\/13654"}],"wp:attachment":[{"href":"https:\/\/nautilus.se\/eng\/wp-json\/wp\/v2\/media?parent=18962"}],"wp:term":[{"taxonomy":"product_brand","embeddable":true,"href":"https:\/\/nautilus.se\/eng\/wp-json\/wp\/v2\/product_brand?post=18962"},{"taxonomy":"product_cat","embeddable":true,"href":"https:\/\/nautilus.se\/eng\/wp-json\/wp\/v2\/product_cat?post=18962"},{"taxonomy":"product_tag","embeddable":true,"href":"https:\/\/nautilus.se\/eng\/wp-json\/wp\/v2\/product_tag?post=18962"}],"curies":[{"name":"wp","href":"https:\/\/api.w.org\/{rel}","templated":true}]}}