{"id":22196,"date":"2023-05-29T12:51:45","date_gmt":"2023-05-29T11:51:45","guid":{"rendered":"https:\/\/nautilus.se\/?post_type=product&#038;p=22196"},"modified":"2023-05-29T13:52:23","modified_gmt":"2023-05-29T12:52:23","slug":"batcharter-tjejsegling","status":"publish","type":"product","link":"https:\/\/nautilus.se\/eng\/hyra-bat\/batcharter-tjejsegling\/","title":{"rendered":"Tjejsegling och b\u00e5tcharter"},"content":{"rendered":"<h5 class=\"font_5 wixui-rich-text__text\"><span class=\"color_11 wixui-rich-text__text\"><span class=\"wixui-rich-text__text\">Har du ocks\u00e5 dr\u00f6mmar om segling, salta bad och solvarma klippor?<br class=\"wixui-rich-text__text\" \/>I samarbete med tjejerna p\u00e5 &#8221;Tjejsegling&#8221; arrangerar vi seglarkurser och events b\u00e5de i sk\u00e4rg\u00e5rden och i Stockholm city med 100% tjejer ombord.\u00a0<\/span><\/span><\/h5>\n<p>&nbsp;<\/p>\n<p class=\"font_8 wixui-rich-text__text\"><span class=\"wixui-rich-text__text\"><strong>After Work p\u00e5 sj\u00f6n<\/strong><br \/>\nTa med kollegorna ut och segla! Mitt p\u00e5 Strandv\u00e4gen i Stockholms city ligger b\u00e5ten redo f\u00f6r segling.. Ombord finns dricka, snacks, champagne och flytv\u00e4star \u2013 ja, allt som beh\u00f6vs f\u00f6r en lyckad aw till sj\u00f6ss. Vi l\u00e4gger loss, hissar segel och glider ut p\u00e5 det bl\u00e5. Alla som vill f\u00e5r styra, hantera segel och navigera.\u00a0 F\u00f6r de som bara vill luta sig tillbaka och njuta finns gott om sociala ytor f\u00f6r avslappnat umg\u00e4nge.<\/span><\/p>\n<p class=\"font_8 wixui-rich-text__text\"><span class=\"wixui-rich-text__text\"><span class=\"wixGuard wixui-rich-text__text\">\u200b<\/span><\/span><\/p>\n<p class=\"font_8 wixui-rich-text__text\"><span class=\"wixui-rich-text__text\"><strong>Regatta, match race eller after work?<\/strong> \u00a0<\/span><\/p>\n<p class=\"font_8 wixui-rich-text__text\"><span class=\"wixui-rich-text__text\"><span class=\"wixGuard wixui-rich-text__text\">\u200b<\/span><\/span><span class=\"wixui-rich-text__text\">Att segla ihop \u00e4r att l\u00e4ra k\u00e4nna varandra och skapar naturlig teambuilding i en avslappnad milj\u00f6. Ni f\u00e5r sj\u00e4lva l\u00e4gga kursen, styra och sk\u00f6ta seglingen ombord p\u00e5 v\u00e5ra 50-fots segelb\u00e5tar.\u00a0<\/span><span class=\"wixui-rich-text__text\"><span class=\"wixGuard wixui-rich-text__text\">\u200b<\/span><\/span><\/p>\n<p class=\"font_8 wixui-rich-text__text\"><span class=\"wixui-rich-text__text\">En klassiker \u00e4r att segla till anrika Sandhamn och g\u00e5 p\u00e5 Spa medan ni laddar inf\u00f6r kv\u00e4llen. \u00c4r ni ute efter livets b\u00e4sta afterwork m\u00f6ter vi er p\u00e5 Strandv\u00e4gen och seglar n\u00e5gra timmar i Stockholms inlopp.\u00a0 Eller kanske har ni mer tid och vill segla till yttersk\u00e4rg\u00e5rden d\u00e4r vi l\u00e4gger till vid en flat klipph\u00e4ll och grillar p\u00e5 kv\u00e4llen.<\/span><\/p>\n<p class=\"font_8 wixui-rich-text__text\"><span class=\"wixui-rich-text__text\"><span class=\"wixGuard wixui-rich-text__text\">\u200b<\/span><\/span><span class=\"wixui-rich-text__text\">H\u00f6r av er s\u00e5 pratar vi ihop oss &#8211; alla eventseglingar \u00e4r skr\u00e4ddarsydda f\u00f6r att ert f\u00f6retag ska f\u00e5 ut maximalt av dagen!<br \/>\n<\/span><span class=\"wixui-rich-text__text\">Efter seglingen v\u00e4ntar kanske en restaurang i stan eller s\u00e5 l\u00e5ter ni kv\u00e4llen forts\u00e4tta p\u00e5 Fj\u00e4derholmarna &#8211; Stockholms n\u00e4rmsta sk\u00e4rg\u00e5rdskrog.<\/span><\/p>\n<p>&nbsp;<\/p>\n<p class=\"font_8 wixui-rich-text__text\"><strong><span class=\"wixui-rich-text__text\">M\u00f6hippa<\/span><\/strong><\/p>\n<p class=\"font_8 wixui-rich-text__text\"><span class=\"wixui-rich-text__text\">Kvalitetstid p\u00e5 en stor, fin segelb\u00e5t ihop med sina b\u00e4sta v\u00e4nner, kan det bli b\u00e4ttre? M\u00f6hippa till havs \u00e4r<\/span><span class=\"wixui-rich-text__text\">\u00a0n\u00e5got roligt, mysigt och sp\u00e4nnande att g\u00f6ra tillsammans den d\u00e4r of\u00f6rgl\u00f6mliga dagen\/helgen med tjejg\u00e4nget. Vi startar ofta inne i city och seglar ut genom Stockholms inlopp men varje m\u00f6hippa \u00e4r skr\u00e4ddarsydd och unik f\u00f6r just ert g\u00e4ng. Att segla, \u00e4ta god mat, sola och bada ihop \u00e4r ett perfekt val f\u00f6r er som vill skratta med, och inte \u00e5t varandra.<\/span><\/p>\n<p class=\"font_8 wixui-rich-text__text\"><span class=\"wixui-rich-text__text\">Vi h\u00e4mtar och l\u00e4mnar \u00f6ver hela Stockholmsomr\u00e5det, h\u00f6r av er s\u00e5 planerar vi tillsammans!<\/span><\/p>\n<p>&nbsp;<\/p>\n<p>Pris ges i f\u00f6rv\u00e4g baserat p\u00e5 \u00f6nskad rutt. Fr\u00e5n 17000kr (exkl 6% moms).<br \/>\nFull betalning innan avf\u00e4rd. Kort eller faktura.<\/p>\n<div class=\"right\">\n<p>&nbsp;<\/p>\n<p>&nbsp;<\/p>\n<\/div>","protected":false},"excerpt":{"rendered":"<p>Ta med v\u00e4nner eller f\u00f6retaget p\u00e5 en f\u00f6rstklassig dag p\u00e5 sj\u00f6n!<\/p>","protected":false},"featured_media":22198,"template":"","meta":[],"product_brand":[],"product_cat":[217],"product_tag":[],"class_list":{"0":"post-22196","1":"product","2":"type-product","3":"status-publish","4":"has-post-thumbnail","6":"product_cat-charter-event","8":"first","9":"instock","10":"virtual","11":"sold-individually","12":"taxable","13":"purchasable","14":"product-type-booking"},"booking_location":"","booking_location_type":"","booking_duration":1,"booking_duration_unit":"day","booking_buffer":0,"booking_cost":17000,"booking_resources":[22197],"exclude_global_add_ons":[],"addons":[],"yoast_head":"<!-- This site is optimized with the Yoast SEO Premium plugin v27.3 (Yoast SEO v27.4) - https:\/\/yoast.com\/product\/yoast-seo-premium-wordpress\/ -->\n<title>Hyr b\u00e5t och b\u00e5tcharter tjejsegling- Nautilus Boat Club<\/title>\n<meta name=\"description\" content=\"Hyr b\u00e5t och b\u00e5tcharter tjejsegling i Stockholm hos Nautilus Boat Club. Hyr eller dela b\u00e5t f\u00f6r ett enkelt och m\u00e5ngsidigt b\u00e5tliv.\" \/>\n<meta name=\"robots\" content=\"index, follow, max-snippet:-1, max-image-preview:large, max-video-preview:-1\" \/>\n<link rel=\"canonical\" href=\"https:\/\/nautilus.se\/eng\/hyra-bat\/batcharter-tjejsegling\/\" \/>\n<meta property=\"og:locale\" content=\"en_US\" \/>\n<meta property=\"og:type\" content=\"article\" \/>\n<meta property=\"og:title\" content=\"Tjejsegling och b\u00e5tcharter\" \/>\n<meta property=\"og:description\" content=\"Hyr b\u00e5t och b\u00e5tcharter tjejsegling i Stockholm hos Nautilus Boat Club. Hyr eller dela b\u00e5t f\u00f6r ett enkelt och m\u00e5ngsidigt b\u00e5tliv.\" \/>\n<meta property=\"og:url\" content=\"https:\/\/nautilus.se\/eng\/hyra-bat\/batcharter-tjejsegling\/\" \/>\n<meta property=\"og:site_name\" content=\"Nautilus Boat Club\" \/>\n<meta property=\"article:publisher\" content=\"https:\/\/www.facebook.com\/nautilusboatclub\/\" \/>\n<meta property=\"article:modified_time\" content=\"2023-05-29T12:52:23+00:00\" \/>\n<meta property=\"og:image\" content=\"https:\/\/nautilus.se\/wp-content\/uploads\/2023\/05\/20190522_1816350-scaled.jpg\" \/>\n\t<meta property=\"og:image:width\" content=\"2560\" \/>\n\t<meta property=\"og:image:height\" content=\"1440\" \/>\n\t<meta property=\"og:image:type\" content=\"image\/jpeg\" \/>\n<meta name=\"twitter:card\" content=\"summary_large_image\" \/>\n<meta name=\"twitter:label1\" content=\"Est. reading time\" \/>\n\t<meta name=\"twitter:data1\" content=\"2 minutes\" \/>\n<script type=\"application\/ld+json\" class=\"yoast-schema-graph\">{\"@context\":\"https:\\\/\\\/schema.org\",\"@graph\":[{\"@type\":\"WebPage\",\"@id\":\"https:\\\/\\\/nautilus.se\\\/hyra-bat\\\/batcharter-tjejsegling\\\/\",\"url\":\"https:\\\/\\\/nautilus.se\\\/hyra-bat\\\/batcharter-tjejsegling\\\/\",\"name\":\"Hyr b\u00e5t och b\u00e5tcharter tjejsegling- Nautilus Boat Club\",\"isPartOf\":{\"@id\":\"https:\\\/\\\/nautilus.se\\\/#website\"},\"primaryImageOfPage\":{\"@id\":\"https:\\\/\\\/nautilus.se\\\/hyra-bat\\\/batcharter-tjejsegling\\\/#primaryimage\"},\"image\":{\"@id\":\"https:\\\/\\\/nautilus.se\\\/hyra-bat\\\/batcharter-tjejsegling\\\/#primaryimage\"},\"thumbnailUrl\":\"https:\\\/\\\/nautilus.se\\\/wp-content\\\/uploads\\\/2023\\\/05\\\/20190522_1816350-scaled.jpg\",\"datePublished\":\"2023-05-29T11:51:45+00:00\",\"dateModified\":\"2023-05-29T12:52:23+00:00\",\"description\":\"Hyr b\u00e5t och b\u00e5tcharter tjejsegling i Stockholm hos Nautilus Boat Club. Hyr eller dela b\u00e5t f\u00f6r ett enkelt och m\u00e5ngsidigt b\u00e5tliv.\",\"breadcrumb\":{\"@id\":\"https:\\\/\\\/nautilus.se\\\/hyra-bat\\\/batcharter-tjejsegling\\\/#breadcrumb\"},\"inLanguage\":\"en-US\",\"potentialAction\":[{\"@type\":\"ReadAction\",\"target\":[\"https:\\\/\\\/nautilus.se\\\/hyra-bat\\\/batcharter-tjejsegling\\\/\"]}]},{\"@type\":\"ImageObject\",\"inLanguage\":\"en-US\",\"@id\":\"https:\\\/\\\/nautilus.se\\\/hyra-bat\\\/batcharter-tjejsegling\\\/#primaryimage\",\"url\":\"https:\\\/\\\/nautilus.se\\\/wp-content\\\/uploads\\\/2023\\\/05\\\/20190522_1816350-scaled.jpg\",\"contentUrl\":\"https:\\\/\\\/nautilus.se\\\/wp-content\\\/uploads\\\/2023\\\/05\\\/20190522_1816350-scaled.jpg\",\"width\":2560,\"height\":1440,\"caption\":\"Hyr b\u00e5t tjejsegling\"},{\"@type\":\"BreadcrumbList\",\"@id\":\"https:\\\/\\\/nautilus.se\\\/hyra-bat\\\/batcharter-tjejsegling\\\/#breadcrumb\",\"itemListElement\":[{\"@type\":\"ListItem\",\"position\":1,\"name\":\"Home\",\"item\":\"https:\\\/\\\/nautilus.se\\\/\"},{\"@type\":\"ListItem\",\"position\":2,\"name\":\"Hyr b\u00e5t enkelt och tryggt\",\"item\":\"https:\\\/\\\/nautilus.se\\\/hyra-bat-old\\\/\"},{\"@type\":\"ListItem\",\"position\":3,\"name\":\"Tjejsegling och b\u00e5tcharter\"}]},{\"@type\":\"WebSite\",\"@id\":\"https:\\\/\\\/nautilus.se\\\/#website\",\"url\":\"https:\\\/\\\/nautilus.se\\\/\",\"name\":\"Nautilus Boat Club\",\"description\":\"H\u00e4r kan du hyra b\u00e5t, dela b\u00e5t, del\u00e4ga b\u00e5t och vara med i b\u00e5tpool.\",\"publisher\":{\"@id\":\"https:\\\/\\\/nautilus.se\\\/#organization\"},\"potentialAction\":[{\"@type\":\"SearchAction\",\"target\":{\"@type\":\"EntryPoint\",\"urlTemplate\":\"https:\\\/\\\/nautilus.se\\\/?s={search_term_string}\"},\"query-input\":{\"@type\":\"PropertyValueSpecification\",\"valueRequired\":true,\"valueName\":\"search_term_string\"}}],\"inLanguage\":\"en-US\"},{\"@type\":\"Organization\",\"@id\":\"https:\\\/\\\/nautilus.se\\\/#organization\",\"name\":\"Nautilus Boat Club AB\",\"alternateName\":\"Nautilus Boat Club\",\"url\":\"https:\\\/\\\/nautilus.se\\\/\",\"logo\":{\"@type\":\"ImageObject\",\"inLanguage\":\"en-US\",\"@id\":\"https:\\\/\\\/nautilus.se\\\/#\\\/schema\\\/logo\\\/image\\\/\",\"url\":\"https:\\\/\\\/nautilus.se\\\/wp-content\\\/uploads\\\/2022\\\/10\\\/Nautilus-shell-blue-back-w-logo.png\",\"contentUrl\":\"https:\\\/\\\/nautilus.se\\\/wp-content\\\/uploads\\\/2022\\\/10\\\/Nautilus-shell-blue-back-w-logo.png\",\"width\":1755,\"height\":1130,\"caption\":\"Nautilus Boat Club AB\"},\"image\":{\"@id\":\"https:\\\/\\\/nautilus.se\\\/#\\\/schema\\\/logo\\\/image\\\/\"},\"sameAs\":[\"https:\\\/\\\/www.facebook.com\\\/nautilusboatclub\\\/\",\"https:\\\/\\\/www.instagram.com\\\/nautilusboatclub\\\/\",\"https:\\\/\\\/www.linkedin.com\\\/company\\\/4998214\\\/admin\\\/\",\"https:\\\/\\\/www.youtube.com\\\/channel\\\/UCrhrs3yv-t72B5igMm2keKQ\\\/videos?app=desktop\"]}]}<\/script>\n<!-- \/ Yoast SEO Premium plugin. -->","yoast_head_json":{"title":"Hyr b\u00e5t och b\u00e5tcharter tjejsegling- Nautilus Boat Club","description":"Hyr b\u00e5t och b\u00e5tcharter tjejsegling i Stockholm hos Nautilus Boat Club. Hyr eller dela b\u00e5t f\u00f6r ett enkelt och m\u00e5ngsidigt b\u00e5tliv.","robots":{"index":"index","follow":"follow","max-snippet":"max-snippet:-1","max-image-preview":"max-image-preview:large","max-video-preview":"max-video-preview:-1"},"canonical":"https:\/\/nautilus.se\/eng\/hyra-bat\/batcharter-tjejsegling\/","og_locale":"en_US","og_type":"article","og_title":"Tjejsegling och b\u00e5tcharter","og_description":"Hyr b\u00e5t och b\u00e5tcharter tjejsegling i Stockholm hos Nautilus Boat Club. Hyr eller dela b\u00e5t f\u00f6r ett enkelt och m\u00e5ngsidigt b\u00e5tliv.","og_url":"https:\/\/nautilus.se\/eng\/hyra-bat\/batcharter-tjejsegling\/","og_site_name":"Nautilus Boat Club","article_publisher":"https:\/\/www.facebook.com\/nautilusboatclub\/","article_modified_time":"2023-05-29T12:52:23+00:00","og_image":[{"width":2560,"height":1440,"url":"https:\/\/nautilus.se\/wp-content\/uploads\/2023\/05\/20190522_1816350-scaled.jpg","type":"image\/jpeg"}],"twitter_card":"summary_large_image","twitter_misc":{"Est. reading time":"2 minutes"},"schema":{"@context":"https:\/\/schema.org","@graph":[{"@type":"WebPage","@id":"https:\/\/nautilus.se\/hyra-bat\/batcharter-tjejsegling\/","url":"https:\/\/nautilus.se\/hyra-bat\/batcharter-tjejsegling\/","name":"Hyr b\u00e5t och b\u00e5tcharter tjejsegling- Nautilus Boat Club","isPartOf":{"@id":"https:\/\/nautilus.se\/#website"},"primaryImageOfPage":{"@id":"https:\/\/nautilus.se\/hyra-bat\/batcharter-tjejsegling\/#primaryimage"},"image":{"@id":"https:\/\/nautilus.se\/hyra-bat\/batcharter-tjejsegling\/#primaryimage"},"thumbnailUrl":"https:\/\/nautilus.se\/wp-content\/uploads\/2023\/05\/20190522_1816350-scaled.jpg","datePublished":"2023-05-29T11:51:45+00:00","dateModified":"2023-05-29T12:52:23+00:00","description":"Hyr b\u00e5t och b\u00e5tcharter tjejsegling i Stockholm hos Nautilus Boat Club. Hyr eller dela b\u00e5t f\u00f6r ett enkelt och m\u00e5ngsidigt b\u00e5tliv.","breadcrumb":{"@id":"https:\/\/nautilus.se\/hyra-bat\/batcharter-tjejsegling\/#breadcrumb"},"inLanguage":"en-US","potentialAction":[{"@type":"ReadAction","target":["https:\/\/nautilus.se\/hyra-bat\/batcharter-tjejsegling\/"]}]},{"@type":"ImageObject","inLanguage":"en-US","@id":"https:\/\/nautilus.se\/hyra-bat\/batcharter-tjejsegling\/#primaryimage","url":"https:\/\/nautilus.se\/wp-content\/uploads\/2023\/05\/20190522_1816350-scaled.jpg","contentUrl":"https:\/\/nautilus.se\/wp-content\/uploads\/2023\/05\/20190522_1816350-scaled.jpg","width":2560,"height":1440,"caption":"Hyr b\u00e5t tjejsegling"},{"@type":"BreadcrumbList","@id":"https:\/\/nautilus.se\/hyra-bat\/batcharter-tjejsegling\/#breadcrumb","itemListElement":[{"@type":"ListItem","position":1,"name":"Home","item":"https:\/\/nautilus.se\/"},{"@type":"ListItem","position":2,"name":"Hyr b\u00e5t enkelt och tryggt","item":"https:\/\/nautilus.se\/hyra-bat-old\/"},{"@type":"ListItem","position":3,"name":"Tjejsegling och b\u00e5tcharter"}]},{"@type":"WebSite","@id":"https:\/\/nautilus.se\/#website","url":"https:\/\/nautilus.se\/","name":"Nautilus Boat Club","description":"H\u00e4r kan du hyra b\u00e5t, dela b\u00e5t, del\u00e4ga b\u00e5t och vara med i b\u00e5tpool.","publisher":{"@id":"https:\/\/nautilus.se\/#organization"},"potentialAction":[{"@type":"SearchAction","target":{"@type":"EntryPoint","urlTemplate":"https:\/\/nautilus.se\/?s={search_term_string}"},"query-input":{"@type":"PropertyValueSpecification","valueRequired":true,"valueName":"search_term_string"}}],"inLanguage":"en-US"},{"@type":"Organization","@id":"https:\/\/nautilus.se\/#organization","name":"Nautilus Boat Club AB","alternateName":"Nautilus Boat Club","url":"https:\/\/nautilus.se\/","logo":{"@type":"ImageObject","inLanguage":"en-US","@id":"https:\/\/nautilus.se\/#\/schema\/logo\/image\/","url":"https:\/\/nautilus.se\/wp-content\/uploads\/2022\/10\/Nautilus-shell-blue-back-w-logo.png","contentUrl":"https:\/\/nautilus.se\/wp-content\/uploads\/2022\/10\/Nautilus-shell-blue-back-w-logo.png","width":1755,"height":1130,"caption":"Nautilus Boat Club AB"},"image":{"@id":"https:\/\/nautilus.se\/#\/schema\/logo\/image\/"},"sameAs":["https:\/\/www.facebook.com\/nautilusboatclub\/","https:\/\/www.instagram.com\/nautilusboatclub\/","https:\/\/www.linkedin.com\/company\/4998214\/admin\/","https:\/\/www.youtube.com\/channel\/UCrhrs3yv-t72B5igMm2keKQ\/videos?app=desktop"]}]}},"_links":{"self":[{"href":"https:\/\/nautilus.se\/eng\/wp-json\/wp\/v2\/product\/22196","targetHints":{"allow":["GET"]}}],"collection":[{"href":"https:\/\/nautilus.se\/eng\/wp-json\/wp\/v2\/product"}],"about":[{"href":"https:\/\/nautilus.se\/eng\/wp-json\/wp\/v2\/types\/product"}],"version-history":[{"count":0,"href":"https:\/\/nautilus.se\/eng\/wp-json\/wp\/v2\/product\/22196\/revisions"}],"wp:featuredmedia":[{"embeddable":true,"href":"https:\/\/nautilus.se\/eng\/wp-json\/wp\/v2\/media\/22198"}],"wp:attachment":[{"href":"https:\/\/nautilus.se\/eng\/wp-json\/wp\/v2\/media?parent=22196"}],"wp:term":[{"taxonomy":"product_brand","embeddable":true,"href":"https:\/\/nautilus.se\/eng\/wp-json\/wp\/v2\/product_brand?post=22196"},{"taxonomy":"product_cat","embeddable":true,"href":"https:\/\/nautilus.se\/eng\/wp-json\/wp\/v2\/product_cat?post=22196"},{"taxonomy":"product_tag","embeddable":true,"href":"https:\/\/nautilus.se\/eng\/wp-json\/wp\/v2\/product_tag?post=22196"}],"curies":[{"name":"wp","href":"https:\/\/api.w.org\/{rel}","templated":true}]}}