{"id":25289,"date":"2024-04-25T14:23:44","date_gmt":"2024-04-25T13:23:44","guid":{"rendered":"https:\/\/nautilus.se\/?post_type=product&#038;p=25289"},"modified":"2025-10-26T16:55:18","modified_gmt":"2025-10-26T14:55:18","slug":"bottentvatt-bat","status":"publish","type":"product","link":"https:\/\/nautilus.se\/eng\/hyra-bat\/bottentvatt-bat\/","title":{"rendered":"Bottentv\u00e4tt b\u00e5t Gustavsberg"},"content":{"rendered":"<p style=\"text-align: left;\">Fr\u00e5n 1:a september \u00e4r bottentv\u00e4tten endast \u00f6ppen f\u00f6r bokade tider.<\/p>\n<p>Tv\u00e4tten \u00e4r st\u00e4ngd fr\u00e5n 31\/10 &#8211; 4\/5 2026. V\u00e4lkomna tillbaka d\u00e5!<\/p>\n<p>&nbsp;<\/p>\n<p>H\u00e5ll din b\u00e5ts botten ren fr\u00e5n bev\u00e4xtning! Det spar b\u00e5de br\u00e4nsle och milj\u00f6n!<br \/>\nBottentv\u00e4tt \u00e4r ett alternativ till att bottenm\u00e5la. F\u00f6r att n\u00e5 b\u00e4sta resultat med bottentv\u00e4ttning b\u00f6r man g\u00f6ra det minst 2 g\u00e5nger (men g\u00e4rna 3) per s\u00e4song.<br \/>\nG\u00f6r f\u00f6rsta tv\u00e4tten i andra halvan av juli eller b\u00f6rjan augusti. Innan havstulpanerna b\u00f6rjar v\u00e4xa till. Om botten \u00e4r ren n\u00e4r de kommer s\u00e5 har de inget att v\u00e4xa i.<br \/>\nAndra tv\u00e4tten g\u00f6rs g\u00e4rna i slutet av augusti eller b\u00f6rjan september. Att bara bottentv\u00e4tta en g\u00e5ng innan upptagning, f\u00f6r att f\u00e5 bort d\u00e5 fastv\u00e4xta sn\u00f6ckor och sj\u00f6gr\u00e4s, fungerar ej.<\/p>\n<p>En bottentv\u00e4tt tar ca 10-20 minuter. V\u00e5r personal tar emot er vid tv\u00e4tten och k\u00f6r maskinen.<\/p>\n<p>OBS! B\u00e5ten f\u00e5r ej vara bottenm\u00e5lad! Varken med polerande eller h\u00e5rd f\u00e4rg. Endast ren gelcote eller epoxybehandlade bottnar \u00e4r till\u00e5tna.<\/p>\n<p>&nbsp;<\/p>\n<p>Bra att veta:<\/p>\n<ul>\n<li>Segelb\u00e5tar \u00e4r inga problem. Max djupg\u00e5ende 2,3m<\/li>\n<li>Har b\u00e5ten en propeller med diameter \u00f6ver 30cm\/12tum kan tv\u00e4tten inte passera denna.<\/li>\n<li>Har b\u00e5ten tv\u00e5 motorer med axlar, som g\u00e5r ut under b\u00e5ten kan tv\u00e4tten ej passera och tv\u00e4tta akter om dessa.<\/li>\n<li>Tv\u00e4tten har borstar som tar vattenlinjen.<\/li>\n<li>Vi har en h\u00f6gtryckstv\u00e4tt som hj\u00e4lper till att tv\u00e4tta rent d\u00e4r maskinen kanske inte kommit \u00e5t.<\/li>\n<\/ul>\n<p>&nbsp;<\/p>\n<p><strong>\u00d6PPETTIDER<\/strong><br \/>\nseptember-oktober, maj:\u00a0 \u00a0 endast f\u00f6rbokad tid<br \/>\nnovember-april:\u00a0 \u00a0 \u00a0 \u00a0 \u00a0 \u00a0st\u00e4ngt<br \/>\njuni \u2013 augusti:\u00a0 \u00a0 \u00a0 \u00a0 \u00a0 \u00a0 \u00a0 \u00a0m\u00e5ndag \u2013 s\u00f6ndag \u00a0\u00a0\u00a0 10:00 \u2013 18:00<\/p>\n<p>&nbsp;<\/p>\n<p><strong>TV\u00c4TTEN KLARAR<br \/>\n<\/strong>Denna boatwasher b\u00e5ttv\u00e4tt fr\u00e5n RentUnder klarar stora b\u00e5tar!<br \/>\nB\u00e5tl\u00e4ngd: 1-16 meter<br \/>\nB\u00e5tbredd: 1 &#8211; 4,5 meter<br \/>\nDjupg\u00e5ende: max 2,3 meter<\/p>\n<p>&nbsp;<\/p>\n<p><strong>PRISER<\/strong><br \/>\n100kr per meter b\u00e5t. Tex kostar en b\u00e5t p\u00e5 6,7m 600kr.<br \/>\nMinsta tv\u00e4ttkostnad 500kr.<br \/>\nAvbokning med full \u00e5terbetalning fram till 24 timmar innan bokad tid.<\/p>\n<p>Ring 08-446 07 11 eller maila<a href=\"mailto:info@gustavsberggasthamn.se\"> info@gustavsberggasthamn.se <\/a>om du har fr\u00e5gor. Bokningar g\u00f6rs p\u00e5 denna websida.<\/p>\n<p>&nbsp;<\/p>\n<p><strong>HITTA HIT<\/strong><\/p>\n<p><a href=\"https:\/\/www.skippo.se\/plan\/?linkType=coordinate&amp;lat=59.323837731472736&amp;lng=18.3762734232715&amp;title=Sl%C3%A4ppt%20n%C3%A5l\" target=\"_blank\" rel=\"noopener\">H\u00e4r hittar du v\u00e5r bottentv\u00e4tt<\/a><\/p>\n<p>&nbsp;<\/p>\n<p><strong>VILLKOR<\/strong><\/p>\n<p>* Endast b\u00e5tar helt utan bottenf\u00e4rg f\u00e5r tv\u00e4ttas, enligt V\u00e4rmd\u00f6 kommuns riktlinjer.<\/p>\n<p>* Priser avser b\u00e5tbottentv\u00e4tt, en g\u00e5ng in och ut \u00f6ver de roterande borstarna, och under f\u00f6ruts\u00e4ttning att b\u00e5t\u00e4garen f\u00f6ljer hamnens tv\u00e4ttr\u00e5d och kommunens milj\u00f6regler f\u00f6r b\u00e5tbottentv\u00e4tt.<\/p>\n<p>* Du kan betala med kort eller Swish p\u00e5 plats<\/p>\n<p>* Med b\u00e5tl\u00e4ngd avses skrovl\u00e4ngd.<\/p>\n<p>* Priser SEK inkl. moms per meter b\u00e5t.<\/p>\n<p>* Tv\u00e4ttning sker p\u00e5 egen risk.<\/p>\n<p>* Om man inte anl\u00e4nder p\u00e5 bokad tid kan vi inte garantera att tv\u00e4tt kan\/hinner utf\u00f6ras.<\/p>\n<p>* Meddela alltid maskinisten p\u00e5 plats, innan start av tv\u00e4tt, om det finns tex instrument som sticker ut under vattenlinjen s\u00e5 att tv\u00e4ttprocessen kan anpassas f\u00f6r att undvika skador p\u00e5 k\u00e4nsliga delar under vattenlinjen.<\/p>\n<p>* Hamnen tar ej ansvar f\u00f6r f\u00e4rg, gelcoat eller dekorationstejp som lossnar fr\u00e5n b\u00e5t, utombordare eller drev vid tv\u00e4tt.<\/p>","protected":false},"excerpt":{"rendered":"<p>100kr\/b\u00e5tmeter<\/p>","protected":false},"featured_media":25290,"template":"","meta":[],"product_brand":[],"product_cat":[255],"product_tag":[85],"class_list":{"0":"post-25289","1":"product","2":"type-product","3":"status-publish","4":"has-post-thumbnail","6":"product_cat-gasthamn","7":"product_tag-gustavsberg","9":"first","10":"instock","11":"virtual","12":"sold-individually","13":"taxable","14":"purchasable","15":"product-type-booking"},"booking_location":"","booking_location_type":"","booking_duration":20,"booking_duration_unit":"minute","booking_buffer":0,"booking_cost":0,"booking_resources":[25301],"exclude_global_add_ons":true,"addons":[{"name":"B\u00e5tl\u00e4ngd","type":"multiple_choice","position":0,"required":true,"title_format":"label","default":"","description_enable":false,"description":"","placeholder_enable":false,"placeholder":"","display":"select","restrictions_type":"any_text","adjust_price":false,"price":"","price_type":"flat_fee","restrictions":false,"min":"0","max":"0","options":[{"label":"5 meter","price":"500","price_type":"flat_fee","image":0,"visibility":true},{"label":"6 meter","price":"600","price_type":"flat_fee","image":0,"visibility":true},{"label":"7 meter","price":"700","price_type":"flat_fee","image":0,"visibility":true},{"label":"8 meter","price":"800","price_type":"flat_fee","image":0,"visibility":true},{"label":"9 meter","price":"900","price_type":"flat_fee","image":0,"visibility":true},{"label":"10 meter","price":"1000","price_type":"flat_fee","image":0,"visibility":true},{"label":"11 meter","price":"1100","price_type":"flat_fee","image":0,"visibility":true},{"label":"12 meter","price":"1200","price_type":"flat_fee","image":0,"visibility":true},{"label":"13 meter","price":"1300","price_type":"flat_fee","image":0,"visibility":true},{"label":"14 meter","price":"1400","price_type":"flat_fee","image":0,"visibility":true},{"label":"15 meter","price":"1500","price_type":"flat_fee","image":0,"visibility":true},{"label":"16 meter","price":"1600","price_type":"flat_fee","image":0,"visibility":true}],"id":1723713572},{"name":"Boat model","type":"custom_text","position":1,"required":true,"title_format":"label","default":"","description_enable":false,"description":"","placeholder_enable":false,"placeholder":"","display":"select","restrictions_type":"any_text","adjust_price":false,"price":"","price_type":"flat_fee","restrictions":false,"min":"0","max":"0","options":[],"id":1723717979},{"name":"V\u00e4nligen bekr\u00e4fta","type":"checkbox","position":2,"required":true,"title_format":"label","default":"","description_enable":false,"description":"","placeholder_enable":false,"placeholder":"","display":"select","restrictions_type":"any_text","adjust_price":false,"price":"","price_type":"flat_fee","restrictions":false,"min":"0","max":"0","options":[{"label":"Min b\u00e5t \u00e4r fri fr\u00e5n bottenf\u00e4rg\/anti fouling","price":"","price_type":"flat_fee","image":0,"visibility":true}],"id":1741615395}],"yoast_head":"<!-- This site is optimized with the Yoast SEO Premium plugin v27.4 (Yoast SEO v27.5) - https:\/\/yoast.com\/product\/yoast-seo-premium-wordpress\/ -->\n<title>B\u00e5tbottentv\u00e4tt Gustavsberg V\u00e4rmd\u00f6 | Gustavsbergs g\u00e4sthamn<\/title>\n<meta name=\"description\" content=\"Tv\u00e4tta din b\u00e5ts botten i Gustavsberg V\u00e4rmd\u00f6 p\u00e5 Kattholmen. Vi tar b\u00e5tar upp till 15x4,5m | Gustavsbergs g\u00e4sthamn Kattholmen\" \/>\n<meta name=\"robots\" content=\"index, follow, max-snippet:-1, max-image-preview:large, max-video-preview:-1\" \/>\n<link rel=\"canonical\" href=\"https:\/\/nautilus.se\/eng\/hyra-bat\/bottentvatt-bat\/\" \/>\n<meta property=\"og:locale\" content=\"en_US\" \/>\n<meta property=\"og:type\" content=\"article\" \/>\n<meta property=\"og:title\" content=\"Bottentv\u00e4tt b\u00e5t Gustavsberg\" \/>\n<meta property=\"og:description\" content=\"Tv\u00e4tta din b\u00e5ts botten i Gustavsberg V\u00e4rmd\u00f6 p\u00e5 Kattholmen. Vi tar b\u00e5tar upp till 15x4,5m | Gustavsbergs g\u00e4sthamn Kattholmen\" \/>\n<meta property=\"og:url\" content=\"https:\/\/nautilus.se\/eng\/hyra-bat\/bottentvatt-bat\/\" \/>\n<meta property=\"og:site_name\" content=\"Nautilus Boat Club\" \/>\n<meta property=\"article:publisher\" content=\"https:\/\/www.facebook.com\/nautilusboatclub\/\" \/>\n<meta property=\"article:modified_time\" content=\"2025-10-26T14:55:18+00:00\" \/>\n<meta property=\"og:image\" content=\"https:\/\/nautilus.se\/wp-content\/uploads\/2024\/04\/Batbottentvatt-scaled.jpg\" \/>\n\t<meta property=\"og:image:width\" content=\"2560\" \/>\n\t<meta property=\"og:image:height\" content=\"1440\" \/>\n\t<meta property=\"og:image:type\" content=\"image\/jpeg\" \/>\n<meta name=\"twitter:card\" content=\"summary_large_image\" \/>\n<meta name=\"twitter:label1\" content=\"Est. reading time\" \/>\n\t<meta name=\"twitter:data1\" content=\"3 minutes\" \/>\n<script type=\"application\/ld+json\" class=\"yoast-schema-graph\">{\"@context\":\"https:\\\/\\\/schema.org\",\"@graph\":[{\"@type\":\"WebPage\",\"@id\":\"https:\\\/\\\/nautilus.se\\\/hyra-bat\\\/bottentvatt-bat\\\/\",\"url\":\"https:\\\/\\\/nautilus.se\\\/hyra-bat\\\/bottentvatt-bat\\\/\",\"name\":\"B\u00e5tbottentv\u00e4tt Gustavsberg V\u00e4rmd\u00f6 | Gustavsbergs g\u00e4sthamn\",\"isPartOf\":{\"@id\":\"https:\\\/\\\/nautilus.se\\\/#website\"},\"primaryImageOfPage\":{\"@id\":\"https:\\\/\\\/nautilus.se\\\/hyra-bat\\\/bottentvatt-bat\\\/#primaryimage\"},\"image\":{\"@id\":\"https:\\\/\\\/nautilus.se\\\/hyra-bat\\\/bottentvatt-bat\\\/#primaryimage\"},\"thumbnailUrl\":\"https:\\\/\\\/nautilus.se\\\/wp-content\\\/uploads\\\/2024\\\/04\\\/Batbottentvatt-scaled.jpg\",\"datePublished\":\"2024-04-25T13:23:44+00:00\",\"dateModified\":\"2025-10-26T14:55:18+00:00\",\"description\":\"Tv\u00e4tta din b\u00e5ts botten i Gustavsberg V\u00e4rmd\u00f6 p\u00e5 Kattholmen. Vi tar b\u00e5tar upp till 15x4,5m | Gustavsbergs g\u00e4sthamn Kattholmen\",\"breadcrumb\":{\"@id\":\"https:\\\/\\\/nautilus.se\\\/hyra-bat\\\/bottentvatt-bat\\\/#breadcrumb\"},\"inLanguage\":\"en-US\",\"potentialAction\":[{\"@type\":\"ReadAction\",\"target\":[\"https:\\\/\\\/nautilus.se\\\/hyra-bat\\\/bottentvatt-bat\\\/\"]}]},{\"@type\":\"ImageObject\",\"inLanguage\":\"en-US\",\"@id\":\"https:\\\/\\\/nautilus.se\\\/hyra-bat\\\/bottentvatt-bat\\\/#primaryimage\",\"url\":\"https:\\\/\\\/nautilus.se\\\/wp-content\\\/uploads\\\/2024\\\/04\\\/Batbottentvatt-scaled.jpg\",\"contentUrl\":\"https:\\\/\\\/nautilus.se\\\/wp-content\\\/uploads\\\/2024\\\/04\\\/Batbottentvatt-scaled.jpg\",\"width\":2560,\"height\":1440,\"caption\":\"DCIM100MEDIADJI_0289.JPG\"},{\"@type\":\"BreadcrumbList\",\"@id\":\"https:\\\/\\\/nautilus.se\\\/hyra-bat\\\/bottentvatt-bat\\\/#breadcrumb\",\"itemListElement\":[{\"@type\":\"ListItem\",\"position\":1,\"name\":\"Home\",\"item\":\"https:\\\/\\\/nautilus.se\\\/\"},{\"@type\":\"ListItem\",\"position\":2,\"name\":\"Hyr b\u00e5t enkelt och tryggt\",\"item\":\"https:\\\/\\\/nautilus.se\\\/hyra-bat-old\\\/\"},{\"@type\":\"ListItem\",\"position\":3,\"name\":\"Bottentv\u00e4tt b\u00e5t Gustavsberg\"}]},{\"@type\":\"WebSite\",\"@id\":\"https:\\\/\\\/nautilus.se\\\/#website\",\"url\":\"https:\\\/\\\/nautilus.se\\\/\",\"name\":\"Nautilus Boat Club\",\"description\":\"H\u00e4r kan du hyra b\u00e5t, dela b\u00e5t, del\u00e4ga b\u00e5t och vara med i b\u00e5tpool.\",\"publisher\":{\"@id\":\"https:\\\/\\\/nautilus.se\\\/#organization\"},\"potentialAction\":[{\"@type\":\"SearchAction\",\"target\":{\"@type\":\"EntryPoint\",\"urlTemplate\":\"https:\\\/\\\/nautilus.se\\\/?s={search_term_string}\"},\"query-input\":{\"@type\":\"PropertyValueSpecification\",\"valueRequired\":true,\"valueName\":\"search_term_string\"}}],\"inLanguage\":\"en-US\"},{\"@type\":\"Organization\",\"@id\":\"https:\\\/\\\/nautilus.se\\\/#organization\",\"name\":\"Nautilus Boat Club AB\",\"alternateName\":\"Nautilus Boat Club\",\"url\":\"https:\\\/\\\/nautilus.se\\\/\",\"logo\":{\"@type\":\"ImageObject\",\"inLanguage\":\"en-US\",\"@id\":\"https:\\\/\\\/nautilus.se\\\/#\\\/schema\\\/logo\\\/image\\\/\",\"url\":\"https:\\\/\\\/nautilus.se\\\/wp-content\\\/uploads\\\/2022\\\/10\\\/Nautilus-shell-blue-back-w-logo.png\",\"contentUrl\":\"https:\\\/\\\/nautilus.se\\\/wp-content\\\/uploads\\\/2022\\\/10\\\/Nautilus-shell-blue-back-w-logo.png\",\"width\":1755,\"height\":1130,\"caption\":\"Nautilus Boat Club AB\"},\"image\":{\"@id\":\"https:\\\/\\\/nautilus.se\\\/#\\\/schema\\\/logo\\\/image\\\/\"},\"sameAs\":[\"https:\\\/\\\/www.facebook.com\\\/nautilusboatclub\\\/\",\"https:\\\/\\\/www.instagram.com\\\/nautilusboatclub\\\/\",\"https:\\\/\\\/www.linkedin.com\\\/company\\\/4998214\\\/admin\\\/\",\"https:\\\/\\\/www.youtube.com\\\/channel\\\/UCrhrs3yv-t72B5igMm2keKQ\\\/videos?app=desktop\"]}]}<\/script>\n<!-- \/ Yoast SEO Premium plugin. -->","yoast_head_json":{"title":"B\u00e5tbottentv\u00e4tt Gustavsberg V\u00e4rmd\u00f6 | Gustavsbergs g\u00e4sthamn","description":"Tv\u00e4tta din b\u00e5ts botten i Gustavsberg V\u00e4rmd\u00f6 p\u00e5 Kattholmen. Vi tar b\u00e5tar upp till 15x4,5m | Gustavsbergs g\u00e4sthamn Kattholmen","robots":{"index":"index","follow":"follow","max-snippet":"max-snippet:-1","max-image-preview":"max-image-preview:large","max-video-preview":"max-video-preview:-1"},"canonical":"https:\/\/nautilus.se\/eng\/hyra-bat\/bottentvatt-bat\/","og_locale":"en_US","og_type":"article","og_title":"Bottentv\u00e4tt b\u00e5t Gustavsberg","og_description":"Tv\u00e4tta din b\u00e5ts botten i Gustavsberg V\u00e4rmd\u00f6 p\u00e5 Kattholmen. Vi tar b\u00e5tar upp till 15x4,5m | Gustavsbergs g\u00e4sthamn Kattholmen","og_url":"https:\/\/nautilus.se\/eng\/hyra-bat\/bottentvatt-bat\/","og_site_name":"Nautilus Boat Club","article_publisher":"https:\/\/www.facebook.com\/nautilusboatclub\/","article_modified_time":"2025-10-26T14:55:18+00:00","og_image":[{"width":2560,"height":1440,"url":"https:\/\/nautilus.se\/wp-content\/uploads\/2024\/04\/Batbottentvatt-scaled.jpg","type":"image\/jpeg"}],"twitter_card":"summary_large_image","twitter_misc":{"Est. reading time":"3 minutes"},"schema":{"@context":"https:\/\/schema.org","@graph":[{"@type":"WebPage","@id":"https:\/\/nautilus.se\/hyra-bat\/bottentvatt-bat\/","url":"https:\/\/nautilus.se\/hyra-bat\/bottentvatt-bat\/","name":"B\u00e5tbottentv\u00e4tt Gustavsberg V\u00e4rmd\u00f6 | Gustavsbergs g\u00e4sthamn","isPartOf":{"@id":"https:\/\/nautilus.se\/#website"},"primaryImageOfPage":{"@id":"https:\/\/nautilus.se\/hyra-bat\/bottentvatt-bat\/#primaryimage"},"image":{"@id":"https:\/\/nautilus.se\/hyra-bat\/bottentvatt-bat\/#primaryimage"},"thumbnailUrl":"https:\/\/nautilus.se\/wp-content\/uploads\/2024\/04\/Batbottentvatt-scaled.jpg","datePublished":"2024-04-25T13:23:44+00:00","dateModified":"2025-10-26T14:55:18+00:00","description":"Tv\u00e4tta din b\u00e5ts botten i Gustavsberg V\u00e4rmd\u00f6 p\u00e5 Kattholmen. Vi tar b\u00e5tar upp till 15x4,5m | Gustavsbergs g\u00e4sthamn Kattholmen","breadcrumb":{"@id":"https:\/\/nautilus.se\/hyra-bat\/bottentvatt-bat\/#breadcrumb"},"inLanguage":"en-US","potentialAction":[{"@type":"ReadAction","target":["https:\/\/nautilus.se\/hyra-bat\/bottentvatt-bat\/"]}]},{"@type":"ImageObject","inLanguage":"en-US","@id":"https:\/\/nautilus.se\/hyra-bat\/bottentvatt-bat\/#primaryimage","url":"https:\/\/nautilus.se\/wp-content\/uploads\/2024\/04\/Batbottentvatt-scaled.jpg","contentUrl":"https:\/\/nautilus.se\/wp-content\/uploads\/2024\/04\/Batbottentvatt-scaled.jpg","width":2560,"height":1440,"caption":"DCIM100MEDIADJI_0289.JPG"},{"@type":"BreadcrumbList","@id":"https:\/\/nautilus.se\/hyra-bat\/bottentvatt-bat\/#breadcrumb","itemListElement":[{"@type":"ListItem","position":1,"name":"Home","item":"https:\/\/nautilus.se\/"},{"@type":"ListItem","position":2,"name":"Hyr b\u00e5t enkelt och tryggt","item":"https:\/\/nautilus.se\/hyra-bat-old\/"},{"@type":"ListItem","position":3,"name":"Bottentv\u00e4tt b\u00e5t Gustavsberg"}]},{"@type":"WebSite","@id":"https:\/\/nautilus.se\/#website","url":"https:\/\/nautilus.se\/","name":"Nautilus Boat Club","description":"H\u00e4r kan du hyra b\u00e5t, dela b\u00e5t, del\u00e4ga b\u00e5t och vara med i b\u00e5tpool.","publisher":{"@id":"https:\/\/nautilus.se\/#organization"},"potentialAction":[{"@type":"SearchAction","target":{"@type":"EntryPoint","urlTemplate":"https:\/\/nautilus.se\/?s={search_term_string}"},"query-input":{"@type":"PropertyValueSpecification","valueRequired":true,"valueName":"search_term_string"}}],"inLanguage":"en-US"},{"@type":"Organization","@id":"https:\/\/nautilus.se\/#organization","name":"Nautilus Boat Club AB","alternateName":"Nautilus Boat Club","url":"https:\/\/nautilus.se\/","logo":{"@type":"ImageObject","inLanguage":"en-US","@id":"https:\/\/nautilus.se\/#\/schema\/logo\/image\/","url":"https:\/\/nautilus.se\/wp-content\/uploads\/2022\/10\/Nautilus-shell-blue-back-w-logo.png","contentUrl":"https:\/\/nautilus.se\/wp-content\/uploads\/2022\/10\/Nautilus-shell-blue-back-w-logo.png","width":1755,"height":1130,"caption":"Nautilus Boat Club AB"},"image":{"@id":"https:\/\/nautilus.se\/#\/schema\/logo\/image\/"},"sameAs":["https:\/\/www.facebook.com\/nautilusboatclub\/","https:\/\/www.instagram.com\/nautilusboatclub\/","https:\/\/www.linkedin.com\/company\/4998214\/admin\/","https:\/\/www.youtube.com\/channel\/UCrhrs3yv-t72B5igMm2keKQ\/videos?app=desktop"]}]}},"_links":{"self":[{"href":"https:\/\/nautilus.se\/eng\/wp-json\/wp\/v2\/product\/25289","targetHints":{"allow":["GET"]}}],"collection":[{"href":"https:\/\/nautilus.se\/eng\/wp-json\/wp\/v2\/product"}],"about":[{"href":"https:\/\/nautilus.se\/eng\/wp-json\/wp\/v2\/types\/product"}],"version-history":[{"count":11,"href":"https:\/\/nautilus.se\/eng\/wp-json\/wp\/v2\/product\/25289\/revisions"}],"predecessor-version":[{"id":30866,"href":"https:\/\/nautilus.se\/eng\/wp-json\/wp\/v2\/product\/25289\/revisions\/30866"}],"wp:featuredmedia":[{"embeddable":true,"href":"https:\/\/nautilus.se\/eng\/wp-json\/wp\/v2\/media\/25290"}],"wp:attachment":[{"href":"https:\/\/nautilus.se\/eng\/wp-json\/wp\/v2\/media?parent=25289"}],"wp:term":[{"taxonomy":"product_brand","embeddable":true,"href":"https:\/\/nautilus.se\/eng\/wp-json\/wp\/v2\/product_brand?post=25289"},{"taxonomy":"product_cat","embeddable":true,"href":"https:\/\/nautilus.se\/eng\/wp-json\/wp\/v2\/product_cat?post=25289"},{"taxonomy":"product_tag","embeddable":true,"href":"https:\/\/nautilus.se\/eng\/wp-json\/wp\/v2\/product_tag?post=25289"}],"curies":[{"name":"wp","href":"https:\/\/api.w.org\/{rel}","templated":true}]}}