{"id":28653,"date":"2025-03-10T13:49:39","date_gmt":"2025-03-10T12:49:39","guid":{"rendered":"https:\/\/nautilus.se\/?post_type=product&#038;p=28653"},"modified":"2025-04-05T08:21:19","modified_gmt":"2025-04-05T07:21:19","slug":"bottentvatt-gbks-medlemmar","status":"publish","type":"product","link":"https:\/\/nautilus.se\/eng\/hyra-bat\/bottentvatt-gbks-medlemmar\/","title":{"rendered":"Bottentv\u00e4tt GBK:s medlemmar"},"content":{"rendered":"<p>H\u00e4r bokar du som \u00e4r medlem i Gustavsbergs b\u00e5tklubb tid f\u00f6r bottentv\u00e4tt. Tv\u00e4tttid m\u00e5ste bokas i f\u00f6rv\u00e4g h\u00e4r p\u00e5 webben.<\/p>\n<p>H\u00e5ll din b\u00e5ts botten ren fr\u00e5n bev\u00e4xtning! Det spar b\u00e5de br\u00e4nsle och milj\u00f6n!<br \/>\nEn bottentv\u00e4tt tar ca 10-20 minuter. V\u00e5r personal tar emot er vid tv\u00e4tten och k\u00f6r maskinen.<\/p>\n<p>OBS! B\u00e5ten f\u00e5r ej vara bottenm\u00e5lad! Varken med polerande eller h\u00e5rd f\u00e4rg. Endast ren gelcote eller epoxybehandlade bottnar \u00e4r till\u00e5tna.<\/p>\n<p>&nbsp;<\/p>\n<p>Bra att veta:<\/p>\n<ul>\n<li>Segelb\u00e5tar \u00e4r inga problem. Max djupg\u00e5ende 2,3m<\/li>\n<li>Har b\u00e5ten en propeller med diameter \u00f6ver 30cm\/12tum kan tv\u00e4tten inte passera denna.<\/li>\n<li>Har b\u00e5ten tv\u00e5 motorer med axlar, som g\u00e5r ut under b\u00e5ten kan tv\u00e4tten ej passera och tv\u00e4tta akter om dessa.<\/li>\n<li>Tv\u00e4tten har borstar som tar vattenlinjen.<\/li>\n<li>Vi har en h\u00f6gtryckstv\u00e4tt som hj\u00e4lper till att tv\u00e4tta rent d\u00e4r maskinen kanske inte kommit \u00e5t.<\/li>\n<\/ul>\n<p>&nbsp;<\/p>\n<p><strong>\u00d6PPETTIDER<\/strong><br \/>\nseptember &#8211; maj:\u00a0 \u00a0 \u00a0 \u00a0 endast f\u00f6rbokad tid<br \/>\njuni \u2013 augusti:\u00a0\u00a0\u00a0\u00a0\u00a0\u00a0\u00a0\u00a0\u00a0\u00a0\u00a0\u00a0\u00a0 m\u00e5ndag \u2013 s\u00f6ndag\u00a0 \u00a0 \u00a010:00 \u2013 18:00<\/p>\n<p>&nbsp;<\/p>\n<p><strong>TV\u00c4TTEN KLARAR<br \/>\n<\/strong><br \/>\nB\u00e5tl\u00e4ngd: 4-16 meter<br \/>\nB\u00e5tbredd: 1 &#8211; 4,5 meter<br \/>\nDjupg\u00e5ende: max 2,3 meter<\/p>\n<p>&nbsp;<\/p>\n<p><strong>PRISER<\/strong><br \/>\nF\u00f6r dig som medlem i Gustavsbergs b\u00e5tklubb kostar en bottentv\u00e4tt 350kr oavsett storlek.<br \/>\nAvbokning med full \u00e5terbetalning fram till 24 timmar innan bokad tid.<\/p>\n<p>Ring 08-120 577 90 eller maila<a href=\"mailto:info@gustavsberggasthamn.se\"> info@gustavsberggasthamn.se <\/a>om du har fr\u00e5gor. Bokningar g\u00f6rs p\u00e5 denna websida.<\/p>\n<p>&nbsp;<\/p>\n<p><strong>HITTA HIT<\/strong><\/p>\n<p><a href=\"https:\/\/www.skippo.se\/plan\/?linkType=coordinate&amp;lat=59.323837731472736&amp;lng=18.3762734232715&amp;title=Sl%C3%A4ppt%20n%C3%A5l\" target=\"_blank\" rel=\"noopener\">H\u00e4r hittar du v\u00e5r bottentv\u00e4tt<\/a><\/p>\n<p>&nbsp;<\/p>\n<p><strong>VILLKOR<\/strong><\/p>\n<p>* Endast b\u00e5tar helt utan bottenf\u00e4rg f\u00e5r tv\u00e4ttas, enligt V\u00e4rmd\u00f6 kommuns riktlinjer.<\/p>\n<p>* Priser avser b\u00e5tbottentv\u00e4tt, en g\u00e5ng in och ut \u00f6ver de roterande borstarna, och under f\u00f6ruts\u00e4ttning att b\u00e5t\u00e4garen f\u00f6ljer hamnens tv\u00e4ttr\u00e5d och kommunens milj\u00f6regler f\u00f6r b\u00e5tbottentv\u00e4tt.<\/p>\n<p>* Tv\u00e4ttning sker p\u00e5 egen risk.<\/p>\n<p>* Meddela alltid maskinisten p\u00e5 plats, innan start av tv\u00e4tt, om det finns tex instrument som sticker ut under vattenlinjen s\u00e5 att tv\u00e4ttprocessen kan anpassas f\u00f6r att undvika skador p\u00e5 k\u00e4nsliga delar under vattenlinjen.<\/p>\n<p>* Hamnen tar ej ansvar f\u00f6r f\u00e4rg, gelcoat eller dekorationstejp som lossnar fr\u00e5n b\u00e5t, utombordare eller drev vid tv\u00e4tt.<\/p>","protected":false},"excerpt":{"rendered":"<p>F\u00f6r dig som medlem i Gustavsbergs b\u00e5tklubb<\/p>","protected":false},"featured_media":25290,"template":"","meta":[],"product_brand":[],"product_cat":[255],"product_tag":[],"class_list":{"0":"post-28653","1":"product","2":"type-product","3":"status-publish","4":"has-post-thumbnail","6":"product_cat-gasthamn","8":"first","9":"instock","10":"virtual","11":"sold-individually","12":"taxable","13":"purchasable","14":"product-type-booking"},"booking_location":"","booking_location_type":"","booking_duration":30,"booking_duration_unit":"minute","booking_buffer":0,"booking_cost":350,"booking_resources":[25301],"exclude_global_add_ons":true,"addons":[{"name":"B\u00e5tmodell (tex Ryds 630)","type":"custom_text","position":0,"required":true,"title_format":"label","default":"","description_enable":false,"description":"","placeholder_enable":false,"placeholder":"","display":"select","restrictions_type":"any_text","adjust_price":false,"price":"","price_type":"flat_fee","restrictions":false,"min":"0","max":"0","options":[],"id":1723717979},{"name":"V\u00e4nligen bekr\u00e4fta","type":"checkbox","position":1,"required":true,"title_format":"label","default":"","description_enable":false,"description":"","placeholder_enable":false,"placeholder":"","display":"select","restrictions_type":"any_text","adjust_price":false,"price":"","price_type":"flat_fee","restrictions":false,"min":"0","max":"0","options":[{"label":"b\u00e5ten \u00e4r EJ m\u00e5lad med bottenf\u00e4rg","price":"","price_type":"flat_fee","image":0,"visibility":true}],"id":1743009150}],"yoast_head":"<!-- This site is optimized with the Yoast SEO Premium plugin v27.4 (Yoast SEO v27.5) - https:\/\/yoast.com\/product\/yoast-seo-premium-wordpress\/ -->\n<title>B\u00e5tbottentv\u00e4tt Gustavsberg V\u00e4rmd\u00f6 | Gustavsbergs g\u00e4sthamn Kattholmen<\/title>\n<meta name=\"description\" content=\"Tv\u00e4tta din b\u00e5ts botten i Gustavsberg V\u00e4rmd\u00f6 p\u00e5 Kattholmen. Vi tar b\u00e5tar upp till 15x4,5m | Gustavsbergs g\u00e4sthamn Kattholmen\" \/>\n<meta name=\"robots\" content=\"index, follow, max-snippet:-1, max-image-preview:large, max-video-preview:-1\" \/>\n<link rel=\"canonical\" href=\"https:\/\/nautilus.se\/eng\/hyra-bat\/bottentvatt-gbks-medlemmar\/\" \/>\n<meta property=\"og:locale\" content=\"en_US\" \/>\n<meta property=\"og:type\" content=\"article\" \/>\n<meta property=\"og:title\" content=\"Bottentv\u00e4tt GBK:s medlemmar\" \/>\n<meta property=\"og:description\" content=\"Tv\u00e4tta din b\u00e5ts botten i Gustavsberg V\u00e4rmd\u00f6 p\u00e5 Kattholmen. Vi tar b\u00e5tar upp till 15x4,5m | Gustavsbergs g\u00e4sthamn Kattholmen\" \/>\n<meta property=\"og:url\" content=\"https:\/\/nautilus.se\/eng\/hyra-bat\/bottentvatt-gbks-medlemmar\/\" \/>\n<meta property=\"og:site_name\" content=\"Nautilus Boat Club\" \/>\n<meta property=\"article:publisher\" content=\"https:\/\/www.facebook.com\/nautilusboatclub\/\" \/>\n<meta property=\"article:modified_time\" content=\"2025-04-05T07:21:19+00:00\" \/>\n<meta property=\"og:image\" content=\"https:\/\/nautilus.se\/wp-content\/uploads\/2024\/04\/Batbottentvatt-scaled.jpg\" \/>\n\t<meta property=\"og:image:width\" content=\"2560\" \/>\n\t<meta property=\"og:image:height\" content=\"1440\" \/>\n\t<meta property=\"og:image:type\" content=\"image\/jpeg\" \/>\n<meta name=\"twitter:card\" content=\"summary_large_image\" \/>\n<meta name=\"twitter:label1\" content=\"Est. reading time\" \/>\n\t<meta name=\"twitter:data1\" content=\"2 minutes\" \/>\n<script type=\"application\/ld+json\" class=\"yoast-schema-graph\">{\"@context\":\"https:\\\/\\\/schema.org\",\"@graph\":[{\"@type\":\"WebPage\",\"@id\":\"https:\\\/\\\/nautilus.se\\\/hyra-bat\\\/bottentvatt-gbks-medlemmar\\\/\",\"url\":\"https:\\\/\\\/nautilus.se\\\/hyra-bat\\\/bottentvatt-gbks-medlemmar\\\/\",\"name\":\"B\u00e5tbottentv\u00e4tt Gustavsberg V\u00e4rmd\u00f6 | Gustavsbergs g\u00e4sthamn Kattholmen\",\"isPartOf\":{\"@id\":\"https:\\\/\\\/nautilus.se\\\/#website\"},\"primaryImageOfPage\":{\"@id\":\"https:\\\/\\\/nautilus.se\\\/hyra-bat\\\/bottentvatt-gbks-medlemmar\\\/#primaryimage\"},\"image\":{\"@id\":\"https:\\\/\\\/nautilus.se\\\/hyra-bat\\\/bottentvatt-gbks-medlemmar\\\/#primaryimage\"},\"thumbnailUrl\":\"https:\\\/\\\/nautilus.se\\\/wp-content\\\/uploads\\\/2024\\\/04\\\/Batbottentvatt-scaled.jpg\",\"datePublished\":\"2025-03-10T12:49:39+00:00\",\"dateModified\":\"2025-04-05T07:21:19+00:00\",\"description\":\"Tv\u00e4tta din b\u00e5ts botten i Gustavsberg V\u00e4rmd\u00f6 p\u00e5 Kattholmen. Vi tar b\u00e5tar upp till 15x4,5m | Gustavsbergs g\u00e4sthamn Kattholmen\",\"breadcrumb\":{\"@id\":\"https:\\\/\\\/nautilus.se\\\/hyra-bat\\\/bottentvatt-gbks-medlemmar\\\/#breadcrumb\"},\"inLanguage\":\"en-US\",\"potentialAction\":[{\"@type\":\"ReadAction\",\"target\":[\"https:\\\/\\\/nautilus.se\\\/hyra-bat\\\/bottentvatt-gbks-medlemmar\\\/\"]}]},{\"@type\":\"ImageObject\",\"inLanguage\":\"en-US\",\"@id\":\"https:\\\/\\\/nautilus.se\\\/hyra-bat\\\/bottentvatt-gbks-medlemmar\\\/#primaryimage\",\"url\":\"https:\\\/\\\/nautilus.se\\\/wp-content\\\/uploads\\\/2024\\\/04\\\/Batbottentvatt-scaled.jpg\",\"contentUrl\":\"https:\\\/\\\/nautilus.se\\\/wp-content\\\/uploads\\\/2024\\\/04\\\/Batbottentvatt-scaled.jpg\",\"width\":2560,\"height\":1440,\"caption\":\"DCIM100MEDIADJI_0289.JPG\"},{\"@type\":\"BreadcrumbList\",\"@id\":\"https:\\\/\\\/nautilus.se\\\/hyra-bat\\\/bottentvatt-gbks-medlemmar\\\/#breadcrumb\",\"itemListElement\":[{\"@type\":\"ListItem\",\"position\":1,\"name\":\"Home\",\"item\":\"https:\\\/\\\/nautilus.se\\\/\"},{\"@type\":\"ListItem\",\"position\":2,\"name\":\"Hyr b\u00e5t enkelt och tryggt\",\"item\":\"https:\\\/\\\/nautilus.se\\\/hyra-bat-old\\\/\"},{\"@type\":\"ListItem\",\"position\":3,\"name\":\"Bottentv\u00e4tt GBK:s medlemmar\"}]},{\"@type\":\"WebSite\",\"@id\":\"https:\\\/\\\/nautilus.se\\\/#website\",\"url\":\"https:\\\/\\\/nautilus.se\\\/\",\"name\":\"Nautilus Boat Club\",\"description\":\"H\u00e4r kan du hyra b\u00e5t, dela b\u00e5t, del\u00e4ga b\u00e5t och vara med i b\u00e5tpool.\",\"publisher\":{\"@id\":\"https:\\\/\\\/nautilus.se\\\/#organization\"},\"potentialAction\":[{\"@type\":\"SearchAction\",\"target\":{\"@type\":\"EntryPoint\",\"urlTemplate\":\"https:\\\/\\\/nautilus.se\\\/?s={search_term_string}\"},\"query-input\":{\"@type\":\"PropertyValueSpecification\",\"valueRequired\":true,\"valueName\":\"search_term_string\"}}],\"inLanguage\":\"en-US\"},{\"@type\":\"Organization\",\"@id\":\"https:\\\/\\\/nautilus.se\\\/#organization\",\"name\":\"Nautilus Boat Club AB\",\"alternateName\":\"Nautilus Boat Club\",\"url\":\"https:\\\/\\\/nautilus.se\\\/\",\"logo\":{\"@type\":\"ImageObject\",\"inLanguage\":\"en-US\",\"@id\":\"https:\\\/\\\/nautilus.se\\\/#\\\/schema\\\/logo\\\/image\\\/\",\"url\":\"https:\\\/\\\/nautilus.se\\\/wp-content\\\/uploads\\\/2022\\\/10\\\/Nautilus-shell-blue-back-w-logo.png\",\"contentUrl\":\"https:\\\/\\\/nautilus.se\\\/wp-content\\\/uploads\\\/2022\\\/10\\\/Nautilus-shell-blue-back-w-logo.png\",\"width\":1755,\"height\":1130,\"caption\":\"Nautilus Boat Club AB\"},\"image\":{\"@id\":\"https:\\\/\\\/nautilus.se\\\/#\\\/schema\\\/logo\\\/image\\\/\"},\"sameAs\":[\"https:\\\/\\\/www.facebook.com\\\/nautilusboatclub\\\/\",\"https:\\\/\\\/www.instagram.com\\\/nautilusboatclub\\\/\",\"https:\\\/\\\/www.linkedin.com\\\/company\\\/4998214\\\/admin\\\/\",\"https:\\\/\\\/www.youtube.com\\\/channel\\\/UCrhrs3yv-t72B5igMm2keKQ\\\/videos?app=desktop\"]}]}<\/script>\n<!-- \/ Yoast SEO Premium plugin. -->","yoast_head_json":{"title":"B\u00e5tbottentv\u00e4tt Gustavsberg V\u00e4rmd\u00f6 | Gustavsbergs g\u00e4sthamn Kattholmen","description":"Tv\u00e4tta din b\u00e5ts botten i Gustavsberg V\u00e4rmd\u00f6 p\u00e5 Kattholmen. Vi tar b\u00e5tar upp till 15x4,5m | Gustavsbergs g\u00e4sthamn Kattholmen","robots":{"index":"index","follow":"follow","max-snippet":"max-snippet:-1","max-image-preview":"max-image-preview:large","max-video-preview":"max-video-preview:-1"},"canonical":"https:\/\/nautilus.se\/eng\/hyra-bat\/bottentvatt-gbks-medlemmar\/","og_locale":"en_US","og_type":"article","og_title":"Bottentv\u00e4tt GBK:s medlemmar","og_description":"Tv\u00e4tta din b\u00e5ts botten i Gustavsberg V\u00e4rmd\u00f6 p\u00e5 Kattholmen. Vi tar b\u00e5tar upp till 15x4,5m | Gustavsbergs g\u00e4sthamn Kattholmen","og_url":"https:\/\/nautilus.se\/eng\/hyra-bat\/bottentvatt-gbks-medlemmar\/","og_site_name":"Nautilus Boat Club","article_publisher":"https:\/\/www.facebook.com\/nautilusboatclub\/","article_modified_time":"2025-04-05T07:21:19+00:00","og_image":[{"width":2560,"height":1440,"url":"https:\/\/nautilus.se\/wp-content\/uploads\/2024\/04\/Batbottentvatt-scaled.jpg","type":"image\/jpeg"}],"twitter_card":"summary_large_image","twitter_misc":{"Est. reading time":"2 minutes"},"schema":{"@context":"https:\/\/schema.org","@graph":[{"@type":"WebPage","@id":"https:\/\/nautilus.se\/hyra-bat\/bottentvatt-gbks-medlemmar\/","url":"https:\/\/nautilus.se\/hyra-bat\/bottentvatt-gbks-medlemmar\/","name":"B\u00e5tbottentv\u00e4tt Gustavsberg V\u00e4rmd\u00f6 | Gustavsbergs g\u00e4sthamn Kattholmen","isPartOf":{"@id":"https:\/\/nautilus.se\/#website"},"primaryImageOfPage":{"@id":"https:\/\/nautilus.se\/hyra-bat\/bottentvatt-gbks-medlemmar\/#primaryimage"},"image":{"@id":"https:\/\/nautilus.se\/hyra-bat\/bottentvatt-gbks-medlemmar\/#primaryimage"},"thumbnailUrl":"https:\/\/nautilus.se\/wp-content\/uploads\/2024\/04\/Batbottentvatt-scaled.jpg","datePublished":"2025-03-10T12:49:39+00:00","dateModified":"2025-04-05T07:21:19+00:00","description":"Tv\u00e4tta din b\u00e5ts botten i Gustavsberg V\u00e4rmd\u00f6 p\u00e5 Kattholmen. Vi tar b\u00e5tar upp till 15x4,5m | Gustavsbergs g\u00e4sthamn Kattholmen","breadcrumb":{"@id":"https:\/\/nautilus.se\/hyra-bat\/bottentvatt-gbks-medlemmar\/#breadcrumb"},"inLanguage":"en-US","potentialAction":[{"@type":"ReadAction","target":["https:\/\/nautilus.se\/hyra-bat\/bottentvatt-gbks-medlemmar\/"]}]},{"@type":"ImageObject","inLanguage":"en-US","@id":"https:\/\/nautilus.se\/hyra-bat\/bottentvatt-gbks-medlemmar\/#primaryimage","url":"https:\/\/nautilus.se\/wp-content\/uploads\/2024\/04\/Batbottentvatt-scaled.jpg","contentUrl":"https:\/\/nautilus.se\/wp-content\/uploads\/2024\/04\/Batbottentvatt-scaled.jpg","width":2560,"height":1440,"caption":"DCIM100MEDIADJI_0289.JPG"},{"@type":"BreadcrumbList","@id":"https:\/\/nautilus.se\/hyra-bat\/bottentvatt-gbks-medlemmar\/#breadcrumb","itemListElement":[{"@type":"ListItem","position":1,"name":"Home","item":"https:\/\/nautilus.se\/"},{"@type":"ListItem","position":2,"name":"Hyr b\u00e5t enkelt och tryggt","item":"https:\/\/nautilus.se\/hyra-bat-old\/"},{"@type":"ListItem","position":3,"name":"Bottentv\u00e4tt GBK:s medlemmar"}]},{"@type":"WebSite","@id":"https:\/\/nautilus.se\/#website","url":"https:\/\/nautilus.se\/","name":"Nautilus Boat Club","description":"H\u00e4r kan du hyra b\u00e5t, dela b\u00e5t, del\u00e4ga b\u00e5t och vara med i b\u00e5tpool.","publisher":{"@id":"https:\/\/nautilus.se\/#organization"},"potentialAction":[{"@type":"SearchAction","target":{"@type":"EntryPoint","urlTemplate":"https:\/\/nautilus.se\/?s={search_term_string}"},"query-input":{"@type":"PropertyValueSpecification","valueRequired":true,"valueName":"search_term_string"}}],"inLanguage":"en-US"},{"@type":"Organization","@id":"https:\/\/nautilus.se\/#organization","name":"Nautilus Boat Club AB","alternateName":"Nautilus Boat Club","url":"https:\/\/nautilus.se\/","logo":{"@type":"ImageObject","inLanguage":"en-US","@id":"https:\/\/nautilus.se\/#\/schema\/logo\/image\/","url":"https:\/\/nautilus.se\/wp-content\/uploads\/2022\/10\/Nautilus-shell-blue-back-w-logo.png","contentUrl":"https:\/\/nautilus.se\/wp-content\/uploads\/2022\/10\/Nautilus-shell-blue-back-w-logo.png","width":1755,"height":1130,"caption":"Nautilus Boat Club AB"},"image":{"@id":"https:\/\/nautilus.se\/#\/schema\/logo\/image\/"},"sameAs":["https:\/\/www.facebook.com\/nautilusboatclub\/","https:\/\/www.instagram.com\/nautilusboatclub\/","https:\/\/www.linkedin.com\/company\/4998214\/admin\/","https:\/\/www.youtube.com\/channel\/UCrhrs3yv-t72B5igMm2keKQ\/videos?app=desktop"]}]}},"_links":{"self":[{"href":"https:\/\/nautilus.se\/eng\/wp-json\/wp\/v2\/product\/28653","targetHints":{"allow":["GET"]}}],"collection":[{"href":"https:\/\/nautilus.se\/eng\/wp-json\/wp\/v2\/product"}],"about":[{"href":"https:\/\/nautilus.se\/eng\/wp-json\/wp\/v2\/types\/product"}],"version-history":[{"count":1,"href":"https:\/\/nautilus.se\/eng\/wp-json\/wp\/v2\/product\/28653\/revisions"}],"predecessor-version":[{"id":28654,"href":"https:\/\/nautilus.se\/eng\/wp-json\/wp\/v2\/product\/28653\/revisions\/28654"}],"wp:featuredmedia":[{"embeddable":true,"href":"https:\/\/nautilus.se\/eng\/wp-json\/wp\/v2\/media\/25290"}],"wp:attachment":[{"href":"https:\/\/nautilus.se\/eng\/wp-json\/wp\/v2\/media?parent=28653"}],"wp:term":[{"taxonomy":"product_brand","embeddable":true,"href":"https:\/\/nautilus.se\/eng\/wp-json\/wp\/v2\/product_brand?post=28653"},{"taxonomy":"product_cat","embeddable":true,"href":"https:\/\/nautilus.se\/eng\/wp-json\/wp\/v2\/product_cat?post=28653"},{"taxonomy":"product_tag","embeddable":true,"href":"https:\/\/nautilus.se\/eng\/wp-json\/wp\/v2\/product_tag?post=28653"}],"curies":[{"name":"wp","href":"https:\/\/api.w.org\/{rel}","templated":true}]}}