{"id":31108,"date":"2025-11-26T18:26:35","date_gmt":"2025-11-26T16:26:35","guid":{"rendered":"https:\/\/nautilus.se\/?post_type=product&#038;p=31108"},"modified":"2026-03-06T12:22:41","modified_gmt":"2026-03-06T10:22:41","slug":"dufour-365","status":"publish","type":"product","link":"https:\/\/nautilus.se\/eng\/hyra-bat\/dufour-365\/","title":{"rendered":"Dufour 365"},"content":{"rendered":"<div class=\"container\">\n<div class=\"left\">\n<p class=\" translation-block\">Rent the Dufour 365! A very nice family cruiser with good equipment.<br>\nThe Dufour 365 has a fast and stable hull regardless of speed and plenty of space to be able to socialize with guests in the cockpit. The wide stern creates, in addition to the obvious, better space and more turning room in the cockpit, also better stability and higher comfort under sail. Inside, it offers, for example, up to eight guests at the table in the salon, a spacious toilet with shower and three separate cabins with a total of 6 berths.<\/p>\n<p>All amenities are on board ready for the holiday. Kitchen equipment, hot water, blankets and pillows, etc.<\/p>\n<p>&nbsp;<\/p>\n<div class=\"left\"><\/div>\n<div class=\"left\">\n<p class=\" translation-block\"><strong>Safe to rent a boat!<\/strong><br>\nWe know that your boat days are valuable! When you rent a boat through Nautilus, fast support is always included.<br>\nIf there is a problem with the boat during your rental, we will come out and fix it on site.<\/p>\n<p>&nbsp;<\/p>\n<\/div>\n<p>Privately owned and chartered by Nautilus<br \/>\nDown payment\/deposit at 30%. Residue 30 days before check-in.<br \/>\nBoater certificate and experience are required.<br \/>\nBokningsbar: veckovis mellan v25-32. \u00d6vrig s\u00e4song \u00e4ven weekends<br \/>\nBytesdag: l\u00f6rdagar<br \/>\nIncheckning fr\u00e5n kl 15.00<br \/>\nUtcheckning kl 11.00<br \/>\nCancellation: 30 days in advance<br \/>\nDjur och r\u00f6kning ej till\u00e5tet<br \/>\nParkering finns mot mindre avgift<br \/>\n\u00c5ldersgr\u00e4ns: 25 \u00e5r<br \/>\nDeposition\/sj\u00e4lvrisk: 12.000kr<br \/>\nHamn: Bulland\u00f6 Marina, V\u00e4rmd\u00f6<\/p>\n<p>&nbsp;<\/p>\n<\/div>\n<div class=\"right\">\n<h3>Equipment:<\/h3>\n<ul>\n<li>6 berths<\/li>\n<li>3 cabins<\/li>\n<li>Windlass in the bow<\/li>\n<li>Genoa on furling<\/li>\n<li>Storsegel med lazybag och fullattor<\/li>\n<li>Volvo Penta D1-30, 29 HP<\/li>\n<li>Teak in the cockpit<\/li>\n<li>Teakd\u00e4ck<\/li>\n<li>Spray hood<\/li>\n<li>Raymarine plotter<\/li>\n<li>Raymarine vindinstrument<\/li>\n<li>Raymarine autopilot med fj\u00e4rrkontroll<\/li>\n<li>Raymarine logg och ekolod<\/li>\n<li>Raymarine VHF<\/li>\n<li>Stereo with speaker inside and outside<\/li>\n<li>60W solcell<\/li>\n<li>Point with ladder<\/li>\n<li>L\u00f6st sittbrunnsbord<\/li>\n<li>Shore power with charging<\/li>\n<li>12V and 220V socket<\/li>\n<li>Heat in the cabin<\/li>\n<li>Gas cooker with oven<\/li>\n<li>Large cooler<\/li>\n<li>Toilet with septic tank<\/li>\n<li>Yachting chart of Stockholm's archipelago<\/li>\n<li>Life jackets<\/li>\n<li>Fenders, boat hook, lines, anchor and rock wedges<\/li>\n<li>Kitchen-ware for 8 people<\/li>\n<li>Duvets and pillows for 6 people<\/li>\n<\/ul>\n<p>&nbsp;<\/p>\n<\/div>\n<\/div>","protected":false},"excerpt":{"rendered":"<p class=\" translation-block\">Bookable weekly. Changeover day Saturdays.<br>\nSelect start and end dates for current price.<\/p>","protected":false},"featured_media":31192,"template":"","meta":[],"product_brand":[301],"product_cat":[19,293],"product_tag":[90],"class_list":{"0":"post-31108","1":"product","2":"type-product","3":"status-publish","4":"has-post-thumbnail","6":"product_brand-dufour","7":"product_cat-segelbatar","8":"product_cat-veckohyra","9":"product_tag-bullando","11":"first","12":"instock","13":"virtual","14":"sold-individually","15":"purchasable","16":"product-type-accommodation-booking"},"booking_location":"","booking_location_type":"","booking_duration":1,"booking_duration_unit":"night","booking_buffer":0,"booking_cost":0,"booking_resources":[31115],"exclude_global_add_ons":false,"addons":[{"name":"Final cleaning","type":"checkbox","position":0,"required":false,"title_format":"heading","default":"","description_enable":false,"description":"","placeholder_enable":false,"placeholder":"","display":"select","restrictions_type":"any_text","adjust_price":false,"price":"","price_type":"flat_fee","restrictions":false,"min":"0","max":"0","options":[{"label":"Pris","price":"1500","price_type":"quantity_based","image":0,"visibility":true}],"id":1773501177},{"name":"Rubber dinghy","type":"checkbox","position":1,"required":false,"title_format":"heading","default":"","description_enable":false,"description":"","placeholder_enable":false,"placeholder":"","display":"select","restrictions_type":"any_text","adjust_price":false,"price":"","price_type":"flat_fee","restrictions":false,"min":"0","max":"0","options":[{"label":"Per tillf\u00e4lle","price":"600","price_type":"quantity_based","image":0,"visibility":true}],"id":1773501178},{"name":"Engine to the dinghy","type":"checkbox","position":2,"required":false,"title_format":"heading","default":"","description_enable":false,"description":"","placeholder_enable":false,"placeholder":"","display":"select","restrictions_type":"any_text","adjust_price":false,"price":"","price_type":"flat_fee","restrictions":false,"min":"0","max":"0","options":[{"label":"Per tillf\u00e4lle","price":"500","price_type":"quantity_based","image":0,"visibility":true}],"id":1773501179},{"name":"SUP board, inflatable","type":"checkbox","position":3,"required":false,"title_format":"heading","default":"","description_enable":false,"description":"","placeholder_enable":false,"placeholder":"","display":"select","restrictions_type":"any_text","adjust_price":false,"price":"","price_type":"flat_fee","restrictions":false,"min":"0","max":"0","options":[{"label":"Per tillf\u00e4lle","price":"450","price_type":"quantity_based","image":0,"visibility":true}],"id":1773501180},{"name":"4G Wi-Fi, unlimited","type":"checkbox","position":4,"required":false,"title_format":"heading","default":"","description_enable":false,"description":"","placeholder_enable":false,"placeholder":"","display":"select","restrictions_type":"any_text","adjust_price":false,"price":"","price_type":"flat_fee","restrictions":false,"min":"0","max":"0","options":[{"label":"Per tillf\u00e4lle","price":"450","price_type":"quantity_based","image":0,"visibility":true}],"id":1773501181},{"name":"Linnens","type":"input_multiplier","position":5,"required":false,"title_format":"heading","default":"","description_enable":false,"description":"Lakanset &amp; badhandduk","placeholder_enable":false,"placeholder":"","display":"select","restrictions_type":"any_text","adjust_price":true,"price":"250","price_type":"quantity_based","restrictions":true,"min":"0","max":"8","options":[],"id":1773501182},{"name":"Nautic ability","type":"custom_text","position":6,"required":true,"title_format":"heading","default":"","description_enable":false,"description":"","placeholder_enable":false,"placeholder":"","display":"select","restrictions_type":"any_text","adjust_price":false,"price":"","price_type":"flat_fee","restrictions":false,"min":"0","max":"0","options":[],"id":1773501183}],"yoast_head":"<!-- This site is optimized with the Yoast SEO Premium plugin v27.3 (Yoast SEO v27.4) - https:\/\/yoast.com\/product\/yoast-seo-premium-wordpress\/ -->\n<title>Hyr segelb\u00e5t Dufour 365 | Nautilus Boat Club<\/title>\n<meta name=\"description\" content=\"Hyr Dufour 365 f\u00f6r en bekv\u00e4m och upplevelserik b\u00e5tsemester! Boka din semestervecka hos Nautilus Boat Club Stockolm. Alltid med full support.\" \/>\n<meta name=\"robots\" content=\"index, follow, max-snippet:-1, max-image-preview:large, max-video-preview:-1\" \/>\n<link rel=\"canonical\" href=\"https:\/\/nautilus.se\/eng\/hyra-bat\/dufour-365\/\" \/>\n<meta property=\"og:locale\" content=\"en_US\" \/>\n<meta property=\"og:type\" content=\"article\" \/>\n<meta property=\"og:title\" content=\"Dufour 365\" \/>\n<meta property=\"og:description\" content=\"Hyr Dufour 365 f\u00f6r en bekv\u00e4m och upplevelserik b\u00e5tsemester! Boka din semestervecka hos Nautilus Boat Club Stockolm. Alltid med full support.\" \/>\n<meta property=\"og:url\" content=\"https:\/\/nautilus.se\/eng\/hyra-bat\/dufour-365\/\" \/>\n<meta property=\"og:site_name\" content=\"Nautilus Boat Club\" \/>\n<meta property=\"article:publisher\" content=\"https:\/\/www.facebook.com\/nautilusboatclub\/\" \/>\n<meta property=\"article:modified_time\" content=\"2026-03-06T10:22:41+00:00\" \/>\n<meta property=\"og:image\" content=\"https:\/\/nautilus.se\/wp-content\/uploads\/2025\/11\/Dufour365.jpg\" \/>\n\t<meta property=\"og:image:width\" content=\"1120\" \/>\n\t<meta property=\"og:image:height\" content=\"640\" \/>\n\t<meta property=\"og:image:type\" content=\"image\/jpeg\" \/>\n<meta name=\"twitter:card\" content=\"summary_large_image\" \/>\n<meta name=\"twitter:label1\" content=\"Est. reading time\" \/>\n\t<meta name=\"twitter:data1\" content=\"2 minutes\" \/>\n<script type=\"application\/ld+json\" class=\"yoast-schema-graph\">{\"@context\":\"https:\\\/\\\/schema.org\",\"@graph\":[{\"@type\":\"WebPage\",\"@id\":\"https:\\\/\\\/nautilus.se\\\/hyra-bat\\\/dufour-365\\\/\",\"url\":\"https:\\\/\\\/nautilus.se\\\/hyra-bat\\\/dufour-365\\\/\",\"name\":\"Hyr segelb\u00e5t Dufour 365 | Nautilus Boat Club\",\"isPartOf\":{\"@id\":\"https:\\\/\\\/nautilus.se\\\/#website\"},\"primaryImageOfPage\":{\"@id\":\"https:\\\/\\\/nautilus.se\\\/hyra-bat\\\/dufour-365\\\/#primaryimage\"},\"image\":{\"@id\":\"https:\\\/\\\/nautilus.se\\\/hyra-bat\\\/dufour-365\\\/#primaryimage\"},\"thumbnailUrl\":\"https:\\\/\\\/nautilus.se\\\/wp-content\\\/uploads\\\/2025\\\/11\\\/Dufour365.jpg\",\"datePublished\":\"2025-11-26T16:26:35+00:00\",\"dateModified\":\"2026-03-06T10:22:41+00:00\",\"description\":\"Hyr Dufour 365 f\u00f6r en bekv\u00e4m och upplevelserik b\u00e5tsemester! Boka din semestervecka hos Nautilus Boat Club Stockolm. Alltid med full support.\",\"breadcrumb\":{\"@id\":\"https:\\\/\\\/nautilus.se\\\/hyra-bat\\\/dufour-365\\\/#breadcrumb\"},\"inLanguage\":\"en-US\",\"potentialAction\":[{\"@type\":\"ReadAction\",\"target\":[\"https:\\\/\\\/nautilus.se\\\/hyra-bat\\\/dufour-365\\\/\"]}]},{\"@type\":\"ImageObject\",\"inLanguage\":\"en-US\",\"@id\":\"https:\\\/\\\/nautilus.se\\\/hyra-bat\\\/dufour-365\\\/#primaryimage\",\"url\":\"https:\\\/\\\/nautilus.se\\\/wp-content\\\/uploads\\\/2025\\\/11\\\/Dufour365.jpg\",\"contentUrl\":\"https:\\\/\\\/nautilus.se\\\/wp-content\\\/uploads\\\/2025\\\/11\\\/Dufour365.jpg\",\"width\":1120,\"height\":640,\"caption\":\"Dufour365\"},{\"@type\":\"BreadcrumbList\",\"@id\":\"https:\\\/\\\/nautilus.se\\\/hyra-bat\\\/dufour-365\\\/#breadcrumb\",\"itemListElement\":[{\"@type\":\"ListItem\",\"position\":1,\"name\":\"Home\",\"item\":\"https:\\\/\\\/nautilus.se\\\/\"},{\"@type\":\"ListItem\",\"position\":2,\"name\":\"Hyr b\u00e5t enkelt och tryggt\",\"item\":\"https:\\\/\\\/nautilus.se\\\/hyra-bat-old\\\/\"},{\"@type\":\"ListItem\",\"position\":3,\"name\":\"Dufour 365\"}]},{\"@type\":\"WebSite\",\"@id\":\"https:\\\/\\\/nautilus.se\\\/#website\",\"url\":\"https:\\\/\\\/nautilus.se\\\/\",\"name\":\"Nautilus Boat Club\",\"description\":\"H\u00e4r kan du hyra b\u00e5t, dela b\u00e5t, del\u00e4ga b\u00e5t och vara med i b\u00e5tpool.\",\"publisher\":{\"@id\":\"https:\\\/\\\/nautilus.se\\\/#organization\"},\"potentialAction\":[{\"@type\":\"SearchAction\",\"target\":{\"@type\":\"EntryPoint\",\"urlTemplate\":\"https:\\\/\\\/nautilus.se\\\/?s={search_term_string}\"},\"query-input\":{\"@type\":\"PropertyValueSpecification\",\"valueRequired\":true,\"valueName\":\"search_term_string\"}}],\"inLanguage\":\"en-US\"},{\"@type\":\"Organization\",\"@id\":\"https:\\\/\\\/nautilus.se\\\/#organization\",\"name\":\"Nautilus Boat Club AB\",\"alternateName\":\"Nautilus Boat Club\",\"url\":\"https:\\\/\\\/nautilus.se\\\/\",\"logo\":{\"@type\":\"ImageObject\",\"inLanguage\":\"en-US\",\"@id\":\"https:\\\/\\\/nautilus.se\\\/#\\\/schema\\\/logo\\\/image\\\/\",\"url\":\"https:\\\/\\\/nautilus.se\\\/wp-content\\\/uploads\\\/2022\\\/10\\\/Nautilus-shell-blue-back-w-logo.png\",\"contentUrl\":\"https:\\\/\\\/nautilus.se\\\/wp-content\\\/uploads\\\/2022\\\/10\\\/Nautilus-shell-blue-back-w-logo.png\",\"width\":1755,\"height\":1130,\"caption\":\"Nautilus Boat Club AB\"},\"image\":{\"@id\":\"https:\\\/\\\/nautilus.se\\\/#\\\/schema\\\/logo\\\/image\\\/\"},\"sameAs\":[\"https:\\\/\\\/www.facebook.com\\\/nautilusboatclub\\\/\",\"https:\\\/\\\/www.instagram.com\\\/nautilusboatclub\\\/\",\"https:\\\/\\\/www.linkedin.com\\\/company\\\/4998214\\\/admin\\\/\",\"https:\\\/\\\/www.youtube.com\\\/channel\\\/UCrhrs3yv-t72B5igMm2keKQ\\\/videos?app=desktop\"]}]}<\/script>\n<!-- \/ Yoast SEO Premium plugin. -->","yoast_head_json":{"title":"Hyr segelb\u00e5t Dufour 365 | Nautilus Boat Club","description":"Hyr Dufour 365 f\u00f6r en bekv\u00e4m och upplevelserik b\u00e5tsemester! Boka din semestervecka hos Nautilus Boat Club Stockolm. Alltid med full support.","robots":{"index":"index","follow":"follow","max-snippet":"max-snippet:-1","max-image-preview":"max-image-preview:large","max-video-preview":"max-video-preview:-1"},"canonical":"https:\/\/nautilus.se\/eng\/hyra-bat\/dufour-365\/","og_locale":"en_US","og_type":"article","og_title":"Dufour 365","og_description":"Hyr Dufour 365 f\u00f6r en bekv\u00e4m och upplevelserik b\u00e5tsemester! Boka din semestervecka hos Nautilus Boat Club Stockolm. Alltid med full support.","og_url":"https:\/\/nautilus.se\/eng\/hyra-bat\/dufour-365\/","og_site_name":"Nautilus Boat Club","article_publisher":"https:\/\/www.facebook.com\/nautilusboatclub\/","article_modified_time":"2026-03-06T10:22:41+00:00","og_image":[{"width":1120,"height":640,"url":"https:\/\/nautilus.se\/wp-content\/uploads\/2025\/11\/Dufour365.jpg","type":"image\/jpeg"}],"twitter_card":"summary_large_image","twitter_misc":{"Est. reading time":"2 minutes"},"schema":{"@context":"https:\/\/schema.org","@graph":[{"@type":"WebPage","@id":"https:\/\/nautilus.se\/hyra-bat\/dufour-365\/","url":"https:\/\/nautilus.se\/hyra-bat\/dufour-365\/","name":"Hyr segelb\u00e5t Dufour 365 | Nautilus Boat Club","isPartOf":{"@id":"https:\/\/nautilus.se\/#website"},"primaryImageOfPage":{"@id":"https:\/\/nautilus.se\/hyra-bat\/dufour-365\/#primaryimage"},"image":{"@id":"https:\/\/nautilus.se\/hyra-bat\/dufour-365\/#primaryimage"},"thumbnailUrl":"https:\/\/nautilus.se\/wp-content\/uploads\/2025\/11\/Dufour365.jpg","datePublished":"2025-11-26T16:26:35+00:00","dateModified":"2026-03-06T10:22:41+00:00","description":"Hyr Dufour 365 f\u00f6r en bekv\u00e4m och upplevelserik b\u00e5tsemester! Boka din semestervecka hos Nautilus Boat Club Stockolm. Alltid med full support.","breadcrumb":{"@id":"https:\/\/nautilus.se\/hyra-bat\/dufour-365\/#breadcrumb"},"inLanguage":"en-US","potentialAction":[{"@type":"ReadAction","target":["https:\/\/nautilus.se\/hyra-bat\/dufour-365\/"]}]},{"@type":"ImageObject","inLanguage":"en-US","@id":"https:\/\/nautilus.se\/hyra-bat\/dufour-365\/#primaryimage","url":"https:\/\/nautilus.se\/wp-content\/uploads\/2025\/11\/Dufour365.jpg","contentUrl":"https:\/\/nautilus.se\/wp-content\/uploads\/2025\/11\/Dufour365.jpg","width":1120,"height":640,"caption":"Dufour365"},{"@type":"BreadcrumbList","@id":"https:\/\/nautilus.se\/hyra-bat\/dufour-365\/#breadcrumb","itemListElement":[{"@type":"ListItem","position":1,"name":"Home","item":"https:\/\/nautilus.se\/"},{"@type":"ListItem","position":2,"name":"Hyr b\u00e5t enkelt och tryggt","item":"https:\/\/nautilus.se\/hyra-bat-old\/"},{"@type":"ListItem","position":3,"name":"Dufour 365"}]},{"@type":"WebSite","@id":"https:\/\/nautilus.se\/#website","url":"https:\/\/nautilus.se\/","name":"Nautilus Boat Club","description":"H\u00e4r kan du hyra b\u00e5t, dela b\u00e5t, del\u00e4ga b\u00e5t och vara med i b\u00e5tpool.","publisher":{"@id":"https:\/\/nautilus.se\/#organization"},"potentialAction":[{"@type":"SearchAction","target":{"@type":"EntryPoint","urlTemplate":"https:\/\/nautilus.se\/?s={search_term_string}"},"query-input":{"@type":"PropertyValueSpecification","valueRequired":true,"valueName":"search_term_string"}}],"inLanguage":"en-US"},{"@type":"Organization","@id":"https:\/\/nautilus.se\/#organization","name":"Nautilus Boat Club AB","alternateName":"Nautilus Boat Club","url":"https:\/\/nautilus.se\/","logo":{"@type":"ImageObject","inLanguage":"en-US","@id":"https:\/\/nautilus.se\/#\/schema\/logo\/image\/","url":"https:\/\/nautilus.se\/wp-content\/uploads\/2022\/10\/Nautilus-shell-blue-back-w-logo.png","contentUrl":"https:\/\/nautilus.se\/wp-content\/uploads\/2022\/10\/Nautilus-shell-blue-back-w-logo.png","width":1755,"height":1130,"caption":"Nautilus Boat Club AB"},"image":{"@id":"https:\/\/nautilus.se\/#\/schema\/logo\/image\/"},"sameAs":["https:\/\/www.facebook.com\/nautilusboatclub\/","https:\/\/www.instagram.com\/nautilusboatclub\/","https:\/\/www.linkedin.com\/company\/4998214\/admin\/","https:\/\/www.youtube.com\/channel\/UCrhrs3yv-t72B5igMm2keKQ\/videos?app=desktop"]}]}},"_links":{"self":[{"href":"https:\/\/nautilus.se\/eng\/wp-json\/wp\/v2\/product\/31108","targetHints":{"allow":["GET"]}}],"collection":[{"href":"https:\/\/nautilus.se\/eng\/wp-json\/wp\/v2\/product"}],"about":[{"href":"https:\/\/nautilus.se\/eng\/wp-json\/wp\/v2\/types\/product"}],"version-history":[{"count":9,"href":"https:\/\/nautilus.se\/eng\/wp-json\/wp\/v2\/product\/31108\/revisions"}],"predecessor-version":[{"id":32290,"href":"https:\/\/nautilus.se\/eng\/wp-json\/wp\/v2\/product\/31108\/revisions\/32290"}],"wp:featuredmedia":[{"embeddable":true,"href":"https:\/\/nautilus.se\/eng\/wp-json\/wp\/v2\/media\/31192"}],"wp:attachment":[{"href":"https:\/\/nautilus.se\/eng\/wp-json\/wp\/v2\/media?parent=31108"}],"wp:term":[{"taxonomy":"product_brand","embeddable":true,"href":"https:\/\/nautilus.se\/eng\/wp-json\/wp\/v2\/product_brand?post=31108"},{"taxonomy":"product_cat","embeddable":true,"href":"https:\/\/nautilus.se\/eng\/wp-json\/wp\/v2\/product_cat?post=31108"},{"taxonomy":"product_tag","embeddable":true,"href":"https:\/\/nautilus.se\/eng\/wp-json\/wp\/v2\/product_tag?post=31108"}],"curies":[{"name":"wp","href":"https:\/\/api.w.org\/{rel}","templated":true}]}}