{"id":31153,"date":"2025-11-28T12:30:16","date_gmt":"2025-11-28T10:30:16","guid":{"rendered":"https:\/\/nautilus.se\/?post_type=product&#038;p=31153"},"modified":"2026-03-06T12:23:36","modified_gmt":"2026-03-06T10:23:36","slug":"jeanneau-sun-odyssey-509","status":"publish","type":"product","link":"https:\/\/nautilus.se\/eng\/hyra-bat\/jeanneau-sun-odyssey-509\/","title":{"rendered":"Jeanneau 509, 5 kabiner"},"content":{"rendered":"<div class=\"container\">\n<div class=\"left\">\n<p data-start=\"58\" data-end=\"131\"><strong data-start=\"58\" data-end=\"131\">Rent Jeanneau Sun Oddyssey 509 \u2013 dream boat of the summer!<\/strong><\/p>\n<p data-start=\"133\" data-end=\"545\">Are you looking for an exclusive sailing experience? The Jeanneau Sun Odyssey 509 combines luxury and performance with comfort and style. With its spacious design and modern equipment, this boat is perfect for both relaxed cruises and adventurous sailing trips. This version with a full 5 cabins provides space for large groups. Rent it today and discover the freedom of the sea in a boat that offers both stability and elegance. Perfect for families, friends or an unforgettable sailing with colleagues!<\/p>\n<p>&nbsp;<\/p>\n<div class=\"left\">\n<p class=\" translation-block\"><strong>Safe to rent a boat!<\/strong><br>\nWe know that your boat days are valuable! When you rent a boat through Nautilus, fast support is always included.<br>\nIf there is a problem with the boat during your rental, we will come out and fix it on site.<\/p>\n<p>&nbsp;<\/p>\n<\/div>\n<p class=\" translation-block\">Down payment\/deposit 30% upon booking. th e remaining: 30 days before check-in.<br>\nAppropriate certificate and extensive experience are required.<br>\nCheck-in from 3:00 PM<br>\nCheck-out at 10:00 AM<br>\nPets and smoking not allowed<br>\nParking available for a small fee<br>\nBookable: weekly. Or shorter with skipper for a quote.<br>\nCancellation: 30 days before<br>\nAge limit: 28 years<br>\nDeposit\/exemption: SEK 20,000<br>\nPort: Gustavsberg<\/p>\n<\/div>\n<div class=\"right\">\n<h3>Equipment:<\/h3>\n<ul>\n<li>Bow thruster<\/li>\n<li>Bow windlass<\/li>\n<li>Manual anchor in stern<\/li>\n<li>Furling jib<\/li>\n<li>Furling main<\/li>\n<li>Raymarine Autopilote<\/li>\n<li>Raymarine VHF<\/li>\n<li>Doubke Raymarine Axiom 12\" chart plotters<\/li>\n<li>Raymarine echo sounder and logg<\/li>\n<li>Raymarine wind instruments<\/li>\n<li>Fusion stereo with speakers in cockpit and saloon<\/li>\n<li>Shore power with charging<\/li>\n<li>12V and 220V sockets<\/li>\n<li>Webasto heater in the cabin<\/li>\n<li>Boiler<\/li>\n<li>Gas cooker with oven<\/li>\n<li>Cooler box<\/li>\n<li>3 toilets with showers and septik tanks<\/li>\n<li>Shower in the cockpit<\/li>\n<li>5 cabins<\/li>\n<li>10 berths<\/li>\n<li>Navigational charts of Stockholm<\/li>\n<li>Life jackets<\/li>\n<li>Life boat and flares<\/li>\n<li>Fenders, boat hook, lines, anchor and rock wedges<\/li>\n<li>Complete kitchen-ware<\/li>\n<li>Duvets and pillows for 10<\/li>\n<\/ul>\n<p>&nbsp;<\/p>\n<\/div>\n<\/div>","protected":false},"excerpt":{"rendered":"<p class=\" translation-block\">Bokas veckovis. Bytesdagar s\u00f6ndagar.<br>\r\nV\u00e4lj \u00f6nskat antal veckor och sedan startdatum.<\/p>","protected":false},"featured_media":28363,"template":"","meta":[],"product_brand":[305],"product_cat":[19,293],"product_tag":[85],"class_list":{"0":"post-31153","1":"product","2":"type-product","3":"status-publish","4":"has-post-thumbnail","6":"product_brand-jeanneau","7":"product_cat-segelbatar","8":"product_cat-veckohyra","9":"product_tag-gustavsberg","11":"first","12":"instock","13":"virtual","14":"sold-individually","15":"purchasable","16":"product-type-booking"},"booking_location":"","booking_location_type":"","booking_duration":7,"booking_duration_unit":"day","booking_buffer":0,"booking_cost":0,"booking_resources":[31154],"exclude_global_add_ons":[],"addons":[],"yoast_head":"<!-- This site is optimized with the Yoast SEO Premium plugin v27.3 (Yoast SEO v27.4) - https:\/\/yoast.com\/product\/yoast-seo-premium-wordpress\/ -->\n<title>Hyr Jeanneau Sun Oddyssey 509 | Nautilus Boat Club<\/title>\n<meta name=\"description\" content=\"Hyr segelb\u00e5t i Stockholm. Denna Jeanneau Sun Oddyssey 509 hittar du hos Nautilus Boat Club p\u00e5 V\u00e4rmd\u00f6. Alltid med full support.\" \/>\n<meta name=\"robots\" content=\"index, follow, max-snippet:-1, max-image-preview:large, max-video-preview:-1\" \/>\n<link rel=\"canonical\" href=\"https:\/\/nautilus.se\/eng\/hyra-bat\/jeanneau-sun-odyssey-509\/\" \/>\n<meta property=\"og:locale\" content=\"en_US\" \/>\n<meta property=\"og:type\" content=\"article\" \/>\n<meta property=\"og:title\" content=\"Jeanneau 509, 5 kabiner\" \/>\n<meta property=\"og:description\" content=\"Hyr segelb\u00e5t i Stockholm. Denna Jeanneau Sun Oddyssey 509 hittar du hos Nautilus Boat Club p\u00e5 V\u00e4rmd\u00f6. Alltid med full support.\" \/>\n<meta property=\"og:url\" content=\"https:\/\/nautilus.se\/eng\/hyra-bat\/jeanneau-sun-odyssey-509\/\" \/>\n<meta property=\"og:site_name\" content=\"Nautilus Boat Club\" \/>\n<meta property=\"article:publisher\" content=\"https:\/\/www.facebook.com\/nautilusboatclub\/\" \/>\n<meta property=\"article:modified_time\" content=\"2026-03-06T10:23:36+00:00\" \/>\n<meta property=\"og:image\" content=\"https:\/\/nautilus.se\/wp-content\/uploads\/2025\/02\/Jeanneau-509-sailing.jpeg\" \/>\n\t<meta property=\"og:image:width\" content=\"1920\" \/>\n\t<meta property=\"og:image:height\" content=\"1280\" \/>\n\t<meta property=\"og:image:type\" content=\"image\/jpeg\" \/>\n<meta name=\"twitter:card\" content=\"summary_large_image\" \/>\n<meta name=\"twitter:label1\" content=\"Est. reading time\" \/>\n\t<meta name=\"twitter:data1\" content=\"2 minutes\" \/>\n<script type=\"application\/ld+json\" class=\"yoast-schema-graph\">{\"@context\":\"https:\\\/\\\/schema.org\",\"@graph\":[{\"@type\":\"WebPage\",\"@id\":\"https:\\\/\\\/nautilus.se\\\/hyra-bat\\\/jeanneau-sun-odyssey-509\\\/\",\"url\":\"https:\\\/\\\/nautilus.se\\\/hyra-bat\\\/jeanneau-sun-odyssey-509\\\/\",\"name\":\"Hyr Jeanneau Sun Oddyssey 509 | Nautilus Boat Club\",\"isPartOf\":{\"@id\":\"https:\\\/\\\/nautilus.se\\\/#website\"},\"primaryImageOfPage\":{\"@id\":\"https:\\\/\\\/nautilus.se\\\/hyra-bat\\\/jeanneau-sun-odyssey-509\\\/#primaryimage\"},\"image\":{\"@id\":\"https:\\\/\\\/nautilus.se\\\/hyra-bat\\\/jeanneau-sun-odyssey-509\\\/#primaryimage\"},\"thumbnailUrl\":\"https:\\\/\\\/nautilus.se\\\/wp-content\\\/uploads\\\/2025\\\/02\\\/Jeanneau-509-sailing.jpeg\",\"datePublished\":\"2025-11-28T10:30:16+00:00\",\"dateModified\":\"2026-03-06T10:23:36+00:00\",\"description\":\"Hyr segelb\u00e5t i Stockholm. Denna Jeanneau Sun Oddyssey 509 hittar du hos Nautilus Boat Club p\u00e5 V\u00e4rmd\u00f6. Alltid med full support.\",\"breadcrumb\":{\"@id\":\"https:\\\/\\\/nautilus.se\\\/hyra-bat\\\/jeanneau-sun-odyssey-509\\\/#breadcrumb\"},\"inLanguage\":\"en-US\",\"potentialAction\":[{\"@type\":\"ReadAction\",\"target\":[\"https:\\\/\\\/nautilus.se\\\/hyra-bat\\\/jeanneau-sun-odyssey-509\\\/\"]}]},{\"@type\":\"ImageObject\",\"inLanguage\":\"en-US\",\"@id\":\"https:\\\/\\\/nautilus.se\\\/hyra-bat\\\/jeanneau-sun-odyssey-509\\\/#primaryimage\",\"url\":\"https:\\\/\\\/nautilus.se\\\/wp-content\\\/uploads\\\/2025\\\/02\\\/Jeanneau-509-sailing.jpeg\",\"contentUrl\":\"https:\\\/\\\/nautilus.se\\\/wp-content\\\/uploads\\\/2025\\\/02\\\/Jeanneau-509-sailing.jpeg\",\"width\":1920,\"height\":1280},{\"@type\":\"BreadcrumbList\",\"@id\":\"https:\\\/\\\/nautilus.se\\\/hyra-bat\\\/jeanneau-sun-odyssey-509\\\/#breadcrumb\",\"itemListElement\":[{\"@type\":\"ListItem\",\"position\":1,\"name\":\"Home\",\"item\":\"https:\\\/\\\/nautilus.se\\\/\"},{\"@type\":\"ListItem\",\"position\":2,\"name\":\"Hyr b\u00e5t enkelt och tryggt\",\"item\":\"https:\\\/\\\/nautilus.se\\\/hyra-bat-old\\\/\"},{\"@type\":\"ListItem\",\"position\":3,\"name\":\"Jeanneau 509, 5 kabiner\"}]},{\"@type\":\"WebSite\",\"@id\":\"https:\\\/\\\/nautilus.se\\\/#website\",\"url\":\"https:\\\/\\\/nautilus.se\\\/\",\"name\":\"Nautilus Boat Club\",\"description\":\"H\u00e4r kan du hyra b\u00e5t, dela b\u00e5t, del\u00e4ga b\u00e5t och vara med i b\u00e5tpool.\",\"publisher\":{\"@id\":\"https:\\\/\\\/nautilus.se\\\/#organization\"},\"potentialAction\":[{\"@type\":\"SearchAction\",\"target\":{\"@type\":\"EntryPoint\",\"urlTemplate\":\"https:\\\/\\\/nautilus.se\\\/?s={search_term_string}\"},\"query-input\":{\"@type\":\"PropertyValueSpecification\",\"valueRequired\":true,\"valueName\":\"search_term_string\"}}],\"inLanguage\":\"en-US\"},{\"@type\":\"Organization\",\"@id\":\"https:\\\/\\\/nautilus.se\\\/#organization\",\"name\":\"Nautilus Boat Club AB\",\"alternateName\":\"Nautilus Boat Club\",\"url\":\"https:\\\/\\\/nautilus.se\\\/\",\"logo\":{\"@type\":\"ImageObject\",\"inLanguage\":\"en-US\",\"@id\":\"https:\\\/\\\/nautilus.se\\\/#\\\/schema\\\/logo\\\/image\\\/\",\"url\":\"https:\\\/\\\/nautilus.se\\\/wp-content\\\/uploads\\\/2022\\\/10\\\/Nautilus-shell-blue-back-w-logo.png\",\"contentUrl\":\"https:\\\/\\\/nautilus.se\\\/wp-content\\\/uploads\\\/2022\\\/10\\\/Nautilus-shell-blue-back-w-logo.png\",\"width\":1755,\"height\":1130,\"caption\":\"Nautilus Boat Club AB\"},\"image\":{\"@id\":\"https:\\\/\\\/nautilus.se\\\/#\\\/schema\\\/logo\\\/image\\\/\"},\"sameAs\":[\"https:\\\/\\\/www.facebook.com\\\/nautilusboatclub\\\/\",\"https:\\\/\\\/www.instagram.com\\\/nautilusboatclub\\\/\",\"https:\\\/\\\/www.linkedin.com\\\/company\\\/4998214\\\/admin\\\/\",\"https:\\\/\\\/www.youtube.com\\\/channel\\\/UCrhrs3yv-t72B5igMm2keKQ\\\/videos?app=desktop\"]}]}<\/script>\n<!-- \/ Yoast SEO Premium plugin. -->","yoast_head_json":{"title":"Hyr Jeanneau Sun Oddyssey 509 | Nautilus Boat Club","description":"Hyr segelb\u00e5t i Stockholm. Denna Jeanneau Sun Oddyssey 509 hittar du hos Nautilus Boat Club p\u00e5 V\u00e4rmd\u00f6. Alltid med full support.","robots":{"index":"index","follow":"follow","max-snippet":"max-snippet:-1","max-image-preview":"max-image-preview:large","max-video-preview":"max-video-preview:-1"},"canonical":"https:\/\/nautilus.se\/eng\/hyra-bat\/jeanneau-sun-odyssey-509\/","og_locale":"en_US","og_type":"article","og_title":"Jeanneau 509, 5 kabiner","og_description":"Hyr segelb\u00e5t i Stockholm. Denna Jeanneau Sun Oddyssey 509 hittar du hos Nautilus Boat Club p\u00e5 V\u00e4rmd\u00f6. Alltid med full support.","og_url":"https:\/\/nautilus.se\/eng\/hyra-bat\/jeanneau-sun-odyssey-509\/","og_site_name":"Nautilus Boat Club","article_publisher":"https:\/\/www.facebook.com\/nautilusboatclub\/","article_modified_time":"2026-03-06T10:23:36+00:00","og_image":[{"width":1920,"height":1280,"url":"https:\/\/nautilus.se\/wp-content\/uploads\/2025\/02\/Jeanneau-509-sailing.jpeg","type":"image\/jpeg"}],"twitter_card":"summary_large_image","twitter_misc":{"Est. reading time":"2 minutes"},"schema":{"@context":"https:\/\/schema.org","@graph":[{"@type":"WebPage","@id":"https:\/\/nautilus.se\/hyra-bat\/jeanneau-sun-odyssey-509\/","url":"https:\/\/nautilus.se\/hyra-bat\/jeanneau-sun-odyssey-509\/","name":"Hyr Jeanneau Sun Oddyssey 509 | Nautilus Boat Club","isPartOf":{"@id":"https:\/\/nautilus.se\/#website"},"primaryImageOfPage":{"@id":"https:\/\/nautilus.se\/hyra-bat\/jeanneau-sun-odyssey-509\/#primaryimage"},"image":{"@id":"https:\/\/nautilus.se\/hyra-bat\/jeanneau-sun-odyssey-509\/#primaryimage"},"thumbnailUrl":"https:\/\/nautilus.se\/wp-content\/uploads\/2025\/02\/Jeanneau-509-sailing.jpeg","datePublished":"2025-11-28T10:30:16+00:00","dateModified":"2026-03-06T10:23:36+00:00","description":"Hyr segelb\u00e5t i Stockholm. Denna Jeanneau Sun Oddyssey 509 hittar du hos Nautilus Boat Club p\u00e5 V\u00e4rmd\u00f6. Alltid med full support.","breadcrumb":{"@id":"https:\/\/nautilus.se\/hyra-bat\/jeanneau-sun-odyssey-509\/#breadcrumb"},"inLanguage":"en-US","potentialAction":[{"@type":"ReadAction","target":["https:\/\/nautilus.se\/hyra-bat\/jeanneau-sun-odyssey-509\/"]}]},{"@type":"ImageObject","inLanguage":"en-US","@id":"https:\/\/nautilus.se\/hyra-bat\/jeanneau-sun-odyssey-509\/#primaryimage","url":"https:\/\/nautilus.se\/wp-content\/uploads\/2025\/02\/Jeanneau-509-sailing.jpeg","contentUrl":"https:\/\/nautilus.se\/wp-content\/uploads\/2025\/02\/Jeanneau-509-sailing.jpeg","width":1920,"height":1280},{"@type":"BreadcrumbList","@id":"https:\/\/nautilus.se\/hyra-bat\/jeanneau-sun-odyssey-509\/#breadcrumb","itemListElement":[{"@type":"ListItem","position":1,"name":"Home","item":"https:\/\/nautilus.se\/"},{"@type":"ListItem","position":2,"name":"Hyr b\u00e5t enkelt och tryggt","item":"https:\/\/nautilus.se\/hyra-bat-old\/"},{"@type":"ListItem","position":3,"name":"Jeanneau 509, 5 kabiner"}]},{"@type":"WebSite","@id":"https:\/\/nautilus.se\/#website","url":"https:\/\/nautilus.se\/","name":"Nautilus Boat Club","description":"H\u00e4r kan du hyra b\u00e5t, dela b\u00e5t, del\u00e4ga b\u00e5t och vara med i b\u00e5tpool.","publisher":{"@id":"https:\/\/nautilus.se\/#organization"},"potentialAction":[{"@type":"SearchAction","target":{"@type":"EntryPoint","urlTemplate":"https:\/\/nautilus.se\/?s={search_term_string}"},"query-input":{"@type":"PropertyValueSpecification","valueRequired":true,"valueName":"search_term_string"}}],"inLanguage":"en-US"},{"@type":"Organization","@id":"https:\/\/nautilus.se\/#organization","name":"Nautilus Boat Club AB","alternateName":"Nautilus Boat Club","url":"https:\/\/nautilus.se\/","logo":{"@type":"ImageObject","inLanguage":"en-US","@id":"https:\/\/nautilus.se\/#\/schema\/logo\/image\/","url":"https:\/\/nautilus.se\/wp-content\/uploads\/2022\/10\/Nautilus-shell-blue-back-w-logo.png","contentUrl":"https:\/\/nautilus.se\/wp-content\/uploads\/2022\/10\/Nautilus-shell-blue-back-w-logo.png","width":1755,"height":1130,"caption":"Nautilus Boat Club AB"},"image":{"@id":"https:\/\/nautilus.se\/#\/schema\/logo\/image\/"},"sameAs":["https:\/\/www.facebook.com\/nautilusboatclub\/","https:\/\/www.instagram.com\/nautilusboatclub\/","https:\/\/www.linkedin.com\/company\/4998214\/admin\/","https:\/\/www.youtube.com\/channel\/UCrhrs3yv-t72B5igMm2keKQ\/videos?app=desktop"]}]}},"_links":{"self":[{"href":"https:\/\/nautilus.se\/eng\/wp-json\/wp\/v2\/product\/31153","targetHints":{"allow":["GET"]}}],"collection":[{"href":"https:\/\/nautilus.se\/eng\/wp-json\/wp\/v2\/product"}],"about":[{"href":"https:\/\/nautilus.se\/eng\/wp-json\/wp\/v2\/types\/product"}],"version-history":[{"count":8,"href":"https:\/\/nautilus.se\/eng\/wp-json\/wp\/v2\/product\/31153\/revisions"}],"predecessor-version":[{"id":31856,"href":"https:\/\/nautilus.se\/eng\/wp-json\/wp\/v2\/product\/31153\/revisions\/31856"}],"wp:featuredmedia":[{"embeddable":true,"href":"https:\/\/nautilus.se\/eng\/wp-json\/wp\/v2\/media\/28363"}],"wp:attachment":[{"href":"https:\/\/nautilus.se\/eng\/wp-json\/wp\/v2\/media?parent=31153"}],"wp:term":[{"taxonomy":"product_brand","embeddable":true,"href":"https:\/\/nautilus.se\/eng\/wp-json\/wp\/v2\/product_brand?post=31153"},{"taxonomy":"product_cat","embeddable":true,"href":"https:\/\/nautilus.se\/eng\/wp-json\/wp\/v2\/product_cat?post=31153"},{"taxonomy":"product_tag","embeddable":true,"href":"https:\/\/nautilus.se\/eng\/wp-json\/wp\/v2\/product_tag?post=31153"}],"curies":[{"name":"wp","href":"https:\/\/api.w.org\/{rel}","templated":true}]}}