{"id":31260,"date":"2025-12-10T14:06:22","date_gmt":"2025-12-10T12:06:22","guid":{"rendered":"https:\/\/nautilus.se\/?post_type=product&#038;p=31260"},"modified":"2026-01-29T11:16:18","modified_gmt":"2026-01-29T09:16:18","slug":"alukin-scr850","status":"publish","type":"product","link":"https:\/\/nautilus.se\/eng\/hyra-bat\/alukin-scr850\/","title":{"rendered":"Alukin SCR850"},"content":{"rendered":"<div class=\"container\">\n<div class=\"left\">\n<p>Rent the raw Alukin SCR850! a quality boat built to be used all year round.<\/p>\n<div id=\"block-890866\" class=\"block block-text row fs-3\" data-id=\"890866\">\n<div class=\"__content col-lg-12 col-md-12 col-sm-12\">\n<p>The ALUKIN SCR 850 is the aluminum boat that combines family needs and speed characteristics with a raw-barred and functional design. The ruff in the bow provides comfortable space for overnight stays and has plenty of storage compartments, dimmer lighting and daylight.<\/p>\n<\/div>\n<\/div>\n<div id=\"block-288245\" class=\"block block-text row\" data-id=\"288245\">\n<div class=\"__content col-lg-12 col-md-12 col-sm-12\">\n<p>The cabin is also a bed between the stern cushions, which provides good space for the whole family to spend the night. Despite its spacious interior, the boat appears slim and well-proportioned and gives a sporty look. The wide deck is 30cm wide in non-slip grooved sheet metal with sturdy grab rails and a safe railing makes the boat easy to get in and around. The magazine B\u00e5tnytt gave the boat the highest rating during a test drive. Comfortable Grammer chairs, a bed set and triple windshield wipers as standard.<\/p>\n<p>&nbsp;<\/p>\n<\/div>\n<\/div>\n<div class=\"left\">\n<p class=\" translation-block\"><strong>Safe to rent a boat!<\/strong><br>\nWe know that your boat days are valuable! When you rent a boat through Nautilus, fast support is always included.<br>\nIf there is a problem with the boat during your rental, we will come out and fix it on site.<\/p>\n<p>&nbsp;<\/p>\n<\/div>\n<p>Privately owned and chartered by Nautilus<br \/>\nBokas per vecka, eller helg under l\u00e5gs\u00e4song<br \/>\nIncheckning fr\u00e5n kl 10<br \/>\nUtcheckning senast kl 18<br \/>\nAvbokning 30 dagar innan<br \/>\n\u00c5ldersgr\u00e4ns 25\u00e5r<br \/>\nL\u00e4gst F\u00f6rarintyg och god b\u00e5tvana \u00e4r krav<br \/>\nDjur: EJ till\u00e5tet<br \/>\nHarbor: Gustavsberg<\/p>\n<p>&nbsp;<\/p>\n<\/div>\n<div class=\"left\">\n<h3>Fakta om b\u00e5ten<\/h3>\n<p>Motor: Mercury Verado V8 300hk<br \/>\nMax passagerare: 8 personer<br \/>\nMaxfart: 45kn<br \/>\nMarschfart: ca30kn<br \/>\nF\u00f6rbrukning: ca 1,8l\/Nm<\/p>\n<\/div>\n<div class=\"right\">\n<h3>Equipment:<\/h3>\n<ul>\n<li>Mercury Verado V8 300hk<\/li>\n<li>Simrad NSS12, 12-tums GPS<\/li>\n<li>Simrad Halo 20+ radar<\/li>\n<li>VHF\/AIS RS40-B<\/li>\n<li>Automatiska trimplan<\/li>\n<li>Bow thruster<\/li>\n<li>Ekolod inombordsgivare<\/li>\n<li>Ankarspel (30m lina, 7,5 kg ankare, fj\u00e4rrkontroll)<\/li>\n<li>Landstr\u00f6mskit: elcentral, jordfelsbrytare, landkabel, elintag,<br \/>\ngalvanisk isolator och e-tec laddare<\/li>\n<li>Webasto dieselv\u00e4rmare 4kW<\/li>\n<li>El-Panorama-glastak<\/li>\n<li>Grammer komfortstolar<\/li>\n<li>Bogbelysning<\/li>\n<li>Bluetooth h\u00f6gtalare<\/li>\n<li>LED ramp fj\u00e4rrljus<\/li>\n<li>Arbetsbelysning<\/li>\n<li>Kyll\u00e5da 32 liter kompressor<\/li>\n<li>Pentry med vask, kran och kokplatta<\/li>\n<li>Vattentoalett, elektrisk 50L septik<\/li>\n<li>Solar cells<\/li>\n<li>Bra batteribank<\/li>\n<li>Navigational charts of Stockholm<\/li>\n<li>6 live jackets<\/li>\n<li>Fenders, boat hook, ropes and anchor<\/li>\n<\/ul>\n<\/div>\n<\/div>","protected":false},"excerpt":{"rendered":"<p>Bokas per vecka. V\u00e4lj antal veckor och sedan startdatum.<\/p>","protected":false},"featured_media":31261,"template":"","meta":[],"product_brand":[284],"product_cat":[18],"product_tag":[285,85],"class_list":{"0":"post-31260","1":"product","2":"type-product","3":"status-publish","4":"has-post-thumbnail","6":"product_brand-alukin","7":"product_cat-motorbatar","8":"product_tag-black","9":"product_tag-gustavsberg","11":"first","12":"instock","13":"virtual","14":"sold-individually","15":"purchasable","16":"product-type-booking"},"booking_location":"","booking_location_type":"","booking_duration":7,"booking_duration_unit":"day","booking_buffer":0,"booking_cost":0,"booking_resources":[31273],"exclude_global_add_ons":[],"addons":[],"yoast_head":"<!-- This site is optimized with the Yoast SEO Premium plugin v27.4 (Yoast SEO v27.5) - https:\/\/yoast.com\/product\/yoast-seo-premium-wordpress\/ -->\n<title>Hyr Alukin SCR850 | Nautilus Boat Club<\/title>\n<meta name=\"description\" content=\"Hyr Alukin SCR850 | Nautilus Boat Club\" \/>\n<meta name=\"robots\" content=\"index, follow, max-snippet:-1, max-image-preview:large, max-video-preview:-1\" \/>\n<link rel=\"canonical\" href=\"https:\/\/nautilus.se\/eng\/hyra-bat\/alukin-scr850\/\" \/>\n<meta property=\"og:locale\" content=\"en_US\" \/>\n<meta property=\"og:type\" content=\"article\" \/>\n<meta property=\"og:title\" content=\"Alukin SCR850\" \/>\n<meta property=\"og:description\" content=\"Hyr Alukin SCR850 | Nautilus Boat Club\" \/>\n<meta property=\"og:url\" content=\"https:\/\/nautilus.se\/eng\/hyra-bat\/alukin-scr850\/\" \/>\n<meta property=\"og:site_name\" content=\"Nautilus Boat Club\" \/>\n<meta property=\"article:publisher\" content=\"https:\/\/www.facebook.com\/nautilusboatclub\/\" \/>\n<meta property=\"article:modified_time\" content=\"2026-01-29T09:16:18+00:00\" \/>\n<meta property=\"og:image\" content=\"https:\/\/nautilus.se\/wp-content\/uploads\/2025\/12\/Alukin-SCR850-strand3-scaled.jpeg\" \/>\n\t<meta property=\"og:image:width\" content=\"2560\" \/>\n\t<meta property=\"og:image:height\" content=\"1920\" \/>\n\t<meta property=\"og:image:type\" content=\"image\/jpeg\" \/>\n<meta name=\"twitter:card\" content=\"summary_large_image\" \/>\n<meta name=\"twitter:label1\" content=\"Est. reading time\" \/>\n\t<meta name=\"twitter:data1\" content=\"2 minutes\" \/>\n<script type=\"application\/ld+json\" class=\"yoast-schema-graph\">{\"@context\":\"https:\\\/\\\/schema.org\",\"@graph\":[{\"@type\":\"WebPage\",\"@id\":\"https:\\\/\\\/nautilus.se\\\/hyra-bat\\\/alukin-scr850\\\/\",\"url\":\"https:\\\/\\\/nautilus.se\\\/hyra-bat\\\/alukin-scr850\\\/\",\"name\":\"Hyr Alukin SCR850 | Nautilus Boat Club\",\"isPartOf\":{\"@id\":\"https:\\\/\\\/nautilus.se\\\/#website\"},\"primaryImageOfPage\":{\"@id\":\"https:\\\/\\\/nautilus.se\\\/hyra-bat\\\/alukin-scr850\\\/#primaryimage\"},\"image\":{\"@id\":\"https:\\\/\\\/nautilus.se\\\/hyra-bat\\\/alukin-scr850\\\/#primaryimage\"},\"thumbnailUrl\":\"https:\\\/\\\/nautilus.se\\\/wp-content\\\/uploads\\\/2025\\\/12\\\/Alukin-SCR850-strand3-scaled.jpeg\",\"datePublished\":\"2025-12-10T12:06:22+00:00\",\"dateModified\":\"2026-01-29T09:16:18+00:00\",\"description\":\"Hyr Alukin SCR850 | Nautilus Boat Club\",\"breadcrumb\":{\"@id\":\"https:\\\/\\\/nautilus.se\\\/hyra-bat\\\/alukin-scr850\\\/#breadcrumb\"},\"inLanguage\":\"en-US\",\"potentialAction\":[{\"@type\":\"ReadAction\",\"target\":[\"https:\\\/\\\/nautilus.se\\\/hyra-bat\\\/alukin-scr850\\\/\"]}]},{\"@type\":\"ImageObject\",\"inLanguage\":\"en-US\",\"@id\":\"https:\\\/\\\/nautilus.se\\\/hyra-bat\\\/alukin-scr850\\\/#primaryimage\",\"url\":\"https:\\\/\\\/nautilus.se\\\/wp-content\\\/uploads\\\/2025\\\/12\\\/Alukin-SCR850-strand3-scaled.jpeg\",\"contentUrl\":\"https:\\\/\\\/nautilus.se\\\/wp-content\\\/uploads\\\/2025\\\/12\\\/Alukin-SCR850-strand3-scaled.jpeg\",\"width\":2560,\"height\":1920},{\"@type\":\"BreadcrumbList\",\"@id\":\"https:\\\/\\\/nautilus.se\\\/hyra-bat\\\/alukin-scr850\\\/#breadcrumb\",\"itemListElement\":[{\"@type\":\"ListItem\",\"position\":1,\"name\":\"Home\",\"item\":\"https:\\\/\\\/nautilus.se\\\/\"},{\"@type\":\"ListItem\",\"position\":2,\"name\":\"Hyr b\u00e5t enkelt och tryggt\",\"item\":\"https:\\\/\\\/nautilus.se\\\/hyra-bat-old\\\/\"},{\"@type\":\"ListItem\",\"position\":3,\"name\":\"Alukin SCR850\"}]},{\"@type\":\"WebSite\",\"@id\":\"https:\\\/\\\/nautilus.se\\\/#website\",\"url\":\"https:\\\/\\\/nautilus.se\\\/\",\"name\":\"Nautilus Boat Club\",\"description\":\"H\u00e4r kan du hyra b\u00e5t, dela b\u00e5t, del\u00e4ga b\u00e5t och vara med i b\u00e5tpool.\",\"publisher\":{\"@id\":\"https:\\\/\\\/nautilus.se\\\/#organization\"},\"potentialAction\":[{\"@type\":\"SearchAction\",\"target\":{\"@type\":\"EntryPoint\",\"urlTemplate\":\"https:\\\/\\\/nautilus.se\\\/?s={search_term_string}\"},\"query-input\":{\"@type\":\"PropertyValueSpecification\",\"valueRequired\":true,\"valueName\":\"search_term_string\"}}],\"inLanguage\":\"en-US\"},{\"@type\":\"Organization\",\"@id\":\"https:\\\/\\\/nautilus.se\\\/#organization\",\"name\":\"Nautilus Boat Club AB\",\"alternateName\":\"Nautilus Boat Club\",\"url\":\"https:\\\/\\\/nautilus.se\\\/\",\"logo\":{\"@type\":\"ImageObject\",\"inLanguage\":\"en-US\",\"@id\":\"https:\\\/\\\/nautilus.se\\\/#\\\/schema\\\/logo\\\/image\\\/\",\"url\":\"https:\\\/\\\/nautilus.se\\\/wp-content\\\/uploads\\\/2022\\\/10\\\/Nautilus-shell-blue-back-w-logo.png\",\"contentUrl\":\"https:\\\/\\\/nautilus.se\\\/wp-content\\\/uploads\\\/2022\\\/10\\\/Nautilus-shell-blue-back-w-logo.png\",\"width\":1755,\"height\":1130,\"caption\":\"Nautilus Boat Club AB\"},\"image\":{\"@id\":\"https:\\\/\\\/nautilus.se\\\/#\\\/schema\\\/logo\\\/image\\\/\"},\"sameAs\":[\"https:\\\/\\\/www.facebook.com\\\/nautilusboatclub\\\/\",\"https:\\\/\\\/www.instagram.com\\\/nautilusboatclub\\\/\",\"https:\\\/\\\/www.linkedin.com\\\/company\\\/4998214\\\/admin\\\/\",\"https:\\\/\\\/www.youtube.com\\\/channel\\\/UCrhrs3yv-t72B5igMm2keKQ\\\/videos?app=desktop\"]}]}<\/script>\n<!-- \/ Yoast SEO Premium plugin. -->","yoast_head_json":{"title":"Hyr Alukin SCR850 | Nautilus Boat Club","description":"Hyr Alukin SCR850 | Nautilus Boat Club","robots":{"index":"index","follow":"follow","max-snippet":"max-snippet:-1","max-image-preview":"max-image-preview:large","max-video-preview":"max-video-preview:-1"},"canonical":"https:\/\/nautilus.se\/eng\/hyra-bat\/alukin-scr850\/","og_locale":"en_US","og_type":"article","og_title":"Alukin SCR850","og_description":"Hyr Alukin SCR850 | Nautilus Boat Club","og_url":"https:\/\/nautilus.se\/eng\/hyra-bat\/alukin-scr850\/","og_site_name":"Nautilus Boat Club","article_publisher":"https:\/\/www.facebook.com\/nautilusboatclub\/","article_modified_time":"2026-01-29T09:16:18+00:00","og_image":[{"width":2560,"height":1920,"url":"https:\/\/nautilus.se\/wp-content\/uploads\/2025\/12\/Alukin-SCR850-strand3-scaled.jpeg","type":"image\/jpeg"}],"twitter_card":"summary_large_image","twitter_misc":{"Est. reading time":"2 minutes"},"schema":{"@context":"https:\/\/schema.org","@graph":[{"@type":"WebPage","@id":"https:\/\/nautilus.se\/hyra-bat\/alukin-scr850\/","url":"https:\/\/nautilus.se\/hyra-bat\/alukin-scr850\/","name":"Hyr Alukin SCR850 | Nautilus Boat Club","isPartOf":{"@id":"https:\/\/nautilus.se\/#website"},"primaryImageOfPage":{"@id":"https:\/\/nautilus.se\/hyra-bat\/alukin-scr850\/#primaryimage"},"image":{"@id":"https:\/\/nautilus.se\/hyra-bat\/alukin-scr850\/#primaryimage"},"thumbnailUrl":"https:\/\/nautilus.se\/wp-content\/uploads\/2025\/12\/Alukin-SCR850-strand3-scaled.jpeg","datePublished":"2025-12-10T12:06:22+00:00","dateModified":"2026-01-29T09:16:18+00:00","description":"Hyr Alukin SCR850 | Nautilus Boat Club","breadcrumb":{"@id":"https:\/\/nautilus.se\/hyra-bat\/alukin-scr850\/#breadcrumb"},"inLanguage":"en-US","potentialAction":[{"@type":"ReadAction","target":["https:\/\/nautilus.se\/hyra-bat\/alukin-scr850\/"]}]},{"@type":"ImageObject","inLanguage":"en-US","@id":"https:\/\/nautilus.se\/hyra-bat\/alukin-scr850\/#primaryimage","url":"https:\/\/nautilus.se\/wp-content\/uploads\/2025\/12\/Alukin-SCR850-strand3-scaled.jpeg","contentUrl":"https:\/\/nautilus.se\/wp-content\/uploads\/2025\/12\/Alukin-SCR850-strand3-scaled.jpeg","width":2560,"height":1920},{"@type":"BreadcrumbList","@id":"https:\/\/nautilus.se\/hyra-bat\/alukin-scr850\/#breadcrumb","itemListElement":[{"@type":"ListItem","position":1,"name":"Home","item":"https:\/\/nautilus.se\/"},{"@type":"ListItem","position":2,"name":"Hyr b\u00e5t enkelt och tryggt","item":"https:\/\/nautilus.se\/hyra-bat-old\/"},{"@type":"ListItem","position":3,"name":"Alukin SCR850"}]},{"@type":"WebSite","@id":"https:\/\/nautilus.se\/#website","url":"https:\/\/nautilus.se\/","name":"Nautilus Boat Club","description":"H\u00e4r kan du hyra b\u00e5t, dela b\u00e5t, del\u00e4ga b\u00e5t och vara med i b\u00e5tpool.","publisher":{"@id":"https:\/\/nautilus.se\/#organization"},"potentialAction":[{"@type":"SearchAction","target":{"@type":"EntryPoint","urlTemplate":"https:\/\/nautilus.se\/?s={search_term_string}"},"query-input":{"@type":"PropertyValueSpecification","valueRequired":true,"valueName":"search_term_string"}}],"inLanguage":"en-US"},{"@type":"Organization","@id":"https:\/\/nautilus.se\/#organization","name":"Nautilus Boat Club AB","alternateName":"Nautilus Boat Club","url":"https:\/\/nautilus.se\/","logo":{"@type":"ImageObject","inLanguage":"en-US","@id":"https:\/\/nautilus.se\/#\/schema\/logo\/image\/","url":"https:\/\/nautilus.se\/wp-content\/uploads\/2022\/10\/Nautilus-shell-blue-back-w-logo.png","contentUrl":"https:\/\/nautilus.se\/wp-content\/uploads\/2022\/10\/Nautilus-shell-blue-back-w-logo.png","width":1755,"height":1130,"caption":"Nautilus Boat Club AB"},"image":{"@id":"https:\/\/nautilus.se\/#\/schema\/logo\/image\/"},"sameAs":["https:\/\/www.facebook.com\/nautilusboatclub\/","https:\/\/www.instagram.com\/nautilusboatclub\/","https:\/\/www.linkedin.com\/company\/4998214\/admin\/","https:\/\/www.youtube.com\/channel\/UCrhrs3yv-t72B5igMm2keKQ\/videos?app=desktop"]}]}},"_links":{"self":[{"href":"https:\/\/nautilus.se\/eng\/wp-json\/wp\/v2\/product\/31260","targetHints":{"allow":["GET"]}}],"collection":[{"href":"https:\/\/nautilus.se\/eng\/wp-json\/wp\/v2\/product"}],"about":[{"href":"https:\/\/nautilus.se\/eng\/wp-json\/wp\/v2\/types\/product"}],"version-history":[{"count":5,"href":"https:\/\/nautilus.se\/eng\/wp-json\/wp\/v2\/product\/31260\/revisions"}],"predecessor-version":[{"id":31846,"href":"https:\/\/nautilus.se\/eng\/wp-json\/wp\/v2\/product\/31260\/revisions\/31846"}],"wp:featuredmedia":[{"embeddable":true,"href":"https:\/\/nautilus.se\/eng\/wp-json\/wp\/v2\/media\/31261"}],"wp:attachment":[{"href":"https:\/\/nautilus.se\/eng\/wp-json\/wp\/v2\/media?parent=31260"}],"wp:term":[{"taxonomy":"product_brand","embeddable":true,"href":"https:\/\/nautilus.se\/eng\/wp-json\/wp\/v2\/product_brand?post=31260"},{"taxonomy":"product_cat","embeddable":true,"href":"https:\/\/nautilus.se\/eng\/wp-json\/wp\/v2\/product_cat?post=31260"},{"taxonomy":"product_tag","embeddable":true,"href":"https:\/\/nautilus.se\/eng\/wp-json\/wp\/v2\/product_tag?post=31260"}],"curies":[{"name":"wp","href":"https:\/\/api.w.org\/{rel}","templated":true}]}}