{"id":31633,"date":"2026-01-15T08:54:44","date_gmt":"2026-01-15T06:54:44","guid":{"rendered":"https:\/\/nautilus.se\/?post_type=product&#038;p=31633"},"modified":"2026-01-22T17:24:39","modified_gmt":"2026-01-22T15:24:39","slug":"hyr-bastuflotte-till-event-i-stockholm","status":"publish","type":"product","link":"https:\/\/nautilus.se\/eng\/hyra-bat\/hyr-bastuflotte-till-event-i-stockholm\/","title":{"rendered":"Bastuflotte f\u00f6r event i Stockholms sk\u00e4rg\u00e5rd"},"content":{"rendered":"<div class=\"container\">\n<div class=\"left\">\n<p>Hyr bastuflotte till din fest, br\u00f6llop, f\u00f6delsedag eller till f\u00f6retagseventet. Vi k\u00f6r fram flotten till den brygga i Stockholms Sk\u00e4rg\u00e5rd som du \u00f6nskar.<br \/>\nP\u00e5 plats hos er ligger bastuflotten f\u00f6rt\u00f6jd vid bryggan, den kan inte k\u00f6ras runt, och ni disponerar den under \u00f6verenskommen tid.<\/p>\n<p>Bastun \u00e4r ljus, rymlig och specialbyggd f\u00f6r enkel njutning av just kombinationen av bastu och bad. Med stora f\u00f6nster, \u00f6ppen l\u00f6sning f\u00f6r umg\u00e4nge och en egen del utanf\u00f6r bastun med en lounchgrupp f\u00f6r svalkning och avslappning. Badd\u00e4cket i flottens mitt \u00e4r under tak och nischat vilket g\u00f6r det mycket privat och v\u00e4derskyddat.<\/p>\n<p>I priset ing\u00e5r en v\u00e4rd\/v\u00e4rdinna p\u00e5 plats f\u00f6r att s\u00e4kerst\u00e4lla driften av bastun.<\/p>\n<p>&nbsp;<\/p>\n<p>Leverans av flotten b\u00f6rjar p\u00e5 5.000kr, inom 6Nm fr\u00e5n Gustavsberg. Utanf\u00f6r det tillkommer 4000kr per 6Nm.<br \/>\nKortaste hyra \u00e4r 5 timmar, inklusive 1h f\u00f6r uppv\u00e4rmning. Transporttid ej inr\u00e4knad.<br \/>\nMinimidebitering f\u00f6r 5h \u00e4r 10.000kr. Efter detta debiteras 2000kr\/h.<br \/>\nDetta erbjuds juni till september.<br \/>\nFull betalning 14 dagar innan. Innan dess fri avbokning.<br \/>\nBastun \u00e4r elektriskt uppv\u00e4rmd och kr\u00e4ver 3-fas 16A eller 32A anslutning p\u00e5 plats.<br \/>\nMax 12 personer \u00e5t g\u00e5ngen i bastun.<\/p>\n<p>&nbsp;<\/p>\n<p>Please note!<\/p>\n<\/div>\n<div class=\"left\">\n<ul>\n<li>Sitt p\u00e5 handduk i bastun<\/li>\n<li>Sauna ash\/birch ash is NOT allowed<\/li>\n<li>Bastun h\u00e5ller 80 grader<\/li>\n<li>Kylsk\u00e5p f\u00f6r drycker finns<\/li>\n<li>Using the sauna and bathing takes place at your own risk<\/li>\n<li>Samtliga deltagare ska vara 18\u00e5r eller i m\u00e5lsmans s\u00e4llskap<\/li>\n<\/ul>\n<\/div>\n<\/div>\n<div class=\"container\">\n<div class=\"right\">\n<p>&nbsp;<\/p>\n<\/div>\n<\/div>","protected":false},"excerpt":{"rendered":"<p><strong>Boka bastuflotte till er privata fest eller event. Vi k\u00f6r ut den till er.<br \/>\nBokningsbart juni till september.<\/strong><\/p>\n<p>&nbsp;<\/p>","protected":false},"featured_media":30588,"template":"","meta":[],"product_brand":[],"product_cat":[88],"product_tag":[85],"class_list":{"0":"post-31633","1":"product","2":"type-product","3":"status-publish","4":"has-post-thumbnail","6":"product_cat-bastu","7":"product_tag-gustavsberg","9":"first","10":"instock","11":"virtual","12":"sold-individually","13":"taxable","14":"purchasable","15":"product-type-booking"},"booking_location":"","booking_location_type":"","booking_duration":1,"booking_duration_unit":"day","booking_buffer":0,"booking_cost":0,"booking_resources":[1314],"exclude_global_add_ons":[],"addons":[],"yoast_head":"<!-- This site is optimized with the Yoast SEO Premium plugin v27.4 (Yoast SEO v27.5) - https:\/\/yoast.com\/product\/yoast-seo-premium-wordpress\/ -->\n<title>Hyra Bastuflotte till event \u2013 Unik Bastuupplevelse p\u00e5 Vattnet<\/title>\n<meta name=\"description\" content=\"Upplev bastubad p\u00e5 vattnet i Gustavsberg! Boka din bastuflotte f\u00f6r v\u00e4nner, familj eller f\u00f6retag. Enkel onlinebokning \u2013 s\u00e4kra din tid idag!\" \/>\n<meta name=\"robots\" content=\"index, follow, max-snippet:-1, max-image-preview:large, max-video-preview:-1\" \/>\n<link rel=\"canonical\" href=\"https:\/\/nautilus.se\/eng\/hyra-bat\/hyr-bastuflotte-till-event-i-stockholm\/\" \/>\n<meta property=\"og:locale\" content=\"en_US\" \/>\n<meta property=\"og:type\" content=\"article\" \/>\n<meta property=\"og:title\" content=\"Bastuflotte f\u00f6r event i Stockholms sk\u00e4rg\u00e5rd\" \/>\n<meta property=\"og:description\" content=\"Upplev bastubad p\u00e5 vattnet i Gustavsberg! Boka din bastuflotte f\u00f6r v\u00e4nner, familj eller f\u00f6retag. Enkel onlinebokning \u2013 s\u00e4kra din tid idag!\" \/>\n<meta property=\"og:url\" content=\"https:\/\/nautilus.se\/eng\/hyra-bat\/hyr-bastuflotte-till-event-i-stockholm\/\" \/>\n<meta property=\"og:site_name\" content=\"Nautilus Boat Club\" \/>\n<meta property=\"article:publisher\" content=\"https:\/\/www.facebook.com\/nautilusboatclub\/\" \/>\n<meta property=\"article:modified_time\" content=\"2026-01-22T15:24:39+00:00\" \/>\n<meta property=\"og:image\" content=\"https:\/\/nautilus.se\/wp-content\/uploads\/2020\/11\/Bastu-bryggan.jpeg\" \/>\n\t<meta property=\"og:image:width\" content=\"2048\" \/>\n\t<meta property=\"og:image:height\" content=\"1153\" \/>\n\t<meta property=\"og:image:type\" content=\"image\/jpeg\" \/>\n<meta name=\"twitter:card\" content=\"summary_large_image\" \/>\n<meta name=\"twitter:label1\" content=\"Est. reading time\" \/>\n\t<meta name=\"twitter:data1\" content=\"2 minutes\" \/>\n<script type=\"application\/ld+json\" class=\"yoast-schema-graph\">{\"@context\":\"https:\\\/\\\/schema.org\",\"@graph\":[{\"@type\":\"WebPage\",\"@id\":\"https:\\\/\\\/nautilus.se\\\/hyra-bat\\\/hyr-bastuflotte-till-event-i-stockholm\\\/\",\"url\":\"https:\\\/\\\/nautilus.se\\\/hyra-bat\\\/hyr-bastuflotte-till-event-i-stockholm\\\/\",\"name\":\"Hyra Bastuflotte till event \u2013 Unik Bastuupplevelse p\u00e5 Vattnet\",\"isPartOf\":{\"@id\":\"https:\\\/\\\/nautilus.se\\\/#website\"},\"primaryImageOfPage\":{\"@id\":\"https:\\\/\\\/nautilus.se\\\/hyra-bat\\\/hyr-bastuflotte-till-event-i-stockholm\\\/#primaryimage\"},\"image\":{\"@id\":\"https:\\\/\\\/nautilus.se\\\/hyra-bat\\\/hyr-bastuflotte-till-event-i-stockholm\\\/#primaryimage\"},\"thumbnailUrl\":\"https:\\\/\\\/nautilus.se\\\/wp-content\\\/uploads\\\/2020\\\/11\\\/Bastu-bryggan.jpeg\",\"datePublished\":\"2026-01-15T06:54:44+00:00\",\"dateModified\":\"2026-01-22T15:24:39+00:00\",\"description\":\"Upplev bastubad p\u00e5 vattnet i Gustavsberg! Boka din bastuflotte f\u00f6r v\u00e4nner, familj eller f\u00f6retag. Enkel onlinebokning \u2013 s\u00e4kra din tid idag!\",\"breadcrumb\":{\"@id\":\"https:\\\/\\\/nautilus.se\\\/hyra-bat\\\/hyr-bastuflotte-till-event-i-stockholm\\\/#breadcrumb\"},\"inLanguage\":\"en-US\",\"potentialAction\":[{\"@type\":\"ReadAction\",\"target\":[\"https:\\\/\\\/nautilus.se\\\/hyra-bat\\\/hyr-bastuflotte-till-event-i-stockholm\\\/\"]}]},{\"@type\":\"ImageObject\",\"inLanguage\":\"en-US\",\"@id\":\"https:\\\/\\\/nautilus.se\\\/hyra-bat\\\/hyr-bastuflotte-till-event-i-stockholm\\\/#primaryimage\",\"url\":\"https:\\\/\\\/nautilus.se\\\/wp-content\\\/uploads\\\/2020\\\/11\\\/Bastu-bryggan.jpeg\",\"contentUrl\":\"https:\\\/\\\/nautilus.se\\\/wp-content\\\/uploads\\\/2020\\\/11\\\/Bastu-bryggan.jpeg\",\"width\":2048,\"height\":1153},{\"@type\":\"BreadcrumbList\",\"@id\":\"https:\\\/\\\/nautilus.se\\\/hyra-bat\\\/hyr-bastuflotte-till-event-i-stockholm\\\/#breadcrumb\",\"itemListElement\":[{\"@type\":\"ListItem\",\"position\":1,\"name\":\"Home\",\"item\":\"https:\\\/\\\/nautilus.se\\\/\"},{\"@type\":\"ListItem\",\"position\":2,\"name\":\"Hyr b\u00e5t enkelt och tryggt\",\"item\":\"https:\\\/\\\/nautilus.se\\\/hyra-bat-old\\\/\"},{\"@type\":\"ListItem\",\"position\":3,\"name\":\"Bastuflotte f\u00f6r event i Stockholms sk\u00e4rg\u00e5rd\"}]},{\"@type\":\"WebSite\",\"@id\":\"https:\\\/\\\/nautilus.se\\\/#website\",\"url\":\"https:\\\/\\\/nautilus.se\\\/\",\"name\":\"Nautilus Boat Club\",\"description\":\"H\u00e4r kan du hyra b\u00e5t, dela b\u00e5t, del\u00e4ga b\u00e5t och vara med i b\u00e5tpool.\",\"publisher\":{\"@id\":\"https:\\\/\\\/nautilus.se\\\/#organization\"},\"potentialAction\":[{\"@type\":\"SearchAction\",\"target\":{\"@type\":\"EntryPoint\",\"urlTemplate\":\"https:\\\/\\\/nautilus.se\\\/?s={search_term_string}\"},\"query-input\":{\"@type\":\"PropertyValueSpecification\",\"valueRequired\":true,\"valueName\":\"search_term_string\"}}],\"inLanguage\":\"en-US\"},{\"@type\":\"Organization\",\"@id\":\"https:\\\/\\\/nautilus.se\\\/#organization\",\"name\":\"Nautilus Boat Club AB\",\"alternateName\":\"Nautilus Boat Club\",\"url\":\"https:\\\/\\\/nautilus.se\\\/\",\"logo\":{\"@type\":\"ImageObject\",\"inLanguage\":\"en-US\",\"@id\":\"https:\\\/\\\/nautilus.se\\\/#\\\/schema\\\/logo\\\/image\\\/\",\"url\":\"https:\\\/\\\/nautilus.se\\\/wp-content\\\/uploads\\\/2022\\\/10\\\/Nautilus-shell-blue-back-w-logo.png\",\"contentUrl\":\"https:\\\/\\\/nautilus.se\\\/wp-content\\\/uploads\\\/2022\\\/10\\\/Nautilus-shell-blue-back-w-logo.png\",\"width\":1755,\"height\":1130,\"caption\":\"Nautilus Boat Club AB\"},\"image\":{\"@id\":\"https:\\\/\\\/nautilus.se\\\/#\\\/schema\\\/logo\\\/image\\\/\"},\"sameAs\":[\"https:\\\/\\\/www.facebook.com\\\/nautilusboatclub\\\/\",\"https:\\\/\\\/www.instagram.com\\\/nautilusboatclub\\\/\",\"https:\\\/\\\/www.linkedin.com\\\/company\\\/4998214\\\/admin\\\/\",\"https:\\\/\\\/www.youtube.com\\\/channel\\\/UCrhrs3yv-t72B5igMm2keKQ\\\/videos?app=desktop\"]}]}<\/script>\n<!-- \/ Yoast SEO Premium plugin. -->","yoast_head_json":{"title":"Hyra Bastuflotte till event \u2013 Unik Bastuupplevelse p\u00e5 Vattnet","description":"Upplev bastubad p\u00e5 vattnet i Gustavsberg! Boka din bastuflotte f\u00f6r v\u00e4nner, familj eller f\u00f6retag. Enkel onlinebokning \u2013 s\u00e4kra din tid idag!","robots":{"index":"index","follow":"follow","max-snippet":"max-snippet:-1","max-image-preview":"max-image-preview:large","max-video-preview":"max-video-preview:-1"},"canonical":"https:\/\/nautilus.se\/eng\/hyra-bat\/hyr-bastuflotte-till-event-i-stockholm\/","og_locale":"en_US","og_type":"article","og_title":"Bastuflotte f\u00f6r event i Stockholms sk\u00e4rg\u00e5rd","og_description":"Upplev bastubad p\u00e5 vattnet i Gustavsberg! Boka din bastuflotte f\u00f6r v\u00e4nner, familj eller f\u00f6retag. Enkel onlinebokning \u2013 s\u00e4kra din tid idag!","og_url":"https:\/\/nautilus.se\/eng\/hyra-bat\/hyr-bastuflotte-till-event-i-stockholm\/","og_site_name":"Nautilus Boat Club","article_publisher":"https:\/\/www.facebook.com\/nautilusboatclub\/","article_modified_time":"2026-01-22T15:24:39+00:00","og_image":[{"width":2048,"height":1153,"url":"https:\/\/nautilus.se\/wp-content\/uploads\/2020\/11\/Bastu-bryggan.jpeg","type":"image\/jpeg"}],"twitter_card":"summary_large_image","twitter_misc":{"Est. reading time":"2 minutes"},"schema":{"@context":"https:\/\/schema.org","@graph":[{"@type":"WebPage","@id":"https:\/\/nautilus.se\/hyra-bat\/hyr-bastuflotte-till-event-i-stockholm\/","url":"https:\/\/nautilus.se\/hyra-bat\/hyr-bastuflotte-till-event-i-stockholm\/","name":"Hyra Bastuflotte till event \u2013 Unik Bastuupplevelse p\u00e5 Vattnet","isPartOf":{"@id":"https:\/\/nautilus.se\/#website"},"primaryImageOfPage":{"@id":"https:\/\/nautilus.se\/hyra-bat\/hyr-bastuflotte-till-event-i-stockholm\/#primaryimage"},"image":{"@id":"https:\/\/nautilus.se\/hyra-bat\/hyr-bastuflotte-till-event-i-stockholm\/#primaryimage"},"thumbnailUrl":"https:\/\/nautilus.se\/wp-content\/uploads\/2020\/11\/Bastu-bryggan.jpeg","datePublished":"2026-01-15T06:54:44+00:00","dateModified":"2026-01-22T15:24:39+00:00","description":"Upplev bastubad p\u00e5 vattnet i Gustavsberg! Boka din bastuflotte f\u00f6r v\u00e4nner, familj eller f\u00f6retag. Enkel onlinebokning \u2013 s\u00e4kra din tid idag!","breadcrumb":{"@id":"https:\/\/nautilus.se\/hyra-bat\/hyr-bastuflotte-till-event-i-stockholm\/#breadcrumb"},"inLanguage":"en-US","potentialAction":[{"@type":"ReadAction","target":["https:\/\/nautilus.se\/hyra-bat\/hyr-bastuflotte-till-event-i-stockholm\/"]}]},{"@type":"ImageObject","inLanguage":"en-US","@id":"https:\/\/nautilus.se\/hyra-bat\/hyr-bastuflotte-till-event-i-stockholm\/#primaryimage","url":"https:\/\/nautilus.se\/wp-content\/uploads\/2020\/11\/Bastu-bryggan.jpeg","contentUrl":"https:\/\/nautilus.se\/wp-content\/uploads\/2020\/11\/Bastu-bryggan.jpeg","width":2048,"height":1153},{"@type":"BreadcrumbList","@id":"https:\/\/nautilus.se\/hyra-bat\/hyr-bastuflotte-till-event-i-stockholm\/#breadcrumb","itemListElement":[{"@type":"ListItem","position":1,"name":"Home","item":"https:\/\/nautilus.se\/"},{"@type":"ListItem","position":2,"name":"Hyr b\u00e5t enkelt och tryggt","item":"https:\/\/nautilus.se\/hyra-bat-old\/"},{"@type":"ListItem","position":3,"name":"Bastuflotte f\u00f6r event i Stockholms sk\u00e4rg\u00e5rd"}]},{"@type":"WebSite","@id":"https:\/\/nautilus.se\/#website","url":"https:\/\/nautilus.se\/","name":"Nautilus Boat Club","description":"H\u00e4r kan du hyra b\u00e5t, dela b\u00e5t, del\u00e4ga b\u00e5t och vara med i b\u00e5tpool.","publisher":{"@id":"https:\/\/nautilus.se\/#organization"},"potentialAction":[{"@type":"SearchAction","target":{"@type":"EntryPoint","urlTemplate":"https:\/\/nautilus.se\/?s={search_term_string}"},"query-input":{"@type":"PropertyValueSpecification","valueRequired":true,"valueName":"search_term_string"}}],"inLanguage":"en-US"},{"@type":"Organization","@id":"https:\/\/nautilus.se\/#organization","name":"Nautilus Boat Club AB","alternateName":"Nautilus Boat Club","url":"https:\/\/nautilus.se\/","logo":{"@type":"ImageObject","inLanguage":"en-US","@id":"https:\/\/nautilus.se\/#\/schema\/logo\/image\/","url":"https:\/\/nautilus.se\/wp-content\/uploads\/2022\/10\/Nautilus-shell-blue-back-w-logo.png","contentUrl":"https:\/\/nautilus.se\/wp-content\/uploads\/2022\/10\/Nautilus-shell-blue-back-w-logo.png","width":1755,"height":1130,"caption":"Nautilus Boat Club AB"},"image":{"@id":"https:\/\/nautilus.se\/#\/schema\/logo\/image\/"},"sameAs":["https:\/\/www.facebook.com\/nautilusboatclub\/","https:\/\/www.instagram.com\/nautilusboatclub\/","https:\/\/www.linkedin.com\/company\/4998214\/admin\/","https:\/\/www.youtube.com\/channel\/UCrhrs3yv-t72B5igMm2keKQ\/videos?app=desktop"]}]}},"_links":{"self":[{"href":"https:\/\/nautilus.se\/eng\/wp-json\/wp\/v2\/product\/31633","targetHints":{"allow":["GET"]}}],"collection":[{"href":"https:\/\/nautilus.se\/eng\/wp-json\/wp\/v2\/product"}],"about":[{"href":"https:\/\/nautilus.se\/eng\/wp-json\/wp\/v2\/types\/product"}],"version-history":[{"count":4,"href":"https:\/\/nautilus.se\/eng\/wp-json\/wp\/v2\/product\/31633\/revisions"}],"predecessor-version":[{"id":31712,"href":"https:\/\/nautilus.se\/eng\/wp-json\/wp\/v2\/product\/31633\/revisions\/31712"}],"wp:featuredmedia":[{"embeddable":true,"href":"https:\/\/nautilus.se\/eng\/wp-json\/wp\/v2\/media\/30588"}],"wp:attachment":[{"href":"https:\/\/nautilus.se\/eng\/wp-json\/wp\/v2\/media?parent=31633"}],"wp:term":[{"taxonomy":"product_brand","embeddable":true,"href":"https:\/\/nautilus.se\/eng\/wp-json\/wp\/v2\/product_brand?post=31633"},{"taxonomy":"product_cat","embeddable":true,"href":"https:\/\/nautilus.se\/eng\/wp-json\/wp\/v2\/product_cat?post=31633"},{"taxonomy":"product_tag","embeddable":true,"href":"https:\/\/nautilus.se\/eng\/wp-json\/wp\/v2\/product_tag?post=31633"}],"curies":[{"name":"wp","href":"https:\/\/api.w.org\/{rel}","templated":true}]}}