{"id":31800,"date":"2026-01-27T17:16:18","date_gmt":"2026-01-27T15:16:18","guid":{"rendered":"https:\/\/nautilus.se\/?post_type=product&#038;p=31800"},"modified":"2026-04-01T16:06:25","modified_gmt":"2026-04-01T14:06:25","slug":"bavaria-32","status":"publish","type":"product","link":"https:\/\/nautilus.se\/eng\/hyra-bat\/bavaria-32\/","title":{"rendered":"Bavaria 32 &#8221;Stj\u00e4rna&#8221;"},"content":{"rendered":"<div class=\"container\">\n<div class=\"left\">\n<p>The Bavaria 32 offers an unusually spacious interior for a boat in this size class. With two generous cabins, a large salon table and plenty of storage space, you get maximum comfort for both family holidays!<\/p>\n<p>Outside there is a large cockpit with a fixed table. In bad weather you can easily set up the cockpit tent for complete protection. With a furling mainsail, furling genoa and all the rigging for the cockpit, the boat is easy to handle even on your own. Perfect for both beginners and the more experienced sailor.<\/p>\n<p>&nbsp;<\/p>\n<\/div>\n<div class=\"left\">\n<p class=\" translation-block\"><strong>Safe to rent a boat!<\/strong><br>\nWe know that your boat days are valuable! When you rent a boat through Nautilus, fast support is always included.<br>\nIf there is a problem with the boat during your rental, we will come out and fix it on site.<\/p>\n<p>&nbsp;<\/p>\n<\/div>\n<p class=\" translation-block\">Denna b\u00e5ts uthyrningen f\u00f6rmedlas av Nautilus.<br>\r\nHandpeng\/ins\u00e4ttning 30% vid bokning. \u00c5terstod 30 dagar f\u00f6re in-checkning.<br>\r\nF\u00f6rarintyg och erfarenhet \u00e4r krav.<br>\r\nIncheckning fr\u00e5n kl<br>\r\nUtcheckning kl<br>\r\nR\u00f6kning ej till\u00e5tet<br>\r\nParkering finns mot mindre kostnad<br>\r\nBokningsbar: veckovis mellan v2-32. \u00d6vrig s\u00e4song \u00e4ven weekends<br>\r\nAvbokning: 30 dagar innan<br>\r\n\u00c5ldersgr\u00e4ns: 25 \u00e5r<br>\r\nDeposition\/sj\u00e4lvrisk: 12.000kr<br>\r\nHamn: Bulland\u00f6 Marina, V\u00e4rmd\u00f6<\/p>\n<div class=\"left\">\n<p>&nbsp;<\/p>\n<\/div>\n<div class=\"left\">\n<p><span style=\"color: #222222;\">Equipment:<\/span><\/p>\n<\/div>\n<div class=\"right\">\n<ul>\n<li>Furling jib<\/li>\n<li>Furling main<\/li>\n<li>Spray hood<\/li>\n<li>Cockpit tent<\/li>\n<li>Water heater 22 liters<\/li>\n<li>Foldingpropeller<\/li>\n<li>Batteriladdare Quick SBC 45 Ah<\/li>\n<li>F\u00f6rbrukningsbatterier Nordmax AGM12V 140Ah x2 &#8211; 2022<\/li>\n<li>Peke + ankare i f\u00f6ren (ej spel)<\/li>\n<li>Rostfritt ankare + ankarolina i aktern<\/li>\n<li>Plotter Garmin 720<\/li>\n<li>AIS Garmin 800<\/li>\n<li>VHF Cobra<\/li>\n<li>Vindinstrument\/Tridata Raymarin ST70<\/li>\n<li>Batterim\u00e4tare Clipper BM-1<\/li>\n<li>Landstr\u00f6msanslutning<\/li>\n<li>12V och 220V uttag(med landstr\u00f6m)<\/li>\n<li>Bruce anchor in the stern<\/li>\n<li>Webasto heater in the cabin<\/li>\n<li>Gasolspis med ugn, inkl 2 \ufb02askor<\/li>\n<li>Gasvarnare iSens 2024<\/li>\n<li>Kylbox Waeco<\/li>\n<li>Fotogenlampa Stelton<\/li>\n<li>Brandvarnare<\/li>\n<li>Stereo med h\u00f6gtalare i salongen<\/li>\n<li>Klocka &amp; Barometer<\/li>\n<li>Elektrisk toalett SPX Flow med 60 l septitank<\/li>\n<li>Dusch p\u00e5 badplattformen<\/li>\n<li>4 fasta kojplatser med b\u00e4ddmadrasser<\/li>\n<li>Yachting chart of Stockholm's archipelago<\/li>\n<li>Life jackets<\/li>\n<li>Fenders, boat hook, lines, anchor and rock wedges<\/li>\n<li>Kitchen-ware<\/li>\n<li>Blankets and pillows for 4 people<\/li>\n<\/ul>\n<\/div>\n<\/div>","protected":false},"excerpt":{"rendered":"<p class=\" translation-block\">Bookable weekly. Changeover day Saturdays.<br>\nSelect start and end dates for current price.<\/p>","protected":false},"featured_media":31931,"template":"","meta":[],"product_brand":[298],"product_cat":[19,293],"product_tag":[90],"class_list":{"0":"post-31800","1":"product","2":"type-product","3":"status-publish","4":"has-post-thumbnail","6":"product_brand-bavaria","7":"product_cat-segelbatar","8":"product_cat-veckohyra","9":"product_tag-bullando","11":"first","12":"instock","13":"virtual","14":"sold-individually","15":"taxable","16":"purchasable","17":"product-type-accommodation-booking"},"booking_location":"","booking_location_type":"","booking_duration":1,"booking_duration_unit":"night","booking_buffer":0,"booking_cost":0,"booking_resources":[],"exclude_global_add_ons":false,"addons":[{"name":"Final cleaning","type":"checkbox","position":0,"required":false,"title_format":"heading","default":"","description_enable":false,"description":"","placeholder_enable":false,"placeholder":"","display":"select","restrictions_type":"any_text","adjust_price":false,"price":"","price_type":"flat_fee","restrictions":false,"min":"0","max":"0","options":[{"label":"Pris","price":"1500","price_type":"quantity_based","image":0,"visibility":true}],"id":1773501177},{"name":"Rubber dinghy","type":"checkbox","position":1,"required":false,"title_format":"heading","default":"","description_enable":false,"description":"","placeholder_enable":false,"placeholder":"","display":"select","restrictions_type":"any_text","adjust_price":false,"price":"","price_type":"flat_fee","restrictions":false,"min":"0","max":"0","options":[{"label":"Per tillf\u00e4lle","price":"600","price_type":"quantity_based","image":0,"visibility":true}],"id":1773501178},{"name":"Engine to the dinghy","type":"checkbox","position":2,"required":false,"title_format":"heading","default":"","description_enable":false,"description":"","placeholder_enable":false,"placeholder":"","display":"select","restrictions_type":"any_text","adjust_price":false,"price":"","price_type":"flat_fee","restrictions":false,"min":"0","max":"0","options":[{"label":"Per tillf\u00e4lle","price":"500","price_type":"quantity_based","image":0,"visibility":true}],"id":1773501179},{"name":"SUP board, inflatable","type":"checkbox","position":3,"required":false,"title_format":"heading","default":"","description_enable":false,"description":"","placeholder_enable":false,"placeholder":"","display":"select","restrictions_type":"any_text","adjust_price":false,"price":"","price_type":"flat_fee","restrictions":false,"min":"0","max":"0","options":[{"label":"Per tillf\u00e4lle","price":"450","price_type":"quantity_based","image":0,"visibility":true}],"id":1773501180},{"name":"4G Wi-Fi, unlimited","type":"checkbox","position":4,"required":false,"title_format":"heading","default":"","description_enable":false,"description":"","placeholder_enable":false,"placeholder":"","display":"select","restrictions_type":"any_text","adjust_price":false,"price":"","price_type":"flat_fee","restrictions":false,"min":"0","max":"0","options":[{"label":"Per tillf\u00e4lle","price":"450","price_type":"quantity_based","image":0,"visibility":true}],"id":1773501181},{"name":"Linnens","type":"input_multiplier","position":5,"required":false,"title_format":"heading","default":"","description_enable":false,"description":"Lakanset &amp; badhandduk","placeholder_enable":false,"placeholder":"","display":"select","restrictions_type":"any_text","adjust_price":true,"price":"250","price_type":"quantity_based","restrictions":true,"min":"0","max":"8","options":[],"id":1773501182},{"name":"Nautic ability","type":"custom_text","position":6,"required":true,"title_format":"heading","default":"","description_enable":false,"description":"","placeholder_enable":false,"placeholder":"","display":"select","restrictions_type":"any_text","adjust_price":false,"price":"","price_type":"flat_fee","restrictions":false,"min":"0","max":"0","options":[],"id":1773501183}],"yoast_head":"<!-- This site is optimized with the Yoast SEO Premium plugin v27.4 (Yoast SEO v27.5) - https:\/\/yoast.com\/product\/yoast-seo-premium-wordpress\/ -->\n<title>Hyr segelb\u00e5t Bavaria 32 Cruiser | Nautilus Boat Club<\/title>\n<meta name=\"description\" content=\"Hyr Bavaria 32 Cruiser p\u00e5 Bulland\u00f6! F\u00f6r en bekv\u00e4m och upplevelserik semestervecka. Nautilus Boat Club erbjuder ett m\u00e5ngsidigt och modern b\u00e5tliv.\" \/>\n<meta name=\"robots\" content=\"index, follow, max-snippet:-1, max-image-preview:large, max-video-preview:-1\" \/>\n<link rel=\"canonical\" href=\"https:\/\/nautilus.se\/eng\/hyra-bat\/bavaria-32\/\" \/>\n<meta property=\"og:locale\" content=\"en_US\" \/>\n<meta property=\"og:type\" content=\"article\" \/>\n<meta property=\"og:title\" content=\"Bavaria 32 &quot;Stj\u00e4rna&quot;\" \/>\n<meta property=\"og:description\" content=\"Hyr Bavaria 32 Cruiser p\u00e5 Bulland\u00f6! F\u00f6r en bekv\u00e4m och upplevelserik semestervecka. Nautilus Boat Club erbjuder ett m\u00e5ngsidigt och modern b\u00e5tliv.\" \/>\n<meta property=\"og:url\" content=\"https:\/\/nautilus.se\/eng\/hyra-bat\/bavaria-32\/\" \/>\n<meta property=\"og:site_name\" content=\"Nautilus Boat Club\" \/>\n<meta property=\"article:publisher\" content=\"https:\/\/www.facebook.com\/nautilusboatclub\/\" \/>\n<meta property=\"article:modified_time\" content=\"2026-04-01T14:06:25+00:00\" \/>\n<meta property=\"og:image\" content=\"https:\/\/nautilus.se\/wp-content\/uploads\/2026\/01\/Bavaria-32-Cruiser-Bullando2.jpg\" \/>\n\t<meta property=\"og:image:width\" content=\"2048\" \/>\n\t<meta property=\"og:image:height\" content=\"1365\" \/>\n\t<meta property=\"og:image:type\" content=\"image\/jpeg\" \/>\n<meta name=\"twitter:card\" content=\"summary_large_image\" \/>\n<meta name=\"twitter:label1\" content=\"Est. reading time\" \/>\n\t<meta name=\"twitter:data1\" content=\"2 minutes\" \/>\n<script type=\"application\/ld+json\" class=\"yoast-schema-graph\">{\"@context\":\"https:\\\/\\\/schema.org\",\"@graph\":[{\"@type\":\"WebPage\",\"@id\":\"https:\\\/\\\/nautilus.se\\\/hyra-bat\\\/bavaria-32\\\/\",\"url\":\"https:\\\/\\\/nautilus.se\\\/hyra-bat\\\/bavaria-32\\\/\",\"name\":\"Hyr segelb\u00e5t Bavaria 32 Cruiser | Nautilus Boat Club\",\"isPartOf\":{\"@id\":\"https:\\\/\\\/nautilus.se\\\/#website\"},\"primaryImageOfPage\":{\"@id\":\"https:\\\/\\\/nautilus.se\\\/hyra-bat\\\/bavaria-32\\\/#primaryimage\"},\"image\":{\"@id\":\"https:\\\/\\\/nautilus.se\\\/hyra-bat\\\/bavaria-32\\\/#primaryimage\"},\"thumbnailUrl\":\"https:\\\/\\\/nautilus.se\\\/wp-content\\\/uploads\\\/2026\\\/01\\\/Bavaria-32-Cruiser-Bullando2.jpg\",\"datePublished\":\"2026-01-27T15:16:18+00:00\",\"dateModified\":\"2026-04-01T14:06:25+00:00\",\"description\":\"Hyr Bavaria 32 Cruiser p\u00e5 Bulland\u00f6! F\u00f6r en bekv\u00e4m och upplevelserik semestervecka. Nautilus Boat Club erbjuder ett m\u00e5ngsidigt och modern b\u00e5tliv.\",\"breadcrumb\":{\"@id\":\"https:\\\/\\\/nautilus.se\\\/hyra-bat\\\/bavaria-32\\\/#breadcrumb\"},\"inLanguage\":\"en-US\",\"potentialAction\":[{\"@type\":\"ReadAction\",\"target\":[\"https:\\\/\\\/nautilus.se\\\/hyra-bat\\\/bavaria-32\\\/\"]}]},{\"@type\":\"ImageObject\",\"inLanguage\":\"en-US\",\"@id\":\"https:\\\/\\\/nautilus.se\\\/hyra-bat\\\/bavaria-32\\\/#primaryimage\",\"url\":\"https:\\\/\\\/nautilus.se\\\/wp-content\\\/uploads\\\/2026\\\/01\\\/Bavaria-32-Cruiser-Bullando2.jpg\",\"contentUrl\":\"https:\\\/\\\/nautilus.se\\\/wp-content\\\/uploads\\\/2026\\\/01\\\/Bavaria-32-Cruiser-Bullando2.jpg\",\"width\":2048,\"height\":1365,\"caption\":\"Hyr Bavaria 32 Cruiser Bulland\u00f6\"},{\"@type\":\"BreadcrumbList\",\"@id\":\"https:\\\/\\\/nautilus.se\\\/hyra-bat\\\/bavaria-32\\\/#breadcrumb\",\"itemListElement\":[{\"@type\":\"ListItem\",\"position\":1,\"name\":\"Home\",\"item\":\"https:\\\/\\\/nautilus.se\\\/\"},{\"@type\":\"ListItem\",\"position\":2,\"name\":\"Hyr b\u00e5t enkelt och tryggt\",\"item\":\"https:\\\/\\\/nautilus.se\\\/hyra-bat-old\\\/\"},{\"@type\":\"ListItem\",\"position\":3,\"name\":\"Bavaria 32 &#8220;Stj\u00e4rna&#8221;\"}]},{\"@type\":\"WebSite\",\"@id\":\"https:\\\/\\\/nautilus.se\\\/#website\",\"url\":\"https:\\\/\\\/nautilus.se\\\/\",\"name\":\"Nautilus Boat Club\",\"description\":\"H\u00e4r kan du hyra b\u00e5t, dela b\u00e5t, del\u00e4ga b\u00e5t och vara med i b\u00e5tpool.\",\"publisher\":{\"@id\":\"https:\\\/\\\/nautilus.se\\\/#organization\"},\"potentialAction\":[{\"@type\":\"SearchAction\",\"target\":{\"@type\":\"EntryPoint\",\"urlTemplate\":\"https:\\\/\\\/nautilus.se\\\/?s={search_term_string}\"},\"query-input\":{\"@type\":\"PropertyValueSpecification\",\"valueRequired\":true,\"valueName\":\"search_term_string\"}}],\"inLanguage\":\"en-US\"},{\"@type\":\"Organization\",\"@id\":\"https:\\\/\\\/nautilus.se\\\/#organization\",\"name\":\"Nautilus Boat Club AB\",\"alternateName\":\"Nautilus Boat Club\",\"url\":\"https:\\\/\\\/nautilus.se\\\/\",\"logo\":{\"@type\":\"ImageObject\",\"inLanguage\":\"en-US\",\"@id\":\"https:\\\/\\\/nautilus.se\\\/#\\\/schema\\\/logo\\\/image\\\/\",\"url\":\"https:\\\/\\\/nautilus.se\\\/wp-content\\\/uploads\\\/2022\\\/10\\\/Nautilus-shell-blue-back-w-logo.png\",\"contentUrl\":\"https:\\\/\\\/nautilus.se\\\/wp-content\\\/uploads\\\/2022\\\/10\\\/Nautilus-shell-blue-back-w-logo.png\",\"width\":1755,\"height\":1130,\"caption\":\"Nautilus Boat Club AB\"},\"image\":{\"@id\":\"https:\\\/\\\/nautilus.se\\\/#\\\/schema\\\/logo\\\/image\\\/\"},\"sameAs\":[\"https:\\\/\\\/www.facebook.com\\\/nautilusboatclub\\\/\",\"https:\\\/\\\/www.instagram.com\\\/nautilusboatclub\\\/\",\"https:\\\/\\\/www.linkedin.com\\\/company\\\/4998214\\\/admin\\\/\",\"https:\\\/\\\/www.youtube.com\\\/channel\\\/UCrhrs3yv-t72B5igMm2keKQ\\\/videos?app=desktop\"]}]}<\/script>\n<!-- \/ Yoast SEO Premium plugin. -->","yoast_head_json":{"title":"Hyr segelb\u00e5t Bavaria 32 Cruiser | Nautilus Boat Club","description":"Hyr Bavaria 32 Cruiser p\u00e5 Bulland\u00f6! F\u00f6r en bekv\u00e4m och upplevelserik semestervecka. Nautilus Boat Club erbjuder ett m\u00e5ngsidigt och modern b\u00e5tliv.","robots":{"index":"index","follow":"follow","max-snippet":"max-snippet:-1","max-image-preview":"max-image-preview:large","max-video-preview":"max-video-preview:-1"},"canonical":"https:\/\/nautilus.se\/eng\/hyra-bat\/bavaria-32\/","og_locale":"en_US","og_type":"article","og_title":"Bavaria 32 \"Stj\u00e4rna\"","og_description":"Hyr Bavaria 32 Cruiser p\u00e5 Bulland\u00f6! F\u00f6r en bekv\u00e4m och upplevelserik semestervecka. Nautilus Boat Club erbjuder ett m\u00e5ngsidigt och modern b\u00e5tliv.","og_url":"https:\/\/nautilus.se\/eng\/hyra-bat\/bavaria-32\/","og_site_name":"Nautilus Boat Club","article_publisher":"https:\/\/www.facebook.com\/nautilusboatclub\/","article_modified_time":"2026-04-01T14:06:25+00:00","og_image":[{"width":2048,"height":1365,"url":"https:\/\/nautilus.se\/wp-content\/uploads\/2026\/01\/Bavaria-32-Cruiser-Bullando2.jpg","type":"image\/jpeg"}],"twitter_card":"summary_large_image","twitter_misc":{"Est. reading time":"2 minutes"},"schema":{"@context":"https:\/\/schema.org","@graph":[{"@type":"WebPage","@id":"https:\/\/nautilus.se\/hyra-bat\/bavaria-32\/","url":"https:\/\/nautilus.se\/hyra-bat\/bavaria-32\/","name":"Hyr segelb\u00e5t Bavaria 32 Cruiser | Nautilus Boat Club","isPartOf":{"@id":"https:\/\/nautilus.se\/#website"},"primaryImageOfPage":{"@id":"https:\/\/nautilus.se\/hyra-bat\/bavaria-32\/#primaryimage"},"image":{"@id":"https:\/\/nautilus.se\/hyra-bat\/bavaria-32\/#primaryimage"},"thumbnailUrl":"https:\/\/nautilus.se\/wp-content\/uploads\/2026\/01\/Bavaria-32-Cruiser-Bullando2.jpg","datePublished":"2026-01-27T15:16:18+00:00","dateModified":"2026-04-01T14:06:25+00:00","description":"Hyr Bavaria 32 Cruiser p\u00e5 Bulland\u00f6! F\u00f6r en bekv\u00e4m och upplevelserik semestervecka. Nautilus Boat Club erbjuder ett m\u00e5ngsidigt och modern b\u00e5tliv.","breadcrumb":{"@id":"https:\/\/nautilus.se\/hyra-bat\/bavaria-32\/#breadcrumb"},"inLanguage":"en-US","potentialAction":[{"@type":"ReadAction","target":["https:\/\/nautilus.se\/hyra-bat\/bavaria-32\/"]}]},{"@type":"ImageObject","inLanguage":"en-US","@id":"https:\/\/nautilus.se\/hyra-bat\/bavaria-32\/#primaryimage","url":"https:\/\/nautilus.se\/wp-content\/uploads\/2026\/01\/Bavaria-32-Cruiser-Bullando2.jpg","contentUrl":"https:\/\/nautilus.se\/wp-content\/uploads\/2026\/01\/Bavaria-32-Cruiser-Bullando2.jpg","width":2048,"height":1365,"caption":"Hyr Bavaria 32 Cruiser Bulland\u00f6"},{"@type":"BreadcrumbList","@id":"https:\/\/nautilus.se\/hyra-bat\/bavaria-32\/#breadcrumb","itemListElement":[{"@type":"ListItem","position":1,"name":"Home","item":"https:\/\/nautilus.se\/"},{"@type":"ListItem","position":2,"name":"Hyr b\u00e5t enkelt och tryggt","item":"https:\/\/nautilus.se\/hyra-bat-old\/"},{"@type":"ListItem","position":3,"name":"Bavaria 32 &#8220;Stj\u00e4rna&#8221;"}]},{"@type":"WebSite","@id":"https:\/\/nautilus.se\/#website","url":"https:\/\/nautilus.se\/","name":"Nautilus Boat Club","description":"H\u00e4r kan du hyra b\u00e5t, dela b\u00e5t, del\u00e4ga b\u00e5t och vara med i b\u00e5tpool.","publisher":{"@id":"https:\/\/nautilus.se\/#organization"},"potentialAction":[{"@type":"SearchAction","target":{"@type":"EntryPoint","urlTemplate":"https:\/\/nautilus.se\/?s={search_term_string}"},"query-input":{"@type":"PropertyValueSpecification","valueRequired":true,"valueName":"search_term_string"}}],"inLanguage":"en-US"},{"@type":"Organization","@id":"https:\/\/nautilus.se\/#organization","name":"Nautilus Boat Club AB","alternateName":"Nautilus Boat Club","url":"https:\/\/nautilus.se\/","logo":{"@type":"ImageObject","inLanguage":"en-US","@id":"https:\/\/nautilus.se\/#\/schema\/logo\/image\/","url":"https:\/\/nautilus.se\/wp-content\/uploads\/2022\/10\/Nautilus-shell-blue-back-w-logo.png","contentUrl":"https:\/\/nautilus.se\/wp-content\/uploads\/2022\/10\/Nautilus-shell-blue-back-w-logo.png","width":1755,"height":1130,"caption":"Nautilus Boat Club AB"},"image":{"@id":"https:\/\/nautilus.se\/#\/schema\/logo\/image\/"},"sameAs":["https:\/\/www.facebook.com\/nautilusboatclub\/","https:\/\/www.instagram.com\/nautilusboatclub\/","https:\/\/www.linkedin.com\/company\/4998214\/admin\/","https:\/\/www.youtube.com\/channel\/UCrhrs3yv-t72B5igMm2keKQ\/videos?app=desktop"]}]}},"_links":{"self":[{"href":"https:\/\/nautilus.se\/eng\/wp-json\/wp\/v2\/product\/31800","targetHints":{"allow":["GET"]}}],"collection":[{"href":"https:\/\/nautilus.se\/eng\/wp-json\/wp\/v2\/product"}],"about":[{"href":"https:\/\/nautilus.se\/eng\/wp-json\/wp\/v2\/types\/product"}],"version-history":[{"count":7,"href":"https:\/\/nautilus.se\/eng\/wp-json\/wp\/v2\/product\/31800\/revisions"}],"predecessor-version":[{"id":32845,"href":"https:\/\/nautilus.se\/eng\/wp-json\/wp\/v2\/product\/31800\/revisions\/32845"}],"wp:featuredmedia":[{"embeddable":true,"href":"https:\/\/nautilus.se\/eng\/wp-json\/wp\/v2\/media\/31931"}],"wp:attachment":[{"href":"https:\/\/nautilus.se\/eng\/wp-json\/wp\/v2\/media?parent=31800"}],"wp:term":[{"taxonomy":"product_brand","embeddable":true,"href":"https:\/\/nautilus.se\/eng\/wp-json\/wp\/v2\/product_brand?post=31800"},{"taxonomy":"product_cat","embeddable":true,"href":"https:\/\/nautilus.se\/eng\/wp-json\/wp\/v2\/product_cat?post=31800"},{"taxonomy":"product_tag","embeddable":true,"href":"https:\/\/nautilus.se\/eng\/wp-json\/wp\/v2\/product_tag?post=31800"}],"curies":[{"name":"wp","href":"https:\/\/api.w.org\/{rel}","templated":true}]}}