{"id":31955,"date":"2026-02-04T16:05:45","date_gmt":"2026-02-04T14:05:45","guid":{"rendered":"https:\/\/nautilus.se\/?post_type=product&#038;p=31955"},"modified":"2026-03-06T12:21:21","modified_gmt":"2026-03-06T10:21:21","slug":"aquador-26-ht","status":"publish","type":"product","link":"https:\/\/nautilus.se\/eng\/hyra-bat\/aquador-26-ht\/","title":{"rendered":"Aquador 26 HT"},"content":{"rendered":"<div class=\"container\">\n<div class=\"left\">\n<p class=\" translation-block\">Rent the sought-after Aquador 26 HT! With an optimal layout and generous spaces where many can socialize and enjoy themselves. The hardtop makes the boat ideal for Scandinavian weather and enables a longer boating season! Many can sit protected in the large U-shaped aft sofa, or this can easily be converted into a double berth or a lovely sunbed. There is room for 6 people around the dining table who can enjoy meals prepared in the kitchenette right next door. Ceramic hob, large refrigerator and practical storage areas. The 260hp diesel engine together with the duoprop drive, electric throttle, bow thruster and remote-controlled anchor windlass make driving, manoeuvring and docking safe, smooth and easy. The boat is also equipped with a large battery pack and solar cells that allow it to be moored in a natural harbor without problems.<br>\nThe Penta D4 diesel provides a comfortable and economical cruising speed of around 25 knots and a top speed of 34 if there is a hurry.<\/p>\n<p>&nbsp;<\/p>\n<div class=\"left\">\n<p class=\" translation-block\"><strong>Safe to rent a boat!<\/strong><br>\nWe know that your boat days are valuable! When you rent a boat through Nautilus, fast support is always included.<br>\nIf there is a problem with the boat during your rental, we will come out and fix it on site.<\/p>\n<p>&nbsp;<\/p>\n<\/div>\n<p class=\" translation-block\">This boat is privately owned and the rental is arranged by Nautilus.<br>\nDown payment\/deposit 30% upon booking. Remainder 30 days before check-in.<br>\nDriver's certificate and experience are required.<br>\nCheck-in from 3:00 PM<br>\nCheck-out at 11:00 AM<br>\nPets and smoking not allowed<br>\nFree parking available<br>\nBookable: weekly period v25-32 and also weekends other period<br>\nCancellation: 30 days before<br>\nAge limit: 26 years<br>\nDeposit\/excess: 12,000 SEK<br>\nPort: Bulland\u00f6 marina, V\u00e4rmd\u00f6<\/p>\n<\/div>\n<p>&nbsp;<\/p>\n<p>&nbsp;<\/p>\n<div class=\"right\">\n<h3>Utrustad med<\/h3>\n<ul>\n<li>Wallas spish\u00e4ll med tv\u00e5 plattor (diesel)<\/li>\n<li>Kyl med frysfack<\/li>\n<li>Defroster<\/li>\n<li>Mente Marin trimplansautomatik (sj\u00e4lvjusterande g\u00e5ng)<\/li>\n<li>Bogpropeller (\u00e4ven p\u00e5 fj\u00e4rrkontroll)<\/li>\n<li>Garmin GPS-plotter med ekolod<\/li>\n<li>Nytt kapell 2025<\/li>\n<li>Ny exklusiv teakdurk inv\u00e4ndigt (2025)<\/li>\n<li>Landstr\u00f6msanslutning<\/li>\n<li>USB- och 220-uttag(med landstr\u00f6m)<\/li>\n<li>Solceller: 2 \u00d7 60 W med MPPT-regulator (C-tek)<\/li>\n<li>220 Ah AGM f\u00f6rbrukningsbatterier<\/li>\n<li>Batterimonitor<\/li>\n<li>Wifi ombord<\/li>\n<li>V\u00e4rmare Wallas diesel<\/li>\n<li>Ankarspel med fj\u00e4rrkontroll i aktern<\/li>\n<li>Peke med ankarspel i f\u00f6ren<\/li>\n<li>Varmvattenberedare, via motor och landstr\u00f6m<\/li>\n<li>Shower on the bathing jetty<\/li>\n<li>Formsydd komfortmadrass i f\u00f6ren<\/li>\n<li>Elektrisk WC med septitank<\/li>\n<li>Garmin Plotter med nyk\u00f6pt sj\u00f6kort f\u00f6r bl. a Stockholms sk\u00e4rg\u00e5rd och M\u00e4laren<\/li>\n<li>Fj\u00e4rrstyrd str\u00e5lkastare<\/li>\n<li>4 set kuddar och t\u00e4cken<\/li>\n<li>B\u00e5tsportkort f\u00f6r Stockholms sk\u00e4rg\u00e5rd<\/li>\n<li>Kitchen-ware<\/li>\n<li>Tampar, bergskilar,<\/li>\n<\/ul>\n<p>&nbsp;<\/p>\n<\/div>\n<\/div>","protected":false},"excerpt":{"rendered":"<p>Booked weekly. Changeover day Sundays.<\/p>","protected":false},"featured_media":31957,"template":"","meta":[],"product_brand":[300],"product_cat":[18,293],"product_tag":[90],"class_list":{"0":"post-31955","1":"product","2":"type-product","3":"status-publish","4":"has-post-thumbnail","6":"product_brand-aquador","7":"product_cat-motorbatar","8":"product_cat-veckohyra","9":"product_tag-bullando","11":"first","12":"instock","13":"virtual","14":"sold-individually","15":"purchasable","16":"product-type-accommodation-booking"},"booking_location":"","booking_location_type":"","booking_duration":1,"booking_duration_unit":"night","booking_buffer":0,"booking_cost":0,"booking_resources":[31956],"exclude_global_add_ons":false,"addons":[{"name":"Final cleaning","type":"checkbox","position":0,"required":false,"title_format":"heading","default":"","description_enable":false,"description":"","placeholder_enable":false,"placeholder":"","display":"select","restrictions_type":"any_text","adjust_price":false,"price":"","price_type":"flat_fee","restrictions":false,"min":"0","max":"0","options":[{"label":"Pris","price":"1500","price_type":"quantity_based","image":0,"visibility":true}],"id":1773501177},{"name":"Rubber dinghy","type":"checkbox","position":1,"required":false,"title_format":"heading","default":"","description_enable":false,"description":"","placeholder_enable":false,"placeholder":"","display":"select","restrictions_type":"any_text","adjust_price":false,"price":"","price_type":"flat_fee","restrictions":false,"min":"0","max":"0","options":[{"label":"Per tillf\u00e4lle","price":"600","price_type":"quantity_based","image":0,"visibility":true}],"id":1773501178},{"name":"Engine to the dinghy","type":"checkbox","position":2,"required":false,"title_format":"heading","default":"","description_enable":false,"description":"","placeholder_enable":false,"placeholder":"","display":"select","restrictions_type":"any_text","adjust_price":false,"price":"","price_type":"flat_fee","restrictions":false,"min":"0","max":"0","options":[{"label":"Per tillf\u00e4lle","price":"500","price_type":"quantity_based","image":0,"visibility":true}],"id":1773501179},{"name":"SUP board, inflatable","type":"checkbox","position":3,"required":false,"title_format":"heading","default":"","description_enable":false,"description":"","placeholder_enable":false,"placeholder":"","display":"select","restrictions_type":"any_text","adjust_price":false,"price":"","price_type":"flat_fee","restrictions":false,"min":"0","max":"0","options":[{"label":"Per tillf\u00e4lle","price":"450","price_type":"quantity_based","image":0,"visibility":true}],"id":1773501180},{"name":"4G Wi-Fi, unlimited","type":"checkbox","position":4,"required":false,"title_format":"heading","default":"","description_enable":false,"description":"","placeholder_enable":false,"placeholder":"","display":"select","restrictions_type":"any_text","adjust_price":false,"price":"","price_type":"flat_fee","restrictions":false,"min":"0","max":"0","options":[{"label":"Per tillf\u00e4lle","price":"450","price_type":"quantity_based","image":0,"visibility":true}],"id":1773501181},{"name":"Linnens","type":"input_multiplier","position":5,"required":false,"title_format":"heading","default":"","description_enable":false,"description":"Lakanset &amp; badhandduk","placeholder_enable":false,"placeholder":"","display":"select","restrictions_type":"any_text","adjust_price":true,"price":"250","price_type":"quantity_based","restrictions":true,"min":"0","max":"8","options":[],"id":1773501182},{"name":"Nautic ability","type":"custom_text","position":6,"required":true,"title_format":"heading","default":"","description_enable":false,"description":"","placeholder_enable":false,"placeholder":"","display":"select","restrictions_type":"any_text","adjust_price":false,"price":"","price_type":"flat_fee","restrictions":false,"min":"0","max":"0","options":[],"id":1773501183}],"yoast_head":"<!-- This site is optimized with the Yoast SEO Premium plugin v27.4 (Yoast SEO v27.5) - https:\/\/yoast.com\/product\/yoast-seo-premium-wordpress\/ -->\n<title>Hyr Aquador 26 HT i Stockholm - Nautilus Boat Club<\/title>\n<meta name=\"description\" content=\"Hyr Aquador 26 HT i Stockholm - Nautilus Boat Club. Hyr eller dela b\u00e5t f\u00f6r ett enkelt och m\u00e5ngsidigt b\u00e5tliv.\" \/>\n<meta name=\"robots\" content=\"index, follow, max-snippet:-1, max-image-preview:large, max-video-preview:-1\" \/>\n<link rel=\"canonical\" href=\"https:\/\/nautilus.se\/eng\/hyra-bat\/aquador-26-ht\/\" \/>\n<meta property=\"og:locale\" content=\"en_US\" \/>\n<meta property=\"og:type\" content=\"article\" \/>\n<meta property=\"og:title\" content=\"Aquador 26 HT\" \/>\n<meta property=\"og:description\" content=\"Hyr Aquador 26 HT i Stockholm - Nautilus Boat Club. Hyr eller dela b\u00e5t f\u00f6r ett enkelt och m\u00e5ngsidigt b\u00e5tliv.\" \/>\n<meta property=\"og:url\" content=\"https:\/\/nautilus.se\/eng\/hyra-bat\/aquador-26-ht\/\" \/>\n<meta property=\"og:site_name\" content=\"Nautilus Boat Club\" \/>\n<meta property=\"article:publisher\" content=\"https:\/\/www.facebook.com\/nautilusboatclub\/\" \/>\n<meta property=\"article:modified_time\" content=\"2026-03-06T10:21:21+00:00\" \/>\n<meta property=\"og:image\" content=\"https:\/\/nautilus.se\/wp-content\/uploads\/2026\/02\/Aquador-26HT-.jpeg\" \/>\n\t<meta property=\"og:image:width\" content=\"1280\" \/>\n\t<meta property=\"og:image:height\" content=\"717\" \/>\n\t<meta property=\"og:image:type\" content=\"image\/jpeg\" \/>\n<meta name=\"twitter:card\" content=\"summary_large_image\" \/>\n<meta name=\"twitter:label1\" content=\"Est. reading time\" \/>\n\t<meta name=\"twitter:data1\" content=\"2 minutes\" \/>\n<script type=\"application\/ld+json\" class=\"yoast-schema-graph\">{\"@context\":\"https:\\\/\\\/schema.org\",\"@graph\":[{\"@type\":\"WebPage\",\"@id\":\"https:\\\/\\\/nautilus.se\\\/hyra-bat\\\/aquador-26-ht\\\/\",\"url\":\"https:\\\/\\\/nautilus.se\\\/hyra-bat\\\/aquador-26-ht\\\/\",\"name\":\"Hyr Aquador 26 HT i Stockholm - Nautilus Boat Club\",\"isPartOf\":{\"@id\":\"https:\\\/\\\/nautilus.se\\\/#website\"},\"primaryImageOfPage\":{\"@id\":\"https:\\\/\\\/nautilus.se\\\/hyra-bat\\\/aquador-26-ht\\\/#primaryimage\"},\"image\":{\"@id\":\"https:\\\/\\\/nautilus.se\\\/hyra-bat\\\/aquador-26-ht\\\/#primaryimage\"},\"thumbnailUrl\":\"https:\\\/\\\/nautilus.se\\\/wp-content\\\/uploads\\\/2026\\\/02\\\/Aquador-26HT-.jpeg\",\"datePublished\":\"2026-02-04T14:05:45+00:00\",\"dateModified\":\"2026-03-06T10:21:21+00:00\",\"description\":\"Hyr Aquador 26 HT i Stockholm - Nautilus Boat Club. Hyr eller dela b\u00e5t f\u00f6r ett enkelt och m\u00e5ngsidigt b\u00e5tliv.\",\"breadcrumb\":{\"@id\":\"https:\\\/\\\/nautilus.se\\\/hyra-bat\\\/aquador-26-ht\\\/#breadcrumb\"},\"inLanguage\":\"en-US\",\"potentialAction\":[{\"@type\":\"ReadAction\",\"target\":[\"https:\\\/\\\/nautilus.se\\\/hyra-bat\\\/aquador-26-ht\\\/\"]}]},{\"@type\":\"ImageObject\",\"inLanguage\":\"en-US\",\"@id\":\"https:\\\/\\\/nautilus.se\\\/hyra-bat\\\/aquador-26-ht\\\/#primaryimage\",\"url\":\"https:\\\/\\\/nautilus.se\\\/wp-content\\\/uploads\\\/2026\\\/02\\\/Aquador-26HT-.jpeg\",\"contentUrl\":\"https:\\\/\\\/nautilus.se\\\/wp-content\\\/uploads\\\/2026\\\/02\\\/Aquador-26HT-.jpeg\",\"width\":1280,\"height\":717,\"caption\":\"Hyr Aquador 26HT\"},{\"@type\":\"BreadcrumbList\",\"@id\":\"https:\\\/\\\/nautilus.se\\\/hyra-bat\\\/aquador-26-ht\\\/#breadcrumb\",\"itemListElement\":[{\"@type\":\"ListItem\",\"position\":1,\"name\":\"Home\",\"item\":\"https:\\\/\\\/nautilus.se\\\/\"},{\"@type\":\"ListItem\",\"position\":2,\"name\":\"Hyr b\u00e5t enkelt och tryggt\",\"item\":\"https:\\\/\\\/nautilus.se\\\/hyra-bat-old\\\/\"},{\"@type\":\"ListItem\",\"position\":3,\"name\":\"Aquador 26 HT\"}]},{\"@type\":\"WebSite\",\"@id\":\"https:\\\/\\\/nautilus.se\\\/#website\",\"url\":\"https:\\\/\\\/nautilus.se\\\/\",\"name\":\"Nautilus Boat Club\",\"description\":\"H\u00e4r kan du hyra b\u00e5t, dela b\u00e5t, del\u00e4ga b\u00e5t och vara med i b\u00e5tpool.\",\"publisher\":{\"@id\":\"https:\\\/\\\/nautilus.se\\\/#organization\"},\"potentialAction\":[{\"@type\":\"SearchAction\",\"target\":{\"@type\":\"EntryPoint\",\"urlTemplate\":\"https:\\\/\\\/nautilus.se\\\/?s={search_term_string}\"},\"query-input\":{\"@type\":\"PropertyValueSpecification\",\"valueRequired\":true,\"valueName\":\"search_term_string\"}}],\"inLanguage\":\"en-US\"},{\"@type\":\"Organization\",\"@id\":\"https:\\\/\\\/nautilus.se\\\/#organization\",\"name\":\"Nautilus Boat Club AB\",\"alternateName\":\"Nautilus Boat Club\",\"url\":\"https:\\\/\\\/nautilus.se\\\/\",\"logo\":{\"@type\":\"ImageObject\",\"inLanguage\":\"en-US\",\"@id\":\"https:\\\/\\\/nautilus.se\\\/#\\\/schema\\\/logo\\\/image\\\/\",\"url\":\"https:\\\/\\\/nautilus.se\\\/wp-content\\\/uploads\\\/2022\\\/10\\\/Nautilus-shell-blue-back-w-logo.png\",\"contentUrl\":\"https:\\\/\\\/nautilus.se\\\/wp-content\\\/uploads\\\/2022\\\/10\\\/Nautilus-shell-blue-back-w-logo.png\",\"width\":1755,\"height\":1130,\"caption\":\"Nautilus Boat Club AB\"},\"image\":{\"@id\":\"https:\\\/\\\/nautilus.se\\\/#\\\/schema\\\/logo\\\/image\\\/\"},\"sameAs\":[\"https:\\\/\\\/www.facebook.com\\\/nautilusboatclub\\\/\",\"https:\\\/\\\/www.instagram.com\\\/nautilusboatclub\\\/\",\"https:\\\/\\\/www.linkedin.com\\\/company\\\/4998214\\\/admin\\\/\",\"https:\\\/\\\/www.youtube.com\\\/channel\\\/UCrhrs3yv-t72B5igMm2keKQ\\\/videos?app=desktop\"]}]}<\/script>\n<!-- \/ Yoast SEO Premium plugin. -->","yoast_head_json":{"title":"Hyr Aquador 26 HT i Stockholm - Nautilus Boat Club","description":"Hyr Aquador 26 HT i Stockholm - Nautilus Boat Club. Hyr eller dela b\u00e5t f\u00f6r ett enkelt och m\u00e5ngsidigt b\u00e5tliv.","robots":{"index":"index","follow":"follow","max-snippet":"max-snippet:-1","max-image-preview":"max-image-preview:large","max-video-preview":"max-video-preview:-1"},"canonical":"https:\/\/nautilus.se\/eng\/hyra-bat\/aquador-26-ht\/","og_locale":"en_US","og_type":"article","og_title":"Aquador 26 HT","og_description":"Hyr Aquador 26 HT i Stockholm - Nautilus Boat Club. Hyr eller dela b\u00e5t f\u00f6r ett enkelt och m\u00e5ngsidigt b\u00e5tliv.","og_url":"https:\/\/nautilus.se\/eng\/hyra-bat\/aquador-26-ht\/","og_site_name":"Nautilus Boat Club","article_publisher":"https:\/\/www.facebook.com\/nautilusboatclub\/","article_modified_time":"2026-03-06T10:21:21+00:00","og_image":[{"width":1280,"height":717,"url":"https:\/\/nautilus.se\/wp-content\/uploads\/2026\/02\/Aquador-26HT-.jpeg","type":"image\/jpeg"}],"twitter_card":"summary_large_image","twitter_misc":{"Est. reading time":"2 minutes"},"schema":{"@context":"https:\/\/schema.org","@graph":[{"@type":"WebPage","@id":"https:\/\/nautilus.se\/hyra-bat\/aquador-26-ht\/","url":"https:\/\/nautilus.se\/hyra-bat\/aquador-26-ht\/","name":"Hyr Aquador 26 HT i Stockholm - Nautilus Boat Club","isPartOf":{"@id":"https:\/\/nautilus.se\/#website"},"primaryImageOfPage":{"@id":"https:\/\/nautilus.se\/hyra-bat\/aquador-26-ht\/#primaryimage"},"image":{"@id":"https:\/\/nautilus.se\/hyra-bat\/aquador-26-ht\/#primaryimage"},"thumbnailUrl":"https:\/\/nautilus.se\/wp-content\/uploads\/2026\/02\/Aquador-26HT-.jpeg","datePublished":"2026-02-04T14:05:45+00:00","dateModified":"2026-03-06T10:21:21+00:00","description":"Hyr Aquador 26 HT i Stockholm - Nautilus Boat Club. Hyr eller dela b\u00e5t f\u00f6r ett enkelt och m\u00e5ngsidigt b\u00e5tliv.","breadcrumb":{"@id":"https:\/\/nautilus.se\/hyra-bat\/aquador-26-ht\/#breadcrumb"},"inLanguage":"en-US","potentialAction":[{"@type":"ReadAction","target":["https:\/\/nautilus.se\/hyra-bat\/aquador-26-ht\/"]}]},{"@type":"ImageObject","inLanguage":"en-US","@id":"https:\/\/nautilus.se\/hyra-bat\/aquador-26-ht\/#primaryimage","url":"https:\/\/nautilus.se\/wp-content\/uploads\/2026\/02\/Aquador-26HT-.jpeg","contentUrl":"https:\/\/nautilus.se\/wp-content\/uploads\/2026\/02\/Aquador-26HT-.jpeg","width":1280,"height":717,"caption":"Hyr Aquador 26HT"},{"@type":"BreadcrumbList","@id":"https:\/\/nautilus.se\/hyra-bat\/aquador-26-ht\/#breadcrumb","itemListElement":[{"@type":"ListItem","position":1,"name":"Home","item":"https:\/\/nautilus.se\/"},{"@type":"ListItem","position":2,"name":"Hyr b\u00e5t enkelt och tryggt","item":"https:\/\/nautilus.se\/hyra-bat-old\/"},{"@type":"ListItem","position":3,"name":"Aquador 26 HT"}]},{"@type":"WebSite","@id":"https:\/\/nautilus.se\/#website","url":"https:\/\/nautilus.se\/","name":"Nautilus Boat Club","description":"H\u00e4r kan du hyra b\u00e5t, dela b\u00e5t, del\u00e4ga b\u00e5t och vara med i b\u00e5tpool.","publisher":{"@id":"https:\/\/nautilus.se\/#organization"},"potentialAction":[{"@type":"SearchAction","target":{"@type":"EntryPoint","urlTemplate":"https:\/\/nautilus.se\/?s={search_term_string}"},"query-input":{"@type":"PropertyValueSpecification","valueRequired":true,"valueName":"search_term_string"}}],"inLanguage":"en-US"},{"@type":"Organization","@id":"https:\/\/nautilus.se\/#organization","name":"Nautilus Boat Club AB","alternateName":"Nautilus Boat Club","url":"https:\/\/nautilus.se\/","logo":{"@type":"ImageObject","inLanguage":"en-US","@id":"https:\/\/nautilus.se\/#\/schema\/logo\/image\/","url":"https:\/\/nautilus.se\/wp-content\/uploads\/2022\/10\/Nautilus-shell-blue-back-w-logo.png","contentUrl":"https:\/\/nautilus.se\/wp-content\/uploads\/2022\/10\/Nautilus-shell-blue-back-w-logo.png","width":1755,"height":1130,"caption":"Nautilus Boat Club AB"},"image":{"@id":"https:\/\/nautilus.se\/#\/schema\/logo\/image\/"},"sameAs":["https:\/\/www.facebook.com\/nautilusboatclub\/","https:\/\/www.instagram.com\/nautilusboatclub\/","https:\/\/www.linkedin.com\/company\/4998214\/admin\/","https:\/\/www.youtube.com\/channel\/UCrhrs3yv-t72B5igMm2keKQ\/videos?app=desktop"]}]}},"_links":{"self":[{"href":"https:\/\/nautilus.se\/eng\/wp-json\/wp\/v2\/product\/31955","targetHints":{"allow":["GET"]}}],"collection":[{"href":"https:\/\/nautilus.se\/eng\/wp-json\/wp\/v2\/product"}],"about":[{"href":"https:\/\/nautilus.se\/eng\/wp-json\/wp\/v2\/types\/product"}],"version-history":[{"count":4,"href":"https:\/\/nautilus.se\/eng\/wp-json\/wp\/v2\/product\/31955\/revisions"}],"predecessor-version":[{"id":32222,"href":"https:\/\/nautilus.se\/eng\/wp-json\/wp\/v2\/product\/31955\/revisions\/32222"}],"wp:featuredmedia":[{"embeddable":true,"href":"https:\/\/nautilus.se\/eng\/wp-json\/wp\/v2\/media\/31957"}],"wp:attachment":[{"href":"https:\/\/nautilus.se\/eng\/wp-json\/wp\/v2\/media?parent=31955"}],"wp:term":[{"taxonomy":"product_brand","embeddable":true,"href":"https:\/\/nautilus.se\/eng\/wp-json\/wp\/v2\/product_brand?post=31955"},{"taxonomy":"product_cat","embeddable":true,"href":"https:\/\/nautilus.se\/eng\/wp-json\/wp\/v2\/product_cat?post=31955"},{"taxonomy":"product_tag","embeddable":true,"href":"https:\/\/nautilus.se\/eng\/wp-json\/wp\/v2\/product_tag?post=31955"}],"curies":[{"name":"wp","href":"https:\/\/api.w.org\/{rel}","templated":true}]}}