{"id":32037,"date":"2026-02-12T20:27:40","date_gmt":"2026-02-12T18:27:40","guid":{"rendered":"https:\/\/nautilus.se\/?post_type=product&#038;p=32037"},"modified":"2026-02-22T11:10:37","modified_gmt":"2026-02-22T09:10:37","slug":"hyr-bluewater-2550","status":"publish","type":"product","link":"https:\/\/nautilus.se\/eng\/hyra-bat\/hyr-bluewater-2550\/","title":{"rendered":"Bluewater 2550"},"content":{"rendered":"<div class=\"container\">\n<div class=\"left\">\n<p>Rent Bluewater 2550!<\/p>\n<p class=\" translation-block\">Bluewater 2550. Unique boat in Sweden. Runs like a locomotive and has enormous range. Built for off shore fishing in Florida so the seaworthiness cannot be compared to ordinary archipelago boats. Spacious console for stowage or weather protection and lots of stowage under the deck hatches.<br>\nA really oversized bow thruster. 16-inch Lowrance HDS Carbon with sidescan echo sounder. Nmea2000 network, Lowrance AIS transponder.<br>\nVery strong Yamaha F350B 2014 with 500h. Electronic controls and 5\u2033 engine data screen.<br>\nTops over 45kn and runs economically between 32-37kn with a consumption of about 1.7.<\/p>\n<p>&nbsp;<\/p>\n<p>&nbsp;<\/p>\n<div class=\"left\">\n<p class=\" translation-block\"><strong>Safe to rent a boat!<\/strong><br>\nWe know that your boat days are valuable! When you rent a boat through Nautilus, fast support is always included.<br>\nIf there is a problem with the boat during your rental, we will come out and fix it on site.<\/p>\n<p>&nbsp;<\/p>\n<\/div>\n<p>Boater certificate and experience are required.<br \/>\nIncheckning fr\u00e5n kl 09.00<br \/>\nCheck-out: at 18:00.<br \/>\nDjur till\u00e5tet<br \/>\nParkering finns mot mindre avgift<br \/>\nAvbokning: 7 dagar innan<br \/>\n\u00c5ldersgr\u00e4ns: 25 \u00e5r<br \/>\nDeposition\/sj\u00e4lvrisk: 12.000kr<br \/>\nHamn: Bulland\u00f6 marina, V\u00e4rmd\u00f6<\/p>\n<\/div>\n<p>&nbsp;<\/p>\n<p>&nbsp;<\/p>\n<div class=\"right\">\n<h3>Utrustad med<\/h3>\n<ul>\n<li>Lowrance HDS 16&#8243; Carbon<\/li>\n<li>Lowrance AIS transponder<\/li>\n<li>Sidescan ekolod<\/li>\n<li>Lenco trimplan<\/li>\n<li>Tiltbar ratt<\/li>\n<li>Lewmar 195mm bogpropeller<\/li>\n<li>Solcell med regulator<\/li>\n<li>Led-ramp<\/li>\n<li>Arbetsbelysning<\/li>\n<li>Stereo med 4 RGB-h\u00f6gtalare<\/li>\n<li>D\u00e4ckspolning med sj\u00f6vatten<\/li>\n<li>Belysning i pulpeten<\/li>\n<li>B\u00e5tsportkort f\u00f6r Stockholms sk\u00e4rg\u00e5rd<\/li>\n<li>Ankare, tampar, fendrar<\/li>\n<\/ul>\n<\/div>\n<\/div>","protected":false},"excerpt":{"rendered":"<p class=\" translation-block\">Very potent center console for day trips or fishing.<br>\nSelect desired period for current price.<\/p>","protected":false},"featured_media":32038,"template":"","meta":[],"product_brand":[],"product_cat":[294,18],"product_tag":[285,90],"class_list":{"0":"post-32037","1":"product","2":"type-product","3":"status-publish","4":"has-post-thumbnail","6":"product_cat-korttidshyra","7":"product_cat-motorbatar","8":"product_tag-black","9":"product_tag-bullando","11":"first","12":"instock","13":"virtual","14":"sold-individually","15":"purchasable","16":"product-type-booking"},"booking_location":"","booking_location_type":"","booking_duration":1,"booking_duration_unit":"day","booking_buffer":0,"booking_cost":1200,"booking_resources":[32039],"exclude_global_add_ons":[],"addons":[],"yoast_head":"<!-- This site is optimized with the Yoast SEO Premium plugin v27.4 (Yoast SEO v27.5) - https:\/\/yoast.com\/product\/yoast-seo-premium-wordpress\/ -->\n<title>Hyr Bluewater 2550 i Stockholm - Nautilus Boat Club<\/title>\n<meta name=\"description\" content=\"Hyr Bluewater 2550 i Stockholm - Nautilus Boat Club.\" \/>\n<meta name=\"robots\" content=\"index, follow, max-snippet:-1, max-image-preview:large, max-video-preview:-1\" \/>\n<link rel=\"canonical\" href=\"https:\/\/nautilus.se\/eng\/hyra-bat\/hyr-bluewater-2550\/\" \/>\n<meta property=\"og:locale\" content=\"en_US\" \/>\n<meta property=\"og:type\" content=\"article\" \/>\n<meta property=\"og:title\" content=\"Bluewater 2550\" \/>\n<meta property=\"og:description\" content=\"Hyr Bluewater 2550 i Stockholm - Nautilus Boat Club.\" \/>\n<meta property=\"og:url\" content=\"https:\/\/nautilus.se\/eng\/hyra-bat\/hyr-bluewater-2550\/\" \/>\n<meta property=\"og:site_name\" content=\"Nautilus Boat Club\" \/>\n<meta property=\"article:publisher\" content=\"https:\/\/www.facebook.com\/nautilusboatclub\/\" \/>\n<meta property=\"article:modified_time\" content=\"2026-02-22T09:10:37+00:00\" \/>\n<meta property=\"og:image\" content=\"https:\/\/nautilus.se\/wp-content\/uploads\/2026\/02\/20240812_205031-scaled.jpg\" \/>\n\t<meta property=\"og:image:width\" content=\"2560\" \/>\n\t<meta property=\"og:image:height\" content=\"1440\" \/>\n\t<meta property=\"og:image:type\" content=\"image\/jpeg\" \/>\n<meta name=\"twitter:card\" content=\"summary_large_image\" \/>\n<meta name=\"twitter:label1\" content=\"Est. reading time\" \/>\n\t<meta name=\"twitter:data1\" content=\"2 minutes\" \/>\n<script type=\"application\/ld+json\" class=\"yoast-schema-graph\">{\"@context\":\"https:\\\/\\\/schema.org\",\"@graph\":[{\"@type\":\"WebPage\",\"@id\":\"https:\\\/\\\/nautilus.se\\\/hyra-bat\\\/hyr-bluewater-2550\\\/\",\"url\":\"https:\\\/\\\/nautilus.se\\\/hyra-bat\\\/hyr-bluewater-2550\\\/\",\"name\":\"Hyr Bluewater 2550 i Stockholm - Nautilus Boat Club\",\"isPartOf\":{\"@id\":\"https:\\\/\\\/nautilus.se\\\/#website\"},\"primaryImageOfPage\":{\"@id\":\"https:\\\/\\\/nautilus.se\\\/hyra-bat\\\/hyr-bluewater-2550\\\/#primaryimage\"},\"image\":{\"@id\":\"https:\\\/\\\/nautilus.se\\\/hyra-bat\\\/hyr-bluewater-2550\\\/#primaryimage\"},\"thumbnailUrl\":\"https:\\\/\\\/nautilus.se\\\/wp-content\\\/uploads\\\/2026\\\/02\\\/20240812_205031-scaled.jpg\",\"datePublished\":\"2026-02-12T18:27:40+00:00\",\"dateModified\":\"2026-02-22T09:10:37+00:00\",\"description\":\"Hyr Bluewater 2550 i Stockholm - Nautilus Boat Club.\",\"breadcrumb\":{\"@id\":\"https:\\\/\\\/nautilus.se\\\/hyra-bat\\\/hyr-bluewater-2550\\\/#breadcrumb\"},\"inLanguage\":\"en-US\",\"potentialAction\":[{\"@type\":\"ReadAction\",\"target\":[\"https:\\\/\\\/nautilus.se\\\/hyra-bat\\\/hyr-bluewater-2550\\\/\"]}]},{\"@type\":\"ImageObject\",\"inLanguage\":\"en-US\",\"@id\":\"https:\\\/\\\/nautilus.se\\\/hyra-bat\\\/hyr-bluewater-2550\\\/#primaryimage\",\"url\":\"https:\\\/\\\/nautilus.se\\\/wp-content\\\/uploads\\\/2026\\\/02\\\/20240812_205031-scaled.jpg\",\"contentUrl\":\"https:\\\/\\\/nautilus.se\\\/wp-content\\\/uploads\\\/2026\\\/02\\\/20240812_205031-scaled.jpg\",\"width\":2560,\"height\":1440},{\"@type\":\"BreadcrumbList\",\"@id\":\"https:\\\/\\\/nautilus.se\\\/hyra-bat\\\/hyr-bluewater-2550\\\/#breadcrumb\",\"itemListElement\":[{\"@type\":\"ListItem\",\"position\":1,\"name\":\"Home\",\"item\":\"https:\\\/\\\/nautilus.se\\\/\"},{\"@type\":\"ListItem\",\"position\":2,\"name\":\"Hyr b\u00e5t enkelt och tryggt\",\"item\":\"https:\\\/\\\/nautilus.se\\\/hyra-bat-old\\\/\"},{\"@type\":\"ListItem\",\"position\":3,\"name\":\"Bluewater 2550\"}]},{\"@type\":\"WebSite\",\"@id\":\"https:\\\/\\\/nautilus.se\\\/#website\",\"url\":\"https:\\\/\\\/nautilus.se\\\/\",\"name\":\"Nautilus Boat Club\",\"description\":\"H\u00e4r kan du hyra b\u00e5t, dela b\u00e5t, del\u00e4ga b\u00e5t och vara med i b\u00e5tpool.\",\"publisher\":{\"@id\":\"https:\\\/\\\/nautilus.se\\\/#organization\"},\"potentialAction\":[{\"@type\":\"SearchAction\",\"target\":{\"@type\":\"EntryPoint\",\"urlTemplate\":\"https:\\\/\\\/nautilus.se\\\/?s={search_term_string}\"},\"query-input\":{\"@type\":\"PropertyValueSpecification\",\"valueRequired\":true,\"valueName\":\"search_term_string\"}}],\"inLanguage\":\"en-US\"},{\"@type\":\"Organization\",\"@id\":\"https:\\\/\\\/nautilus.se\\\/#organization\",\"name\":\"Nautilus Boat Club AB\",\"alternateName\":\"Nautilus Boat Club\",\"url\":\"https:\\\/\\\/nautilus.se\\\/\",\"logo\":{\"@type\":\"ImageObject\",\"inLanguage\":\"en-US\",\"@id\":\"https:\\\/\\\/nautilus.se\\\/#\\\/schema\\\/logo\\\/image\\\/\",\"url\":\"https:\\\/\\\/nautilus.se\\\/wp-content\\\/uploads\\\/2022\\\/10\\\/Nautilus-shell-blue-back-w-logo.png\",\"contentUrl\":\"https:\\\/\\\/nautilus.se\\\/wp-content\\\/uploads\\\/2022\\\/10\\\/Nautilus-shell-blue-back-w-logo.png\",\"width\":1755,\"height\":1130,\"caption\":\"Nautilus Boat Club AB\"},\"image\":{\"@id\":\"https:\\\/\\\/nautilus.se\\\/#\\\/schema\\\/logo\\\/image\\\/\"},\"sameAs\":[\"https:\\\/\\\/www.facebook.com\\\/nautilusboatclub\\\/\",\"https:\\\/\\\/www.instagram.com\\\/nautilusboatclub\\\/\",\"https:\\\/\\\/www.linkedin.com\\\/company\\\/4998214\\\/admin\\\/\",\"https:\\\/\\\/www.youtube.com\\\/channel\\\/UCrhrs3yv-t72B5igMm2keKQ\\\/videos?app=desktop\"]}]}<\/script>\n<!-- \/ Yoast SEO Premium plugin. -->","yoast_head_json":{"title":"Hyr Bluewater 2550 i Stockholm - Nautilus Boat Club","description":"Hyr Bluewater 2550 i Stockholm - Nautilus Boat Club.","robots":{"index":"index","follow":"follow","max-snippet":"max-snippet:-1","max-image-preview":"max-image-preview:large","max-video-preview":"max-video-preview:-1"},"canonical":"https:\/\/nautilus.se\/eng\/hyra-bat\/hyr-bluewater-2550\/","og_locale":"en_US","og_type":"article","og_title":"Bluewater 2550","og_description":"Hyr Bluewater 2550 i Stockholm - Nautilus Boat Club.","og_url":"https:\/\/nautilus.se\/eng\/hyra-bat\/hyr-bluewater-2550\/","og_site_name":"Nautilus Boat Club","article_publisher":"https:\/\/www.facebook.com\/nautilusboatclub\/","article_modified_time":"2026-02-22T09:10:37+00:00","og_image":[{"width":2560,"height":1440,"url":"https:\/\/nautilus.se\/wp-content\/uploads\/2026\/02\/20240812_205031-scaled.jpg","type":"image\/jpeg"}],"twitter_card":"summary_large_image","twitter_misc":{"Est. reading time":"2 minutes"},"schema":{"@context":"https:\/\/schema.org","@graph":[{"@type":"WebPage","@id":"https:\/\/nautilus.se\/hyra-bat\/hyr-bluewater-2550\/","url":"https:\/\/nautilus.se\/hyra-bat\/hyr-bluewater-2550\/","name":"Hyr Bluewater 2550 i Stockholm - Nautilus Boat Club","isPartOf":{"@id":"https:\/\/nautilus.se\/#website"},"primaryImageOfPage":{"@id":"https:\/\/nautilus.se\/hyra-bat\/hyr-bluewater-2550\/#primaryimage"},"image":{"@id":"https:\/\/nautilus.se\/hyra-bat\/hyr-bluewater-2550\/#primaryimage"},"thumbnailUrl":"https:\/\/nautilus.se\/wp-content\/uploads\/2026\/02\/20240812_205031-scaled.jpg","datePublished":"2026-02-12T18:27:40+00:00","dateModified":"2026-02-22T09:10:37+00:00","description":"Hyr Bluewater 2550 i Stockholm - Nautilus Boat Club.","breadcrumb":{"@id":"https:\/\/nautilus.se\/hyra-bat\/hyr-bluewater-2550\/#breadcrumb"},"inLanguage":"en-US","potentialAction":[{"@type":"ReadAction","target":["https:\/\/nautilus.se\/hyra-bat\/hyr-bluewater-2550\/"]}]},{"@type":"ImageObject","inLanguage":"en-US","@id":"https:\/\/nautilus.se\/hyra-bat\/hyr-bluewater-2550\/#primaryimage","url":"https:\/\/nautilus.se\/wp-content\/uploads\/2026\/02\/20240812_205031-scaled.jpg","contentUrl":"https:\/\/nautilus.se\/wp-content\/uploads\/2026\/02\/20240812_205031-scaled.jpg","width":2560,"height":1440},{"@type":"BreadcrumbList","@id":"https:\/\/nautilus.se\/hyra-bat\/hyr-bluewater-2550\/#breadcrumb","itemListElement":[{"@type":"ListItem","position":1,"name":"Home","item":"https:\/\/nautilus.se\/"},{"@type":"ListItem","position":2,"name":"Hyr b\u00e5t enkelt och tryggt","item":"https:\/\/nautilus.se\/hyra-bat-old\/"},{"@type":"ListItem","position":3,"name":"Bluewater 2550"}]},{"@type":"WebSite","@id":"https:\/\/nautilus.se\/#website","url":"https:\/\/nautilus.se\/","name":"Nautilus Boat Club","description":"H\u00e4r kan du hyra b\u00e5t, dela b\u00e5t, del\u00e4ga b\u00e5t och vara med i b\u00e5tpool.","publisher":{"@id":"https:\/\/nautilus.se\/#organization"},"potentialAction":[{"@type":"SearchAction","target":{"@type":"EntryPoint","urlTemplate":"https:\/\/nautilus.se\/?s={search_term_string}"},"query-input":{"@type":"PropertyValueSpecification","valueRequired":true,"valueName":"search_term_string"}}],"inLanguage":"en-US"},{"@type":"Organization","@id":"https:\/\/nautilus.se\/#organization","name":"Nautilus Boat Club AB","alternateName":"Nautilus Boat Club","url":"https:\/\/nautilus.se\/","logo":{"@type":"ImageObject","inLanguage":"en-US","@id":"https:\/\/nautilus.se\/#\/schema\/logo\/image\/","url":"https:\/\/nautilus.se\/wp-content\/uploads\/2022\/10\/Nautilus-shell-blue-back-w-logo.png","contentUrl":"https:\/\/nautilus.se\/wp-content\/uploads\/2022\/10\/Nautilus-shell-blue-back-w-logo.png","width":1755,"height":1130,"caption":"Nautilus Boat Club AB"},"image":{"@id":"https:\/\/nautilus.se\/#\/schema\/logo\/image\/"},"sameAs":["https:\/\/www.facebook.com\/nautilusboatclub\/","https:\/\/www.instagram.com\/nautilusboatclub\/","https:\/\/www.linkedin.com\/company\/4998214\/admin\/","https:\/\/www.youtube.com\/channel\/UCrhrs3yv-t72B5igMm2keKQ\/videos?app=desktop"]}]}},"_links":{"self":[{"href":"https:\/\/nautilus.se\/eng\/wp-json\/wp\/v2\/product\/32037","targetHints":{"allow":["GET"]}}],"collection":[{"href":"https:\/\/nautilus.se\/eng\/wp-json\/wp\/v2\/product"}],"about":[{"href":"https:\/\/nautilus.se\/eng\/wp-json\/wp\/v2\/types\/product"}],"version-history":[{"count":7,"href":"https:\/\/nautilus.se\/eng\/wp-json\/wp\/v2\/product\/32037\/revisions"}],"predecessor-version":[{"id":32239,"href":"https:\/\/nautilus.se\/eng\/wp-json\/wp\/v2\/product\/32037\/revisions\/32239"}],"wp:featuredmedia":[{"embeddable":true,"href":"https:\/\/nautilus.se\/eng\/wp-json\/wp\/v2\/media\/32038"}],"wp:attachment":[{"href":"https:\/\/nautilus.se\/eng\/wp-json\/wp\/v2\/media?parent=32037"}],"wp:term":[{"taxonomy":"product_brand","embeddable":true,"href":"https:\/\/nautilus.se\/eng\/wp-json\/wp\/v2\/product_brand?post=32037"},{"taxonomy":"product_cat","embeddable":true,"href":"https:\/\/nautilus.se\/eng\/wp-json\/wp\/v2\/product_cat?post=32037"},{"taxonomy":"product_tag","embeddable":true,"href":"https:\/\/nautilus.se\/eng\/wp-json\/wp\/v2\/product_tag?post=32037"}],"curies":[{"name":"wp","href":"https:\/\/api.w.org\/{rel}","templated":true}]}}