{"id":32090,"date":"2026-02-16T14:52:17","date_gmt":"2026-02-16T12:52:17","guid":{"rendered":"https:\/\/nautilus.se\/?post_type=product&#038;p=32090"},"modified":"2026-04-24T06:16:34","modified_gmt":"2026-04-24T04:16:34","slug":"axopar-28-ac","status":"publish","type":"product","link":"https:\/\/nautilus.se\/eng\/hyra-bat\/axopar-28-ac\/","title":{"rendered":"Axopar 28 AC"},"content":{"rendered":"<div class=\"container\">\n<div class=\"left\">\n<p class=\" translation-block\">Rent Axopar 28! One of the most practical and versatile boats in its class.<br>\nThe design of this 28-footer differs from the majority of today's cabin boats of the same size. Here, smart solutions have enabled sleeping places for the medium-sized family, but the focus is on the large areas on the deck and fantastic seakeeping characteristics.<\/p>\n<p>In the bow there is room for 5 passengers to sit and enjoy the breeze on the sofa which can also be easily converted into a sunbed. A larger sunbed can be found on top of the aft cabin where there are good opportunities to relax and enjoy the sun. If you prefer to sit indoors, this is just as good as it gets, as the boat provides a three-seater adjustable sofa that can either be folded up to access the double berth, or down for a comfortable place to sit while sailing. The sofa can also be converted into a double berth, which provides space for 4 people to spend the night on the boat. The driver's seat and passenger seat can also be folded up, thus providing access to the simple but sufficient galley. The chairs can also be turned around to create a dining room where the whole party can sit comfortably around the dining table. The boat's toilet with electric toilet is located one step down on the foredeck.<\/p>\n<p>In addition to its smart solutions, the Axopar 28 AC is characterized by fine sea characteristics and good fuel economy with a high cruising speed.<\/p>\n<p>Welcome to rent this innovative cabin cruiser boat!<\/p>\n<\/div>\n<p>&nbsp;<\/p>\n<div class=\"container\">\n<div class=\"left\">\n<div class=\"left\">\n<p class=\" translation-block\">Driver's license and good boating experience are required.<br>\nCheck-in from 9:00<br>\nCheck-out at 16:00<br>\nPets and smoking not allowed<br>\nParking for a small fee<br>\nBookable: 3 days or more<br>\nCancellation: 14 days before<br>\nAge limit: 25 years<br>\nDeposit\/excess: 12,000 SEK<br>\nPort: Bulland\u00f6 Marina, V\u00e4rmd\u00f6<\/p>\n<p>&nbsp;<\/p>\n<\/div>\n<\/div>\n<\/div>\n<div class=\"left\">\n<h3>Safe rentals<\/h3>\n<p>When you rent a boat from Nautilus Boat Club, fast assistance is always included.<br \/>\nIf issues occur during your rental, we are always quick to arrive and correct this on the spot.<\/p>\n<p>&nbsp;<\/p>\n<\/div>\n<div class=\"right\">\n<h3>Equipment:<\/h3>\n<ul>\n<li>Bow thruster<\/li>\n<li>Mercury Verado 300 HP<\/li>\n<li>Simrad 12-inch plotter<\/li>\n<li>Sonar<\/li>\n<li>Simrad radar<\/li>\n<li>Simrad VHF<\/li>\n<li>Simrad Autopilot<\/li>\n<li>Fusion Bluetooth-stereo, speakers inside and outside<\/li>\n<li>Land current with charger and 230V socket<\/li>\n<li>Separat el-toalett med handfat och septiktank<\/li>\n<li>Badstege<\/li>\n<li>Dynor och bord p\u00e5 f\u00f6rd\u00e4ck<\/li>\n<li>Solb\u00e4dd i aktern<\/li>\n<li>Solskydd f\u00f6r dynor fram och bak<\/li>\n<li>Shower on the stern<\/li>\n<li>Dieselv\u00e4rmare f\u00f6r hytt och akterkabin<\/li>\n<li>Kylbox under passagerarstol<\/li>\n<li>B\u00e4rbar kokplatta<\/li>\n<li>Enkel k\u00f6ksutrustning f\u00f6r 4 personer<\/li>\n<li>T\u00e4cken och kuddar f\u00f6r 2 personer (fler p\u00e5 beg\u00e4ran)<\/li>\n<li>Ankarolina p\u00e5 aktern<\/li>\n<li>6st flytv\u00e4star<\/li>\n<li>B\u00e5tsportkort f\u00f6r Stockholms sk\u00e4rg\u00e5rd<\/li>\n<li>Tampar, fendrar, bergskilar<\/li>\n<\/ul>\n<p>&nbsp;<\/p>\n<p>&nbsp;<\/p>\n<\/div>\n<\/div>","protected":false},"excerpt":{"rendered":"<p class=\" translation-block\">Bookable for at least 3 days.<br>\nSelect period for current price.<\/p>","protected":false},"featured_media":32091,"template":"","meta":[],"product_brand":[299],"product_cat":[18],"product_tag":[90],"class_list":{"0":"post-32090","1":"product","2":"type-product","3":"status-publish","4":"has-post-thumbnail","6":"product_brand-axopar","7":"product_cat-motorbatar","8":"product_tag-bullando","10":"first","11":"instock","12":"virtual","13":"sold-individually","14":"taxable","15":"purchasable","16":"product-type-booking"},"booking_location":"","booking_location_type":"","booking_duration":1,"booking_duration_unit":"day","booking_buffer":0,"booking_cost":3500,"booking_resources":[32103],"exclude_global_add_ons":false,"addons":[{"name":"Final cleaning","type":"checkbox","position":0,"required":false,"title_format":"heading","default":"","description_enable":false,"description":"","placeholder_enable":false,"placeholder":"","display":"select","restrictions_type":"any_text","adjust_price":false,"price":"","price_type":"flat_fee","restrictions":false,"min":"0","max":"0","options":[{"label":"Pris","price":"1500","price_type":"quantity_based","image":0,"visibility":true}],"id":1773501177},{"name":"Rubber dinghy","type":"checkbox","position":1,"required":false,"title_format":"heading","default":"","description_enable":false,"description":"","placeholder_enable":false,"placeholder":"","display":"select","restrictions_type":"any_text","adjust_price":false,"price":"","price_type":"flat_fee","restrictions":false,"min":"0","max":"0","options":[{"label":"Per tillf\u00e4lle","price":"600","price_type":"quantity_based","image":0,"visibility":true}],"id":1773501178},{"name":"Engine to the dinghy","type":"checkbox","position":2,"required":false,"title_format":"heading","default":"","description_enable":false,"description":"","placeholder_enable":false,"placeholder":"","display":"select","restrictions_type":"any_text","adjust_price":false,"price":"","price_type":"flat_fee","restrictions":false,"min":"0","max":"0","options":[{"label":"Per tillf\u00e4lle","price":"500","price_type":"quantity_based","image":0,"visibility":true}],"id":1773501179},{"name":"SUP board, inflatable","type":"checkbox","position":3,"required":false,"title_format":"heading","default":"","description_enable":false,"description":"","placeholder_enable":false,"placeholder":"","display":"select","restrictions_type":"any_text","adjust_price":false,"price":"","price_type":"flat_fee","restrictions":false,"min":"0","max":"0","options":[{"label":"Per tillf\u00e4lle","price":"450","price_type":"quantity_based","image":0,"visibility":true}],"id":1773501180},{"name":"4G Wi-Fi, unlimited","type":"checkbox","position":4,"required":false,"title_format":"heading","default":"","description_enable":false,"description":"","placeholder_enable":false,"placeholder":"","display":"select","restrictions_type":"any_text","adjust_price":false,"price":"","price_type":"flat_fee","restrictions":false,"min":"0","max":"0","options":[{"label":"Per tillf\u00e4lle","price":"450","price_type":"quantity_based","image":0,"visibility":true}],"id":1773501181},{"name":"Linnens","type":"input_multiplier","position":5,"required":false,"title_format":"heading","default":"","description_enable":false,"description":"Lakanset &amp; badhandduk","placeholder_enable":false,"placeholder":"","display":"select","restrictions_type":"any_text","adjust_price":true,"price":"250","price_type":"quantity_based","restrictions":true,"min":"0","max":"8","options":[],"id":1773501182},{"name":"Nautic ability","type":"custom_text","position":6,"required":true,"title_format":"heading","default":"","description_enable":false,"description":"","placeholder_enable":false,"placeholder":"","display":"select","restrictions_type":"any_text","adjust_price":false,"price":"","price_type":"flat_fee","restrictions":false,"min":"0","max":"0","options":[],"id":1773501183}],"yoast_head":"<!-- This site is optimized with the Yoast SEO Premium plugin v27.4 (Yoast SEO v27.5) - https:\/\/yoast.com\/product\/yoast-seo-premium-wordpress\/ -->\n<title>Hyr ny motob\u00e5t Axopar 28 AC - Nautilus Boat Club<\/title>\n<meta name=\"description\" content=\"Hyr Axopar 28 f\u00f6r en bekv\u00e4m och uppleveserik semestervecka! Nautilus Boat Club erbjuder ett m\u00e5ngsidigt och modern b\u00e5tliv.\" \/>\n<meta name=\"robots\" content=\"index, follow, max-snippet:-1, max-image-preview:large, max-video-preview:-1\" \/>\n<link rel=\"canonical\" href=\"https:\/\/nautilus.se\/eng\/hyra-bat\/axopar-28-ac\/\" \/>\n<meta property=\"og:locale\" content=\"en_US\" \/>\n<meta property=\"og:type\" content=\"article\" \/>\n<meta property=\"og:title\" content=\"Axopar 28 AC\" \/>\n<meta property=\"og:description\" content=\"Hyr Axopar 28 f\u00f6r en bekv\u00e4m och uppleveserik semestervecka! Nautilus Boat Club erbjuder ett m\u00e5ngsidigt och modern b\u00e5tliv.\" \/>\n<meta property=\"og:url\" content=\"https:\/\/nautilus.se\/eng\/hyra-bat\/axopar-28-ac\/\" \/>\n<meta property=\"og:site_name\" content=\"Nautilus Boat Club\" \/>\n<meta property=\"article:publisher\" content=\"https:\/\/www.facebook.com\/nautilusboatclub\/\" \/>\n<meta property=\"article:modified_time\" content=\"2026-04-24T04:16:34+00:00\" \/>\n<meta property=\"og:image\" content=\"https:\/\/nautilus.se\/wp-content\/uploads\/2026\/02\/c84882fb12040e0d-large.jpg\" \/>\n\t<meta property=\"og:image:width\" content=\"1436\" \/>\n\t<meta property=\"og:image:height\" content=\"1013\" \/>\n\t<meta property=\"og:image:type\" content=\"image\/jpeg\" \/>\n<meta name=\"twitter:card\" content=\"summary_large_image\" \/>\n<meta name=\"twitter:label1\" content=\"Est. reading time\" \/>\n\t<meta name=\"twitter:data1\" content=\"3 minutes\" \/>\n<script type=\"application\/ld+json\" class=\"yoast-schema-graph\">{\"@context\":\"https:\\\/\\\/schema.org\",\"@graph\":[{\"@type\":\"WebPage\",\"@id\":\"https:\\\/\\\/nautilus.se\\\/hyra-bat\\\/axopar-28-ac\\\/\",\"url\":\"https:\\\/\\\/nautilus.se\\\/hyra-bat\\\/axopar-28-ac\\\/\",\"name\":\"Hyr ny motob\u00e5t Axopar 28 AC - Nautilus Boat Club\",\"isPartOf\":{\"@id\":\"https:\\\/\\\/nautilus.se\\\/#website\"},\"primaryImageOfPage\":{\"@id\":\"https:\\\/\\\/nautilus.se\\\/hyra-bat\\\/axopar-28-ac\\\/#primaryimage\"},\"image\":{\"@id\":\"https:\\\/\\\/nautilus.se\\\/hyra-bat\\\/axopar-28-ac\\\/#primaryimage\"},\"thumbnailUrl\":\"https:\\\/\\\/nautilus.se\\\/wp-content\\\/uploads\\\/2026\\\/02\\\/c84882fb12040e0d-large.jpg\",\"datePublished\":\"2026-02-16T12:52:17+00:00\",\"dateModified\":\"2026-04-24T04:16:34+00:00\",\"description\":\"Hyr Axopar 28 f\u00f6r en bekv\u00e4m och uppleveserik semestervecka! Nautilus Boat Club erbjuder ett m\u00e5ngsidigt och modern b\u00e5tliv.\",\"breadcrumb\":{\"@id\":\"https:\\\/\\\/nautilus.se\\\/hyra-bat\\\/axopar-28-ac\\\/#breadcrumb\"},\"inLanguage\":\"en-US\",\"potentialAction\":[{\"@type\":\"ReadAction\",\"target\":[\"https:\\\/\\\/nautilus.se\\\/hyra-bat\\\/axopar-28-ac\\\/\"]}]},{\"@type\":\"ImageObject\",\"inLanguage\":\"en-US\",\"@id\":\"https:\\\/\\\/nautilus.se\\\/hyra-bat\\\/axopar-28-ac\\\/#primaryimage\",\"url\":\"https:\\\/\\\/nautilus.se\\\/wp-content\\\/uploads\\\/2026\\\/02\\\/c84882fb12040e0d-large.jpg\",\"contentUrl\":\"https:\\\/\\\/nautilus.se\\\/wp-content\\\/uploads\\\/2026\\\/02\\\/c84882fb12040e0d-large.jpg\",\"width\":1436,\"height\":1013,\"caption\":\"Hyr Axopar 28 Cabin\"},{\"@type\":\"BreadcrumbList\",\"@id\":\"https:\\\/\\\/nautilus.se\\\/hyra-bat\\\/axopar-28-ac\\\/#breadcrumb\",\"itemListElement\":[{\"@type\":\"ListItem\",\"position\":1,\"name\":\"Home\",\"item\":\"https:\\\/\\\/nautilus.se\\\/\"},{\"@type\":\"ListItem\",\"position\":2,\"name\":\"Hyr b\u00e5t enkelt och tryggt\",\"item\":\"https:\\\/\\\/nautilus.se\\\/hyra-bat-old\\\/\"},{\"@type\":\"ListItem\",\"position\":3,\"name\":\"Axopar 28 AC\"}]},{\"@type\":\"WebSite\",\"@id\":\"https:\\\/\\\/nautilus.se\\\/#website\",\"url\":\"https:\\\/\\\/nautilus.se\\\/\",\"name\":\"Nautilus Boat Club\",\"description\":\"H\u00e4r kan du hyra b\u00e5t, dela b\u00e5t, del\u00e4ga b\u00e5t och vara med i b\u00e5tpool.\",\"publisher\":{\"@id\":\"https:\\\/\\\/nautilus.se\\\/#organization\"},\"potentialAction\":[{\"@type\":\"SearchAction\",\"target\":{\"@type\":\"EntryPoint\",\"urlTemplate\":\"https:\\\/\\\/nautilus.se\\\/?s={search_term_string}\"},\"query-input\":{\"@type\":\"PropertyValueSpecification\",\"valueRequired\":true,\"valueName\":\"search_term_string\"}}],\"inLanguage\":\"en-US\"},{\"@type\":\"Organization\",\"@id\":\"https:\\\/\\\/nautilus.se\\\/#organization\",\"name\":\"Nautilus Boat Club AB\",\"alternateName\":\"Nautilus Boat Club\",\"url\":\"https:\\\/\\\/nautilus.se\\\/\",\"logo\":{\"@type\":\"ImageObject\",\"inLanguage\":\"en-US\",\"@id\":\"https:\\\/\\\/nautilus.se\\\/#\\\/schema\\\/logo\\\/image\\\/\",\"url\":\"https:\\\/\\\/nautilus.se\\\/wp-content\\\/uploads\\\/2022\\\/10\\\/Nautilus-shell-blue-back-w-logo.png\",\"contentUrl\":\"https:\\\/\\\/nautilus.se\\\/wp-content\\\/uploads\\\/2022\\\/10\\\/Nautilus-shell-blue-back-w-logo.png\",\"width\":1755,\"height\":1130,\"caption\":\"Nautilus Boat Club AB\"},\"image\":{\"@id\":\"https:\\\/\\\/nautilus.se\\\/#\\\/schema\\\/logo\\\/image\\\/\"},\"sameAs\":[\"https:\\\/\\\/www.facebook.com\\\/nautilusboatclub\\\/\",\"https:\\\/\\\/www.instagram.com\\\/nautilusboatclub\\\/\",\"https:\\\/\\\/www.linkedin.com\\\/company\\\/4998214\\\/admin\\\/\",\"https:\\\/\\\/www.youtube.com\\\/channel\\\/UCrhrs3yv-t72B5igMm2keKQ\\\/videos?app=desktop\"]}]}<\/script>\n<!-- \/ Yoast SEO Premium plugin. -->","yoast_head_json":{"title":"Hyr ny motob\u00e5t Axopar 28 AC - Nautilus Boat Club","description":"Hyr Axopar 28 f\u00f6r en bekv\u00e4m och uppleveserik semestervecka! Nautilus Boat Club erbjuder ett m\u00e5ngsidigt och modern b\u00e5tliv.","robots":{"index":"index","follow":"follow","max-snippet":"max-snippet:-1","max-image-preview":"max-image-preview:large","max-video-preview":"max-video-preview:-1"},"canonical":"https:\/\/nautilus.se\/eng\/hyra-bat\/axopar-28-ac\/","og_locale":"en_US","og_type":"article","og_title":"Axopar 28 AC","og_description":"Hyr Axopar 28 f\u00f6r en bekv\u00e4m och uppleveserik semestervecka! Nautilus Boat Club erbjuder ett m\u00e5ngsidigt och modern b\u00e5tliv.","og_url":"https:\/\/nautilus.se\/eng\/hyra-bat\/axopar-28-ac\/","og_site_name":"Nautilus Boat Club","article_publisher":"https:\/\/www.facebook.com\/nautilusboatclub\/","article_modified_time":"2026-04-24T04:16:34+00:00","og_image":[{"width":1436,"height":1013,"url":"https:\/\/nautilus.se\/wp-content\/uploads\/2026\/02\/c84882fb12040e0d-large.jpg","type":"image\/jpeg"}],"twitter_card":"summary_large_image","twitter_misc":{"Est. reading time":"3 minutes"},"schema":{"@context":"https:\/\/schema.org","@graph":[{"@type":"WebPage","@id":"https:\/\/nautilus.se\/hyra-bat\/axopar-28-ac\/","url":"https:\/\/nautilus.se\/hyra-bat\/axopar-28-ac\/","name":"Hyr ny motob\u00e5t Axopar 28 AC - Nautilus Boat Club","isPartOf":{"@id":"https:\/\/nautilus.se\/#website"},"primaryImageOfPage":{"@id":"https:\/\/nautilus.se\/hyra-bat\/axopar-28-ac\/#primaryimage"},"image":{"@id":"https:\/\/nautilus.se\/hyra-bat\/axopar-28-ac\/#primaryimage"},"thumbnailUrl":"https:\/\/nautilus.se\/wp-content\/uploads\/2026\/02\/c84882fb12040e0d-large.jpg","datePublished":"2026-02-16T12:52:17+00:00","dateModified":"2026-04-24T04:16:34+00:00","description":"Hyr Axopar 28 f\u00f6r en bekv\u00e4m och uppleveserik semestervecka! Nautilus Boat Club erbjuder ett m\u00e5ngsidigt och modern b\u00e5tliv.","breadcrumb":{"@id":"https:\/\/nautilus.se\/hyra-bat\/axopar-28-ac\/#breadcrumb"},"inLanguage":"en-US","potentialAction":[{"@type":"ReadAction","target":["https:\/\/nautilus.se\/hyra-bat\/axopar-28-ac\/"]}]},{"@type":"ImageObject","inLanguage":"en-US","@id":"https:\/\/nautilus.se\/hyra-bat\/axopar-28-ac\/#primaryimage","url":"https:\/\/nautilus.se\/wp-content\/uploads\/2026\/02\/c84882fb12040e0d-large.jpg","contentUrl":"https:\/\/nautilus.se\/wp-content\/uploads\/2026\/02\/c84882fb12040e0d-large.jpg","width":1436,"height":1013,"caption":"Hyr Axopar 28 Cabin"},{"@type":"BreadcrumbList","@id":"https:\/\/nautilus.se\/hyra-bat\/axopar-28-ac\/#breadcrumb","itemListElement":[{"@type":"ListItem","position":1,"name":"Home","item":"https:\/\/nautilus.se\/"},{"@type":"ListItem","position":2,"name":"Hyr b\u00e5t enkelt och tryggt","item":"https:\/\/nautilus.se\/hyra-bat-old\/"},{"@type":"ListItem","position":3,"name":"Axopar 28 AC"}]},{"@type":"WebSite","@id":"https:\/\/nautilus.se\/#website","url":"https:\/\/nautilus.se\/","name":"Nautilus Boat Club","description":"H\u00e4r kan du hyra b\u00e5t, dela b\u00e5t, del\u00e4ga b\u00e5t och vara med i b\u00e5tpool.","publisher":{"@id":"https:\/\/nautilus.se\/#organization"},"potentialAction":[{"@type":"SearchAction","target":{"@type":"EntryPoint","urlTemplate":"https:\/\/nautilus.se\/?s={search_term_string}"},"query-input":{"@type":"PropertyValueSpecification","valueRequired":true,"valueName":"search_term_string"}}],"inLanguage":"en-US"},{"@type":"Organization","@id":"https:\/\/nautilus.se\/#organization","name":"Nautilus Boat Club AB","alternateName":"Nautilus Boat Club","url":"https:\/\/nautilus.se\/","logo":{"@type":"ImageObject","inLanguage":"en-US","@id":"https:\/\/nautilus.se\/#\/schema\/logo\/image\/","url":"https:\/\/nautilus.se\/wp-content\/uploads\/2022\/10\/Nautilus-shell-blue-back-w-logo.png","contentUrl":"https:\/\/nautilus.se\/wp-content\/uploads\/2022\/10\/Nautilus-shell-blue-back-w-logo.png","width":1755,"height":1130,"caption":"Nautilus Boat Club AB"},"image":{"@id":"https:\/\/nautilus.se\/#\/schema\/logo\/image\/"},"sameAs":["https:\/\/www.facebook.com\/nautilusboatclub\/","https:\/\/www.instagram.com\/nautilusboatclub\/","https:\/\/www.linkedin.com\/company\/4998214\/admin\/","https:\/\/www.youtube.com\/channel\/UCrhrs3yv-t72B5igMm2keKQ\/videos?app=desktop"]}]}},"_links":{"self":[{"href":"https:\/\/nautilus.se\/eng\/wp-json\/wp\/v2\/product\/32090","targetHints":{"allow":["GET"]}}],"collection":[{"href":"https:\/\/nautilus.se\/eng\/wp-json\/wp\/v2\/product"}],"about":[{"href":"https:\/\/nautilus.se\/eng\/wp-json\/wp\/v2\/types\/product"}],"version-history":[{"count":7,"href":"https:\/\/nautilus.se\/eng\/wp-json\/wp\/v2\/product\/32090\/revisions"}],"predecessor-version":[{"id":32234,"href":"https:\/\/nautilus.se\/eng\/wp-json\/wp\/v2\/product\/32090\/revisions\/32234"}],"wp:featuredmedia":[{"embeddable":true,"href":"https:\/\/nautilus.se\/eng\/wp-json\/wp\/v2\/media\/32091"}],"wp:attachment":[{"href":"https:\/\/nautilus.se\/eng\/wp-json\/wp\/v2\/media?parent=32090"}],"wp:term":[{"taxonomy":"product_brand","embeddable":true,"href":"https:\/\/nautilus.se\/eng\/wp-json\/wp\/v2\/product_brand?post=32090"},{"taxonomy":"product_cat","embeddable":true,"href":"https:\/\/nautilus.se\/eng\/wp-json\/wp\/v2\/product_cat?post=32090"},{"taxonomy":"product_tag","embeddable":true,"href":"https:\/\/nautilus.se\/eng\/wp-json\/wp\/v2\/product_tag?post=32090"}],"curies":[{"name":"wp","href":"https:\/\/api.w.org\/{rel}","templated":true}]}}