{"id":4290,"date":"2021-03-25T22:39:36","date_gmt":"2021-03-25T21:39:36","guid":{"rendered":"https:\/\/nautilus.se\/?post_type=product&#038;p=4290"},"modified":"2026-03-06T14:50:24","modified_gmt":"2026-03-06T12:50:24","slug":"uttern_t59","status":"publish","type":"product","link":"https:\/\/nautilus.se\/eng\/hyra-bat\/uttern_t59\/","title":{"rendered":"Uttern T59"},"content":{"rendered":"<p>Uttern T59 \u00e4r en rymlig bowrider med en modern design och h\u00f6g funktionalitet. Perfekt f\u00f6r dagsutflykter. Den har klassens st\u00f6rsta br\u00e4nsletank (160 L) och en effektiv och stark 115-hk motor, vilket ger en behaglig marchfart p\u00e5 runt 25knop. Sittbrunnen i f\u00f6ren kan enkelt g\u00f6ras om till solb\u00e4dd, f\u00f6rarplatsen \u00e4r ergonomisk och b\u00e5ten har tv\u00e5 gener\u00f6sa badplattformar p\u00e5 aktern.<\/p>\n<p>&nbsp;<\/p>\n<h3>Safe rentals<\/h3>\n<p>N\u00e4r du hyr b\u00e5t via Nautilus Boat Club ing\u00e5r alltid snabb support.<br \/>\nIf issues occur during your rental, we are always quick to arrive and correct this on the spot.<\/p>\n<p>&nbsp;<\/p>\n<p>Privately owned and chartered by Nautilus<br \/>\nIncheckning: fr\u00e5n kl 10.00<br \/>\nUtcheckning: senast kl 18.00<br \/>\nDjur till\u00e5tet<br \/>\nParkering finns mot mindre dagavgift<br \/>\nAvbokning senast 4 dagar innan<br \/>\n\u00c5ldersgr\u00e4ns 25 \u00e5r<br \/>\nDeposition\/sj\u00e4lvrisk: 10.000kr<br \/>\nHamn: Gustavsberg, V\u00e4rmd\u00f6<\/p>\n<p>&nbsp;<\/p>\n<div class=\"right\">\n<h3>Equipment:<\/h3>\n<ul>\n<li>Simrad 9-inch plotter<\/li>\n<li>Fusion Bluetooth stereo<\/li>\n<li>Dynor i f\u00f6ren<\/li>\n<li>Freshwater tank 40l<\/li>\n<li>Shower on the stern<\/li>\n<li>Yachting chart, Stockholm's middle and northern archipelagos<\/li>\n<li>Life jackets<\/li>\n<li>12V socket<\/li>\n<li>Fenders, boat hook, ropes<\/li>\n<li>Anchor and mooring wedges<\/li>\n<\/ul>\n<\/div>","protected":false},"excerpt":{"rendered":"<p>Bokas 1-4 dagar.<br \/>\nKlicka p\u00e5 \u00f6nskad period f\u00f6r aktuellt pris.<\/p>","protected":false},"featured_media":1659,"template":"","meta":[],"product_brand":[306],"product_cat":[294,18],"product_tag":[85],"class_list":{"0":"post-4290","1":"product","2":"type-product","3":"status-publish","4":"has-post-thumbnail","6":"product_brand-uttern","7":"product_cat-korttidshyra","8":"product_cat-motorbatar","9":"product_tag-gustavsberg","11":"first","12":"instock","13":"virtual","14":"sold-individually","15":"taxable","16":"purchasable","17":"product-type-booking"},"booking_location":"","booking_location_type":"","booking_duration":1,"booking_duration_unit":"day","booking_buffer":0,"booking_cost":2000,"booking_resources":[1079],"exclude_global_add_ons":[],"addons":[],"yoast_head":"<!-- This site is optimized with the Yoast SEO Premium plugin v27.4 (Yoast SEO v27.5) - https:\/\/yoast.com\/product\/yoast-seo-premium-wordpress\/ -->\n<title>Boka Uttern T59 - Nautilus Boat Club<\/title>\n<meta name=\"description\" content=\"Boka Uttern T59 - Nautilus Boat Club\" \/>\n<meta name=\"robots\" content=\"index, follow, max-snippet:-1, max-image-preview:large, max-video-preview:-1\" \/>\n<link rel=\"canonical\" href=\"https:\/\/nautilus.se\/eng\/hyra-bat\/uttern_t59\/\" \/>\n<meta property=\"og:locale\" content=\"en_US\" \/>\n<meta property=\"og:type\" content=\"article\" \/>\n<meta property=\"og:title\" content=\"Uttern T59\" \/>\n<meta property=\"og:description\" content=\"Boka Uttern T59 - Nautilus Boat Club\" \/>\n<meta property=\"og:url\" content=\"https:\/\/nautilus.se\/eng\/hyra-bat\/uttern_t59\/\" \/>\n<meta property=\"og:site_name\" content=\"Nautilus Boat Club\" \/>\n<meta property=\"article:publisher\" content=\"https:\/\/www.facebook.com\/nautilusboatclub\/\" \/>\n<meta property=\"article:modified_time\" content=\"2026-03-06T12:50:24+00:00\" \/>\n<meta property=\"og:image\" content=\"https:\/\/nautilus.se\/wp-content\/uploads\/2020\/08\/Uttern-T59-2.jpg\" \/>\n\t<meta property=\"og:image:width\" content=\"1500\" \/>\n\t<meta property=\"og:image:height\" content=\"1200\" \/>\n\t<meta property=\"og:image:type\" content=\"image\/jpeg\" \/>\n<meta name=\"twitter:card\" content=\"summary_large_image\" \/>\n<meta name=\"twitter:label1\" content=\"Est. reading time\" \/>\n\t<meta name=\"twitter:data1\" content=\"1 minute\" \/>\n<script type=\"application\/ld+json\" class=\"yoast-schema-graph\">{\"@context\":\"https:\\\/\\\/schema.org\",\"@graph\":[{\"@type\":\"WebPage\",\"@id\":\"https:\\\/\\\/nautilus.se\\\/hyra-bat\\\/uttern_t59\\\/\",\"url\":\"https:\\\/\\\/nautilus.se\\\/hyra-bat\\\/uttern_t59\\\/\",\"name\":\"Boka Uttern T59 - Nautilus Boat Club\",\"isPartOf\":{\"@id\":\"https:\\\/\\\/nautilus.se\\\/#website\"},\"primaryImageOfPage\":{\"@id\":\"https:\\\/\\\/nautilus.se\\\/hyra-bat\\\/uttern_t59\\\/#primaryimage\"},\"image\":{\"@id\":\"https:\\\/\\\/nautilus.se\\\/hyra-bat\\\/uttern_t59\\\/#primaryimage\"},\"thumbnailUrl\":\"https:\\\/\\\/nautilus.se\\\/wp-content\\\/uploads\\\/2020\\\/08\\\/Uttern-T59-2.jpg\",\"datePublished\":\"2021-03-25T21:39:36+00:00\",\"dateModified\":\"2026-03-06T12:50:24+00:00\",\"description\":\"Boka Uttern T59 - Nautilus Boat Club\",\"breadcrumb\":{\"@id\":\"https:\\\/\\\/nautilus.se\\\/hyra-bat\\\/uttern_t59\\\/#breadcrumb\"},\"inLanguage\":\"en-US\",\"potentialAction\":[{\"@type\":\"ReadAction\",\"target\":[\"https:\\\/\\\/nautilus.se\\\/hyra-bat\\\/uttern_t59\\\/\"]}]},{\"@type\":\"ImageObject\",\"inLanguage\":\"en-US\",\"@id\":\"https:\\\/\\\/nautilus.se\\\/hyra-bat\\\/uttern_t59\\\/#primaryimage\",\"url\":\"https:\\\/\\\/nautilus.se\\\/wp-content\\\/uploads\\\/2020\\\/08\\\/Uttern-T59-2.jpg\",\"contentUrl\":\"https:\\\/\\\/nautilus.se\\\/wp-content\\\/uploads\\\/2020\\\/08\\\/Uttern-T59-2.jpg\",\"width\":1500,\"height\":1200,\"caption\":\"Hyr Uttern T59\"},{\"@type\":\"BreadcrumbList\",\"@id\":\"https:\\\/\\\/nautilus.se\\\/hyra-bat\\\/uttern_t59\\\/#breadcrumb\",\"itemListElement\":[{\"@type\":\"ListItem\",\"position\":1,\"name\":\"Home\",\"item\":\"https:\\\/\\\/nautilus.se\\\/\"},{\"@type\":\"ListItem\",\"position\":2,\"name\":\"Hyr b\u00e5t enkelt och tryggt\",\"item\":\"https:\\\/\\\/nautilus.se\\\/hyra-bat-old\\\/\"},{\"@type\":\"ListItem\",\"position\":3,\"name\":\"Uttern T59\"}]},{\"@type\":\"WebSite\",\"@id\":\"https:\\\/\\\/nautilus.se\\\/#website\",\"url\":\"https:\\\/\\\/nautilus.se\\\/\",\"name\":\"Nautilus Boat Club\",\"description\":\"H\u00e4r kan du hyra b\u00e5t, dela b\u00e5t, del\u00e4ga b\u00e5t och vara med i b\u00e5tpool.\",\"publisher\":{\"@id\":\"https:\\\/\\\/nautilus.se\\\/#organization\"},\"potentialAction\":[{\"@type\":\"SearchAction\",\"target\":{\"@type\":\"EntryPoint\",\"urlTemplate\":\"https:\\\/\\\/nautilus.se\\\/?s={search_term_string}\"},\"query-input\":{\"@type\":\"PropertyValueSpecification\",\"valueRequired\":true,\"valueName\":\"search_term_string\"}}],\"inLanguage\":\"en-US\"},{\"@type\":\"Organization\",\"@id\":\"https:\\\/\\\/nautilus.se\\\/#organization\",\"name\":\"Nautilus Boat Club AB\",\"alternateName\":\"Nautilus Boat Club\",\"url\":\"https:\\\/\\\/nautilus.se\\\/\",\"logo\":{\"@type\":\"ImageObject\",\"inLanguage\":\"en-US\",\"@id\":\"https:\\\/\\\/nautilus.se\\\/#\\\/schema\\\/logo\\\/image\\\/\",\"url\":\"https:\\\/\\\/nautilus.se\\\/wp-content\\\/uploads\\\/2022\\\/10\\\/Nautilus-shell-blue-back-w-logo.png\",\"contentUrl\":\"https:\\\/\\\/nautilus.se\\\/wp-content\\\/uploads\\\/2022\\\/10\\\/Nautilus-shell-blue-back-w-logo.png\",\"width\":1755,\"height\":1130,\"caption\":\"Nautilus Boat Club AB\"},\"image\":{\"@id\":\"https:\\\/\\\/nautilus.se\\\/#\\\/schema\\\/logo\\\/image\\\/\"},\"sameAs\":[\"https:\\\/\\\/www.facebook.com\\\/nautilusboatclub\\\/\",\"https:\\\/\\\/www.instagram.com\\\/nautilusboatclub\\\/\",\"https:\\\/\\\/www.linkedin.com\\\/company\\\/4998214\\\/admin\\\/\",\"https:\\\/\\\/www.youtube.com\\\/channel\\\/UCrhrs3yv-t72B5igMm2keKQ\\\/videos?app=desktop\"]}]}<\/script>\n<!-- \/ Yoast SEO Premium plugin. -->","yoast_head_json":{"title":"Boka Uttern T59 - Nautilus Boat Club","description":"Boka Uttern T59 - Nautilus Boat Club","robots":{"index":"index","follow":"follow","max-snippet":"max-snippet:-1","max-image-preview":"max-image-preview:large","max-video-preview":"max-video-preview:-1"},"canonical":"https:\/\/nautilus.se\/eng\/hyra-bat\/uttern_t59\/","og_locale":"en_US","og_type":"article","og_title":"Uttern T59","og_description":"Boka Uttern T59 - Nautilus Boat Club","og_url":"https:\/\/nautilus.se\/eng\/hyra-bat\/uttern_t59\/","og_site_name":"Nautilus Boat Club","article_publisher":"https:\/\/www.facebook.com\/nautilusboatclub\/","article_modified_time":"2026-03-06T12:50:24+00:00","og_image":[{"width":1500,"height":1200,"url":"https:\/\/nautilus.se\/wp-content\/uploads\/2020\/08\/Uttern-T59-2.jpg","type":"image\/jpeg"}],"twitter_card":"summary_large_image","twitter_misc":{"Est. reading time":"1 minute"},"schema":{"@context":"https:\/\/schema.org","@graph":[{"@type":"WebPage","@id":"https:\/\/nautilus.se\/hyra-bat\/uttern_t59\/","url":"https:\/\/nautilus.se\/hyra-bat\/uttern_t59\/","name":"Boka Uttern T59 - Nautilus Boat Club","isPartOf":{"@id":"https:\/\/nautilus.se\/#website"},"primaryImageOfPage":{"@id":"https:\/\/nautilus.se\/hyra-bat\/uttern_t59\/#primaryimage"},"image":{"@id":"https:\/\/nautilus.se\/hyra-bat\/uttern_t59\/#primaryimage"},"thumbnailUrl":"https:\/\/nautilus.se\/wp-content\/uploads\/2020\/08\/Uttern-T59-2.jpg","datePublished":"2021-03-25T21:39:36+00:00","dateModified":"2026-03-06T12:50:24+00:00","description":"Boka Uttern T59 - Nautilus Boat Club","breadcrumb":{"@id":"https:\/\/nautilus.se\/hyra-bat\/uttern_t59\/#breadcrumb"},"inLanguage":"en-US","potentialAction":[{"@type":"ReadAction","target":["https:\/\/nautilus.se\/hyra-bat\/uttern_t59\/"]}]},{"@type":"ImageObject","inLanguage":"en-US","@id":"https:\/\/nautilus.se\/hyra-bat\/uttern_t59\/#primaryimage","url":"https:\/\/nautilus.se\/wp-content\/uploads\/2020\/08\/Uttern-T59-2.jpg","contentUrl":"https:\/\/nautilus.se\/wp-content\/uploads\/2020\/08\/Uttern-T59-2.jpg","width":1500,"height":1200,"caption":"Hyr Uttern T59"},{"@type":"BreadcrumbList","@id":"https:\/\/nautilus.se\/hyra-bat\/uttern_t59\/#breadcrumb","itemListElement":[{"@type":"ListItem","position":1,"name":"Home","item":"https:\/\/nautilus.se\/"},{"@type":"ListItem","position":2,"name":"Hyr b\u00e5t enkelt och tryggt","item":"https:\/\/nautilus.se\/hyra-bat-old\/"},{"@type":"ListItem","position":3,"name":"Uttern T59"}]},{"@type":"WebSite","@id":"https:\/\/nautilus.se\/#website","url":"https:\/\/nautilus.se\/","name":"Nautilus Boat Club","description":"H\u00e4r kan du hyra b\u00e5t, dela b\u00e5t, del\u00e4ga b\u00e5t och vara med i b\u00e5tpool.","publisher":{"@id":"https:\/\/nautilus.se\/#organization"},"potentialAction":[{"@type":"SearchAction","target":{"@type":"EntryPoint","urlTemplate":"https:\/\/nautilus.se\/?s={search_term_string}"},"query-input":{"@type":"PropertyValueSpecification","valueRequired":true,"valueName":"search_term_string"}}],"inLanguage":"en-US"},{"@type":"Organization","@id":"https:\/\/nautilus.se\/#organization","name":"Nautilus Boat Club AB","alternateName":"Nautilus Boat Club","url":"https:\/\/nautilus.se\/","logo":{"@type":"ImageObject","inLanguage":"en-US","@id":"https:\/\/nautilus.se\/#\/schema\/logo\/image\/","url":"https:\/\/nautilus.se\/wp-content\/uploads\/2022\/10\/Nautilus-shell-blue-back-w-logo.png","contentUrl":"https:\/\/nautilus.se\/wp-content\/uploads\/2022\/10\/Nautilus-shell-blue-back-w-logo.png","width":1755,"height":1130,"caption":"Nautilus Boat Club AB"},"image":{"@id":"https:\/\/nautilus.se\/#\/schema\/logo\/image\/"},"sameAs":["https:\/\/www.facebook.com\/nautilusboatclub\/","https:\/\/www.instagram.com\/nautilusboatclub\/","https:\/\/www.linkedin.com\/company\/4998214\/admin\/","https:\/\/www.youtube.com\/channel\/UCrhrs3yv-t72B5igMm2keKQ\/videos?app=desktop"]}]}},"_links":{"self":[{"href":"https:\/\/nautilus.se\/eng\/wp-json\/wp\/v2\/product\/4290","targetHints":{"allow":["GET"]}}],"collection":[{"href":"https:\/\/nautilus.se\/eng\/wp-json\/wp\/v2\/product"}],"about":[{"href":"https:\/\/nautilus.se\/eng\/wp-json\/wp\/v2\/types\/product"}],"version-history":[{"count":7,"href":"https:\/\/nautilus.se\/eng\/wp-json\/wp\/v2\/product\/4290\/revisions"}],"predecessor-version":[{"id":32379,"href":"https:\/\/nautilus.se\/eng\/wp-json\/wp\/v2\/product\/4290\/revisions\/32379"}],"wp:featuredmedia":[{"embeddable":true,"href":"https:\/\/nautilus.se\/eng\/wp-json\/wp\/v2\/media\/1659"}],"wp:attachment":[{"href":"https:\/\/nautilus.se\/eng\/wp-json\/wp\/v2\/media?parent=4290"}],"wp:term":[{"taxonomy":"product_brand","embeddable":true,"href":"https:\/\/nautilus.se\/eng\/wp-json\/wp\/v2\/product_brand?post=4290"},{"taxonomy":"product_cat","embeddable":true,"href":"https:\/\/nautilus.se\/eng\/wp-json\/wp\/v2\/product_cat?post=4290"},{"taxonomy":"product_tag","embeddable":true,"href":"https:\/\/nautilus.se\/eng\/wp-json\/wp\/v2\/product_tag?post=4290"}],"curies":[{"name":"wp","href":"https:\/\/api.w.org\/{rel}","templated":true}]}}