{"id":4622,"date":"2021-04-05T18:41:42","date_gmt":"2021-04-05T17:41:42","guid":{"rendered":"https:\/\/nautilus.se\/?post_type=product&#038;p=4622"},"modified":"2026-03-06T12:25:04","modified_gmt":"2026-03-06T10:25:04","slug":"jeanneau-sun-odyssey-51-madonna","status":"publish","type":"product","link":"https:\/\/nautilus.se\/eng\/hyra-bat\/jeanneau-sun-odyssey-51-madonna\/","title":{"rendered":"Jeanneau Sun Odyssey 51"},"content":{"rendered":"<div class=\"container\">\n<div class=\"left\">\n<p style=\"background: white; margin: 0cm 0cm 21.0pt 0cm;\"><span style=\"font-family: 'Arial',sans-serif; color: #444444;\">En perfekt cruisingb\u00e5t till familjesemestrar f\u00f6r den stora familjen. Jeanneau Sun Oddyssey 51 tillhandah\u00e5ller hela 3 kabiner med dubbelkoj i vardera, plus en enklare crew cabin i f\u00f6ren. H\u00e4r finns 3 badrum med WC, varmvatten och dusch. I salongen finns det plats f\u00f6r det st\u00f6rre s\u00e4llskapet att umg\u00e5s, h\u00e4r finns \u00e4ven en TV och ett gener\u00f6st och v\u00e4lutrustat pentry. B\u00e5ten \u00e4r \u00e4ven f\u00f6rsedd med ytterligare bekv\u00e4m utrustning som bland annat autopilot, elektriskt ankarspel i f\u00f6ren och genua p\u00e5 rulle. <\/span><\/p>\n<p style=\"background: white; margin: 0cm 0cm 21.0pt 0cm;\"><span style=\"font-family: 'Arial',sans-serif; color: #444444;\">This boat is also available to book for charter with skipper. Contact us to get a quote!<\/span><\/p>\n<\/div>\n<div class=\"left\">\n<h3>Safe rentals<\/h3>\n<p>When you rent a boat from Nautilus Boat Club, fast assistance is always included.<br \/>\nIf issues occur during your rental, we are always quick to arrive and correct this on the spot.<\/p>\n<div class=\"left\">\n<p>&nbsp;<\/p>\n<\/div>\n<p>Down payment\/deposit at 30%. Residue 30 days before check-in.<br \/>\nBoater certificate and experience are required.<br \/>\nIncheckning fr\u00e5n kl 10.00<br \/>\nCheck-out: at 15.00<br \/>\nDjur och r\u00f6kning ej till\u00e5tet<br \/>\nFree parking exists<br \/>\nBookable: 7-21 days<br \/>\nCancellation: 30 days in advance<br \/>\n\u00c5ldersgr\u00e4ns: 25 \u00e5r<br \/>\nDeposition\/sj\u00e4lvrisk: 15.000kr<br \/>\nHamn: Gustavsberg, V\u00e4rmd\u00f6<\/p>\n<p>&nbsp;<\/p>\n<p><strong>Priser f\u00f6r 7 dagar<\/strong><br \/>\nPeak season 7\/7 &#8211; 11\/8:\u00a0 \u00a0 \u00a0 \u00a0 \u00a0 \u00a0 \u00a0 \u00a0 \u00a0 \u00a0 \u00a0 \u00a0 \u00a0 \u00a0 32 000kr<br \/>\nMid season\u00a0 \u00a016\/6 &#8211; 6\/7 och 12\/8 &#8211; 31\/8: 28 800kr<br \/>\nLow season\u00a0 \u00a0Innan 15\/6 efter 1\/9:\u00a0 \u00a0 \u00a0 \u00a0 \u00a0 \u00a025 920kr<\/p>\n<p>&nbsp;<\/p>\n<\/div>\n<div class=\"right\">\n<h3>Equipment:<\/h3>\n<ul>\n<li>Land current connection with charger and 230V socket<\/li>\n<li>Raymarine plotter<\/li>\n<li>Autopilot<\/li>\n<li>Electric windlass in the bow<\/li>\n<li>Genoa on furling<\/li>\n<li>Hot water<\/li>\n<li>Point with folding ladder<\/li>\n<li>Large cooler<\/li>\n<li>Gas cooker with 2 flames and oven<\/li>\n<li>Hot and cold pressurized water by the sink<\/li>\n<li>Heater<\/li>\n<li>Complete kitchen-ware for 8 people<\/li>\n<li>Blankets and pillows for 6 people<\/li>\n<\/ul>\n<p>&nbsp;<\/p>\n<\/div>\n<\/div>","protected":false},"excerpt":{"rendered":"<p>At least the Coastal skipper certificate of competence and earlier experience are requirements.<br \/>\nClick on the desired days of your rental to view the current price.<\/p>","protected":false},"featured_media":4624,"template":"","meta":[],"product_brand":[305],"product_cat":[19,293],"product_tag":[85],"class_list":{"0":"post-4622","1":"product","2":"type-product","3":"status-publish","4":"has-post-thumbnail","6":"product_brand-jeanneau","7":"product_cat-segelbatar","8":"product_cat-veckohyra","9":"product_tag-gustavsberg","11":"first","12":"instock","13":"virtual","14":"sold-individually","15":"taxable","16":"purchasable","17":"product-type-booking"},"booking_location":"","booking_location_type":"","booking_duration":1,"booking_duration_unit":"day","booking_buffer":0,"booking_cost":4000,"booking_resources":[4623],"exclude_global_add_ons":false,"addons":[{"name":"Final cleaning","type":"checkbox","position":0,"required":false,"title_format":"heading","default":"","description_enable":false,"description":"","placeholder_enable":false,"placeholder":"","display":"select","restrictions_type":"any_text","adjust_price":false,"price":"","price_type":"flat_fee","restrictions":false,"min":"0","max":"0","options":[{"label":"Pris","price":"1500","price_type":"quantity_based","image":0,"visibility":true}],"id":1773501177},{"name":"Rubber dinghy","type":"checkbox","position":1,"required":false,"title_format":"heading","default":"","description_enable":false,"description":"","placeholder_enable":false,"placeholder":"","display":"select","restrictions_type":"any_text","adjust_price":false,"price":"","price_type":"flat_fee","restrictions":false,"min":"0","max":"0","options":[{"label":"Per tillf\u00e4lle","price":"600","price_type":"quantity_based","image":0,"visibility":true}],"id":1773501178},{"name":"Engine to the dinghy","type":"checkbox","position":2,"required":false,"title_format":"heading","default":"","description_enable":false,"description":"","placeholder_enable":false,"placeholder":"","display":"select","restrictions_type":"any_text","adjust_price":false,"price":"","price_type":"flat_fee","restrictions":false,"min":"0","max":"0","options":[{"label":"Per tillf\u00e4lle","price":"500","price_type":"quantity_based","image":0,"visibility":true}],"id":1773501179},{"name":"SUP board, inflatable","type":"checkbox","position":3,"required":false,"title_format":"heading","default":"","description_enable":false,"description":"","placeholder_enable":false,"placeholder":"","display":"select","restrictions_type":"any_text","adjust_price":false,"price":"","price_type":"flat_fee","restrictions":false,"min":"0","max":"0","options":[{"label":"Per tillf\u00e4lle","price":"450","price_type":"quantity_based","image":0,"visibility":true}],"id":1773501180},{"name":"4G Wi-Fi, unlimited","type":"checkbox","position":4,"required":false,"title_format":"heading","default":"","description_enable":false,"description":"","placeholder_enable":false,"placeholder":"","display":"select","restrictions_type":"any_text","adjust_price":false,"price":"","price_type":"flat_fee","restrictions":false,"min":"0","max":"0","options":[{"label":"Per tillf\u00e4lle","price":"450","price_type":"quantity_based","image":0,"visibility":true}],"id":1773501181},{"name":"Linnens","type":"input_multiplier","position":5,"required":false,"title_format":"heading","default":"","description_enable":false,"description":"Lakanset &amp; badhandduk","placeholder_enable":false,"placeholder":"","display":"select","restrictions_type":"any_text","adjust_price":true,"price":"250","price_type":"quantity_based","restrictions":true,"min":"0","max":"8","options":[],"id":1773501182},{"name":"Nautic ability","type":"custom_text","position":6,"required":true,"title_format":"heading","default":"","description_enable":false,"description":"","placeholder_enable":false,"placeholder":"","display":"select","restrictions_type":"any_text","adjust_price":false,"price":"","price_type":"flat_fee","restrictions":false,"min":"0","max":"0","options":[],"id":1773501183}],"yoast_head":"<!-- This site is optimized with the Yoast SEO Premium plugin v27.3 (Yoast SEO v27.4) - https:\/\/yoast.com\/product\/yoast-seo-premium-wordpress\/ -->\n<title>Hyr Jeanneau Sun Odyssey 51 - Nautilus Boat Club<\/title>\n<meta name=\"description\" content=\"Hyr Jeanneau Sun Odyssey 51 f\u00f6r en bekv\u00e4m och upplevelserik semestervecka! Nautilus Boat Club erbjuder ett m\u00e5ngsidigt och modern b\u00e5tliv.\" \/>\n<meta name=\"robots\" content=\"index, follow, max-snippet:-1, max-image-preview:large, max-video-preview:-1\" \/>\n<link rel=\"canonical\" href=\"https:\/\/nautilus.se\/eng\/hyra-bat\/jeanneau-sun-odyssey-51-madonna\/\" \/>\n<meta property=\"og:locale\" content=\"en_US\" \/>\n<meta property=\"og:type\" content=\"article\" \/>\n<meta property=\"og:title\" content=\"Jeanneau Sun Odyssey 51\" \/>\n<meta property=\"og:description\" content=\"Hyr Jeanneau Sun Odyssey 51 f\u00f6r en bekv\u00e4m och upplevelserik semestervecka! Nautilus Boat Club erbjuder ett m\u00e5ngsidigt och modern b\u00e5tliv.\" \/>\n<meta property=\"og:url\" content=\"https:\/\/nautilus.se\/eng\/hyra-bat\/jeanneau-sun-odyssey-51-madonna\/\" \/>\n<meta property=\"og:site_name\" content=\"Nautilus Boat Club\" \/>\n<meta property=\"article:publisher\" content=\"https:\/\/www.facebook.com\/nautilusboatclub\/\" \/>\n<meta property=\"article:modified_time\" content=\"2026-03-06T10:25:04+00:00\" \/>\n<meta property=\"og:image\" content=\"https:\/\/nautilus.se\/wp-content\/uploads\/2021\/04\/Madonna-fra\u030an-sidan.jpg\" \/>\n\t<meta property=\"og:image:width\" content=\"1936\" \/>\n\t<meta property=\"og:image:height\" content=\"1288\" \/>\n\t<meta property=\"og:image:type\" content=\"image\/jpeg\" \/>\n<meta name=\"twitter:card\" content=\"summary_large_image\" \/>\n<meta name=\"twitter:label1\" content=\"Est. reading time\" \/>\n\t<meta name=\"twitter:data1\" content=\"2 minutes\" \/>\n<script type=\"application\/ld+json\" class=\"yoast-schema-graph\">{\"@context\":\"https:\\\/\\\/schema.org\",\"@graph\":[{\"@type\":\"WebPage\",\"@id\":\"https:\\\/\\\/nautilus.se\\\/hyra-bat\\\/jeanneau-sun-odyssey-51-madonna\\\/\",\"url\":\"https:\\\/\\\/nautilus.se\\\/hyra-bat\\\/jeanneau-sun-odyssey-51-madonna\\\/\",\"name\":\"Hyr Jeanneau Sun Odyssey 51 - Nautilus Boat Club\",\"isPartOf\":{\"@id\":\"https:\\\/\\\/nautilus.se\\\/#website\"},\"primaryImageOfPage\":{\"@id\":\"https:\\\/\\\/nautilus.se\\\/hyra-bat\\\/jeanneau-sun-odyssey-51-madonna\\\/#primaryimage\"},\"image\":{\"@id\":\"https:\\\/\\\/nautilus.se\\\/hyra-bat\\\/jeanneau-sun-odyssey-51-madonna\\\/#primaryimage\"},\"thumbnailUrl\":\"https:\\\/\\\/nautilus.se\\\/wp-content\\\/uploads\\\/2021\\\/04\\\/Madonna-fra\u030an-sidan.jpg\",\"datePublished\":\"2021-04-05T17:41:42+00:00\",\"dateModified\":\"2026-03-06T10:25:04+00:00\",\"description\":\"Hyr Jeanneau Sun Odyssey 51 f\u00f6r en bekv\u00e4m och upplevelserik semestervecka! Nautilus Boat Club erbjuder ett m\u00e5ngsidigt och modern b\u00e5tliv.\",\"breadcrumb\":{\"@id\":\"https:\\\/\\\/nautilus.se\\\/hyra-bat\\\/jeanneau-sun-odyssey-51-madonna\\\/#breadcrumb\"},\"inLanguage\":\"en-US\",\"potentialAction\":[{\"@type\":\"ReadAction\",\"target\":[\"https:\\\/\\\/nautilus.se\\\/hyra-bat\\\/jeanneau-sun-odyssey-51-madonna\\\/\"]}]},{\"@type\":\"ImageObject\",\"inLanguage\":\"en-US\",\"@id\":\"https:\\\/\\\/nautilus.se\\\/hyra-bat\\\/jeanneau-sun-odyssey-51-madonna\\\/#primaryimage\",\"url\":\"https:\\\/\\\/nautilus.se\\\/wp-content\\\/uploads\\\/2021\\\/04\\\/Madonna-fra\u030an-sidan.jpg\",\"contentUrl\":\"https:\\\/\\\/nautilus.se\\\/wp-content\\\/uploads\\\/2021\\\/04\\\/Madonna-fra\u030an-sidan.jpg\",\"width\":1936,\"height\":1288,\"caption\":\"Jeanneau Sun Odeyssey 51\"},{\"@type\":\"BreadcrumbList\",\"@id\":\"https:\\\/\\\/nautilus.se\\\/hyra-bat\\\/jeanneau-sun-odyssey-51-madonna\\\/#breadcrumb\",\"itemListElement\":[{\"@type\":\"ListItem\",\"position\":1,\"name\":\"Home\",\"item\":\"https:\\\/\\\/nautilus.se\\\/\"},{\"@type\":\"ListItem\",\"position\":2,\"name\":\"Hyr b\u00e5t enkelt och tryggt\",\"item\":\"https:\\\/\\\/nautilus.se\\\/hyra-bat-old\\\/\"},{\"@type\":\"ListItem\",\"position\":3,\"name\":\"Jeanneau Sun Odyssey 51\"}]},{\"@type\":\"WebSite\",\"@id\":\"https:\\\/\\\/nautilus.se\\\/#website\",\"url\":\"https:\\\/\\\/nautilus.se\\\/\",\"name\":\"Nautilus Boat Club\",\"description\":\"H\u00e4r kan du hyra b\u00e5t, dela b\u00e5t, del\u00e4ga b\u00e5t och vara med i b\u00e5tpool.\",\"publisher\":{\"@id\":\"https:\\\/\\\/nautilus.se\\\/#organization\"},\"potentialAction\":[{\"@type\":\"SearchAction\",\"target\":{\"@type\":\"EntryPoint\",\"urlTemplate\":\"https:\\\/\\\/nautilus.se\\\/?s={search_term_string}\"},\"query-input\":{\"@type\":\"PropertyValueSpecification\",\"valueRequired\":true,\"valueName\":\"search_term_string\"}}],\"inLanguage\":\"en-US\"},{\"@type\":\"Organization\",\"@id\":\"https:\\\/\\\/nautilus.se\\\/#organization\",\"name\":\"Nautilus Boat Club AB\",\"alternateName\":\"Nautilus Boat Club\",\"url\":\"https:\\\/\\\/nautilus.se\\\/\",\"logo\":{\"@type\":\"ImageObject\",\"inLanguage\":\"en-US\",\"@id\":\"https:\\\/\\\/nautilus.se\\\/#\\\/schema\\\/logo\\\/image\\\/\",\"url\":\"https:\\\/\\\/nautilus.se\\\/wp-content\\\/uploads\\\/2022\\\/10\\\/Nautilus-shell-blue-back-w-logo.png\",\"contentUrl\":\"https:\\\/\\\/nautilus.se\\\/wp-content\\\/uploads\\\/2022\\\/10\\\/Nautilus-shell-blue-back-w-logo.png\",\"width\":1755,\"height\":1130,\"caption\":\"Nautilus Boat Club AB\"},\"image\":{\"@id\":\"https:\\\/\\\/nautilus.se\\\/#\\\/schema\\\/logo\\\/image\\\/\"},\"sameAs\":[\"https:\\\/\\\/www.facebook.com\\\/nautilusboatclub\\\/\",\"https:\\\/\\\/www.instagram.com\\\/nautilusboatclub\\\/\",\"https:\\\/\\\/www.linkedin.com\\\/company\\\/4998214\\\/admin\\\/\",\"https:\\\/\\\/www.youtube.com\\\/channel\\\/UCrhrs3yv-t72B5igMm2keKQ\\\/videos?app=desktop\"]}]}<\/script>\n<!-- \/ Yoast SEO Premium plugin. -->","yoast_head_json":{"title":"Hyr Jeanneau Sun Odyssey 51 - Nautilus Boat Club","description":"Hyr Jeanneau Sun Odyssey 51 f\u00f6r en bekv\u00e4m och upplevelserik semestervecka! Nautilus Boat Club erbjuder ett m\u00e5ngsidigt och modern b\u00e5tliv.","robots":{"index":"index","follow":"follow","max-snippet":"max-snippet:-1","max-image-preview":"max-image-preview:large","max-video-preview":"max-video-preview:-1"},"canonical":"https:\/\/nautilus.se\/eng\/hyra-bat\/jeanneau-sun-odyssey-51-madonna\/","og_locale":"en_US","og_type":"article","og_title":"Jeanneau Sun Odyssey 51","og_description":"Hyr Jeanneau Sun Odyssey 51 f\u00f6r en bekv\u00e4m och upplevelserik semestervecka! Nautilus Boat Club erbjuder ett m\u00e5ngsidigt och modern b\u00e5tliv.","og_url":"https:\/\/nautilus.se\/eng\/hyra-bat\/jeanneau-sun-odyssey-51-madonna\/","og_site_name":"Nautilus Boat Club","article_publisher":"https:\/\/www.facebook.com\/nautilusboatclub\/","article_modified_time":"2026-03-06T10:25:04+00:00","og_image":[{"width":1936,"height":1288,"url":"https:\/\/nautilus.se\/wp-content\/uploads\/2021\/04\/Madonna-fra\u030an-sidan.jpg","type":"image\/jpeg"}],"twitter_card":"summary_large_image","twitter_misc":{"Est. reading time":"2 minutes"},"schema":{"@context":"https:\/\/schema.org","@graph":[{"@type":"WebPage","@id":"https:\/\/nautilus.se\/hyra-bat\/jeanneau-sun-odyssey-51-madonna\/","url":"https:\/\/nautilus.se\/hyra-bat\/jeanneau-sun-odyssey-51-madonna\/","name":"Hyr Jeanneau Sun Odyssey 51 - Nautilus Boat Club","isPartOf":{"@id":"https:\/\/nautilus.se\/#website"},"primaryImageOfPage":{"@id":"https:\/\/nautilus.se\/hyra-bat\/jeanneau-sun-odyssey-51-madonna\/#primaryimage"},"image":{"@id":"https:\/\/nautilus.se\/hyra-bat\/jeanneau-sun-odyssey-51-madonna\/#primaryimage"},"thumbnailUrl":"https:\/\/nautilus.se\/wp-content\/uploads\/2021\/04\/Madonna-fra\u030an-sidan.jpg","datePublished":"2021-04-05T17:41:42+00:00","dateModified":"2026-03-06T10:25:04+00:00","description":"Hyr Jeanneau Sun Odyssey 51 f\u00f6r en bekv\u00e4m och upplevelserik semestervecka! Nautilus Boat Club erbjuder ett m\u00e5ngsidigt och modern b\u00e5tliv.","breadcrumb":{"@id":"https:\/\/nautilus.se\/hyra-bat\/jeanneau-sun-odyssey-51-madonna\/#breadcrumb"},"inLanguage":"en-US","potentialAction":[{"@type":"ReadAction","target":["https:\/\/nautilus.se\/hyra-bat\/jeanneau-sun-odyssey-51-madonna\/"]}]},{"@type":"ImageObject","inLanguage":"en-US","@id":"https:\/\/nautilus.se\/hyra-bat\/jeanneau-sun-odyssey-51-madonna\/#primaryimage","url":"https:\/\/nautilus.se\/wp-content\/uploads\/2021\/04\/Madonna-fra\u030an-sidan.jpg","contentUrl":"https:\/\/nautilus.se\/wp-content\/uploads\/2021\/04\/Madonna-fra\u030an-sidan.jpg","width":1936,"height":1288,"caption":"Jeanneau Sun Odeyssey 51"},{"@type":"BreadcrumbList","@id":"https:\/\/nautilus.se\/hyra-bat\/jeanneau-sun-odyssey-51-madonna\/#breadcrumb","itemListElement":[{"@type":"ListItem","position":1,"name":"Home","item":"https:\/\/nautilus.se\/"},{"@type":"ListItem","position":2,"name":"Hyr b\u00e5t enkelt och tryggt","item":"https:\/\/nautilus.se\/hyra-bat-old\/"},{"@type":"ListItem","position":3,"name":"Jeanneau Sun Odyssey 51"}]},{"@type":"WebSite","@id":"https:\/\/nautilus.se\/#website","url":"https:\/\/nautilus.se\/","name":"Nautilus Boat Club","description":"H\u00e4r kan du hyra b\u00e5t, dela b\u00e5t, del\u00e4ga b\u00e5t och vara med i b\u00e5tpool.","publisher":{"@id":"https:\/\/nautilus.se\/#organization"},"potentialAction":[{"@type":"SearchAction","target":{"@type":"EntryPoint","urlTemplate":"https:\/\/nautilus.se\/?s={search_term_string}"},"query-input":{"@type":"PropertyValueSpecification","valueRequired":true,"valueName":"search_term_string"}}],"inLanguage":"en-US"},{"@type":"Organization","@id":"https:\/\/nautilus.se\/#organization","name":"Nautilus Boat Club AB","alternateName":"Nautilus Boat Club","url":"https:\/\/nautilus.se\/","logo":{"@type":"ImageObject","inLanguage":"en-US","@id":"https:\/\/nautilus.se\/#\/schema\/logo\/image\/","url":"https:\/\/nautilus.se\/wp-content\/uploads\/2022\/10\/Nautilus-shell-blue-back-w-logo.png","contentUrl":"https:\/\/nautilus.se\/wp-content\/uploads\/2022\/10\/Nautilus-shell-blue-back-w-logo.png","width":1755,"height":1130,"caption":"Nautilus Boat Club AB"},"image":{"@id":"https:\/\/nautilus.se\/#\/schema\/logo\/image\/"},"sameAs":["https:\/\/www.facebook.com\/nautilusboatclub\/","https:\/\/www.instagram.com\/nautilusboatclub\/","https:\/\/www.linkedin.com\/company\/4998214\/admin\/","https:\/\/www.youtube.com\/channel\/UCrhrs3yv-t72B5igMm2keKQ\/videos?app=desktop"]}]}},"_links":{"self":[{"href":"https:\/\/nautilus.se\/eng\/wp-json\/wp\/v2\/product\/4622","targetHints":{"allow":["GET"]}}],"collection":[{"href":"https:\/\/nautilus.se\/eng\/wp-json\/wp\/v2\/product"}],"about":[{"href":"https:\/\/nautilus.se\/eng\/wp-json\/wp\/v2\/types\/product"}],"version-history":[{"count":2,"href":"https:\/\/nautilus.se\/eng\/wp-json\/wp\/v2\/product\/4622\/revisions"}],"predecessor-version":[{"id":28227,"href":"https:\/\/nautilus.se\/eng\/wp-json\/wp\/v2\/product\/4622\/revisions\/28227"}],"wp:featuredmedia":[{"embeddable":true,"href":"https:\/\/nautilus.se\/eng\/wp-json\/wp\/v2\/media\/4624"}],"wp:attachment":[{"href":"https:\/\/nautilus.se\/eng\/wp-json\/wp\/v2\/media?parent=4622"}],"wp:term":[{"taxonomy":"product_brand","embeddable":true,"href":"https:\/\/nautilus.se\/eng\/wp-json\/wp\/v2\/product_brand?post=4622"},{"taxonomy":"product_cat","embeddable":true,"href":"https:\/\/nautilus.se\/eng\/wp-json\/wp\/v2\/product_cat?post=4622"},{"taxonomy":"product_tag","embeddable":true,"href":"https:\/\/nautilus.se\/eng\/wp-json\/wp\/v2\/product_tag?post=4622"}],"curies":[{"name":"wp","href":"https:\/\/api.w.org\/{rel}","templated":true}]}}