{"id":490,"date":"2020-06-23T05:46:18","date_gmt":"2020-06-23T04:46:18","guid":{"rendered":"http:\/\/nautilus.se\/?post_type=product&#038;p=490"},"modified":"2026-01-29T11:19:10","modified_gmt":"2026-01-29T09:19:10","slug":"seafaring-34","status":"publish","type":"product","link":"https:\/\/nautilus.se\/eng\/hyra-bat\/seafaring-34\/","title":{"rendered":"Seafaring 34"},"content":{"rendered":"<p>Hyr Seafaring 34 och testa framtidens b\u00e5tliv!<br \/>\nUtrymmena och volymen i denna b\u00e5t saknar motstycke bland b\u00e5tar i samma storlek. B\u00e5ten har halvplanande skrov vilket ger bra driftsekonomi. Salongen \u00e4r rymlig och \u00f6ppnar upp helt mot akterd\u00e4cket. Mest unikt f\u00f6r denna 34-fotare \u00e4r dock att den har 3 kabiner! med 6 riktiga kojer. Det ger gott om plats f\u00f6r hela familjen.<\/p>\n<p>Denna b\u00e5t hyrs ej ut s\u00e4songen 2025. Info om 2026 kommer.<\/p>\n<p>&nbsp;<\/p>\n<div class=\"left\">\n<p class=\" translation-block\"><strong>Safe to rent a boat!<\/strong><br>\nWe know that your boat days are valuable! When you rent a boat through Nautilus, fast support is always included.<br>\nIf there is a problem with the boat during your rental, we will come out and fix it on site.<\/p>\n<p>&nbsp;<\/p>\n<\/div>\n<p>Privately owned and chartered by Nautilus<br \/>\nDown payment\/deposit at 30%. Residue 30 days before check-in.<br \/>\nBoater certificate and experience are required.<br \/>\nIncheckning fr\u00e5n kl 15.00<br \/>\nUtcheckning kl 10.00<br \/>\nDjur och r\u00f6kning ej till\u00e5tet<br \/>\nParkering mot mindre dagstaxa<br \/>\nBokningsbar: veckovis under h\u00f6gs\u00e4song. \u00d6vrig s\u00e4song \u00e4ven l\u00e5nghelg, maila f\u00f6r offert.<br \/>\nCancellation: 30 days in advance<br \/>\n\u00c5ldersgr\u00e4ns: 25 \u00e5r<br \/>\nDeposition\/sj\u00e4lvrisk: 20.000kr<br \/>\nHamn: Bulland\u00f6 Marina, V\u00e4rmd\u00f6<\/p>\n<p>&nbsp;<\/p>\n<p><strong>Priser f\u00f6r 1 vecka<\/strong><br \/>\nPeak season 7\/7 &#8211; 11\/8:\u00a0 \u00a0 \u00a0 \u00a0 \u00a0 \u00a0 \u00a0 \u00a0 \u00a0 \u00a0 \u00a0 \u00a0 \u00a0 \u00a0 39 000kr<br \/>\nMid season\u00a0 \u00a016\/6 &#8211; 6\/7 och 12\/8 &#8211; 31\/8: -10%<br \/>\nLow season\u00a0 \u00a0Innan 15\/6 efter 1\/9:\u00a0 \u00a0 \u00a0 \u00a0 \u00a0 \u00a0-20%<\/p>\n<p>&nbsp;<\/p>\n<div class=\"right\">\n<h3>Seafaring 34 is equipped with:<\/h3>\n<ul>\n<li>Syntet-teak p\u00e5 d\u00e4ck, akterd\u00e4ck och badplattform<\/li>\n<li>Bogpropeller med fj\u00e4rrkontroll<\/li>\n<li>H\u00e4ckpropeller med fj\u00e4rrkontroll<\/li>\n<li>Windlass with chain the bow<\/li>\n<li>Ankarspel i aktern med lina och fj\u00e4rrkontroll<\/li>\n<li>Raymarin Axoim 12\u2033-plotter<\/li>\n<li>VHF radio<\/li>\n<li>Solceller 360W<\/li>\n<li>Fusion-stereo med h\u00f6gtalare i salong och akterd\u00e4ck<\/li>\n<li>K\u00f6k med kyl, spis och tryckvatten<\/li>\n<li>30 liters water heater<\/li>\n<li>Electric toilet<\/li>\n<li>Dieselv\u00e4rmare med utbl\u00e5s i alla utrymmen<\/li>\n<li>Land current with charger and 230V socket<\/li>\n<li>Kitchen-ware for 8 people<\/li>\n<li>Duvets and pillows for 6 people<\/li>\n<\/ul>\n<p>&nbsp;<\/p>\n<p>&nbsp;<\/p>\n<\/div>","protected":false},"excerpt":{"rendered":"<p>Bokas veckovis. Bytesdag l\u00f6rdagar.<br \/>\nClick on the desired days of your rental to view the current price.<\/p>","protected":false},"featured_media":2982,"template":"","meta":[],"product_brand":[],"product_cat":[18],"product_tag":[90],"class_list":{"0":"post-490","1":"product","2":"type-product","3":"status-publish","4":"has-post-thumbnail","6":"product_cat-motorbatar","7":"product_tag-bullando","9":"first","10":"instock","11":"virtual","12":"sold-individually","13":"purchasable","14":"product-type-booking"},"booking_location":"","booking_location_type":"","booking_duration":7,"booking_duration_unit":"day","booking_buffer":0,"booking_cost":0,"booking_resources":[1369],"exclude_global_add_ons":false,"addons":[{"name":"Final cleaning","type":"checkbox","position":0,"required":false,"title_format":"heading","default":"","description_enable":false,"description":"","placeholder_enable":false,"placeholder":"","display":"select","restrictions_type":"any_text","adjust_price":false,"price":"","price_type":"flat_fee","restrictions":false,"min":"0","max":"0","options":[{"label":"Pris","price":"1500","price_type":"quantity_based","image":0,"visibility":true}],"id":1773501177},{"name":"Rubber dinghy","type":"checkbox","position":1,"required":false,"title_format":"heading","default":"","description_enable":false,"description":"","placeholder_enable":false,"placeholder":"","display":"select","restrictions_type":"any_text","adjust_price":false,"price":"","price_type":"flat_fee","restrictions":false,"min":"0","max":"0","options":[{"label":"Per tillf\u00e4lle","price":"600","price_type":"quantity_based","image":0,"visibility":true}],"id":1773501178},{"name":"Engine to the dinghy","type":"checkbox","position":2,"required":false,"title_format":"heading","default":"","description_enable":false,"description":"","placeholder_enable":false,"placeholder":"","display":"select","restrictions_type":"any_text","adjust_price":false,"price":"","price_type":"flat_fee","restrictions":false,"min":"0","max":"0","options":[{"label":"Per tillf\u00e4lle","price":"500","price_type":"quantity_based","image":0,"visibility":true}],"id":1773501179},{"name":"SUP board, inflatable","type":"checkbox","position":3,"required":false,"title_format":"heading","default":"","description_enable":false,"description":"","placeholder_enable":false,"placeholder":"","display":"select","restrictions_type":"any_text","adjust_price":false,"price":"","price_type":"flat_fee","restrictions":false,"min":"0","max":"0","options":[{"label":"Per tillf\u00e4lle","price":"450","price_type":"quantity_based","image":0,"visibility":true}],"id":1773501180},{"name":"4G Wi-Fi, unlimited","type":"checkbox","position":4,"required":false,"title_format":"heading","default":"","description_enable":false,"description":"","placeholder_enable":false,"placeholder":"","display":"select","restrictions_type":"any_text","adjust_price":false,"price":"","price_type":"flat_fee","restrictions":false,"min":"0","max":"0","options":[{"label":"Per tillf\u00e4lle","price":"450","price_type":"quantity_based","image":0,"visibility":true}],"id":1773501181},{"name":"Linnens","type":"input_multiplier","position":5,"required":false,"title_format":"heading","default":"","description_enable":false,"description":"Lakanset &amp; badhandduk","placeholder_enable":false,"placeholder":"","display":"select","restrictions_type":"any_text","adjust_price":true,"price":"250","price_type":"quantity_based","restrictions":true,"min":"0","max":"8","options":[],"id":1773501182},{"name":"Nautic ability","type":"custom_text","position":6,"required":true,"title_format":"heading","default":"","description_enable":false,"description":"","placeholder_enable":false,"placeholder":"","display":"select","restrictions_type":"any_text","adjust_price":false,"price":"","price_type":"flat_fee","restrictions":false,"min":"0","max":"0","options":[],"id":1773501183}],"yoast_head":"<!-- This site is optimized with the Yoast SEO Premium plugin v27.4 (Yoast SEO v27.5) - https:\/\/yoast.com\/product\/yoast-seo-premium-wordpress\/ -->\n<title>Hyr rymliga Seafaring 34 - Nautilus Boat Club<\/title>\n<meta name=\"description\" content=\"Hyr Seafaring 34 i Stockholm hos Nautilus Boat Club. Hyr eller dela b\u00e5t f\u00f6r ett enkelt och m\u00e5ngsidigt b\u00e5tliv.\" \/>\n<meta name=\"robots\" content=\"index, follow, max-snippet:-1, max-image-preview:large, max-video-preview:-1\" \/>\n<link rel=\"canonical\" href=\"https:\/\/nautilus.se\/eng\/hyra-bat\/seafaring-34\/\" \/>\n<meta property=\"og:locale\" content=\"en_US\" \/>\n<meta property=\"og:type\" content=\"article\" \/>\n<meta property=\"og:title\" content=\"Seafaring 34\" \/>\n<meta property=\"og:description\" content=\"Hyr Seafaring 34 i Stockholm hos Nautilus Boat Club. Hyr eller dela b\u00e5t f\u00f6r ett enkelt och m\u00e5ngsidigt b\u00e5tliv.\" \/>\n<meta property=\"og:url\" content=\"https:\/\/nautilus.se\/eng\/hyra-bat\/seafaring-34\/\" \/>\n<meta property=\"og:site_name\" content=\"Nautilus Boat Club\" \/>\n<meta property=\"article:publisher\" content=\"https:\/\/www.facebook.com\/nautilusboatclub\/\" \/>\n<meta property=\"article:modified_time\" content=\"2026-01-29T09:19:10+00:00\" \/>\n<meta property=\"og:image\" content=\"https:\/\/nautilus.se\/wp-content\/uploads\/2020\/06\/BED17A20-10E4-44CF-8529-EC2D7A2B89DD-e1614952595886.jpg\" \/>\n\t<meta property=\"og:image:width\" content=\"2311\" \/>\n\t<meta property=\"og:image:height\" content=\"1392\" \/>\n\t<meta property=\"og:image:type\" content=\"image\/jpeg\" \/>\n<meta name=\"twitter:card\" content=\"summary_large_image\" \/>\n<meta name=\"twitter:label1\" content=\"Est. reading time\" \/>\n\t<meta name=\"twitter:data1\" content=\"2 minutes\" \/>\n<script type=\"application\/ld+json\" class=\"yoast-schema-graph\">{\"@context\":\"https:\\\/\\\/schema.org\",\"@graph\":[{\"@type\":\"WebPage\",\"@id\":\"https:\\\/\\\/nautilus.se\\\/hyra-bat\\\/seafaring-34\\\/\",\"url\":\"https:\\\/\\\/nautilus.se\\\/hyra-bat\\\/seafaring-34\\\/\",\"name\":\"Hyr rymliga Seafaring 34 - Nautilus Boat Club\",\"isPartOf\":{\"@id\":\"https:\\\/\\\/nautilus.se\\\/#website\"},\"primaryImageOfPage\":{\"@id\":\"https:\\\/\\\/nautilus.se\\\/hyra-bat\\\/seafaring-34\\\/#primaryimage\"},\"image\":{\"@id\":\"https:\\\/\\\/nautilus.se\\\/hyra-bat\\\/seafaring-34\\\/#primaryimage\"},\"thumbnailUrl\":\"https:\\\/\\\/nautilus.se\\\/wp-content\\\/uploads\\\/2020\\\/06\\\/BED17A20-10E4-44CF-8529-EC2D7A2B89DD-e1614952595886.jpg\",\"datePublished\":\"2020-06-23T04:46:18+00:00\",\"dateModified\":\"2026-01-29T09:19:10+00:00\",\"description\":\"Hyr Seafaring 34 i Stockholm hos Nautilus Boat Club. Hyr eller dela b\u00e5t f\u00f6r ett enkelt och m\u00e5ngsidigt b\u00e5tliv.\",\"breadcrumb\":{\"@id\":\"https:\\\/\\\/nautilus.se\\\/hyra-bat\\\/seafaring-34\\\/#breadcrumb\"},\"inLanguage\":\"en-US\",\"potentialAction\":[{\"@type\":\"ReadAction\",\"target\":[\"https:\\\/\\\/nautilus.se\\\/hyra-bat\\\/seafaring-34\\\/\"]}]},{\"@type\":\"ImageObject\",\"inLanguage\":\"en-US\",\"@id\":\"https:\\\/\\\/nautilus.se\\\/hyra-bat\\\/seafaring-34\\\/#primaryimage\",\"url\":\"https:\\\/\\\/nautilus.se\\\/wp-content\\\/uploads\\\/2020\\\/06\\\/BED17A20-10E4-44CF-8529-EC2D7A2B89DD-e1614952595886.jpg\",\"contentUrl\":\"https:\\\/\\\/nautilus.se\\\/wp-content\\\/uploads\\\/2020\\\/06\\\/BED17A20-10E4-44CF-8529-EC2D7A2B89DD-e1614952595886.jpg\",\"width\":2311,\"height\":1392,\"caption\":\"Seafaring 34S\"},{\"@type\":\"BreadcrumbList\",\"@id\":\"https:\\\/\\\/nautilus.se\\\/hyra-bat\\\/seafaring-34\\\/#breadcrumb\",\"itemListElement\":[{\"@type\":\"ListItem\",\"position\":1,\"name\":\"Home\",\"item\":\"https:\\\/\\\/nautilus.se\\\/\"},{\"@type\":\"ListItem\",\"position\":2,\"name\":\"Hyr b\u00e5t enkelt och tryggt\",\"item\":\"https:\\\/\\\/nautilus.se\\\/hyra-bat-old\\\/\"},{\"@type\":\"ListItem\",\"position\":3,\"name\":\"Seafaring 34\"}]},{\"@type\":\"WebSite\",\"@id\":\"https:\\\/\\\/nautilus.se\\\/#website\",\"url\":\"https:\\\/\\\/nautilus.se\\\/\",\"name\":\"Nautilus Boat Club\",\"description\":\"H\u00e4r kan du hyra b\u00e5t, dela b\u00e5t, del\u00e4ga b\u00e5t och vara med i b\u00e5tpool.\",\"publisher\":{\"@id\":\"https:\\\/\\\/nautilus.se\\\/#organization\"},\"potentialAction\":[{\"@type\":\"SearchAction\",\"target\":{\"@type\":\"EntryPoint\",\"urlTemplate\":\"https:\\\/\\\/nautilus.se\\\/?s={search_term_string}\"},\"query-input\":{\"@type\":\"PropertyValueSpecification\",\"valueRequired\":true,\"valueName\":\"search_term_string\"}}],\"inLanguage\":\"en-US\"},{\"@type\":\"Organization\",\"@id\":\"https:\\\/\\\/nautilus.se\\\/#organization\",\"name\":\"Nautilus Boat Club AB\",\"alternateName\":\"Nautilus Boat Club\",\"url\":\"https:\\\/\\\/nautilus.se\\\/\",\"logo\":{\"@type\":\"ImageObject\",\"inLanguage\":\"en-US\",\"@id\":\"https:\\\/\\\/nautilus.se\\\/#\\\/schema\\\/logo\\\/image\\\/\",\"url\":\"https:\\\/\\\/nautilus.se\\\/wp-content\\\/uploads\\\/2022\\\/10\\\/Nautilus-shell-blue-back-w-logo.png\",\"contentUrl\":\"https:\\\/\\\/nautilus.se\\\/wp-content\\\/uploads\\\/2022\\\/10\\\/Nautilus-shell-blue-back-w-logo.png\",\"width\":1755,\"height\":1130,\"caption\":\"Nautilus Boat Club AB\"},\"image\":{\"@id\":\"https:\\\/\\\/nautilus.se\\\/#\\\/schema\\\/logo\\\/image\\\/\"},\"sameAs\":[\"https:\\\/\\\/www.facebook.com\\\/nautilusboatclub\\\/\",\"https:\\\/\\\/www.instagram.com\\\/nautilusboatclub\\\/\",\"https:\\\/\\\/www.linkedin.com\\\/company\\\/4998214\\\/admin\\\/\",\"https:\\\/\\\/www.youtube.com\\\/channel\\\/UCrhrs3yv-t72B5igMm2keKQ\\\/videos?app=desktop\"]}]}<\/script>\n<!-- \/ Yoast SEO Premium plugin. -->","yoast_head_json":{"title":"Hyr rymliga Seafaring 34 - Nautilus Boat Club","description":"Rent Seafaring 34 in Stockholm at Nautilus Boat Club. Rent or share a boat for a simple and versatile boating life.","robots":{"index":"index","follow":"follow","max-snippet":"max-snippet:-1","max-image-preview":"max-image-preview:large","max-video-preview":"max-video-preview:-1"},"canonical":"https:\/\/nautilus.se\/eng\/hyra-bat\/seafaring-34\/","og_locale":"en_US","og_type":"article","og_title":"Seafaring 34","og_description":"Hyr Seafaring 34 i Stockholm hos Nautilus Boat Club. Hyr eller dela b\u00e5t f\u00f6r ett enkelt och m\u00e5ngsidigt b\u00e5tliv.","og_url":"https:\/\/nautilus.se\/eng\/hyra-bat\/seafaring-34\/","og_site_name":"Nautilus Boat Club","article_publisher":"https:\/\/www.facebook.com\/nautilusboatclub\/","article_modified_time":"2026-01-29T09:19:10+00:00","og_image":[{"width":2311,"height":1392,"url":"https:\/\/nautilus.se\/wp-content\/uploads\/2020\/06\/BED17A20-10E4-44CF-8529-EC2D7A2B89DD-e1614952595886.jpg","type":"image\/jpeg"}],"twitter_card":"summary_large_image","twitter_misc":{"Est. reading time":"2 minutes"},"schema":{"@context":"https:\/\/schema.org","@graph":[{"@type":"WebPage","@id":"https:\/\/nautilus.se\/hyra-bat\/seafaring-34\/","url":"https:\/\/nautilus.se\/hyra-bat\/seafaring-34\/","name":"Hyr rymliga Seafaring 34 - Nautilus Boat Club","isPartOf":{"@id":"https:\/\/nautilus.se\/#website"},"primaryImageOfPage":{"@id":"https:\/\/nautilus.se\/hyra-bat\/seafaring-34\/#primaryimage"},"image":{"@id":"https:\/\/nautilus.se\/hyra-bat\/seafaring-34\/#primaryimage"},"thumbnailUrl":"https:\/\/nautilus.se\/wp-content\/uploads\/2020\/06\/BED17A20-10E4-44CF-8529-EC2D7A2B89DD-e1614952595886.jpg","datePublished":"2020-06-23T04:46:18+00:00","dateModified":"2026-01-29T09:19:10+00:00","description":"Rent Seafaring 34 in Stockholm at Nautilus Boat Club. Rent or share a boat for a simple and versatile boating life.","breadcrumb":{"@id":"https:\/\/nautilus.se\/hyra-bat\/seafaring-34\/#breadcrumb"},"inLanguage":"en-US","potentialAction":[{"@type":"ReadAction","target":["https:\/\/nautilus.se\/hyra-bat\/seafaring-34\/"]}]},{"@type":"ImageObject","inLanguage":"en-US","@id":"https:\/\/nautilus.se\/hyra-bat\/seafaring-34\/#primaryimage","url":"https:\/\/nautilus.se\/wp-content\/uploads\/2020\/06\/BED17A20-10E4-44CF-8529-EC2D7A2B89DD-e1614952595886.jpg","contentUrl":"https:\/\/nautilus.se\/wp-content\/uploads\/2020\/06\/BED17A20-10E4-44CF-8529-EC2D7A2B89DD-e1614952595886.jpg","width":2311,"height":1392,"caption":"Seafaring 34S"},{"@type":"BreadcrumbList","@id":"https:\/\/nautilus.se\/hyra-bat\/seafaring-34\/#breadcrumb","itemListElement":[{"@type":"ListItem","position":1,"name":"Home","item":"https:\/\/nautilus.se\/"},{"@type":"ListItem","position":2,"name":"Hyr b\u00e5t enkelt och tryggt","item":"https:\/\/nautilus.se\/hyra-bat-old\/"},{"@type":"ListItem","position":3,"name":"Seafaring 34"}]},{"@type":"WebSite","@id":"https:\/\/nautilus.se\/#website","url":"https:\/\/nautilus.se\/","name":"Nautilus Boat Club","description":"H\u00e4r kan du hyra b\u00e5t, dela b\u00e5t, del\u00e4ga b\u00e5t och vara med i b\u00e5tpool.","publisher":{"@id":"https:\/\/nautilus.se\/#organization"},"potentialAction":[{"@type":"SearchAction","target":{"@type":"EntryPoint","urlTemplate":"https:\/\/nautilus.se\/?s={search_term_string}"},"query-input":{"@type":"PropertyValueSpecification","valueRequired":true,"valueName":"search_term_string"}}],"inLanguage":"en-US"},{"@type":"Organization","@id":"https:\/\/nautilus.se\/#organization","name":"Nautilus Boat Club AB","alternateName":"Nautilus Boat Club","url":"https:\/\/nautilus.se\/","logo":{"@type":"ImageObject","inLanguage":"en-US","@id":"https:\/\/nautilus.se\/#\/schema\/logo\/image\/","url":"https:\/\/nautilus.se\/wp-content\/uploads\/2022\/10\/Nautilus-shell-blue-back-w-logo.png","contentUrl":"https:\/\/nautilus.se\/wp-content\/uploads\/2022\/10\/Nautilus-shell-blue-back-w-logo.png","width":1755,"height":1130,"caption":"Nautilus Boat Club AB"},"image":{"@id":"https:\/\/nautilus.se\/#\/schema\/logo\/image\/"},"sameAs":["https:\/\/www.facebook.com\/nautilusboatclub\/","https:\/\/www.instagram.com\/nautilusboatclub\/","https:\/\/www.linkedin.com\/company\/4998214\/admin\/","https:\/\/www.youtube.com\/channel\/UCrhrs3yv-t72B5igMm2keKQ\/videos?app=desktop"]}]}},"_links":{"self":[{"href":"https:\/\/nautilus.se\/eng\/wp-json\/wp\/v2\/product\/490","targetHints":{"allow":["GET"]}}],"collection":[{"href":"https:\/\/nautilus.se\/eng\/wp-json\/wp\/v2\/product"}],"about":[{"href":"https:\/\/nautilus.se\/eng\/wp-json\/wp\/v2\/types\/product"}],"version-history":[{"count":7,"href":"https:\/\/nautilus.se\/eng\/wp-json\/wp\/v2\/product\/490\/revisions"}],"predecessor-version":[{"id":31853,"href":"https:\/\/nautilus.se\/eng\/wp-json\/wp\/v2\/product\/490\/revisions\/31853"}],"wp:featuredmedia":[{"embeddable":true,"href":"https:\/\/nautilus.se\/eng\/wp-json\/wp\/v2\/media\/2982"}],"wp:attachment":[{"href":"https:\/\/nautilus.se\/eng\/wp-json\/wp\/v2\/media?parent=490"}],"wp:term":[{"taxonomy":"product_brand","embeddable":true,"href":"https:\/\/nautilus.se\/eng\/wp-json\/wp\/v2\/product_brand?post=490"},{"taxonomy":"product_cat","embeddable":true,"href":"https:\/\/nautilus.se\/eng\/wp-json\/wp\/v2\/product_cat?post=490"},{"taxonomy":"product_tag","embeddable":true,"href":"https:\/\/nautilus.se\/eng\/wp-json\/wp\/v2\/product_tag?post=490"}],"curies":[{"name":"wp","href":"https:\/\/api.w.org\/{rel}","templated":true}]}}