{"id":513,"date":"2020-06-23T08:56:45","date_gmt":"2020-06-23T07:56:45","guid":{"rendered":"http:\/\/nautilus.se\/?post_type=product&#038;p=513"},"modified":"2026-03-06T12:23:17","modified_gmt":"2026-03-06T10:23:17","slug":"hyr-princess-v52","status":"publish","type":"product","link":"https:\/\/nautilus.se\/eng\/hyra-bat\/hyr-princess-v52\/","title":{"rendered":"Princess V52"},"content":{"rendered":"<div class=\"container\">\n<div class=\"left\">\n<p>Don't miss the chance to rent this English quality boat from Princess Yachts!<\/p>\n<p>With its 16 meters in length and 4.2 meters in width, the Princess V52 is a spacious boat to say the least with large social areas and plenty of space - even for large groups.<\/p>\n<p class=\" translation-block\">Downstairs in the airy and tasteful salon, you can comfortably seat eight people in the sofa group. The kitchen is complete with kitchen equipment for 10 people and equipped with an electric stove with two hotplates, a microwave, two large sinks and double refrigerators with freezer compartments. Under the floors there are two enormous storage compartments for provisions and drinks.<br>\nThe yacht provides six beds divided into three cabins. Two cabins with large double beds and the third with two single beds. The two bathrooms both have a toilet and shower.<\/p>\n<p>Up in the cockpit there is room for up to 20 people to stay. The sofa group has room for 10 seated. The sunbed in the stern can accommodate at least four adults lying down. The wet bar in the cockpit has a sink, a refrigerator and a gas stove with two burners that you can also grill on. This provides the opportunity for a pleasant and social trip where all passengers can sit comfortably and relax under the sun. On the foredeck, the sun can also be enjoyed on the generous sunbed with drink holders.<\/p>\n<h3><\/h3>\n<h3>Safe rentals<\/h3>\n<p class=\" translation-block\">We know that your boat days are valuable! When you rent a boat from us, fast support is always included.<br>\nIf there is any problem with the boat during your rental, we will come out and fix it on site.<\/p>\n<p>&nbsp;<\/p>\n<\/div>\n<\/div>\n<div>\n<p class=\" translation-block\">Coastal skipper's or sufficient certificate and extensive experience of corresponding boat sizes are required.<br>\nAlternatively, the boat can be rented with a skipper.<\/p>\n<p class=\" translation-block\">Price includes insurance, final cleaning, 6 sets of sheets and towels and dinghy\/SUP if desired.<br>\n30% deposit upon booking. Remainder 30 days before check-in.<br>\nCheck-in from 10:00<br>\nCheck-out at 15:00<br>\nPets and smoking not allowed<br>\nFree parking available<br>\nBookable from 4 days<br>\nCancellation: 30 days before<br>\nAge limit: 30 years<br>\nDeposit\/exemption: 20,000 SEK<br>\nPort: Gustavsberg, V\u00e4rmd\u00f6<\/p>\n<\/div>\n<div><\/div>\n<div class=\"container\">\n<div class=\"right\">\n<h3>Equipment:<\/h3>\n<ul>\n<li>Double Volvo Penta TAMD122P, \u00e1 600hk<\/li>\n<li>Bow thruster<\/li>\n<li>Electric windlass in the bow<\/li>\n<li>Generator<\/li>\n<li>Garmin 12-tumsplotter<\/li>\n<li>Tender garage<\/li>\n<li>Stereo with speaker in cockpit<\/li>\n<li>WiFi onboard<\/li>\n<li>Pentry with 2 refridgerator, induction cook-top, double sink, microwave owen with grill function<\/li>\n<li>Ice mashine<\/li>\n<li>Coffee maker<\/li>\n<li>Fridge in cockpit<\/li>\n<li>Gas cook-top in cockpit<\/li>\n<li>Shore power<\/li>\n<li>Kitchen utensiles for 10<\/li>\n<li>Duvets and pillows for 6 people<\/li>\n<\/ul>\n<\/div>\n<\/div>","protected":false},"excerpt":{"rendered":"<p>Fantastic day cruiser with large social areas for events or vacations. Click on desired days for current price.<\/p>","protected":false},"featured_media":28287,"template":"","meta":[],"product_brand":[303],"product_cat":[18],"product_tag":[85],"class_list":{"0":"post-513","1":"product","2":"type-product","3":"status-publish","4":"has-post-thumbnail","6":"product_brand-princess","7":"product_cat-motorbatar","8":"product_tag-gustavsberg","10":"first","11":"instock","12":"virtual","13":"sold-individually","14":"taxable","15":"purchasable","16":"product-type-booking"},"booking_location":"","booking_location_type":"","booking_duration":1,"booking_duration_unit":"day","booking_buffer":0,"booking_cost":20000,"booking_resources":[1363],"exclude_global_add_ons":[],"addons":[],"yoast_head":"<!-- This site is optimized with the Yoast SEO Premium plugin v27.3 (Yoast SEO v27.4) - https:\/\/yoast.com\/product\/yoast-seo-premium-wordpress\/ -->\n<title>Hyr motorb\u00e5t eller charter med Princess V52 - Nautilus Boat Club<\/title>\n<meta name=\"description\" content=\"Hyr Princess V52 f\u00f6r en bekv\u00e4m och uppleveserik semestervecka! Nautilus Boat Club erbjuder ett m\u00e5ngsidigt och modern b\u00e5tliv.\" \/>\n<meta name=\"robots\" content=\"index, follow, max-snippet:-1, max-image-preview:large, max-video-preview:-1\" \/>\n<link rel=\"canonical\" href=\"https:\/\/nautilus.se\/eng\/hyra-bat\/hyr-princess-v52\/\" \/>\n<meta property=\"og:locale\" content=\"en_US\" \/>\n<meta property=\"og:type\" content=\"article\" \/>\n<meta property=\"og:title\" content=\"Princess V52\" \/>\n<meta property=\"og:description\" content=\"Hyr Princess V52 f\u00f6r en bekv\u00e4m och uppleveserik semestervecka! Nautilus Boat Club erbjuder ett m\u00e5ngsidigt och modern b\u00e5tliv.\" \/>\n<meta property=\"og:url\" content=\"https:\/\/nautilus.se\/eng\/hyra-bat\/hyr-princess-v52\/\" \/>\n<meta property=\"og:site_name\" content=\"Nautilus Boat Club\" \/>\n<meta property=\"article:publisher\" content=\"https:\/\/www.facebook.com\/nautilusboatclub\/\" \/>\n<meta property=\"article:modified_time\" content=\"2026-03-06T10:23:17+00:00\" \/>\n<meta property=\"og:image\" content=\"https:\/\/nautilus.se\/wp-content\/uploads\/2022\/05\/Princess-V52-Strandvagen3-1.jpg\" \/>\n\t<meta property=\"og:image:width\" content=\"2048\" \/>\n\t<meta property=\"og:image:height\" content=\"1604\" \/>\n\t<meta property=\"og:image:type\" content=\"image\/jpeg\" \/>\n<meta name=\"twitter:card\" content=\"summary_large_image\" \/>\n<meta name=\"twitter:label1\" content=\"Est. reading time\" \/>\n\t<meta name=\"twitter:data1\" content=\"3 minutes\" \/>\n<script type=\"application\/ld+json\" class=\"yoast-schema-graph\">{\"@context\":\"https:\\\/\\\/schema.org\",\"@graph\":[{\"@type\":\"WebPage\",\"@id\":\"https:\\\/\\\/nautilus.se\\\/hyra-bat\\\/hyr-princess-v52\\\/\",\"url\":\"https:\\\/\\\/nautilus.se\\\/hyra-bat\\\/hyr-princess-v52\\\/\",\"name\":\"Hyr motorb\u00e5t eller charter med Princess V52 - Nautilus Boat Club\",\"isPartOf\":{\"@id\":\"https:\\\/\\\/nautilus.se\\\/#website\"},\"primaryImageOfPage\":{\"@id\":\"https:\\\/\\\/nautilus.se\\\/hyra-bat\\\/hyr-princess-v52\\\/#primaryimage\"},\"image\":{\"@id\":\"https:\\\/\\\/nautilus.se\\\/hyra-bat\\\/hyr-princess-v52\\\/#primaryimage\"},\"thumbnailUrl\":\"https:\\\/\\\/nautilus.se\\\/wp-content\\\/uploads\\\/2022\\\/05\\\/Princess-V52-Strandvagen3-1.jpg\",\"datePublished\":\"2020-06-23T07:56:45+00:00\",\"dateModified\":\"2026-03-06T10:23:17+00:00\",\"description\":\"Hyr Princess V52 f\u00f6r en bekv\u00e4m och uppleveserik semestervecka! Nautilus Boat Club erbjuder ett m\u00e5ngsidigt och modern b\u00e5tliv.\",\"breadcrumb\":{\"@id\":\"https:\\\/\\\/nautilus.se\\\/hyra-bat\\\/hyr-princess-v52\\\/#breadcrumb\"},\"inLanguage\":\"en-US\",\"potentialAction\":[{\"@type\":\"ReadAction\",\"target\":[\"https:\\\/\\\/nautilus.se\\\/hyra-bat\\\/hyr-princess-v52\\\/\"]}]},{\"@type\":\"ImageObject\",\"inLanguage\":\"en-US\",\"@id\":\"https:\\\/\\\/nautilus.se\\\/hyra-bat\\\/hyr-princess-v52\\\/#primaryimage\",\"url\":\"https:\\\/\\\/nautilus.se\\\/wp-content\\\/uploads\\\/2022\\\/05\\\/Princess-V52-Strandvagen3-1.jpg\",\"contentUrl\":\"https:\\\/\\\/nautilus.se\\\/wp-content\\\/uploads\\\/2022\\\/05\\\/Princess-V52-Strandvagen3-1.jpg\",\"width\":2048,\"height\":1604},{\"@type\":\"BreadcrumbList\",\"@id\":\"https:\\\/\\\/nautilus.se\\\/hyra-bat\\\/hyr-princess-v52\\\/#breadcrumb\",\"itemListElement\":[{\"@type\":\"ListItem\",\"position\":1,\"name\":\"Home\",\"item\":\"https:\\\/\\\/nautilus.se\\\/\"},{\"@type\":\"ListItem\",\"position\":2,\"name\":\"Hyr b\u00e5t enkelt och tryggt\",\"item\":\"https:\\\/\\\/nautilus.se\\\/hyra-bat-old\\\/\"},{\"@type\":\"ListItem\",\"position\":3,\"name\":\"Princess V52\"}]},{\"@type\":\"WebSite\",\"@id\":\"https:\\\/\\\/nautilus.se\\\/#website\",\"url\":\"https:\\\/\\\/nautilus.se\\\/\",\"name\":\"Nautilus Boat Club\",\"description\":\"H\u00e4r kan du hyra b\u00e5t, dela b\u00e5t, del\u00e4ga b\u00e5t och vara med i b\u00e5tpool.\",\"publisher\":{\"@id\":\"https:\\\/\\\/nautilus.se\\\/#organization\"},\"potentialAction\":[{\"@type\":\"SearchAction\",\"target\":{\"@type\":\"EntryPoint\",\"urlTemplate\":\"https:\\\/\\\/nautilus.se\\\/?s={search_term_string}\"},\"query-input\":{\"@type\":\"PropertyValueSpecification\",\"valueRequired\":true,\"valueName\":\"search_term_string\"}}],\"inLanguage\":\"en-US\"},{\"@type\":\"Organization\",\"@id\":\"https:\\\/\\\/nautilus.se\\\/#organization\",\"name\":\"Nautilus Boat Club AB\",\"alternateName\":\"Nautilus Boat Club\",\"url\":\"https:\\\/\\\/nautilus.se\\\/\",\"logo\":{\"@type\":\"ImageObject\",\"inLanguage\":\"en-US\",\"@id\":\"https:\\\/\\\/nautilus.se\\\/#\\\/schema\\\/logo\\\/image\\\/\",\"url\":\"https:\\\/\\\/nautilus.se\\\/wp-content\\\/uploads\\\/2022\\\/10\\\/Nautilus-shell-blue-back-w-logo.png\",\"contentUrl\":\"https:\\\/\\\/nautilus.se\\\/wp-content\\\/uploads\\\/2022\\\/10\\\/Nautilus-shell-blue-back-w-logo.png\",\"width\":1755,\"height\":1130,\"caption\":\"Nautilus Boat Club AB\"},\"image\":{\"@id\":\"https:\\\/\\\/nautilus.se\\\/#\\\/schema\\\/logo\\\/image\\\/\"},\"sameAs\":[\"https:\\\/\\\/www.facebook.com\\\/nautilusboatclub\\\/\",\"https:\\\/\\\/www.instagram.com\\\/nautilusboatclub\\\/\",\"https:\\\/\\\/www.linkedin.com\\\/company\\\/4998214\\\/admin\\\/\",\"https:\\\/\\\/www.youtube.com\\\/channel\\\/UCrhrs3yv-t72B5igMm2keKQ\\\/videos?app=desktop\"]}]}<\/script>\n<!-- \/ Yoast SEO Premium plugin. -->","yoast_head_json":{"title":"Hyr motorb\u00e5t eller charter med Princess V52 - Nautilus Boat Club","description":"Hyr Princess V52 f\u00f6r en bekv\u00e4m och uppleveserik semestervecka! Nautilus Boat Club erbjuder ett m\u00e5ngsidigt och modern b\u00e5tliv.","robots":{"index":"index","follow":"follow","max-snippet":"max-snippet:-1","max-image-preview":"max-image-preview:large","max-video-preview":"max-video-preview:-1"},"canonical":"https:\/\/nautilus.se\/eng\/hyra-bat\/hyr-princess-v52\/","og_locale":"en_US","og_type":"article","og_title":"Princess V52","og_description":"Hyr Princess V52 f\u00f6r en bekv\u00e4m och uppleveserik semestervecka! Nautilus Boat Club erbjuder ett m\u00e5ngsidigt och modern b\u00e5tliv.","og_url":"https:\/\/nautilus.se\/eng\/hyra-bat\/hyr-princess-v52\/","og_site_name":"Nautilus Boat Club","article_publisher":"https:\/\/www.facebook.com\/nautilusboatclub\/","article_modified_time":"2026-03-06T10:23:17+00:00","og_image":[{"width":2048,"height":1604,"url":"https:\/\/nautilus.se\/wp-content\/uploads\/2022\/05\/Princess-V52-Strandvagen3-1.jpg","type":"image\/jpeg"}],"twitter_card":"summary_large_image","twitter_misc":{"Est. reading time":"3 minutes"},"schema":{"@context":"https:\/\/schema.org","@graph":[{"@type":"WebPage","@id":"https:\/\/nautilus.se\/hyra-bat\/hyr-princess-v52\/","url":"https:\/\/nautilus.se\/hyra-bat\/hyr-princess-v52\/","name":"Hyr motorb\u00e5t eller charter med Princess V52 - Nautilus Boat Club","isPartOf":{"@id":"https:\/\/nautilus.se\/#website"},"primaryImageOfPage":{"@id":"https:\/\/nautilus.se\/hyra-bat\/hyr-princess-v52\/#primaryimage"},"image":{"@id":"https:\/\/nautilus.se\/hyra-bat\/hyr-princess-v52\/#primaryimage"},"thumbnailUrl":"https:\/\/nautilus.se\/wp-content\/uploads\/2022\/05\/Princess-V52-Strandvagen3-1.jpg","datePublished":"2020-06-23T07:56:45+00:00","dateModified":"2026-03-06T10:23:17+00:00","description":"Hyr Princess V52 f\u00f6r en bekv\u00e4m och uppleveserik semestervecka! Nautilus Boat Club erbjuder ett m\u00e5ngsidigt och modern b\u00e5tliv.","breadcrumb":{"@id":"https:\/\/nautilus.se\/hyra-bat\/hyr-princess-v52\/#breadcrumb"},"inLanguage":"en-US","potentialAction":[{"@type":"ReadAction","target":["https:\/\/nautilus.se\/hyra-bat\/hyr-princess-v52\/"]}]},{"@type":"ImageObject","inLanguage":"en-US","@id":"https:\/\/nautilus.se\/hyra-bat\/hyr-princess-v52\/#primaryimage","url":"https:\/\/nautilus.se\/wp-content\/uploads\/2022\/05\/Princess-V52-Strandvagen3-1.jpg","contentUrl":"https:\/\/nautilus.se\/wp-content\/uploads\/2022\/05\/Princess-V52-Strandvagen3-1.jpg","width":2048,"height":1604},{"@type":"BreadcrumbList","@id":"https:\/\/nautilus.se\/hyra-bat\/hyr-princess-v52\/#breadcrumb","itemListElement":[{"@type":"ListItem","position":1,"name":"Home","item":"https:\/\/nautilus.se\/"},{"@type":"ListItem","position":2,"name":"Hyr b\u00e5t enkelt och tryggt","item":"https:\/\/nautilus.se\/hyra-bat-old\/"},{"@type":"ListItem","position":3,"name":"Princess V52"}]},{"@type":"WebSite","@id":"https:\/\/nautilus.se\/#website","url":"https:\/\/nautilus.se\/","name":"Nautilus Boat Club","description":"H\u00e4r kan du hyra b\u00e5t, dela b\u00e5t, del\u00e4ga b\u00e5t och vara med i b\u00e5tpool.","publisher":{"@id":"https:\/\/nautilus.se\/#organization"},"potentialAction":[{"@type":"SearchAction","target":{"@type":"EntryPoint","urlTemplate":"https:\/\/nautilus.se\/?s={search_term_string}"},"query-input":{"@type":"PropertyValueSpecification","valueRequired":true,"valueName":"search_term_string"}}],"inLanguage":"en-US"},{"@type":"Organization","@id":"https:\/\/nautilus.se\/#organization","name":"Nautilus Boat Club AB","alternateName":"Nautilus Boat Club","url":"https:\/\/nautilus.se\/","logo":{"@type":"ImageObject","inLanguage":"en-US","@id":"https:\/\/nautilus.se\/#\/schema\/logo\/image\/","url":"https:\/\/nautilus.se\/wp-content\/uploads\/2022\/10\/Nautilus-shell-blue-back-w-logo.png","contentUrl":"https:\/\/nautilus.se\/wp-content\/uploads\/2022\/10\/Nautilus-shell-blue-back-w-logo.png","width":1755,"height":1130,"caption":"Nautilus Boat Club AB"},"image":{"@id":"https:\/\/nautilus.se\/#\/schema\/logo\/image\/"},"sameAs":["https:\/\/www.facebook.com\/nautilusboatclub\/","https:\/\/www.instagram.com\/nautilusboatclub\/","https:\/\/www.linkedin.com\/company\/4998214\/admin\/","https:\/\/www.youtube.com\/channel\/UCrhrs3yv-t72B5igMm2keKQ\/videos?app=desktop"]}]}},"_links":{"self":[{"href":"https:\/\/nautilus.se\/eng\/wp-json\/wp\/v2\/product\/513","targetHints":{"allow":["GET"]}}],"collection":[{"href":"https:\/\/nautilus.se\/eng\/wp-json\/wp\/v2\/product"}],"about":[{"href":"https:\/\/nautilus.se\/eng\/wp-json\/wp\/v2\/types\/product"}],"version-history":[{"count":14,"href":"https:\/\/nautilus.se\/eng\/wp-json\/wp\/v2\/product\/513\/revisions"}],"predecessor-version":[{"id":1967,"href":"https:\/\/nautilus.se\/eng\/wp-json\/wp\/v2\/product\/513\/revisions\/1967"}],"wp:featuredmedia":[{"embeddable":true,"href":"https:\/\/nautilus.se\/eng\/wp-json\/wp\/v2\/media\/28287"}],"wp:attachment":[{"href":"https:\/\/nautilus.se\/eng\/wp-json\/wp\/v2\/media?parent=513"}],"wp:term":[{"taxonomy":"product_brand","embeddable":true,"href":"https:\/\/nautilus.se\/eng\/wp-json\/wp\/v2\/product_brand?post=513"},{"taxonomy":"product_cat","embeddable":true,"href":"https:\/\/nautilus.se\/eng\/wp-json\/wp\/v2\/product_cat?post=513"},{"taxonomy":"product_tag","embeddable":true,"href":"https:\/\/nautilus.se\/eng\/wp-json\/wp\/v2\/product_tag?post=513"}],"curies":[{"name":"wp","href":"https:\/\/api.w.org\/{rel}","templated":true}]}}