{"id":671,"date":"2020-07-01T14:54:51","date_gmt":"2020-07-01T13:54:51","guid":{"rendered":"http:\/\/nautilus.se\/?post_type=product&#038;p=671"},"modified":"2026-04-10T09:51:23","modified_gmt":"2026-04-10T07:51:23","slug":"hyr-hanse-315","status":"publish","type":"product","link":"https:\/\/nautilus.se\/eng\/hyra-bat\/hyr-hanse-315\/","title":{"rendered":"Hanse 315"},"content":{"rendered":"<div class=\"container\">\n<div class=\"left\">\n<p><a href=\"https:\/\/nautilus.se\/hyra-bat\/hanse-315\/\">Denna b\u00e5t kan bokas f\u00f6r kortvecka eller weekend p\u00e5 f\u00f6r- och efters\u00e4song h\u00e4r.<\/a><\/p>\n<p>Hanse 315 offers fantastically spacious spaces and everything you could possibly need for a first-class holiday afloat. There are two generous cabins with double berths and a toilet with hot water and shower. The sofa group in the lounge can accommodate 6 people and here is also a stereo with Bluetooth connection. The boat's cockpit is larger than most boats\u2019 of the same size and it offers plenty of room for several people. The Hanse 315 is easy to handle and has a self-tacking furling jib, it appeals to most sailors and is thus the perfect family cruiser. With the Hanse 315 there is the possibility to sail shorter excursions or longer tours.<\/p>\n<p>This boat is available for rent at Bulland\u00f6 marina. The marina is perfectly located, in the middle of the archipelago, close to all the beautiful islands regardless of direction.<\/p>\n<p>&nbsp;<\/p>\n<div class=\"left\">\n<h3>Safe rentals<\/h3>\n<p class=\" translation-block\">We know that your boat days are valuable! When you rent a boat from us, fast support is always included.<br>\nIf there is any problem with the boat during your rental, we will come out and fix it on site.<\/p>\n<p>&nbsp;<\/p>\n<p>Down payment\/deposit at 30%. Residue 30 days before check-in.<br \/>\nBoater certificate and experience are required.<br \/>\nBokningsbar: veckovis mellan v25-32. \u00d6vrig s\u00e4song \u00e4ven weekends<br \/>\nBytesdag: l\u00f6rdagar<br \/>\nIncheckning fr\u00e5n kl 15.00<br \/>\nUtcheckning kl 11.00<br \/>\nCancellation: 30 days in advance<br \/>\nDjur och r\u00f6kning ej till\u00e5tet<br \/>\nParkering mot mindre taxa<br \/>\n\u00c5ldersgr\u00e4ns: 25 \u00e5r<br \/>\nDeposition\/sj\u00e4lvrisk: 12.000kr<br \/>\nHamn: Bulland\u00f6 Marina, V\u00e4rmd\u00f6<\/p>\n<\/div>\n<\/div>\n<\/div>\n<p>&nbsp;<\/p>\n<div class=\"container\">\n<div class=\"right\">\n<h3>Equipment:<\/h3>\n<ul>\n<li>Sj\u00e4lvsl\u00e5ende rull-fock i Cruising-laminat ny 2026.<\/li>\n<li>Fullattestor med 2 single line-rev<\/li>\n<li>Point with ladder<\/li>\n<li>Spray hood<\/li>\n<li>B&amp;G 7\" plotter<\/li>\n<li>B&amp;G autopilot<\/li>\n<li>B&amp;G wind instrument<\/li>\n<li>B&amp;G log and sonar<\/li>\n<li>Shore power with charging<\/li>\n<li>75W solcell<\/li>\n<li>2st AGM-batterier \u00e1 140Ah<\/li>\n<li>12V and 220V sockets<\/li>\n<li>Webasto heater<\/li>\n<li>22 inch smart TV<\/li>\n<li>Fusion stereo with Bluetooth connection<\/li>\n<li>Gas cooker with oven<\/li>\n<li>Cooler box<\/li>\n<li>Toilet with septic tank<\/li>\n<li>Shower with hot water in the bathroom<\/li>\n<li>Shower with hot water in the cockpit<\/li>\n<li>B\u00e5tsportkort \u00f6ver SToclkholms sk\u00e4rg\u00e5rd<\/li>\n<li>Life jackets<\/li>\n<li>Fenders, boat hook, lines, anchor and rock wedges<\/li>\n<li>Complete kitchen-ware<\/li>\n<li>Blankets and pillows for 4 people<\/li>\n<\/ul>\n<\/div>\n<\/div>","protected":false},"excerpt":{"rendered":"<p class=\" translation-block\">Bookable weekly. Changeover day Saturdays.<br>\nSelect start and end dates for current price.<\/p>","protected":false},"featured_media":13237,"template":"","meta":[],"product_brand":[302],"product_cat":[19,293],"product_tag":[90],"class_list":{"0":"post-671","1":"product","2":"type-product","3":"status-publish","4":"has-post-thumbnail","6":"product_brand-hanse","7":"product_cat-segelbatar","8":"product_cat-veckohyra","9":"product_tag-bullando","11":"first","12":"instock","13":"virtual","14":"sold-individually","15":"taxable","16":"purchasable","17":"product-type-accommodation-booking"},"booking_location":"","booking_location_type":"","booking_duration":1,"booking_duration_unit":"night","booking_buffer":0,"booking_cost":0,"booking_resources":[1068],"exclude_global_add_ons":false,"addons":[{"name":"Final cleaning","type":"checkbox","position":0,"required":false,"title_format":"heading","default":"","description_enable":false,"description":"","placeholder_enable":false,"placeholder":"","display":"select","restrictions_type":"any_text","adjust_price":false,"price":"","price_type":"flat_fee","restrictions":false,"min":"0","max":"0","options":[{"label":"Pris","price":"1500","price_type":"quantity_based","image":0,"visibility":true}],"id":1773501177},{"name":"Rubber dinghy","type":"checkbox","position":1,"required":false,"title_format":"heading","default":"","description_enable":false,"description":"","placeholder_enable":false,"placeholder":"","display":"select","restrictions_type":"any_text","adjust_price":false,"price":"","price_type":"flat_fee","restrictions":false,"min":"0","max":"0","options":[{"label":"Per tillf\u00e4lle","price":"600","price_type":"quantity_based","image":0,"visibility":true}],"id":1773501178},{"name":"Engine to the dinghy","type":"checkbox","position":2,"required":false,"title_format":"heading","default":"","description_enable":false,"description":"","placeholder_enable":false,"placeholder":"","display":"select","restrictions_type":"any_text","adjust_price":false,"price":"","price_type":"flat_fee","restrictions":false,"min":"0","max":"0","options":[{"label":"Per tillf\u00e4lle","price":"500","price_type":"quantity_based","image":0,"visibility":true}],"id":1773501179},{"name":"SUP board, inflatable","type":"checkbox","position":3,"required":false,"title_format":"heading","default":"","description_enable":false,"description":"","placeholder_enable":false,"placeholder":"","display":"select","restrictions_type":"any_text","adjust_price":false,"price":"","price_type":"flat_fee","restrictions":false,"min":"0","max":"0","options":[{"label":"Per tillf\u00e4lle","price":"450","price_type":"quantity_based","image":0,"visibility":true}],"id":1773501180},{"name":"4G Wi-Fi, unlimited","type":"checkbox","position":4,"required":false,"title_format":"heading","default":"","description_enable":false,"description":"","placeholder_enable":false,"placeholder":"","display":"select","restrictions_type":"any_text","adjust_price":false,"price":"","price_type":"flat_fee","restrictions":false,"min":"0","max":"0","options":[{"label":"Per tillf\u00e4lle","price":"450","price_type":"quantity_based","image":0,"visibility":true}],"id":1773501181},{"name":"Linnens","type":"input_multiplier","position":5,"required":false,"title_format":"heading","default":"","description_enable":false,"description":"Lakanset &amp; badhandduk","placeholder_enable":false,"placeholder":"","display":"select","restrictions_type":"any_text","adjust_price":true,"price":"250","price_type":"quantity_based","restrictions":true,"min":"0","max":"8","options":[],"id":1773501182},{"name":"Nautic ability","type":"custom_text","position":6,"required":true,"title_format":"heading","default":"","description_enable":false,"description":"","placeholder_enable":false,"placeholder":"","display":"select","restrictions_type":"any_text","adjust_price":false,"price":"","price_type":"flat_fee","restrictions":false,"min":"0","max":"0","options":[],"id":1773501183}],"yoast_head":"<!-- This site is optimized with the Yoast SEO Premium plugin v27.3 (Yoast SEO v27.4) - https:\/\/yoast.com\/product\/yoast-seo-premium-wordpress\/ -->\n<title>Hyr segelb\u00e5t f\u00f6r semestern Hanse 315 - Nautilus Boat Club<\/title>\n<meta name=\"description\" content=\"Hyr Hanse 315 f\u00f6r en bekv\u00e4m och uppleveserik semestervecka! Nautilus Boat Club erbjuder ett m\u00e5ngsidigt och modern b\u00e5tliv.\" \/>\n<meta name=\"robots\" content=\"index, follow, max-snippet:-1, max-image-preview:large, max-video-preview:-1\" \/>\n<link rel=\"canonical\" href=\"https:\/\/nautilus.se\/eng\/hyra-bat\/hyr-hanse-315\/\" \/>\n<meta property=\"og:locale\" content=\"en_US\" \/>\n<meta property=\"og:type\" content=\"article\" \/>\n<meta property=\"og:title\" content=\"Hanse 315\" \/>\n<meta property=\"og:description\" content=\"Hyr Hanse 315 f\u00f6r en bekv\u00e4m och uppleveserik semestervecka! Nautilus Boat Club erbjuder ett m\u00e5ngsidigt och modern b\u00e5tliv.\" \/>\n<meta property=\"og:url\" content=\"https:\/\/nautilus.se\/eng\/hyra-bat\/hyr-hanse-315\/\" \/>\n<meta property=\"og:site_name\" content=\"Nautilus Boat Club\" \/>\n<meta property=\"article:publisher\" content=\"https:\/\/www.facebook.com\/nautilusboatclub\/\" \/>\n<meta property=\"article:modified_time\" content=\"2026-04-10T07:51:23+00:00\" \/>\n<meta property=\"og:image\" content=\"https:\/\/nautilus.se\/wp-content\/uploads\/2022\/02\/Hanse-315-seglar-scaled.jpg\" \/>\n\t<meta property=\"og:image:width\" content=\"2560\" \/>\n\t<meta property=\"og:image:height\" content=\"1707\" \/>\n\t<meta property=\"og:image:type\" content=\"image\/jpeg\" \/>\n<meta name=\"twitter:card\" content=\"summary_large_image\" \/>\n<meta name=\"twitter:label1\" content=\"Est. reading time\" \/>\n\t<meta name=\"twitter:data1\" content=\"2 minutes\" \/>\n<script type=\"application\/ld+json\" class=\"yoast-schema-graph\">{\"@context\":\"https:\\\/\\\/schema.org\",\"@graph\":[{\"@type\":\"WebPage\",\"@id\":\"https:\\\/\\\/nautilus.se\\\/hyra-bat\\\/hyr-hanse-315\\\/\",\"url\":\"https:\\\/\\\/nautilus.se\\\/hyra-bat\\\/hyr-hanse-315\\\/\",\"name\":\"Hyr segelb\u00e5t f\u00f6r semestern Hanse 315 - Nautilus Boat Club\",\"isPartOf\":{\"@id\":\"https:\\\/\\\/nautilus.se\\\/#website\"},\"primaryImageOfPage\":{\"@id\":\"https:\\\/\\\/nautilus.se\\\/hyra-bat\\\/hyr-hanse-315\\\/#primaryimage\"},\"image\":{\"@id\":\"https:\\\/\\\/nautilus.se\\\/hyra-bat\\\/hyr-hanse-315\\\/#primaryimage\"},\"thumbnailUrl\":\"https:\\\/\\\/nautilus.se\\\/wp-content\\\/uploads\\\/2022\\\/02\\\/Hanse-315-seglar-scaled.jpg\",\"datePublished\":\"2020-07-01T13:54:51+00:00\",\"dateModified\":\"2026-04-10T07:51:23+00:00\",\"description\":\"Hyr Hanse 315 f\u00f6r en bekv\u00e4m och uppleveserik semestervecka! Nautilus Boat Club erbjuder ett m\u00e5ngsidigt och modern b\u00e5tliv.\",\"breadcrumb\":{\"@id\":\"https:\\\/\\\/nautilus.se\\\/hyra-bat\\\/hyr-hanse-315\\\/#breadcrumb\"},\"inLanguage\":\"en-US\",\"potentialAction\":[{\"@type\":\"ReadAction\",\"target\":[\"https:\\\/\\\/nautilus.se\\\/hyra-bat\\\/hyr-hanse-315\\\/\"]}]},{\"@type\":\"ImageObject\",\"inLanguage\":\"en-US\",\"@id\":\"https:\\\/\\\/nautilus.se\\\/hyra-bat\\\/hyr-hanse-315\\\/#primaryimage\",\"url\":\"https:\\\/\\\/nautilus.se\\\/wp-content\\\/uploads\\\/2022\\\/02\\\/Hanse-315-seglar-scaled.jpg\",\"contentUrl\":\"https:\\\/\\\/nautilus.se\\\/wp-content\\\/uploads\\\/2022\\\/02\\\/Hanse-315-seglar-scaled.jpg\",\"width\":2560,\"height\":1707,\"caption\":\"Hanse 315 seglar\"},{\"@type\":\"BreadcrumbList\",\"@id\":\"https:\\\/\\\/nautilus.se\\\/hyra-bat\\\/hyr-hanse-315\\\/#breadcrumb\",\"itemListElement\":[{\"@type\":\"ListItem\",\"position\":1,\"name\":\"Home\",\"item\":\"https:\\\/\\\/nautilus.se\\\/\"},{\"@type\":\"ListItem\",\"position\":2,\"name\":\"Hyr b\u00e5t enkelt och tryggt\",\"item\":\"https:\\\/\\\/nautilus.se\\\/hyra-bat-old\\\/\"},{\"@type\":\"ListItem\",\"position\":3,\"name\":\"Hanse 315\"}]},{\"@type\":\"WebSite\",\"@id\":\"https:\\\/\\\/nautilus.se\\\/#website\",\"url\":\"https:\\\/\\\/nautilus.se\\\/\",\"name\":\"Nautilus Boat Club\",\"description\":\"H\u00e4r kan du hyra b\u00e5t, dela b\u00e5t, del\u00e4ga b\u00e5t och vara med i b\u00e5tpool.\",\"publisher\":{\"@id\":\"https:\\\/\\\/nautilus.se\\\/#organization\"},\"potentialAction\":[{\"@type\":\"SearchAction\",\"target\":{\"@type\":\"EntryPoint\",\"urlTemplate\":\"https:\\\/\\\/nautilus.se\\\/?s={search_term_string}\"},\"query-input\":{\"@type\":\"PropertyValueSpecification\",\"valueRequired\":true,\"valueName\":\"search_term_string\"}}],\"inLanguage\":\"en-US\"},{\"@type\":\"Organization\",\"@id\":\"https:\\\/\\\/nautilus.se\\\/#organization\",\"name\":\"Nautilus Boat Club AB\",\"alternateName\":\"Nautilus Boat Club\",\"url\":\"https:\\\/\\\/nautilus.se\\\/\",\"logo\":{\"@type\":\"ImageObject\",\"inLanguage\":\"en-US\",\"@id\":\"https:\\\/\\\/nautilus.se\\\/#\\\/schema\\\/logo\\\/image\\\/\",\"url\":\"https:\\\/\\\/nautilus.se\\\/wp-content\\\/uploads\\\/2022\\\/10\\\/Nautilus-shell-blue-back-w-logo.png\",\"contentUrl\":\"https:\\\/\\\/nautilus.se\\\/wp-content\\\/uploads\\\/2022\\\/10\\\/Nautilus-shell-blue-back-w-logo.png\",\"width\":1755,\"height\":1130,\"caption\":\"Nautilus Boat Club AB\"},\"image\":{\"@id\":\"https:\\\/\\\/nautilus.se\\\/#\\\/schema\\\/logo\\\/image\\\/\"},\"sameAs\":[\"https:\\\/\\\/www.facebook.com\\\/nautilusboatclub\\\/\",\"https:\\\/\\\/www.instagram.com\\\/nautilusboatclub\\\/\",\"https:\\\/\\\/www.linkedin.com\\\/company\\\/4998214\\\/admin\\\/\",\"https:\\\/\\\/www.youtube.com\\\/channel\\\/UCrhrs3yv-t72B5igMm2keKQ\\\/videos?app=desktop\"]}]}<\/script>\n<!-- \/ Yoast SEO Premium plugin. -->","yoast_head_json":{"title":"Rent a Hanse 315 sailboat in Stockholm Sweden | Nautilus Boat Club","description":"Rent Hanse 315 for a comfortable and exciting holiday week! Nautilus Boat Club offers a versatile and modern boating experience.","robots":{"index":"index","follow":"follow","max-snippet":"max-snippet:-1","max-image-preview":"max-image-preview:large","max-video-preview":"max-video-preview:-1"},"canonical":"https:\/\/nautilus.se\/eng\/hyra-bat\/hyr-hanse-315\/","og_locale":"en_US","og_type":"article","og_title":"Hanse 315","og_description":"Hyr Hanse 315 f\u00f6r en bekv\u00e4m och uppleveserik semestervecka! Nautilus Boat Club erbjuder ett m\u00e5ngsidigt och modern b\u00e5tliv.","og_url":"https:\/\/nautilus.se\/eng\/hyra-bat\/hyr-hanse-315\/","og_site_name":"Nautilus Boat Club","article_publisher":"https:\/\/www.facebook.com\/nautilusboatclub\/","article_modified_time":"2026-04-10T07:51:23+00:00","og_image":[{"width":2560,"height":1707,"url":"https:\/\/nautilus.se\/wp-content\/uploads\/2022\/02\/Hanse-315-seglar-scaled.jpg","type":"image\/jpeg"}],"twitter_card":"summary_large_image","twitter_misc":{"Est. reading time":"2 minutes"},"schema":{"@context":"https:\/\/schema.org","@graph":[{"@type":"WebPage","@id":"https:\/\/nautilus.se\/hyra-bat\/hyr-hanse-315\/","url":"https:\/\/nautilus.se\/hyra-bat\/hyr-hanse-315\/","name":"Rent a Hanse 315 sailboat in Stockholm Sweden | Nautilus Boat Club","isPartOf":{"@id":"https:\/\/nautilus.se\/#website"},"primaryImageOfPage":{"@id":"https:\/\/nautilus.se\/hyra-bat\/hyr-hanse-315\/#primaryimage"},"image":{"@id":"https:\/\/nautilus.se\/hyra-bat\/hyr-hanse-315\/#primaryimage"},"thumbnailUrl":"https:\/\/nautilus.se\/wp-content\/uploads\/2022\/02\/Hanse-315-seglar-scaled.jpg","datePublished":"2020-07-01T13:54:51+00:00","dateModified":"2026-04-10T07:51:23+00:00","description":"Rent Hanse 315 for a comfortable and exciting holiday week! Nautilus Boat Club offers a versatile and modern boating experience.","breadcrumb":{"@id":"https:\/\/nautilus.se\/hyra-bat\/hyr-hanse-315\/#breadcrumb"},"inLanguage":"en-US","potentialAction":[{"@type":"ReadAction","target":["https:\/\/nautilus.se\/hyra-bat\/hyr-hanse-315\/"]}]},{"@type":"ImageObject","inLanguage":"en-US","@id":"https:\/\/nautilus.se\/hyra-bat\/hyr-hanse-315\/#primaryimage","url":"https:\/\/nautilus.se\/wp-content\/uploads\/2022\/02\/Hanse-315-seglar-scaled.jpg","contentUrl":"https:\/\/nautilus.se\/wp-content\/uploads\/2022\/02\/Hanse-315-seglar-scaled.jpg","width":2560,"height":1707,"caption":"Hanse 315 seglar"},{"@type":"BreadcrumbList","@id":"https:\/\/nautilus.se\/hyra-bat\/hyr-hanse-315\/#breadcrumb","itemListElement":[{"@type":"ListItem","position":1,"name":"Home","item":"https:\/\/nautilus.se\/"},{"@type":"ListItem","position":2,"name":"Hyr b\u00e5t enkelt och tryggt","item":"https:\/\/nautilus.se\/hyra-bat-old\/"},{"@type":"ListItem","position":3,"name":"Hanse 315"}]},{"@type":"WebSite","@id":"https:\/\/nautilus.se\/#website","url":"https:\/\/nautilus.se\/","name":"Nautilus Boat Club","description":"H\u00e4r kan du hyra b\u00e5t, dela b\u00e5t, del\u00e4ga b\u00e5t och vara med i b\u00e5tpool.","publisher":{"@id":"https:\/\/nautilus.se\/#organization"},"potentialAction":[{"@type":"SearchAction","target":{"@type":"EntryPoint","urlTemplate":"https:\/\/nautilus.se\/?s={search_term_string}"},"query-input":{"@type":"PropertyValueSpecification","valueRequired":true,"valueName":"search_term_string"}}],"inLanguage":"en-US"},{"@type":"Organization","@id":"https:\/\/nautilus.se\/#organization","name":"Nautilus Boat Club AB","alternateName":"Nautilus Boat Club","url":"https:\/\/nautilus.se\/","logo":{"@type":"ImageObject","inLanguage":"en-US","@id":"https:\/\/nautilus.se\/#\/schema\/logo\/image\/","url":"https:\/\/nautilus.se\/wp-content\/uploads\/2022\/10\/Nautilus-shell-blue-back-w-logo.png","contentUrl":"https:\/\/nautilus.se\/wp-content\/uploads\/2022\/10\/Nautilus-shell-blue-back-w-logo.png","width":1755,"height":1130,"caption":"Nautilus Boat Club AB"},"image":{"@id":"https:\/\/nautilus.se\/#\/schema\/logo\/image\/"},"sameAs":["https:\/\/www.facebook.com\/nautilusboatclub\/","https:\/\/www.instagram.com\/nautilusboatclub\/","https:\/\/www.linkedin.com\/company\/4998214\/admin\/","https:\/\/www.youtube.com\/channel\/UCrhrs3yv-t72B5igMm2keKQ\/videos?app=desktop"]}]}},"_links":{"self":[{"href":"https:\/\/nautilus.se\/eng\/wp-json\/wp\/v2\/product\/671","targetHints":{"allow":["GET"]}}],"collection":[{"href":"https:\/\/nautilus.se\/eng\/wp-json\/wp\/v2\/product"}],"about":[{"href":"https:\/\/nautilus.se\/eng\/wp-json\/wp\/v2\/types\/product"}],"version-history":[{"count":13,"href":"https:\/\/nautilus.se\/eng\/wp-json\/wp\/v2\/product\/671\/revisions"}],"predecessor-version":[{"id":32534,"href":"https:\/\/nautilus.se\/eng\/wp-json\/wp\/v2\/product\/671\/revisions\/32534"}],"wp:featuredmedia":[{"embeddable":true,"href":"https:\/\/nautilus.se\/eng\/wp-json\/wp\/v2\/media\/13237"}],"wp:attachment":[{"href":"https:\/\/nautilus.se\/eng\/wp-json\/wp\/v2\/media?parent=671"}],"wp:term":[{"taxonomy":"product_brand","embeddable":true,"href":"https:\/\/nautilus.se\/eng\/wp-json\/wp\/v2\/product_brand?post=671"},{"taxonomy":"product_cat","embeddable":true,"href":"https:\/\/nautilus.se\/eng\/wp-json\/wp\/v2\/product_cat?post=671"},{"taxonomy":"product_tag","embeddable":true,"href":"https:\/\/nautilus.se\/eng\/wp-json\/wp\/v2\/product_tag?post=671"}],"curies":[{"name":"wp","href":"https:\/\/api.w.org\/{rel}","templated":true}]}}